{"id":267839,"date":"2026-04-16T02:23:16","date_gmt":"2026-04-16T08:23:16","guid":{"rendered":"https:\/\/compuviper.mx\/tienda\/producto\/msi-oem-gerforce-rtx-5060-ti-8g-ventus-2x-plus-tarjeta-de-video-msi-nvidia-geforce-rtx-5060-oc-pcie4-x-8-8gb-gddr6-estandar-1hdmi-1xdp-dl-dvi-d-x-1gama-media-gamer\/"},"modified":"2026-04-16T02:23:16","modified_gmt":"2026-04-16T08:23:16","slug":"msi-oem-gerforce-rtx-5060-ti-8g-ventus-2x-plus-tarjeta-de-video-msi-nvidia-geforce-rtx-5060-oc-pcie4-x-8-8gb-gddr6-estandar-1hdmi-1xdp-dl-dvi-d-x-1gama-media-gamer","status":"publish","type":"product","link":"https:\/\/compuviper.mx\/tienda\/producto\/msi-oem-gerforce-rtx-5060-ti-8g-ventus-2x-plus-tarjeta-de-video-msi-nvidia-geforce-rtx-5060-oc-pcie4-x-8-8gb-gddr6-estandar-1hdmi-1xdp-dl-dvi-d-x-1gama-media-gamer\/","title":{"rendered":"Msi Oem Gerforce Rtx 5060 Ti 8g Ventus   2x Plus Tarjeta De Video Msi Nvidia Geforce Rtx 5060 Oc Pcie4 X 8\/8gb\/gddr6\/estandar\/1hdmi\/1xdp\/dl-dvi-d X 1gama Media \/gamer"},"content":{"rendered":"<table class=\"descripcion\">\n<tr>\n<td>Leva lo esencial<\/td>\n<\/tr>\n<tr>\n<td>Ventus se centra en lo esencial para afrontar cualquier reto. su eficiente soluci\u00f3n t\u00e9rmica est\u00e1 integrada en una carcasa resistente de est\u00e9tica neutra que permite a esta elegante tarjeta gr\u00e1fica integrarse a la perfecci\u00f3n en cualquier dise\u00f1o.<\/td>\n<\/tr>\n<tr>\n<td>Dise\u00f1o t\u00e9rmico de doble ventilador<\/td>\n<\/tr>\n<tr>\n<td>Dos ventiladores en un gran disipador t\u00e9rmico garantizan un gran rendimiento de refrigeraci\u00f3n con una experiencia m\u00e1s silenciosa.<\/td>\n<\/tr>\n<tr>\n<td>Endureciendo cada detalle<\/td>\n<\/tr>\n<tr>\n<td>*todas las im\u00e1genes y descripciones son meramente ilustrativas. la representaci\u00f3n visual de los productos puede no ser perfectamente exacta.<\/td>\n<\/tr>\n<tr>\n<td>Almohadillas<\/td>\n<\/tr>\n<tr>\n<td>T\u00e9rmicas efectivas<\/td>\n<\/tr>\n<tr>\n<td>Almohadillas t\u00e9rmicas de alta calidad a base de arcilla ofrecen una disipaci\u00f3n adicional de calor para los componentes cr\u00edticos de la placa.<\/td>\n<\/tr>\n<tr>\n<td>Fusible<\/td>\n<\/tr>\n<tr>\n<td>Defensas mejoradas<\/td>\n<\/tr>\n<tr>\n<td>Los fusibles adicionales incorporados en la placa de circuito impreso a medida proporcionan protecciones adicionales contra da\u00f1os el\u00e9ctricos.<\/td>\n<\/tr>\n<tr>\n<td>Construye en peque\u00f1o. juega a lo grande.<\/td>\n<\/tr>\n<tr>\n<td>Con esta tarjeta geforce con sff-ready puedes obtener un alto rendimiento en un espacio reducido. busca gabinetes compatibles con las tarjetas geforce para conseguir un ajuste seguro y agilizar la construcci\u00f3n de tu pc.<\/td>\n<\/tr>\n<\/table>\n","protected":false},"excerpt":{"rendered":"<p>Marketing name.     Memory.     Motor de gr\u00e1ficos.     Norma bus.     Interfaz de memoria.     Velocidad clock n\u00facleo (mhz.     Velocidad clock memoria (mhz.     M\u00e1ximo de pantallas.     Tecnolog\u00eda g-sync?.     Salida.     Soporte hdcp.     Consumo (w.     Alimentaci\u00f3n recomendada (w.     Resoluci\u00f3n m\u00e1xima digital.     Conectores de alimentaci\u00f3n.     Soporte directx versi\u00f3n.     Soporte opengl versi\u00f3n.     Dimensiones (mm. Geforce rtx\u0099 5060 ti 8g ventus 2x oc plus. 8gb gddr7. Nvidia\u00ae geforce rtx\u0099 5060 ti. Pci express\u00ae gen 5 x16 (uses x8. 128-bit. Extreme performance: 2617 mhz (msi center. Boost: 2602 mhz. 28 gbps. 4. Y. Displayport x 3 (v2.1b. Hdmi\u0099 x 1 (as specified in hdmi\u0099 2.1b: up to 4k 480hz or 8k 120hz with dsc, gaming vrr, hdr. Y. 180 w. Tbd. 7680 x 4320. 8-pin x1. 12 ultimate. 4.6. 227 x 127 x 41 mm<\/p>\n","protected":false},"featured_media":267840,"comment_status":"open","ping_status":"open","template":"","meta":[],"product_cat":[1841,1842],"product_tag":[2322],"acf":[],"yoast_head":"<!-- This site is optimized with the Yoast SEO plugin v21.7 - https:\/\/yoast.com\/wordpress\/plugins\/seo\/ -->\n<title>[ Msi Oem ] &#129351; Gerforce Rtx 5060 Ti 8g Ventus 2x Plus Tarjeta De Video Msi Nvidia Geforce Rtx 5060 Oc Pcie4 X 8\/8gb\/gddr6\/estandar\/1hdmi\/1xdp\/dl-dvi-d X 1gama Media \/gamer<\/title>\n<meta name=\"description\" content=\"Compra Gerforce Rtx 5060 Ti 8g Ventus 2x Plus Tarjeta De Video Msi Nvidia Geforce Rtx 5060 Oc Pcie4 X 8\/8gb\/gddr6\/estandar\/1hdmi\/1xdp\/dl-dvi-d X 1gama Media \/gamer + Env\u00edo a domicilio + Pago seguro + Garant\u00eda\" \/>\n<meta name=\"robots\" content=\"index, follow, max-snippet:-1, max-image-preview:large, max-video-preview:-1\" \/>\n<link rel=\"canonical\" href=\"https:\/\/compuviper.mx\/tienda\/producto\/msi-oem-gerforce-rtx-5060-ti-8g-ventus-2x-plus-tarjeta-de-video-msi-nvidia-geforce-rtx-5060-oc-pcie4-x-8-8gb-gddr6-estandar-1hdmi-1xdp-dl-dvi-d-x-1gama-media-gamer\/\" \/>\n<meta property=\"og:locale\" content=\"es_MX\" \/>\n<meta property=\"og:type\" content=\"article\" \/>\n<meta property=\"og:title\" content=\"[ Msi Oem ] &#129351; Gerforce Rtx 5060 Ti 8g Ventus 2x Plus Tarjeta De Video Msi Nvidia Geforce Rtx 5060 Oc Pcie4 X 8\/8gb\/gddr6\/estandar\/1hdmi\/1xdp\/dl-dvi-d X 1gama Media \/gamer\" \/>\n<meta property=\"og:description\" content=\"Compra Gerforce Rtx 5060 Ti 8g Ventus 2x Plus Tarjeta De Video Msi Nvidia Geforce Rtx 5060 Oc Pcie4 X 8\/8gb\/gddr6\/estandar\/1hdmi\/1xdp\/dl-dvi-d X 1gama Media \/gamer + Env\u00edo a domicilio + Pago seguro + Garant\u00eda\" \/>\n<meta property=\"og:url\" content=\"https:\/\/compuviper.mx\/tienda\/producto\/msi-oem-gerforce-rtx-5060-ti-8g-ventus-2x-plus-tarjeta-de-video-msi-nvidia-geforce-rtx-5060-oc-pcie4-x-8-8gb-gddr6-estandar-1hdmi-1xdp-dl-dvi-d-x-1gama-media-gamer\/\" \/>\n<meta property=\"og:site_name\" content=\"Compuviper\" \/>\n<meta property=\"article:publisher\" content=\"https:\/\/www.facebook.com\/compuviper\" \/>\n<meta property=\"og:image\" content=\"https:\/\/compuviper.mx\/tienda\/wp-content\/uploads\/2026\/03\/Tarjeta-de-video-msi-nvidia-geforce-rtx-5060-oc-pcie4-x-88gbgddr6estandar1hdmi1xdpdl-dvi-d-x-1gama-media-gamer.jpg\" \/>\n\t<meta property=\"og:image:width\" content=\"200\" \/>\n\t<meta property=\"og:image:height\" content=\"200\" \/>\n\t<meta property=\"og:image:type\" content=\"image\/jpeg\" \/>\n<meta name=\"twitter:card\" content=\"summary_large_image\" \/>\n<meta name=\"twitter:label1\" content=\"Precio\" \/>\n\t<meta name=\"twitter:data1\" content=\"&#36;7,156 con IVA\" \/>\n\t<meta name=\"twitter:label2\" content=\"Availability\" \/>\n\t<meta name=\"twitter:data2\" content=\"In stock\" \/>\n<script type=\"application\/ld+json\" class=\"yoast-schema-graph\">{\"@context\":\"https:\/\/schema.org\",\"@graph\":[{\"@type\":\"WebPage\",\"@id\":\"https:\/\/compuviper.mx\/tienda\/producto\/msi-oem-gerforce-rtx-5060-ti-8g-ventus-2x-plus-tarjeta-de-video-msi-nvidia-geforce-rtx-5060-oc-pcie4-x-8-8gb-gddr6-estandar-1hdmi-1xdp-dl-dvi-d-x-1gama-media-gamer\/\",\"url\":\"https:\/\/compuviper.mx\/tienda\/producto\/msi-oem-gerforce-rtx-5060-ti-8g-ventus-2x-plus-tarjeta-de-video-msi-nvidia-geforce-rtx-5060-oc-pcie4-x-8-8gb-gddr6-estandar-1hdmi-1xdp-dl-dvi-d-x-1gama-media-gamer\/\",\"name\":\"[ Msi Oem ] &#129351; Gerforce Rtx 5060 Ti 8g Ventus 2x Plus Tarjeta De Video Msi Nvidia Geforce Rtx 5060 Oc Pcie4 X 8\/8gb\/gddr6\/estandar\/1hdmi\/1xdp\/dl-dvi-d X 1gama Media \/gamer\",\"isPartOf\":{\"@id\":\"https:\/\/compuviper.mx\/tienda\/#website\"},\"datePublished\":\"2026-04-16T08:23:16+00:00\",\"dateModified\":\"2026-04-16T08:23:16+00:00\",\"description\":\"Compra Gerforce Rtx 5060 Ti 8g Ventus 2x Plus Tarjeta De Video Msi Nvidia Geforce Rtx 5060 Oc Pcie4 X 8\/8gb\/gddr6\/estandar\/1hdmi\/1xdp\/dl-dvi-d X 1gama Media \/gamer + Env\u00edo a domicilio + Pago seguro + Garant\u00eda\",\"breadcrumb\":{\"@id\":\"https:\/\/compuviper.mx\/tienda\/producto\/msi-oem-gerforce-rtx-5060-ti-8g-ventus-2x-plus-tarjeta-de-video-msi-nvidia-geforce-rtx-5060-oc-pcie4-x-8-8gb-gddr6-estandar-1hdmi-1xdp-dl-dvi-d-x-1gama-media-gamer\/#breadcrumb\"},\"inLanguage\":\"es-MX\",\"potentialAction\":[{\"@type\":\"ReadAction\",\"target\":[\"https:\/\/compuviper.mx\/tienda\/producto\/msi-oem-gerforce-rtx-5060-ti-8g-ventus-2x-plus-tarjeta-de-video-msi-nvidia-geforce-rtx-5060-oc-pcie4-x-8-8gb-gddr6-estandar-1hdmi-1xdp-dl-dvi-d-x-1gama-media-gamer\/\"]}]},{\"@type\":\"BreadcrumbList\",\"@id\":\"https:\/\/compuviper.mx\/tienda\/producto\/msi-oem-gerforce-rtx-5060-ti-8g-ventus-2x-plus-tarjeta-de-video-msi-nvidia-geforce-rtx-5060-oc-pcie4-x-8-8gb-gddr6-estandar-1hdmi-1xdp-dl-dvi-d-x-1gama-media-gamer\/#breadcrumb\",\"itemListElement\":[{\"@type\":\"ListItem\",\"position\":1,\"name\":\"Inicio\",\"item\":\"https:\/\/compuviper.mx\/tienda\/\"},{\"@type\":\"ListItem\",\"position\":2,\"name\":\"Productos\",\"item\":\"https:\/\/compuviper.mx\/tienda\/productos\/\"},{\"@type\":\"ListItem\",\"position\":3,\"name\":\"Video\",\"item\":\"https:\/\/compuviper.mx\/tienda\/categoria-producto\/video\/\"},{\"@type\":\"ListItem\",\"position\":4,\"name\":\"Video\",\"item\":\"https:\/\/compuviper.mx\/tienda\/categoria-producto\/video\/video-video\/\"},{\"@type\":\"ListItem\",\"position\":5,\"name\":\"Msi Oem Gerforce Rtx 5060 Ti 8g Ventus 2x Plus Tarjeta De Video Msi Nvidia Geforce Rtx 5060 Oc Pcie4 X 8\/8gb\/gddr6\/estandar\/1hdmi\/1xdp\/dl-dvi-d X 1gama Media \/gamer\"}]},{\"@type\":\"WebSite\",\"@id\":\"https:\/\/compuviper.mx\/tienda\/#website\",\"url\":\"https:\/\/compuviper.mx\/tienda\/\",\"name\":\"Compuviper\",\"description\":\"Proveedor de Computadoras, Laptops, Servidores, Monitores, Puntos de Venta, Teclados,   Impresoras, T\u00f3ner, C\u00e1maras de Seguridad y m\u00e1s en tu tienda en l\u00ednea\",\"publisher\":{\"@id\":\"https:\/\/compuviper.mx\/tienda\/#organization\"},\"potentialAction\":[{\"@type\":\"SearchAction\",\"target\":{\"@type\":\"EntryPoint\",\"urlTemplate\":\"https:\/\/compuviper.mx\/tienda\/?s={search_term_string}\"},\"query-input\":\"required name=search_term_string\"}],\"inLanguage\":\"es-MX\"},{\"@type\":\"Organization\",\"@id\":\"https:\/\/compuviper.mx\/tienda\/#organization\",\"name\":\"Compuviper\",\"url\":\"https:\/\/compuviper.mx\/tienda\/\",\"logo\":{\"@type\":\"ImageObject\",\"inLanguage\":\"es-MX\",\"@id\":\"https:\/\/compuviper.mx\/tienda\/#\/schema\/logo\/image\/\",\"url\":\"https:\/\/compuviper.mx\/tienda\/wp-content\/uploads\/2021\/08\/Logo-Compuviper-10.png\",\"contentUrl\":\"https:\/\/compuviper.mx\/tienda\/wp-content\/uploads\/2021\/08\/Logo-Compuviper-10.png\",\"width\":1000,\"height\":500,\"caption\":\"Compuviper\"},\"image\":{\"@id\":\"https:\/\/compuviper.mx\/tienda\/#\/schema\/logo\/image\/\"},\"sameAs\":[\"https:\/\/www.facebook.com\/compuviper\",\"https:\/\/www.youtube.com\/channel\/UCf73dERp9Y3cfOq7q8BhLjA?view_as=subscriber\"]}]}<\/script>\n<meta property=\"product:brand\" content=\"Msi Oem\" \/>\n<meta property=\"product:price:amount\" content=\"7156\" \/>\n<meta property=\"product:price:currency\" content=\"MXN\" \/>\n<meta property=\"og:availability\" content=\"instock\" \/>\n<meta property=\"product:availability\" content=\"instock\" \/>\n<meta property=\"product:retailer_item_id\" content=\"GERFORCE RTX 5060 TI 8G VENTUS 2X PLUS\" \/>\n<meta property=\"product:condition\" content=\"new\" \/>\n<!-- \/ Yoast SEO plugin. -->","yoast_head_json":{"title":"[ Msi Oem ] &#129351; Gerforce Rtx 5060 Ti 8g Ventus 2x Plus Tarjeta De Video Msi Nvidia Geforce Rtx 5060 Oc Pcie4 X 8\/8gb\/gddr6\/estandar\/1hdmi\/1xdp\/dl-dvi-d X 1gama Media \/gamer","description":"Compra Gerforce Rtx 5060 Ti 8g Ventus 2x Plus Tarjeta De Video Msi Nvidia Geforce Rtx 5060 Oc Pcie4 X 8\/8gb\/gddr6\/estandar\/1hdmi\/1xdp\/dl-dvi-d X 1gama Media \/gamer + Env\u00edo a domicilio + Pago seguro + Garant\u00eda","robots":{"index":"index","follow":"follow","max-snippet":"max-snippet:-1","max-image-preview":"max-image-preview:large","max-video-preview":"max-video-preview:-1"},"canonical":"https:\/\/compuviper.mx\/tienda\/producto\/msi-oem-gerforce-rtx-5060-ti-8g-ventus-2x-plus-tarjeta-de-video-msi-nvidia-geforce-rtx-5060-oc-pcie4-x-8-8gb-gddr6-estandar-1hdmi-1xdp-dl-dvi-d-x-1gama-media-gamer\/","og_locale":"es_MX","og_type":"article","og_title":"[ Msi Oem ] &#129351; Gerforce Rtx 5060 Ti 8g Ventus 2x Plus Tarjeta De Video Msi Nvidia Geforce Rtx 5060 Oc Pcie4 X 8\/8gb\/gddr6\/estandar\/1hdmi\/1xdp\/dl-dvi-d X 1gama Media \/gamer","og_description":"Compra Gerforce Rtx 5060 Ti 8g Ventus 2x Plus Tarjeta De Video Msi Nvidia Geforce Rtx 5060 Oc Pcie4 X 8\/8gb\/gddr6\/estandar\/1hdmi\/1xdp\/dl-dvi-d X 1gama Media \/gamer + Env\u00edo a domicilio + Pago seguro + Garant\u00eda","og_url":"https:\/\/compuviper.mx\/tienda\/producto\/msi-oem-gerforce-rtx-5060-ti-8g-ventus-2x-plus-tarjeta-de-video-msi-nvidia-geforce-rtx-5060-oc-pcie4-x-8-8gb-gddr6-estandar-1hdmi-1xdp-dl-dvi-d-x-1gama-media-gamer\/","og_site_name":"Compuviper","article_publisher":"https:\/\/www.facebook.com\/compuviper","og_image":[{"width":200,"height":200,"url":"https:\/\/compuviper.mx\/tienda\/wp-content\/uploads\/2026\/03\/Tarjeta-de-video-msi-nvidia-geforce-rtx-5060-oc-pcie4-x-88gbgddr6estandar1hdmi1xdpdl-dvi-d-x-1gama-media-gamer.jpg","type":"image\/jpeg"}],"twitter_card":"summary_large_image","twitter_misc":{"Precio":"&#36;7,156 con IVA","Availability":"In stock"},"schema":{"@context":"https:\/\/schema.org","@graph":[{"@type":"WebPage","@id":"https:\/\/compuviper.mx\/tienda\/producto\/msi-oem-gerforce-rtx-5060-ti-8g-ventus-2x-plus-tarjeta-de-video-msi-nvidia-geforce-rtx-5060-oc-pcie4-x-8-8gb-gddr6-estandar-1hdmi-1xdp-dl-dvi-d-x-1gama-media-gamer\/","url":"https:\/\/compuviper.mx\/tienda\/producto\/msi-oem-gerforce-rtx-5060-ti-8g-ventus-2x-plus-tarjeta-de-video-msi-nvidia-geforce-rtx-5060-oc-pcie4-x-8-8gb-gddr6-estandar-1hdmi-1xdp-dl-dvi-d-x-1gama-media-gamer\/","name":"[ Msi Oem ] &#129351; Gerforce Rtx 5060 Ti 8g Ventus 2x Plus Tarjeta De Video Msi Nvidia Geforce Rtx 5060 Oc Pcie4 X 8\/8gb\/gddr6\/estandar\/1hdmi\/1xdp\/dl-dvi-d X 1gama Media \/gamer","isPartOf":{"@id":"https:\/\/compuviper.mx\/tienda\/#website"},"datePublished":"2026-04-16T08:23:16+00:00","dateModified":"2026-04-16T08:23:16+00:00","description":"Compra Gerforce Rtx 5060 Ti 8g Ventus 2x Plus Tarjeta De Video Msi Nvidia Geforce Rtx 5060 Oc Pcie4 X 8\/8gb\/gddr6\/estandar\/1hdmi\/1xdp\/dl-dvi-d X 1gama Media \/gamer + Env\u00edo a domicilio + Pago seguro + Garant\u00eda","breadcrumb":{"@id":"https:\/\/compuviper.mx\/tienda\/producto\/msi-oem-gerforce-rtx-5060-ti-8g-ventus-2x-plus-tarjeta-de-video-msi-nvidia-geforce-rtx-5060-oc-pcie4-x-8-8gb-gddr6-estandar-1hdmi-1xdp-dl-dvi-d-x-1gama-media-gamer\/#breadcrumb"},"inLanguage":"es-MX","potentialAction":[{"@type":"ReadAction","target":["https:\/\/compuviper.mx\/tienda\/producto\/msi-oem-gerforce-rtx-5060-ti-8g-ventus-2x-plus-tarjeta-de-video-msi-nvidia-geforce-rtx-5060-oc-pcie4-x-8-8gb-gddr6-estandar-1hdmi-1xdp-dl-dvi-d-x-1gama-media-gamer\/"]}]},{"@type":"BreadcrumbList","@id":"https:\/\/compuviper.mx\/tienda\/producto\/msi-oem-gerforce-rtx-5060-ti-8g-ventus-2x-plus-tarjeta-de-video-msi-nvidia-geforce-rtx-5060-oc-pcie4-x-8-8gb-gddr6-estandar-1hdmi-1xdp-dl-dvi-d-x-1gama-media-gamer\/#breadcrumb","itemListElement":[{"@type":"ListItem","position":1,"name":"Inicio","item":"https:\/\/compuviper.mx\/tienda\/"},{"@type":"ListItem","position":2,"name":"Productos","item":"https:\/\/compuviper.mx\/tienda\/productos\/"},{"@type":"ListItem","position":3,"name":"Video","item":"https:\/\/compuviper.mx\/tienda\/categoria-producto\/video\/"},{"@type":"ListItem","position":4,"name":"Video","item":"https:\/\/compuviper.mx\/tienda\/categoria-producto\/video\/video-video\/"},{"@type":"ListItem","position":5,"name":"Msi Oem Gerforce Rtx 5060 Ti 8g Ventus 2x Plus Tarjeta De Video Msi Nvidia Geforce Rtx 5060 Oc Pcie4 X 8\/8gb\/gddr6\/estandar\/1hdmi\/1xdp\/dl-dvi-d X 1gama Media \/gamer"}]},{"@type":"WebSite","@id":"https:\/\/compuviper.mx\/tienda\/#website","url":"https:\/\/compuviper.mx\/tienda\/","name":"Compuviper","description":"Proveedor de Computadoras, Laptops, Servidores, Monitores, Puntos de Venta, Teclados,   Impresoras, T\u00f3ner, C\u00e1maras de Seguridad y m\u00e1s en tu tienda en l\u00ednea","publisher":{"@id":"https:\/\/compuviper.mx\/tienda\/#organization"},"potentialAction":[{"@type":"SearchAction","target":{"@type":"EntryPoint","urlTemplate":"https:\/\/compuviper.mx\/tienda\/?s={search_term_string}"},"query-input":"required name=search_term_string"}],"inLanguage":"es-MX"},{"@type":"Organization","@id":"https:\/\/compuviper.mx\/tienda\/#organization","name":"Compuviper","url":"https:\/\/compuviper.mx\/tienda\/","logo":{"@type":"ImageObject","inLanguage":"es-MX","@id":"https:\/\/compuviper.mx\/tienda\/#\/schema\/logo\/image\/","url":"https:\/\/compuviper.mx\/tienda\/wp-content\/uploads\/2021\/08\/Logo-Compuviper-10.png","contentUrl":"https:\/\/compuviper.mx\/tienda\/wp-content\/uploads\/2021\/08\/Logo-Compuviper-10.png","width":1000,"height":500,"caption":"Compuviper"},"image":{"@id":"https:\/\/compuviper.mx\/tienda\/#\/schema\/logo\/image\/"},"sameAs":["https:\/\/www.facebook.com\/compuviper","https:\/\/www.youtube.com\/channel\/UCf73dERp9Y3cfOq7q8BhLjA?view_as=subscriber"]}]},"product_brand":"Msi Oem","product_price_amount":"7156","product_price_currency":"MXN","og_availability":"instock","product_availability":"instock","product_retailer_item_id":"GERFORCE RTX 5060 TI 8G VENTUS 2X PLUS","product_condition":"new"},"_links":{"self":[{"href":"https:\/\/compuviper.mx\/tienda\/wp-json\/wp\/v2\/product\/267839"}],"collection":[{"href":"https:\/\/compuviper.mx\/tienda\/wp-json\/wp\/v2\/product"}],"about":[{"href":"https:\/\/compuviper.mx\/tienda\/wp-json\/wp\/v2\/types\/product"}],"replies":[{"embeddable":true,"href":"https:\/\/compuviper.mx\/tienda\/wp-json\/wp\/v2\/comments?post=267839"}],"wp:featuredmedia":[{"embeddable":true,"href":"https:\/\/compuviper.mx\/tienda\/wp-json\/wp\/v2\/media\/267840"}],"wp:attachment":[{"href":"https:\/\/compuviper.mx\/tienda\/wp-json\/wp\/v2\/media?parent=267839"}],"wp:term":[{"taxonomy":"product_cat","embeddable":true,"href":"https:\/\/compuviper.mx\/tienda\/wp-json\/wp\/v2\/product_cat?post=267839"},{"taxonomy":"product_tag","embeddable":true,"href":"https:\/\/compuviper.mx\/tienda\/wp-json\/wp\/v2\/product_tag?post=267839"}],"curies":[{"name":"wp","href":"https:\/\/api.w.org\/{rel}","templated":true}]}}