{"id":267834,"date":"2026-04-02T01:55:27","date_gmt":"2026-04-02T07:55:27","guid":{"rendered":"https:\/\/compuviper.mx\/tienda\/producto\/huawei-55020fkg-dsr-watch-d2-color-azul-alvoz-microfono-acelerometro-sensor-optico-de-frecuencia-cardiaca-sensor-barometrico-sensor-de-presion-carga-inalambrica-resistencia-polvo-y-salpic\/"},"modified":"2026-04-02T01:55:27","modified_gmt":"2026-04-02T07:55:27","slug":"huawei-55020fkg-dsr-watch-d2-color-azul-alvoz-microfono-acelerometro-sensor-optico-de-frecuencia-cardiaca-sensor-barometrico-sensor-de-presion-carga-inalambrica-resistencia-polvo-y-salpic","status":"publish","type":"product","link":"https:\/\/compuviper.mx\/tienda\/producto\/huawei-55020fkg-dsr-watch-d2-color-azul-alvoz-microfono-acelerometro-sensor-optico-de-frecuencia-cardiaca-sensor-barometrico-sensor-de-presion-carga-inalambrica-resistencia-polvo-y-salpic\/","title":{"rendered":"Huawei 55020fkg-dsr  Watch D2 \/ Color Azul \/ Alvoz\/ Microfono \/ Acelerometro\/sensor Optico De Frecuencia Cardiaca\/ Sensor Barometrico\/ Sensor De Presion \/ Carga Inalambrica\/ Resistencia Polvo Y Salpicadura"},"content":{"rendered":"<table class=\"descripcion\">\n<tr>\n<td>El huawei watch d2 es un reloj inteligente especializado en salud, destacando por ser el primero de la marca en ofrecer monitoreo ambulatorio de la presi\u00f3n arterial (mapa) mediante una microbomba y una bolsa de aire integrada en la correa.<\/td>\n<\/tr>\n<tr>\n<td>Especificaciones de pantalla y dise\u00f1o<\/td>\n<\/tr>\n<tr>\n<td>Pantalla: panel amoled de 1.82 pulgadas con resoluci\u00f3n de 480 \u00d7 408 p\u00edxeles y brillo m\u00e1ximo de 1500 nits.<\/td>\n<\/tr>\n<tr>\n<td>Dimensiones: cuerpo de 48 \u00d7 38 \u00d7 13.3 mm, fabricado en aleaci\u00f3n de aluminio.<\/td>\n<\/tr>\n<tr>\n<td>Peso: aproximadamente 40 gramos sin la correa.<\/td>\n<\/tr>\n<tr>\n<td>Resistencia: clasificaci\u00f3n ip68, aunque no est\u00e1 dise\u00f1ado para actividades de inmersi\u00f3n profunda o nataci\u00f3n.<\/td>\n<\/tr>\n<tr>\n<td>Sensores y salud avanzada<\/td>\n<\/tr>\n<tr>\n<td>El dispositivo integra sensores cr\u00edticos para un seguimiento cl\u00ednico:<\/td>\n<\/tr>\n<tr>\n<td>Presi\u00f3n arterial: sensor de presi\u00f3n diferencial y sistema de bolsa de aire mec\u00e1nica de 26.5 mm.<\/td>\n<\/tr>\n<tr>\n<td>Coraz\u00f3n y sangre: sensor de electrocardiograma (ecg), sensor \u00f3ptico de frecuencia card\u00edaca y monitoreo de spo2.<\/td>\n<\/tr>\n<tr>\n<td>Otros sensores: imu de 9 ejes (aceler\u00f3metro, giroscopio, magnet\u00f3metro), temperatura cut\u00e1nea, bar\u00f3metro y sensor de luz ambiental.<\/td>\n<\/tr>\n<tr>\n<td>Bater\u00eda y conectividad<\/td>\n<\/tr>\n<tr>\n<td>Autonom\u00eda: la bater\u00eda dura hasta 6 d\u00edas con uso t\u00edpico o hasta 1 d\u00eda con el monitoreo ambulatorio de presi\u00f3n arterial (mapa) activado las 24 horas.<\/td>\n<\/tr>\n<tr>\n<td>Carga: soporta carga inal\u00e1mbrica (5v\/1a).<\/td>\n<\/tr>\n<tr>\n<td>Conectividad: bluetooth 5.2, nfc y gps integrado.<\/td>\n<\/tr>\n<tr>\n<td>Compatibilidad: funciona con android 8.0 o posterior e ios 13.0 o posterior a trav\u00e9s de la app huawei health.<\/td>\n<\/tr>\n<\/table>\n","protected":false},"excerpt":{"rendered":"<p>El huawei watch d2 es el smartwatch de salud definitivo, posicionado como un dispositivo m\u00e9dico de mu\u00f1eca capaz de realizar monitoreo ambulatorio de la presi\u00f3n arterial  las 24 horas. Es la evoluci\u00f3n con estilo de la salud proactiva. Precisi\u00f3n m\u00e9dica en tu mu\u00f1eca: \u00fanico en su clase con una microbomba mec\u00e1nica y una bolsa de aire integrada en la correa que se infla para medir la presi\u00f3n arterial con precisi\u00f3n cl\u00ednica en cualquier momento y lugar. Salud integral en un vistazo: no solo mide la presi\u00f3n; incluye ecg (electrocardiograma), an\u00e1lisis de rigidez arterial, nivel de ox\u00edgeno en sangre (spo2), estr\u00e9s y temperatura cut\u00e1nea. Dise\u00f1o evolucionado: a diferencia de su predecesor, el d2 es m\u00e1s ligero y est\u00e9tico, con una pantalla amoled de 1.82 m\u00e1s grande y brillante, ideal para el uso diario sin parecer un dispositivo m\u00e9dico tosco. Monitoreo 24\/7: su funci\u00f3n  permite programar mediciones autom\u00e1ticas incluso mientras duermes, generando reportes detallados compatibles con recomendaciones m\u00e9dicas para detectar hipertensi\u00f3n oculta. Diferenciaci\u00f3n comercial. Mientras otros relojes estiman la presi\u00f3n mediante sensores \u00f3pticos, el huawei watch d2 lo hace de forma f\u00edsica y certificada. Es la herramienta ideal para usuarios que requieren un control estricto de su salud cardiovascular sin sacrificar las funciones inteligentes de un reloj premium (gps, llamadas bluetooth y apps)<\/p>\n","protected":false},"featured_media":0,"comment_status":"open","ping_status":"open","template":"","meta":[],"product_cat":[1799,1800],"product_tag":[1673],"acf":[],"yoast_head":"<!-- This site is optimized with the Yoast SEO plugin v21.7 - https:\/\/yoast.com\/wordpress\/plugins\/seo\/ -->\n<title>[ Huawei ] &#129351; 55020fkg-dsr Watch D2 \/ Color Azul \/ Alvoz\/ Microfono \/ Acelerometro\/sensor Optico De Frecuencia Cardiaca\/ Sensor Barometrico\/ Sensor De Presion \/ Carga Inalambrica\/ Resistencia Polvo Y Salpicadura<\/title>\n<meta name=\"description\" content=\"Compra 55020fkg-dsr Watch D2 \/ Color Azul \/ Alvoz\/ Microfono \/ Acelerometro\/sensor Optico De Frecuencia Cardiaca\/ Sensor Barometrico\/ Sensor De Presion \/ Carga Inalambrica\/ Resistencia Polvo Y Salpicadura + Env\u00edo a domicilio + Pago seguro + Garant\u00eda\" \/>\n<meta name=\"robots\" content=\"index, follow, max-snippet:-1, max-image-preview:large, max-video-preview:-1\" \/>\n<link rel=\"canonical\" href=\"https:\/\/compuviper.mx\/tienda\/producto\/huawei-55020fkg-dsr-watch-d2-color-azul-alvoz-microfono-acelerometro-sensor-optico-de-frecuencia-cardiaca-sensor-barometrico-sensor-de-presion-carga-inalambrica-resistencia-polvo-y-salpic\/\" \/>\n<meta property=\"og:locale\" content=\"es_MX\" \/>\n<meta property=\"og:type\" content=\"article\" \/>\n<meta property=\"og:title\" content=\"[ Huawei ] &#129351; 55020fkg-dsr Watch D2 \/ Color Azul \/ Alvoz\/ Microfono \/ Acelerometro\/sensor Optico De Frecuencia Cardiaca\/ Sensor Barometrico\/ Sensor De Presion \/ Carga Inalambrica\/ Resistencia Polvo Y Salpicadura\" \/>\n<meta property=\"og:description\" content=\"Compra 55020fkg-dsr Watch D2 \/ Color Azul \/ Alvoz\/ Microfono \/ Acelerometro\/sensor Optico De Frecuencia Cardiaca\/ Sensor Barometrico\/ Sensor De Presion \/ Carga Inalambrica\/ Resistencia Polvo Y Salpicadura + Env\u00edo a domicilio + Pago seguro + Garant\u00eda\" \/>\n<meta property=\"og:url\" content=\"https:\/\/compuviper.mx\/tienda\/producto\/huawei-55020fkg-dsr-watch-d2-color-azul-alvoz-microfono-acelerometro-sensor-optico-de-frecuencia-cardiaca-sensor-barometrico-sensor-de-presion-carga-inalambrica-resistencia-polvo-y-salpic\/\" \/>\n<meta property=\"og:site_name\" content=\"Compuviper\" \/>\n<meta property=\"article:publisher\" content=\"https:\/\/www.facebook.com\/compuviper\" \/>\n<meta name=\"twitter:card\" content=\"summary_large_image\" \/>\n<meta name=\"twitter:label1\" content=\"Precio\" \/>\n\t<meta name=\"twitter:data1\" content=\"&#36;5,489 con IVA\" \/>\n\t<meta name=\"twitter:label2\" content=\"Availability\" \/>\n\t<meta name=\"twitter:data2\" content=\"Out of stock\" \/>\n<script type=\"application\/ld+json\" class=\"yoast-schema-graph\">{\"@context\":\"https:\/\/schema.org\",\"@graph\":[{\"@type\":\"WebPage\",\"@id\":\"https:\/\/compuviper.mx\/tienda\/producto\/huawei-55020fkg-dsr-watch-d2-color-azul-alvoz-microfono-acelerometro-sensor-optico-de-frecuencia-cardiaca-sensor-barometrico-sensor-de-presion-carga-inalambrica-resistencia-polvo-y-salpic\/\",\"url\":\"https:\/\/compuviper.mx\/tienda\/producto\/huawei-55020fkg-dsr-watch-d2-color-azul-alvoz-microfono-acelerometro-sensor-optico-de-frecuencia-cardiaca-sensor-barometrico-sensor-de-presion-carga-inalambrica-resistencia-polvo-y-salpic\/\",\"name\":\"[ Huawei ] &#129351; 55020fkg-dsr Watch D2 \/ Color Azul \/ Alvoz\/ Microfono \/ Acelerometro\/sensor Optico De Frecuencia Cardiaca\/ Sensor Barometrico\/ Sensor De Presion \/ Carga Inalambrica\/ Resistencia Polvo Y Salpicadura\",\"isPartOf\":{\"@id\":\"https:\/\/compuviper.mx\/tienda\/#website\"},\"datePublished\":\"2026-04-02T07:55:27+00:00\",\"dateModified\":\"2026-04-02T07:55:27+00:00\",\"description\":\"Compra 55020fkg-dsr Watch D2 \/ Color Azul \/ Alvoz\/ Microfono \/ Acelerometro\/sensor Optico De Frecuencia Cardiaca\/ Sensor Barometrico\/ Sensor De Presion \/ Carga Inalambrica\/ Resistencia Polvo Y Salpicadura + Env\u00edo a domicilio + Pago seguro + Garant\u00eda\",\"breadcrumb\":{\"@id\":\"https:\/\/compuviper.mx\/tienda\/producto\/huawei-55020fkg-dsr-watch-d2-color-azul-alvoz-microfono-acelerometro-sensor-optico-de-frecuencia-cardiaca-sensor-barometrico-sensor-de-presion-carga-inalambrica-resistencia-polvo-y-salpic\/#breadcrumb\"},\"inLanguage\":\"es-MX\",\"potentialAction\":[{\"@type\":\"ReadAction\",\"target\":[\"https:\/\/compuviper.mx\/tienda\/producto\/huawei-55020fkg-dsr-watch-d2-color-azul-alvoz-microfono-acelerometro-sensor-optico-de-frecuencia-cardiaca-sensor-barometrico-sensor-de-presion-carga-inalambrica-resistencia-polvo-y-salpic\/\"]}]},{\"@type\":\"BreadcrumbList\",\"@id\":\"https:\/\/compuviper.mx\/tienda\/producto\/huawei-55020fkg-dsr-watch-d2-color-azul-alvoz-microfono-acelerometro-sensor-optico-de-frecuencia-cardiaca-sensor-barometrico-sensor-de-presion-carga-inalambrica-resistencia-polvo-y-salpic\/#breadcrumb\",\"itemListElement\":[{\"@type\":\"ListItem\",\"position\":1,\"name\":\"Inicio\",\"item\":\"https:\/\/compuviper.mx\/tienda\/\"},{\"@type\":\"ListItem\",\"position\":2,\"name\":\"Productos\",\"item\":\"https:\/\/compuviper.mx\/tienda\/productos\/\"},{\"@type\":\"ListItem\",\"position\":3,\"name\":\"Relojes\",\"item\":\"https:\/\/compuviper.mx\/tienda\/categoria-producto\/relojes\/\"},{\"@type\":\"ListItem\",\"position\":4,\"name\":\"Smartwatch\",\"item\":\"https:\/\/compuviper.mx\/tienda\/categoria-producto\/relojes\/smartwatch\/\"},{\"@type\":\"ListItem\",\"position\":5,\"name\":\"Huawei 55020fkg-dsr Watch D2 \/ Color Azul \/ Alvoz\/ Microfono \/ Acelerometro\/sensor Optico De Frecuencia Cardiaca\/ Sensor Barometrico\/ Sensor De Presion \/ Carga Inalambrica\/ Resistencia Polvo Y Salpicadura\"}]},{\"@type\":\"WebSite\",\"@id\":\"https:\/\/compuviper.mx\/tienda\/#website\",\"url\":\"https:\/\/compuviper.mx\/tienda\/\",\"name\":\"Compuviper\",\"description\":\"Proveedor de Computadoras, Laptops, Servidores, Monitores, Puntos de Venta, Teclados,   Impresoras, T\u00f3ner, C\u00e1maras de Seguridad y m\u00e1s en tu tienda en l\u00ednea\",\"publisher\":{\"@id\":\"https:\/\/compuviper.mx\/tienda\/#organization\"},\"potentialAction\":[{\"@type\":\"SearchAction\",\"target\":{\"@type\":\"EntryPoint\",\"urlTemplate\":\"https:\/\/compuviper.mx\/tienda\/?s={search_term_string}\"},\"query-input\":\"required name=search_term_string\"}],\"inLanguage\":\"es-MX\"},{\"@type\":\"Organization\",\"@id\":\"https:\/\/compuviper.mx\/tienda\/#organization\",\"name\":\"Compuviper\",\"url\":\"https:\/\/compuviper.mx\/tienda\/\",\"logo\":{\"@type\":\"ImageObject\",\"inLanguage\":\"es-MX\",\"@id\":\"https:\/\/compuviper.mx\/tienda\/#\/schema\/logo\/image\/\",\"url\":\"https:\/\/compuviper.mx\/tienda\/wp-content\/uploads\/2021\/08\/Logo-Compuviper-10.png\",\"contentUrl\":\"https:\/\/compuviper.mx\/tienda\/wp-content\/uploads\/2021\/08\/Logo-Compuviper-10.png\",\"width\":1000,\"height\":500,\"caption\":\"Compuviper\"},\"image\":{\"@id\":\"https:\/\/compuviper.mx\/tienda\/#\/schema\/logo\/image\/\"},\"sameAs\":[\"https:\/\/www.facebook.com\/compuviper\",\"https:\/\/www.youtube.com\/channel\/UCf73dERp9Y3cfOq7q8BhLjA?view_as=subscriber\"]}]}<\/script>\n<meta property=\"product:brand\" content=\"HUAWEI\" \/>\n<meta property=\"product:price:amount\" content=\"5489\" \/>\n<meta property=\"product:price:currency\" content=\"MXN\" \/>\n<meta property=\"og:availability\" content=\"out of stock\" \/>\n<meta property=\"product:availability\" content=\"out of stock\" \/>\n<meta property=\"product:retailer_item_id\" content=\"55020FKG-DSR\" \/>\n<meta property=\"product:condition\" content=\"new\" \/>\n<!-- \/ Yoast SEO plugin. -->","yoast_head_json":{"title":"[ Huawei ] &#129351; 55020fkg-dsr Watch D2 \/ Color Azul \/ Alvoz\/ Microfono \/ Acelerometro\/sensor Optico De Frecuencia Cardiaca\/ Sensor Barometrico\/ Sensor De Presion \/ Carga Inalambrica\/ Resistencia Polvo Y Salpicadura","description":"Compra 55020fkg-dsr Watch D2 \/ Color Azul \/ Alvoz\/ Microfono \/ Acelerometro\/sensor Optico De Frecuencia Cardiaca\/ Sensor Barometrico\/ Sensor De Presion \/ Carga Inalambrica\/ Resistencia Polvo Y Salpicadura + Env\u00edo a domicilio + Pago seguro + Garant\u00eda","robots":{"index":"index","follow":"follow","max-snippet":"max-snippet:-1","max-image-preview":"max-image-preview:large","max-video-preview":"max-video-preview:-1"},"canonical":"https:\/\/compuviper.mx\/tienda\/producto\/huawei-55020fkg-dsr-watch-d2-color-azul-alvoz-microfono-acelerometro-sensor-optico-de-frecuencia-cardiaca-sensor-barometrico-sensor-de-presion-carga-inalambrica-resistencia-polvo-y-salpic\/","og_locale":"es_MX","og_type":"article","og_title":"[ Huawei ] &#129351; 55020fkg-dsr Watch D2 \/ Color Azul \/ Alvoz\/ Microfono \/ Acelerometro\/sensor Optico De Frecuencia Cardiaca\/ Sensor Barometrico\/ Sensor De Presion \/ Carga Inalambrica\/ Resistencia Polvo Y Salpicadura","og_description":"Compra 55020fkg-dsr Watch D2 \/ Color Azul \/ Alvoz\/ Microfono \/ Acelerometro\/sensor Optico De Frecuencia Cardiaca\/ Sensor Barometrico\/ Sensor De Presion \/ Carga Inalambrica\/ Resistencia Polvo Y Salpicadura + Env\u00edo a domicilio + Pago seguro + Garant\u00eda","og_url":"https:\/\/compuviper.mx\/tienda\/producto\/huawei-55020fkg-dsr-watch-d2-color-azul-alvoz-microfono-acelerometro-sensor-optico-de-frecuencia-cardiaca-sensor-barometrico-sensor-de-presion-carga-inalambrica-resistencia-polvo-y-salpic\/","og_site_name":"Compuviper","article_publisher":"https:\/\/www.facebook.com\/compuviper","twitter_card":"summary_large_image","twitter_misc":{"Precio":"&#36;5,489 con IVA","Availability":"Out of stock"},"schema":{"@context":"https:\/\/schema.org","@graph":[{"@type":"WebPage","@id":"https:\/\/compuviper.mx\/tienda\/producto\/huawei-55020fkg-dsr-watch-d2-color-azul-alvoz-microfono-acelerometro-sensor-optico-de-frecuencia-cardiaca-sensor-barometrico-sensor-de-presion-carga-inalambrica-resistencia-polvo-y-salpic\/","url":"https:\/\/compuviper.mx\/tienda\/producto\/huawei-55020fkg-dsr-watch-d2-color-azul-alvoz-microfono-acelerometro-sensor-optico-de-frecuencia-cardiaca-sensor-barometrico-sensor-de-presion-carga-inalambrica-resistencia-polvo-y-salpic\/","name":"[ Huawei ] &#129351; 55020fkg-dsr Watch D2 \/ Color Azul \/ Alvoz\/ Microfono \/ Acelerometro\/sensor Optico De Frecuencia Cardiaca\/ Sensor Barometrico\/ Sensor De Presion \/ Carga Inalambrica\/ Resistencia Polvo Y Salpicadura","isPartOf":{"@id":"https:\/\/compuviper.mx\/tienda\/#website"},"datePublished":"2026-04-02T07:55:27+00:00","dateModified":"2026-04-02T07:55:27+00:00","description":"Compra 55020fkg-dsr Watch D2 \/ Color Azul \/ Alvoz\/ Microfono \/ Acelerometro\/sensor Optico De Frecuencia Cardiaca\/ Sensor Barometrico\/ Sensor De Presion \/ Carga Inalambrica\/ Resistencia Polvo Y Salpicadura + Env\u00edo a domicilio + Pago seguro + Garant\u00eda","breadcrumb":{"@id":"https:\/\/compuviper.mx\/tienda\/producto\/huawei-55020fkg-dsr-watch-d2-color-azul-alvoz-microfono-acelerometro-sensor-optico-de-frecuencia-cardiaca-sensor-barometrico-sensor-de-presion-carga-inalambrica-resistencia-polvo-y-salpic\/#breadcrumb"},"inLanguage":"es-MX","potentialAction":[{"@type":"ReadAction","target":["https:\/\/compuviper.mx\/tienda\/producto\/huawei-55020fkg-dsr-watch-d2-color-azul-alvoz-microfono-acelerometro-sensor-optico-de-frecuencia-cardiaca-sensor-barometrico-sensor-de-presion-carga-inalambrica-resistencia-polvo-y-salpic\/"]}]},{"@type":"BreadcrumbList","@id":"https:\/\/compuviper.mx\/tienda\/producto\/huawei-55020fkg-dsr-watch-d2-color-azul-alvoz-microfono-acelerometro-sensor-optico-de-frecuencia-cardiaca-sensor-barometrico-sensor-de-presion-carga-inalambrica-resistencia-polvo-y-salpic\/#breadcrumb","itemListElement":[{"@type":"ListItem","position":1,"name":"Inicio","item":"https:\/\/compuviper.mx\/tienda\/"},{"@type":"ListItem","position":2,"name":"Productos","item":"https:\/\/compuviper.mx\/tienda\/productos\/"},{"@type":"ListItem","position":3,"name":"Relojes","item":"https:\/\/compuviper.mx\/tienda\/categoria-producto\/relojes\/"},{"@type":"ListItem","position":4,"name":"Smartwatch","item":"https:\/\/compuviper.mx\/tienda\/categoria-producto\/relojes\/smartwatch\/"},{"@type":"ListItem","position":5,"name":"Huawei 55020fkg-dsr Watch D2 \/ Color Azul \/ Alvoz\/ Microfono \/ Acelerometro\/sensor Optico De Frecuencia Cardiaca\/ Sensor Barometrico\/ Sensor De Presion \/ Carga Inalambrica\/ Resistencia Polvo Y Salpicadura"}]},{"@type":"WebSite","@id":"https:\/\/compuviper.mx\/tienda\/#website","url":"https:\/\/compuviper.mx\/tienda\/","name":"Compuviper","description":"Proveedor de Computadoras, Laptops, Servidores, Monitores, Puntos de Venta, Teclados,   Impresoras, T\u00f3ner, C\u00e1maras de Seguridad y m\u00e1s en tu tienda en l\u00ednea","publisher":{"@id":"https:\/\/compuviper.mx\/tienda\/#organization"},"potentialAction":[{"@type":"SearchAction","target":{"@type":"EntryPoint","urlTemplate":"https:\/\/compuviper.mx\/tienda\/?s={search_term_string}"},"query-input":"required name=search_term_string"}],"inLanguage":"es-MX"},{"@type":"Organization","@id":"https:\/\/compuviper.mx\/tienda\/#organization","name":"Compuviper","url":"https:\/\/compuviper.mx\/tienda\/","logo":{"@type":"ImageObject","inLanguage":"es-MX","@id":"https:\/\/compuviper.mx\/tienda\/#\/schema\/logo\/image\/","url":"https:\/\/compuviper.mx\/tienda\/wp-content\/uploads\/2021\/08\/Logo-Compuviper-10.png","contentUrl":"https:\/\/compuviper.mx\/tienda\/wp-content\/uploads\/2021\/08\/Logo-Compuviper-10.png","width":1000,"height":500,"caption":"Compuviper"},"image":{"@id":"https:\/\/compuviper.mx\/tienda\/#\/schema\/logo\/image\/"},"sameAs":["https:\/\/www.facebook.com\/compuviper","https:\/\/www.youtube.com\/channel\/UCf73dERp9Y3cfOq7q8BhLjA?view_as=subscriber"]}]},"product_brand":"HUAWEI","product_price_amount":"5489","product_price_currency":"MXN","og_availability":"out of stock","product_availability":"out of stock","product_retailer_item_id":"55020FKG-DSR","product_condition":"new"},"_links":{"self":[{"href":"https:\/\/compuviper.mx\/tienda\/wp-json\/wp\/v2\/product\/267834"}],"collection":[{"href":"https:\/\/compuviper.mx\/tienda\/wp-json\/wp\/v2\/product"}],"about":[{"href":"https:\/\/compuviper.mx\/tienda\/wp-json\/wp\/v2\/types\/product"}],"replies":[{"embeddable":true,"href":"https:\/\/compuviper.mx\/tienda\/wp-json\/wp\/v2\/comments?post=267834"}],"wp:attachment":[{"href":"https:\/\/compuviper.mx\/tienda\/wp-json\/wp\/v2\/media?parent=267834"}],"wp:term":[{"taxonomy":"product_cat","embeddable":true,"href":"https:\/\/compuviper.mx\/tienda\/wp-json\/wp\/v2\/product_cat?post=267834"},{"taxonomy":"product_tag","embeddable":true,"href":"https:\/\/compuviper.mx\/tienda\/wp-json\/wp\/v2\/product_tag?post=267834"}],"curies":[{"name":"wp","href":"https:\/\/api.w.org\/{rel}","templated":true}]}}