{"id":267807,"date":"2026-04-02T01:50:49","date_gmt":"2026-04-02T07:50:49","guid":{"rendered":"https:\/\/compuviper.mx\/tienda\/producto\/kingston-kf548s38ib-16740617326154-memoria-ram-sodimm-ddr5-16gb-4800mt-s-fury-impact-black-cl38-262pin-1-1v-c-difusor-de-calor-p-laptop-kf548s38ib-16\/"},"modified":"2026-04-03T00:00:27","modified_gmt":"2026-04-03T06:00:27","slug":"kingston-kf548s38ib-16740617326154-memoria-ram-sodimm-ddr5-16gb-4800mt-s-fury-impact-black-cl38-262pin-1-1v-c-difusor-de-calor-p-laptop-kf548s38ib-16","status":"publish","type":"product","link":"https:\/\/compuviper.mx\/tienda\/producto\/kingston-kf548s38ib-16740617326154-memoria-ram-sodimm-ddr5-16gb-4800mt-s-fury-impact-black-cl38-262pin-1-1v-c-difusor-de-calor-p-laptop-kf548s38ib-16\/","title":{"rendered":"Kingston Kf548s38ib-16,740617326154 Memoria Ram  Sodimm Ddr5 16gb 4800mt\/s Fury Impact Black Cl38 262pin 1.1v C\/difusor De Calor P\/laptop Kf548s38ib-16"},"content":{"rendered":"<table class=\"descripcion\">\n<tr>\n<td>\u0095 tipo de memoria interna: ddr5<\/td>\n<\/tr>\n<tr>\n<td>\u0095memoria interna: 16 gb<\/td>\n<\/tr>\n<tr>\n<td>\u0095dise\u00f1o de memoria: 1 x 16 gb<\/td>\n<\/tr>\n<tr>\n<td>\u0095velocidad de memoria del reloj: 4800 mhz<\/td>\n<\/tr>\n<tr>\n<td>\u0095latencia cas: 38<\/td>\n<\/tr>\n<tr>\n<td>\u0095factor de forma: 262-pin so-dimm<\/td>\n<\/tr>\n<\/table>\n","protected":false},"excerpt":{"rendered":"<p>Kingston fury kf548s38ib-16 es una ddr5-4800 de 2g x 64 bits (16 gb. Cl38 sdram (dram s\u00edncrona) 1rx8, m\u00f3dulo de memoria, basado. En ocho componentes fbga de 2g x 8 bits por m\u00f3dulo. El m\u00f3dulo. Admite perfiles de memoria intel\u00ae extreme (intel\u00ae xmp) 3.0. Cada m\u00f3dulo ha sido probado para funcionar en ddr5-4800 con baja latencia. Sincronizaci\u00f3n de 38-38-38 a 1,1 v. Se muestran par\u00e1metros de sincronizaci\u00f3n adicionales. En la secci\u00f3n par\u00e1metros de sincronizaci\u00f3n plug-n-play (pnp) a continuaci\u00f3n. Cada. Dimm de 262 pines utiliza dedos de contacto dorados.<\/p>\n","protected":false},"featured_media":267808,"comment_status":"open","ping_status":"open","template":"","meta":[],"product_cat":[1797,1793],"product_tag":[1573],"acf":[],"yoast_head":"<!-- This site is optimized with the Yoast SEO plugin v21.7 - https:\/\/yoast.com\/wordpress\/plugins\/seo\/ -->\n<title>[ Kingston ] &#129351; Kf548s38ib-16,740617326154 Memoria Ram Sodimm Ddr5 16gb 4800mt\/s Fury Impact Black Cl38 262pin 1.1v C\/difusor De Calor P\/laptop Kf548s38ib-16<\/title>\n<meta name=\"description\" content=\"Compra Kf548s38ib-16,740617326154 Memoria Ram Sodimm Ddr5 16gb 4800mt\/s Fury Impact Black Cl38 262pin 1.1v C\/difusor De Calor P\/laptop Kf548s38ib-16 + Env\u00edo a domicilio + Pago seguro + Garant\u00eda\" \/>\n<meta name=\"robots\" content=\"index, follow, max-snippet:-1, max-image-preview:large, max-video-preview:-1\" \/>\n<link rel=\"canonical\" href=\"https:\/\/compuviper.mx\/tienda\/producto\/kingston-kf548s38ib-16740617326154-memoria-ram-sodimm-ddr5-16gb-4800mt-s-fury-impact-black-cl38-262pin-1-1v-c-difusor-de-calor-p-laptop-kf548s38ib-16\/\" \/>\n<meta property=\"og:locale\" content=\"es_MX\" \/>\n<meta property=\"og:type\" content=\"article\" \/>\n<meta property=\"og:title\" content=\"[ Kingston ] &#129351; Kf548s38ib-16,740617326154 Memoria Ram Sodimm Ddr5 16gb 4800mt\/s Fury Impact Black Cl38 262pin 1.1v C\/difusor De Calor P\/laptop Kf548s38ib-16\" \/>\n<meta property=\"og:description\" content=\"Compra Kf548s38ib-16,740617326154 Memoria Ram Sodimm Ddr5 16gb 4800mt\/s Fury Impact Black Cl38 262pin 1.1v C\/difusor De Calor P\/laptop Kf548s38ib-16 + Env\u00edo a domicilio + Pago seguro + Garant\u00eda\" \/>\n<meta property=\"og:url\" content=\"https:\/\/compuviper.mx\/tienda\/producto\/kingston-kf548s38ib-16740617326154-memoria-ram-sodimm-ddr5-16gb-4800mt-s-fury-impact-black-cl38-262pin-1-1v-c-difusor-de-calor-p-laptop-kf548s38ib-16\/\" \/>\n<meta property=\"og:site_name\" content=\"Compuviper\" \/>\n<meta property=\"article:publisher\" content=\"https:\/\/www.facebook.com\/compuviper\" \/>\n<meta property=\"article:modified_time\" content=\"2026-04-03T06:00:27+00:00\" \/>\n<meta property=\"og:image\" content=\"https:\/\/compuviper.mx\/tienda\/wp-content\/uploads\/2026\/03\/Memoria-ram-kingston-sodimm-ddr5-16gb-4800mts-fury-impact-black-cl38-262pin-1.1v-cdifusor-de-calor-plaptop-kf548s38ib-16.jpg\" \/>\n\t<meta property=\"og:image:width\" content=\"200\" \/>\n\t<meta property=\"og:image:height\" content=\"200\" \/>\n\t<meta property=\"og:image:type\" content=\"image\/jpeg\" \/>\n<meta name=\"twitter:card\" content=\"summary_large_image\" \/>\n<meta name=\"twitter:label1\" content=\"Precio\" \/>\n\t<meta name=\"twitter:data1\" content=\"&#36;3,411 con IVA\" \/>\n\t<meta name=\"twitter:label2\" content=\"Availability\" \/>\n\t<meta name=\"twitter:data2\" content=\"In stock\" \/>\n<script type=\"application\/ld+json\" class=\"yoast-schema-graph\">{\"@context\":\"https:\/\/schema.org\",\"@graph\":[{\"@type\":\"WebPage\",\"@id\":\"https:\/\/compuviper.mx\/tienda\/producto\/kingston-kf548s38ib-16740617326154-memoria-ram-sodimm-ddr5-16gb-4800mt-s-fury-impact-black-cl38-262pin-1-1v-c-difusor-de-calor-p-laptop-kf548s38ib-16\/\",\"url\":\"https:\/\/compuviper.mx\/tienda\/producto\/kingston-kf548s38ib-16740617326154-memoria-ram-sodimm-ddr5-16gb-4800mt-s-fury-impact-black-cl38-262pin-1-1v-c-difusor-de-calor-p-laptop-kf548s38ib-16\/\",\"name\":\"[ Kingston ] &#129351; Kf548s38ib-16,740617326154 Memoria Ram Sodimm Ddr5 16gb 4800mt\/s Fury Impact Black Cl38 262pin 1.1v C\/difusor De Calor P\/laptop Kf548s38ib-16\",\"isPartOf\":{\"@id\":\"https:\/\/compuviper.mx\/tienda\/#website\"},\"datePublished\":\"2026-04-02T07:50:49+00:00\",\"dateModified\":\"2026-04-03T06:00:27+00:00\",\"description\":\"Compra Kf548s38ib-16,740617326154 Memoria Ram Sodimm Ddr5 16gb 4800mt\/s Fury Impact Black Cl38 262pin 1.1v C\/difusor De Calor P\/laptop Kf548s38ib-16 + Env\u00edo a domicilio + Pago seguro + Garant\u00eda\",\"breadcrumb\":{\"@id\":\"https:\/\/compuviper.mx\/tienda\/producto\/kingston-kf548s38ib-16740617326154-memoria-ram-sodimm-ddr5-16gb-4800mt-s-fury-impact-black-cl38-262pin-1-1v-c-difusor-de-calor-p-laptop-kf548s38ib-16\/#breadcrumb\"},\"inLanguage\":\"es-MX\",\"potentialAction\":[{\"@type\":\"ReadAction\",\"target\":[\"https:\/\/compuviper.mx\/tienda\/producto\/kingston-kf548s38ib-16740617326154-memoria-ram-sodimm-ddr5-16gb-4800mt-s-fury-impact-black-cl38-262pin-1-1v-c-difusor-de-calor-p-laptop-kf548s38ib-16\/\"]}]},{\"@type\":\"BreadcrumbList\",\"@id\":\"https:\/\/compuviper.mx\/tienda\/producto\/kingston-kf548s38ib-16740617326154-memoria-ram-sodimm-ddr5-16gb-4800mt-s-fury-impact-black-cl38-262pin-1-1v-c-difusor-de-calor-p-laptop-kf548s38ib-16\/#breadcrumb\",\"itemListElement\":[{\"@type\":\"ListItem\",\"position\":1,\"name\":\"Inicio\",\"item\":\"https:\/\/compuviper.mx\/tienda\/\"},{\"@type\":\"ListItem\",\"position\":2,\"name\":\"Productos\",\"item\":\"https:\/\/compuviper.mx\/tienda\/productos\/\"},{\"@type\":\"ListItem\",\"position\":3,\"name\":\"Memorias\",\"item\":\"https:\/\/compuviper.mx\/tienda\/categoria-producto\/memorias\/\"},{\"@type\":\"ListItem\",\"position\":4,\"name\":\"Memoria Ram\",\"item\":\"https:\/\/compuviper.mx\/tienda\/categoria-producto\/memorias\/memoria-ram\/\"},{\"@type\":\"ListItem\",\"position\":5,\"name\":\"Kingston Kf548s38ib-16,740617326154 Memoria Ram Sodimm Ddr5 16gb 4800mt\/s Fury Impact Black Cl38 262pin 1.1v C\/difusor De Calor P\/laptop Kf548s38ib-16\"}]},{\"@type\":\"WebSite\",\"@id\":\"https:\/\/compuviper.mx\/tienda\/#website\",\"url\":\"https:\/\/compuviper.mx\/tienda\/\",\"name\":\"Compuviper\",\"description\":\"Proveedor de Computadoras, Laptops, Servidores, Monitores, Puntos de Venta, Teclados,   Impresoras, T\u00f3ner, C\u00e1maras de Seguridad y m\u00e1s en tu tienda en l\u00ednea\",\"publisher\":{\"@id\":\"https:\/\/compuviper.mx\/tienda\/#organization\"},\"potentialAction\":[{\"@type\":\"SearchAction\",\"target\":{\"@type\":\"EntryPoint\",\"urlTemplate\":\"https:\/\/compuviper.mx\/tienda\/?s={search_term_string}\"},\"query-input\":\"required name=search_term_string\"}],\"inLanguage\":\"es-MX\"},{\"@type\":\"Organization\",\"@id\":\"https:\/\/compuviper.mx\/tienda\/#organization\",\"name\":\"Compuviper\",\"url\":\"https:\/\/compuviper.mx\/tienda\/\",\"logo\":{\"@type\":\"ImageObject\",\"inLanguage\":\"es-MX\",\"@id\":\"https:\/\/compuviper.mx\/tienda\/#\/schema\/logo\/image\/\",\"url\":\"https:\/\/compuviper.mx\/tienda\/wp-content\/uploads\/2021\/08\/Logo-Compuviper-10.png\",\"contentUrl\":\"https:\/\/compuviper.mx\/tienda\/wp-content\/uploads\/2021\/08\/Logo-Compuviper-10.png\",\"width\":1000,\"height\":500,\"caption\":\"Compuviper\"},\"image\":{\"@id\":\"https:\/\/compuviper.mx\/tienda\/#\/schema\/logo\/image\/\"},\"sameAs\":[\"https:\/\/www.facebook.com\/compuviper\",\"https:\/\/www.youtube.com\/channel\/UCf73dERp9Y3cfOq7q8BhLjA?view_as=subscriber\"]}]}<\/script>\n<meta property=\"product:brand\" content=\"KINGSTON\" \/>\n<meta property=\"product:price:amount\" content=\"3411\" \/>\n<meta property=\"product:price:currency\" content=\"MXN\" \/>\n<meta property=\"og:availability\" content=\"instock\" \/>\n<meta property=\"product:availability\" content=\"instock\" \/>\n<meta property=\"product:retailer_item_id\" content=\"KF548S38IB-16,740617326154\" \/>\n<meta property=\"product:condition\" content=\"new\" \/>\n<!-- \/ Yoast SEO plugin. -->","yoast_head_json":{"title":"[ Kingston ] &#129351; Kf548s38ib-16,740617326154 Memoria Ram Sodimm Ddr5 16gb 4800mt\/s Fury Impact Black Cl38 262pin 1.1v C\/difusor De Calor P\/laptop Kf548s38ib-16","description":"Compra Kf548s38ib-16,740617326154 Memoria Ram Sodimm Ddr5 16gb 4800mt\/s Fury Impact Black Cl38 262pin 1.1v C\/difusor De Calor P\/laptop Kf548s38ib-16 + Env\u00edo a domicilio + Pago seguro + Garant\u00eda","robots":{"index":"index","follow":"follow","max-snippet":"max-snippet:-1","max-image-preview":"max-image-preview:large","max-video-preview":"max-video-preview:-1"},"canonical":"https:\/\/compuviper.mx\/tienda\/producto\/kingston-kf548s38ib-16740617326154-memoria-ram-sodimm-ddr5-16gb-4800mt-s-fury-impact-black-cl38-262pin-1-1v-c-difusor-de-calor-p-laptop-kf548s38ib-16\/","og_locale":"es_MX","og_type":"article","og_title":"[ Kingston ] &#129351; Kf548s38ib-16,740617326154 Memoria Ram Sodimm Ddr5 16gb 4800mt\/s Fury Impact Black Cl38 262pin 1.1v C\/difusor De Calor P\/laptop Kf548s38ib-16","og_description":"Compra Kf548s38ib-16,740617326154 Memoria Ram Sodimm Ddr5 16gb 4800mt\/s Fury Impact Black Cl38 262pin 1.1v C\/difusor De Calor P\/laptop Kf548s38ib-16 + Env\u00edo a domicilio + Pago seguro + Garant\u00eda","og_url":"https:\/\/compuviper.mx\/tienda\/producto\/kingston-kf548s38ib-16740617326154-memoria-ram-sodimm-ddr5-16gb-4800mt-s-fury-impact-black-cl38-262pin-1-1v-c-difusor-de-calor-p-laptop-kf548s38ib-16\/","og_site_name":"Compuviper","article_publisher":"https:\/\/www.facebook.com\/compuviper","article_modified_time":"2026-04-03T06:00:27+00:00","og_image":[{"width":200,"height":200,"url":"https:\/\/compuviper.mx\/tienda\/wp-content\/uploads\/2026\/03\/Memoria-ram-kingston-sodimm-ddr5-16gb-4800mts-fury-impact-black-cl38-262pin-1.1v-cdifusor-de-calor-plaptop-kf548s38ib-16.jpg","type":"image\/jpeg"}],"twitter_card":"summary_large_image","twitter_misc":{"Precio":"&#36;3,411 con IVA","Availability":"In stock"},"schema":{"@context":"https:\/\/schema.org","@graph":[{"@type":"WebPage","@id":"https:\/\/compuviper.mx\/tienda\/producto\/kingston-kf548s38ib-16740617326154-memoria-ram-sodimm-ddr5-16gb-4800mt-s-fury-impact-black-cl38-262pin-1-1v-c-difusor-de-calor-p-laptop-kf548s38ib-16\/","url":"https:\/\/compuviper.mx\/tienda\/producto\/kingston-kf548s38ib-16740617326154-memoria-ram-sodimm-ddr5-16gb-4800mt-s-fury-impact-black-cl38-262pin-1-1v-c-difusor-de-calor-p-laptop-kf548s38ib-16\/","name":"[ Kingston ] &#129351; Kf548s38ib-16,740617326154 Memoria Ram Sodimm Ddr5 16gb 4800mt\/s Fury Impact Black Cl38 262pin 1.1v C\/difusor De Calor P\/laptop Kf548s38ib-16","isPartOf":{"@id":"https:\/\/compuviper.mx\/tienda\/#website"},"datePublished":"2026-04-02T07:50:49+00:00","dateModified":"2026-04-03T06:00:27+00:00","description":"Compra Kf548s38ib-16,740617326154 Memoria Ram Sodimm Ddr5 16gb 4800mt\/s Fury Impact Black Cl38 262pin 1.1v C\/difusor De Calor P\/laptop Kf548s38ib-16 + Env\u00edo a domicilio + Pago seguro + Garant\u00eda","breadcrumb":{"@id":"https:\/\/compuviper.mx\/tienda\/producto\/kingston-kf548s38ib-16740617326154-memoria-ram-sodimm-ddr5-16gb-4800mt-s-fury-impact-black-cl38-262pin-1-1v-c-difusor-de-calor-p-laptop-kf548s38ib-16\/#breadcrumb"},"inLanguage":"es-MX","potentialAction":[{"@type":"ReadAction","target":["https:\/\/compuviper.mx\/tienda\/producto\/kingston-kf548s38ib-16740617326154-memoria-ram-sodimm-ddr5-16gb-4800mt-s-fury-impact-black-cl38-262pin-1-1v-c-difusor-de-calor-p-laptop-kf548s38ib-16\/"]}]},{"@type":"BreadcrumbList","@id":"https:\/\/compuviper.mx\/tienda\/producto\/kingston-kf548s38ib-16740617326154-memoria-ram-sodimm-ddr5-16gb-4800mt-s-fury-impact-black-cl38-262pin-1-1v-c-difusor-de-calor-p-laptop-kf548s38ib-16\/#breadcrumb","itemListElement":[{"@type":"ListItem","position":1,"name":"Inicio","item":"https:\/\/compuviper.mx\/tienda\/"},{"@type":"ListItem","position":2,"name":"Productos","item":"https:\/\/compuviper.mx\/tienda\/productos\/"},{"@type":"ListItem","position":3,"name":"Memorias","item":"https:\/\/compuviper.mx\/tienda\/categoria-producto\/memorias\/"},{"@type":"ListItem","position":4,"name":"Memoria Ram","item":"https:\/\/compuviper.mx\/tienda\/categoria-producto\/memorias\/memoria-ram\/"},{"@type":"ListItem","position":5,"name":"Kingston Kf548s38ib-16,740617326154 Memoria Ram Sodimm Ddr5 16gb 4800mt\/s Fury Impact Black Cl38 262pin 1.1v C\/difusor De Calor P\/laptop Kf548s38ib-16"}]},{"@type":"WebSite","@id":"https:\/\/compuviper.mx\/tienda\/#website","url":"https:\/\/compuviper.mx\/tienda\/","name":"Compuviper","description":"Proveedor de Computadoras, Laptops, Servidores, Monitores, Puntos de Venta, Teclados,   Impresoras, T\u00f3ner, C\u00e1maras de Seguridad y m\u00e1s en tu tienda en l\u00ednea","publisher":{"@id":"https:\/\/compuviper.mx\/tienda\/#organization"},"potentialAction":[{"@type":"SearchAction","target":{"@type":"EntryPoint","urlTemplate":"https:\/\/compuviper.mx\/tienda\/?s={search_term_string}"},"query-input":"required name=search_term_string"}],"inLanguage":"es-MX"},{"@type":"Organization","@id":"https:\/\/compuviper.mx\/tienda\/#organization","name":"Compuviper","url":"https:\/\/compuviper.mx\/tienda\/","logo":{"@type":"ImageObject","inLanguage":"es-MX","@id":"https:\/\/compuviper.mx\/tienda\/#\/schema\/logo\/image\/","url":"https:\/\/compuviper.mx\/tienda\/wp-content\/uploads\/2021\/08\/Logo-Compuviper-10.png","contentUrl":"https:\/\/compuviper.mx\/tienda\/wp-content\/uploads\/2021\/08\/Logo-Compuviper-10.png","width":1000,"height":500,"caption":"Compuviper"},"image":{"@id":"https:\/\/compuviper.mx\/tienda\/#\/schema\/logo\/image\/"},"sameAs":["https:\/\/www.facebook.com\/compuviper","https:\/\/www.youtube.com\/channel\/UCf73dERp9Y3cfOq7q8BhLjA?view_as=subscriber"]}]},"product_brand":"KINGSTON","product_price_amount":"3411","product_price_currency":"MXN","og_availability":"instock","product_availability":"instock","product_retailer_item_id":"KF548S38IB-16,740617326154","product_condition":"new"},"_links":{"self":[{"href":"https:\/\/compuviper.mx\/tienda\/wp-json\/wp\/v2\/product\/267807"}],"collection":[{"href":"https:\/\/compuviper.mx\/tienda\/wp-json\/wp\/v2\/product"}],"about":[{"href":"https:\/\/compuviper.mx\/tienda\/wp-json\/wp\/v2\/types\/product"}],"replies":[{"embeddable":true,"href":"https:\/\/compuviper.mx\/tienda\/wp-json\/wp\/v2\/comments?post=267807"}],"wp:featuredmedia":[{"embeddable":true,"href":"https:\/\/compuviper.mx\/tienda\/wp-json\/wp\/v2\/media\/267808"}],"wp:attachment":[{"href":"https:\/\/compuviper.mx\/tienda\/wp-json\/wp\/v2\/media?parent=267807"}],"wp:term":[{"taxonomy":"product_cat","embeddable":true,"href":"https:\/\/compuviper.mx\/tienda\/wp-json\/wp\/v2\/product_cat?post=267807"},{"taxonomy":"product_tag","embeddable":true,"href":"https:\/\/compuviper.mx\/tienda\/wp-json\/wp\/v2\/product_tag?post=267807"}],"curies":[{"name":"wp","href":"https:\/\/api.w.org\/{rel}","templated":true}]}}