{"id":267789,"date":"2026-04-02T01:31:21","date_gmt":"2026-04-02T07:31:21","guid":{"rendered":"https:\/\/compuviper.mx\/tienda\/producto\/lenovo-12yj0009ls-pc-thinkcentre-m70s-gen-6-intel-core-ultra-7-265-16-gb-1-tb-ssd-m-2-teclado-y-mouse-usb-wifi-bt-win-11-pro-3-y-garantia-en-sitio-certificacion-militar-mil-std-810h\/"},"modified":"2026-04-02T01:31:22","modified_gmt":"2026-04-02T07:31:22","slug":"lenovo-12yj0009ls-pc-thinkcentre-m70s-gen-6-intel-core-ultra-7-265-16-gb-1-tb-ssd-m-2-teclado-y-mouse-usb-wifi-bt-win-11-pro-3-y-garantia-en-sitio-certificacion-militar-mil-std-810h","status":"publish","type":"product","link":"https:\/\/compuviper.mx\/tienda\/producto\/lenovo-12yj0009ls-pc-thinkcentre-m70s-gen-6-intel-core-ultra-7-265-16-gb-1-tb-ssd-m-2-teclado-y-mouse-usb-wifi-bt-win-11-pro-3-y-garantia-en-sitio-certificacion-militar-mil-std-810h\/","title":{"rendered":"Lenovo 12yj0009ls Pc  Thinkcentre M70s Gen 6 | Intel Core Ultra 7 265 | 16 Gb | 1 Tb Ssd M.2 | Teclado Y Mouse Usb | Wifi + Bt | Win 11 Pro | 3 Y Garantia En Sitio | Certificacion Militar Mil-std-810h |"},"content":{"rendered":"<table class=\"descripcion\">\n<tr>\n<td>Product thinkcentre m70s gen 6<\/td>\n<\/tr>\n<tr>\n<td>Model 12yj0009ls<\/td>\n<\/tr>\n<tr>\n<td>Performance<\/td>\n<\/tr>\n<tr>\n<td>Processor intel core\u0099 ultra 7 265, 20c (8p + 12e) \/ 20t, max turbo up to 5.3ghz, 30mb intel\u00ae smart cache<\/td>\n<\/tr>\n<tr>\n<td>Ai pc category ai pc<\/td>\n<\/tr>\n<tr>\n<td>Npu integrated intel\u00ae ai boost, up to 13 tops<\/td>\n<\/tr>\n<tr>\n<td>Graphics integrated intel\u00ae graphics<\/td>\n<\/tr>\n<tr>\n<td>Chipset intel\u00ae q870 chipset<\/td>\n<\/tr>\n<tr>\n<td>Memory 1x 16gb udimm ddr5-5600<\/td>\n<\/tr>\n<tr>\n<td>Memory slots four ddr5 udimm slots, dual-channel capable<\/td>\n<\/tr>\n<tr>\n<td>Max memory up to 128gb ddr5<\/td>\n<\/tr>\n<tr>\n<td>Storage 1tb ssd m.2 2280 pcie\u00ae 4.0&#215;4 nvme\u00ae opal 2.0<\/td>\n<\/tr>\n<tr>\n<td>Max storage support up to four drives, 1x 3.5 hdd + 1x 2.5 hdd + 2x m.2 ssd<\/td>\n<\/tr>\n<tr>\n<td>\u0095 3.5 hdd up to 2tb<\/td>\n<\/tr>\n<tr>\n<td>\u0095 2.5 hdd bay is only for customer self upgrade<\/td>\n<\/tr>\n<tr>\n<td>\u0095 m.2 ssd up to 2tb each<\/td>\n<\/tr>\n<tr>\n<td>Raid preset none<\/td>\n<\/tr>\n<tr>\n<td>Card reader no card reader<\/td>\n<\/tr>\n<tr>\n<td>Optical none<\/td>\n<\/tr>\n<tr>\n<td>Audio chip high definition (hd) audio, realtek\u00ae alc623-cg codec<\/td>\n<\/tr>\n<tr>\n<td>Speakers 1wx1<\/td>\n<\/tr>\n<tr>\n<td>Power supply 260w 90%<\/td>\n<\/tr>\n<tr>\n<td>Design<\/td>\n<\/tr>\n<tr>\n<td>Keyboard usb, calliope, black, spanish (la)<\/td>\n<\/tr>\n<tr>\n<td>Mouse usb calliope mouse, black<\/td>\n<\/tr>\n<tr>\n<td>Optional bay none<\/td>\n<\/tr>\n<tr>\n<td>Expansion slots one pcie\u00ae 4.0 x16, low-profile, length  and #8804; 155mm, height  and #8804; 70mm, two pcie\u00ae 3.0 x1, low-profile, length  and #8804; 155mm, height  and #8804; 70mm, three m.2 slots (one for wlan, two for ssd)<\/td>\n<\/tr>\n<tr>\n<td>Case color black<\/td>\n<\/tr>\n<tr>\n<td>Stand none<\/td>\n<\/tr>\n<tr>\n<td>Dust filter none<\/td>\n<\/tr>\n<tr>\n<td>Pen pen not supported<\/td>\n<\/tr>\n<tr>\n<td>Form factor sff (8.2l)<\/td>\n<\/tr>\n<tr>\n<td>Dimensions (wxdxh) 92.5 x 299.7 x 339.5 mm (3.6 x 11.8 x 13.4 inches)<\/td>\n<\/tr>\n<tr>\n<td>Weight 5.1 kg (11.2 lbs, maximum configuration)<\/td>\n<\/tr>\n<tr>\n<td>Connectivity<\/td>\n<\/tr>\n<tr>\n<td>Wlan + bluetooth intel\u00ae wi-fi\u00ae 6e ax211, 802.11ax 2&#215;2 + bt5.3, vpro\u00ae<\/td>\n<\/tr>\n<tr>\n<td>Wwan wwan not supported<\/td>\n<\/tr>\n<tr>\n<td>Ethernet integrated 100\/1000m<\/td>\n<\/tr>\n<tr>\n<td>Front ports 1x usb-c\u00ae (usb 5gbps \/ usb 3.2 gen 1), with 15w charging, 2x usb-a (usb 5gbps \/ usb 3.2 gen 1), 2x usb-a (usb 10gbps \/ usb 3.2 gen 2), 1x headphone \/ microphone combo jack (3.5mm)<\/td>\n<\/tr>\n<tr>\n<td>Optional front ports (configured) &#8211;<\/td>\n<\/tr>\n<tr>\n<td>Rear ports 4x usb-a (usb 5gbps \/ usb 3.2 gen 1), 1x hdmi\u00ae 2.1 tmds, 2x displayport\u0099 1.4a (hbr3, dsc), 1x ethernet (rj-45), 1x line-out (3.5mm)<\/td>\n<\/tr>\n<tr>\n<td>Optional rear ports (configured) none<\/td>\n<\/tr>\n<tr>\n<td>Security  and  privacy<\/td>\n<\/tr>\n<tr>\n<td>Security chip discrete tpm 2.0, tcg certified, fips 140-2 certified<\/td>\n<\/tr>\n<tr>\n<td>Fingerprint reader no fingerprint reader<\/td>\n<\/tr>\n<tr>\n<td>Physical locks kensington security slot\u0099, 3 x 7 mm, padlock loop<\/td>\n<\/tr>\n<tr>\n<td>Smart cable clip none<\/td>\n<\/tr>\n<tr>\n<td>Chassis e-lock none<\/td>\n<\/tr>\n<tr>\n<td>Chassis intrusion switch none<\/td>\n<\/tr>\n<tr>\n<td>Manageability<\/td>\n<\/tr>\n<tr>\n<td>System management intel\u00ae vpro\u00ae enterprise<\/td>\n<\/tr>\n<tr>\n<td>Service<\/td>\n<\/tr>\n<tr>\n<td>Base warranty 1-year, onsite<\/td>\n<\/tr>\n<tr>\n<td>Included upgrade 3y onsite upgrade from 1y onsite promo smb (lsi)<\/td>\n<\/tr>\n<tr>\n<td>Certifications<\/td>\n<\/tr>\n<tr>\n<td>Green certifications energy star\u00ae 9.0, epeat\u0099 gold registered, tco certified 10, erp lot 3, greenguard\u00ae, rohs compliant<\/td>\n<\/tr>\n<tr>\n<td>Other certifications &#8211;<\/td>\n<\/tr>\n<tr>\n<td>Mil-spec test mil-std-810h military test passed (low pressure [altitude], high temperature, low temperature, temperature shock, humidity, sand and dust, vibration, shock, solar radiation, contamination by fluids, salt fog)<\/td>\n<\/tr>\n<tr>\n<td>Software<\/td>\n<\/tr>\n<tr>\n<td>Operating system windows\u00ae 11 pro, spanish<\/td>\n<\/tr>\n<tr>\n<td>Bundled software thinkshield control 1-year<\/td>\n<\/tr>\n<\/table>\n","protected":false},"excerpt":{"rendered":"<p>Equipos asequibles con un rendimiento impresionante<\/p>\n","protected":false},"featured_media":0,"comment_status":"open","ping_status":"open","template":"","meta":[],"product_cat":[1971,1972],"product_tag":[1578],"acf":[],"yoast_head":"<!-- This site is optimized with the Yoast SEO plugin v21.7 - https:\/\/yoast.com\/wordpress\/plugins\/seo\/ -->\n<title>[ Lenovo ] &#129351; 12yj0009ls Pc Thinkcentre M70s Gen 6 | Intel Core Ultra 7 265 | 16 Gb | 1 Tb Ssd M.2 | Teclado Y Mouse Usb | Wifi + Bt | Win 11 Pro | 3 Y Garantia En Sitio | Certificacion Militar Mil-std-810h |<\/title>\n<meta name=\"description\" content=\"Compra 12yj0009ls Pc Thinkcentre M70s Gen 6 | Intel Core Ultra 7 265 | 16 Gb | 1 Tb Ssd M.2 | Teclado Y Mouse Usb | Wifi + Bt | Win 11 Pro | 3 Y Garantia En Sitio | Certificacion Militar Mil-std-810h | + Env\u00edo a domicilio + Pago seguro + Garant\u00eda\" \/>\n<meta name=\"robots\" content=\"index, follow, max-snippet:-1, max-image-preview:large, max-video-preview:-1\" \/>\n<link rel=\"canonical\" href=\"https:\/\/compuviper.mx\/tienda\/producto\/lenovo-12yj0009ls-pc-thinkcentre-m70s-gen-6-intel-core-ultra-7-265-16-gb-1-tb-ssd-m-2-teclado-y-mouse-usb-wifi-bt-win-11-pro-3-y-garantia-en-sitio-certificacion-militar-mil-std-810h\/\" \/>\n<meta property=\"og:locale\" content=\"es_MX\" \/>\n<meta property=\"og:type\" content=\"article\" \/>\n<meta property=\"og:title\" content=\"[ Lenovo ] &#129351; 12yj0009ls Pc Thinkcentre M70s Gen 6 | Intel Core Ultra 7 265 | 16 Gb | 1 Tb Ssd M.2 | Teclado Y Mouse Usb | Wifi + Bt | Win 11 Pro | 3 Y Garantia En Sitio | Certificacion Militar Mil-std-810h |\" \/>\n<meta property=\"og:description\" content=\"Compra 12yj0009ls Pc Thinkcentre M70s Gen 6 | Intel Core Ultra 7 265 | 16 Gb | 1 Tb Ssd M.2 | Teclado Y Mouse Usb | Wifi + Bt | Win 11 Pro | 3 Y Garantia En Sitio | Certificacion Militar Mil-std-810h | + Env\u00edo a domicilio + Pago seguro + Garant\u00eda\" \/>\n<meta property=\"og:url\" content=\"https:\/\/compuviper.mx\/tienda\/producto\/lenovo-12yj0009ls-pc-thinkcentre-m70s-gen-6-intel-core-ultra-7-265-16-gb-1-tb-ssd-m-2-teclado-y-mouse-usb-wifi-bt-win-11-pro-3-y-garantia-en-sitio-certificacion-militar-mil-std-810h\/\" \/>\n<meta property=\"og:site_name\" content=\"Compuviper\" \/>\n<meta property=\"article:publisher\" content=\"https:\/\/www.facebook.com\/compuviper\" \/>\n<meta property=\"article:modified_time\" content=\"2026-04-02T07:31:22+00:00\" \/>\n<meta name=\"twitter:card\" content=\"summary_large_image\" \/>\n<meta name=\"twitter:label1\" content=\"Precio\" \/>\n\t<meta name=\"twitter:data1\" content=\"&#36;25,861 con IVA\" \/>\n\t<meta name=\"twitter:label2\" content=\"Availability\" \/>\n\t<meta name=\"twitter:data2\" content=\"In stock\" \/>\n<script type=\"application\/ld+json\" class=\"yoast-schema-graph\">{\"@context\":\"https:\/\/schema.org\",\"@graph\":[{\"@type\":\"WebPage\",\"@id\":\"https:\/\/compuviper.mx\/tienda\/producto\/lenovo-12yj0009ls-pc-thinkcentre-m70s-gen-6-intel-core-ultra-7-265-16-gb-1-tb-ssd-m-2-teclado-y-mouse-usb-wifi-bt-win-11-pro-3-y-garantia-en-sitio-certificacion-militar-mil-std-810h\/\",\"url\":\"https:\/\/compuviper.mx\/tienda\/producto\/lenovo-12yj0009ls-pc-thinkcentre-m70s-gen-6-intel-core-ultra-7-265-16-gb-1-tb-ssd-m-2-teclado-y-mouse-usb-wifi-bt-win-11-pro-3-y-garantia-en-sitio-certificacion-militar-mil-std-810h\/\",\"name\":\"[ Lenovo ] &#129351; 12yj0009ls Pc Thinkcentre M70s Gen 6 | Intel Core Ultra 7 265 | 16 Gb | 1 Tb Ssd M.2 | Teclado Y Mouse Usb | Wifi + Bt | Win 11 Pro | 3 Y Garantia En Sitio | Certificacion Militar Mil-std-810h |\",\"isPartOf\":{\"@id\":\"https:\/\/compuviper.mx\/tienda\/#website\"},\"datePublished\":\"2026-04-02T07:31:21+00:00\",\"dateModified\":\"2026-04-02T07:31:22+00:00\",\"description\":\"Compra 12yj0009ls Pc Thinkcentre M70s Gen 6 | Intel Core Ultra 7 265 | 16 Gb | 1 Tb Ssd M.2 | Teclado Y Mouse Usb | Wifi + Bt | Win 11 Pro | 3 Y Garantia En Sitio | Certificacion Militar Mil-std-810h | + Env\u00edo a domicilio + Pago seguro + Garant\u00eda\",\"breadcrumb\":{\"@id\":\"https:\/\/compuviper.mx\/tienda\/producto\/lenovo-12yj0009ls-pc-thinkcentre-m70s-gen-6-intel-core-ultra-7-265-16-gb-1-tb-ssd-m-2-teclado-y-mouse-usb-wifi-bt-win-11-pro-3-y-garantia-en-sitio-certificacion-militar-mil-std-810h\/#breadcrumb\"},\"inLanguage\":\"es-MX\",\"potentialAction\":[{\"@type\":\"ReadAction\",\"target\":[\"https:\/\/compuviper.mx\/tienda\/producto\/lenovo-12yj0009ls-pc-thinkcentre-m70s-gen-6-intel-core-ultra-7-265-16-gb-1-tb-ssd-m-2-teclado-y-mouse-usb-wifi-bt-win-11-pro-3-y-garantia-en-sitio-certificacion-militar-mil-std-810h\/\"]}]},{\"@type\":\"BreadcrumbList\",\"@id\":\"https:\/\/compuviper.mx\/tienda\/producto\/lenovo-12yj0009ls-pc-thinkcentre-m70s-gen-6-intel-core-ultra-7-265-16-gb-1-tb-ssd-m-2-teclado-y-mouse-usb-wifi-bt-win-11-pro-3-y-garantia-en-sitio-certificacion-militar-mil-std-810h\/#breadcrumb\",\"itemListElement\":[{\"@type\":\"ListItem\",\"position\":1,\"name\":\"Inicio\",\"item\":\"https:\/\/compuviper.mx\/tienda\/\"},{\"@type\":\"ListItem\",\"position\":2,\"name\":\"Productos\",\"item\":\"https:\/\/compuviper.mx\/tienda\/productos\/\"},{\"@type\":\"ListItem\",\"position\":3,\"name\":\"Computadoras\",\"item\":\"https:\/\/compuviper.mx\/tienda\/categoria-producto\/computadoras\/\"},{\"@type\":\"ListItem\",\"position\":4,\"name\":\"Desktop\",\"item\":\"https:\/\/compuviper.mx\/tienda\/categoria-producto\/computadoras\/desktop-computadoras\/\"},{\"@type\":\"ListItem\",\"position\":5,\"name\":\"Lenovo 12yj0009ls Pc Thinkcentre M70s Gen 6 | Intel Core Ultra 7 265 | 16 Gb | 1 Tb Ssd M.2 | Teclado Y Mouse Usb | Wifi + Bt | Win 11 Pro | 3 Y Garantia En Sitio | Certificacion Militar Mil-std-810h |\"}]},{\"@type\":\"WebSite\",\"@id\":\"https:\/\/compuviper.mx\/tienda\/#website\",\"url\":\"https:\/\/compuviper.mx\/tienda\/\",\"name\":\"Compuviper\",\"description\":\"Proveedor de Computadoras, Laptops, Servidores, Monitores, Puntos de Venta, Teclados,   Impresoras, T\u00f3ner, C\u00e1maras de Seguridad y m\u00e1s en tu tienda en l\u00ednea\",\"publisher\":{\"@id\":\"https:\/\/compuviper.mx\/tienda\/#organization\"},\"potentialAction\":[{\"@type\":\"SearchAction\",\"target\":{\"@type\":\"EntryPoint\",\"urlTemplate\":\"https:\/\/compuviper.mx\/tienda\/?s={search_term_string}\"},\"query-input\":\"required name=search_term_string\"}],\"inLanguage\":\"es-MX\"},{\"@type\":\"Organization\",\"@id\":\"https:\/\/compuviper.mx\/tienda\/#organization\",\"name\":\"Compuviper\",\"url\":\"https:\/\/compuviper.mx\/tienda\/\",\"logo\":{\"@type\":\"ImageObject\",\"inLanguage\":\"es-MX\",\"@id\":\"https:\/\/compuviper.mx\/tienda\/#\/schema\/logo\/image\/\",\"url\":\"https:\/\/compuviper.mx\/tienda\/wp-content\/uploads\/2021\/08\/Logo-Compuviper-10.png\",\"contentUrl\":\"https:\/\/compuviper.mx\/tienda\/wp-content\/uploads\/2021\/08\/Logo-Compuviper-10.png\",\"width\":1000,\"height\":500,\"caption\":\"Compuviper\"},\"image\":{\"@id\":\"https:\/\/compuviper.mx\/tienda\/#\/schema\/logo\/image\/\"},\"sameAs\":[\"https:\/\/www.facebook.com\/compuviper\",\"https:\/\/www.youtube.com\/channel\/UCf73dERp9Y3cfOq7q8BhLjA?view_as=subscriber\"]}]}<\/script>\n<meta property=\"product:brand\" content=\"LENOVO\" \/>\n<meta property=\"product:price:amount\" content=\"25861\" \/>\n<meta property=\"product:price:currency\" content=\"MXN\" \/>\n<meta property=\"og:availability\" content=\"instock\" \/>\n<meta property=\"product:availability\" content=\"instock\" \/>\n<meta property=\"product:retailer_item_id\" content=\"12YJ0009LS\" \/>\n<meta property=\"product:condition\" content=\"new\" \/>\n<!-- \/ Yoast SEO plugin. -->","yoast_head_json":{"title":"[ Lenovo ] &#129351; 12yj0009ls Pc Thinkcentre M70s Gen 6 | Intel Core Ultra 7 265 | 16 Gb | 1 Tb Ssd M.2 | Teclado Y Mouse Usb | Wifi + Bt | Win 11 Pro | 3 Y Garantia En Sitio | Certificacion Militar Mil-std-810h |","description":"Compra 12yj0009ls Pc Thinkcentre M70s Gen 6 | Intel Core Ultra 7 265 | 16 Gb | 1 Tb Ssd M.2 | Teclado Y Mouse Usb | Wifi + Bt | Win 11 Pro | 3 Y Garantia En Sitio | Certificacion Militar Mil-std-810h | + Env\u00edo a domicilio + Pago seguro + Garant\u00eda","robots":{"index":"index","follow":"follow","max-snippet":"max-snippet:-1","max-image-preview":"max-image-preview:large","max-video-preview":"max-video-preview:-1"},"canonical":"https:\/\/compuviper.mx\/tienda\/producto\/lenovo-12yj0009ls-pc-thinkcentre-m70s-gen-6-intel-core-ultra-7-265-16-gb-1-tb-ssd-m-2-teclado-y-mouse-usb-wifi-bt-win-11-pro-3-y-garantia-en-sitio-certificacion-militar-mil-std-810h\/","og_locale":"es_MX","og_type":"article","og_title":"[ Lenovo ] &#129351; 12yj0009ls Pc Thinkcentre M70s Gen 6 | Intel Core Ultra 7 265 | 16 Gb | 1 Tb Ssd M.2 | Teclado Y Mouse Usb | Wifi + Bt | Win 11 Pro | 3 Y Garantia En Sitio | Certificacion Militar Mil-std-810h |","og_description":"Compra 12yj0009ls Pc Thinkcentre M70s Gen 6 | Intel Core Ultra 7 265 | 16 Gb | 1 Tb Ssd M.2 | Teclado Y Mouse Usb | Wifi + Bt | Win 11 Pro | 3 Y Garantia En Sitio | Certificacion Militar Mil-std-810h | + Env\u00edo a domicilio + Pago seguro + Garant\u00eda","og_url":"https:\/\/compuviper.mx\/tienda\/producto\/lenovo-12yj0009ls-pc-thinkcentre-m70s-gen-6-intel-core-ultra-7-265-16-gb-1-tb-ssd-m-2-teclado-y-mouse-usb-wifi-bt-win-11-pro-3-y-garantia-en-sitio-certificacion-militar-mil-std-810h\/","og_site_name":"Compuviper","article_publisher":"https:\/\/www.facebook.com\/compuviper","article_modified_time":"2026-04-02T07:31:22+00:00","twitter_card":"summary_large_image","twitter_misc":{"Precio":"&#36;25,861 con IVA","Availability":"In stock"},"schema":{"@context":"https:\/\/schema.org","@graph":[{"@type":"WebPage","@id":"https:\/\/compuviper.mx\/tienda\/producto\/lenovo-12yj0009ls-pc-thinkcentre-m70s-gen-6-intel-core-ultra-7-265-16-gb-1-tb-ssd-m-2-teclado-y-mouse-usb-wifi-bt-win-11-pro-3-y-garantia-en-sitio-certificacion-militar-mil-std-810h\/","url":"https:\/\/compuviper.mx\/tienda\/producto\/lenovo-12yj0009ls-pc-thinkcentre-m70s-gen-6-intel-core-ultra-7-265-16-gb-1-tb-ssd-m-2-teclado-y-mouse-usb-wifi-bt-win-11-pro-3-y-garantia-en-sitio-certificacion-militar-mil-std-810h\/","name":"[ Lenovo ] &#129351; 12yj0009ls Pc Thinkcentre M70s Gen 6 | Intel Core Ultra 7 265 | 16 Gb | 1 Tb Ssd M.2 | Teclado Y Mouse Usb | Wifi + Bt | Win 11 Pro | 3 Y Garantia En Sitio | Certificacion Militar Mil-std-810h |","isPartOf":{"@id":"https:\/\/compuviper.mx\/tienda\/#website"},"datePublished":"2026-04-02T07:31:21+00:00","dateModified":"2026-04-02T07:31:22+00:00","description":"Compra 12yj0009ls Pc Thinkcentre M70s Gen 6 | Intel Core Ultra 7 265 | 16 Gb | 1 Tb Ssd M.2 | Teclado Y Mouse Usb | Wifi + Bt | Win 11 Pro | 3 Y Garantia En Sitio | Certificacion Militar Mil-std-810h | + Env\u00edo a domicilio + Pago seguro + Garant\u00eda","breadcrumb":{"@id":"https:\/\/compuviper.mx\/tienda\/producto\/lenovo-12yj0009ls-pc-thinkcentre-m70s-gen-6-intel-core-ultra-7-265-16-gb-1-tb-ssd-m-2-teclado-y-mouse-usb-wifi-bt-win-11-pro-3-y-garantia-en-sitio-certificacion-militar-mil-std-810h\/#breadcrumb"},"inLanguage":"es-MX","potentialAction":[{"@type":"ReadAction","target":["https:\/\/compuviper.mx\/tienda\/producto\/lenovo-12yj0009ls-pc-thinkcentre-m70s-gen-6-intel-core-ultra-7-265-16-gb-1-tb-ssd-m-2-teclado-y-mouse-usb-wifi-bt-win-11-pro-3-y-garantia-en-sitio-certificacion-militar-mil-std-810h\/"]}]},{"@type":"BreadcrumbList","@id":"https:\/\/compuviper.mx\/tienda\/producto\/lenovo-12yj0009ls-pc-thinkcentre-m70s-gen-6-intel-core-ultra-7-265-16-gb-1-tb-ssd-m-2-teclado-y-mouse-usb-wifi-bt-win-11-pro-3-y-garantia-en-sitio-certificacion-militar-mil-std-810h\/#breadcrumb","itemListElement":[{"@type":"ListItem","position":1,"name":"Inicio","item":"https:\/\/compuviper.mx\/tienda\/"},{"@type":"ListItem","position":2,"name":"Productos","item":"https:\/\/compuviper.mx\/tienda\/productos\/"},{"@type":"ListItem","position":3,"name":"Computadoras","item":"https:\/\/compuviper.mx\/tienda\/categoria-producto\/computadoras\/"},{"@type":"ListItem","position":4,"name":"Desktop","item":"https:\/\/compuviper.mx\/tienda\/categoria-producto\/computadoras\/desktop-computadoras\/"},{"@type":"ListItem","position":5,"name":"Lenovo 12yj0009ls Pc Thinkcentre M70s Gen 6 | Intel Core Ultra 7 265 | 16 Gb | 1 Tb Ssd M.2 | Teclado Y Mouse Usb | Wifi + Bt | Win 11 Pro | 3 Y Garantia En Sitio | Certificacion Militar Mil-std-810h |"}]},{"@type":"WebSite","@id":"https:\/\/compuviper.mx\/tienda\/#website","url":"https:\/\/compuviper.mx\/tienda\/","name":"Compuviper","description":"Proveedor de Computadoras, Laptops, Servidores, Monitores, Puntos de Venta, Teclados,   Impresoras, T\u00f3ner, C\u00e1maras de Seguridad y m\u00e1s en tu tienda en l\u00ednea","publisher":{"@id":"https:\/\/compuviper.mx\/tienda\/#organization"},"potentialAction":[{"@type":"SearchAction","target":{"@type":"EntryPoint","urlTemplate":"https:\/\/compuviper.mx\/tienda\/?s={search_term_string}"},"query-input":"required name=search_term_string"}],"inLanguage":"es-MX"},{"@type":"Organization","@id":"https:\/\/compuviper.mx\/tienda\/#organization","name":"Compuviper","url":"https:\/\/compuviper.mx\/tienda\/","logo":{"@type":"ImageObject","inLanguage":"es-MX","@id":"https:\/\/compuviper.mx\/tienda\/#\/schema\/logo\/image\/","url":"https:\/\/compuviper.mx\/tienda\/wp-content\/uploads\/2021\/08\/Logo-Compuviper-10.png","contentUrl":"https:\/\/compuviper.mx\/tienda\/wp-content\/uploads\/2021\/08\/Logo-Compuviper-10.png","width":1000,"height":500,"caption":"Compuviper"},"image":{"@id":"https:\/\/compuviper.mx\/tienda\/#\/schema\/logo\/image\/"},"sameAs":["https:\/\/www.facebook.com\/compuviper","https:\/\/www.youtube.com\/channel\/UCf73dERp9Y3cfOq7q8BhLjA?view_as=subscriber"]}]},"product_brand":"LENOVO","product_price_amount":"25861","product_price_currency":"MXN","og_availability":"instock","product_availability":"instock","product_retailer_item_id":"12YJ0009LS","product_condition":"new"},"_links":{"self":[{"href":"https:\/\/compuviper.mx\/tienda\/wp-json\/wp\/v2\/product\/267789"}],"collection":[{"href":"https:\/\/compuviper.mx\/tienda\/wp-json\/wp\/v2\/product"}],"about":[{"href":"https:\/\/compuviper.mx\/tienda\/wp-json\/wp\/v2\/types\/product"}],"replies":[{"embeddable":true,"href":"https:\/\/compuviper.mx\/tienda\/wp-json\/wp\/v2\/comments?post=267789"}],"wp:attachment":[{"href":"https:\/\/compuviper.mx\/tienda\/wp-json\/wp\/v2\/media?parent=267789"}],"wp:term":[{"taxonomy":"product_cat","embeddable":true,"href":"https:\/\/compuviper.mx\/tienda\/wp-json\/wp\/v2\/product_cat?post=267789"},{"taxonomy":"product_tag","embeddable":true,"href":"https:\/\/compuviper.mx\/tienda\/wp-json\/wp\/v2\/product_tag?post=267789"}],"curies":[{"name":"wp","href":"https:\/\/api.w.org\/{rel}","templated":true}]}}