{"id":267781,"date":"2026-04-14T01:22:04","date_gmt":"2026-04-14T07:22:04","guid":{"rendered":"https:\/\/compuviper.mx\/tienda\/producto\/lenovo-21ss0011lm-laptop-thinkpad-e16-gen-3-core-ultra-7-255h-5-1ghz-16gb-ddr5-512gb-ssd-16-wuxga-1920x1200-negro-win-11-pro-1yr-en-sitio\/"},"modified":"2026-04-14T01:22:04","modified_gmt":"2026-04-14T07:22:04","slug":"lenovo-21ss0011lm-laptop-thinkpad-e16-gen-3-core-ultra-7-255h-5-1ghz-16gb-ddr5-512gb-ssd-16-wuxga-1920x1200-negro-win-11-pro-1yr-en-sitio","status":"publish","type":"product","link":"https:\/\/compuviper.mx\/tienda\/producto\/lenovo-21ss0011lm-laptop-thinkpad-e16-gen-3-core-ultra-7-255h-5-1ghz-16gb-ddr5-512gb-ssd-16-wuxga-1920x1200-negro-win-11-pro-1yr-en-sitio\/","title":{"rendered":"Lenovo 21ss0011lm Laptop  Thinkpad E16 Gen 3 \/ Core Ultra 7 255h 5.1ghz \/ 16gb Ddr5 \/ 512gb Ssd \/ 16 Wuxga 1920&#215;1200 \/ Negro \/ Win 11 Pro \/ 1yr En Sitio"},"content":{"rendered":"<table class=\"descripcion\">\n<tr>\n<td>Thinkpad e16 gen 3 (intel)<\/td>\n<\/tr>\n<tr>\n<td>21ss0011lm<\/td>\n<\/tr>\n<tr>\n<td>Performance<\/td>\n<\/tr>\n<tr>\n<td>Processor intel core ultra 7 255h, 16c (6p + 8e + 2lpe) \/ 16t, max turbo up<\/td>\n<\/tr>\n<tr>\n<td>To 5.1ghz, 24mb intel smart cache<\/td>\n<\/tr>\n<tr>\n<td>Ai pc category ai pc[1]<\/td>\n<\/tr>\n<tr>\n<td>Npu integrated intel ai boost, up to 13 tops<\/td>\n<\/tr>\n<tr>\n<td>Graphics integrated intel arc\u0099 140t gpu functions as intel\u00ae graphics<\/td>\n<\/tr>\n<tr>\n<td>Chipset intel\u00ae soc platform<\/td>\n<\/tr>\n<tr>\n<td>Memory 1x 16gb sodimm ddr5-5600<\/td>\n<\/tr>\n<tr>\n<td>Memory slots raptor lake, meteor lake and arrow lake: two ddr5 sodimm slots,<\/td>\n<\/tr>\n<tr>\n<td>Dual-channel capable<\/td>\n<\/tr>\n<tr>\n<td>Max memory raptor lake with h series processors, meteor lake and arrow lake:<\/td>\n<\/tr>\n<tr>\n<td>Up to 64gb ddr5-5600<\/td>\n<\/tr>\n<tr>\n<td>Storage 512gb ssd m.2 2242 pcie\u00ae 4.0&#215;4 nvme\u00ae opal 2.0<\/td>\n<\/tr>\n<tr>\n<td>Storage slot raptor lake, meteor lake and arrow lake: two m.2 slots \u0095 one m.2<\/td>\n<\/tr>\n<tr>\n<td>2242 pcie\u00ae 4.0 x4 slot \u0095 one m.2 2280 pcie 4.0 x4 slot<\/td>\n<\/tr>\n<tr>\n<td>Max storage support raptor lake, meteor lake and arrow lake: up to two drives, 2x m.2<\/td>\n<\/tr>\n<tr>\n<td>Ssd \u0095 m.2 2242 ssd up to 1tb \u0095 m.2 2280 ssd up to 1tb<\/td>\n<\/tr>\n<tr>\n<td>Card reader no card reader<\/td>\n<\/tr>\n<tr>\n<td>Audio chip high definition (hd) audio, senary sn6147 codec<\/td>\n<\/tr>\n<tr>\n<td>Speakers stereo speakers, 2w x2, dolby atmos, audio by harman<\/td>\n<\/tr>\n<tr>\n<td>Microphone 2x, array<\/td>\n<\/tr>\n<tr>\n<td>Camera fhd 1080p + ir hybrid with privacy shutter<\/td>\n<\/tr>\n<tr>\n<td>Battery 48wh<\/td>\n<\/tr>\n<tr>\n<td>Power adapter 65w usb-c (2-pin)<\/td>\n<\/tr>\n<tr>\n<td>Design<\/td>\n<\/tr>\n<tr>\n<td>Display 16 wuxga (1920&#215;1200) ips 300nits anti-glare, 45% ntsc, 60hz[2]<\/td>\n<\/tr>\n<tr>\n<td>Touchscreen<\/td>\n<\/tr>\n<tr>\n<td>None<\/td>\n<\/tr>\n<tr>\n<td>Screen-to-body ratio 90.7%<\/td>\n<\/tr>\n<tr>\n<td>Pen pen not supported<\/td>\n<\/tr>\n<tr>\n<td>Keyboard non-backlit, spanish (la)<\/td>\n<\/tr>\n<tr>\n<td>Dimensions (wxdxh)[3]<\/td>\n<\/tr>\n<tr>\n<td>356 x 249 x 10.1\/17.05 (front\/rear), 21.95 (maximum) mm; 14.01 x 9.8<\/td>\n<\/tr>\n<tr>\n<td>X 0.40\/0.67 (front\/rear), 0.86 (maximum) inches<\/td>\n<\/tr>\n<tr>\n<td>Weight[4]<\/td>\n<\/tr>\n<tr>\n<td>Starting at 1.63 kg (3.59 lbs)<\/td>\n<\/tr>\n<tr>\n<td>Case color black<\/td>\n<\/tr>\n<tr>\n<td>Case material aluminium (top), pc-abs (bottom)<\/td>\n<\/tr>\n<tr>\n<td>Software<\/td>\n<\/tr>\n<tr>\n<td>Operating system windows 11 pro, spanish \/ mexican spanish \/ english<\/td>\n<\/tr>\n<tr>\n<td>Bundled software none<\/td>\n<\/tr>\n<tr>\n<td>Connectivity<\/td>\n<\/tr>\n<tr>\n<td>Wlan + bluetooth wi-fi 6, 802.11ax 2&#215;2 + bt5.3<\/td>\n<\/tr>\n<tr>\n<td>Wwan wwan not supported<\/td>\n<\/tr>\n<tr>\n<td>Sim card no physical sim card inbox<\/td>\n<\/tr>\n<tr>\n<td>Ethernet 100\/1000m (rj-45)<\/td>\n<\/tr>\n<tr>\n<td>Nfcno nfc<\/td>\n<\/tr>\n<tr>\n<td>Standard ports 1x usb-a (usb 5gbps \/ usb 3.2 gen 1)<\/td>\n<\/tr>\n<tr>\n<td>1x usb-a (usb 10gbps \/ usb 3.2 gen 2), always on<\/td>\n<\/tr>\n<tr>\n<td>1x usb-c (thunderbolt 4 \/ usb4 40gbps), with usb pd 45<\/td>\n<\/tr>\n<tr>\n<td>65w and displayport\u0099 2.1<\/td>\n<\/tr>\n<tr>\n<td>1x hdmi 2.1, up to 4k\/60hz<\/td>\n<\/tr>\n<tr>\n<td>1x headphone \/ microphone combo jack (3.5mm)<\/td>\n<\/tr>\n<tr>\n<td>1x ethernet (rj-45)<\/td>\n<\/tr>\n<tr>\n<td>Optional ports (configured) 1x usb-c (usb 20gbps \/ usb 3.2 gen 2&#215;2), with usb pd 45-65w<\/td>\n<\/tr>\n<tr>\n<td>And displayport 1.4<\/td>\n<\/tr>\n<tr>\n<td>Docking various docking solutions supported via thunderbolt or usb-c.<\/td>\n<\/tr>\n<tr>\n<td>For more compatible docking solutions, please visit docking for<\/td>\n<\/tr>\n<tr>\n<td>Thinkpad e16 gen 3 (intel)<\/td>\n<\/tr>\n<tr>\n<td>Security  and  privacy<\/td>\n<\/tr>\n<tr>\n<td>Thinkshield thinkshield is a comprehensive security solution that encompasses<\/td>\n<\/tr>\n<tr>\n<td>Hardware, software, and supply chain components. for more detials,<\/td>\n<\/tr>\n<tr>\n<td>Visit here<\/td>\n<\/tr>\n<tr>\n<td>Security chip discrete tpm 2.0 enabled<\/td>\n<\/tr>\n<tr>\n<td>Physical locks kensington nano security slot, 2.5 x 6 mm<\/td>\n<\/tr>\n<tr>\n<td>Smart card reader no smart card reader<\/td>\n<\/tr>\n<tr>\n<td>Fingerprint reader touch style, match-on-chip, integrated in power button<\/td>\n<\/tr>\n<tr>\n<td>Other security camera privacy shutter<\/td>\n<\/tr>\n<tr>\n<td>Ir camera for windows hello (facial recognition)<\/td>\n<\/tr>\n<tr>\n<td>Manageability<\/td>\n<\/tr>\n<tr>\n<td>System management non-vpro<\/td>\n<\/tr>\n<tr>\n<td>Service<\/td>\n<\/tr>\n<tr>\n<td>Base warranty 1-year, courier or carry-in<\/td>\n<\/tr>\n<tr>\n<td>Included upgrade 1y onsite upgrade from 1y courier\/carry-in promolsi (cpn)<\/td>\n<\/tr>\n<tr>\n<td>Accessories<\/td>\n<\/tr>\n<tr>\n<td>Certifications<\/td>\n<\/tr>\n<tr>\n<td>Green certifications energy star 9.0<\/td>\n<\/tr>\n<tr>\n<td>Epeat gold registered[5]<\/td>\n<\/tr>\n<tr>\n<td>Erp lot 6\/26<\/td>\n<\/tr>\n<tr>\n<td>Rohs compliant<\/td>\n<\/tr>\n<tr>\n<td>Tco certified, generation 10<\/td>\n<\/tr>\n<tr>\n<td>Mil-spec test mil-std-810h military test passed<\/td>\n<\/tr>\n<tr>\n<td>Other certifications t\u00fcv rheinland low blue light (software solution)<\/td>\n<\/tr>\n<\/table>\n","protected":false},"excerpt":{"rendered":"<p>Laptop duradera, elegante y potente para hacer negocios en cualquier lugar. Lenovo thinkpad e16 3ra gen (16\u0094 intel)<\/p>\n","protected":false},"featured_media":0,"comment_status":"open","ping_status":"open","template":"","meta":[],"product_cat":[1886,1887],"product_tag":[1578],"acf":[],"yoast_head":"<!-- This site is optimized with the Yoast SEO plugin v21.7 - https:\/\/yoast.com\/wordpress\/plugins\/seo\/ -->\n<title>[ Lenovo ] &#129351; 21ss0011lm Laptop Thinkpad E16 Gen 3 \/ Core Ultra 7 255h 5.1ghz \/ 16gb Ddr5 \/ 512gb Ssd \/ 16 Wuxga 1920x1200 \/ Negro \/ Win 11 Pro \/ 1yr En Sitio<\/title>\n<meta name=\"description\" content=\"Compra 21ss0011lm Laptop Thinkpad E16 Gen 3 \/ Core Ultra 7 255h 5.1ghz \/ 16gb Ddr5 \/ 512gb Ssd \/ 16 Wuxga 1920x1200 \/ Negro \/ Win 11 Pro \/ 1yr En Sitio + Env\u00edo a domicilio + Pago seguro + Garant\u00eda\" \/>\n<meta name=\"robots\" content=\"index, follow, max-snippet:-1, max-image-preview:large, max-video-preview:-1\" \/>\n<link rel=\"canonical\" href=\"https:\/\/compuviper.mx\/tienda\/producto\/lenovo-21ss0011lm-laptop-thinkpad-e16-gen-3-core-ultra-7-255h-5-1ghz-16gb-ddr5-512gb-ssd-16-wuxga-1920x1200-negro-win-11-pro-1yr-en-sitio\/\" \/>\n<meta property=\"og:locale\" content=\"es_MX\" \/>\n<meta property=\"og:type\" content=\"article\" \/>\n<meta property=\"og:title\" content=\"[ Lenovo ] &#129351; 21ss0011lm Laptop Thinkpad E16 Gen 3 \/ Core Ultra 7 255h 5.1ghz \/ 16gb Ddr5 \/ 512gb Ssd \/ 16 Wuxga 1920x1200 \/ Negro \/ Win 11 Pro \/ 1yr En Sitio\" \/>\n<meta property=\"og:description\" content=\"Compra 21ss0011lm Laptop Thinkpad E16 Gen 3 \/ Core Ultra 7 255h 5.1ghz \/ 16gb Ddr5 \/ 512gb Ssd \/ 16 Wuxga 1920x1200 \/ Negro \/ Win 11 Pro \/ 1yr En Sitio + Env\u00edo a domicilio + Pago seguro + Garant\u00eda\" \/>\n<meta property=\"og:url\" content=\"https:\/\/compuviper.mx\/tienda\/producto\/lenovo-21ss0011lm-laptop-thinkpad-e16-gen-3-core-ultra-7-255h-5-1ghz-16gb-ddr5-512gb-ssd-16-wuxga-1920x1200-negro-win-11-pro-1yr-en-sitio\/\" \/>\n<meta property=\"og:site_name\" content=\"Compuviper\" \/>\n<meta property=\"article:publisher\" content=\"https:\/\/www.facebook.com\/compuviper\" \/>\n<meta name=\"twitter:card\" content=\"summary_large_image\" \/>\n<meta name=\"twitter:label1\" content=\"Precio\" \/>\n\t<meta name=\"twitter:data1\" content=\"&#36;24,750 con IVA\" \/>\n\t<meta name=\"twitter:label2\" content=\"Availability\" \/>\n\t<meta name=\"twitter:data2\" content=\"On backorder\" \/>\n<script type=\"application\/ld+json\" class=\"yoast-schema-graph\">{\"@context\":\"https:\/\/schema.org\",\"@graph\":[{\"@type\":\"WebPage\",\"@id\":\"https:\/\/compuviper.mx\/tienda\/producto\/lenovo-21ss0011lm-laptop-thinkpad-e16-gen-3-core-ultra-7-255h-5-1ghz-16gb-ddr5-512gb-ssd-16-wuxga-1920x1200-negro-win-11-pro-1yr-en-sitio\/\",\"url\":\"https:\/\/compuviper.mx\/tienda\/producto\/lenovo-21ss0011lm-laptop-thinkpad-e16-gen-3-core-ultra-7-255h-5-1ghz-16gb-ddr5-512gb-ssd-16-wuxga-1920x1200-negro-win-11-pro-1yr-en-sitio\/\",\"name\":\"[ Lenovo ] &#129351; 21ss0011lm Laptop Thinkpad E16 Gen 3 \/ Core Ultra 7 255h 5.1ghz \/ 16gb Ddr5 \/ 512gb Ssd \/ 16 Wuxga 1920x1200 \/ Negro \/ Win 11 Pro \/ 1yr En Sitio\",\"isPartOf\":{\"@id\":\"https:\/\/compuviper.mx\/tienda\/#website\"},\"datePublished\":\"2026-04-14T07:22:04+00:00\",\"dateModified\":\"2026-04-14T07:22:04+00:00\",\"description\":\"Compra 21ss0011lm Laptop Thinkpad E16 Gen 3 \/ Core Ultra 7 255h 5.1ghz \/ 16gb Ddr5 \/ 512gb Ssd \/ 16 Wuxga 1920x1200 \/ Negro \/ Win 11 Pro \/ 1yr En Sitio + Env\u00edo a domicilio + Pago seguro + Garant\u00eda\",\"breadcrumb\":{\"@id\":\"https:\/\/compuviper.mx\/tienda\/producto\/lenovo-21ss0011lm-laptop-thinkpad-e16-gen-3-core-ultra-7-255h-5-1ghz-16gb-ddr5-512gb-ssd-16-wuxga-1920x1200-negro-win-11-pro-1yr-en-sitio\/#breadcrumb\"},\"inLanguage\":\"es-MX\",\"potentialAction\":[{\"@type\":\"ReadAction\",\"target\":[\"https:\/\/compuviper.mx\/tienda\/producto\/lenovo-21ss0011lm-laptop-thinkpad-e16-gen-3-core-ultra-7-255h-5-1ghz-16gb-ddr5-512gb-ssd-16-wuxga-1920x1200-negro-win-11-pro-1yr-en-sitio\/\"]}]},{\"@type\":\"BreadcrumbList\",\"@id\":\"https:\/\/compuviper.mx\/tienda\/producto\/lenovo-21ss0011lm-laptop-thinkpad-e16-gen-3-core-ultra-7-255h-5-1ghz-16gb-ddr5-512gb-ssd-16-wuxga-1920x1200-negro-win-11-pro-1yr-en-sitio\/#breadcrumb\",\"itemListElement\":[{\"@type\":\"ListItem\",\"position\":1,\"name\":\"Inicio\",\"item\":\"https:\/\/compuviper.mx\/tienda\/\"},{\"@type\":\"ListItem\",\"position\":2,\"name\":\"Productos\",\"item\":\"https:\/\/compuviper.mx\/tienda\/productos\/\"},{\"@type\":\"ListItem\",\"position\":3,\"name\":\"Laptops\",\"item\":\"https:\/\/compuviper.mx\/tienda\/categoria-producto\/laptops\/\"},{\"@type\":\"ListItem\",\"position\":4,\"name\":\"Notebook\",\"item\":\"https:\/\/compuviper.mx\/tienda\/categoria-producto\/laptops\/notebook-laptops\/\"},{\"@type\":\"ListItem\",\"position\":5,\"name\":\"Lenovo 21ss0011lm Laptop Thinkpad E16 Gen 3 \/ Core Ultra 7 255h 5.1ghz \/ 16gb Ddr5 \/ 512gb Ssd \/ 16 Wuxga 1920&#215;1200 \/ Negro \/ Win 11 Pro \/ 1yr En Sitio\"}]},{\"@type\":\"WebSite\",\"@id\":\"https:\/\/compuviper.mx\/tienda\/#website\",\"url\":\"https:\/\/compuviper.mx\/tienda\/\",\"name\":\"Compuviper\",\"description\":\"Proveedor de Computadoras, Laptops, Servidores, Monitores, Puntos de Venta, Teclados,   Impresoras, T\u00f3ner, C\u00e1maras de Seguridad y m\u00e1s en tu tienda en l\u00ednea\",\"publisher\":{\"@id\":\"https:\/\/compuviper.mx\/tienda\/#organization\"},\"potentialAction\":[{\"@type\":\"SearchAction\",\"target\":{\"@type\":\"EntryPoint\",\"urlTemplate\":\"https:\/\/compuviper.mx\/tienda\/?s={search_term_string}\"},\"query-input\":\"required name=search_term_string\"}],\"inLanguage\":\"es-MX\"},{\"@type\":\"Organization\",\"@id\":\"https:\/\/compuviper.mx\/tienda\/#organization\",\"name\":\"Compuviper\",\"url\":\"https:\/\/compuviper.mx\/tienda\/\",\"logo\":{\"@type\":\"ImageObject\",\"inLanguage\":\"es-MX\",\"@id\":\"https:\/\/compuviper.mx\/tienda\/#\/schema\/logo\/image\/\",\"url\":\"https:\/\/compuviper.mx\/tienda\/wp-content\/uploads\/2021\/08\/Logo-Compuviper-10.png\",\"contentUrl\":\"https:\/\/compuviper.mx\/tienda\/wp-content\/uploads\/2021\/08\/Logo-Compuviper-10.png\",\"width\":1000,\"height\":500,\"caption\":\"Compuviper\"},\"image\":{\"@id\":\"https:\/\/compuviper.mx\/tienda\/#\/schema\/logo\/image\/\"},\"sameAs\":[\"https:\/\/www.facebook.com\/compuviper\",\"https:\/\/www.youtube.com\/channel\/UCf73dERp9Y3cfOq7q8BhLjA?view_as=subscriber\"]}]}<\/script>\n<meta property=\"product:brand\" content=\"LENOVO\" \/>\n<meta property=\"product:price:amount\" content=\"24750\" \/>\n<meta property=\"product:price:currency\" content=\"MXN\" \/>\n<meta property=\"og:availability\" content=\"backorder\" \/>\n<meta property=\"product:availability\" content=\"available for order\" \/>\n<meta property=\"product:retailer_item_id\" content=\"21SS0011LM\" \/>\n<meta property=\"product:condition\" content=\"new\" \/>\n<!-- \/ Yoast SEO plugin. -->","yoast_head_json":{"title":"[ Lenovo ] &#129351; 21ss0011lm Laptop Thinkpad E16 Gen 3 \/ Core Ultra 7 255h 5.1ghz \/ 16gb Ddr5 \/ 512gb Ssd \/ 16 Wuxga 1920x1200 \/ Negro \/ Win 11 Pro \/ 1yr En Sitio","description":"Compra 21ss0011lm Laptop Thinkpad E16 Gen 3 \/ Core Ultra 7 255h 5.1ghz \/ 16gb Ddr5 \/ 512gb Ssd \/ 16 Wuxga 1920x1200 \/ Negro \/ Win 11 Pro \/ 1yr En Sitio + Env\u00edo a domicilio + Pago seguro + Garant\u00eda","robots":{"index":"index","follow":"follow","max-snippet":"max-snippet:-1","max-image-preview":"max-image-preview:large","max-video-preview":"max-video-preview:-1"},"canonical":"https:\/\/compuviper.mx\/tienda\/producto\/lenovo-21ss0011lm-laptop-thinkpad-e16-gen-3-core-ultra-7-255h-5-1ghz-16gb-ddr5-512gb-ssd-16-wuxga-1920x1200-negro-win-11-pro-1yr-en-sitio\/","og_locale":"es_MX","og_type":"article","og_title":"[ Lenovo ] &#129351; 21ss0011lm Laptop Thinkpad E16 Gen 3 \/ Core Ultra 7 255h 5.1ghz \/ 16gb Ddr5 \/ 512gb Ssd \/ 16 Wuxga 1920x1200 \/ Negro \/ Win 11 Pro \/ 1yr En Sitio","og_description":"Compra 21ss0011lm Laptop Thinkpad E16 Gen 3 \/ Core Ultra 7 255h 5.1ghz \/ 16gb Ddr5 \/ 512gb Ssd \/ 16 Wuxga 1920x1200 \/ Negro \/ Win 11 Pro \/ 1yr En Sitio + Env\u00edo a domicilio + Pago seguro + Garant\u00eda","og_url":"https:\/\/compuviper.mx\/tienda\/producto\/lenovo-21ss0011lm-laptop-thinkpad-e16-gen-3-core-ultra-7-255h-5-1ghz-16gb-ddr5-512gb-ssd-16-wuxga-1920x1200-negro-win-11-pro-1yr-en-sitio\/","og_site_name":"Compuviper","article_publisher":"https:\/\/www.facebook.com\/compuviper","twitter_card":"summary_large_image","twitter_misc":{"Precio":"&#36;24,750 con IVA","Availability":"On backorder"},"schema":{"@context":"https:\/\/schema.org","@graph":[{"@type":"WebPage","@id":"https:\/\/compuviper.mx\/tienda\/producto\/lenovo-21ss0011lm-laptop-thinkpad-e16-gen-3-core-ultra-7-255h-5-1ghz-16gb-ddr5-512gb-ssd-16-wuxga-1920x1200-negro-win-11-pro-1yr-en-sitio\/","url":"https:\/\/compuviper.mx\/tienda\/producto\/lenovo-21ss0011lm-laptop-thinkpad-e16-gen-3-core-ultra-7-255h-5-1ghz-16gb-ddr5-512gb-ssd-16-wuxga-1920x1200-negro-win-11-pro-1yr-en-sitio\/","name":"[ Lenovo ] &#129351; 21ss0011lm Laptop Thinkpad E16 Gen 3 \/ Core Ultra 7 255h 5.1ghz \/ 16gb Ddr5 \/ 512gb Ssd \/ 16 Wuxga 1920x1200 \/ Negro \/ Win 11 Pro \/ 1yr En Sitio","isPartOf":{"@id":"https:\/\/compuviper.mx\/tienda\/#website"},"datePublished":"2026-04-14T07:22:04+00:00","dateModified":"2026-04-14T07:22:04+00:00","description":"Compra 21ss0011lm Laptop Thinkpad E16 Gen 3 \/ Core Ultra 7 255h 5.1ghz \/ 16gb Ddr5 \/ 512gb Ssd \/ 16 Wuxga 1920x1200 \/ Negro \/ Win 11 Pro \/ 1yr En Sitio + Env\u00edo a domicilio + Pago seguro + Garant\u00eda","breadcrumb":{"@id":"https:\/\/compuviper.mx\/tienda\/producto\/lenovo-21ss0011lm-laptop-thinkpad-e16-gen-3-core-ultra-7-255h-5-1ghz-16gb-ddr5-512gb-ssd-16-wuxga-1920x1200-negro-win-11-pro-1yr-en-sitio\/#breadcrumb"},"inLanguage":"es-MX","potentialAction":[{"@type":"ReadAction","target":["https:\/\/compuviper.mx\/tienda\/producto\/lenovo-21ss0011lm-laptop-thinkpad-e16-gen-3-core-ultra-7-255h-5-1ghz-16gb-ddr5-512gb-ssd-16-wuxga-1920x1200-negro-win-11-pro-1yr-en-sitio\/"]}]},{"@type":"BreadcrumbList","@id":"https:\/\/compuviper.mx\/tienda\/producto\/lenovo-21ss0011lm-laptop-thinkpad-e16-gen-3-core-ultra-7-255h-5-1ghz-16gb-ddr5-512gb-ssd-16-wuxga-1920x1200-negro-win-11-pro-1yr-en-sitio\/#breadcrumb","itemListElement":[{"@type":"ListItem","position":1,"name":"Inicio","item":"https:\/\/compuviper.mx\/tienda\/"},{"@type":"ListItem","position":2,"name":"Productos","item":"https:\/\/compuviper.mx\/tienda\/productos\/"},{"@type":"ListItem","position":3,"name":"Laptops","item":"https:\/\/compuviper.mx\/tienda\/categoria-producto\/laptops\/"},{"@type":"ListItem","position":4,"name":"Notebook","item":"https:\/\/compuviper.mx\/tienda\/categoria-producto\/laptops\/notebook-laptops\/"},{"@type":"ListItem","position":5,"name":"Lenovo 21ss0011lm Laptop Thinkpad E16 Gen 3 \/ Core Ultra 7 255h 5.1ghz \/ 16gb Ddr5 \/ 512gb Ssd \/ 16 Wuxga 1920&#215;1200 \/ Negro \/ Win 11 Pro \/ 1yr En Sitio"}]},{"@type":"WebSite","@id":"https:\/\/compuviper.mx\/tienda\/#website","url":"https:\/\/compuviper.mx\/tienda\/","name":"Compuviper","description":"Proveedor de Computadoras, Laptops, Servidores, Monitores, Puntos de Venta, Teclados,   Impresoras, T\u00f3ner, C\u00e1maras de Seguridad y m\u00e1s en tu tienda en l\u00ednea","publisher":{"@id":"https:\/\/compuviper.mx\/tienda\/#organization"},"potentialAction":[{"@type":"SearchAction","target":{"@type":"EntryPoint","urlTemplate":"https:\/\/compuviper.mx\/tienda\/?s={search_term_string}"},"query-input":"required name=search_term_string"}],"inLanguage":"es-MX"},{"@type":"Organization","@id":"https:\/\/compuviper.mx\/tienda\/#organization","name":"Compuviper","url":"https:\/\/compuviper.mx\/tienda\/","logo":{"@type":"ImageObject","inLanguage":"es-MX","@id":"https:\/\/compuviper.mx\/tienda\/#\/schema\/logo\/image\/","url":"https:\/\/compuviper.mx\/tienda\/wp-content\/uploads\/2021\/08\/Logo-Compuviper-10.png","contentUrl":"https:\/\/compuviper.mx\/tienda\/wp-content\/uploads\/2021\/08\/Logo-Compuviper-10.png","width":1000,"height":500,"caption":"Compuviper"},"image":{"@id":"https:\/\/compuviper.mx\/tienda\/#\/schema\/logo\/image\/"},"sameAs":["https:\/\/www.facebook.com\/compuviper","https:\/\/www.youtube.com\/channel\/UCf73dERp9Y3cfOq7q8BhLjA?view_as=subscriber"]}]},"product_brand":"LENOVO","product_price_amount":"24750","product_price_currency":"MXN","og_availability":"backorder","product_availability":"available for order","product_retailer_item_id":"21SS0011LM","product_condition":"new"},"_links":{"self":[{"href":"https:\/\/compuviper.mx\/tienda\/wp-json\/wp\/v2\/product\/267781"}],"collection":[{"href":"https:\/\/compuviper.mx\/tienda\/wp-json\/wp\/v2\/product"}],"about":[{"href":"https:\/\/compuviper.mx\/tienda\/wp-json\/wp\/v2\/types\/product"}],"replies":[{"embeddable":true,"href":"https:\/\/compuviper.mx\/tienda\/wp-json\/wp\/v2\/comments?post=267781"}],"wp:attachment":[{"href":"https:\/\/compuviper.mx\/tienda\/wp-json\/wp\/v2\/media?parent=267781"}],"wp:term":[{"taxonomy":"product_cat","embeddable":true,"href":"https:\/\/compuviper.mx\/tienda\/wp-json\/wp\/v2\/product_cat?post=267781"},{"taxonomy":"product_tag","embeddable":true,"href":"https:\/\/compuviper.mx\/tienda\/wp-json\/wp\/v2\/product_tag?post=267781"}],"curies":[{"name":"wp","href":"https:\/\/api.w.org\/{rel}","templated":true}]}}