{"id":267764,"date":"2026-04-11T00:41:38","date_gmt":"2026-04-11T06:41:38","guid":{"rendered":"https:\/\/compuviper.mx\/tienda\/producto\/hewlett-packard-enterprise-881787-b21-disco-duro-hpe-12tb-sata-6g-business-critical-7-2k-lff-lp-1-year-warranty-helium-512e-multi-vendor-hdd\/"},"modified":"2026-04-11T00:41:38","modified_gmt":"2026-04-11T06:41:38","slug":"hewlett-packard-enterprise-881787-b21-disco-duro-hpe-12tb-sata-6g-business-critical-7-2k-lff-lp-1-year-warranty-helium-512e-multi-vendor-hdd","status":"publish","type":"product","link":"https:\/\/compuviper.mx\/tienda\/producto\/hewlett-packard-enterprise-881787-b21-disco-duro-hpe-12tb-sata-6g-business-critical-7-2k-lff-lp-1-year-warranty-helium-512e-multi-vendor-hdd\/","title":{"rendered":"Hewlett Packard Enterprise 881787-b21 Disco Duro Hpe 12tb Sata 6g Business Critical 7.2k Lff Lp 1-year Warranty Helium 512e Multi Vendor Hdd"},"content":{"rendered":"<table class=\"descripcion\">\n<tr>\n<td>Interfaz: sata<\/td>\n<\/tr>\n<tr>\n<td>Cargas de trabajo admitidas: fundamental para el negocio<\/td>\n<\/tr>\n<tr>\n<td>Velocidad de rotaci\u00f3n de la unidad (rpm): 7200 rpm<\/td>\n<\/tr>\n<tr>\n<td>Tecnolog\u00eda de la unidad (fill): helium<\/td>\n<\/tr>\n<tr>\n<td>Tipo de formato: 512e<\/td>\n<\/tr>\n<tr>\n<td>Tipo de operador: soporte de perfil bajo<\/td>\n<\/tr>\n<tr>\n<td>Capacidad: 12 tb<\/td>\n<\/tr>\n<\/table>\n","protected":false},"excerpt":{"rendered":"<p>Los hpe business critical hard drives se han dise\u00f1ado para ofrecer el m\u00e1s alto rendimiento, capacidad, fiabilidad y seguridad de datos para las aplicaciones del centro de datos. Los hpe business critical hard drives te permiten almacenar m\u00e1s datos sin sacrificar el rendimiento ni la fiabilidad. Los hpe business critical hard drives est\u00e1n disponibles tanto en factor formato grande (lff) de 3,5 pulgadas como en factor formato reducido (sff) de 2,5 pulgadas. Adem\u00e1s, cuentan con una garant\u00eda est\u00e1ndar de un a\u00f1o. Todos los discos duros de hpe pasan un riguroso proceso de cualificaci\u00f3n, que certifica que cada unidad ha sido probada para funcionar en los entornos de almacenamiento y servidores de hpe. Todos los discos duros de hpe incluyen un firmware firmado digitalmente que evita el acceso no autorizado a los datos.<\/p>\n","protected":false},"featured_media":0,"comment_status":"open","ping_status":"open","template":"","meta":[],"product_cat":[1703,1708],"product_tag":[1568],"acf":[],"yoast_head":"<!-- This site is optimized with the Yoast SEO plugin v21.7 - https:\/\/yoast.com\/wordpress\/plugins\/seo\/ -->\n<title>[ Hewlett Packard Enterprise ] &#129351; 881787-b21 Disco Duro Hpe 12tb Sata 6g Business Critical 7.2k Lff Lp 1-year Warranty Helium 512e Multi Vendor Hdd<\/title>\n<meta name=\"description\" content=\"Compra 881787-b21 Disco Duro Hpe 12tb Sata 6g Business Critical 7.2k Lff Lp 1-year Warranty Helium 512e Multi Vendor Hdd + Env\u00edo a domicilio + Pago seguro + Garant\u00eda\" \/>\n<meta name=\"robots\" content=\"index, follow, max-snippet:-1, max-image-preview:large, max-video-preview:-1\" \/>\n<link rel=\"canonical\" href=\"https:\/\/compuviper.mx\/tienda\/producto\/hewlett-packard-enterprise-881787-b21-disco-duro-hpe-12tb-sata-6g-business-critical-7-2k-lff-lp-1-year-warranty-helium-512e-multi-vendor-hdd\/\" \/>\n<meta property=\"og:locale\" content=\"es_MX\" \/>\n<meta property=\"og:type\" content=\"article\" \/>\n<meta property=\"og:title\" content=\"[ Hewlett Packard Enterprise ] &#129351; 881787-b21 Disco Duro Hpe 12tb Sata 6g Business Critical 7.2k Lff Lp 1-year Warranty Helium 512e Multi Vendor Hdd\" \/>\n<meta property=\"og:description\" content=\"Compra 881787-b21 Disco Duro Hpe 12tb Sata 6g Business Critical 7.2k Lff Lp 1-year Warranty Helium 512e Multi Vendor Hdd + Env\u00edo a domicilio + Pago seguro + Garant\u00eda\" \/>\n<meta property=\"og:url\" content=\"https:\/\/compuviper.mx\/tienda\/producto\/hewlett-packard-enterprise-881787-b21-disco-duro-hpe-12tb-sata-6g-business-critical-7-2k-lff-lp-1-year-warranty-helium-512e-multi-vendor-hdd\/\" \/>\n<meta property=\"og:site_name\" content=\"Compuviper\" \/>\n<meta property=\"article:publisher\" content=\"https:\/\/www.facebook.com\/compuviper\" \/>\n<meta name=\"twitter:card\" content=\"summary_large_image\" \/>\n<meta name=\"twitter:label1\" content=\"Precio\" \/>\n\t<meta name=\"twitter:data1\" content=\"&#36;43,299 con IVA\" \/>\n\t<meta name=\"twitter:label2\" content=\"Availability\" \/>\n\t<meta name=\"twitter:data2\" content=\"On backorder\" \/>\n<script type=\"application\/ld+json\" class=\"yoast-schema-graph\">{\"@context\":\"https:\/\/schema.org\",\"@graph\":[{\"@type\":\"WebPage\",\"@id\":\"https:\/\/compuviper.mx\/tienda\/producto\/hewlett-packard-enterprise-881787-b21-disco-duro-hpe-12tb-sata-6g-business-critical-7-2k-lff-lp-1-year-warranty-helium-512e-multi-vendor-hdd\/\",\"url\":\"https:\/\/compuviper.mx\/tienda\/producto\/hewlett-packard-enterprise-881787-b21-disco-duro-hpe-12tb-sata-6g-business-critical-7-2k-lff-lp-1-year-warranty-helium-512e-multi-vendor-hdd\/\",\"name\":\"[ Hewlett Packard Enterprise ] &#129351; 881787-b21 Disco Duro Hpe 12tb Sata 6g Business Critical 7.2k Lff Lp 1-year Warranty Helium 512e Multi Vendor Hdd\",\"isPartOf\":{\"@id\":\"https:\/\/compuviper.mx\/tienda\/#website\"},\"datePublished\":\"2026-04-11T06:41:38+00:00\",\"dateModified\":\"2026-04-11T06:41:38+00:00\",\"description\":\"Compra 881787-b21 Disco Duro Hpe 12tb Sata 6g Business Critical 7.2k Lff Lp 1-year Warranty Helium 512e Multi Vendor Hdd + Env\u00edo a domicilio + Pago seguro + Garant\u00eda\",\"breadcrumb\":{\"@id\":\"https:\/\/compuviper.mx\/tienda\/producto\/hewlett-packard-enterprise-881787-b21-disco-duro-hpe-12tb-sata-6g-business-critical-7-2k-lff-lp-1-year-warranty-helium-512e-multi-vendor-hdd\/#breadcrumb\"},\"inLanguage\":\"es-MX\",\"potentialAction\":[{\"@type\":\"ReadAction\",\"target\":[\"https:\/\/compuviper.mx\/tienda\/producto\/hewlett-packard-enterprise-881787-b21-disco-duro-hpe-12tb-sata-6g-business-critical-7-2k-lff-lp-1-year-warranty-helium-512e-multi-vendor-hdd\/\"]}]},{\"@type\":\"BreadcrumbList\",\"@id\":\"https:\/\/compuviper.mx\/tienda\/producto\/hewlett-packard-enterprise-881787-b21-disco-duro-hpe-12tb-sata-6g-business-critical-7-2k-lff-lp-1-year-warranty-helium-512e-multi-vendor-hdd\/#breadcrumb\",\"itemListElement\":[{\"@type\":\"ListItem\",\"position\":1,\"name\":\"Inicio\",\"item\":\"https:\/\/compuviper.mx\/tienda\/\"},{\"@type\":\"ListItem\",\"position\":2,\"name\":\"Productos\",\"item\":\"https:\/\/compuviper.mx\/tienda\/productos\/\"},{\"@type\":\"ListItem\",\"position\":3,\"name\":\"Discos Duros\",\"item\":\"https:\/\/compuviper.mx\/tienda\/categoria-producto\/discos-duros\/\"},{\"@type\":\"ListItem\",\"position\":4,\"name\":\"Unidad De Estado Solido\",\"item\":\"https:\/\/compuviper.mx\/tienda\/categoria-producto\/discos-duros\/unidad-de-estado-solido\/\"},{\"@type\":\"ListItem\",\"position\":5,\"name\":\"Hewlett Packard Enterprise 881787-b21 Disco Duro Hpe 12tb Sata 6g Business Critical 7.2k Lff Lp 1-year Warranty Helium 512e Multi Vendor Hdd\"}]},{\"@type\":\"WebSite\",\"@id\":\"https:\/\/compuviper.mx\/tienda\/#website\",\"url\":\"https:\/\/compuviper.mx\/tienda\/\",\"name\":\"Compuviper\",\"description\":\"Proveedor de Computadoras, Laptops, Servidores, Monitores, Puntos de Venta, Teclados,   Impresoras, T\u00f3ner, C\u00e1maras de Seguridad y m\u00e1s en tu tienda en l\u00ednea\",\"publisher\":{\"@id\":\"https:\/\/compuviper.mx\/tienda\/#organization\"},\"potentialAction\":[{\"@type\":\"SearchAction\",\"target\":{\"@type\":\"EntryPoint\",\"urlTemplate\":\"https:\/\/compuviper.mx\/tienda\/?s={search_term_string}\"},\"query-input\":\"required name=search_term_string\"}],\"inLanguage\":\"es-MX\"},{\"@type\":\"Organization\",\"@id\":\"https:\/\/compuviper.mx\/tienda\/#organization\",\"name\":\"Compuviper\",\"url\":\"https:\/\/compuviper.mx\/tienda\/\",\"logo\":{\"@type\":\"ImageObject\",\"inLanguage\":\"es-MX\",\"@id\":\"https:\/\/compuviper.mx\/tienda\/#\/schema\/logo\/image\/\",\"url\":\"https:\/\/compuviper.mx\/tienda\/wp-content\/uploads\/2021\/08\/Logo-Compuviper-10.png\",\"contentUrl\":\"https:\/\/compuviper.mx\/tienda\/wp-content\/uploads\/2021\/08\/Logo-Compuviper-10.png\",\"width\":1000,\"height\":500,\"caption\":\"Compuviper\"},\"image\":{\"@id\":\"https:\/\/compuviper.mx\/tienda\/#\/schema\/logo\/image\/\"},\"sameAs\":[\"https:\/\/www.facebook.com\/compuviper\",\"https:\/\/www.youtube.com\/channel\/UCf73dERp9Y3cfOq7q8BhLjA?view_as=subscriber\"]}]}<\/script>\n<meta property=\"product:brand\" content=\"HEWLETT PACKARD ENTERPRISE\" \/>\n<meta property=\"product:price:amount\" content=\"43299\" \/>\n<meta property=\"product:price:currency\" content=\"MXN\" \/>\n<meta property=\"og:availability\" content=\"backorder\" \/>\n<meta property=\"product:availability\" content=\"available for order\" \/>\n<meta property=\"product:retailer_item_id\" content=\"881787-B21\" \/>\n<meta property=\"product:condition\" content=\"new\" \/>\n<!-- \/ Yoast SEO plugin. -->","yoast_head_json":{"title":"[ Hewlett Packard Enterprise ] &#129351; 881787-b21 Disco Duro Hpe 12tb Sata 6g Business Critical 7.2k Lff Lp 1-year Warranty Helium 512e Multi Vendor Hdd","description":"Compra 881787-b21 Disco Duro Hpe 12tb Sata 6g Business Critical 7.2k Lff Lp 1-year Warranty Helium 512e Multi Vendor Hdd + Env\u00edo a domicilio + Pago seguro + Garant\u00eda","robots":{"index":"index","follow":"follow","max-snippet":"max-snippet:-1","max-image-preview":"max-image-preview:large","max-video-preview":"max-video-preview:-1"},"canonical":"https:\/\/compuviper.mx\/tienda\/producto\/hewlett-packard-enterprise-881787-b21-disco-duro-hpe-12tb-sata-6g-business-critical-7-2k-lff-lp-1-year-warranty-helium-512e-multi-vendor-hdd\/","og_locale":"es_MX","og_type":"article","og_title":"[ Hewlett Packard Enterprise ] &#129351; 881787-b21 Disco Duro Hpe 12tb Sata 6g Business Critical 7.2k Lff Lp 1-year Warranty Helium 512e Multi Vendor Hdd","og_description":"Compra 881787-b21 Disco Duro Hpe 12tb Sata 6g Business Critical 7.2k Lff Lp 1-year Warranty Helium 512e Multi Vendor Hdd + Env\u00edo a domicilio + Pago seguro + Garant\u00eda","og_url":"https:\/\/compuviper.mx\/tienda\/producto\/hewlett-packard-enterprise-881787-b21-disco-duro-hpe-12tb-sata-6g-business-critical-7-2k-lff-lp-1-year-warranty-helium-512e-multi-vendor-hdd\/","og_site_name":"Compuviper","article_publisher":"https:\/\/www.facebook.com\/compuviper","twitter_card":"summary_large_image","twitter_misc":{"Precio":"&#36;43,299 con IVA","Availability":"On backorder"},"schema":{"@context":"https:\/\/schema.org","@graph":[{"@type":"WebPage","@id":"https:\/\/compuviper.mx\/tienda\/producto\/hewlett-packard-enterprise-881787-b21-disco-duro-hpe-12tb-sata-6g-business-critical-7-2k-lff-lp-1-year-warranty-helium-512e-multi-vendor-hdd\/","url":"https:\/\/compuviper.mx\/tienda\/producto\/hewlett-packard-enterprise-881787-b21-disco-duro-hpe-12tb-sata-6g-business-critical-7-2k-lff-lp-1-year-warranty-helium-512e-multi-vendor-hdd\/","name":"[ Hewlett Packard Enterprise ] &#129351; 881787-b21 Disco Duro Hpe 12tb Sata 6g Business Critical 7.2k Lff Lp 1-year Warranty Helium 512e Multi Vendor Hdd","isPartOf":{"@id":"https:\/\/compuviper.mx\/tienda\/#website"},"datePublished":"2026-04-11T06:41:38+00:00","dateModified":"2026-04-11T06:41:38+00:00","description":"Compra 881787-b21 Disco Duro Hpe 12tb Sata 6g Business Critical 7.2k Lff Lp 1-year Warranty Helium 512e Multi Vendor Hdd + Env\u00edo a domicilio + Pago seguro + Garant\u00eda","breadcrumb":{"@id":"https:\/\/compuviper.mx\/tienda\/producto\/hewlett-packard-enterprise-881787-b21-disco-duro-hpe-12tb-sata-6g-business-critical-7-2k-lff-lp-1-year-warranty-helium-512e-multi-vendor-hdd\/#breadcrumb"},"inLanguage":"es-MX","potentialAction":[{"@type":"ReadAction","target":["https:\/\/compuviper.mx\/tienda\/producto\/hewlett-packard-enterprise-881787-b21-disco-duro-hpe-12tb-sata-6g-business-critical-7-2k-lff-lp-1-year-warranty-helium-512e-multi-vendor-hdd\/"]}]},{"@type":"BreadcrumbList","@id":"https:\/\/compuviper.mx\/tienda\/producto\/hewlett-packard-enterprise-881787-b21-disco-duro-hpe-12tb-sata-6g-business-critical-7-2k-lff-lp-1-year-warranty-helium-512e-multi-vendor-hdd\/#breadcrumb","itemListElement":[{"@type":"ListItem","position":1,"name":"Inicio","item":"https:\/\/compuviper.mx\/tienda\/"},{"@type":"ListItem","position":2,"name":"Productos","item":"https:\/\/compuviper.mx\/tienda\/productos\/"},{"@type":"ListItem","position":3,"name":"Discos Duros","item":"https:\/\/compuviper.mx\/tienda\/categoria-producto\/discos-duros\/"},{"@type":"ListItem","position":4,"name":"Unidad De Estado Solido","item":"https:\/\/compuviper.mx\/tienda\/categoria-producto\/discos-duros\/unidad-de-estado-solido\/"},{"@type":"ListItem","position":5,"name":"Hewlett Packard Enterprise 881787-b21 Disco Duro Hpe 12tb Sata 6g Business Critical 7.2k Lff Lp 1-year Warranty Helium 512e Multi Vendor Hdd"}]},{"@type":"WebSite","@id":"https:\/\/compuviper.mx\/tienda\/#website","url":"https:\/\/compuviper.mx\/tienda\/","name":"Compuviper","description":"Proveedor de Computadoras, Laptops, Servidores, Monitores, Puntos de Venta, Teclados,   Impresoras, T\u00f3ner, C\u00e1maras de Seguridad y m\u00e1s en tu tienda en l\u00ednea","publisher":{"@id":"https:\/\/compuviper.mx\/tienda\/#organization"},"potentialAction":[{"@type":"SearchAction","target":{"@type":"EntryPoint","urlTemplate":"https:\/\/compuviper.mx\/tienda\/?s={search_term_string}"},"query-input":"required name=search_term_string"}],"inLanguage":"es-MX"},{"@type":"Organization","@id":"https:\/\/compuviper.mx\/tienda\/#organization","name":"Compuviper","url":"https:\/\/compuviper.mx\/tienda\/","logo":{"@type":"ImageObject","inLanguage":"es-MX","@id":"https:\/\/compuviper.mx\/tienda\/#\/schema\/logo\/image\/","url":"https:\/\/compuviper.mx\/tienda\/wp-content\/uploads\/2021\/08\/Logo-Compuviper-10.png","contentUrl":"https:\/\/compuviper.mx\/tienda\/wp-content\/uploads\/2021\/08\/Logo-Compuviper-10.png","width":1000,"height":500,"caption":"Compuviper"},"image":{"@id":"https:\/\/compuviper.mx\/tienda\/#\/schema\/logo\/image\/"},"sameAs":["https:\/\/www.facebook.com\/compuviper","https:\/\/www.youtube.com\/channel\/UCf73dERp9Y3cfOq7q8BhLjA?view_as=subscriber"]}]},"product_brand":"HEWLETT PACKARD ENTERPRISE","product_price_amount":"43299","product_price_currency":"MXN","og_availability":"backorder","product_availability":"available for order","product_retailer_item_id":"881787-B21","product_condition":"new"},"_links":{"self":[{"href":"https:\/\/compuviper.mx\/tienda\/wp-json\/wp\/v2\/product\/267764"}],"collection":[{"href":"https:\/\/compuviper.mx\/tienda\/wp-json\/wp\/v2\/product"}],"about":[{"href":"https:\/\/compuviper.mx\/tienda\/wp-json\/wp\/v2\/types\/product"}],"replies":[{"embeddable":true,"href":"https:\/\/compuviper.mx\/tienda\/wp-json\/wp\/v2\/comments?post=267764"}],"wp:attachment":[{"href":"https:\/\/compuviper.mx\/tienda\/wp-json\/wp\/v2\/media?parent=267764"}],"wp:term":[{"taxonomy":"product_cat","embeddable":true,"href":"https:\/\/compuviper.mx\/tienda\/wp-json\/wp\/v2\/product_cat?post=267764"},{"taxonomy":"product_tag","embeddable":true,"href":"https:\/\/compuviper.mx\/tienda\/wp-json\/wp\/v2\/product_tag?post=267764"}],"curies":[{"name":"wp","href":"https:\/\/api.w.org\/{rel}","templated":true}]}}