{"id":267750,"date":"2026-04-01T23:24:28","date_gmt":"2026-04-02T05:24:28","guid":{"rendered":"https:\/\/compuviper.mx\/tienda\/producto\/peerless-av-st630-soporte-con-inclinacion-para-pantallas-10-a-29-vesa-de-75x75-y-100x100\/"},"modified":"2026-04-01T23:24:28","modified_gmt":"2026-04-02T05:24:28","slug":"peerless-av-st630-soporte-con-inclinacion-para-pantallas-10-a-29-vesa-de-75x75-y-100x100","status":"publish","type":"product","link":"https:\/\/compuviper.mx\/tienda\/producto\/peerless-av-st630-soporte-con-inclinacion-para-pantallas-10-a-29-vesa-de-75x75-y-100x100\/","title":{"rendered":"Peerless-av St630 Soporte Con Inclinacion   Para Pantallas 10? A 29? Vesa De 75&#215;75 Y 100&#215;100"},"content":{"rendered":"<table class=\"descripcion\">\n<tr>\n<td>Caracter\u00edsticas del producto<\/td>\n<\/tr>\n<tr>\n<td>\u0095 accommodates 75 x 75 or 100 x 100mmvesa mounting patterns<\/td>\n<\/tr>\n<tr>\n<td>\u0095 adjustable 15\u00b0 forward tilt and -5\u00b0 backward tilt for finding the optimal viewing angle<\/td>\n<\/tr>\n<tr>\n<td>\u0095 tilt angle locks into place with simple tightening of thumbscrew<\/td>\n<\/tr>\n<tr>\n<td>\u0095 display is positioned only 1.58 (40mm) from wall for a low-profile application<\/td>\n<\/tr>\n<tr>\n<td>\u0095 includes all necessary wall and display attachment hardware<\/td>\n<\/tr>\n<tr>\n<td>\u0095 display adaptor simply slides into the wall plate for quick and easy installation<\/td>\n<\/tr>\n<tr>\n<td>\u0095 for mounts requiring standard hardware, installed with a philips screwdriver, please purchase st630p<\/td>\n<\/tr>\n<tr>\n<td>\u0095 design is ul listed and tested to four times stated load capacity<\/td>\n<\/tr>\n<tr>\n<td>\u0095 for mounts requiring theft resistant hardware, installed with security tool (included), please purchase st630<\/td>\n<\/tr>\n<tr>\n<td>Especificaciones del producto<\/td>\n<\/tr>\n<tr>\n<td>Dispositivo compatible<\/td>\n<\/tr>\n<tr>\n<td>Pantalla<\/td>\n<\/tr>\n<tr>\n<td>Capacidad m\u00e1xima de carga<\/td>\n<\/tr>\n<tr>\n<td>80 lb<\/td>\n<\/tr>\n<tr>\n<td>Tama\u00f1o m\u00ednimo de pantalla admitido<\/td>\n<\/tr>\n<tr>\n<td>10<\/td>\n<\/tr>\n<tr>\n<td>Tama\u00f1o m\u00e1ximo de pantalla admitido<\/td>\n<\/tr>\n<tr>\n<td>29<\/td>\n<\/tr>\n<tr>\n<td>Profundidad m\u00ednima ajustable<\/td>\n<\/tr>\n<tr>\n<td>1,58<\/td>\n<\/tr>\n<tr>\n<td>Profundidad m\u00e1xima ajustable<\/td>\n<\/tr>\n<tr>\n<td>2,23<\/td>\n<\/tr>\n<tr>\n<td>Caracter\u00edsticas<\/td>\n<\/tr>\n<tr>\n<td>\u0095 angulo de visi\u00f3n ajustable<\/td>\n<\/tr>\n<tr>\n<td>\u0095 dise and #323;o gancho para colgar<\/td>\n<\/tr>\n<tr>\n<td>\u0095 flexible<\/td>\n<\/tr>\n<tr>\n<td>\u0095 profundidad ajustable<\/td>\n<\/tr>\n<tr>\n<td>\u0095 f\u00e1cil de instalar<\/td>\n<\/tr>\n<tr>\n<td>Patr\u00f3n de montaje<\/td>\n<\/tr>\n<tr>\n<td>Dedicada<\/td>\n<\/tr>\n<tr>\n<td>Perfil de la montura<\/td>\n<\/tr>\n<tr>\n<td>Perfil bajo<\/td>\n<\/tr>\n<tr>\n<td>\u00e1ngulo de inclinaci\u00f3n m\u00ednimo<\/td>\n<\/tr>\n<tr>\n<td>-5\u00b0<\/td>\n<\/tr>\n<tr>\n<td>\u00e1ngulo de inclinaci\u00f3n m\u00e1ximo<\/td>\n<\/tr>\n<tr>\n<td>15\u00b0<\/td>\n<\/tr>\n<tr>\n<td>Funci\u00f3n de montaje<\/td>\n<\/tr>\n<tr>\n<td>\u0095 inclinable<\/td>\n<\/tr>\n<tr>\n<td>\u0095 soporte de pared<\/td>\n<\/tr>\n<tr>\n<td>Superficie de montaje<\/td>\n<\/tr>\n<tr>\n<td>Pared<\/td>\n<\/tr>\n<tr>\n<td>Durabilidad<\/td>\n<\/tr>\n<tr>\n<td>\u0095 resistencia a ara\u00f1azos<\/td>\n<\/tr>\n<tr>\n<td>\u0095 resistente a la alteraci\u00f3n<\/td>\n<\/tr>\n<tr>\n<td>\u0095 antirrobo<\/td>\n<\/tr>\n<tr>\n<td>Familia de colores<\/td>\n<\/tr>\n<tr>\n<td>Negro<\/td>\n<\/tr>\n<tr>\n<td>Color del producto<\/td>\n<\/tr>\n<tr>\n<td>Negro semi brillante<\/td>\n<\/tr>\n<tr>\n<td>Acabado<\/td>\n<\/tr>\n<tr>\n<td>\u0095 cubierto con polvo<\/td>\n<\/tr>\n<tr>\n<td>\u0095 epoxi fundido<\/td>\n<\/tr>\n<tr>\n<td>Compatible con montura vesa<\/td>\n<\/tr>\n<tr>\n<td>S\u00ed<\/td>\n<\/tr>\n<tr>\n<td>Patr\u00f3n de montaje<\/td>\n<\/tr>\n<tr>\n<td>\u0095 75 x 75<\/td>\n<\/tr>\n<tr>\n<td>\u0095 100 x 100<\/td>\n<\/tr>\n<tr>\n<td>Formato<\/td>\n<\/tr>\n<tr>\n<td>Montaje en pared<\/td>\n<\/tr>\n<tr>\n<td>Altura<\/td>\n<\/tr>\n<tr>\n<td>6,20<\/td>\n<\/tr>\n<tr>\n<td>Anchura<\/td>\n<\/tr>\n<tr>\n<td>6,61<\/td>\n<\/tr>\n<tr>\n<td>Profundidad<\/td>\n<\/tr>\n<tr>\n<td>2,23<\/td>\n<\/tr>\n<tr>\n<td>Peso (aproximado)<\/td>\n<\/tr>\n<tr>\n<td>2,20 lb<\/td>\n<\/tr>\n<tr>\n<td>Aplicaci\u00f3n\/uso<\/td>\n<\/tr>\n<tr>\n<td>Pared<\/td>\n<\/tr>\n<tr>\n<td>Interior\/exterior<\/td>\n<\/tr>\n<tr>\n<td>Interior<\/td>\n<\/tr>\n<tr>\n<td>Compatibilidad<\/td>\n<\/tr>\n<tr>\n<td>Pantallas lcd<\/td>\n<\/tr>\n<tr>\n<td>Certificaciones y estand\u00e1res<\/td>\n<\/tr>\n<tr>\n<td>\u0095 ul<\/td>\n<\/tr>\n<tr>\n<td>\u0095 gs<\/td>\n<\/tr>\n<tr>\n<td>\u0095 t\u00fcv<\/td>\n<\/tr>\n<tr>\n<td>Clase de producto del fabricante<\/td>\n<\/tr>\n<tr>\n<td>Inclinable<\/td>\n<\/tr>\n<tr>\n<td>Necesita montaje<\/td>\n<\/tr>\n<tr>\n<td>S\u00ed<\/td>\n<\/tr>\n<tr>\n<td>Pa\u00eds de origen<\/td>\n<\/tr>\n<tr>\n<td>Taiw\u00e1n<\/td>\n<\/tr>\n<tr>\n<td>Conforme con normas taa<\/td>\n<\/tr>\n<tr>\n<td>S\u00ed<\/td>\n<\/tr>\n<tr>\n<td>Certificado ul<\/td>\n<\/tr>\n<tr>\n<td>S\u00ed<\/td>\n<\/tr>\n<tr>\n<td>Cumplimiento ambiental<\/td>\n<\/tr>\n<tr>\n<td>Restriction of hazardous substances (rohs)<\/td>\n<\/tr>\n<tr>\n<td>Garant\u00eda limitada<\/td>\n<\/tr>\n<tr>\n<td>5 a\u00f1o(s)<\/td>\n<\/tr>\n<\/table>\n","protected":false},"excerpt":{"rendered":"<p>Una verdadera soluci\u00f3n abarca tambi\u00e9n el proceso de producci\u00f3n del producto, c\u00f3mo llega a usted y el servicio que recibe. Cuidamos cada uno de los elementos que conforman nuestras soluciones audiovisuales, para as\u00ed poder satisfacer todas las necesidades que tiene. Este rango de tama\u00f1o de pantalla es simplemente una gu\u00eda para la selecci\u00f3n de productos. Las pantallas m\u00e1s grandes que el rango de tama\u00f1o de la pantalla a\u00fan pueden ser compatibles siempre que se encuentren dentro del patr\u00f3n vesa\u00ae y el peso m\u00e1ximo del producto peerless-av\u00ae.<\/p>\n","protected":false},"featured_media":0,"comment_status":"open","ping_status":"open","template":"","meta":[],"product_cat":[2321,2265],"product_tag":[1904],"acf":[],"yoast_head":"<!-- This site is optimized with the Yoast SEO plugin v21.7 - https:\/\/yoast.com\/wordpress\/plugins\/seo\/ -->\n<title>[ Peerless-av ] &#129351; St630 Soporte Con Inclinacion Para Pantallas 10\u0094 A 29\u0094 Vesa De 75x75 Y 100x100<\/title>\n<meta name=\"description\" content=\"Compra St630 Soporte Con Inclinacion Para Pantallas 10\u0094 A 29\u0094 Vesa De 75x75 Y 100x100 + Env\u00edo a domicilio + Pago seguro + Garant\u00eda\" \/>\n<meta name=\"robots\" content=\"index, follow, max-snippet:-1, max-image-preview:large, max-video-preview:-1\" \/>\n<link rel=\"canonical\" href=\"https:\/\/compuviper.mx\/tienda\/producto\/peerless-av-st630-soporte-con-inclinacion-para-pantallas-10-a-29-vesa-de-75x75-y-100x100\/\" \/>\n<meta property=\"og:locale\" content=\"es_MX\" \/>\n<meta property=\"og:type\" content=\"article\" \/>\n<meta property=\"og:title\" content=\"[ Peerless-av ] &#129351; St630 Soporte Con Inclinacion Para Pantallas 10\u0094 A 29\u0094 Vesa De 75x75 Y 100x100\" \/>\n<meta property=\"og:description\" content=\"Compra St630 Soporte Con Inclinacion Para Pantallas 10\u0094 A 29\u0094 Vesa De 75x75 Y 100x100 + Env\u00edo a domicilio + Pago seguro + Garant\u00eda\" \/>\n<meta property=\"og:url\" content=\"https:\/\/compuviper.mx\/tienda\/producto\/peerless-av-st630-soporte-con-inclinacion-para-pantallas-10-a-29-vesa-de-75x75-y-100x100\/\" \/>\n<meta property=\"og:site_name\" content=\"Compuviper\" \/>\n<meta property=\"article:publisher\" content=\"https:\/\/www.facebook.com\/compuviper\" \/>\n<meta name=\"twitter:card\" content=\"summary_large_image\" \/>\n<meta name=\"twitter:label1\" content=\"Precio\" \/>\n\t<meta name=\"twitter:data1\" content=\"&#36;936 con IVA\" \/>\n\t<meta name=\"twitter:label2\" content=\"Availability\" \/>\n\t<meta name=\"twitter:data2\" content=\"On backorder\" \/>\n<script type=\"application\/ld+json\" class=\"yoast-schema-graph\">{\"@context\":\"https:\/\/schema.org\",\"@graph\":[{\"@type\":\"WebPage\",\"@id\":\"https:\/\/compuviper.mx\/tienda\/producto\/peerless-av-st630-soporte-con-inclinacion-para-pantallas-10-a-29-vesa-de-75x75-y-100x100\/\",\"url\":\"https:\/\/compuviper.mx\/tienda\/producto\/peerless-av-st630-soporte-con-inclinacion-para-pantallas-10-a-29-vesa-de-75x75-y-100x100\/\",\"name\":\"[ Peerless-av ] &#129351; St630 Soporte Con Inclinacion Para Pantallas 10\u0094 A 29\u0094 Vesa De 75x75 Y 100x100\",\"isPartOf\":{\"@id\":\"https:\/\/compuviper.mx\/tienda\/#website\"},\"datePublished\":\"2026-04-02T05:24:28+00:00\",\"dateModified\":\"2026-04-02T05:24:28+00:00\",\"description\":\"Compra St630 Soporte Con Inclinacion Para Pantallas 10\u0094 A 29\u0094 Vesa De 75x75 Y 100x100 + Env\u00edo a domicilio + Pago seguro + Garant\u00eda\",\"breadcrumb\":{\"@id\":\"https:\/\/compuviper.mx\/tienda\/producto\/peerless-av-st630-soporte-con-inclinacion-para-pantallas-10-a-29-vesa-de-75x75-y-100x100\/#breadcrumb\"},\"inLanguage\":\"es-MX\",\"potentialAction\":[{\"@type\":\"ReadAction\",\"target\":[\"https:\/\/compuviper.mx\/tienda\/producto\/peerless-av-st630-soporte-con-inclinacion-para-pantallas-10-a-29-vesa-de-75x75-y-100x100\/\"]}]},{\"@type\":\"BreadcrumbList\",\"@id\":\"https:\/\/compuviper.mx\/tienda\/producto\/peerless-av-st630-soporte-con-inclinacion-para-pantallas-10-a-29-vesa-de-75x75-y-100x100\/#breadcrumb\",\"itemListElement\":[{\"@type\":\"ListItem\",\"position\":1,\"name\":\"Inicio\",\"item\":\"https:\/\/compuviper.mx\/tienda\/\"},{\"@type\":\"ListItem\",\"position\":2,\"name\":\"Productos\",\"item\":\"https:\/\/compuviper.mx\/tienda\/productos\/\"},{\"@type\":\"ListItem\",\"position\":3,\"name\":\"Soportes Y Bases P\/tv\/ Proyectores\/dvd\/consolas\/bocinas\/pantallas\/monotores\",\"item\":\"https:\/\/compuviper.mx\/tienda\/categoria-producto\/soportes-y-bases-p-tv-proyectores-dvd-consolas-bocinas-pantallas-monotores\/\"},{\"@type\":\"ListItem\",\"position\":4,\"name\":\"Soporte Y Base Para Tv\/pantallas\/monitores\/kiosko\",\"item\":\"https:\/\/compuviper.mx\/tienda\/categoria-producto\/soportes-y-bases-p-tv-proyectores-dvd-consolas-bocinas-pantallas-monotores\/soporte-y-base-para-tv-pantallas-monitores-kiosko\/\"},{\"@type\":\"ListItem\",\"position\":5,\"name\":\"Peerless-av St630 Soporte Con Inclinacion Para Pantallas 10? A 29? Vesa De 75&#215;75 Y 100&#215;100\"}]},{\"@type\":\"WebSite\",\"@id\":\"https:\/\/compuviper.mx\/tienda\/#website\",\"url\":\"https:\/\/compuviper.mx\/tienda\/\",\"name\":\"Compuviper\",\"description\":\"Proveedor de Computadoras, Laptops, Servidores, Monitores, Puntos de Venta, Teclados,   Impresoras, T\u00f3ner, C\u00e1maras de Seguridad y m\u00e1s en tu tienda en l\u00ednea\",\"publisher\":{\"@id\":\"https:\/\/compuviper.mx\/tienda\/#organization\"},\"potentialAction\":[{\"@type\":\"SearchAction\",\"target\":{\"@type\":\"EntryPoint\",\"urlTemplate\":\"https:\/\/compuviper.mx\/tienda\/?s={search_term_string}\"},\"query-input\":\"required name=search_term_string\"}],\"inLanguage\":\"es-MX\"},{\"@type\":\"Organization\",\"@id\":\"https:\/\/compuviper.mx\/tienda\/#organization\",\"name\":\"Compuviper\",\"url\":\"https:\/\/compuviper.mx\/tienda\/\",\"logo\":{\"@type\":\"ImageObject\",\"inLanguage\":\"es-MX\",\"@id\":\"https:\/\/compuviper.mx\/tienda\/#\/schema\/logo\/image\/\",\"url\":\"https:\/\/compuviper.mx\/tienda\/wp-content\/uploads\/2021\/08\/Logo-Compuviper-10.png\",\"contentUrl\":\"https:\/\/compuviper.mx\/tienda\/wp-content\/uploads\/2021\/08\/Logo-Compuviper-10.png\",\"width\":1000,\"height\":500,\"caption\":\"Compuviper\"},\"image\":{\"@id\":\"https:\/\/compuviper.mx\/tienda\/#\/schema\/logo\/image\/\"},\"sameAs\":[\"https:\/\/www.facebook.com\/compuviper\",\"https:\/\/www.youtube.com\/channel\/UCf73dERp9Y3cfOq7q8BhLjA?view_as=subscriber\"]}]}<\/script>\n<meta property=\"product:brand\" content=\"PEERLESS-AV\" \/>\n<meta property=\"product:price:amount\" content=\"936\" \/>\n<meta property=\"product:price:currency\" content=\"MXN\" \/>\n<meta property=\"og:availability\" content=\"backorder\" \/>\n<meta property=\"product:availability\" content=\"available for order\" \/>\n<meta property=\"product:retailer_item_id\" content=\"ST630\" \/>\n<meta property=\"product:condition\" content=\"new\" \/>\n<!-- \/ Yoast SEO plugin. -->","yoast_head_json":{"title":"[ Peerless-av ] &#129351; St630 Soporte Con Inclinacion Para Pantallas 10\u0094 A 29\u0094 Vesa De 75x75 Y 100x100","description":"Compra St630 Soporte Con Inclinacion Para Pantallas 10\u0094 A 29\u0094 Vesa De 75x75 Y 100x100 + Env\u00edo a domicilio + Pago seguro + Garant\u00eda","robots":{"index":"index","follow":"follow","max-snippet":"max-snippet:-1","max-image-preview":"max-image-preview:large","max-video-preview":"max-video-preview:-1"},"canonical":"https:\/\/compuviper.mx\/tienda\/producto\/peerless-av-st630-soporte-con-inclinacion-para-pantallas-10-a-29-vesa-de-75x75-y-100x100\/","og_locale":"es_MX","og_type":"article","og_title":"[ Peerless-av ] &#129351; St630 Soporte Con Inclinacion Para Pantallas 10\u0094 A 29\u0094 Vesa De 75x75 Y 100x100","og_description":"Compra St630 Soporte Con Inclinacion Para Pantallas 10\u0094 A 29\u0094 Vesa De 75x75 Y 100x100 + Env\u00edo a domicilio + Pago seguro + Garant\u00eda","og_url":"https:\/\/compuviper.mx\/tienda\/producto\/peerless-av-st630-soporte-con-inclinacion-para-pantallas-10-a-29-vesa-de-75x75-y-100x100\/","og_site_name":"Compuviper","article_publisher":"https:\/\/www.facebook.com\/compuviper","twitter_card":"summary_large_image","twitter_misc":{"Precio":"&#36;936 con IVA","Availability":"On backorder"},"schema":{"@context":"https:\/\/schema.org","@graph":[{"@type":"WebPage","@id":"https:\/\/compuviper.mx\/tienda\/producto\/peerless-av-st630-soporte-con-inclinacion-para-pantallas-10-a-29-vesa-de-75x75-y-100x100\/","url":"https:\/\/compuviper.mx\/tienda\/producto\/peerless-av-st630-soporte-con-inclinacion-para-pantallas-10-a-29-vesa-de-75x75-y-100x100\/","name":"[ Peerless-av ] &#129351; St630 Soporte Con Inclinacion Para Pantallas 10\u0094 A 29\u0094 Vesa De 75x75 Y 100x100","isPartOf":{"@id":"https:\/\/compuviper.mx\/tienda\/#website"},"datePublished":"2026-04-02T05:24:28+00:00","dateModified":"2026-04-02T05:24:28+00:00","description":"Compra St630 Soporte Con Inclinacion Para Pantallas 10\u0094 A 29\u0094 Vesa De 75x75 Y 100x100 + Env\u00edo a domicilio + Pago seguro + Garant\u00eda","breadcrumb":{"@id":"https:\/\/compuviper.mx\/tienda\/producto\/peerless-av-st630-soporte-con-inclinacion-para-pantallas-10-a-29-vesa-de-75x75-y-100x100\/#breadcrumb"},"inLanguage":"es-MX","potentialAction":[{"@type":"ReadAction","target":["https:\/\/compuviper.mx\/tienda\/producto\/peerless-av-st630-soporte-con-inclinacion-para-pantallas-10-a-29-vesa-de-75x75-y-100x100\/"]}]},{"@type":"BreadcrumbList","@id":"https:\/\/compuviper.mx\/tienda\/producto\/peerless-av-st630-soporte-con-inclinacion-para-pantallas-10-a-29-vesa-de-75x75-y-100x100\/#breadcrumb","itemListElement":[{"@type":"ListItem","position":1,"name":"Inicio","item":"https:\/\/compuviper.mx\/tienda\/"},{"@type":"ListItem","position":2,"name":"Productos","item":"https:\/\/compuviper.mx\/tienda\/productos\/"},{"@type":"ListItem","position":3,"name":"Soportes Y Bases P\/tv\/ Proyectores\/dvd\/consolas\/bocinas\/pantallas\/monotores","item":"https:\/\/compuviper.mx\/tienda\/categoria-producto\/soportes-y-bases-p-tv-proyectores-dvd-consolas-bocinas-pantallas-monotores\/"},{"@type":"ListItem","position":4,"name":"Soporte Y Base Para Tv\/pantallas\/monitores\/kiosko","item":"https:\/\/compuviper.mx\/tienda\/categoria-producto\/soportes-y-bases-p-tv-proyectores-dvd-consolas-bocinas-pantallas-monotores\/soporte-y-base-para-tv-pantallas-monitores-kiosko\/"},{"@type":"ListItem","position":5,"name":"Peerless-av St630 Soporte Con Inclinacion Para Pantallas 10? A 29? Vesa De 75&#215;75 Y 100&#215;100"}]},{"@type":"WebSite","@id":"https:\/\/compuviper.mx\/tienda\/#website","url":"https:\/\/compuviper.mx\/tienda\/","name":"Compuviper","description":"Proveedor de Computadoras, Laptops, Servidores, Monitores, Puntos de Venta, Teclados,   Impresoras, T\u00f3ner, C\u00e1maras de Seguridad y m\u00e1s en tu tienda en l\u00ednea","publisher":{"@id":"https:\/\/compuviper.mx\/tienda\/#organization"},"potentialAction":[{"@type":"SearchAction","target":{"@type":"EntryPoint","urlTemplate":"https:\/\/compuviper.mx\/tienda\/?s={search_term_string}"},"query-input":"required name=search_term_string"}],"inLanguage":"es-MX"},{"@type":"Organization","@id":"https:\/\/compuviper.mx\/tienda\/#organization","name":"Compuviper","url":"https:\/\/compuviper.mx\/tienda\/","logo":{"@type":"ImageObject","inLanguage":"es-MX","@id":"https:\/\/compuviper.mx\/tienda\/#\/schema\/logo\/image\/","url":"https:\/\/compuviper.mx\/tienda\/wp-content\/uploads\/2021\/08\/Logo-Compuviper-10.png","contentUrl":"https:\/\/compuviper.mx\/tienda\/wp-content\/uploads\/2021\/08\/Logo-Compuviper-10.png","width":1000,"height":500,"caption":"Compuviper"},"image":{"@id":"https:\/\/compuviper.mx\/tienda\/#\/schema\/logo\/image\/"},"sameAs":["https:\/\/www.facebook.com\/compuviper","https:\/\/www.youtube.com\/channel\/UCf73dERp9Y3cfOq7q8BhLjA?view_as=subscriber"]}]},"product_brand":"PEERLESS-AV","product_price_amount":"936","product_price_currency":"MXN","og_availability":"backorder","product_availability":"available for order","product_retailer_item_id":"ST630","product_condition":"new"},"_links":{"self":[{"href":"https:\/\/compuviper.mx\/tienda\/wp-json\/wp\/v2\/product\/267750"}],"collection":[{"href":"https:\/\/compuviper.mx\/tienda\/wp-json\/wp\/v2\/product"}],"about":[{"href":"https:\/\/compuviper.mx\/tienda\/wp-json\/wp\/v2\/types\/product"}],"replies":[{"embeddable":true,"href":"https:\/\/compuviper.mx\/tienda\/wp-json\/wp\/v2\/comments?post=267750"}],"wp:attachment":[{"href":"https:\/\/compuviper.mx\/tienda\/wp-json\/wp\/v2\/media?parent=267750"}],"wp:term":[{"taxonomy":"product_cat","embeddable":true,"href":"https:\/\/compuviper.mx\/tienda\/wp-json\/wp\/v2\/product_cat?post=267750"},{"taxonomy":"product_tag","embeddable":true,"href":"https:\/\/compuviper.mx\/tienda\/wp-json\/wp\/v2\/product_tag?post=267750"}],"curies":[{"name":"wp","href":"https:\/\/api.w.org\/{rel}","templated":true}]}}