{"id":267686,"date":"2026-04-15T23:51:21","date_gmt":"2026-04-16T05:51:21","guid":{"rendered":"https:\/\/compuviper.mx\/tienda\/producto\/msi-oem-mag-coreliquid-a13-240-white-disipador-de-enfriamiento-liquido-ms-mag-coreliquid-a13-240-white-240mm-intel-1700-1851-amd-am5-am4-rgb\/"},"modified":"2026-04-16T00:00:47","modified_gmt":"2026-04-16T06:00:47","slug":"msi-oem-mag-coreliquid-a13-240-white-disipador-de-enfriamiento-liquido-ms-mag-coreliquid-a13-240-white-240mm-intel-1700-1851-amd-am5-am4-rgb","status":"publish","type":"product","link":"https:\/\/compuviper.mx\/tienda\/producto\/msi-oem-mag-coreliquid-a13-240-white-disipador-de-enfriamiento-liquido-ms-mag-coreliquid-a13-240-white-240mm-intel-1700-1851-amd-am5-am4-rgb\/","title":{"rendered":"Msi Oem Mag Coreliquid A13 240 White Disipador De Enfriamiento Liquido Ms Mag Coreliquid A13 240 \/ White\/ 240mm \/ Intel ,1700, 1851 \/ Amd Am5, Am4 \/ Rgb"},"content":{"rendered":"<table class=\"descripcion\">\n<tr>\n<td>Cantidad de ventiladores:2<\/td>\n<\/tr>\n<tr>\n<td>Dimensiones ventilador:120 x 120 x 25 mm \/ 4.7 x 4.7 x 0.98 inches<\/td>\n<\/tr>\n<tr>\n<td>Consumo del ventilador:1.8w(max:2.16w)<\/td>\n<\/tr>\n<tr>\n<td>Corriente nominal ventilador:0.15a(max:0.18a)<\/td>\n<\/tr>\n<tr>\n<td>Expectativa de vida ventilador:40,000 hrs@40 and #8451;<\/td>\n<\/tr>\n<tr>\n<td>Rodamiento del ventilador:rifle bearing<\/td>\n<\/tr>\n<tr>\n<td>Flujo de aire ventilador:62.6 cfm<\/td>\n<\/tr>\n<tr>\n<td>Iluminaci\u00f3n del ventilador:argb gen2<\/td>\n<\/tr>\n<tr>\n<td>Water cooling tube material:epdm<\/td>\n<\/tr>\n<tr>\n<td>Modo pwm:yes<\/td>\n<\/tr>\n<tr>\n<td>Longitud de cable ventilador (cable 5v argb \/ pwm) 450 mm; 17.71 inches<\/td>\n<\/tr>\n<tr>\n<td>Material del radiador:aluminum<\/td>\n<\/tr>\n<tr>\n<td>Dimensiones del radiador:277 x 119.6 x 27mm \/ 10.90 x 4.69 x 1.06 inches<\/td>\n<\/tr>\n<tr>\n<td>Dimensiones del bloque:70.9 x 69.3 x 56.98 mm<\/td>\n<\/tr>\n<tr>\n<td>Block lighting:argb gen2<\/td>\n<\/tr>\n<tr>\n<td>Expectativa de vida bomba:25,000 hours in typical use<\/td>\n<\/tr>\n<tr>\n<td>Fan connector:5v argb 3-pin header<\/td>\n<\/tr>\n<tr>\n<td>Pump noise level 20 dba (avg.)<\/td>\n<\/tr>\n<tr>\n<td>Velocidad de la bomba 3800 rpm \u00b1 10%<\/td>\n<\/tr>\n<tr>\n<td>Consumo de la bomba:2.88w<\/td>\n<\/tr>\n<tr>\n<td>Pump rated current:0.24a<\/td>\n<\/tr>\n<tr>\n<td>Pump connector 3-pin header<\/td>\n<\/tr>\n<tr>\n<td> 5v argb 3-pin header ( female )<\/td>\n<\/tr>\n<tr>\n<td>Socket intel:lga 1700 \/ 1851<\/td>\n<\/tr>\n<tr>\n<td>Socket amd:am5 \/ am4<\/td>\n<\/tr>\n<tr>\n<td> thermal paste x 1<\/td>\n<\/tr>\n<tr>\n<td>Accesorios:screws x 8<\/td>\n<\/tr>\n<tr>\n<td>Tama\u00f1o del radiador:240 mm<\/td>\n<\/tr>\n<tr>\n<td>Material de la placa fr\u00eda:copper<\/td>\n<\/tr>\n<\/table>\n","protected":false},"excerpt":{"rendered":"<p>A serie msi arsenal gaming (mag) est\u00e1 dise\u00f1ada para ofrecer a los jugadores la ventaja que necesitan para dominar el campo de batalla virtual. Inspirada en la durabilidad y fiabilidad de los equipos militares, la mag est\u00e1 dise\u00f1ada para proporcionar una defensa inquebrantable en cualquier escenario de juego. Sin embargo, mag no es s\u00f3lo rendimiento; es un lenguaje de dise\u00f1o que transmite robustez y dureza, encarnando la esencia misma del estilo mag. Para los jugadores que est\u00e1n decididos a dominar sus campos de batalla digitales, la serie mag est\u00e1 aqu\u00ed para acompa\u00f1arte, estableciendo la defensa definitiva. Concepto de dise\u00f1o. La nueva serie de disipadores mag coreliquid a13 de msi se inspira en el armonioso equilibrio entre elementos cuadrados y redondos. El dise\u00f1o combina a la perfecci\u00f3n suaves bordes redondeados con l\u00edneas n\u00edtidas y limpias, reflejando la mezcla perfecta de rendimiento y silencio. El efecto de iluminaci\u00f3n indirecta argb se integra sutilmente en el dise\u00f1o curvo, resaltando los intrincados detalles de las l\u00edneas. Bajo su apariencia sin pretensiones se esconde una rica variedad de efectos de iluminaci\u00f3n, lo que hace que el dise\u00f1o minimalista encaje a la perfecci\u00f3n con la b\u00fasqueda moderna de una est\u00e9tica de vida minimalista.Simplemente radiante. El dise\u00f1o minimalista integra diversas t\u00e9cnicas de acabado de superficies para mostrar sutilmente los detalles del producto. La iluminaci\u00f3n indirecta crea un vibrante espectro de colores, ofreciendo una iluminaci\u00f3n asombrosa pero discreta que resalta a la perfecci\u00f3n la refinada textura del producto. Bomba de alto rendimiento. La serie coreliquid a13 est\u00e1 equipada con una bomba de alto rendimiento que funciona a velocidades de hasta 3800 rpm. Combinada con cojinetes cer\u00e1micos de alta calidad, consigue un equilibrio perfecto entre rendimiento y funcionamiento silencioso. Red arrow for heating. Dise\u00f1o de canales de agua. El nuevo dise\u00f1o del canal de agua funciona a la perfeccil\u00f3n con la bomba de alto caudal, disipando eficazmente el calor absorbido por la base de cobre. Esto garantiza un excelente rendimiento de refrigeraci\u00f3n, manteniendo el sistema fr\u00edo y estable incluso bajo cargas pesadas, elevando tanto el rendimiento como la fiabilidad a nuevas cotas.Base de cobre completa. La base de cobre completa de nueva generaci\u00f3n elimina el dise\u00f1o tradicional de perforaci\u00f3n de tornillo, lo que mejora significativamente la estanqueidad y garantiza un funcionamiento m\u00e1s fiable del sistema. Equipada con un preciso dise\u00f1o de microcanales de 0,1 mm, absorbe eficazmente el calor de la cpu y trabaja en t\u00e1ndem con la bomba de alto rendimiento para disipar r\u00e1pidamente el calor, ofreciendo un rendimiento de refrigeraci\u00f3n excepcional.<\/p>\n","protected":false},"featured_media":267687,"comment_status":"open","ping_status":"open","template":"","meta":[],"product_cat":[1612,1613],"product_tag":[2322],"acf":[],"yoast_head":"<!-- This site is optimized with the Yoast SEO plugin v21.7 - https:\/\/yoast.com\/wordpress\/plugins\/seo\/ -->\n<title>[ Msi Oem ] &#129351; Mag Coreliquid A13 240 White Disipador De Enfriamiento Liquido Ms Mag Coreliquid A13 240 \/ White\/ 240mm \/ Intel ,1700, 1851 \/ Amd Am5, Am4 \/ Rgb<\/title>\n<meta name=\"description\" content=\"Compra Mag Coreliquid A13 240 White Disipador De Enfriamiento Liquido Ms Mag Coreliquid A13 240 \/ White\/ 240mm \/ Intel ,1700, 1851 \/ Amd Am5, Am4 \/ Rgb + Env\u00edo a domicilio + Pago seguro + Garant\u00eda\" \/>\n<meta name=\"robots\" content=\"index, follow, max-snippet:-1, max-image-preview:large, max-video-preview:-1\" \/>\n<link rel=\"canonical\" href=\"https:\/\/compuviper.mx\/tienda\/producto\/msi-oem-mag-coreliquid-a13-240-white-disipador-de-enfriamiento-liquido-ms-mag-coreliquid-a13-240-white-240mm-intel-1700-1851-amd-am5-am4-rgb\/\" \/>\n<meta property=\"og:locale\" content=\"es_MX\" \/>\n<meta property=\"og:type\" content=\"article\" \/>\n<meta property=\"og:title\" content=\"[ Msi Oem ] &#129351; Mag Coreliquid A13 240 White Disipador De Enfriamiento Liquido Ms Mag Coreliquid A13 240 \/ White\/ 240mm \/ Intel ,1700, 1851 \/ Amd Am5, Am4 \/ Rgb\" \/>\n<meta property=\"og:description\" content=\"Compra Mag Coreliquid A13 240 White Disipador De Enfriamiento Liquido Ms Mag Coreliquid A13 240 \/ White\/ 240mm \/ Intel ,1700, 1851 \/ Amd Am5, Am4 \/ Rgb + Env\u00edo a domicilio + Pago seguro + Garant\u00eda\" \/>\n<meta property=\"og:url\" content=\"https:\/\/compuviper.mx\/tienda\/producto\/msi-oem-mag-coreliquid-a13-240-white-disipador-de-enfriamiento-liquido-ms-mag-coreliquid-a13-240-white-240mm-intel-1700-1851-amd-am5-am4-rgb\/\" \/>\n<meta property=\"og:site_name\" content=\"Compuviper\" \/>\n<meta property=\"article:publisher\" content=\"https:\/\/www.facebook.com\/compuviper\" \/>\n<meta property=\"article:modified_time\" content=\"2026-04-16T06:00:47+00:00\" \/>\n<meta property=\"og:image\" content=\"https:\/\/compuviper.mx\/tienda\/wp-content\/uploads\/2026\/03\/Disipador-de-enfriamiento-liquido-ms-mag-coreliquid-a13-240-white-240mm-intel-1700-1851-amd-am5-am4-rgb.jpg\" \/>\n\t<meta property=\"og:image:width\" content=\"200\" \/>\n\t<meta property=\"og:image:height\" content=\"200\" \/>\n\t<meta property=\"og:image:type\" content=\"image\/jpeg\" \/>\n<meta name=\"twitter:card\" content=\"summary_large_image\" \/>\n<meta name=\"twitter:label1\" content=\"Precio\" \/>\n\t<meta name=\"twitter:data1\" content=\"&#36;1,018 con IVA\" \/>\n\t<meta name=\"twitter:label2\" content=\"Availability\" \/>\n\t<meta name=\"twitter:data2\" content=\"In stock\" \/>\n<script type=\"application\/ld+json\" class=\"yoast-schema-graph\">{\"@context\":\"https:\/\/schema.org\",\"@graph\":[{\"@type\":\"WebPage\",\"@id\":\"https:\/\/compuviper.mx\/tienda\/producto\/msi-oem-mag-coreliquid-a13-240-white-disipador-de-enfriamiento-liquido-ms-mag-coreliquid-a13-240-white-240mm-intel-1700-1851-amd-am5-am4-rgb\/\",\"url\":\"https:\/\/compuviper.mx\/tienda\/producto\/msi-oem-mag-coreliquid-a13-240-white-disipador-de-enfriamiento-liquido-ms-mag-coreliquid-a13-240-white-240mm-intel-1700-1851-amd-am5-am4-rgb\/\",\"name\":\"[ Msi Oem ] &#129351; Mag Coreliquid A13 240 White Disipador De Enfriamiento Liquido Ms Mag Coreliquid A13 240 \/ White\/ 240mm \/ Intel ,1700, 1851 \/ Amd Am5, Am4 \/ Rgb\",\"isPartOf\":{\"@id\":\"https:\/\/compuviper.mx\/tienda\/#website\"},\"datePublished\":\"2026-04-16T05:51:21+00:00\",\"dateModified\":\"2026-04-16T06:00:47+00:00\",\"description\":\"Compra Mag Coreliquid A13 240 White Disipador De Enfriamiento Liquido Ms Mag Coreliquid A13 240 \/ White\/ 240mm \/ Intel ,1700, 1851 \/ Amd Am5, Am4 \/ Rgb + Env\u00edo a domicilio + Pago seguro + Garant\u00eda\",\"breadcrumb\":{\"@id\":\"https:\/\/compuviper.mx\/tienda\/producto\/msi-oem-mag-coreliquid-a13-240-white-disipador-de-enfriamiento-liquido-ms-mag-coreliquid-a13-240-white-240mm-intel-1700-1851-amd-am5-am4-rgb\/#breadcrumb\"},\"inLanguage\":\"es-MX\",\"potentialAction\":[{\"@type\":\"ReadAction\",\"target\":[\"https:\/\/compuviper.mx\/tienda\/producto\/msi-oem-mag-coreliquid-a13-240-white-disipador-de-enfriamiento-liquido-ms-mag-coreliquid-a13-240-white-240mm-intel-1700-1851-amd-am5-am4-rgb\/\"]}]},{\"@type\":\"BreadcrumbList\",\"@id\":\"https:\/\/compuviper.mx\/tienda\/producto\/msi-oem-mag-coreliquid-a13-240-white-disipador-de-enfriamiento-liquido-ms-mag-coreliquid-a13-240-white-240mm-intel-1700-1851-amd-am5-am4-rgb\/#breadcrumb\",\"itemListElement\":[{\"@type\":\"ListItem\",\"position\":1,\"name\":\"Inicio\",\"item\":\"https:\/\/compuviper.mx\/tienda\/\"},{\"@type\":\"ListItem\",\"position\":2,\"name\":\"Productos\",\"item\":\"https:\/\/compuviper.mx\/tienda\/productos\/\"},{\"@type\":\"ListItem\",\"position\":3,\"name\":\"Ventiladores\",\"item\":\"https:\/\/compuviper.mx\/tienda\/categoria-producto\/ventiladores\/\"},{\"@type\":\"ListItem\",\"position\":4,\"name\":\"Para Procesador\",\"item\":\"https:\/\/compuviper.mx\/tienda\/categoria-producto\/ventiladores\/para-procesador\/\"},{\"@type\":\"ListItem\",\"position\":5,\"name\":\"Msi Oem Mag Coreliquid A13 240 White Disipador De Enfriamiento Liquido Ms Mag Coreliquid A13 240 \/ White\/ 240mm \/ Intel ,1700, 1851 \/ Amd Am5, Am4 \/ Rgb\"}]},{\"@type\":\"WebSite\",\"@id\":\"https:\/\/compuviper.mx\/tienda\/#website\",\"url\":\"https:\/\/compuviper.mx\/tienda\/\",\"name\":\"Compuviper\",\"description\":\"Proveedor de Computadoras, Laptops, Servidores, Monitores, Puntos de Venta, Teclados,   Impresoras, T\u00f3ner, C\u00e1maras de Seguridad y m\u00e1s en tu tienda en l\u00ednea\",\"publisher\":{\"@id\":\"https:\/\/compuviper.mx\/tienda\/#organization\"},\"potentialAction\":[{\"@type\":\"SearchAction\",\"target\":{\"@type\":\"EntryPoint\",\"urlTemplate\":\"https:\/\/compuviper.mx\/tienda\/?s={search_term_string}\"},\"query-input\":\"required name=search_term_string\"}],\"inLanguage\":\"es-MX\"},{\"@type\":\"Organization\",\"@id\":\"https:\/\/compuviper.mx\/tienda\/#organization\",\"name\":\"Compuviper\",\"url\":\"https:\/\/compuviper.mx\/tienda\/\",\"logo\":{\"@type\":\"ImageObject\",\"inLanguage\":\"es-MX\",\"@id\":\"https:\/\/compuviper.mx\/tienda\/#\/schema\/logo\/image\/\",\"url\":\"https:\/\/compuviper.mx\/tienda\/wp-content\/uploads\/2021\/08\/Logo-Compuviper-10.png\",\"contentUrl\":\"https:\/\/compuviper.mx\/tienda\/wp-content\/uploads\/2021\/08\/Logo-Compuviper-10.png\",\"width\":1000,\"height\":500,\"caption\":\"Compuviper\"},\"image\":{\"@id\":\"https:\/\/compuviper.mx\/tienda\/#\/schema\/logo\/image\/\"},\"sameAs\":[\"https:\/\/www.facebook.com\/compuviper\",\"https:\/\/www.youtube.com\/channel\/UCf73dERp9Y3cfOq7q8BhLjA?view_as=subscriber\"]}]}<\/script>\n<meta property=\"product:brand\" content=\"Msi Oem\" \/>\n<meta property=\"product:price:amount\" content=\"1018\" \/>\n<meta property=\"product:price:currency\" content=\"MXN\" \/>\n<meta property=\"og:availability\" content=\"instock\" \/>\n<meta property=\"product:availability\" content=\"instock\" \/>\n<meta property=\"product:retailer_item_id\" content=\"MAG CORELIQUID A13 240 WHITE\" \/>\n<meta property=\"product:condition\" content=\"new\" \/>\n<!-- \/ Yoast SEO plugin. -->","yoast_head_json":{"title":"[ Msi Oem ] &#129351; Mag Coreliquid A13 240 White Disipador De Enfriamiento Liquido Ms Mag Coreliquid A13 240 \/ White\/ 240mm \/ Intel ,1700, 1851 \/ Amd Am5, Am4 \/ Rgb","description":"Compra Mag Coreliquid A13 240 White Disipador De Enfriamiento Liquido Ms Mag Coreliquid A13 240 \/ White\/ 240mm \/ Intel ,1700, 1851 \/ Amd Am5, Am4 \/ Rgb + Env\u00edo a domicilio + Pago seguro + Garant\u00eda","robots":{"index":"index","follow":"follow","max-snippet":"max-snippet:-1","max-image-preview":"max-image-preview:large","max-video-preview":"max-video-preview:-1"},"canonical":"https:\/\/compuviper.mx\/tienda\/producto\/msi-oem-mag-coreliquid-a13-240-white-disipador-de-enfriamiento-liquido-ms-mag-coreliquid-a13-240-white-240mm-intel-1700-1851-amd-am5-am4-rgb\/","og_locale":"es_MX","og_type":"article","og_title":"[ Msi Oem ] &#129351; Mag Coreliquid A13 240 White Disipador De Enfriamiento Liquido Ms Mag Coreliquid A13 240 \/ White\/ 240mm \/ Intel ,1700, 1851 \/ Amd Am5, Am4 \/ Rgb","og_description":"Compra Mag Coreliquid A13 240 White Disipador De Enfriamiento Liquido Ms Mag Coreliquid A13 240 \/ White\/ 240mm \/ Intel ,1700, 1851 \/ Amd Am5, Am4 \/ Rgb + Env\u00edo a domicilio + Pago seguro + Garant\u00eda","og_url":"https:\/\/compuviper.mx\/tienda\/producto\/msi-oem-mag-coreliquid-a13-240-white-disipador-de-enfriamiento-liquido-ms-mag-coreliquid-a13-240-white-240mm-intel-1700-1851-amd-am5-am4-rgb\/","og_site_name":"Compuviper","article_publisher":"https:\/\/www.facebook.com\/compuviper","article_modified_time":"2026-04-16T06:00:47+00:00","og_image":[{"width":200,"height":200,"url":"https:\/\/compuviper.mx\/tienda\/wp-content\/uploads\/2026\/03\/Disipador-de-enfriamiento-liquido-ms-mag-coreliquid-a13-240-white-240mm-intel-1700-1851-amd-am5-am4-rgb.jpg","type":"image\/jpeg"}],"twitter_card":"summary_large_image","twitter_misc":{"Precio":"&#36;1,018 con IVA","Availability":"In stock"},"schema":{"@context":"https:\/\/schema.org","@graph":[{"@type":"WebPage","@id":"https:\/\/compuviper.mx\/tienda\/producto\/msi-oem-mag-coreliquid-a13-240-white-disipador-de-enfriamiento-liquido-ms-mag-coreliquid-a13-240-white-240mm-intel-1700-1851-amd-am5-am4-rgb\/","url":"https:\/\/compuviper.mx\/tienda\/producto\/msi-oem-mag-coreliquid-a13-240-white-disipador-de-enfriamiento-liquido-ms-mag-coreliquid-a13-240-white-240mm-intel-1700-1851-amd-am5-am4-rgb\/","name":"[ Msi Oem ] &#129351; Mag Coreliquid A13 240 White Disipador De Enfriamiento Liquido Ms Mag Coreliquid A13 240 \/ White\/ 240mm \/ Intel ,1700, 1851 \/ Amd Am5, Am4 \/ Rgb","isPartOf":{"@id":"https:\/\/compuviper.mx\/tienda\/#website"},"datePublished":"2026-04-16T05:51:21+00:00","dateModified":"2026-04-16T06:00:47+00:00","description":"Compra Mag Coreliquid A13 240 White Disipador De Enfriamiento Liquido Ms Mag Coreliquid A13 240 \/ White\/ 240mm \/ Intel ,1700, 1851 \/ Amd Am5, Am4 \/ Rgb + Env\u00edo a domicilio + Pago seguro + Garant\u00eda","breadcrumb":{"@id":"https:\/\/compuviper.mx\/tienda\/producto\/msi-oem-mag-coreliquid-a13-240-white-disipador-de-enfriamiento-liquido-ms-mag-coreliquid-a13-240-white-240mm-intel-1700-1851-amd-am5-am4-rgb\/#breadcrumb"},"inLanguage":"es-MX","potentialAction":[{"@type":"ReadAction","target":["https:\/\/compuviper.mx\/tienda\/producto\/msi-oem-mag-coreliquid-a13-240-white-disipador-de-enfriamiento-liquido-ms-mag-coreliquid-a13-240-white-240mm-intel-1700-1851-amd-am5-am4-rgb\/"]}]},{"@type":"BreadcrumbList","@id":"https:\/\/compuviper.mx\/tienda\/producto\/msi-oem-mag-coreliquid-a13-240-white-disipador-de-enfriamiento-liquido-ms-mag-coreliquid-a13-240-white-240mm-intel-1700-1851-amd-am5-am4-rgb\/#breadcrumb","itemListElement":[{"@type":"ListItem","position":1,"name":"Inicio","item":"https:\/\/compuviper.mx\/tienda\/"},{"@type":"ListItem","position":2,"name":"Productos","item":"https:\/\/compuviper.mx\/tienda\/productos\/"},{"@type":"ListItem","position":3,"name":"Ventiladores","item":"https:\/\/compuviper.mx\/tienda\/categoria-producto\/ventiladores\/"},{"@type":"ListItem","position":4,"name":"Para Procesador","item":"https:\/\/compuviper.mx\/tienda\/categoria-producto\/ventiladores\/para-procesador\/"},{"@type":"ListItem","position":5,"name":"Msi Oem Mag Coreliquid A13 240 White Disipador De Enfriamiento Liquido Ms Mag Coreliquid A13 240 \/ White\/ 240mm \/ Intel ,1700, 1851 \/ Amd Am5, Am4 \/ Rgb"}]},{"@type":"WebSite","@id":"https:\/\/compuviper.mx\/tienda\/#website","url":"https:\/\/compuviper.mx\/tienda\/","name":"Compuviper","description":"Proveedor de Computadoras, Laptops, Servidores, Monitores, Puntos de Venta, Teclados,   Impresoras, T\u00f3ner, C\u00e1maras de Seguridad y m\u00e1s en tu tienda en l\u00ednea","publisher":{"@id":"https:\/\/compuviper.mx\/tienda\/#organization"},"potentialAction":[{"@type":"SearchAction","target":{"@type":"EntryPoint","urlTemplate":"https:\/\/compuviper.mx\/tienda\/?s={search_term_string}"},"query-input":"required name=search_term_string"}],"inLanguage":"es-MX"},{"@type":"Organization","@id":"https:\/\/compuviper.mx\/tienda\/#organization","name":"Compuviper","url":"https:\/\/compuviper.mx\/tienda\/","logo":{"@type":"ImageObject","inLanguage":"es-MX","@id":"https:\/\/compuviper.mx\/tienda\/#\/schema\/logo\/image\/","url":"https:\/\/compuviper.mx\/tienda\/wp-content\/uploads\/2021\/08\/Logo-Compuviper-10.png","contentUrl":"https:\/\/compuviper.mx\/tienda\/wp-content\/uploads\/2021\/08\/Logo-Compuviper-10.png","width":1000,"height":500,"caption":"Compuviper"},"image":{"@id":"https:\/\/compuviper.mx\/tienda\/#\/schema\/logo\/image\/"},"sameAs":["https:\/\/www.facebook.com\/compuviper","https:\/\/www.youtube.com\/channel\/UCf73dERp9Y3cfOq7q8BhLjA?view_as=subscriber"]}]},"product_brand":"Msi Oem","product_price_amount":"1018","product_price_currency":"MXN","og_availability":"instock","product_availability":"instock","product_retailer_item_id":"MAG CORELIQUID A13 240 WHITE","product_condition":"new"},"_links":{"self":[{"href":"https:\/\/compuviper.mx\/tienda\/wp-json\/wp\/v2\/product\/267686"}],"collection":[{"href":"https:\/\/compuviper.mx\/tienda\/wp-json\/wp\/v2\/product"}],"about":[{"href":"https:\/\/compuviper.mx\/tienda\/wp-json\/wp\/v2\/types\/product"}],"replies":[{"embeddable":true,"href":"https:\/\/compuviper.mx\/tienda\/wp-json\/wp\/v2\/comments?post=267686"}],"wp:featuredmedia":[{"embeddable":true,"href":"https:\/\/compuviper.mx\/tienda\/wp-json\/wp\/v2\/media\/267687"}],"wp:attachment":[{"href":"https:\/\/compuviper.mx\/tienda\/wp-json\/wp\/v2\/media?parent=267686"}],"wp:term":[{"taxonomy":"product_cat","embeddable":true,"href":"https:\/\/compuviper.mx\/tienda\/wp-json\/wp\/v2\/product_cat?post=267686"},{"taxonomy":"product_tag","embeddable":true,"href":"https:\/\/compuviper.mx\/tienda\/wp-json\/wp\/v2\/product_tag?post=267686"}],"curies":[{"name":"wp","href":"https:\/\/api.w.org\/{rel}","templated":true}]}}