{"id":267683,"date":"2026-04-25T02:16:27","date_gmt":"2026-04-25T08:16:27","guid":{"rendered":"https:\/\/compuviper.mx\/tienda\/producto\/pny-vcg50508dfxpb1-tarjeta-de-video-geforce-rtx-5050-dual-fan-8g-ddr6-pcie-5-0-fp4-dlss-4-gama-media-gamer\/"},"modified":"2026-04-26T00:00:41","modified_gmt":"2026-04-26T06:00:41","slug":"pny-vcg50508dfxpb1-tarjeta-de-video-geforce-rtx-5050-dual-fan-8g-ddr6-pcie-5-0-fp4-dlss-4-gama-media-gamer","status":"publish","type":"product","link":"https:\/\/compuviper.mx\/tienda\/producto\/pny-vcg50508dfxpb1-tarjeta-de-video-geforce-rtx-5050-dual-fan-8g-ddr6-pcie-5-0-fp4-dlss-4-gama-media-gamer\/","title":{"rendered":"Pny Vcg50508dfxpb1 Tarjeta De Video  Geforce Rtx 5050 Dual Fan 8g Ddr6 Pcie 5.0 Fp4 Dlss 4 Gama Media Gamer"},"content":{"rendered":"<table class=\"descripcion\">\n<tr>\n<td>Caracteristicas<\/td>\n<\/tr>\n<tr>\n<td>Arquitectura nvidia blackwell<\/td>\n<\/tr>\n<tr>\n<td>8gb de memoria gddr6<\/td>\n<\/tr>\n<tr>\n<td>Nvidia dlss 4<\/td>\n<\/tr>\n<tr>\n<td>Nvidia reflex 2<\/td>\n<\/tr>\n<tr>\n<td>Pcie gen 5.0<\/td>\n<\/tr>\n<tr>\n<td>Nvidia broadcast<\/td>\n<\/tr>\n<tr>\n<td>Nucleos de nvidia cuda 2560<\/td>\n<\/tr>\n<tr>\n<td>Velocidad de reloj 2317 mhz<\/td>\n<\/tr>\n<tr>\n<td>Velocidad de memoria 20<\/td>\n<\/tr>\n<tr>\n<td>Tama\u00f1o de memoria 8gb gddr6<\/td>\n<\/tr>\n<tr>\n<td>Interfaz de memoria 128 bits<\/td>\n<\/tr>\n<tr>\n<td>Ancho de banda de memoria gb\/s 320<\/td>\n<\/tr>\n<tr>\n<td>Tdp 130w<\/td>\n<\/tr>\n<tr>\n<td>Salidas display port 2.1b con uhbr20 (x3) hdmi 2.1b<\/td>\n<\/tr>\n<tr>\n<td>Pantallas multiples 4<\/td>\n<\/tr>\n<tr>\n<td>Resolucion 4k a 480hz o 8k a 165hz con dsc<\/td>\n<\/tr>\n<tr>\n<td>Entrada de energia 1&#215;8<\/td>\n<\/tr>\n<tr>\n<td>Tipo de bus pci-express 5.0 x8<\/td>\n<\/tr>\n<tr>\n<td>Numero de parte pny  vcg50508dfxpb1<\/td>\n<\/tr>\n<tr>\n<td>Codigo upc  751492799100<\/td>\n<\/tr>\n<tr>\n<td>Placa base compatible con pcie gen 5 con una ranura grafica de 2 anchos x8<\/td>\n<\/tr>\n<tr>\n<td>Un conector de alimentacion suplementario de 8 pines<\/td>\n<\/tr>\n<tr>\n<td>Fuente de alimentacion del sistema de 550w o superior<\/td>\n<\/tr>\n<tr>\n<td>Windows11 de 64 bits, linux de 64 bits<\/td>\n<\/tr>\n<tr>\n<td>Conexion a internet<\/td>\n<\/tr>\n<tr>\n<td>Dimensiones de la tarjeta 200 x 120 x 39.8 mm; 2 ranuras 7.9\u0094 x 4.7\u0094 x 1.6\u0094; 2 ranuras<\/td>\n<\/tr>\n<tr>\n<td>Dimensiones de la caja 322 x 179 x 70 mm; 12.68\u0094 x 7.05\u0094 x 2.76\u0094<\/td>\n<\/tr>\n<\/table>\n","protected":false},"excerpt":{"rendered":"<p>Avanza hacia la arquitectura blackwell de nvidia con la geforce rtx 5050, que cuenta con nucleos de trazado de rayos de 4ta generacion y nucleos tensor de 5ta generacion para capacidades de inteligencia artificial revolucionarias y un rendimiento excepcional en los mejores juegos y aplicaciones.<\/p>\n","protected":false},"featured_media":0,"comment_status":"open","ping_status":"open","template":"","meta":[],"product_cat":[1841,1842],"product_tag":[1849],"acf":[],"yoast_head":"<!-- This site is optimized with the Yoast SEO plugin v21.7 - https:\/\/yoast.com\/wordpress\/plugins\/seo\/ -->\n<title>[ Pny ] &#129351; Vcg50508dfxpb1 Tarjeta De Video Geforce Rtx 5050 Dual Fan 8g Ddr6 Pcie 5.0 Fp4 Dlss 4 Gama Media Gamer<\/title>\n<meta name=\"description\" content=\"Compra Vcg50508dfxpb1 Tarjeta De Video Geforce Rtx 5050 Dual Fan 8g Ddr6 Pcie 5.0 Fp4 Dlss 4 Gama Media Gamer + Env\u00edo a domicilio + Pago seguro + Garant\u00eda\" \/>\n<meta name=\"robots\" content=\"index, follow, max-snippet:-1, max-image-preview:large, max-video-preview:-1\" \/>\n<link rel=\"canonical\" href=\"https:\/\/compuviper.mx\/tienda\/producto\/pny-vcg50508dfxpb1-tarjeta-de-video-geforce-rtx-5050-dual-fan-8g-ddr6-pcie-5-0-fp4-dlss-4-gama-media-gamer\/\" \/>\n<meta property=\"og:locale\" content=\"es_MX\" \/>\n<meta property=\"og:type\" content=\"article\" \/>\n<meta property=\"og:title\" content=\"[ Pny ] &#129351; Vcg50508dfxpb1 Tarjeta De Video Geforce Rtx 5050 Dual Fan 8g Ddr6 Pcie 5.0 Fp4 Dlss 4 Gama Media Gamer\" \/>\n<meta property=\"og:description\" content=\"Compra Vcg50508dfxpb1 Tarjeta De Video Geforce Rtx 5050 Dual Fan 8g Ddr6 Pcie 5.0 Fp4 Dlss 4 Gama Media Gamer + Env\u00edo a domicilio + Pago seguro + Garant\u00eda\" \/>\n<meta property=\"og:url\" content=\"https:\/\/compuviper.mx\/tienda\/producto\/pny-vcg50508dfxpb1-tarjeta-de-video-geforce-rtx-5050-dual-fan-8g-ddr6-pcie-5-0-fp4-dlss-4-gama-media-gamer\/\" \/>\n<meta property=\"og:site_name\" content=\"Compuviper\" \/>\n<meta property=\"article:publisher\" content=\"https:\/\/www.facebook.com\/compuviper\" \/>\n<meta property=\"article:modified_time\" content=\"2026-04-26T06:00:41+00:00\" \/>\n<meta name=\"twitter:card\" content=\"summary_large_image\" \/>\n<meta name=\"twitter:label1\" content=\"Precio\" \/>\n\t<meta name=\"twitter:data1\" content=\"&#36;5,487 con IVA\" \/>\n\t<meta name=\"twitter:label2\" content=\"Availability\" \/>\n\t<meta name=\"twitter:data2\" content=\"In stock\" \/>\n<script type=\"application\/ld+json\" class=\"yoast-schema-graph\">{\"@context\":\"https:\/\/schema.org\",\"@graph\":[{\"@type\":\"WebPage\",\"@id\":\"https:\/\/compuviper.mx\/tienda\/producto\/pny-vcg50508dfxpb1-tarjeta-de-video-geforce-rtx-5050-dual-fan-8g-ddr6-pcie-5-0-fp4-dlss-4-gama-media-gamer\/\",\"url\":\"https:\/\/compuviper.mx\/tienda\/producto\/pny-vcg50508dfxpb1-tarjeta-de-video-geforce-rtx-5050-dual-fan-8g-ddr6-pcie-5-0-fp4-dlss-4-gama-media-gamer\/\",\"name\":\"[ Pny ] &#129351; Vcg50508dfxpb1 Tarjeta De Video Geforce Rtx 5050 Dual Fan 8g Ddr6 Pcie 5.0 Fp4 Dlss 4 Gama Media Gamer\",\"isPartOf\":{\"@id\":\"https:\/\/compuviper.mx\/tienda\/#website\"},\"datePublished\":\"2026-04-25T08:16:27+00:00\",\"dateModified\":\"2026-04-26T06:00:41+00:00\",\"description\":\"Compra Vcg50508dfxpb1 Tarjeta De Video Geforce Rtx 5050 Dual Fan 8g Ddr6 Pcie 5.0 Fp4 Dlss 4 Gama Media Gamer + Env\u00edo a domicilio + Pago seguro + Garant\u00eda\",\"breadcrumb\":{\"@id\":\"https:\/\/compuviper.mx\/tienda\/producto\/pny-vcg50508dfxpb1-tarjeta-de-video-geforce-rtx-5050-dual-fan-8g-ddr6-pcie-5-0-fp4-dlss-4-gama-media-gamer\/#breadcrumb\"},\"inLanguage\":\"es-MX\",\"potentialAction\":[{\"@type\":\"ReadAction\",\"target\":[\"https:\/\/compuviper.mx\/tienda\/producto\/pny-vcg50508dfxpb1-tarjeta-de-video-geforce-rtx-5050-dual-fan-8g-ddr6-pcie-5-0-fp4-dlss-4-gama-media-gamer\/\"]}]},{\"@type\":\"BreadcrumbList\",\"@id\":\"https:\/\/compuviper.mx\/tienda\/producto\/pny-vcg50508dfxpb1-tarjeta-de-video-geforce-rtx-5050-dual-fan-8g-ddr6-pcie-5-0-fp4-dlss-4-gama-media-gamer\/#breadcrumb\",\"itemListElement\":[{\"@type\":\"ListItem\",\"position\":1,\"name\":\"Inicio\",\"item\":\"https:\/\/compuviper.mx\/tienda\/\"},{\"@type\":\"ListItem\",\"position\":2,\"name\":\"Productos\",\"item\":\"https:\/\/compuviper.mx\/tienda\/productos\/\"},{\"@type\":\"ListItem\",\"position\":3,\"name\":\"Video\",\"item\":\"https:\/\/compuviper.mx\/tienda\/categoria-producto\/video\/\"},{\"@type\":\"ListItem\",\"position\":4,\"name\":\"Video\",\"item\":\"https:\/\/compuviper.mx\/tienda\/categoria-producto\/video\/video-video\/\"},{\"@type\":\"ListItem\",\"position\":5,\"name\":\"Pny Vcg50508dfxpb1 Tarjeta De Video Geforce Rtx 5050 Dual Fan 8g Ddr6 Pcie 5.0 Fp4 Dlss 4 Gama Media Gamer\"}]},{\"@type\":\"WebSite\",\"@id\":\"https:\/\/compuviper.mx\/tienda\/#website\",\"url\":\"https:\/\/compuviper.mx\/tienda\/\",\"name\":\"Compuviper\",\"description\":\"Proveedor de Computadoras, Laptops, Servidores, Monitores, Puntos de Venta, Teclados,   Impresoras, T\u00f3ner, C\u00e1maras de Seguridad y m\u00e1s en tu tienda en l\u00ednea\",\"publisher\":{\"@id\":\"https:\/\/compuviper.mx\/tienda\/#organization\"},\"potentialAction\":[{\"@type\":\"SearchAction\",\"target\":{\"@type\":\"EntryPoint\",\"urlTemplate\":\"https:\/\/compuviper.mx\/tienda\/?s={search_term_string}\"},\"query-input\":\"required name=search_term_string\"}],\"inLanguage\":\"es-MX\"},{\"@type\":\"Organization\",\"@id\":\"https:\/\/compuviper.mx\/tienda\/#organization\",\"name\":\"Compuviper\",\"url\":\"https:\/\/compuviper.mx\/tienda\/\",\"logo\":{\"@type\":\"ImageObject\",\"inLanguage\":\"es-MX\",\"@id\":\"https:\/\/compuviper.mx\/tienda\/#\/schema\/logo\/image\/\",\"url\":\"https:\/\/compuviper.mx\/tienda\/wp-content\/uploads\/2021\/08\/Logo-Compuviper-10.png\",\"contentUrl\":\"https:\/\/compuviper.mx\/tienda\/wp-content\/uploads\/2021\/08\/Logo-Compuviper-10.png\",\"width\":1000,\"height\":500,\"caption\":\"Compuviper\"},\"image\":{\"@id\":\"https:\/\/compuviper.mx\/tienda\/#\/schema\/logo\/image\/\"},\"sameAs\":[\"https:\/\/www.facebook.com\/compuviper\",\"https:\/\/www.youtube.com\/channel\/UCf73dERp9Y3cfOq7q8BhLjA?view_as=subscriber\"]}]}<\/script>\n<meta property=\"product:brand\" content=\"PNY\" \/>\n<meta property=\"product:price:amount\" content=\"5487\" \/>\n<meta property=\"product:price:currency\" content=\"MXN\" \/>\n<meta property=\"og:availability\" content=\"instock\" \/>\n<meta property=\"product:availability\" content=\"instock\" \/>\n<meta property=\"product:retailer_item_id\" content=\"VCG50508DFXPB1\" \/>\n<meta property=\"product:condition\" content=\"new\" \/>\n<!-- \/ Yoast SEO plugin. -->","yoast_head_json":{"title":"[ Pny ] &#129351; Vcg50508dfxpb1 Tarjeta De Video Geforce Rtx 5050 Dual Fan 8g Ddr6 Pcie 5.0 Fp4 Dlss 4 Gama Media Gamer","description":"Compra Vcg50508dfxpb1 Tarjeta De Video Geforce Rtx 5050 Dual Fan 8g Ddr6 Pcie 5.0 Fp4 Dlss 4 Gama Media Gamer + Env\u00edo a domicilio + Pago seguro + Garant\u00eda","robots":{"index":"index","follow":"follow","max-snippet":"max-snippet:-1","max-image-preview":"max-image-preview:large","max-video-preview":"max-video-preview:-1"},"canonical":"https:\/\/compuviper.mx\/tienda\/producto\/pny-vcg50508dfxpb1-tarjeta-de-video-geforce-rtx-5050-dual-fan-8g-ddr6-pcie-5-0-fp4-dlss-4-gama-media-gamer\/","og_locale":"es_MX","og_type":"article","og_title":"[ Pny ] &#129351; Vcg50508dfxpb1 Tarjeta De Video Geforce Rtx 5050 Dual Fan 8g Ddr6 Pcie 5.0 Fp4 Dlss 4 Gama Media Gamer","og_description":"Compra Vcg50508dfxpb1 Tarjeta De Video Geforce Rtx 5050 Dual Fan 8g Ddr6 Pcie 5.0 Fp4 Dlss 4 Gama Media Gamer + Env\u00edo a domicilio + Pago seguro + Garant\u00eda","og_url":"https:\/\/compuviper.mx\/tienda\/producto\/pny-vcg50508dfxpb1-tarjeta-de-video-geforce-rtx-5050-dual-fan-8g-ddr6-pcie-5-0-fp4-dlss-4-gama-media-gamer\/","og_site_name":"Compuviper","article_publisher":"https:\/\/www.facebook.com\/compuviper","article_modified_time":"2026-04-26T06:00:41+00:00","twitter_card":"summary_large_image","twitter_misc":{"Precio":"&#36;5,487 con IVA","Availability":"In stock"},"schema":{"@context":"https:\/\/schema.org","@graph":[{"@type":"WebPage","@id":"https:\/\/compuviper.mx\/tienda\/producto\/pny-vcg50508dfxpb1-tarjeta-de-video-geforce-rtx-5050-dual-fan-8g-ddr6-pcie-5-0-fp4-dlss-4-gama-media-gamer\/","url":"https:\/\/compuviper.mx\/tienda\/producto\/pny-vcg50508dfxpb1-tarjeta-de-video-geforce-rtx-5050-dual-fan-8g-ddr6-pcie-5-0-fp4-dlss-4-gama-media-gamer\/","name":"[ Pny ] &#129351; Vcg50508dfxpb1 Tarjeta De Video Geforce Rtx 5050 Dual Fan 8g Ddr6 Pcie 5.0 Fp4 Dlss 4 Gama Media Gamer","isPartOf":{"@id":"https:\/\/compuviper.mx\/tienda\/#website"},"datePublished":"2026-04-25T08:16:27+00:00","dateModified":"2026-04-26T06:00:41+00:00","description":"Compra Vcg50508dfxpb1 Tarjeta De Video Geforce Rtx 5050 Dual Fan 8g Ddr6 Pcie 5.0 Fp4 Dlss 4 Gama Media Gamer + Env\u00edo a domicilio + Pago seguro + Garant\u00eda","breadcrumb":{"@id":"https:\/\/compuviper.mx\/tienda\/producto\/pny-vcg50508dfxpb1-tarjeta-de-video-geforce-rtx-5050-dual-fan-8g-ddr6-pcie-5-0-fp4-dlss-4-gama-media-gamer\/#breadcrumb"},"inLanguage":"es-MX","potentialAction":[{"@type":"ReadAction","target":["https:\/\/compuviper.mx\/tienda\/producto\/pny-vcg50508dfxpb1-tarjeta-de-video-geforce-rtx-5050-dual-fan-8g-ddr6-pcie-5-0-fp4-dlss-4-gama-media-gamer\/"]}]},{"@type":"BreadcrumbList","@id":"https:\/\/compuviper.mx\/tienda\/producto\/pny-vcg50508dfxpb1-tarjeta-de-video-geforce-rtx-5050-dual-fan-8g-ddr6-pcie-5-0-fp4-dlss-4-gama-media-gamer\/#breadcrumb","itemListElement":[{"@type":"ListItem","position":1,"name":"Inicio","item":"https:\/\/compuviper.mx\/tienda\/"},{"@type":"ListItem","position":2,"name":"Productos","item":"https:\/\/compuviper.mx\/tienda\/productos\/"},{"@type":"ListItem","position":3,"name":"Video","item":"https:\/\/compuviper.mx\/tienda\/categoria-producto\/video\/"},{"@type":"ListItem","position":4,"name":"Video","item":"https:\/\/compuviper.mx\/tienda\/categoria-producto\/video\/video-video\/"},{"@type":"ListItem","position":5,"name":"Pny Vcg50508dfxpb1 Tarjeta De Video Geforce Rtx 5050 Dual Fan 8g Ddr6 Pcie 5.0 Fp4 Dlss 4 Gama Media Gamer"}]},{"@type":"WebSite","@id":"https:\/\/compuviper.mx\/tienda\/#website","url":"https:\/\/compuviper.mx\/tienda\/","name":"Compuviper","description":"Proveedor de Computadoras, Laptops, Servidores, Monitores, Puntos de Venta, Teclados,   Impresoras, T\u00f3ner, C\u00e1maras de Seguridad y m\u00e1s en tu tienda en l\u00ednea","publisher":{"@id":"https:\/\/compuviper.mx\/tienda\/#organization"},"potentialAction":[{"@type":"SearchAction","target":{"@type":"EntryPoint","urlTemplate":"https:\/\/compuviper.mx\/tienda\/?s={search_term_string}"},"query-input":"required name=search_term_string"}],"inLanguage":"es-MX"},{"@type":"Organization","@id":"https:\/\/compuviper.mx\/tienda\/#organization","name":"Compuviper","url":"https:\/\/compuviper.mx\/tienda\/","logo":{"@type":"ImageObject","inLanguage":"es-MX","@id":"https:\/\/compuviper.mx\/tienda\/#\/schema\/logo\/image\/","url":"https:\/\/compuviper.mx\/tienda\/wp-content\/uploads\/2021\/08\/Logo-Compuviper-10.png","contentUrl":"https:\/\/compuviper.mx\/tienda\/wp-content\/uploads\/2021\/08\/Logo-Compuviper-10.png","width":1000,"height":500,"caption":"Compuviper"},"image":{"@id":"https:\/\/compuviper.mx\/tienda\/#\/schema\/logo\/image\/"},"sameAs":["https:\/\/www.facebook.com\/compuviper","https:\/\/www.youtube.com\/channel\/UCf73dERp9Y3cfOq7q8BhLjA?view_as=subscriber"]}]},"product_brand":"PNY","product_price_amount":"5487","product_price_currency":"MXN","og_availability":"instock","product_availability":"instock","product_retailer_item_id":"VCG50508DFXPB1","product_condition":"new"},"_links":{"self":[{"href":"https:\/\/compuviper.mx\/tienda\/wp-json\/wp\/v2\/product\/267683"}],"collection":[{"href":"https:\/\/compuviper.mx\/tienda\/wp-json\/wp\/v2\/product"}],"about":[{"href":"https:\/\/compuviper.mx\/tienda\/wp-json\/wp\/v2\/types\/product"}],"replies":[{"embeddable":true,"href":"https:\/\/compuviper.mx\/tienda\/wp-json\/wp\/v2\/comments?post=267683"}],"wp:attachment":[{"href":"https:\/\/compuviper.mx\/tienda\/wp-json\/wp\/v2\/media?parent=267683"}],"wp:term":[{"taxonomy":"product_cat","embeddable":true,"href":"https:\/\/compuviper.mx\/tienda\/wp-json\/wp\/v2\/product_cat?post=267683"},{"taxonomy":"product_tag","embeddable":true,"href":"https:\/\/compuviper.mx\/tienda\/wp-json\/wp\/v2\/product_tag?post=267683"}],"curies":[{"name":"wp","href":"https:\/\/api.w.org\/{rel}","templated":true}]}}