{"id":267680,"date":"2026-04-25T02:16:11","date_gmt":"2026-04-25T08:16:11","guid":{"rendered":"https:\/\/compuviper.mx\/tienda\/producto\/sapphire-11350-03-20g-tarjeta-de-video-amd-radeon-rx-9060-xt-gaming-pulse-dual-fan-16gb-gddr6-pcie-5-0-128-bit-gama-alta\/"},"modified":"2026-04-26T00:00:41","modified_gmt":"2026-04-26T06:00:41","slug":"sapphire-11350-03-20g-tarjeta-de-video-amd-radeon-rx-9060-xt-gaming-pulse-dual-fan-16gb-gddr6-pcie-5-0-128-bit-gama-alta","status":"publish","type":"product","link":"https:\/\/compuviper.mx\/tienda\/producto\/sapphire-11350-03-20g-tarjeta-de-video-amd-radeon-rx-9060-xt-gaming-pulse-dual-fan-16gb-gddr6-pcie-5-0-128-bit-gama-alta\/","title":{"rendered":"Sapphire 11350-03-20g Tarjeta De Video  Amd Radeon Rx 9060 Xt Gaming Pulse Dual Fan \/ 16gb\/ Gddr6\/ Pcie 5.0\/128 Bit\/gama Alta"},"content":{"rendered":"<table class=\"descripcion\">\n<tr>\n<td>Gpu tarjeta gr\u00e1fica amd radeon\u0099 rx 9060 xt<\/td>\n<\/tr>\n<tr>\n<td>Arquitectura amd rdna\u0099 4<\/td>\n<\/tr>\n<tr>\n<td>Reloj del motor<\/td>\n<\/tr>\n<tr>\n<td>Reloj de aumento: hasta 3290 mhz<\/td>\n<\/tr>\n<tr>\n<td>Reloj de juego: hasta 2700 mhz<\/td>\n<\/tr>\n<tr>\n<td> el reloj de refuerzo es la frecuencia m\u00e1xima alcanzable en la gpu al ejecutar cargas de trabajo con r\u00e1fagas. la alcanzabilidad, la frecuencia y la sostenibilidad del reloj de refuerzo var\u00edan en funci\u00f3n de diversos factores, como las condiciones t\u00e9rmicas y la variaci\u00f3n en la aplicaci\u00f3n y las cargas de trabajo.<\/td>\n<\/tr>\n<tr>\n<td>El reloj de juego es el reloj de la gpu esperado al ejecutar aplicaciones de juegos t\u00edpicas, configurado en tgp (potencia gr\u00e1fica total) t\u00edpica. los resultados reales del reloj de juego pueden variar.<\/td>\n<\/tr>\n<tr>\n<td>Procesadores de flujo: 2048<\/td>\n<\/tr>\n<tr>\n<td>Unidades de c\u00f3mputo:32 cu (rt de 3.\u00aa generaci\u00f3n + aceleradores de ia de 2.\u00aa generaci\u00f3n)<\/td>\n<\/tr>\n<tr>\n<td>Cach\u00e9 infinito:32 mb<\/td>\n<\/tr>\n<tr>\n<td>Aceleradores de rayos:32<\/td>\n<\/tr>\n<tr>\n<td>Acelerador de ia:64<\/td>\n<\/tr>\n<tr>\n<td>Tama\u00f1o de memoria\/bus:gddr6 de 16 gb\/128 bits<\/td>\n<\/tr>\n<tr>\n<td>Reloj de memoria:20 gbps efectivos<\/td>\n<\/tr>\n<tr>\n<td>Pantallas: m\u00e1ximo 3 pantallas<\/td>\n<\/tr>\n<tr>\n<td>Resoluci\u00f3n:hdmi\u00ae: 7680\u00d74320<\/td>\n<\/tr>\n<tr>\n<td>Displayport\u0099 2.1a: 7680\u00d74320<\/td>\n<\/tr>\n<tr>\n<td>Interfaz:pci-express 5.0 x16<\/td>\n<\/tr>\n<tr>\n<td>Producci\u00f3n:2x hdmi\u00ae<\/td>\n<\/tr>\n<tr>\n<td>1 puerto displayport\u0099 2.1a<\/td>\n<\/tr>\n<tr>\n<td>Soporte de bios<\/td>\n<\/tr>\n<tr>\n<td>Uefi<\/td>\n<\/tr>\n<tr>\n<td>\u00edndice del juego:1440p<\/td>\n<\/tr>\n<tr>\n<td>Caracter\u00edsticas del zafiro<\/td>\n<\/tr>\n<tr>\n<td>Material de interfaz t\u00e9rmica (tim) honeywell ptm7950<\/td>\n<\/tr>\n<tr>\n<td>Aspa del ventilador aerocurve<\/td>\n<\/tr>\n<tr>\n<td>Flujo libre<\/td>\n<\/tr>\n<tr>\n<td>Framedefense<\/td>\n<\/tr>\n<tr>\n<td>M\u00f3dulo de refrigeraci\u00f3n integrado<\/td>\n<\/tr>\n<tr>\n<td>Tecnolog\u00eda de refrigeraci\u00f3n dual-x<\/td>\n<\/tr>\n<tr>\n<td>Pcb de cobre de alta tg<\/td>\n<\/tr>\n<tr>\n<td>Tubos de calor compuestos optimizados<\/td>\n<\/tr>\n<tr>\n<td>Placa posterior de metal<\/td>\n<\/tr>\n<tr>\n<td>Ventiladores con cojinetes de manguito<\/td>\n<\/tr>\n<tr>\n<td>Dise\u00f1o de potencia digital de 9 fases<\/td>\n<\/tr>\n<tr>\n<td>Protecci\u00f3n de fusibles<\/td>\n<\/tr>\n<tr>\n<td>Control inteligente del ventilador<\/td>\n<\/tr>\n<tr>\n<td>Control de ventilador de precisi\u00f3n<\/td>\n<\/tr>\n<tr>\n<td>Compatible con trixx<\/td>\n<\/tr>\n<tr>\n<td>Trixx boost<\/td>\n<\/tr>\n<tr>\n<td>Caracter\u00edsticas de amd<\/td>\n<\/tr>\n<tr>\n<td>Arquitectura amd rdna\u0099 4<\/td>\n<\/tr>\n<tr>\n<td>32 unidades de c\u00f3mputo (rt de 3.\u00aa generaci\u00f3n + aceleradores de ia de 2.\u00aa generaci\u00f3n)<\/td>\n<\/tr>\n<tr>\n<td>Amd hypr-rx con afmf 2<\/td>\n<\/tr>\n<tr>\n<td>Amd fidelityfx\u0099 super resolution 4 con escalado por ia<\/td>\n<\/tr>\n<tr>\n<td>Displayport\u0099 2.1a<\/td>\n<\/tr>\n<tr>\n<td>Motor amd radiance display\u0099<\/td>\n<\/tr>\n<tr>\n<td>Tecnolog\u00eda amd fluid motion frames 2<\/td>\n<\/tr>\n<tr>\n<td>Tecnolog\u00eda amd radeon\u0099 anti-lag 2<\/td>\n<\/tr>\n<tr>\n<td>Codificaci\u00f3n\/decodificaci\u00f3n av1<\/td>\n<\/tr>\n<tr>\n<td>Tecnolog\u00edas amd fidelityfx\u0099<\/td>\n<\/tr>\n<tr>\n<td>Microsoft\u00ae directx\u00ae 12 ultimate<\/td>\n<\/tr>\n<tr>\n<td>Supresi\u00f3n de ruido amd<\/td>\n<\/tr>\n<tr>\n<td>Tecnolog\u00eda amd freesync\u0099<\/td>\n<\/tr>\n<tr>\n<td>Cach\u00e9 amd infinity<\/td>\n<\/tr>\n<tr>\n<td>16 gb de gddr6 en un bus de memoria de 128 bits<\/td>\n<\/tr>\n<tr>\n<td>Tecnolog\u00edas inteligentes de amd<\/td>\n<\/tr>\n<tr>\n<td>Aplicaci\u00f3n amd software: adrenalin edition\u0099<\/td>\n<\/tr>\n<tr>\n<td>Tipo de enfriador<\/td>\n<\/tr>\n<tr>\n<td>Refrigeraci\u00f3n dual-x<\/td>\n<\/tr>\n<tr>\n<td>Aspa del ventilador aerocurve<\/td>\n<\/tr>\n<tr>\n<td>Flujo libre<\/td>\n<\/tr>\n<tr>\n<td>M\u00f3dulo de refrigeraci\u00f3n integrado<\/td>\n<\/tr>\n<tr>\n<td>Pcb de cobre de alta tg<\/td>\n<\/tr>\n<tr>\n<td>Tubos de calor compuestos optimizados<\/td>\n<\/tr>\n<tr>\n<td>Cojinete de manguito<\/td>\n<\/tr>\n<tr>\n<td>Factor de forma<\/td>\n<\/tr>\n<tr>\n<td>Ranura 2,3, atx<\/td>\n<\/tr>\n<tr>\n<td>Dimensiones: 240 (largo) x 124 (ancho) x 46,1 (alto) mm<\/td>\n<\/tr>\n<tr>\n<td>Consumo de energ\u00eda<\/td>\n<\/tr>\n<tr>\n<td>Potencia t\u00edpica de la placa: 170 w<\/td>\n<\/tr>\n<tr>\n<td>Sistema operativo<\/td>\n<\/tr>\n<tr>\n<td>Linux\u00ae, windows\u00ae 10 y windows 11.  se requiere un sistema operativo de 64 bits.<\/td>\n<\/tr>\n<tr>\n<td>Requisitos del sistema<\/td>\n<\/tr>\n<tr>\n<td>Fuente de alimentaci\u00f3n m\u00ednima de 450 vatios<\/td>\n<\/tr>\n<tr>\n<td>1 conector de alimentaci\u00f3n de 8 pines.<\/td>\n<\/tr>\n<tr>\n<td>Se requiere una pc basada en pci express\u00ae con una ranura para gr\u00e1ficos de 16 carriles disponible en la placa base.<\/td>\n<\/tr>\n<tr>\n<td>M\u00ednimo 8 gb de memoria del sistema. se recomiendan 16 gb.<\/td>\n<\/tr>\n<\/table>\n","protected":false},"excerpt":{"rendered":"<p>Sapphire pulse radeon rx and #8239;9060 and #8239;xt 16 and #8239;gb se consolida como una opci\u00f3n vers\u00e1til y potente para gamers y creadores que demandan calidad gr\u00e1fica sin excederse en el presupuesto.<\/p>\n","protected":false},"featured_media":267681,"comment_status":"open","ping_status":"open","template":"","meta":[],"product_cat":[1841,1842],"product_tag":[2286],"acf":[],"yoast_head":"<!-- This site is optimized with the Yoast SEO plugin v21.7 - https:\/\/yoast.com\/wordpress\/plugins\/seo\/ -->\n<title>[ Sapphire ] &#129351; 11350-03-20g Tarjeta De Video Amd Radeon Rx 9060 Xt Gaming Pulse Dual Fan \/ 16gb\/ Gddr6\/ Pcie 5.0\/128 Bit\/gama Alta<\/title>\n<meta name=\"description\" content=\"Compra 11350-03-20g Tarjeta De Video Amd Radeon Rx 9060 Xt Gaming Pulse Dual Fan \/ 16gb\/ Gddr6\/ Pcie 5.0\/128 Bit\/gama Alta + Env\u00edo a domicilio + Pago seguro + Garant\u00eda\" \/>\n<meta name=\"robots\" content=\"index, follow, max-snippet:-1, max-image-preview:large, max-video-preview:-1\" \/>\n<link rel=\"canonical\" href=\"https:\/\/compuviper.mx\/tienda\/producto\/sapphire-11350-03-20g-tarjeta-de-video-amd-radeon-rx-9060-xt-gaming-pulse-dual-fan-16gb-gddr6-pcie-5-0-128-bit-gama-alta\/\" \/>\n<meta property=\"og:locale\" content=\"es_MX\" \/>\n<meta property=\"og:type\" content=\"article\" \/>\n<meta property=\"og:title\" content=\"[ Sapphire ] &#129351; 11350-03-20g Tarjeta De Video Amd Radeon Rx 9060 Xt Gaming Pulse Dual Fan \/ 16gb\/ Gddr6\/ Pcie 5.0\/128 Bit\/gama Alta\" \/>\n<meta property=\"og:description\" content=\"Compra 11350-03-20g Tarjeta De Video Amd Radeon Rx 9060 Xt Gaming Pulse Dual Fan \/ 16gb\/ Gddr6\/ Pcie 5.0\/128 Bit\/gama Alta + Env\u00edo a domicilio + Pago seguro + Garant\u00eda\" \/>\n<meta property=\"og:url\" content=\"https:\/\/compuviper.mx\/tienda\/producto\/sapphire-11350-03-20g-tarjeta-de-video-amd-radeon-rx-9060-xt-gaming-pulse-dual-fan-16gb-gddr6-pcie-5-0-128-bit-gama-alta\/\" \/>\n<meta property=\"og:site_name\" content=\"Compuviper\" \/>\n<meta property=\"article:publisher\" content=\"https:\/\/www.facebook.com\/compuviper\" \/>\n<meta property=\"article:modified_time\" content=\"2026-04-26T06:00:41+00:00\" \/>\n<meta property=\"og:image\" content=\"https:\/\/compuviper.mx\/tienda\/wp-content\/uploads\/2026\/03\/Tarjeta-de-video-sapphire-amd-radeon-rx-9060-xt-gaming-pulse-dual-fan-16gb-gddr6-pcie-5.0128-bitgama-alta.jpg\" \/>\n\t<meta property=\"og:image:width\" content=\"200\" \/>\n\t<meta property=\"og:image:height\" content=\"200\" \/>\n\t<meta property=\"og:image:type\" content=\"image\/jpeg\" \/>\n<meta name=\"twitter:card\" content=\"summary_large_image\" \/>\n<meta name=\"twitter:label1\" content=\"Precio\" \/>\n\t<meta name=\"twitter:data1\" content=\"&#36;6,800 con IVA\" \/>\n\t<meta name=\"twitter:label2\" content=\"Availability\" \/>\n\t<meta name=\"twitter:data2\" content=\"In stock\" \/>\n<script type=\"application\/ld+json\" class=\"yoast-schema-graph\">{\"@context\":\"https:\/\/schema.org\",\"@graph\":[{\"@type\":\"WebPage\",\"@id\":\"https:\/\/compuviper.mx\/tienda\/producto\/sapphire-11350-03-20g-tarjeta-de-video-amd-radeon-rx-9060-xt-gaming-pulse-dual-fan-16gb-gddr6-pcie-5-0-128-bit-gama-alta\/\",\"url\":\"https:\/\/compuviper.mx\/tienda\/producto\/sapphire-11350-03-20g-tarjeta-de-video-amd-radeon-rx-9060-xt-gaming-pulse-dual-fan-16gb-gddr6-pcie-5-0-128-bit-gama-alta\/\",\"name\":\"[ Sapphire ] &#129351; 11350-03-20g Tarjeta De Video Amd Radeon Rx 9060 Xt Gaming Pulse Dual Fan \/ 16gb\/ Gddr6\/ Pcie 5.0\/128 Bit\/gama Alta\",\"isPartOf\":{\"@id\":\"https:\/\/compuviper.mx\/tienda\/#website\"},\"datePublished\":\"2026-04-25T08:16:11+00:00\",\"dateModified\":\"2026-04-26T06:00:41+00:00\",\"description\":\"Compra 11350-03-20g Tarjeta De Video Amd Radeon Rx 9060 Xt Gaming Pulse Dual Fan \/ 16gb\/ Gddr6\/ Pcie 5.0\/128 Bit\/gama Alta + Env\u00edo a domicilio + Pago seguro + Garant\u00eda\",\"breadcrumb\":{\"@id\":\"https:\/\/compuviper.mx\/tienda\/producto\/sapphire-11350-03-20g-tarjeta-de-video-amd-radeon-rx-9060-xt-gaming-pulse-dual-fan-16gb-gddr6-pcie-5-0-128-bit-gama-alta\/#breadcrumb\"},\"inLanguage\":\"es-MX\",\"potentialAction\":[{\"@type\":\"ReadAction\",\"target\":[\"https:\/\/compuviper.mx\/tienda\/producto\/sapphire-11350-03-20g-tarjeta-de-video-amd-radeon-rx-9060-xt-gaming-pulse-dual-fan-16gb-gddr6-pcie-5-0-128-bit-gama-alta\/\"]}]},{\"@type\":\"BreadcrumbList\",\"@id\":\"https:\/\/compuviper.mx\/tienda\/producto\/sapphire-11350-03-20g-tarjeta-de-video-amd-radeon-rx-9060-xt-gaming-pulse-dual-fan-16gb-gddr6-pcie-5-0-128-bit-gama-alta\/#breadcrumb\",\"itemListElement\":[{\"@type\":\"ListItem\",\"position\":1,\"name\":\"Inicio\",\"item\":\"https:\/\/compuviper.mx\/tienda\/\"},{\"@type\":\"ListItem\",\"position\":2,\"name\":\"Productos\",\"item\":\"https:\/\/compuviper.mx\/tienda\/productos\/\"},{\"@type\":\"ListItem\",\"position\":3,\"name\":\"Video\",\"item\":\"https:\/\/compuviper.mx\/tienda\/categoria-producto\/video\/\"},{\"@type\":\"ListItem\",\"position\":4,\"name\":\"Video\",\"item\":\"https:\/\/compuviper.mx\/tienda\/categoria-producto\/video\/video-video\/\"},{\"@type\":\"ListItem\",\"position\":5,\"name\":\"Sapphire 11350-03-20g Tarjeta De Video Amd Radeon Rx 9060 Xt Gaming Pulse Dual Fan \/ 16gb\/ Gddr6\/ Pcie 5.0\/128 Bit\/gama Alta\"}]},{\"@type\":\"WebSite\",\"@id\":\"https:\/\/compuviper.mx\/tienda\/#website\",\"url\":\"https:\/\/compuviper.mx\/tienda\/\",\"name\":\"Compuviper\",\"description\":\"Proveedor de Computadoras, Laptops, Servidores, Monitores, Puntos de Venta, Teclados,   Impresoras, T\u00f3ner, C\u00e1maras de Seguridad y m\u00e1s en tu tienda en l\u00ednea\",\"publisher\":{\"@id\":\"https:\/\/compuviper.mx\/tienda\/#organization\"},\"potentialAction\":[{\"@type\":\"SearchAction\",\"target\":{\"@type\":\"EntryPoint\",\"urlTemplate\":\"https:\/\/compuviper.mx\/tienda\/?s={search_term_string}\"},\"query-input\":\"required name=search_term_string\"}],\"inLanguage\":\"es-MX\"},{\"@type\":\"Organization\",\"@id\":\"https:\/\/compuviper.mx\/tienda\/#organization\",\"name\":\"Compuviper\",\"url\":\"https:\/\/compuviper.mx\/tienda\/\",\"logo\":{\"@type\":\"ImageObject\",\"inLanguage\":\"es-MX\",\"@id\":\"https:\/\/compuviper.mx\/tienda\/#\/schema\/logo\/image\/\",\"url\":\"https:\/\/compuviper.mx\/tienda\/wp-content\/uploads\/2021\/08\/Logo-Compuviper-10.png\",\"contentUrl\":\"https:\/\/compuviper.mx\/tienda\/wp-content\/uploads\/2021\/08\/Logo-Compuviper-10.png\",\"width\":1000,\"height\":500,\"caption\":\"Compuviper\"},\"image\":{\"@id\":\"https:\/\/compuviper.mx\/tienda\/#\/schema\/logo\/image\/\"},\"sameAs\":[\"https:\/\/www.facebook.com\/compuviper\",\"https:\/\/www.youtube.com\/channel\/UCf73dERp9Y3cfOq7q8BhLjA?view_as=subscriber\"]}]}<\/script>\n<meta property=\"product:brand\" content=\"Sapphire\" \/>\n<meta property=\"product:price:amount\" content=\"6800\" \/>\n<meta property=\"product:price:currency\" content=\"MXN\" \/>\n<meta property=\"og:availability\" content=\"instock\" \/>\n<meta property=\"product:availability\" content=\"instock\" \/>\n<meta property=\"product:retailer_item_id\" content=\"11350-03-20G\" \/>\n<meta property=\"product:condition\" content=\"new\" \/>\n<!-- \/ Yoast SEO plugin. -->","yoast_head_json":{"title":"[ Sapphire ] &#129351; 11350-03-20g Tarjeta De Video Amd Radeon Rx 9060 Xt Gaming Pulse Dual Fan \/ 16gb\/ Gddr6\/ Pcie 5.0\/128 Bit\/gama Alta","description":"Compra 11350-03-20g Tarjeta De Video Amd Radeon Rx 9060 Xt Gaming Pulse Dual Fan \/ 16gb\/ Gddr6\/ Pcie 5.0\/128 Bit\/gama Alta + Env\u00edo a domicilio + Pago seguro + Garant\u00eda","robots":{"index":"index","follow":"follow","max-snippet":"max-snippet:-1","max-image-preview":"max-image-preview:large","max-video-preview":"max-video-preview:-1"},"canonical":"https:\/\/compuviper.mx\/tienda\/producto\/sapphire-11350-03-20g-tarjeta-de-video-amd-radeon-rx-9060-xt-gaming-pulse-dual-fan-16gb-gddr6-pcie-5-0-128-bit-gama-alta\/","og_locale":"es_MX","og_type":"article","og_title":"[ Sapphire ] &#129351; 11350-03-20g Tarjeta De Video Amd Radeon Rx 9060 Xt Gaming Pulse Dual Fan \/ 16gb\/ Gddr6\/ Pcie 5.0\/128 Bit\/gama Alta","og_description":"Compra 11350-03-20g Tarjeta De Video Amd Radeon Rx 9060 Xt Gaming Pulse Dual Fan \/ 16gb\/ Gddr6\/ Pcie 5.0\/128 Bit\/gama Alta + Env\u00edo a domicilio + Pago seguro + Garant\u00eda","og_url":"https:\/\/compuviper.mx\/tienda\/producto\/sapphire-11350-03-20g-tarjeta-de-video-amd-radeon-rx-9060-xt-gaming-pulse-dual-fan-16gb-gddr6-pcie-5-0-128-bit-gama-alta\/","og_site_name":"Compuviper","article_publisher":"https:\/\/www.facebook.com\/compuviper","article_modified_time":"2026-04-26T06:00:41+00:00","og_image":[{"width":200,"height":200,"url":"https:\/\/compuviper.mx\/tienda\/wp-content\/uploads\/2026\/03\/Tarjeta-de-video-sapphire-amd-radeon-rx-9060-xt-gaming-pulse-dual-fan-16gb-gddr6-pcie-5.0128-bitgama-alta.jpg","type":"image\/jpeg"}],"twitter_card":"summary_large_image","twitter_misc":{"Precio":"&#36;6,800 con IVA","Availability":"In stock"},"schema":{"@context":"https:\/\/schema.org","@graph":[{"@type":"WebPage","@id":"https:\/\/compuviper.mx\/tienda\/producto\/sapphire-11350-03-20g-tarjeta-de-video-amd-radeon-rx-9060-xt-gaming-pulse-dual-fan-16gb-gddr6-pcie-5-0-128-bit-gama-alta\/","url":"https:\/\/compuviper.mx\/tienda\/producto\/sapphire-11350-03-20g-tarjeta-de-video-amd-radeon-rx-9060-xt-gaming-pulse-dual-fan-16gb-gddr6-pcie-5-0-128-bit-gama-alta\/","name":"[ Sapphire ] &#129351; 11350-03-20g Tarjeta De Video Amd Radeon Rx 9060 Xt Gaming Pulse Dual Fan \/ 16gb\/ Gddr6\/ Pcie 5.0\/128 Bit\/gama Alta","isPartOf":{"@id":"https:\/\/compuviper.mx\/tienda\/#website"},"datePublished":"2026-04-25T08:16:11+00:00","dateModified":"2026-04-26T06:00:41+00:00","description":"Compra 11350-03-20g Tarjeta De Video Amd Radeon Rx 9060 Xt Gaming Pulse Dual Fan \/ 16gb\/ Gddr6\/ Pcie 5.0\/128 Bit\/gama Alta + Env\u00edo a domicilio + Pago seguro + Garant\u00eda","breadcrumb":{"@id":"https:\/\/compuviper.mx\/tienda\/producto\/sapphire-11350-03-20g-tarjeta-de-video-amd-radeon-rx-9060-xt-gaming-pulse-dual-fan-16gb-gddr6-pcie-5-0-128-bit-gama-alta\/#breadcrumb"},"inLanguage":"es-MX","potentialAction":[{"@type":"ReadAction","target":["https:\/\/compuviper.mx\/tienda\/producto\/sapphire-11350-03-20g-tarjeta-de-video-amd-radeon-rx-9060-xt-gaming-pulse-dual-fan-16gb-gddr6-pcie-5-0-128-bit-gama-alta\/"]}]},{"@type":"BreadcrumbList","@id":"https:\/\/compuviper.mx\/tienda\/producto\/sapphire-11350-03-20g-tarjeta-de-video-amd-radeon-rx-9060-xt-gaming-pulse-dual-fan-16gb-gddr6-pcie-5-0-128-bit-gama-alta\/#breadcrumb","itemListElement":[{"@type":"ListItem","position":1,"name":"Inicio","item":"https:\/\/compuviper.mx\/tienda\/"},{"@type":"ListItem","position":2,"name":"Productos","item":"https:\/\/compuviper.mx\/tienda\/productos\/"},{"@type":"ListItem","position":3,"name":"Video","item":"https:\/\/compuviper.mx\/tienda\/categoria-producto\/video\/"},{"@type":"ListItem","position":4,"name":"Video","item":"https:\/\/compuviper.mx\/tienda\/categoria-producto\/video\/video-video\/"},{"@type":"ListItem","position":5,"name":"Sapphire 11350-03-20g Tarjeta De Video Amd Radeon Rx 9060 Xt Gaming Pulse Dual Fan \/ 16gb\/ Gddr6\/ Pcie 5.0\/128 Bit\/gama Alta"}]},{"@type":"WebSite","@id":"https:\/\/compuviper.mx\/tienda\/#website","url":"https:\/\/compuviper.mx\/tienda\/","name":"Compuviper","description":"Proveedor de Computadoras, Laptops, Servidores, Monitores, Puntos de Venta, Teclados,   Impresoras, T\u00f3ner, C\u00e1maras de Seguridad y m\u00e1s en tu tienda en l\u00ednea","publisher":{"@id":"https:\/\/compuviper.mx\/tienda\/#organization"},"potentialAction":[{"@type":"SearchAction","target":{"@type":"EntryPoint","urlTemplate":"https:\/\/compuviper.mx\/tienda\/?s={search_term_string}"},"query-input":"required name=search_term_string"}],"inLanguage":"es-MX"},{"@type":"Organization","@id":"https:\/\/compuviper.mx\/tienda\/#organization","name":"Compuviper","url":"https:\/\/compuviper.mx\/tienda\/","logo":{"@type":"ImageObject","inLanguage":"es-MX","@id":"https:\/\/compuviper.mx\/tienda\/#\/schema\/logo\/image\/","url":"https:\/\/compuviper.mx\/tienda\/wp-content\/uploads\/2021\/08\/Logo-Compuviper-10.png","contentUrl":"https:\/\/compuviper.mx\/tienda\/wp-content\/uploads\/2021\/08\/Logo-Compuviper-10.png","width":1000,"height":500,"caption":"Compuviper"},"image":{"@id":"https:\/\/compuviper.mx\/tienda\/#\/schema\/logo\/image\/"},"sameAs":["https:\/\/www.facebook.com\/compuviper","https:\/\/www.youtube.com\/channel\/UCf73dERp9Y3cfOq7q8BhLjA?view_as=subscriber"]}]},"product_brand":"Sapphire","product_price_amount":"6800","product_price_currency":"MXN","og_availability":"instock","product_availability":"instock","product_retailer_item_id":"11350-03-20G","product_condition":"new"},"_links":{"self":[{"href":"https:\/\/compuviper.mx\/tienda\/wp-json\/wp\/v2\/product\/267680"}],"collection":[{"href":"https:\/\/compuviper.mx\/tienda\/wp-json\/wp\/v2\/product"}],"about":[{"href":"https:\/\/compuviper.mx\/tienda\/wp-json\/wp\/v2\/types\/product"}],"replies":[{"embeddable":true,"href":"https:\/\/compuviper.mx\/tienda\/wp-json\/wp\/v2\/comments?post=267680"}],"wp:featuredmedia":[{"embeddable":true,"href":"https:\/\/compuviper.mx\/tienda\/wp-json\/wp\/v2\/media\/267681"}],"wp:attachment":[{"href":"https:\/\/compuviper.mx\/tienda\/wp-json\/wp\/v2\/media?parent=267680"}],"wp:term":[{"taxonomy":"product_cat","embeddable":true,"href":"https:\/\/compuviper.mx\/tienda\/wp-json\/wp\/v2\/product_cat?post=267680"},{"taxonomy":"product_tag","embeddable":true,"href":"https:\/\/compuviper.mx\/tienda\/wp-json\/wp\/v2\/product_tag?post=267680"}],"curies":[{"name":"wp","href":"https:\/\/api.w.org\/{rel}","templated":true}]}}