{"id":267678,"date":"2026-04-25T02:16:04","date_gmt":"2026-04-25T08:16:04","guid":{"rendered":"https:\/\/compuviper.mx\/tienda\/producto\/sapphire-11324-01-20g-tarjeta-de-video-amd-radeon-rx-7600-gaming-pulse-dual-fan-8gb-gddr6-pcie-4-0-128-bit-gama-media\/"},"modified":"2026-04-26T00:00:40","modified_gmt":"2026-04-26T06:00:40","slug":"sapphire-11324-01-20g-tarjeta-de-video-amd-radeon-rx-7600-gaming-pulse-dual-fan-8gb-gddr6-pcie-4-0-128-bit-gama-media","status":"publish","type":"product","link":"https:\/\/compuviper.mx\/tienda\/producto\/sapphire-11324-01-20g-tarjeta-de-video-amd-radeon-rx-7600-gaming-pulse-dual-fan-8gb-gddr6-pcie-4-0-128-bit-gama-media\/","title":{"rendered":"Sapphire 11324-01-20g Tarjeta De Video  Amd Radeon Rx 7600 Gaming Pulse Dual Fan \/ 8gb\/ Gddr6\/ Pcie 4.0\/128 Bit\/gama Media"},"content":{"rendered":"<table class=\"descripcion\">\n<tr>\n<td>Gpu: tarjeta gr\u00e1fica amd radeon\u0099 rx 7600<\/td>\n<\/tr>\n<tr>\n<td>Arquitectura amd rdna\u0099 3<\/td>\n<\/tr>\n<tr>\n<td>Reloj del motor: aumento de la frecuencia de reloj: hasta 2755 mhz<\/td>\n<\/tr>\n<tr>\n<td>Reloj de juego: hasta 2355 mhz<\/td>\n<\/tr>\n<tr>\n<td> boost clock es la frecuencia m\u00e1xima que se puede alcanzar en la gpu cuando se ejecuta una carga de trabajo en r\u00e1fagas. la posibilidad de alcanzar el boost clock, la frecuencia y la sostenibilidad variar\u00e1n en funci\u00f3n de varios factores, entre los que se incluyen, entre otros: las condiciones t\u00e9rmicas y la variaci\u00f3n en la aplicaci\u00f3n y las cargas de trabajo.<\/td>\n<\/tr>\n<tr>\n<td>El reloj de juego es el reloj de gpu esperado cuando se ejecutan aplicaciones de juegos t\u00edpicas, configurado en tgp (potencia gr\u00e1fica total) t\u00edpica. los resultados reales del reloj de juego individual pueden variar.<\/td>\n<\/tr>\n<tr>\n<td>Procesadores de flujo: 2048<\/td>\n<\/tr>\n<tr>\n<td>Unidades de c\u00f3mputo: 32 c\u00fabicas<\/td>\n<\/tr>\n<tr>\n<td>Cach\u00e9 infinito:32 mb<\/td>\n<\/tr>\n<tr>\n<td>Aceleradores de rayos: 32<\/td>\n<\/tr>\n<tr>\n<td>Tama\u00f1o de memoria\/bus: gddr6 de 8 gb y 128 bits<\/td>\n<\/tr>\n<tr>\n<td>Reloj de memoria: 18 gbps efectivos<\/td>\n<\/tr>\n<tr>\n<td>Muestra: m\u00e1ximo 4 pantallas<\/td>\n<\/tr>\n<tr>\n<td>Resoluci\u00f3n: hdmi\u0099: 7680\u00d74320<\/td>\n<\/tr>\n<tr>\n<td>Displayport 1.4: 7680 \u00d7 4320<\/td>\n<\/tr>\n<tr>\n<td>Interfaz: pci express 4.0 x8<\/td>\n<\/tr>\n<tr>\n<td>Producci\u00f3n: 1x hdmi<\/td>\n<\/tr>\n<tr>\n<td>3 puertos displayport<\/td>\n<\/tr>\n<tr>\n<td>Soporte de bios: uefi<\/td>\n<\/tr>\n<tr>\n<td>\u00edndice del juego: 1080p definitivo<\/td>\n<\/tr>\n<tr>\n<td>Caracter\u00edsticas del zafiro<\/td>\n<\/tr>\n<tr>\n<td>Protecci\u00f3n por fusible<\/td>\n<\/tr>\n<tr>\n<td>Tecnolog\u00eda de refrigeraci\u00f3n dual-x<\/td>\n<\/tr>\n<tr>\n<td>Control inteligente del ventilador<\/td>\n<\/tr>\n<tr>\n<td>Control de ventilador de precisi\u00f3n<\/td>\n<\/tr>\n<tr>\n<td>Placa posterior de metal<\/td>\n<\/tr>\n<tr>\n<td>Ventiladores con dos cojinetes de bolas<\/td>\n<\/tr>\n<tr>\n<td>Tubo de calor compuesto optimizado<\/td>\n<\/tr>\n<tr>\n<td>Compatible con trixx<\/td>\n<\/tr>\n<tr>\n<td>Impulso trixx<\/td>\n<\/tr>\n<tr>\n<td>Caracter\u00edsticas de amd<\/td>\n<\/tr>\n<tr>\n<td>Arquitectura amd rdna 3<\/td>\n<\/tr>\n<tr>\n<td>Directx 12 ultimate<\/td>\n<\/tr>\n<tr>\n<td>Memoria de acceso inteligente amd<\/td>\n<\/tr>\n<tr>\n<td>Cach\u00e9 infinity de amd<\/td>\n<\/tr>\n<tr>\n<td>Compatibilidad con pci express 4.0<\/td>\n<\/tr>\n<tr>\n<td>Tecnolog\u00eda amd freesync\u0099<\/td>\n<\/tr>\n<tr>\n<td>Displayport 1.4 con dsc<\/td>\n<\/tr>\n<tr>\n<td>Hdmi<\/td>\n<\/tr>\n<tr>\n<td>Transmisi\u00f3n de video hasta 8k<\/td>\n<\/tr>\n<tr>\n<td>Amd radeon vr ready premium<\/td>\n<\/tr>\n<tr>\n<td>Nitidez de imagen de amd radeon<\/td>\n<\/tr>\n<tr>\n<td>Anti-retraso de amd radeon<\/td>\n<\/tr>\n<tr>\n<td>Software amd: tecnolog\u00eda adrenalin edition\u0099<\/td>\n<\/tr>\n<tr>\n<td>Optimizaciones de controladores de juegos<\/td>\n<\/tr>\n<tr>\n<td>Tipo de enfriador<\/td>\n<\/tr>\n<tr>\n<td>2 ventiladores<\/td>\n<\/tr>\n<tr>\n<td>Factor de forma: 2 ranuras, atx<\/td>\n<\/tr>\n<tr>\n<td>Dimensiones: 240 (largo) x 107,1 (ancho) x 44,07 (alto) mm<\/td>\n<\/tr>\n<tr>\n<td>Consumo de energ\u00eda<\/td>\n<\/tr>\n<tr>\n<td>Potencia total de la placa: 185 w<\/td>\n<\/tr>\n<tr>\n<td>Sistema operativo: linux\u00ae, windows\u00ae 10 y windows 11.  se requiere sistema operativo de 64 bits.<\/td>\n<\/tr>\n<tr>\n<td>Requisitos del sistema<\/td>\n<\/tr>\n<tr>\n<td>Fuente de alimentaci\u00f3n m\u00ednima de 550 vatios<\/td>\n<\/tr>\n<tr>\n<td>1 conector de alimentaci\u00f3n de 8 pines.<\/td>\n<\/tr>\n<tr>\n<td>Se requiere una pc basada en pci express\u00ae con una ranura para gr\u00e1ficos de 16 carriles disponible en la placa base.<\/td>\n<\/tr>\n<tr>\n<td>M\u00ednimo 8 gb de memoria del sistema. se recomiendan 16 gb.<\/td>\n<\/tr>\n<\/table>\n","protected":false},"excerpt":{"rendered":"<p>Experimenta el poder de la sapphire pulse amd radeon\u0099 rx 7600, una tarjeta gr\u00e1fica dise\u00f1ada para ofrecer gr\u00e1ficos de alta calidad, velocidades incre\u00edbles y eficiencia optimizada en gaming y creaci\u00f3n de contenido. Equipada con la arquitectura amd rdna\u0099 3, esta gpu te permite jugar en 1080p y 1440p con una fluidez sorprendente y detalles impresionantes.<\/p>\n","protected":false},"featured_media":267679,"comment_status":"open","ping_status":"open","template":"","meta":[],"product_cat":[1841,1842],"product_tag":[2286],"acf":[],"yoast_head":"<!-- This site is optimized with the Yoast SEO plugin v21.7 - https:\/\/yoast.com\/wordpress\/plugins\/seo\/ -->\n<title>[ Sapphire ] &#129351; 11324-01-20g Tarjeta De Video Amd Radeon Rx 7600 Gaming Pulse Dual Fan \/ 8gb\/ Gddr6\/ Pcie 4.0\/128 Bit\/gama Media<\/title>\n<meta name=\"description\" content=\"Compra 11324-01-20g Tarjeta De Video Amd Radeon Rx 7600 Gaming Pulse Dual Fan \/ 8gb\/ Gddr6\/ Pcie 4.0\/128 Bit\/gama Media + Env\u00edo a domicilio + Pago seguro + Garant\u00eda\" \/>\n<meta name=\"robots\" content=\"index, follow, max-snippet:-1, max-image-preview:large, max-video-preview:-1\" \/>\n<link rel=\"canonical\" href=\"https:\/\/compuviper.mx\/tienda\/producto\/sapphire-11324-01-20g-tarjeta-de-video-amd-radeon-rx-7600-gaming-pulse-dual-fan-8gb-gddr6-pcie-4-0-128-bit-gama-media\/\" \/>\n<meta property=\"og:locale\" content=\"es_MX\" \/>\n<meta property=\"og:type\" content=\"article\" \/>\n<meta property=\"og:title\" content=\"[ Sapphire ] &#129351; 11324-01-20g Tarjeta De Video Amd Radeon Rx 7600 Gaming Pulse Dual Fan \/ 8gb\/ Gddr6\/ Pcie 4.0\/128 Bit\/gama Media\" \/>\n<meta property=\"og:description\" content=\"Compra 11324-01-20g Tarjeta De Video Amd Radeon Rx 7600 Gaming Pulse Dual Fan \/ 8gb\/ Gddr6\/ Pcie 4.0\/128 Bit\/gama Media + Env\u00edo a domicilio + Pago seguro + Garant\u00eda\" \/>\n<meta property=\"og:url\" content=\"https:\/\/compuviper.mx\/tienda\/producto\/sapphire-11324-01-20g-tarjeta-de-video-amd-radeon-rx-7600-gaming-pulse-dual-fan-8gb-gddr6-pcie-4-0-128-bit-gama-media\/\" \/>\n<meta property=\"og:site_name\" content=\"Compuviper\" \/>\n<meta property=\"article:publisher\" content=\"https:\/\/www.facebook.com\/compuviper\" \/>\n<meta property=\"article:modified_time\" content=\"2026-04-26T06:00:40+00:00\" \/>\n<meta property=\"og:image\" content=\"https:\/\/compuviper.mx\/tienda\/wp-content\/uploads\/2026\/03\/Tarjeta-de-video-sapphire-amd-radeon-rx-7600-gaming-pulse-dual-fan-8gb-gddr6-pcie-4.0128-bitgama-media.jpg\" \/>\n\t<meta property=\"og:image:width\" content=\"200\" \/>\n\t<meta property=\"og:image:height\" content=\"200\" \/>\n\t<meta property=\"og:image:type\" content=\"image\/jpeg\" \/>\n<meta name=\"twitter:card\" content=\"summary_large_image\" \/>\n<meta name=\"twitter:label1\" content=\"Precio\" \/>\n\t<meta name=\"twitter:data1\" content=\"&#36;4,495 con IVA\" \/>\n\t<meta name=\"twitter:label2\" content=\"Availability\" \/>\n\t<meta name=\"twitter:data2\" content=\"In stock\" \/>\n<script type=\"application\/ld+json\" class=\"yoast-schema-graph\">{\"@context\":\"https:\/\/schema.org\",\"@graph\":[{\"@type\":\"WebPage\",\"@id\":\"https:\/\/compuviper.mx\/tienda\/producto\/sapphire-11324-01-20g-tarjeta-de-video-amd-radeon-rx-7600-gaming-pulse-dual-fan-8gb-gddr6-pcie-4-0-128-bit-gama-media\/\",\"url\":\"https:\/\/compuviper.mx\/tienda\/producto\/sapphire-11324-01-20g-tarjeta-de-video-amd-radeon-rx-7600-gaming-pulse-dual-fan-8gb-gddr6-pcie-4-0-128-bit-gama-media\/\",\"name\":\"[ Sapphire ] &#129351; 11324-01-20g Tarjeta De Video Amd Radeon Rx 7600 Gaming Pulse Dual Fan \/ 8gb\/ Gddr6\/ Pcie 4.0\/128 Bit\/gama Media\",\"isPartOf\":{\"@id\":\"https:\/\/compuviper.mx\/tienda\/#website\"},\"datePublished\":\"2026-04-25T08:16:04+00:00\",\"dateModified\":\"2026-04-26T06:00:40+00:00\",\"description\":\"Compra 11324-01-20g Tarjeta De Video Amd Radeon Rx 7600 Gaming Pulse Dual Fan \/ 8gb\/ Gddr6\/ Pcie 4.0\/128 Bit\/gama Media + Env\u00edo a domicilio + Pago seguro + Garant\u00eda\",\"breadcrumb\":{\"@id\":\"https:\/\/compuviper.mx\/tienda\/producto\/sapphire-11324-01-20g-tarjeta-de-video-amd-radeon-rx-7600-gaming-pulse-dual-fan-8gb-gddr6-pcie-4-0-128-bit-gama-media\/#breadcrumb\"},\"inLanguage\":\"es-MX\",\"potentialAction\":[{\"@type\":\"ReadAction\",\"target\":[\"https:\/\/compuviper.mx\/tienda\/producto\/sapphire-11324-01-20g-tarjeta-de-video-amd-radeon-rx-7600-gaming-pulse-dual-fan-8gb-gddr6-pcie-4-0-128-bit-gama-media\/\"]}]},{\"@type\":\"BreadcrumbList\",\"@id\":\"https:\/\/compuviper.mx\/tienda\/producto\/sapphire-11324-01-20g-tarjeta-de-video-amd-radeon-rx-7600-gaming-pulse-dual-fan-8gb-gddr6-pcie-4-0-128-bit-gama-media\/#breadcrumb\",\"itemListElement\":[{\"@type\":\"ListItem\",\"position\":1,\"name\":\"Inicio\",\"item\":\"https:\/\/compuviper.mx\/tienda\/\"},{\"@type\":\"ListItem\",\"position\":2,\"name\":\"Productos\",\"item\":\"https:\/\/compuviper.mx\/tienda\/productos\/\"},{\"@type\":\"ListItem\",\"position\":3,\"name\":\"Video\",\"item\":\"https:\/\/compuviper.mx\/tienda\/categoria-producto\/video\/\"},{\"@type\":\"ListItem\",\"position\":4,\"name\":\"Video\",\"item\":\"https:\/\/compuviper.mx\/tienda\/categoria-producto\/video\/video-video\/\"},{\"@type\":\"ListItem\",\"position\":5,\"name\":\"Sapphire 11324-01-20g Tarjeta De Video Amd Radeon Rx 7600 Gaming Pulse Dual Fan \/ 8gb\/ Gddr6\/ Pcie 4.0\/128 Bit\/gama Media\"}]},{\"@type\":\"WebSite\",\"@id\":\"https:\/\/compuviper.mx\/tienda\/#website\",\"url\":\"https:\/\/compuviper.mx\/tienda\/\",\"name\":\"Compuviper\",\"description\":\"Proveedor de Computadoras, Laptops, Servidores, Monitores, Puntos de Venta, Teclados,   Impresoras, T\u00f3ner, C\u00e1maras de Seguridad y m\u00e1s en tu tienda en l\u00ednea\",\"publisher\":{\"@id\":\"https:\/\/compuviper.mx\/tienda\/#organization\"},\"potentialAction\":[{\"@type\":\"SearchAction\",\"target\":{\"@type\":\"EntryPoint\",\"urlTemplate\":\"https:\/\/compuviper.mx\/tienda\/?s={search_term_string}\"},\"query-input\":\"required name=search_term_string\"}],\"inLanguage\":\"es-MX\"},{\"@type\":\"Organization\",\"@id\":\"https:\/\/compuviper.mx\/tienda\/#organization\",\"name\":\"Compuviper\",\"url\":\"https:\/\/compuviper.mx\/tienda\/\",\"logo\":{\"@type\":\"ImageObject\",\"inLanguage\":\"es-MX\",\"@id\":\"https:\/\/compuviper.mx\/tienda\/#\/schema\/logo\/image\/\",\"url\":\"https:\/\/compuviper.mx\/tienda\/wp-content\/uploads\/2021\/08\/Logo-Compuviper-10.png\",\"contentUrl\":\"https:\/\/compuviper.mx\/tienda\/wp-content\/uploads\/2021\/08\/Logo-Compuviper-10.png\",\"width\":1000,\"height\":500,\"caption\":\"Compuviper\"},\"image\":{\"@id\":\"https:\/\/compuviper.mx\/tienda\/#\/schema\/logo\/image\/\"},\"sameAs\":[\"https:\/\/www.facebook.com\/compuviper\",\"https:\/\/www.youtube.com\/channel\/UCf73dERp9Y3cfOq7q8BhLjA?view_as=subscriber\"]}]}<\/script>\n<meta property=\"product:brand\" content=\"Sapphire\" \/>\n<meta property=\"product:price:amount\" content=\"4495\" \/>\n<meta property=\"product:price:currency\" content=\"MXN\" \/>\n<meta property=\"og:availability\" content=\"instock\" \/>\n<meta property=\"product:availability\" content=\"instock\" \/>\n<meta property=\"product:retailer_item_id\" content=\"11324-01-20G\" \/>\n<meta property=\"product:condition\" content=\"new\" \/>\n<!-- \/ Yoast SEO plugin. -->","yoast_head_json":{"title":"[ Sapphire ] &#129351; 11324-01-20g Tarjeta De Video Amd Radeon Rx 7600 Gaming Pulse Dual Fan \/ 8gb\/ Gddr6\/ Pcie 4.0\/128 Bit\/gama Media","description":"Compra 11324-01-20g Tarjeta De Video Amd Radeon Rx 7600 Gaming Pulse Dual Fan \/ 8gb\/ Gddr6\/ Pcie 4.0\/128 Bit\/gama Media + Env\u00edo a domicilio + Pago seguro + Garant\u00eda","robots":{"index":"index","follow":"follow","max-snippet":"max-snippet:-1","max-image-preview":"max-image-preview:large","max-video-preview":"max-video-preview:-1"},"canonical":"https:\/\/compuviper.mx\/tienda\/producto\/sapphire-11324-01-20g-tarjeta-de-video-amd-radeon-rx-7600-gaming-pulse-dual-fan-8gb-gddr6-pcie-4-0-128-bit-gama-media\/","og_locale":"es_MX","og_type":"article","og_title":"[ Sapphire ] &#129351; 11324-01-20g Tarjeta De Video Amd Radeon Rx 7600 Gaming Pulse Dual Fan \/ 8gb\/ Gddr6\/ Pcie 4.0\/128 Bit\/gama Media","og_description":"Compra 11324-01-20g Tarjeta De Video Amd Radeon Rx 7600 Gaming Pulse Dual Fan \/ 8gb\/ Gddr6\/ Pcie 4.0\/128 Bit\/gama Media + Env\u00edo a domicilio + Pago seguro + Garant\u00eda","og_url":"https:\/\/compuviper.mx\/tienda\/producto\/sapphire-11324-01-20g-tarjeta-de-video-amd-radeon-rx-7600-gaming-pulse-dual-fan-8gb-gddr6-pcie-4-0-128-bit-gama-media\/","og_site_name":"Compuviper","article_publisher":"https:\/\/www.facebook.com\/compuviper","article_modified_time":"2026-04-26T06:00:40+00:00","og_image":[{"width":200,"height":200,"url":"https:\/\/compuviper.mx\/tienda\/wp-content\/uploads\/2026\/03\/Tarjeta-de-video-sapphire-amd-radeon-rx-7600-gaming-pulse-dual-fan-8gb-gddr6-pcie-4.0128-bitgama-media.jpg","type":"image\/jpeg"}],"twitter_card":"summary_large_image","twitter_misc":{"Precio":"&#36;4,495 con IVA","Availability":"In stock"},"schema":{"@context":"https:\/\/schema.org","@graph":[{"@type":"WebPage","@id":"https:\/\/compuviper.mx\/tienda\/producto\/sapphire-11324-01-20g-tarjeta-de-video-amd-radeon-rx-7600-gaming-pulse-dual-fan-8gb-gddr6-pcie-4-0-128-bit-gama-media\/","url":"https:\/\/compuviper.mx\/tienda\/producto\/sapphire-11324-01-20g-tarjeta-de-video-amd-radeon-rx-7600-gaming-pulse-dual-fan-8gb-gddr6-pcie-4-0-128-bit-gama-media\/","name":"[ Sapphire ] &#129351; 11324-01-20g Tarjeta De Video Amd Radeon Rx 7600 Gaming Pulse Dual Fan \/ 8gb\/ Gddr6\/ Pcie 4.0\/128 Bit\/gama Media","isPartOf":{"@id":"https:\/\/compuviper.mx\/tienda\/#website"},"datePublished":"2026-04-25T08:16:04+00:00","dateModified":"2026-04-26T06:00:40+00:00","description":"Compra 11324-01-20g Tarjeta De Video Amd Radeon Rx 7600 Gaming Pulse Dual Fan \/ 8gb\/ Gddr6\/ Pcie 4.0\/128 Bit\/gama Media + Env\u00edo a domicilio + Pago seguro + Garant\u00eda","breadcrumb":{"@id":"https:\/\/compuviper.mx\/tienda\/producto\/sapphire-11324-01-20g-tarjeta-de-video-amd-radeon-rx-7600-gaming-pulse-dual-fan-8gb-gddr6-pcie-4-0-128-bit-gama-media\/#breadcrumb"},"inLanguage":"es-MX","potentialAction":[{"@type":"ReadAction","target":["https:\/\/compuviper.mx\/tienda\/producto\/sapphire-11324-01-20g-tarjeta-de-video-amd-radeon-rx-7600-gaming-pulse-dual-fan-8gb-gddr6-pcie-4-0-128-bit-gama-media\/"]}]},{"@type":"BreadcrumbList","@id":"https:\/\/compuviper.mx\/tienda\/producto\/sapphire-11324-01-20g-tarjeta-de-video-amd-radeon-rx-7600-gaming-pulse-dual-fan-8gb-gddr6-pcie-4-0-128-bit-gama-media\/#breadcrumb","itemListElement":[{"@type":"ListItem","position":1,"name":"Inicio","item":"https:\/\/compuviper.mx\/tienda\/"},{"@type":"ListItem","position":2,"name":"Productos","item":"https:\/\/compuviper.mx\/tienda\/productos\/"},{"@type":"ListItem","position":3,"name":"Video","item":"https:\/\/compuviper.mx\/tienda\/categoria-producto\/video\/"},{"@type":"ListItem","position":4,"name":"Video","item":"https:\/\/compuviper.mx\/tienda\/categoria-producto\/video\/video-video\/"},{"@type":"ListItem","position":5,"name":"Sapphire 11324-01-20g Tarjeta De Video Amd Radeon Rx 7600 Gaming Pulse Dual Fan \/ 8gb\/ Gddr6\/ Pcie 4.0\/128 Bit\/gama Media"}]},{"@type":"WebSite","@id":"https:\/\/compuviper.mx\/tienda\/#website","url":"https:\/\/compuviper.mx\/tienda\/","name":"Compuviper","description":"Proveedor de Computadoras, Laptops, Servidores, Monitores, Puntos de Venta, Teclados,   Impresoras, T\u00f3ner, C\u00e1maras de Seguridad y m\u00e1s en tu tienda en l\u00ednea","publisher":{"@id":"https:\/\/compuviper.mx\/tienda\/#organization"},"potentialAction":[{"@type":"SearchAction","target":{"@type":"EntryPoint","urlTemplate":"https:\/\/compuviper.mx\/tienda\/?s={search_term_string}"},"query-input":"required name=search_term_string"}],"inLanguage":"es-MX"},{"@type":"Organization","@id":"https:\/\/compuviper.mx\/tienda\/#organization","name":"Compuviper","url":"https:\/\/compuviper.mx\/tienda\/","logo":{"@type":"ImageObject","inLanguage":"es-MX","@id":"https:\/\/compuviper.mx\/tienda\/#\/schema\/logo\/image\/","url":"https:\/\/compuviper.mx\/tienda\/wp-content\/uploads\/2021\/08\/Logo-Compuviper-10.png","contentUrl":"https:\/\/compuviper.mx\/tienda\/wp-content\/uploads\/2021\/08\/Logo-Compuviper-10.png","width":1000,"height":500,"caption":"Compuviper"},"image":{"@id":"https:\/\/compuviper.mx\/tienda\/#\/schema\/logo\/image\/"},"sameAs":["https:\/\/www.facebook.com\/compuviper","https:\/\/www.youtube.com\/channel\/UCf73dERp9Y3cfOq7q8BhLjA?view_as=subscriber"]}]},"product_brand":"Sapphire","product_price_amount":"4495","product_price_currency":"MXN","og_availability":"instock","product_availability":"instock","product_retailer_item_id":"11324-01-20G","product_condition":"new"},"_links":{"self":[{"href":"https:\/\/compuviper.mx\/tienda\/wp-json\/wp\/v2\/product\/267678"}],"collection":[{"href":"https:\/\/compuviper.mx\/tienda\/wp-json\/wp\/v2\/product"}],"about":[{"href":"https:\/\/compuviper.mx\/tienda\/wp-json\/wp\/v2\/types\/product"}],"replies":[{"embeddable":true,"href":"https:\/\/compuviper.mx\/tienda\/wp-json\/wp\/v2\/comments?post=267678"}],"wp:featuredmedia":[{"embeddable":true,"href":"https:\/\/compuviper.mx\/tienda\/wp-json\/wp\/v2\/media\/267679"}],"wp:attachment":[{"href":"https:\/\/compuviper.mx\/tienda\/wp-json\/wp\/v2\/media?parent=267678"}],"wp:term":[{"taxonomy":"product_cat","embeddable":true,"href":"https:\/\/compuviper.mx\/tienda\/wp-json\/wp\/v2\/product_cat?post=267678"},{"taxonomy":"product_tag","embeddable":true,"href":"https:\/\/compuviper.mx\/tienda\/wp-json\/wp\/v2\/product_tag?post=267678"}],"curies":[{"name":"wp","href":"https:\/\/api.w.org\/{rel}","templated":true}]}}