{"id":267667,"date":"2026-04-08T01:34:46","date_gmt":"2026-04-08T07:34:46","guid":{"rendered":"https:\/\/compuviper.mx\/tienda\/producto\/grandstream-clouducm-business-licencia-conmutador-en-la-nube-200-exts-64-llamadas-simultneas-2-gb-wave-grabacin-api-logo-dominio-y-sdk-anualidad\/"},"modified":"2026-04-08T01:34:47","modified_gmt":"2026-04-08T07:34:47","slug":"grandstream-clouducm-business-licencia-conmutador-en-la-nube-200-exts-64-llamadas-simultneas-2-gb-wave-grabacin-api-logo-dominio-y-sdk-anualidad","status":"publish","type":"product","link":"https:\/\/compuviper.mx\/tienda\/producto\/grandstream-clouducm-business-licencia-conmutador-en-la-nube-200-exts-64-llamadas-simultneas-2-gb-wave-grabacin-api-logo-dominio-y-sdk-anualidad\/","title":{"rendered":"Grandstream Clouducm Business Licencia   | Conmutador En La Nube, 200 Exts, 64 Llamadas Simult?neas, 2 Gb, Wave, Grabaci?n, Api, Logo, Dominio Y Sdk. Anualidad"},"content":{"rendered":"<table class=\"descripcion\">\n<tr>\n<td>-hasta 200 extensiones<\/td>\n<\/tr>\n<tr>\n<td>-hasta 64 llamadas de audio\/v\u00eddeo simult\u00e1neas<\/td>\n<\/tr>\n<tr>\n<td>-10 gb de almacenamiento en la nube<\/td>\n<\/tr>\n<tr>\n<td>-aplicaci\u00f3n wave softphone para escritorio,<\/td>\n<\/tr>\n<tr>\n<td>M\u00f3vil y web<\/td>\n<\/tr>\n<tr>\n<td>-sbc incorporado<\/td>\n<\/tr>\n<tr>\n<td>-funciones integrales de uc<\/td>\n<\/tr>\n<tr>\n<td>-soporte de plataforma de servicio al cliente<\/td>\n<\/tr>\n<tr>\n<td>-grabaci\u00f3n<\/td>\n<\/tr>\n<tr>\n<td>-integraci\u00f3n api<\/td>\n<\/tr>\n<tr>\n<td>-complementos de terceros<\/td>\n<\/tr>\n<tr>\n<td>-nombre de dominio personalizado<\/td>\n<\/tr>\n<tr>\n<td>-sdk disponible<\/td>\n<\/tr>\n<\/table>\n","protected":false},"excerpt":{"rendered":"<p>Clouducm es una soluci\u00f3n de pbx en la nube que proporciona una plataforma de colaboraci\u00f3n y comunicaci\u00f3n empresarial escalable y segura con potentes funciones e integraciones que permiten a los equipos ser m\u00e1s productivos que nunca. Este pbx en la nube unifica todas las comunicaciones empresariales en una soluci\u00f3n centralizada que proporciona llamadas de voz y video, reuniones, chat, datos, an\u00e1lisis, movilidad, vigilancia, acceso a instalaciones, intercomunicadores y m\u00e1s. Clouducm es compatible con todos los dispositivos sip y la aplicaci\u00f3n wave para escritorio, m\u00f3viles y web, lo que permite a los equipos comunicarse y colaborar desde cualquier lugar y en casi cualquier dispositivo. Esta soluci\u00f3n escalable se puede ampliar f\u00e1cilmente en cualquier momento sin necesidad de equipos adicionales, proporciona seguridad y confiabilidad a nivel empresarial y permite poderosas integraciones y expansiones de terceros. Al proporcionar un conjunto de funciones de comunicaci\u00f3n y colaboraci\u00f3n de \u00faltima generaci\u00f3n, seguridad de nivel bancario, personalizaci\u00f3n avanzada y una variedad de opciones de planes. Clouducm es la soluci\u00f3n de pbx ideal para peque\u00f1as y medianas empresas, sucursales, hoteler\u00eda y despliegues residenciales.<\/p>\n","protected":false},"featured_media":0,"comment_status":"open","ping_status":"open","template":"","meta":[],"product_cat":[1982,1983],"product_tag":[1576],"acf":[],"yoast_head":"<!-- This site is optimized with the Yoast SEO plugin v21.7 - https:\/\/yoast.com\/wordpress\/plugins\/seo\/ -->\n<title>[ Grandstream ] &#129351; Clouducm Business Licencia | Conmutador En La Nube, 200 Exts, 64 Llamadas Simult\u00e1neas, 2 Gb, Wave, Grabaci\u00f3n, Api, Logo, Dominio Y Sdk. Anualidad<\/title>\n<meta name=\"description\" content=\"Compra Clouducm Business Licencia | Conmutador En La Nube, 200 Exts, 64 Llamadas Simult\u00e1neas, 2 Gb, Wave, Grabaci\u00f3n, Api, Logo, Dominio Y Sdk. Anualidad + Env\u00edo a domicilio + Pago seguro + Garant\u00eda\" \/>\n<meta name=\"robots\" content=\"index, follow, max-snippet:-1, max-image-preview:large, max-video-preview:-1\" \/>\n<link rel=\"canonical\" href=\"https:\/\/compuviper.mx\/tienda\/producto\/grandstream-clouducm-business-licencia-conmutador-en-la-nube-200-exts-64-llamadas-simultneas-2-gb-wave-grabacin-api-logo-dominio-y-sdk-anualidad\/\" \/>\n<meta property=\"og:locale\" content=\"es_MX\" \/>\n<meta property=\"og:type\" content=\"article\" \/>\n<meta property=\"og:title\" content=\"[ Grandstream ] &#129351; Clouducm Business Licencia | Conmutador En La Nube, 200 Exts, 64 Llamadas Simult\u00e1neas, 2 Gb, Wave, Grabaci\u00f3n, Api, Logo, Dominio Y Sdk. Anualidad\" \/>\n<meta property=\"og:description\" content=\"Compra Clouducm Business Licencia | Conmutador En La Nube, 200 Exts, 64 Llamadas Simult\u00e1neas, 2 Gb, Wave, Grabaci\u00f3n, Api, Logo, Dominio Y Sdk. Anualidad + Env\u00edo a domicilio + Pago seguro + Garant\u00eda\" \/>\n<meta property=\"og:url\" content=\"https:\/\/compuviper.mx\/tienda\/producto\/grandstream-clouducm-business-licencia-conmutador-en-la-nube-200-exts-64-llamadas-simultneas-2-gb-wave-grabacin-api-logo-dominio-y-sdk-anualidad\/\" \/>\n<meta property=\"og:site_name\" content=\"Compuviper\" \/>\n<meta property=\"article:publisher\" content=\"https:\/\/www.facebook.com\/compuviper\" \/>\n<meta property=\"article:modified_time\" content=\"2026-04-08T07:34:47+00:00\" \/>\n<meta name=\"twitter:card\" content=\"summary_large_image\" \/>\n<meta name=\"twitter:label1\" content=\"Precio\" \/>\n\t<meta name=\"twitter:data1\" content=\"&#36;25,707 con IVA\" \/>\n\t<meta name=\"twitter:label2\" content=\"Availability\" \/>\n\t<meta name=\"twitter:data2\" content=\"On backorder\" \/>\n<script type=\"application\/ld+json\" class=\"yoast-schema-graph\">{\"@context\":\"https:\/\/schema.org\",\"@graph\":[{\"@type\":\"WebPage\",\"@id\":\"https:\/\/compuviper.mx\/tienda\/producto\/grandstream-clouducm-business-licencia-conmutador-en-la-nube-200-exts-64-llamadas-simultneas-2-gb-wave-grabacin-api-logo-dominio-y-sdk-anualidad\/\",\"url\":\"https:\/\/compuviper.mx\/tienda\/producto\/grandstream-clouducm-business-licencia-conmutador-en-la-nube-200-exts-64-llamadas-simultneas-2-gb-wave-grabacin-api-logo-dominio-y-sdk-anualidad\/\",\"name\":\"[ Grandstream ] &#129351; Clouducm Business Licencia | Conmutador En La Nube, 200 Exts, 64 Llamadas Simult\u00e1neas, 2 Gb, Wave, Grabaci\u00f3n, Api, Logo, Dominio Y Sdk. Anualidad\",\"isPartOf\":{\"@id\":\"https:\/\/compuviper.mx\/tienda\/#website\"},\"datePublished\":\"2026-04-08T07:34:46+00:00\",\"dateModified\":\"2026-04-08T07:34:47+00:00\",\"description\":\"Compra Clouducm Business Licencia | Conmutador En La Nube, 200 Exts, 64 Llamadas Simult\u00e1neas, 2 Gb, Wave, Grabaci\u00f3n, Api, Logo, Dominio Y Sdk. Anualidad + Env\u00edo a domicilio + Pago seguro + Garant\u00eda\",\"breadcrumb\":{\"@id\":\"https:\/\/compuviper.mx\/tienda\/producto\/grandstream-clouducm-business-licencia-conmutador-en-la-nube-200-exts-64-llamadas-simultneas-2-gb-wave-grabacin-api-logo-dominio-y-sdk-anualidad\/#breadcrumb\"},\"inLanguage\":\"es-MX\",\"potentialAction\":[{\"@type\":\"ReadAction\",\"target\":[\"https:\/\/compuviper.mx\/tienda\/producto\/grandstream-clouducm-business-licencia-conmutador-en-la-nube-200-exts-64-llamadas-simultneas-2-gb-wave-grabacin-api-logo-dominio-y-sdk-anualidad\/\"]}]},{\"@type\":\"BreadcrumbList\",\"@id\":\"https:\/\/compuviper.mx\/tienda\/producto\/grandstream-clouducm-business-licencia-conmutador-en-la-nube-200-exts-64-llamadas-simultneas-2-gb-wave-grabacin-api-logo-dominio-y-sdk-anualidad\/#breadcrumb\",\"itemListElement\":[{\"@type\":\"ListItem\",\"position\":1,\"name\":\"Inicio\",\"item\":\"https:\/\/compuviper.mx\/tienda\/\"},{\"@type\":\"ListItem\",\"position\":2,\"name\":\"Productos\",\"item\":\"https:\/\/compuviper.mx\/tienda\/productos\/\"},{\"@type\":\"ListItem\",\"position\":3,\"name\":\"Poliza De Servicio\",\"item\":\"https:\/\/compuviper.mx\/tienda\/categoria-producto\/poliza-de-servicio\/\"},{\"@type\":\"ListItem\",\"position\":4,\"name\":\"Sin Categor\u00eda\",\"item\":\"https:\/\/compuviper.mx\/tienda\/categoria-producto\/poliza-de-servicio\/sin-categoria-poliza-de-servicio\/\"},{\"@type\":\"ListItem\",\"position\":5,\"name\":\"Grandstream Clouducm Business Licencia | Conmutador En La Nube, 200 Exts, 64 Llamadas Simult?neas, 2 Gb, Wave, Grabaci?n, Api, Logo, Dominio Y Sdk. Anualidad\"}]},{\"@type\":\"WebSite\",\"@id\":\"https:\/\/compuviper.mx\/tienda\/#website\",\"url\":\"https:\/\/compuviper.mx\/tienda\/\",\"name\":\"Compuviper\",\"description\":\"Proveedor de Computadoras, Laptops, Servidores, Monitores, Puntos de Venta, Teclados,   Impresoras, T\u00f3ner, C\u00e1maras de Seguridad y m\u00e1s en tu tienda en l\u00ednea\",\"publisher\":{\"@id\":\"https:\/\/compuviper.mx\/tienda\/#organization\"},\"potentialAction\":[{\"@type\":\"SearchAction\",\"target\":{\"@type\":\"EntryPoint\",\"urlTemplate\":\"https:\/\/compuviper.mx\/tienda\/?s={search_term_string}\"},\"query-input\":\"required name=search_term_string\"}],\"inLanguage\":\"es-MX\"},{\"@type\":\"Organization\",\"@id\":\"https:\/\/compuviper.mx\/tienda\/#organization\",\"name\":\"Compuviper\",\"url\":\"https:\/\/compuviper.mx\/tienda\/\",\"logo\":{\"@type\":\"ImageObject\",\"inLanguage\":\"es-MX\",\"@id\":\"https:\/\/compuviper.mx\/tienda\/#\/schema\/logo\/image\/\",\"url\":\"https:\/\/compuviper.mx\/tienda\/wp-content\/uploads\/2021\/08\/Logo-Compuviper-10.png\",\"contentUrl\":\"https:\/\/compuviper.mx\/tienda\/wp-content\/uploads\/2021\/08\/Logo-Compuviper-10.png\",\"width\":1000,\"height\":500,\"caption\":\"Compuviper\"},\"image\":{\"@id\":\"https:\/\/compuviper.mx\/tienda\/#\/schema\/logo\/image\/\"},\"sameAs\":[\"https:\/\/www.facebook.com\/compuviper\",\"https:\/\/www.youtube.com\/channel\/UCf73dERp9Y3cfOq7q8BhLjA?view_as=subscriber\"]}]}<\/script>\n<meta property=\"product:brand\" content=\"GRANDSTREAM\" \/>\n<meta property=\"product:price:amount\" content=\"25707\" \/>\n<meta property=\"product:price:currency\" content=\"MXN\" \/>\n<meta property=\"og:availability\" content=\"backorder\" \/>\n<meta property=\"product:availability\" content=\"available for order\" \/>\n<meta property=\"product:retailer_item_id\" content=\"CLOUDUCM BUSINESS\" \/>\n<meta property=\"product:condition\" content=\"new\" \/>\n<!-- \/ Yoast SEO plugin. -->","yoast_head_json":{"title":"[ Grandstream ] &#129351; Clouducm Business Licencia | Conmutador En La Nube, 200 Exts, 64 Llamadas Simult\u00e1neas, 2 Gb, Wave, Grabaci\u00f3n, Api, Logo, Dominio Y Sdk. Anualidad","description":"Compra Clouducm Business Licencia | Conmutador En La Nube, 200 Exts, 64 Llamadas Simult\u00e1neas, 2 Gb, Wave, Grabaci\u00f3n, Api, Logo, Dominio Y Sdk. Anualidad + Env\u00edo a domicilio + Pago seguro + Garant\u00eda","robots":{"index":"index","follow":"follow","max-snippet":"max-snippet:-1","max-image-preview":"max-image-preview:large","max-video-preview":"max-video-preview:-1"},"canonical":"https:\/\/compuviper.mx\/tienda\/producto\/grandstream-clouducm-business-licencia-conmutador-en-la-nube-200-exts-64-llamadas-simultneas-2-gb-wave-grabacin-api-logo-dominio-y-sdk-anualidad\/","og_locale":"es_MX","og_type":"article","og_title":"[ Grandstream ] &#129351; Clouducm Business Licencia | Conmutador En La Nube, 200 Exts, 64 Llamadas Simult\u00e1neas, 2 Gb, Wave, Grabaci\u00f3n, Api, Logo, Dominio Y Sdk. Anualidad","og_description":"Compra Clouducm Business Licencia | Conmutador En La Nube, 200 Exts, 64 Llamadas Simult\u00e1neas, 2 Gb, Wave, Grabaci\u00f3n, Api, Logo, Dominio Y Sdk. Anualidad + Env\u00edo a domicilio + Pago seguro + Garant\u00eda","og_url":"https:\/\/compuviper.mx\/tienda\/producto\/grandstream-clouducm-business-licencia-conmutador-en-la-nube-200-exts-64-llamadas-simultneas-2-gb-wave-grabacin-api-logo-dominio-y-sdk-anualidad\/","og_site_name":"Compuviper","article_publisher":"https:\/\/www.facebook.com\/compuviper","article_modified_time":"2026-04-08T07:34:47+00:00","twitter_card":"summary_large_image","twitter_misc":{"Precio":"&#36;25,707 con IVA","Availability":"On backorder"},"schema":{"@context":"https:\/\/schema.org","@graph":[{"@type":"WebPage","@id":"https:\/\/compuviper.mx\/tienda\/producto\/grandstream-clouducm-business-licencia-conmutador-en-la-nube-200-exts-64-llamadas-simultneas-2-gb-wave-grabacin-api-logo-dominio-y-sdk-anualidad\/","url":"https:\/\/compuviper.mx\/tienda\/producto\/grandstream-clouducm-business-licencia-conmutador-en-la-nube-200-exts-64-llamadas-simultneas-2-gb-wave-grabacin-api-logo-dominio-y-sdk-anualidad\/","name":"[ Grandstream ] &#129351; Clouducm Business Licencia | Conmutador En La Nube, 200 Exts, 64 Llamadas Simult\u00e1neas, 2 Gb, Wave, Grabaci\u00f3n, Api, Logo, Dominio Y Sdk. Anualidad","isPartOf":{"@id":"https:\/\/compuviper.mx\/tienda\/#website"},"datePublished":"2026-04-08T07:34:46+00:00","dateModified":"2026-04-08T07:34:47+00:00","description":"Compra Clouducm Business Licencia | Conmutador En La Nube, 200 Exts, 64 Llamadas Simult\u00e1neas, 2 Gb, Wave, Grabaci\u00f3n, Api, Logo, Dominio Y Sdk. Anualidad + Env\u00edo a domicilio + Pago seguro + Garant\u00eda","breadcrumb":{"@id":"https:\/\/compuviper.mx\/tienda\/producto\/grandstream-clouducm-business-licencia-conmutador-en-la-nube-200-exts-64-llamadas-simultneas-2-gb-wave-grabacin-api-logo-dominio-y-sdk-anualidad\/#breadcrumb"},"inLanguage":"es-MX","potentialAction":[{"@type":"ReadAction","target":["https:\/\/compuviper.mx\/tienda\/producto\/grandstream-clouducm-business-licencia-conmutador-en-la-nube-200-exts-64-llamadas-simultneas-2-gb-wave-grabacin-api-logo-dominio-y-sdk-anualidad\/"]}]},{"@type":"BreadcrumbList","@id":"https:\/\/compuviper.mx\/tienda\/producto\/grandstream-clouducm-business-licencia-conmutador-en-la-nube-200-exts-64-llamadas-simultneas-2-gb-wave-grabacin-api-logo-dominio-y-sdk-anualidad\/#breadcrumb","itemListElement":[{"@type":"ListItem","position":1,"name":"Inicio","item":"https:\/\/compuviper.mx\/tienda\/"},{"@type":"ListItem","position":2,"name":"Productos","item":"https:\/\/compuviper.mx\/tienda\/productos\/"},{"@type":"ListItem","position":3,"name":"Poliza De Servicio","item":"https:\/\/compuviper.mx\/tienda\/categoria-producto\/poliza-de-servicio\/"},{"@type":"ListItem","position":4,"name":"Sin Categor\u00eda","item":"https:\/\/compuviper.mx\/tienda\/categoria-producto\/poliza-de-servicio\/sin-categoria-poliza-de-servicio\/"},{"@type":"ListItem","position":5,"name":"Grandstream Clouducm Business Licencia | Conmutador En La Nube, 200 Exts, 64 Llamadas Simult?neas, 2 Gb, Wave, Grabaci?n, Api, Logo, Dominio Y Sdk. Anualidad"}]},{"@type":"WebSite","@id":"https:\/\/compuviper.mx\/tienda\/#website","url":"https:\/\/compuviper.mx\/tienda\/","name":"Compuviper","description":"Proveedor de Computadoras, Laptops, Servidores, Monitores, Puntos de Venta, Teclados,   Impresoras, T\u00f3ner, C\u00e1maras de Seguridad y m\u00e1s en tu tienda en l\u00ednea","publisher":{"@id":"https:\/\/compuviper.mx\/tienda\/#organization"},"potentialAction":[{"@type":"SearchAction","target":{"@type":"EntryPoint","urlTemplate":"https:\/\/compuviper.mx\/tienda\/?s={search_term_string}"},"query-input":"required name=search_term_string"}],"inLanguage":"es-MX"},{"@type":"Organization","@id":"https:\/\/compuviper.mx\/tienda\/#organization","name":"Compuviper","url":"https:\/\/compuviper.mx\/tienda\/","logo":{"@type":"ImageObject","inLanguage":"es-MX","@id":"https:\/\/compuviper.mx\/tienda\/#\/schema\/logo\/image\/","url":"https:\/\/compuviper.mx\/tienda\/wp-content\/uploads\/2021\/08\/Logo-Compuviper-10.png","contentUrl":"https:\/\/compuviper.mx\/tienda\/wp-content\/uploads\/2021\/08\/Logo-Compuviper-10.png","width":1000,"height":500,"caption":"Compuviper"},"image":{"@id":"https:\/\/compuviper.mx\/tienda\/#\/schema\/logo\/image\/"},"sameAs":["https:\/\/www.facebook.com\/compuviper","https:\/\/www.youtube.com\/channel\/UCf73dERp9Y3cfOq7q8BhLjA?view_as=subscriber"]}]},"product_brand":"GRANDSTREAM","product_price_amount":"25707","product_price_currency":"MXN","og_availability":"backorder","product_availability":"available for order","product_retailer_item_id":"CLOUDUCM BUSINESS","product_condition":"new"},"_links":{"self":[{"href":"https:\/\/compuviper.mx\/tienda\/wp-json\/wp\/v2\/product\/267667"}],"collection":[{"href":"https:\/\/compuviper.mx\/tienda\/wp-json\/wp\/v2\/product"}],"about":[{"href":"https:\/\/compuviper.mx\/tienda\/wp-json\/wp\/v2\/types\/product"}],"replies":[{"embeddable":true,"href":"https:\/\/compuviper.mx\/tienda\/wp-json\/wp\/v2\/comments?post=267667"}],"wp:attachment":[{"href":"https:\/\/compuviper.mx\/tienda\/wp-json\/wp\/v2\/media?parent=267667"}],"wp:term":[{"taxonomy":"product_cat","embeddable":true,"href":"https:\/\/compuviper.mx\/tienda\/wp-json\/wp\/v2\/product_cat?post=267667"},{"taxonomy":"product_tag","embeddable":true,"href":"https:\/\/compuviper.mx\/tienda\/wp-json\/wp\/v2\/product_tag?post=267667"}],"curies":[{"name":"wp","href":"https:\/\/api.w.org\/{rel}","templated":true}]}}