{"id":267658,"date":"2026-04-16T01:25:26","date_gmt":"2026-04-16T07:25:26","guid":{"rendered":"https:\/\/compuviper.mx\/tienda\/producto\/ecs-95-198-kw7166-mini-pc-liva-z-intel-apollo-lake-celeron-n3350-soc-4gb-lpdrr3-emmc-64gb-usb-3-1-hdmi-mdp-wifi\/"},"modified":"2026-04-16T01:25:26","modified_gmt":"2026-04-16T07:25:26","slug":"ecs-95-198-kw7166-mini-pc-liva-z-intel-apollo-lake-celeron-n3350-soc-4gb-lpdrr3-emmc-64gb-usb-3-1-hdmi-mdp-wifi","status":"publish","type":"product","link":"https:\/\/compuviper.mx\/tienda\/producto\/ecs-95-198-kw7166-mini-pc-liva-z-intel-apollo-lake-celeron-n3350-soc-4gb-lpdrr3-emmc-64gb-usb-3-1-hdmi-mdp-wifi\/","title":{"rendered":"Ecs 95-198-kw7166 Mini Pc  Liva Z Intel Apollo Lake Celeron N3350 Soc\/4gb Lpdrr3\/ Emmc 64gb\/ Usb 3.1\/ Hdmi\/ Mdp\/ Wifi"},"content":{"rendered":"<table class=\"descripcion\">\n<tr>\n<td>Plataforma<\/td>\n<\/tr>\n<tr>\n<td>Intel \u00ae apolo lago celeron \u00ae n3350 soc<\/td>\n<\/tr>\n<tr>\n<td>Ranura de expansi\u00f3n<\/td>\n<\/tr>\n<tr>\n<td>1 x m.2 medida 2242 para ssd (sata)<\/td>\n<\/tr>\n<tr>\n<td>Memoria<\/td>\n<\/tr>\n<tr>\n<td>2 x memoria so-dimm<\/td>\n<\/tr>\n<tr>\n<td>Ddrr3l hasta 8 gb<\/td>\n<\/tr>\n<tr>\n<td>Dispositivos de almacenamiento<\/td>\n<\/tr>\n<tr>\n<td>Soporte 1 x emmc  64gb<\/td>\n<\/tr>\n<tr>\n<td>Audio<\/td>\n<\/tr>\n<tr>\n<td>1 x combo jack<\/td>\n<\/tr>\n<tr>\n<td>1 x micr\u00f3fono digital<\/td>\n<\/tr>\n<tr>\n<td>Redes<\/td>\n<\/tr>\n<tr>\n<td>2 x lan gigabit<\/td>\n<\/tr>\n<tr>\n<td>Usb<\/td>\n<\/tr>\n<tr>\n<td>3 x puertos usb 3.1 gen1 tipo a<\/td>\n<\/tr>\n<tr>\n<td>1 x puerto usb 3.1 gen1 tipo c<\/td>\n<\/tr>\n<tr>\n<td>Salida de video<\/td>\n<\/tr>\n<tr>\n<td>1 x puerto hdmi (hdmi 1.4)<\/td>\n<\/tr>\n<tr>\n<td>1 x puerto mdp<\/td>\n<\/tr>\n<tr>\n<td>Inal\u00e1mbrico<\/td>\n<\/tr>\n<tr>\n<td>Intel \u00ae wifi 802.11ac<\/td>\n<\/tr>\n<tr>\n<td>Dimensiones (mm)<\/td>\n<\/tr>\n<tr>\n<td>117 x 128 x 33 mm<\/td>\n<\/tr>\n<tr>\n<td>115 x 111 mm (tama\u00f1o de pcb)<\/td>\n<\/tr>\n<tr>\n<td>Poder<\/td>\n<\/tr>\n<tr>\n<td>Entrada: ac 100-240v, salida: dc 19v \/ 3.42a<\/td>\n<\/tr>\n<tr>\n<td>Montaje vesa<\/td>\n<\/tr>\n<tr>\n<td>Admite 75 mm \/ 100 mm<\/td>\n<\/tr>\n<tr>\n<td>Soporte del sistema operativo<\/td>\n<\/tr>\n<tr>\n<td>* recomienda instalar windows, ecs no proporciona otro soporte t\u00e9cnico para la instalaci\u00f3n del sistema operativo.<\/td>\n<\/tr>\n<tr>\n<td>Accesorio<\/td>\n<\/tr>\n<tr>\n<td>1 x adaptador de corriente<\/td>\n<\/tr>\n<tr>\n<td>1 x soporte vesa<\/td>\n<\/tr>\n<tr>\n<td>6 x tornillos de montaje vesa<\/td>\n<\/tr>\n<tr>\n<td>Gu\u00eda r\u00e1pida y dvd de controladores<\/td>\n<\/tr>\n<\/table>\n","protected":false},"excerpt":{"rendered":"<p>Pc silenciosa y ultracompacta para computaci\u00f3n totalmente funcional. El \u00faltimo intel apollo lake soc. Pc pc silenciosa y confiable de consumo de energ\u00eda. Ultrabaja support soporte nativo m.2 para velocidades de transferencia de datos de hasta 6 gbit \/ s. Wi-fi 802.11ac ultrarr\u00e1pido. Soporte 4k ultra alta definici\u00f3n resoluci\u00f3n. Compatibility la compatibilidad con montaje vesa permite a los usuarios crear una pc todo en uno personalizada. Admite windows 10 \/ linux<\/p>\n","protected":false},"featured_media":267659,"comment_status":"open","ping_status":"open","template":"","meta":[],"product_cat":[1971,1978],"product_tag":[1733],"acf":[],"yoast_head":"<!-- This site is optimized with the Yoast SEO plugin v21.7 - https:\/\/yoast.com\/wordpress\/plugins\/seo\/ -->\n<title>[ Ecs ] &#129351; 95-198-kw7166 Mini Pc Liva Z Intel Apollo Lake Celeron N3350 Soc\/4gb Lpdrr3\/ Emmc 64gb\/ Usb 3.1\/ Hdmi\/ Mdp\/ Wifi<\/title>\n<meta name=\"description\" content=\"Compra 95-198-kw7166 Mini Pc Liva Z Intel Apollo Lake Celeron N3350 Soc\/4gb Lpdrr3\/ Emmc 64gb\/ Usb 3.1\/ Hdmi\/ Mdp\/ Wifi + Env\u00edo a domicilio + Pago seguro + Garant\u00eda\" \/>\n<meta name=\"robots\" content=\"index, follow, max-snippet:-1, max-image-preview:large, max-video-preview:-1\" \/>\n<link rel=\"canonical\" href=\"https:\/\/compuviper.mx\/tienda\/producto\/ecs-95-198-kw7166-mini-pc-liva-z-intel-apollo-lake-celeron-n3350-soc-4gb-lpdrr3-emmc-64gb-usb-3-1-hdmi-mdp-wifi\/\" \/>\n<meta property=\"og:locale\" content=\"es_MX\" \/>\n<meta property=\"og:type\" content=\"article\" \/>\n<meta property=\"og:title\" content=\"[ Ecs ] &#129351; 95-198-kw7166 Mini Pc Liva Z Intel Apollo Lake Celeron N3350 Soc\/4gb Lpdrr3\/ Emmc 64gb\/ Usb 3.1\/ Hdmi\/ Mdp\/ Wifi\" \/>\n<meta property=\"og:description\" content=\"Compra 95-198-kw7166 Mini Pc Liva Z Intel Apollo Lake Celeron N3350 Soc\/4gb Lpdrr3\/ Emmc 64gb\/ Usb 3.1\/ Hdmi\/ Mdp\/ Wifi + Env\u00edo a domicilio + Pago seguro + Garant\u00eda\" \/>\n<meta property=\"og:url\" content=\"https:\/\/compuviper.mx\/tienda\/producto\/ecs-95-198-kw7166-mini-pc-liva-z-intel-apollo-lake-celeron-n3350-soc-4gb-lpdrr3-emmc-64gb-usb-3-1-hdmi-mdp-wifi\/\" \/>\n<meta property=\"og:site_name\" content=\"Compuviper\" \/>\n<meta property=\"article:publisher\" content=\"https:\/\/www.facebook.com\/compuviper\" \/>\n<meta property=\"og:image\" content=\"https:\/\/compuviper.mx\/tienda\/wp-content\/uploads\/2026\/03\/Mini-pc-ecs-liva-z-intel-apollo-lake-celeron-n3350-soc4gb-lpdrr3-emmc-64gb-usb-3.1-hdmi-mdp-wifi.jpg\" \/>\n\t<meta property=\"og:image:width\" content=\"200\" \/>\n\t<meta property=\"og:image:height\" content=\"200\" \/>\n\t<meta property=\"og:image:type\" content=\"image\/jpeg\" \/>\n<meta name=\"twitter:card\" content=\"summary_large_image\" \/>\n<meta name=\"twitter:label1\" content=\"Precio\" \/>\n\t<meta name=\"twitter:data1\" content=\"&#36;2,155 con IVA\" \/>\n\t<meta name=\"twitter:label2\" content=\"Availability\" \/>\n\t<meta name=\"twitter:data2\" content=\"In stock\" \/>\n<script type=\"application\/ld+json\" class=\"yoast-schema-graph\">{\"@context\":\"https:\/\/schema.org\",\"@graph\":[{\"@type\":\"WebPage\",\"@id\":\"https:\/\/compuviper.mx\/tienda\/producto\/ecs-95-198-kw7166-mini-pc-liva-z-intel-apollo-lake-celeron-n3350-soc-4gb-lpdrr3-emmc-64gb-usb-3-1-hdmi-mdp-wifi\/\",\"url\":\"https:\/\/compuviper.mx\/tienda\/producto\/ecs-95-198-kw7166-mini-pc-liva-z-intel-apollo-lake-celeron-n3350-soc-4gb-lpdrr3-emmc-64gb-usb-3-1-hdmi-mdp-wifi\/\",\"name\":\"[ Ecs ] &#129351; 95-198-kw7166 Mini Pc Liva Z Intel Apollo Lake Celeron N3350 Soc\/4gb Lpdrr3\/ Emmc 64gb\/ Usb 3.1\/ Hdmi\/ Mdp\/ Wifi\",\"isPartOf\":{\"@id\":\"https:\/\/compuviper.mx\/tienda\/#website\"},\"datePublished\":\"2026-04-16T07:25:26+00:00\",\"dateModified\":\"2026-04-16T07:25:26+00:00\",\"description\":\"Compra 95-198-kw7166 Mini Pc Liva Z Intel Apollo Lake Celeron N3350 Soc\/4gb Lpdrr3\/ Emmc 64gb\/ Usb 3.1\/ Hdmi\/ Mdp\/ Wifi + Env\u00edo a domicilio + Pago seguro + Garant\u00eda\",\"breadcrumb\":{\"@id\":\"https:\/\/compuviper.mx\/tienda\/producto\/ecs-95-198-kw7166-mini-pc-liva-z-intel-apollo-lake-celeron-n3350-soc-4gb-lpdrr3-emmc-64gb-usb-3-1-hdmi-mdp-wifi\/#breadcrumb\"},\"inLanguage\":\"es-MX\",\"potentialAction\":[{\"@type\":\"ReadAction\",\"target\":[\"https:\/\/compuviper.mx\/tienda\/producto\/ecs-95-198-kw7166-mini-pc-liva-z-intel-apollo-lake-celeron-n3350-soc-4gb-lpdrr3-emmc-64gb-usb-3-1-hdmi-mdp-wifi\/\"]}]},{\"@type\":\"BreadcrumbList\",\"@id\":\"https:\/\/compuviper.mx\/tienda\/producto\/ecs-95-198-kw7166-mini-pc-liva-z-intel-apollo-lake-celeron-n3350-soc-4gb-lpdrr3-emmc-64gb-usb-3-1-hdmi-mdp-wifi\/#breadcrumb\",\"itemListElement\":[{\"@type\":\"ListItem\",\"position\":1,\"name\":\"Inicio\",\"item\":\"https:\/\/compuviper.mx\/tienda\/\"},{\"@type\":\"ListItem\",\"position\":2,\"name\":\"Productos\",\"item\":\"https:\/\/compuviper.mx\/tienda\/productos\/\"},{\"@type\":\"ListItem\",\"position\":3,\"name\":\"Computadoras\",\"item\":\"https:\/\/compuviper.mx\/tienda\/categoria-producto\/computadoras\/\"},{\"@type\":\"ListItem\",\"position\":4,\"name\":\"Mini Pc\u00b4s\",\"item\":\"https:\/\/compuviper.mx\/tienda\/categoria-producto\/computadoras\/mini-pcs\/\"},{\"@type\":\"ListItem\",\"position\":5,\"name\":\"Ecs 95-198-kw7166 Mini Pc Liva Z Intel Apollo Lake Celeron N3350 Soc\/4gb Lpdrr3\/ Emmc 64gb\/ Usb 3.1\/ Hdmi\/ Mdp\/ Wifi\"}]},{\"@type\":\"WebSite\",\"@id\":\"https:\/\/compuviper.mx\/tienda\/#website\",\"url\":\"https:\/\/compuviper.mx\/tienda\/\",\"name\":\"Compuviper\",\"description\":\"Proveedor de Computadoras, Laptops, Servidores, Monitores, Puntos de Venta, Teclados,   Impresoras, T\u00f3ner, C\u00e1maras de Seguridad y m\u00e1s en tu tienda en l\u00ednea\",\"publisher\":{\"@id\":\"https:\/\/compuviper.mx\/tienda\/#organization\"},\"potentialAction\":[{\"@type\":\"SearchAction\",\"target\":{\"@type\":\"EntryPoint\",\"urlTemplate\":\"https:\/\/compuviper.mx\/tienda\/?s={search_term_string}\"},\"query-input\":\"required name=search_term_string\"}],\"inLanguage\":\"es-MX\"},{\"@type\":\"Organization\",\"@id\":\"https:\/\/compuviper.mx\/tienda\/#organization\",\"name\":\"Compuviper\",\"url\":\"https:\/\/compuviper.mx\/tienda\/\",\"logo\":{\"@type\":\"ImageObject\",\"inLanguage\":\"es-MX\",\"@id\":\"https:\/\/compuviper.mx\/tienda\/#\/schema\/logo\/image\/\",\"url\":\"https:\/\/compuviper.mx\/tienda\/wp-content\/uploads\/2021\/08\/Logo-Compuviper-10.png\",\"contentUrl\":\"https:\/\/compuviper.mx\/tienda\/wp-content\/uploads\/2021\/08\/Logo-Compuviper-10.png\",\"width\":1000,\"height\":500,\"caption\":\"Compuviper\"},\"image\":{\"@id\":\"https:\/\/compuviper.mx\/tienda\/#\/schema\/logo\/image\/\"},\"sameAs\":[\"https:\/\/www.facebook.com\/compuviper\",\"https:\/\/www.youtube.com\/channel\/UCf73dERp9Y3cfOq7q8BhLjA?view_as=subscriber\"]}]}<\/script>\n<meta property=\"product:brand\" content=\"ECS\" \/>\n<meta property=\"product:price:amount\" content=\"2155\" \/>\n<meta property=\"product:price:currency\" content=\"MXN\" \/>\n<meta property=\"og:availability\" content=\"instock\" \/>\n<meta property=\"product:availability\" content=\"instock\" \/>\n<meta property=\"product:retailer_item_id\" content=\"95-198-KW7166\" \/>\n<meta property=\"product:condition\" content=\"new\" \/>\n<!-- \/ Yoast SEO plugin. -->","yoast_head_json":{"title":"[ Ecs ] &#129351; 95-198-kw7166 Mini Pc Liva Z Intel Apollo Lake Celeron N3350 Soc\/4gb Lpdrr3\/ Emmc 64gb\/ Usb 3.1\/ Hdmi\/ Mdp\/ Wifi","description":"Compra 95-198-kw7166 Mini Pc Liva Z Intel Apollo Lake Celeron N3350 Soc\/4gb Lpdrr3\/ Emmc 64gb\/ Usb 3.1\/ Hdmi\/ Mdp\/ Wifi + Env\u00edo a domicilio + Pago seguro + Garant\u00eda","robots":{"index":"index","follow":"follow","max-snippet":"max-snippet:-1","max-image-preview":"max-image-preview:large","max-video-preview":"max-video-preview:-1"},"canonical":"https:\/\/compuviper.mx\/tienda\/producto\/ecs-95-198-kw7166-mini-pc-liva-z-intel-apollo-lake-celeron-n3350-soc-4gb-lpdrr3-emmc-64gb-usb-3-1-hdmi-mdp-wifi\/","og_locale":"es_MX","og_type":"article","og_title":"[ Ecs ] &#129351; 95-198-kw7166 Mini Pc Liva Z Intel Apollo Lake Celeron N3350 Soc\/4gb Lpdrr3\/ Emmc 64gb\/ Usb 3.1\/ Hdmi\/ Mdp\/ Wifi","og_description":"Compra 95-198-kw7166 Mini Pc Liva Z Intel Apollo Lake Celeron N3350 Soc\/4gb Lpdrr3\/ Emmc 64gb\/ Usb 3.1\/ Hdmi\/ Mdp\/ Wifi + Env\u00edo a domicilio + Pago seguro + Garant\u00eda","og_url":"https:\/\/compuviper.mx\/tienda\/producto\/ecs-95-198-kw7166-mini-pc-liva-z-intel-apollo-lake-celeron-n3350-soc-4gb-lpdrr3-emmc-64gb-usb-3-1-hdmi-mdp-wifi\/","og_site_name":"Compuviper","article_publisher":"https:\/\/www.facebook.com\/compuviper","og_image":[{"width":200,"height":200,"url":"https:\/\/compuviper.mx\/tienda\/wp-content\/uploads\/2026\/03\/Mini-pc-ecs-liva-z-intel-apollo-lake-celeron-n3350-soc4gb-lpdrr3-emmc-64gb-usb-3.1-hdmi-mdp-wifi.jpg","type":"image\/jpeg"}],"twitter_card":"summary_large_image","twitter_misc":{"Precio":"&#36;2,155 con IVA","Availability":"In stock"},"schema":{"@context":"https:\/\/schema.org","@graph":[{"@type":"WebPage","@id":"https:\/\/compuviper.mx\/tienda\/producto\/ecs-95-198-kw7166-mini-pc-liva-z-intel-apollo-lake-celeron-n3350-soc-4gb-lpdrr3-emmc-64gb-usb-3-1-hdmi-mdp-wifi\/","url":"https:\/\/compuviper.mx\/tienda\/producto\/ecs-95-198-kw7166-mini-pc-liva-z-intel-apollo-lake-celeron-n3350-soc-4gb-lpdrr3-emmc-64gb-usb-3-1-hdmi-mdp-wifi\/","name":"[ Ecs ] &#129351; 95-198-kw7166 Mini Pc Liva Z Intel Apollo Lake Celeron N3350 Soc\/4gb Lpdrr3\/ Emmc 64gb\/ Usb 3.1\/ Hdmi\/ Mdp\/ Wifi","isPartOf":{"@id":"https:\/\/compuviper.mx\/tienda\/#website"},"datePublished":"2026-04-16T07:25:26+00:00","dateModified":"2026-04-16T07:25:26+00:00","description":"Compra 95-198-kw7166 Mini Pc Liva Z Intel Apollo Lake Celeron N3350 Soc\/4gb Lpdrr3\/ Emmc 64gb\/ Usb 3.1\/ Hdmi\/ Mdp\/ Wifi + Env\u00edo a domicilio + Pago seguro + Garant\u00eda","breadcrumb":{"@id":"https:\/\/compuviper.mx\/tienda\/producto\/ecs-95-198-kw7166-mini-pc-liva-z-intel-apollo-lake-celeron-n3350-soc-4gb-lpdrr3-emmc-64gb-usb-3-1-hdmi-mdp-wifi\/#breadcrumb"},"inLanguage":"es-MX","potentialAction":[{"@type":"ReadAction","target":["https:\/\/compuviper.mx\/tienda\/producto\/ecs-95-198-kw7166-mini-pc-liva-z-intel-apollo-lake-celeron-n3350-soc-4gb-lpdrr3-emmc-64gb-usb-3-1-hdmi-mdp-wifi\/"]}]},{"@type":"BreadcrumbList","@id":"https:\/\/compuviper.mx\/tienda\/producto\/ecs-95-198-kw7166-mini-pc-liva-z-intel-apollo-lake-celeron-n3350-soc-4gb-lpdrr3-emmc-64gb-usb-3-1-hdmi-mdp-wifi\/#breadcrumb","itemListElement":[{"@type":"ListItem","position":1,"name":"Inicio","item":"https:\/\/compuviper.mx\/tienda\/"},{"@type":"ListItem","position":2,"name":"Productos","item":"https:\/\/compuviper.mx\/tienda\/productos\/"},{"@type":"ListItem","position":3,"name":"Computadoras","item":"https:\/\/compuviper.mx\/tienda\/categoria-producto\/computadoras\/"},{"@type":"ListItem","position":4,"name":"Mini Pc\u00b4s","item":"https:\/\/compuviper.mx\/tienda\/categoria-producto\/computadoras\/mini-pcs\/"},{"@type":"ListItem","position":5,"name":"Ecs 95-198-kw7166 Mini Pc Liva Z Intel Apollo Lake Celeron N3350 Soc\/4gb Lpdrr3\/ Emmc 64gb\/ Usb 3.1\/ Hdmi\/ Mdp\/ Wifi"}]},{"@type":"WebSite","@id":"https:\/\/compuviper.mx\/tienda\/#website","url":"https:\/\/compuviper.mx\/tienda\/","name":"Compuviper","description":"Proveedor de Computadoras, Laptops, Servidores, Monitores, Puntos de Venta, Teclados,   Impresoras, T\u00f3ner, C\u00e1maras de Seguridad y m\u00e1s en tu tienda en l\u00ednea","publisher":{"@id":"https:\/\/compuviper.mx\/tienda\/#organization"},"potentialAction":[{"@type":"SearchAction","target":{"@type":"EntryPoint","urlTemplate":"https:\/\/compuviper.mx\/tienda\/?s={search_term_string}"},"query-input":"required name=search_term_string"}],"inLanguage":"es-MX"},{"@type":"Organization","@id":"https:\/\/compuviper.mx\/tienda\/#organization","name":"Compuviper","url":"https:\/\/compuviper.mx\/tienda\/","logo":{"@type":"ImageObject","inLanguage":"es-MX","@id":"https:\/\/compuviper.mx\/tienda\/#\/schema\/logo\/image\/","url":"https:\/\/compuviper.mx\/tienda\/wp-content\/uploads\/2021\/08\/Logo-Compuviper-10.png","contentUrl":"https:\/\/compuviper.mx\/tienda\/wp-content\/uploads\/2021\/08\/Logo-Compuviper-10.png","width":1000,"height":500,"caption":"Compuviper"},"image":{"@id":"https:\/\/compuviper.mx\/tienda\/#\/schema\/logo\/image\/"},"sameAs":["https:\/\/www.facebook.com\/compuviper","https:\/\/www.youtube.com\/channel\/UCf73dERp9Y3cfOq7q8BhLjA?view_as=subscriber"]}]},"product_brand":"ECS","product_price_amount":"2155","product_price_currency":"MXN","og_availability":"instock","product_availability":"instock","product_retailer_item_id":"95-198-KW7166","product_condition":"new"},"_links":{"self":[{"href":"https:\/\/compuviper.mx\/tienda\/wp-json\/wp\/v2\/product\/267658"}],"collection":[{"href":"https:\/\/compuviper.mx\/tienda\/wp-json\/wp\/v2\/product"}],"about":[{"href":"https:\/\/compuviper.mx\/tienda\/wp-json\/wp\/v2\/types\/product"}],"replies":[{"embeddable":true,"href":"https:\/\/compuviper.mx\/tienda\/wp-json\/wp\/v2\/comments?post=267658"}],"wp:featuredmedia":[{"embeddable":true,"href":"https:\/\/compuviper.mx\/tienda\/wp-json\/wp\/v2\/media\/267659"}],"wp:attachment":[{"href":"https:\/\/compuviper.mx\/tienda\/wp-json\/wp\/v2\/media?parent=267658"}],"wp:term":[{"taxonomy":"product_cat","embeddable":true,"href":"https:\/\/compuviper.mx\/tienda\/wp-json\/wp\/v2\/product_cat?post=267658"},{"taxonomy":"product_tag","embeddable":true,"href":"https:\/\/compuviper.mx\/tienda\/wp-json\/wp\/v2\/product_tag?post=267658"}],"curies":[{"name":"wp","href":"https:\/\/api.w.org\/{rel}","templated":true}]}}