{"id":267643,"date":"2026-04-16T00:45:58","date_gmt":"2026-04-16T06:45:58","guid":{"rendered":"https:\/\/compuviper.mx\/tienda\/producto\/ecs-h610h7-m24711064009583881038053639-mb-h610-s-1700-12a-gen-2x-ddr4-3200-pcie-4-0-4x-usb-3-2-hdmi-dp-matx-gama-basica\/"},"modified":"2026-04-16T00:45:58","modified_gmt":"2026-04-16T06:45:58","slug":"ecs-h610h7-m24711064009583881038053639-mb-h610-s-1700-12a-gen-2x-ddr4-3200-pcie-4-0-4x-usb-3-2-hdmi-dp-matx-gama-basica","status":"publish","type":"product","link":"https:\/\/compuviper.mx\/tienda\/producto\/ecs-h610h7-m24711064009583881038053639-mb-h610-s-1700-12a-gen-2x-ddr4-3200-pcie-4-0-4x-usb-3-2-hdmi-dp-matx-gama-basica\/","title":{"rendered":"Ecs H610h7-m2,4711064009583,881038053639 Mb  H610 S-1700 12a Gen \/ 2x Ddr4 3200 \/ Pcie 4.0 \/ 4x Usb 3.2 \/ Hdmi \/ Dp \/ Matx \/ Gama Basica"},"content":{"rendered":"<table class=\"descripcion\">\n<tr>\n<td>Cpu<\/td>\n<\/tr>\n<tr>\n<td>Supports 12th gen intel\u00ae core\u0099 family\/ pentium \/ celeron series processors for lga 1700 socket<\/td>\n<\/tr>\n<tr>\n<td>Diseno de alimentacion por 8 fases<\/td>\n<\/tr>\n<tr>\n<td>Diseno de capacitor 100% solido<\/td>\n<\/tr>\n<tr>\n<td>Consulte la lista de cpu compatibles para obtener mas detalles<\/td>\n<\/tr>\n<tr>\n<td>Chipset<\/td>\n<\/tr>\n<tr>\n<td>Conjunto de chips express de intel\u00ae h610<\/td>\n<\/tr>\n<tr>\n<td>Graphics<\/td>\n<\/tr>\n<tr>\n<td>Integrated intel uhd graphics<\/td>\n<\/tr>\n<tr>\n<td>Compatible con directx\u00ae 12<\/td>\n<\/tr>\n<tr>\n<td>Memory<\/td>\n<\/tr>\n<tr>\n<td>Arquitectura de memoria dual-channel ddr4<\/td>\n<\/tr>\n<tr>\n<td>Soporta 3200mhz ddr4 memoria(s) no ecc, sdram sin buffer<\/td>\n<\/tr>\n<tr>\n<td>2 x 288-pin ddr4 dimm socket<\/td>\n<\/tr>\n<tr>\n<td> and #8735; support up to 64 gb*<\/td>\n<\/tr>\n<tr>\n<td>Expansion slot<\/td>\n<\/tr>\n<tr>\n<td>1 x pci express x16 gen 4.0 slot(s)<\/td>\n<\/tr>\n<tr>\n<td>1 x pci express x 1 gen 3.0 slot(s)<\/td>\n<\/tr>\n<tr>\n<td>1 x m.2 slot for ssd<\/td>\n<\/tr>\n<tr>\n<td> and #8735; for 2242\/2280 pci-e x4 gen3\/sata ssd<\/td>\n<\/tr>\n<tr>\n<td>1 x m.2 slot for wifi<\/td>\n<\/tr>\n<tr>\n<td>Storage<\/td>\n<\/tr>\n<tr>\n<td>Compatible con conjunto de chips express intel h610<\/td>\n<\/tr>\n<tr>\n<td>4 puerto(s) serie ataiii 6 gb\/s<\/td>\n<\/tr>\n<tr>\n<td>Audio<\/td>\n<\/tr>\n<tr>\n<td>Codec de audio hd de 6 canales<\/td>\n<\/tr>\n<tr>\n<td>Codec de audio hd de 6 canales realtek alc897<\/td>\n<\/tr>\n<tr>\n<td>Lan<\/td>\n<\/tr>\n<tr>\n<td>(controlador fast ethernet colay realtek rtl8111h)<\/td>\n<\/tr>\n<tr>\n<td>Wake-on-lan<\/td>\n<\/tr>\n<tr>\n<td>Usb<\/td>\n<\/tr>\n<tr>\n<td>Compatible con conjunto de chips express h610<\/td>\n<\/tr>\n<tr>\n<td>2 x usb 3.2 gen 2&#215;1 port(s) up to 10gb\/s<\/td>\n<\/tr>\n<tr>\n<td>2 x usb 3.2 gen 1&#215;1 port(s) up to 5gb\/s<\/td>\n<\/tr>\n<tr>\n<td>&#8212;- 2 puerto(s) del panel trasero<\/td>\n<\/tr>\n<tr>\n<td>4 puerto(s) usb2.0 hasta 480 mb\/s<\/td>\n<\/tr>\n<tr>\n<td>&#8212;- 2 puerto(s) del panel trasero<\/td>\n<\/tr>\n<tr>\n<td>&#8212;- 2 puerto(s) integrado(s)<\/td>\n<\/tr>\n<tr>\n<td>Rear panel i\/o<\/td>\n<\/tr>\n<tr>\n<td>1 conector de teclado y raton para ps\/2<\/td>\n<\/tr>\n<tr>\n<td>1 puerto de audio (salida de linea\/entrada de linea\/entrada de microfono)<\/td>\n<\/tr>\n<tr>\n<td>1 puerto(s) rj-45<\/td>\n<\/tr>\n<tr>\n<td>1 x hdmi 2.0 port(s)<\/td>\n<\/tr>\n<tr>\n<td>1 puerto(s) d-sub (vga)<\/td>\n<\/tr>\n<tr>\n<td>1 puerto(s) displayport<\/td>\n<\/tr>\n<tr>\n<td>2 x usb 3.2 gen 2&#215;1 type a port(s)<\/td>\n<\/tr>\n<tr>\n<td>2 x usb2.0 port(s)<\/td>\n<\/tr>\n<tr>\n<td>Connectors  and  headers<\/td>\n<\/tr>\n<tr>\n<td>1 conector de fuente de alimentacion atx de 24 contactos<\/td>\n<\/tr>\n<tr>\n<td>1 conector de alimentacion de 12 v atx de 8 contactos<\/td>\n<\/tr>\n<tr>\n<td>1 conector cpu_fan de 4 contactos<\/td>\n<\/tr>\n<tr>\n<td>1 conector sys_fan de 4 contactos<\/td>\n<\/tr>\n<tr>\n<td>1 cabezal de audio del panel frontal<\/td>\n<\/tr>\n<tr>\n<td>1 x front panel header<\/td>\n<\/tr>\n<tr>\n<td>1 cabezal de altavoz<\/td>\n<\/tr>\n<tr>\n<td>1 x usb 3.2 gen 1&#215;1 header<\/td>\n<\/tr>\n<tr>\n<td> and #8735; support additional 2 usb ports<\/td>\n<\/tr>\n<tr>\n<td>1 x usb 2.0 header<\/td>\n<\/tr>\n<tr>\n<td> and #8735; support additional 2 usb ports<\/td>\n<\/tr>\n<tr>\n<td>4 conector(es) sata iii 6 gb\/s<\/td>\n<\/tr>\n<tr>\n<td>1 cabezal clr_cmos<\/td>\n<\/tr>\n<tr>\n<td>1 x case open header<\/td>\n<\/tr>\n<tr>\n<td>1 x com headers<\/td>\n<\/tr>\n<tr>\n<td>1 x usbpwr jumper<\/td>\n<\/tr>\n<tr>\n<td>System bios<\/td>\n<\/tr>\n<tr>\n<td>Ami bios con 16 mb spi flash rom<\/td>\n<\/tr>\n<tr>\n<td>Acpi y dmi<\/td>\n<\/tr>\n<tr>\n<td>Compatible con bios ez de ecs<\/td>\n<\/tr>\n<tr>\n<td>Compatible con bios gui uefi<\/td>\n<\/tr>\n<tr>\n<td>Plug and play, str (s3)\/std (s4), monitor de hardware, multiarranque<\/td>\n<\/tr>\n<tr>\n<td>Bios en varios idiomas<\/td>\n<\/tr>\n<tr>\n<td>Audio, lan, pueden deshabilitarse en la bios<\/td>\n<\/tr>\n<tr>\n<td>Compatible con la tecla de acceso directo clear cmos (re pag)<\/td>\n<\/tr>\n<tr>\n<td>Funcion de doble monitor<\/td>\n<\/tr>\n<tr>\n<td>Form factor<\/td>\n<\/tr>\n<tr>\n<td>Factor de forma matx<\/td>\n<\/tr>\n<tr>\n<td>229*213<\/td>\n<\/tr>\n<tr>\n<td>Os support<\/td>\n<\/tr>\n<tr>\n<td>Windows 11 64-bit<\/td>\n<\/tr>\n<\/table>\n","protected":false},"excerpt":{"rendered":"<p>Windows 11 workable support. Diseno de alimentacion por 8 fases. Diseno aplicado de capacitores 100% solidos para maximizar la fiabilidad del componente. Esd protection prevents computers from electrostatic discharge damage to enhance. Its durability and lifespan<\/p>\n","protected":false},"featured_media":267644,"comment_status":"open","ping_status":"open","template":"","meta":[],"product_cat":[2025,1727],"product_tag":[1733],"acf":[],"yoast_head":"<!-- This site is optimized with the Yoast SEO plugin v21.7 - https:\/\/yoast.com\/wordpress\/plugins\/seo\/ -->\n<title>[ Ecs ] &#129351; H610h7-m2,4711064009583,881038053639 Mb H610 S-1700 12a Gen \/ 2x Ddr4 3200 \/ Pcie 4.0 \/ 4x Usb 3.2 \/ Hdmi \/ Dp \/ Matx \/ Gama Basica<\/title>\n<meta name=\"description\" content=\"Compra H610h7-m2,4711064009583,881038053639 Mb H610 S-1700 12a Gen \/ 2x Ddr4 3200 \/ Pcie 4.0 \/ 4x Usb 3.2 \/ Hdmi \/ Dp \/ Matx \/ Gama Basica + Env\u00edo a domicilio + Pago seguro + Garant\u00eda\" \/>\n<meta name=\"robots\" content=\"index, follow, max-snippet:-1, max-image-preview:large, max-video-preview:-1\" \/>\n<link rel=\"canonical\" href=\"https:\/\/compuviper.mx\/tienda\/producto\/ecs-h610h7-m24711064009583881038053639-mb-h610-s-1700-12a-gen-2x-ddr4-3200-pcie-4-0-4x-usb-3-2-hdmi-dp-matx-gama-basica\/\" \/>\n<meta property=\"og:locale\" content=\"es_MX\" \/>\n<meta property=\"og:type\" content=\"article\" \/>\n<meta property=\"og:title\" content=\"[ Ecs ] &#129351; H610h7-m2,4711064009583,881038053639 Mb H610 S-1700 12a Gen \/ 2x Ddr4 3200 \/ Pcie 4.0 \/ 4x Usb 3.2 \/ Hdmi \/ Dp \/ Matx \/ Gama Basica\" \/>\n<meta property=\"og:description\" content=\"Compra H610h7-m2,4711064009583,881038053639 Mb H610 S-1700 12a Gen \/ 2x Ddr4 3200 \/ Pcie 4.0 \/ 4x Usb 3.2 \/ Hdmi \/ Dp \/ Matx \/ Gama Basica + Env\u00edo a domicilio + Pago seguro + Garant\u00eda\" \/>\n<meta property=\"og:url\" content=\"https:\/\/compuviper.mx\/tienda\/producto\/ecs-h610h7-m24711064009583881038053639-mb-h610-s-1700-12a-gen-2x-ddr4-3200-pcie-4-0-4x-usb-3-2-hdmi-dp-matx-gama-basica\/\" \/>\n<meta property=\"og:site_name\" content=\"Compuviper\" \/>\n<meta property=\"article:publisher\" content=\"https:\/\/www.facebook.com\/compuviper\" \/>\n<meta property=\"og:image\" content=\"https:\/\/compuviper.mx\/tienda\/wp-content\/uploads\/2026\/03\/Mb-ecs-h610-s-1700-12a-gen-2x-ddr4-3200-pcie-4.0-4x-usb-3.2-hdmi-dp-matx-gama-basica.jpg\" \/>\n\t<meta property=\"og:image:width\" content=\"200\" \/>\n\t<meta property=\"og:image:height\" content=\"200\" \/>\n\t<meta property=\"og:image:type\" content=\"image\/jpeg\" \/>\n<meta name=\"twitter:card\" content=\"summary_large_image\" \/>\n<meta name=\"twitter:label1\" content=\"Precio\" \/>\n\t<meta name=\"twitter:data1\" content=\"&#36;1,004 con IVA\" \/>\n\t<meta name=\"twitter:label2\" content=\"Availability\" \/>\n\t<meta name=\"twitter:data2\" content=\"In stock\" \/>\n<script type=\"application\/ld+json\" class=\"yoast-schema-graph\">{\"@context\":\"https:\/\/schema.org\",\"@graph\":[{\"@type\":\"WebPage\",\"@id\":\"https:\/\/compuviper.mx\/tienda\/producto\/ecs-h610h7-m24711064009583881038053639-mb-h610-s-1700-12a-gen-2x-ddr4-3200-pcie-4-0-4x-usb-3-2-hdmi-dp-matx-gama-basica\/\",\"url\":\"https:\/\/compuviper.mx\/tienda\/producto\/ecs-h610h7-m24711064009583881038053639-mb-h610-s-1700-12a-gen-2x-ddr4-3200-pcie-4-0-4x-usb-3-2-hdmi-dp-matx-gama-basica\/\",\"name\":\"[ Ecs ] &#129351; H610h7-m2,4711064009583,881038053639 Mb H610 S-1700 12a Gen \/ 2x Ddr4 3200 \/ Pcie 4.0 \/ 4x Usb 3.2 \/ Hdmi \/ Dp \/ Matx \/ Gama Basica\",\"isPartOf\":{\"@id\":\"https:\/\/compuviper.mx\/tienda\/#website\"},\"datePublished\":\"2026-04-16T06:45:58+00:00\",\"dateModified\":\"2026-04-16T06:45:58+00:00\",\"description\":\"Compra H610h7-m2,4711064009583,881038053639 Mb H610 S-1700 12a Gen \/ 2x Ddr4 3200 \/ Pcie 4.0 \/ 4x Usb 3.2 \/ Hdmi \/ Dp \/ Matx \/ Gama Basica + Env\u00edo a domicilio + Pago seguro + Garant\u00eda\",\"breadcrumb\":{\"@id\":\"https:\/\/compuviper.mx\/tienda\/producto\/ecs-h610h7-m24711064009583881038053639-mb-h610-s-1700-12a-gen-2x-ddr4-3200-pcie-4-0-4x-usb-3-2-hdmi-dp-matx-gama-basica\/#breadcrumb\"},\"inLanguage\":\"es-MX\",\"potentialAction\":[{\"@type\":\"ReadAction\",\"target\":[\"https:\/\/compuviper.mx\/tienda\/producto\/ecs-h610h7-m24711064009583881038053639-mb-h610-s-1700-12a-gen-2x-ddr4-3200-pcie-4-0-4x-usb-3-2-hdmi-dp-matx-gama-basica\/\"]}]},{\"@type\":\"BreadcrumbList\",\"@id\":\"https:\/\/compuviper.mx\/tienda\/producto\/ecs-h610h7-m24711064009583881038053639-mb-h610-s-1700-12a-gen-2x-ddr4-3200-pcie-4-0-4x-usb-3-2-hdmi-dp-matx-gama-basica\/#breadcrumb\",\"itemListElement\":[{\"@type\":\"ListItem\",\"position\":1,\"name\":\"Inicio\",\"item\":\"https:\/\/compuviper.mx\/tienda\/\"},{\"@type\":\"ListItem\",\"position\":2,\"name\":\"Productos\",\"item\":\"https:\/\/compuviper.mx\/tienda\/productos\/\"},{\"@type\":\"ListItem\",\"position\":3,\"name\":\"Tarjeta Madre\",\"item\":\"https:\/\/compuviper.mx\/tienda\/categoria-producto\/tarjeta-madre\/\"},{\"@type\":\"ListItem\",\"position\":4,\"name\":\"Sin Categor\u00eda\",\"item\":\"https:\/\/compuviper.mx\/tienda\/categoria-producto\/tarjeta-madre\/sin-categoria-tarjeta-madre\/\"},{\"@type\":\"ListItem\",\"position\":5,\"name\":\"Ecs H610h7-m2,4711064009583,881038053639 Mb H610 S-1700 12a Gen \/ 2x Ddr4 3200 \/ Pcie 4.0 \/ 4x Usb 3.2 \/ Hdmi \/ Dp \/ Matx \/ Gama Basica\"}]},{\"@type\":\"WebSite\",\"@id\":\"https:\/\/compuviper.mx\/tienda\/#website\",\"url\":\"https:\/\/compuviper.mx\/tienda\/\",\"name\":\"Compuviper\",\"description\":\"Proveedor de Computadoras, Laptops, Servidores, Monitores, Puntos de Venta, Teclados,   Impresoras, T\u00f3ner, C\u00e1maras de Seguridad y m\u00e1s en tu tienda en l\u00ednea\",\"publisher\":{\"@id\":\"https:\/\/compuviper.mx\/tienda\/#organization\"},\"potentialAction\":[{\"@type\":\"SearchAction\",\"target\":{\"@type\":\"EntryPoint\",\"urlTemplate\":\"https:\/\/compuviper.mx\/tienda\/?s={search_term_string}\"},\"query-input\":\"required name=search_term_string\"}],\"inLanguage\":\"es-MX\"},{\"@type\":\"Organization\",\"@id\":\"https:\/\/compuviper.mx\/tienda\/#organization\",\"name\":\"Compuviper\",\"url\":\"https:\/\/compuviper.mx\/tienda\/\",\"logo\":{\"@type\":\"ImageObject\",\"inLanguage\":\"es-MX\",\"@id\":\"https:\/\/compuviper.mx\/tienda\/#\/schema\/logo\/image\/\",\"url\":\"https:\/\/compuviper.mx\/tienda\/wp-content\/uploads\/2021\/08\/Logo-Compuviper-10.png\",\"contentUrl\":\"https:\/\/compuviper.mx\/tienda\/wp-content\/uploads\/2021\/08\/Logo-Compuviper-10.png\",\"width\":1000,\"height\":500,\"caption\":\"Compuviper\"},\"image\":{\"@id\":\"https:\/\/compuviper.mx\/tienda\/#\/schema\/logo\/image\/\"},\"sameAs\":[\"https:\/\/www.facebook.com\/compuviper\",\"https:\/\/www.youtube.com\/channel\/UCf73dERp9Y3cfOq7q8BhLjA?view_as=subscriber\"]}]}<\/script>\n<meta property=\"product:brand\" content=\"ECS\" \/>\n<meta property=\"product:price:amount\" content=\"1004\" \/>\n<meta property=\"product:price:currency\" content=\"MXN\" \/>\n<meta property=\"og:availability\" content=\"instock\" \/>\n<meta property=\"product:availability\" content=\"instock\" \/>\n<meta property=\"product:retailer_item_id\" content=\"H610H7-M2,4711064009583,881038053639\" \/>\n<meta property=\"product:condition\" content=\"new\" \/>\n<!-- \/ Yoast SEO plugin. -->","yoast_head_json":{"title":"[ Ecs ] &#129351; H610h7-m2,4711064009583,881038053639 Mb H610 S-1700 12a Gen \/ 2x Ddr4 3200 \/ Pcie 4.0 \/ 4x Usb 3.2 \/ Hdmi \/ Dp \/ Matx \/ Gama Basica","description":"Compra H610h7-m2,4711064009583,881038053639 Mb H610 S-1700 12a Gen \/ 2x Ddr4 3200 \/ Pcie 4.0 \/ 4x Usb 3.2 \/ Hdmi \/ Dp \/ Matx \/ Gama Basica + Env\u00edo a domicilio + Pago seguro + Garant\u00eda","robots":{"index":"index","follow":"follow","max-snippet":"max-snippet:-1","max-image-preview":"max-image-preview:large","max-video-preview":"max-video-preview:-1"},"canonical":"https:\/\/compuviper.mx\/tienda\/producto\/ecs-h610h7-m24711064009583881038053639-mb-h610-s-1700-12a-gen-2x-ddr4-3200-pcie-4-0-4x-usb-3-2-hdmi-dp-matx-gama-basica\/","og_locale":"es_MX","og_type":"article","og_title":"[ Ecs ] &#129351; H610h7-m2,4711064009583,881038053639 Mb H610 S-1700 12a Gen \/ 2x Ddr4 3200 \/ Pcie 4.0 \/ 4x Usb 3.2 \/ Hdmi \/ Dp \/ Matx \/ Gama Basica","og_description":"Compra H610h7-m2,4711064009583,881038053639 Mb H610 S-1700 12a Gen \/ 2x Ddr4 3200 \/ Pcie 4.0 \/ 4x Usb 3.2 \/ Hdmi \/ Dp \/ Matx \/ Gama Basica + Env\u00edo a domicilio + Pago seguro + Garant\u00eda","og_url":"https:\/\/compuviper.mx\/tienda\/producto\/ecs-h610h7-m24711064009583881038053639-mb-h610-s-1700-12a-gen-2x-ddr4-3200-pcie-4-0-4x-usb-3-2-hdmi-dp-matx-gama-basica\/","og_site_name":"Compuviper","article_publisher":"https:\/\/www.facebook.com\/compuviper","og_image":[{"width":200,"height":200,"url":"https:\/\/compuviper.mx\/tienda\/wp-content\/uploads\/2026\/03\/Mb-ecs-h610-s-1700-12a-gen-2x-ddr4-3200-pcie-4.0-4x-usb-3.2-hdmi-dp-matx-gama-basica.jpg","type":"image\/jpeg"}],"twitter_card":"summary_large_image","twitter_misc":{"Precio":"&#36;1,004 con IVA","Availability":"In stock"},"schema":{"@context":"https:\/\/schema.org","@graph":[{"@type":"WebPage","@id":"https:\/\/compuviper.mx\/tienda\/producto\/ecs-h610h7-m24711064009583881038053639-mb-h610-s-1700-12a-gen-2x-ddr4-3200-pcie-4-0-4x-usb-3-2-hdmi-dp-matx-gama-basica\/","url":"https:\/\/compuviper.mx\/tienda\/producto\/ecs-h610h7-m24711064009583881038053639-mb-h610-s-1700-12a-gen-2x-ddr4-3200-pcie-4-0-4x-usb-3-2-hdmi-dp-matx-gama-basica\/","name":"[ Ecs ] &#129351; H610h7-m2,4711064009583,881038053639 Mb H610 S-1700 12a Gen \/ 2x Ddr4 3200 \/ Pcie 4.0 \/ 4x Usb 3.2 \/ Hdmi \/ Dp \/ Matx \/ Gama Basica","isPartOf":{"@id":"https:\/\/compuviper.mx\/tienda\/#website"},"datePublished":"2026-04-16T06:45:58+00:00","dateModified":"2026-04-16T06:45:58+00:00","description":"Compra H610h7-m2,4711064009583,881038053639 Mb H610 S-1700 12a Gen \/ 2x Ddr4 3200 \/ Pcie 4.0 \/ 4x Usb 3.2 \/ Hdmi \/ Dp \/ Matx \/ Gama Basica + Env\u00edo a domicilio + Pago seguro + Garant\u00eda","breadcrumb":{"@id":"https:\/\/compuviper.mx\/tienda\/producto\/ecs-h610h7-m24711064009583881038053639-mb-h610-s-1700-12a-gen-2x-ddr4-3200-pcie-4-0-4x-usb-3-2-hdmi-dp-matx-gama-basica\/#breadcrumb"},"inLanguage":"es-MX","potentialAction":[{"@type":"ReadAction","target":["https:\/\/compuviper.mx\/tienda\/producto\/ecs-h610h7-m24711064009583881038053639-mb-h610-s-1700-12a-gen-2x-ddr4-3200-pcie-4-0-4x-usb-3-2-hdmi-dp-matx-gama-basica\/"]}]},{"@type":"BreadcrumbList","@id":"https:\/\/compuviper.mx\/tienda\/producto\/ecs-h610h7-m24711064009583881038053639-mb-h610-s-1700-12a-gen-2x-ddr4-3200-pcie-4-0-4x-usb-3-2-hdmi-dp-matx-gama-basica\/#breadcrumb","itemListElement":[{"@type":"ListItem","position":1,"name":"Inicio","item":"https:\/\/compuviper.mx\/tienda\/"},{"@type":"ListItem","position":2,"name":"Productos","item":"https:\/\/compuviper.mx\/tienda\/productos\/"},{"@type":"ListItem","position":3,"name":"Tarjeta Madre","item":"https:\/\/compuviper.mx\/tienda\/categoria-producto\/tarjeta-madre\/"},{"@type":"ListItem","position":4,"name":"Sin Categor\u00eda","item":"https:\/\/compuviper.mx\/tienda\/categoria-producto\/tarjeta-madre\/sin-categoria-tarjeta-madre\/"},{"@type":"ListItem","position":5,"name":"Ecs H610h7-m2,4711064009583,881038053639 Mb H610 S-1700 12a Gen \/ 2x Ddr4 3200 \/ Pcie 4.0 \/ 4x Usb 3.2 \/ Hdmi \/ Dp \/ Matx \/ Gama Basica"}]},{"@type":"WebSite","@id":"https:\/\/compuviper.mx\/tienda\/#website","url":"https:\/\/compuviper.mx\/tienda\/","name":"Compuviper","description":"Proveedor de Computadoras, Laptops, Servidores, Monitores, Puntos de Venta, Teclados,   Impresoras, T\u00f3ner, C\u00e1maras de Seguridad y m\u00e1s en tu tienda en l\u00ednea","publisher":{"@id":"https:\/\/compuviper.mx\/tienda\/#organization"},"potentialAction":[{"@type":"SearchAction","target":{"@type":"EntryPoint","urlTemplate":"https:\/\/compuviper.mx\/tienda\/?s={search_term_string}"},"query-input":"required name=search_term_string"}],"inLanguage":"es-MX"},{"@type":"Organization","@id":"https:\/\/compuviper.mx\/tienda\/#organization","name":"Compuviper","url":"https:\/\/compuviper.mx\/tienda\/","logo":{"@type":"ImageObject","inLanguage":"es-MX","@id":"https:\/\/compuviper.mx\/tienda\/#\/schema\/logo\/image\/","url":"https:\/\/compuviper.mx\/tienda\/wp-content\/uploads\/2021\/08\/Logo-Compuviper-10.png","contentUrl":"https:\/\/compuviper.mx\/tienda\/wp-content\/uploads\/2021\/08\/Logo-Compuviper-10.png","width":1000,"height":500,"caption":"Compuviper"},"image":{"@id":"https:\/\/compuviper.mx\/tienda\/#\/schema\/logo\/image\/"},"sameAs":["https:\/\/www.facebook.com\/compuviper","https:\/\/www.youtube.com\/channel\/UCf73dERp9Y3cfOq7q8BhLjA?view_as=subscriber"]}]},"product_brand":"ECS","product_price_amount":"1004","product_price_currency":"MXN","og_availability":"instock","product_availability":"instock","product_retailer_item_id":"H610H7-M2,4711064009583,881038053639","product_condition":"new"},"_links":{"self":[{"href":"https:\/\/compuviper.mx\/tienda\/wp-json\/wp\/v2\/product\/267643"}],"collection":[{"href":"https:\/\/compuviper.mx\/tienda\/wp-json\/wp\/v2\/product"}],"about":[{"href":"https:\/\/compuviper.mx\/tienda\/wp-json\/wp\/v2\/types\/product"}],"replies":[{"embeddable":true,"href":"https:\/\/compuviper.mx\/tienda\/wp-json\/wp\/v2\/comments?post=267643"}],"wp:featuredmedia":[{"embeddable":true,"href":"https:\/\/compuviper.mx\/tienda\/wp-json\/wp\/v2\/media\/267644"}],"wp:attachment":[{"href":"https:\/\/compuviper.mx\/tienda\/wp-json\/wp\/v2\/media?parent=267643"}],"wp:term":[{"taxonomy":"product_cat","embeddable":true,"href":"https:\/\/compuviper.mx\/tienda\/wp-json\/wp\/v2\/product_cat?post=267643"},{"taxonomy":"product_tag","embeddable":true,"href":"https:\/\/compuviper.mx\/tienda\/wp-json\/wp\/v2\/product_tag?post=267643"}],"curies":[{"name":"wp","href":"https:\/\/api.w.org\/{rel}","templated":true}]}}