{"id":267641,"date":"2026-04-25T23:18:48","date_gmt":"2026-04-26T05:18:48","guid":{"rendered":"https:\/\/compuviper.mx\/tienda\/producto\/asus-oem-prime-a520m-a-ii-csm-mb-asus-a520-amd-s-am4-5a-gen-4x-ddr4-2800-dp-hdmi-d-sub-m-2-4x-usb3-2-micro-atx-gama-basica-csm\/"},"modified":"2026-04-26T00:00:44","modified_gmt":"2026-04-26T06:00:44","slug":"asus-oem-prime-a520m-a-ii-csm-mb-asus-a520-amd-s-am4-5a-gen-4x-ddr4-2800-dp-hdmi-d-sub-m-2-4x-usb3-2-micro-atx-gama-basica-csm","status":"publish","type":"product","link":"https:\/\/compuviper.mx\/tienda\/producto\/asus-oem-prime-a520m-a-ii-csm-mb-asus-a520-amd-s-am4-5a-gen-4x-ddr4-2800-dp-hdmi-d-sub-m-2-4x-usb3-2-micro-atx-gama-basica-csm\/","title":{"rendered":"Asus Oem Prime A520m-a Ii\/csm Mb Asus A520 Amd S-am4 5a Gen\/4x Ddr4 2800\/dp\/hdmi\/d-sub\/m.2\/4x Usb3.2\/micro Atx\/gama Basica\/csm"},"content":{"rendered":"<table class=\"descripcion\">\n<tr>\n<td>Cpu<\/td>\n<\/tr>\n<tr>\n<td>Amd ryzen\u0099 5000 series\/ 5000 g-series\/ 4000 g-series\/ 3000 series desktop processors<\/td>\n<\/tr>\n<tr>\n<td>* refer to www.asus.com for cpu support list<\/td>\n<\/tr>\n<tr>\n<td>Chipset<\/td>\n<\/tr>\n<tr>\n<td>A520<\/td>\n<\/tr>\n<tr>\n<td>Memoria<\/td>\n<\/tr>\n<tr>\n<td>Canales de memoria:4 x dimm, max. 128gb, ddr4<\/td>\n<\/tr>\n<tr>\n<td>4800(oc)\/4600(oc)\/4466(oc)\/4400(oc)\/4266(oc)\/4133(oc)\/4000(oc)\/3866(oc)\/3733(oc)\/3600(oc)\/3466(oc)\/3333(oc)\/3200\/3000\/2800\/2666\/2400\/2133 mhz, un-buffered memory*<\/td>\n<\/tr>\n<tr>\n<td>Dual channel memory architecture<\/td>\n<\/tr>\n<tr>\n<td>*ecc memory (ecc mode) support varies by cpu.<\/td>\n<\/tr>\n<tr>\n<td>* refer to www.asus.com for the memory qvl (qualified vendors lists), and memory frequency support depends on the cpu types.<\/td>\n<\/tr>\n<tr>\n<td>Gr\u00e1ficos<\/td>\n<\/tr>\n<tr>\n<td>1 x displayport 1.2<\/td>\n<\/tr>\n<tr>\n<td>1 x d-sub<\/td>\n<\/tr>\n<tr>\n<td>1 x hdmi\u00ae port***<\/td>\n<\/tr>\n<tr>\n<td>* graphics specifications may vary between cpu types<\/td>\n<\/tr>\n<tr>\n<td>Ranuras de expansi\u00f3n<\/td>\n<\/tr>\n<tr>\n<td>Amd ryzen\u0099 5000 series\/ 5000 g-series\/ 4000 g-series\/ 3000 series desktop processors<\/td>\n<\/tr>\n<tr>\n<td>1 x pcie 3.0 x16 slot (supports x16 mode)<\/td>\n<\/tr>\n<tr>\n<td>Amd a520 chipset<\/td>\n<\/tr>\n<tr>\n<td>2 x pcie 3.0 x1 slots<\/td>\n<\/tr>\n<tr>\n<td>Almacenamiento<\/td>\n<\/tr>\n<tr>\n<td>Supports 1 x m.2 slot and 4 x sata 6gb\/s ports<\/td>\n<\/tr>\n<tr>\n<td>Amd ryzen\u0099 5000 series\/ 5000 g-series\/ 4000 g-series\/ 3000 series desktop processors<\/td>\n<\/tr>\n<tr>\n<td>M.2 slot (key m), type 2242\/2260\/2280 (supports pcie 3.0 x4  and  sata modes)<\/td>\n<\/tr>\n<tr>\n<td>Amd a520 chipset<\/td>\n<\/tr>\n<tr>\n<td>4 x sata 6gb\/s ports<\/td>\n<\/tr>\n<tr>\n<td>Support raid 0, 1, 10<\/td>\n<\/tr>\n<tr>\n<td>Usb<\/td>\n<\/tr>\n<tr>\n<td>Usb trasero:total 6 ports<\/td>\n<\/tr>\n<tr>\n<td>4 x usb 3.2 gen 1 ports (4 x type-a)<\/td>\n<\/tr>\n<tr>\n<td>2 x usb 2.0 ports (2 x type-a)<\/td>\n<\/tr>\n<tr>\n<td>Usb frontal:front usb port ( total 6 )<\/td>\n<\/tr>\n<tr>\n<td>1 x usb 3.2 gen 1 header supports additional 2 usb 3.2 gen 1 ports<\/td>\n<\/tr>\n<tr>\n<td>2 x usb 2.0 headers support additional 4 usb 2.0 ports<\/td>\n<\/tr>\n<tr>\n<td>Audio<\/td>\n<\/tr>\n<tr>\n<td>Alc887\/897<\/td>\n<\/tr>\n<tr>\n<td>Realtek alc887\/897 7.1 surround sound high definition audio codec*<\/td>\n<\/tr>\n<tr>\n<td>&#8211; supports : jack detection, multi-streaming, front panel jack-retasking<\/td>\n<\/tr>\n<tr>\n<td>&#8211; supports up to 24-bit\/192 khz playback<\/td>\n<\/tr>\n<tr>\n<td>Audio features<\/td>\n<\/tr>\n<tr>\n<td>&#8211; audio shielding<\/td>\n<\/tr>\n<tr>\n<td>&#8211; premium japanese audio capacitors<\/td>\n<\/tr>\n<tr>\n<td>&#8211; dedicated audio pcb layers<\/td>\n<\/tr>\n<tr>\n<td>*a chassis with an hd audio module in the front panel is required to support 7.1 surround sound audio output.<\/td>\n<\/tr>\n<tr>\n<td>Puertos e\/s traseros<\/td>\n<\/tr>\n<tr>\n<td>4 x usb 3.2 gen 1 ports (4 x type-a)<\/td>\n<\/tr>\n<tr>\n<td>2 x usb 2.0 ports (2 x type-a)<\/td>\n<\/tr>\n<tr>\n<td>1 x displayport<\/td>\n<\/tr>\n<tr>\n<td>1 x hdmitm port<\/td>\n<\/tr>\n<tr>\n<td>1 x d-sub<\/td>\n<\/tr>\n<tr>\n<td>1 x realtek 1gb ethernet port<\/td>\n<\/tr>\n<tr>\n<td>3 x audio jacks<\/td>\n<\/tr>\n<tr>\n<td>1 x ps\/2 keyboard\/mouse combo port<\/td>\n<\/tr>\n<tr>\n<td>Puertos internos<\/td>\n<\/tr>\n<tr>\n<td>Fan and cooling related<\/td>\n<\/tr>\n<tr>\n<td>1 x 4-pin cpu fan header<\/td>\n<\/tr>\n<tr>\n<td>2 x 4-pin chassis fan headers<\/td>\n<\/tr>\n<tr>\n<td>Power related<\/td>\n<\/tr>\n<tr>\n<td>1 x 24-pin main power connector<\/td>\n<\/tr>\n<tr>\n<td>1 x 8-pin +12v power connector<\/td>\n<\/tr>\n<tr>\n<td>Storage related<\/td>\n<\/tr>\n<tr>\n<td>1 x m.2 slot (key m)<\/td>\n<\/tr>\n<tr>\n<td>4 x sata 6gb\/s ports<\/td>\n<\/tr>\n<tr>\n<td>Usb<\/td>\n<\/tr>\n<tr>\n<td>1 x usb 3.2 gen 1 header supports additional 2 usb 3.2 gen 1 ports<\/td>\n<\/tr>\n<tr>\n<td>2 x usb 2.0 headers support additional 4 usb 2.0 ports<\/td>\n<\/tr>\n<tr>\n<td>Miscellaneous<\/td>\n<\/tr>\n<tr>\n<td>2 x aura addressable gen 2 header<\/td>\n<\/tr>\n<tr>\n<td>2 x aura rgb headers<\/td>\n<\/tr>\n<tr>\n<td>1 x clear cmos header<\/td>\n<\/tr>\n<tr>\n<td>1 x com port header<\/td>\n<\/tr>\n<tr>\n<td>1 x front panel audio header (aafp)<\/td>\n<\/tr>\n<tr>\n<td>1 x s\/pdif out header<\/td>\n<\/tr>\n<tr>\n<td>1 x speaker header<\/td>\n<\/tr>\n<tr>\n<td>1 x spi tpm header (14-1pin)<\/td>\n<\/tr>\n<tr>\n<td>1 x 10-1 pin system panel header<\/td>\n<\/tr>\n<tr>\n<td>Funciones especiales de asus<\/td>\n<\/tr>\n<tr>\n<td>Asus 5x protection iii<\/td>\n<\/tr>\n<tr>\n<td>&#8211; digi+ vrm<\/td>\n<\/tr>\n<tr>\n<td>&#8211; languard<\/td>\n<\/tr>\n<tr>\n<td>&#8211; overvoltage protection<\/td>\n<\/tr>\n<tr>\n<td>&#8211; safeslot core<\/td>\n<\/tr>\n<tr>\n<td>&#8211; stainless-steel back i\/o<\/td>\n<\/tr>\n<tr>\n<td>Asus q-design<\/td>\n<\/tr>\n<tr>\n<td>&#8211; asus q-dimm<\/td>\n<\/tr>\n<tr>\n<td>&#8211; asus q-slot<\/td>\n<\/tr>\n<tr>\n<td>Asus thermal solution<\/td>\n<\/tr>\n<tr>\n<td>&#8211; vrm heatsink design<\/td>\n<\/tr>\n<tr>\n<td>Aura sync<\/td>\n<\/tr>\n<tr>\n<td>&#8211; aura rgb headers<\/td>\n<\/tr>\n<tr>\n<td>&#8211; addressable gen 2 rgb headers<\/td>\n<\/tr>\n<tr>\n<td>Software<\/td>\n<\/tr>\n<tr>\n<td>Asus exclusive software<\/td>\n<\/tr>\n<tr>\n<td>Armoury crate<\/td>\n<\/tr>\n<tr>\n<td>&#8211; aura creator<\/td>\n<\/tr>\n<tr>\n<td>&#8211; aura sync<\/td>\n<\/tr>\n<tr>\n<td>Ai suite 3<\/td>\n<\/tr>\n<tr>\n<td>&#8211; performance and power saving utility<\/td>\n<\/tr>\n<tr>\n<td>Turbov evo<\/td>\n<\/tr>\n<tr>\n<td>Epu<\/td>\n<\/tr>\n<tr>\n<td>Digi+ vrm<\/td>\n<\/tr>\n<tr>\n<td>Fan xpert 2+<\/td>\n<\/tr>\n<tr>\n<td>&#8211; ez update<\/td>\n<\/tr>\n<tr>\n<td>Asus cpu-z<\/td>\n<\/tr>\n<tr>\n<td>Ai charger<\/td>\n<\/tr>\n<tr>\n<td>Daemon tools<\/td>\n<\/tr>\n<tr>\n<td>Norton anti-virus software (free trial version)<\/td>\n<\/tr>\n<tr>\n<td>Winrar<\/td>\n<\/tr>\n<tr>\n<td>Uefi bios<\/td>\n<\/tr>\n<tr>\n<td>Asus ez diy<\/td>\n<\/tr>\n<tr>\n<td>&#8211; asus crashfree bios 3<\/td>\n<\/tr>\n<tr>\n<td>&#8211; asus ez flash 3<\/td>\n<\/tr>\n<tr>\n<td>&#8211; asus uefi bios ez mode<\/td>\n<\/tr>\n<tr>\n<td>Bios<\/td>\n<\/tr>\n<tr>\n<td>128 mb flash rom, uefi ami bios<\/td>\n<\/tr>\n<tr>\n<td>Manejabilidad<\/td>\n<\/tr>\n<tr>\n<td>Wol by pme, pxe<\/td>\n<\/tr>\n<tr>\n<td>Accesorios<\/td>\n<\/tr>\n<tr>\n<td>Cables<\/td>\n<\/tr>\n<tr>\n<td>2 x sata 6gb\/s cables<\/td>\n<\/tr>\n<tr>\n<td>Miscellaneous<\/td>\n<\/tr>\n<tr>\n<td>1 x i\/o shield<\/td>\n<\/tr>\n<tr>\n<td>1 x m.2 ssd screw package<\/td>\n<\/tr>\n<tr>\n<td>Installation media<\/td>\n<\/tr>\n<tr>\n<td>1 x support dvd<\/td>\n<\/tr>\n<tr>\n<td>Documentation<\/td>\n<\/tr>\n<tr>\n<td>1 x user manual<\/td>\n<\/tr>\n<tr>\n<td>Sistema operativo<\/td>\n<\/tr>\n<tr>\n<td>Windows\u00ae 10 64-bit<\/td>\n<\/tr>\n<tr>\n<td>Windows\u00ae 7 64-bit *1<\/td>\n<\/tr>\n<tr>\n<td>Factor de forma<\/td>\n<\/tr>\n<tr>\n<td>Matx<\/td>\n<\/tr>\n<tr>\n<td>9.6 inch x 9.6 inch ( 24.4 cm x 24.4 cm )<\/td>\n<\/tr>\n<\/table>\n","protected":false},"excerpt":{"rendered":"<p>Tarjeta madre micro atx amd a520 (ryzen am4) con m.2, dp, hdmi, d-sub, sata 6 gbps, puertos usb 3.2 gen 1 y compatibilidad con iluminaci\u00f3n aura sync rgb. Socket amd am4: listo para procesadores de escritorio ryzen\u0099 5000 series \/ 5000 g-series \/ 4000 g-series \/ 3000 series. Refrigeraci\u00f3n completa: disipador de calor vrm, disipador de calor pch y fan xpert 2+. Conectividad ultrarr\u00e1pida: compatibilidad con m.2, ethernet de 1 gb, usb 3.2 gen 1 tipo a. Aura sync rgb: puertos rgb integrados y puertos gen 2 direccionables para tiras de led rgb, que se sincronizan f\u00e1cilmente con hardware compatible con aura sync. Asus control center express (acce) para una gesti\u00f3n de terminales de ti m\u00e1s sencilla.<\/p>\n","protected":false},"featured_media":267642,"comment_status":"open","ping_status":"open","template":"","meta":[],"product_cat":[1734,1727],"product_tag":[2096],"acf":[],"yoast_head":"<!-- This site is optimized with the Yoast SEO plugin v21.7 - https:\/\/yoast.com\/wordpress\/plugins\/seo\/ -->\n<title>[ Asus Oem ] &#129351; Prime A520m-a Ii\/csm Mb Asus A520 Amd S-am4 5a Gen\/4x Ddr4 2800\/dp\/hdmi\/d-sub\/m.2\/4x Usb3.2\/micro Atx\/gama Basica\/csm<\/title>\n<meta name=\"description\" content=\"Compra Prime A520m-a Ii\/csm Mb Asus A520 Amd S-am4 5a Gen\/4x Ddr4 2800\/dp\/hdmi\/d-sub\/m.2\/4x Usb3.2\/micro Atx\/gama Basica\/csm + Env\u00edo a domicilio + Pago seguro + Garant\u00eda\" \/>\n<meta name=\"robots\" content=\"index, follow, max-snippet:-1, max-image-preview:large, max-video-preview:-1\" \/>\n<link rel=\"canonical\" href=\"https:\/\/compuviper.mx\/tienda\/producto\/asus-oem-prime-a520m-a-ii-csm-mb-asus-a520-amd-s-am4-5a-gen-4x-ddr4-2800-dp-hdmi-d-sub-m-2-4x-usb3-2-micro-atx-gama-basica-csm\/\" \/>\n<meta property=\"og:locale\" content=\"es_MX\" \/>\n<meta property=\"og:type\" content=\"article\" \/>\n<meta property=\"og:title\" content=\"[ Asus Oem ] &#129351; Prime A520m-a Ii\/csm Mb Asus A520 Amd S-am4 5a Gen\/4x Ddr4 2800\/dp\/hdmi\/d-sub\/m.2\/4x Usb3.2\/micro Atx\/gama Basica\/csm\" \/>\n<meta property=\"og:description\" content=\"Compra Prime A520m-a Ii\/csm Mb Asus A520 Amd S-am4 5a Gen\/4x Ddr4 2800\/dp\/hdmi\/d-sub\/m.2\/4x Usb3.2\/micro Atx\/gama Basica\/csm + Env\u00edo a domicilio + Pago seguro + Garant\u00eda\" \/>\n<meta property=\"og:url\" content=\"https:\/\/compuviper.mx\/tienda\/producto\/asus-oem-prime-a520m-a-ii-csm-mb-asus-a520-amd-s-am4-5a-gen-4x-ddr4-2800-dp-hdmi-d-sub-m-2-4x-usb3-2-micro-atx-gama-basica-csm\/\" \/>\n<meta property=\"og:site_name\" content=\"Compuviper\" \/>\n<meta property=\"article:publisher\" content=\"https:\/\/www.facebook.com\/compuviper\" \/>\n<meta property=\"article:modified_time\" content=\"2026-04-26T06:00:44+00:00\" \/>\n<meta property=\"og:image\" content=\"https:\/\/compuviper.mx\/tienda\/wp-content\/uploads\/2026\/03\/Mb-asus-a520-amd-s-am4-5a-gen4x-ddr4-2800dphdmid-subm.24x-usb3.2micro-atxgama-basicacsm.jpg\" \/>\n\t<meta property=\"og:image:width\" content=\"200\" \/>\n\t<meta property=\"og:image:height\" content=\"200\" \/>\n\t<meta property=\"og:image:type\" content=\"image\/jpeg\" \/>\n<meta name=\"twitter:card\" content=\"summary_large_image\" \/>\n<meta name=\"twitter:label1\" content=\"Precio\" \/>\n\t<meta name=\"twitter:data1\" content=\"&#36;946 con IVA\" \/>\n\t<meta name=\"twitter:label2\" content=\"Availability\" \/>\n\t<meta name=\"twitter:data2\" content=\"In stock\" \/>\n<script type=\"application\/ld+json\" class=\"yoast-schema-graph\">{\"@context\":\"https:\/\/schema.org\",\"@graph\":[{\"@type\":\"WebPage\",\"@id\":\"https:\/\/compuviper.mx\/tienda\/producto\/asus-oem-prime-a520m-a-ii-csm-mb-asus-a520-amd-s-am4-5a-gen-4x-ddr4-2800-dp-hdmi-d-sub-m-2-4x-usb3-2-micro-atx-gama-basica-csm\/\",\"url\":\"https:\/\/compuviper.mx\/tienda\/producto\/asus-oem-prime-a520m-a-ii-csm-mb-asus-a520-amd-s-am4-5a-gen-4x-ddr4-2800-dp-hdmi-d-sub-m-2-4x-usb3-2-micro-atx-gama-basica-csm\/\",\"name\":\"[ Asus Oem ] &#129351; Prime A520m-a Ii\/csm Mb Asus A520 Amd S-am4 5a Gen\/4x Ddr4 2800\/dp\/hdmi\/d-sub\/m.2\/4x Usb3.2\/micro Atx\/gama Basica\/csm\",\"isPartOf\":{\"@id\":\"https:\/\/compuviper.mx\/tienda\/#website\"},\"datePublished\":\"2026-04-26T05:18:48+00:00\",\"dateModified\":\"2026-04-26T06:00:44+00:00\",\"description\":\"Compra Prime A520m-a Ii\/csm Mb Asus A520 Amd S-am4 5a Gen\/4x Ddr4 2800\/dp\/hdmi\/d-sub\/m.2\/4x Usb3.2\/micro Atx\/gama Basica\/csm + Env\u00edo a domicilio + Pago seguro + Garant\u00eda\",\"breadcrumb\":{\"@id\":\"https:\/\/compuviper.mx\/tienda\/producto\/asus-oem-prime-a520m-a-ii-csm-mb-asus-a520-amd-s-am4-5a-gen-4x-ddr4-2800-dp-hdmi-d-sub-m-2-4x-usb3-2-micro-atx-gama-basica-csm\/#breadcrumb\"},\"inLanguage\":\"es-MX\",\"potentialAction\":[{\"@type\":\"ReadAction\",\"target\":[\"https:\/\/compuviper.mx\/tienda\/producto\/asus-oem-prime-a520m-a-ii-csm-mb-asus-a520-amd-s-am4-5a-gen-4x-ddr4-2800-dp-hdmi-d-sub-m-2-4x-usb3-2-micro-atx-gama-basica-csm\/\"]}]},{\"@type\":\"BreadcrumbList\",\"@id\":\"https:\/\/compuviper.mx\/tienda\/producto\/asus-oem-prime-a520m-a-ii-csm-mb-asus-a520-amd-s-am4-5a-gen-4x-ddr4-2800-dp-hdmi-d-sub-m-2-4x-usb3-2-micro-atx-gama-basica-csm\/#breadcrumb\",\"itemListElement\":[{\"@type\":\"ListItem\",\"position\":1,\"name\":\"Inicio\",\"item\":\"https:\/\/compuviper.mx\/tienda\/\"},{\"@type\":\"ListItem\",\"position\":2,\"name\":\"Productos\",\"item\":\"https:\/\/compuviper.mx\/tienda\/productos\/\"},{\"@type\":\"ListItem\",\"position\":3,\"name\":\"Tarjeta Madre\",\"item\":\"https:\/\/compuviper.mx\/tienda\/categoria-producto\/tarjeta-madre\/\"},{\"@type\":\"ListItem\",\"position\":4,\"name\":\"Socket Am4\",\"item\":\"https:\/\/compuviper.mx\/tienda\/categoria-producto\/tarjeta-madre\/socket-am4\/\"},{\"@type\":\"ListItem\",\"position\":5,\"name\":\"Asus Oem Prime A520m-a Ii\/csm Mb Asus A520 Amd S-am4 5a Gen\/4x Ddr4 2800\/dp\/hdmi\/d-sub\/m.2\/4x Usb3.2\/micro Atx\/gama Basica\/csm\"}]},{\"@type\":\"WebSite\",\"@id\":\"https:\/\/compuviper.mx\/tienda\/#website\",\"url\":\"https:\/\/compuviper.mx\/tienda\/\",\"name\":\"Compuviper\",\"description\":\"Proveedor de Computadoras, Laptops, Servidores, Monitores, Puntos de Venta, Teclados,   Impresoras, T\u00f3ner, C\u00e1maras de Seguridad y m\u00e1s en tu tienda en l\u00ednea\",\"publisher\":{\"@id\":\"https:\/\/compuviper.mx\/tienda\/#organization\"},\"potentialAction\":[{\"@type\":\"SearchAction\",\"target\":{\"@type\":\"EntryPoint\",\"urlTemplate\":\"https:\/\/compuviper.mx\/tienda\/?s={search_term_string}\"},\"query-input\":\"required name=search_term_string\"}],\"inLanguage\":\"es-MX\"},{\"@type\":\"Organization\",\"@id\":\"https:\/\/compuviper.mx\/tienda\/#organization\",\"name\":\"Compuviper\",\"url\":\"https:\/\/compuviper.mx\/tienda\/\",\"logo\":{\"@type\":\"ImageObject\",\"inLanguage\":\"es-MX\",\"@id\":\"https:\/\/compuviper.mx\/tienda\/#\/schema\/logo\/image\/\",\"url\":\"https:\/\/compuviper.mx\/tienda\/wp-content\/uploads\/2021\/08\/Logo-Compuviper-10.png\",\"contentUrl\":\"https:\/\/compuviper.mx\/tienda\/wp-content\/uploads\/2021\/08\/Logo-Compuviper-10.png\",\"width\":1000,\"height\":500,\"caption\":\"Compuviper\"},\"image\":{\"@id\":\"https:\/\/compuviper.mx\/tienda\/#\/schema\/logo\/image\/\"},\"sameAs\":[\"https:\/\/www.facebook.com\/compuviper\",\"https:\/\/www.youtube.com\/channel\/UCf73dERp9Y3cfOq7q8BhLjA?view_as=subscriber\"]}]}<\/script>\n<meta property=\"product:brand\" content=\"Asus Oem\" \/>\n<meta property=\"product:price:amount\" content=\"946\" \/>\n<meta property=\"product:price:currency\" content=\"MXN\" \/>\n<meta property=\"og:availability\" content=\"instock\" \/>\n<meta property=\"product:availability\" content=\"instock\" \/>\n<meta property=\"product:retailer_item_id\" content=\"PRIME A520M-A II\/CSM\" \/>\n<meta property=\"product:condition\" content=\"new\" \/>\n<!-- \/ Yoast SEO plugin. -->","yoast_head_json":{"title":"[ Asus Oem ] &#129351; Prime A520m-a Ii\/csm Mb Asus A520 Amd S-am4 5a Gen\/4x Ddr4 2800\/dp\/hdmi\/d-sub\/m.2\/4x Usb3.2\/micro Atx\/gama Basica\/csm","description":"Compra Prime A520m-a Ii\/csm Mb Asus A520 Amd S-am4 5a Gen\/4x Ddr4 2800\/dp\/hdmi\/d-sub\/m.2\/4x Usb3.2\/micro Atx\/gama Basica\/csm + Env\u00edo a domicilio + Pago seguro + Garant\u00eda","robots":{"index":"index","follow":"follow","max-snippet":"max-snippet:-1","max-image-preview":"max-image-preview:large","max-video-preview":"max-video-preview:-1"},"canonical":"https:\/\/compuviper.mx\/tienda\/producto\/asus-oem-prime-a520m-a-ii-csm-mb-asus-a520-amd-s-am4-5a-gen-4x-ddr4-2800-dp-hdmi-d-sub-m-2-4x-usb3-2-micro-atx-gama-basica-csm\/","og_locale":"es_MX","og_type":"article","og_title":"[ Asus Oem ] &#129351; Prime A520m-a Ii\/csm Mb Asus A520 Amd S-am4 5a Gen\/4x Ddr4 2800\/dp\/hdmi\/d-sub\/m.2\/4x Usb3.2\/micro Atx\/gama Basica\/csm","og_description":"Compra Prime A520m-a Ii\/csm Mb Asus A520 Amd S-am4 5a Gen\/4x Ddr4 2800\/dp\/hdmi\/d-sub\/m.2\/4x Usb3.2\/micro Atx\/gama Basica\/csm + Env\u00edo a domicilio + Pago seguro + Garant\u00eda","og_url":"https:\/\/compuviper.mx\/tienda\/producto\/asus-oem-prime-a520m-a-ii-csm-mb-asus-a520-amd-s-am4-5a-gen-4x-ddr4-2800-dp-hdmi-d-sub-m-2-4x-usb3-2-micro-atx-gama-basica-csm\/","og_site_name":"Compuviper","article_publisher":"https:\/\/www.facebook.com\/compuviper","article_modified_time":"2026-04-26T06:00:44+00:00","og_image":[{"width":200,"height":200,"url":"https:\/\/compuviper.mx\/tienda\/wp-content\/uploads\/2026\/03\/Mb-asus-a520-amd-s-am4-5a-gen4x-ddr4-2800dphdmid-subm.24x-usb3.2micro-atxgama-basicacsm.jpg","type":"image\/jpeg"}],"twitter_card":"summary_large_image","twitter_misc":{"Precio":"&#36;946 con IVA","Availability":"In stock"},"schema":{"@context":"https:\/\/schema.org","@graph":[{"@type":"WebPage","@id":"https:\/\/compuviper.mx\/tienda\/producto\/asus-oem-prime-a520m-a-ii-csm-mb-asus-a520-amd-s-am4-5a-gen-4x-ddr4-2800-dp-hdmi-d-sub-m-2-4x-usb3-2-micro-atx-gama-basica-csm\/","url":"https:\/\/compuviper.mx\/tienda\/producto\/asus-oem-prime-a520m-a-ii-csm-mb-asus-a520-amd-s-am4-5a-gen-4x-ddr4-2800-dp-hdmi-d-sub-m-2-4x-usb3-2-micro-atx-gama-basica-csm\/","name":"[ Asus Oem ] &#129351; Prime A520m-a Ii\/csm Mb Asus A520 Amd S-am4 5a Gen\/4x Ddr4 2800\/dp\/hdmi\/d-sub\/m.2\/4x Usb3.2\/micro Atx\/gama Basica\/csm","isPartOf":{"@id":"https:\/\/compuviper.mx\/tienda\/#website"},"datePublished":"2026-04-26T05:18:48+00:00","dateModified":"2026-04-26T06:00:44+00:00","description":"Compra Prime A520m-a Ii\/csm Mb Asus A520 Amd S-am4 5a Gen\/4x Ddr4 2800\/dp\/hdmi\/d-sub\/m.2\/4x Usb3.2\/micro Atx\/gama Basica\/csm + Env\u00edo a domicilio + Pago seguro + Garant\u00eda","breadcrumb":{"@id":"https:\/\/compuviper.mx\/tienda\/producto\/asus-oem-prime-a520m-a-ii-csm-mb-asus-a520-amd-s-am4-5a-gen-4x-ddr4-2800-dp-hdmi-d-sub-m-2-4x-usb3-2-micro-atx-gama-basica-csm\/#breadcrumb"},"inLanguage":"es-MX","potentialAction":[{"@type":"ReadAction","target":["https:\/\/compuviper.mx\/tienda\/producto\/asus-oem-prime-a520m-a-ii-csm-mb-asus-a520-amd-s-am4-5a-gen-4x-ddr4-2800-dp-hdmi-d-sub-m-2-4x-usb3-2-micro-atx-gama-basica-csm\/"]}]},{"@type":"BreadcrumbList","@id":"https:\/\/compuviper.mx\/tienda\/producto\/asus-oem-prime-a520m-a-ii-csm-mb-asus-a520-amd-s-am4-5a-gen-4x-ddr4-2800-dp-hdmi-d-sub-m-2-4x-usb3-2-micro-atx-gama-basica-csm\/#breadcrumb","itemListElement":[{"@type":"ListItem","position":1,"name":"Inicio","item":"https:\/\/compuviper.mx\/tienda\/"},{"@type":"ListItem","position":2,"name":"Productos","item":"https:\/\/compuviper.mx\/tienda\/productos\/"},{"@type":"ListItem","position":3,"name":"Tarjeta Madre","item":"https:\/\/compuviper.mx\/tienda\/categoria-producto\/tarjeta-madre\/"},{"@type":"ListItem","position":4,"name":"Socket Am4","item":"https:\/\/compuviper.mx\/tienda\/categoria-producto\/tarjeta-madre\/socket-am4\/"},{"@type":"ListItem","position":5,"name":"Asus Oem Prime A520m-a Ii\/csm Mb Asus A520 Amd S-am4 5a Gen\/4x Ddr4 2800\/dp\/hdmi\/d-sub\/m.2\/4x Usb3.2\/micro Atx\/gama Basica\/csm"}]},{"@type":"WebSite","@id":"https:\/\/compuviper.mx\/tienda\/#website","url":"https:\/\/compuviper.mx\/tienda\/","name":"Compuviper","description":"Proveedor de Computadoras, Laptops, Servidores, Monitores, Puntos de Venta, Teclados,   Impresoras, T\u00f3ner, C\u00e1maras de Seguridad y m\u00e1s en tu tienda en l\u00ednea","publisher":{"@id":"https:\/\/compuviper.mx\/tienda\/#organization"},"potentialAction":[{"@type":"SearchAction","target":{"@type":"EntryPoint","urlTemplate":"https:\/\/compuviper.mx\/tienda\/?s={search_term_string}"},"query-input":"required name=search_term_string"}],"inLanguage":"es-MX"},{"@type":"Organization","@id":"https:\/\/compuviper.mx\/tienda\/#organization","name":"Compuviper","url":"https:\/\/compuviper.mx\/tienda\/","logo":{"@type":"ImageObject","inLanguage":"es-MX","@id":"https:\/\/compuviper.mx\/tienda\/#\/schema\/logo\/image\/","url":"https:\/\/compuviper.mx\/tienda\/wp-content\/uploads\/2021\/08\/Logo-Compuviper-10.png","contentUrl":"https:\/\/compuviper.mx\/tienda\/wp-content\/uploads\/2021\/08\/Logo-Compuviper-10.png","width":1000,"height":500,"caption":"Compuviper"},"image":{"@id":"https:\/\/compuviper.mx\/tienda\/#\/schema\/logo\/image\/"},"sameAs":["https:\/\/www.facebook.com\/compuviper","https:\/\/www.youtube.com\/channel\/UCf73dERp9Y3cfOq7q8BhLjA?view_as=subscriber"]}]},"product_brand":"Asus Oem","product_price_amount":"946","product_price_currency":"MXN","og_availability":"instock","product_availability":"instock","product_retailer_item_id":"PRIME A520M-A II\/CSM","product_condition":"new"},"_links":{"self":[{"href":"https:\/\/compuviper.mx\/tienda\/wp-json\/wp\/v2\/product\/267641"}],"collection":[{"href":"https:\/\/compuviper.mx\/tienda\/wp-json\/wp\/v2\/product"}],"about":[{"href":"https:\/\/compuviper.mx\/tienda\/wp-json\/wp\/v2\/types\/product"}],"replies":[{"embeddable":true,"href":"https:\/\/compuviper.mx\/tienda\/wp-json\/wp\/v2\/comments?post=267641"}],"wp:featuredmedia":[{"embeddable":true,"href":"https:\/\/compuviper.mx\/tienda\/wp-json\/wp\/v2\/media\/267642"}],"wp:attachment":[{"href":"https:\/\/compuviper.mx\/tienda\/wp-json\/wp\/v2\/media?parent=267641"}],"wp:term":[{"taxonomy":"product_cat","embeddable":true,"href":"https:\/\/compuviper.mx\/tienda\/wp-json\/wp\/v2\/product_cat?post=267641"},{"taxonomy":"product_tag","embeddable":true,"href":"https:\/\/compuviper.mx\/tienda\/wp-json\/wp\/v2\/product_tag?post=267641"}],"curies":[{"name":"wp","href":"https:\/\/api.w.org\/{rel}","templated":true}]}}