{"id":267636,"date":"2026-04-16T00:40:31","date_gmt":"2026-04-16T06:40:31","guid":{"rendered":"https:\/\/compuviper.mx\/tienda\/producto\/msi-spatium-s270-sata-2-5%c2%94-480gb-unidad-de-estado-solido-interno-480gb-s270-2-5-sata-lect-360-escrit-450mbs-7mm-pc-laptop-minipc\/"},"modified":"2026-04-16T00:40:31","modified_gmt":"2026-04-16T06:40:31","slug":"msi-oem-spatium-s270-sata-2-5%c2%94-480gb-unidad-de-estado-solido-interno-480gb-msi-s270-2-5-sata-lect-360-escrit-450mbs-7mm-pc-laptop-minipc","status":"publish","type":"product","link":"https:\/\/compuviper.mx\/tienda\/producto\/msi-oem-spatium-s270-sata-2-5%c2%94-480gb-unidad-de-estado-solido-interno-480gb-msi-s270-2-5-sata-lect-360-escrit-450mbs-7mm-pc-laptop-minipc\/","title":{"rendered":"Msi Oem Spatium S270 Sata 2.5\u0094 480gb Unidad De Estado Solido Interno 480gb Msi S270 2.5 Sata Lect.360\/escrit.450mbs 7mm Pc\/laptop\/minipc"},"content":{"rendered":"<table class=\"descripcion\">\n<tr>\n<td>Nombre del modelo espacio s270 sata 2.5<\/td>\n<\/tr>\n<tr>\n<td>Capacidad 480gb<\/td>\n<\/tr>\n<tr>\n<td>Controlador phison s11<\/td>\n<\/tr>\n<tr>\n<td>Memoria flash 3d nand<\/td>\n<\/tr>\n<tr>\n<td>Factor de forma sata 2,5<\/td>\n<\/tr>\n<tr>\n<td>Interfaz sata iii 6 gbps<\/td>\n<\/tr>\n<tr>\n<td>Compatibilidad sata iii (6 gbps) \/ ii (3 gbps) \/ i (1,5 gbps)<\/td>\n<\/tr>\n<tr>\n<td>Dimensiones 100,20 mm (largo) x 69,85 mm (ancho) x 7,00 mm (alto)<\/td>\n<\/tr>\n<tr>\n<td>Lectura secuencial hasta (mb\/s) 360<\/td>\n<\/tr>\n<tr>\n<td>Escritura secuencial hasta (mb\/s) 450<\/td>\n<\/tr>\n<tr>\n<td>Lectura aleatoria de 4 kb hasta (iops) 55<\/td>\n<\/tr>\n<tr>\n<td>Escritura aleatoria de 4 kb hasta (iops) 80<\/td>\n<\/tr>\n<tr>\n<td>Potencia m\u00e1xima de funcionamiento (w) 2<\/td>\n<\/tr>\n<tr>\n<td>Consumo de energ\u00eda en reposo de ps3 (mw) 335<\/td>\n<\/tr>\n<tr>\n<td>Baja potencia l1.2 (mw) 4.9<\/td>\n<\/tr>\n<tr>\n<td>Temperaturas de funcionamiento 0\u00b0c \u0096 70\u00b0c<\/td>\n<\/tr>\n<tr>\n<td>Temperaturas de almacenamiento -40\u00b0c \u0096 85\u00b0c<\/td>\n<\/tr>\n<tr>\n<td>Terabytes escritos (tbw) 250<\/td>\n<\/tr>\n<tr>\n<td>Tiempo medio entre fallos (mtbf) hasta 2.000.000 de horas<\/td>\n<\/tr>\n<tr>\n<td>Garant\u00eda limitada 5 a\u00f1os, o la cobertura del tbw m\u00e1ximo seg\u00fan lo establecido, lo que ocurra primero.<\/td>\n<\/tr>\n<\/table>\n","protected":false},"excerpt":{"rendered":"<p>S270. Avanzando a toda velocidad. Desde el universo de msi llega un almacenamiento con velocidades de v\u00e9rtigo y un rendimiento incre\u00edble. Lleva tu sistema al siguiente nivel con spatium. La necesidad de rapidez. Optimizada para la interfaz sata iii, la unidad ssd spatium s270 alcanza velocidades de lectura\/escritura de hasta 500\/450 mb\/s, lo que permite una r\u00e1pida transferencia de datos y un menor tiempo de carga de los juegos. Tama\u00f1o compacto. M\u00e1s espacio. La \u00faltima tecnolog\u00eda flash 3d nand aporta almacenamiento denso en un dise\u00f1o compacto y permite capacidades de almacenamiento spatium de hasta 960 gb. Que no pare. El gaming. Las capacidades integradas de seguridad de datos y correcci\u00f3n de errores extienden la resistencia y longevidad del almacenamiento flash nand.Protege. Tus datos. Migra tus datos, supervisa el estado de las unidades y las m\u00e9tricas de rendimiento en tiempo real con msi center. Evita la p\u00e9rdida de datos con la aplicaci\u00f3n actiphy, que incluye funciones de copia de seguridad y restauraci\u00f3n.5 a\u00f1os de. Garant\u00eda. Respaldamos la calidad y fiabilidad de spatium s270 con una garant\u00eda integral de 5 a\u00f1os. Si necesitas ayuda o no est\u00e1s satisfecho con tu producto, te ayudaremos desde el soporte de msi.<\/p>\n","protected":false},"featured_media":267637,"comment_status":"open","ping_status":"open","template":"","meta":[],"product_cat":[1703,1708],"product_tag":[2322],"acf":[],"yoast_head":"<!-- This site is optimized with the Yoast SEO plugin v21.7 - https:\/\/yoast.com\/wordpress\/plugins\/seo\/ -->\n<title>[ Msi Oem ] &#129351; Spatium S270 Sata 2.5\u00e2\u0094 480gb Unidad De Estado Solido Interno 480gb Msi S270 2.5 Sata Lect.360\/escrit.450mbs 7mm Pc\/laptop\/minipc<\/title>\n<meta name=\"description\" content=\"Compra Spatium S270 Sata 2.5\u00e2\u0094 480gb Unidad De Estado Solido Interno 480gb Msi S270 2.5 Sata Lect.360\/escrit.450mbs 7mm Pc\/laptop\/minipc + Env\u00edo a domicilio + Pago seguro + Garant\u00eda\" \/>\n<meta name=\"robots\" content=\"index, follow, max-snippet:-1, max-image-preview:large, max-video-preview:-1\" \/>\n<link rel=\"canonical\" href=\"https:\/\/compuviper.mx\/tienda\/producto\/msi-oem-spatium-s270-sata-2-5\u0094-480gb-unidad-de-estado-solido-interno-480gb-msi-s270-2-5-sata-lect-360-escrit-450mbs-7mm-pc-laptop-minipc\/\" \/>\n<meta property=\"og:locale\" content=\"es_MX\" \/>\n<meta property=\"og:type\" content=\"article\" \/>\n<meta property=\"og:title\" content=\"[ Msi Oem ] &#129351; Spatium S270 Sata 2.5\u00e2\u0094 480gb Unidad De Estado Solido Interno 480gb Msi S270 2.5 Sata Lect.360\/escrit.450mbs 7mm Pc\/laptop\/minipc\" \/>\n<meta property=\"og:description\" content=\"Compra Spatium S270 Sata 2.5\u00e2\u0094 480gb Unidad De Estado Solido Interno 480gb Msi S270 2.5 Sata Lect.360\/escrit.450mbs 7mm Pc\/laptop\/minipc + Env\u00edo a domicilio + Pago seguro + Garant\u00eda\" \/>\n<meta property=\"og:url\" content=\"https:\/\/compuviper.mx\/tienda\/producto\/msi-oem-spatium-s270-sata-2-5\u0094-480gb-unidad-de-estado-solido-interno-480gb-msi-s270-2-5-sata-lect-360-escrit-450mbs-7mm-pc-laptop-minipc\/\" \/>\n<meta property=\"og:site_name\" content=\"Compuviper\" \/>\n<meta property=\"article:publisher\" content=\"https:\/\/www.facebook.com\/compuviper\" \/>\n<meta property=\"og:image\" content=\"https:\/\/compuviper.mx\/tienda\/wp-content\/uploads\/2026\/03\/Unidad-de-estado-solido-interno-480gb-msi-s270-2.5-sata-lect.360escrit.450mbs-7mm-pclaptopminipc.jpg\" \/>\n\t<meta property=\"og:image:width\" content=\"200\" \/>\n\t<meta property=\"og:image:height\" content=\"200\" \/>\n\t<meta property=\"og:image:type\" content=\"image\/jpeg\" \/>\n<meta name=\"twitter:card\" content=\"summary_large_image\" \/>\n<meta name=\"twitter:label1\" content=\"Precio\" \/>\n\t<meta name=\"twitter:data1\" content=\"&#36;1,071 con IVA\" \/>\n\t<meta name=\"twitter:label2\" content=\"Availability\" \/>\n\t<meta name=\"twitter:data2\" content=\"In stock\" \/>\n<script type=\"application\/ld+json\" class=\"yoast-schema-graph\">{\"@context\":\"https:\/\/schema.org\",\"@graph\":[{\"@type\":\"WebPage\",\"@id\":\"https:\/\/compuviper.mx\/tienda\/producto\/msi-oem-spatium-s270-sata-2-5%c2%94-480gb-unidad-de-estado-solido-interno-480gb-msi-s270-2-5-sata-lect-360-escrit-450mbs-7mm-pc-laptop-minipc\/\",\"url\":\"https:\/\/compuviper.mx\/tienda\/producto\/msi-oem-spatium-s270-sata-2-5%c2%94-480gb-unidad-de-estado-solido-interno-480gb-msi-s270-2-5-sata-lect-360-escrit-450mbs-7mm-pc-laptop-minipc\/\",\"name\":\"[ Msi Oem ] &#129351; Spatium S270 Sata 2.5\u00e2\u0094 480gb Unidad De Estado Solido Interno 480gb Msi S270 2.5 Sata Lect.360\/escrit.450mbs 7mm Pc\/laptop\/minipc\",\"isPartOf\":{\"@id\":\"https:\/\/compuviper.mx\/tienda\/#website\"},\"datePublished\":\"2026-04-16T06:40:31+00:00\",\"dateModified\":\"2026-04-16T06:40:31+00:00\",\"description\":\"Compra Spatium S270 Sata 2.5\u00e2\u0094 480gb Unidad De Estado Solido Interno 480gb Msi S270 2.5 Sata Lect.360\/escrit.450mbs 7mm Pc\/laptop\/minipc + Env\u00edo a domicilio + Pago seguro + Garant\u00eda\",\"breadcrumb\":{\"@id\":\"https:\/\/compuviper.mx\/tienda\/producto\/msi-oem-spatium-s270-sata-2-5%c2%94-480gb-unidad-de-estado-solido-interno-480gb-msi-s270-2-5-sata-lect-360-escrit-450mbs-7mm-pc-laptop-minipc\/#breadcrumb\"},\"inLanguage\":\"es-MX\",\"potentialAction\":[{\"@type\":\"ReadAction\",\"target\":[\"https:\/\/compuviper.mx\/tienda\/producto\/msi-oem-spatium-s270-sata-2-5%c2%94-480gb-unidad-de-estado-solido-interno-480gb-msi-s270-2-5-sata-lect-360-escrit-450mbs-7mm-pc-laptop-minipc\/\"]}]},{\"@type\":\"BreadcrumbList\",\"@id\":\"https:\/\/compuviper.mx\/tienda\/producto\/msi-oem-spatium-s270-sata-2-5%c2%94-480gb-unidad-de-estado-solido-interno-480gb-msi-s270-2-5-sata-lect-360-escrit-450mbs-7mm-pc-laptop-minipc\/#breadcrumb\",\"itemListElement\":[{\"@type\":\"ListItem\",\"position\":1,\"name\":\"Inicio\",\"item\":\"https:\/\/compuviper.mx\/tienda\/\"},{\"@type\":\"ListItem\",\"position\":2,\"name\":\"Productos\",\"item\":\"https:\/\/compuviper.mx\/tienda\/productos\/\"},{\"@type\":\"ListItem\",\"position\":3,\"name\":\"Discos Duros\",\"item\":\"https:\/\/compuviper.mx\/tienda\/categoria-producto\/discos-duros\/\"},{\"@type\":\"ListItem\",\"position\":4,\"name\":\"Unidad De Estado Solido\",\"item\":\"https:\/\/compuviper.mx\/tienda\/categoria-producto\/discos-duros\/unidad-de-estado-solido\/\"},{\"@type\":\"ListItem\",\"position\":5,\"name\":\"Msi Oem Spatium S270 Sata 2.5\u0094 480gb Unidad De Estado Solido Interno 480gb Msi S270 2.5 Sata Lect.360\/escrit.450mbs 7mm Pc\/laptop\/minipc\"}]},{\"@type\":\"WebSite\",\"@id\":\"https:\/\/compuviper.mx\/tienda\/#website\",\"url\":\"https:\/\/compuviper.mx\/tienda\/\",\"name\":\"Compuviper\",\"description\":\"Proveedor de Computadoras, Laptops, Servidores, Monitores, Puntos de Venta, Teclados,   Impresoras, T\u00f3ner, C\u00e1maras de Seguridad y m\u00e1s en tu tienda en l\u00ednea\",\"publisher\":{\"@id\":\"https:\/\/compuviper.mx\/tienda\/#organization\"},\"potentialAction\":[{\"@type\":\"SearchAction\",\"target\":{\"@type\":\"EntryPoint\",\"urlTemplate\":\"https:\/\/compuviper.mx\/tienda\/?s={search_term_string}\"},\"query-input\":\"required name=search_term_string\"}],\"inLanguage\":\"es-MX\"},{\"@type\":\"Organization\",\"@id\":\"https:\/\/compuviper.mx\/tienda\/#organization\",\"name\":\"Compuviper\",\"url\":\"https:\/\/compuviper.mx\/tienda\/\",\"logo\":{\"@type\":\"ImageObject\",\"inLanguage\":\"es-MX\",\"@id\":\"https:\/\/compuviper.mx\/tienda\/#\/schema\/logo\/image\/\",\"url\":\"https:\/\/compuviper.mx\/tienda\/wp-content\/uploads\/2021\/08\/Logo-Compuviper-10.png\",\"contentUrl\":\"https:\/\/compuviper.mx\/tienda\/wp-content\/uploads\/2021\/08\/Logo-Compuviper-10.png\",\"width\":1000,\"height\":500,\"caption\":\"Compuviper\"},\"image\":{\"@id\":\"https:\/\/compuviper.mx\/tienda\/#\/schema\/logo\/image\/\"},\"sameAs\":[\"https:\/\/www.facebook.com\/compuviper\",\"https:\/\/www.youtube.com\/channel\/UCf73dERp9Y3cfOq7q8BhLjA?view_as=subscriber\"]}]}<\/script>\n<meta property=\"product:brand\" content=\"Msi Oem\" \/>\n<meta property=\"product:price:amount\" content=\"1071\" \/>\n<meta property=\"product:price:currency\" content=\"MXN\" \/>\n<meta property=\"og:availability\" content=\"instock\" \/>\n<meta property=\"product:availability\" content=\"instock\" \/>\n<meta property=\"product:retailer_item_id\" content=\"SPATIUM S270 SATA 2.5\u00c2\u0094 480GB\" \/>\n<meta property=\"product:condition\" content=\"new\" \/>\n<!-- \/ Yoast SEO plugin. -->","yoast_head_json":{"title":"[ Msi Oem ] &#129351; Spatium S270 Sata 2.5\u00e2\u0094 480gb Unidad De Estado Solido Interno 480gb Msi S270 2.5 Sata Lect.360\/escrit.450mbs 7mm Pc\/laptop\/minipc","description":"Compra Spatium S270 Sata 2.5\u00e2\u0094 480gb Unidad De Estado Solido Interno 480gb Msi S270 2.5 Sata Lect.360\/escrit.450mbs 7mm Pc\/laptop\/minipc + Env\u00edo a domicilio + Pago seguro + Garant\u00eda","robots":{"index":"index","follow":"follow","max-snippet":"max-snippet:-1","max-image-preview":"max-image-preview:large","max-video-preview":"max-video-preview:-1"},"canonical":"https:\/\/compuviper.mx\/tienda\/producto\/msi-oem-spatium-s270-sata-2-5\u0094-480gb-unidad-de-estado-solido-interno-480gb-msi-s270-2-5-sata-lect-360-escrit-450mbs-7mm-pc-laptop-minipc\/","og_locale":"es_MX","og_type":"article","og_title":"[ Msi Oem ] &#129351; Spatium S270 Sata 2.5\u00e2\u0094 480gb Unidad De Estado Solido Interno 480gb Msi S270 2.5 Sata Lect.360\/escrit.450mbs 7mm Pc\/laptop\/minipc","og_description":"Compra Spatium S270 Sata 2.5\u00e2\u0094 480gb Unidad De Estado Solido Interno 480gb Msi S270 2.5 Sata Lect.360\/escrit.450mbs 7mm Pc\/laptop\/minipc + Env\u00edo a domicilio + Pago seguro + Garant\u00eda","og_url":"https:\/\/compuviper.mx\/tienda\/producto\/msi-oem-spatium-s270-sata-2-5\u0094-480gb-unidad-de-estado-solido-interno-480gb-msi-s270-2-5-sata-lect-360-escrit-450mbs-7mm-pc-laptop-minipc\/","og_site_name":"Compuviper","article_publisher":"https:\/\/www.facebook.com\/compuviper","og_image":[{"width":200,"height":200,"url":"https:\/\/compuviper.mx\/tienda\/wp-content\/uploads\/2026\/03\/Unidad-de-estado-solido-interno-480gb-msi-s270-2.5-sata-lect.360escrit.450mbs-7mm-pclaptopminipc.jpg","type":"image\/jpeg"}],"twitter_card":"summary_large_image","twitter_misc":{"Precio":"&#36;1,071 con IVA","Availability":"In stock"},"schema":{"@context":"https:\/\/schema.org","@graph":[{"@type":"WebPage","@id":"https:\/\/compuviper.mx\/tienda\/producto\/msi-oem-spatium-s270-sata-2-5%c2%94-480gb-unidad-de-estado-solido-interno-480gb-msi-s270-2-5-sata-lect-360-escrit-450mbs-7mm-pc-laptop-minipc\/","url":"https:\/\/compuviper.mx\/tienda\/producto\/msi-oem-spatium-s270-sata-2-5%c2%94-480gb-unidad-de-estado-solido-interno-480gb-msi-s270-2-5-sata-lect-360-escrit-450mbs-7mm-pc-laptop-minipc\/","name":"[ Msi Oem ] &#129351; Spatium S270 Sata 2.5\u00e2\u0094 480gb Unidad De Estado Solido Interno 480gb Msi S270 2.5 Sata Lect.360\/escrit.450mbs 7mm Pc\/laptop\/minipc","isPartOf":{"@id":"https:\/\/compuviper.mx\/tienda\/#website"},"datePublished":"2026-04-16T06:40:31+00:00","dateModified":"2026-04-16T06:40:31+00:00","description":"Compra Spatium S270 Sata 2.5\u00e2\u0094 480gb Unidad De Estado Solido Interno 480gb Msi S270 2.5 Sata Lect.360\/escrit.450mbs 7mm Pc\/laptop\/minipc + Env\u00edo a domicilio + Pago seguro + Garant\u00eda","breadcrumb":{"@id":"https:\/\/compuviper.mx\/tienda\/producto\/msi-oem-spatium-s270-sata-2-5%c2%94-480gb-unidad-de-estado-solido-interno-480gb-msi-s270-2-5-sata-lect-360-escrit-450mbs-7mm-pc-laptop-minipc\/#breadcrumb"},"inLanguage":"es-MX","potentialAction":[{"@type":"ReadAction","target":["https:\/\/compuviper.mx\/tienda\/producto\/msi-oem-spatium-s270-sata-2-5%c2%94-480gb-unidad-de-estado-solido-interno-480gb-msi-s270-2-5-sata-lect-360-escrit-450mbs-7mm-pc-laptop-minipc\/"]}]},{"@type":"BreadcrumbList","@id":"https:\/\/compuviper.mx\/tienda\/producto\/msi-oem-spatium-s270-sata-2-5%c2%94-480gb-unidad-de-estado-solido-interno-480gb-msi-s270-2-5-sata-lect-360-escrit-450mbs-7mm-pc-laptop-minipc\/#breadcrumb","itemListElement":[{"@type":"ListItem","position":1,"name":"Inicio","item":"https:\/\/compuviper.mx\/tienda\/"},{"@type":"ListItem","position":2,"name":"Productos","item":"https:\/\/compuviper.mx\/tienda\/productos\/"},{"@type":"ListItem","position":3,"name":"Discos Duros","item":"https:\/\/compuviper.mx\/tienda\/categoria-producto\/discos-duros\/"},{"@type":"ListItem","position":4,"name":"Unidad De Estado Solido","item":"https:\/\/compuviper.mx\/tienda\/categoria-producto\/discos-duros\/unidad-de-estado-solido\/"},{"@type":"ListItem","position":5,"name":"Msi Oem Spatium S270 Sata 2.5\u0094 480gb Unidad De Estado Solido Interno 480gb Msi S270 2.5 Sata Lect.360\/escrit.450mbs 7mm Pc\/laptop\/minipc"}]},{"@type":"WebSite","@id":"https:\/\/compuviper.mx\/tienda\/#website","url":"https:\/\/compuviper.mx\/tienda\/","name":"Compuviper","description":"Proveedor de Computadoras, Laptops, Servidores, Monitores, Puntos de Venta, Teclados,   Impresoras, T\u00f3ner, C\u00e1maras de Seguridad y m\u00e1s en tu tienda en l\u00ednea","publisher":{"@id":"https:\/\/compuviper.mx\/tienda\/#organization"},"potentialAction":[{"@type":"SearchAction","target":{"@type":"EntryPoint","urlTemplate":"https:\/\/compuviper.mx\/tienda\/?s={search_term_string}"},"query-input":"required name=search_term_string"}],"inLanguage":"es-MX"},{"@type":"Organization","@id":"https:\/\/compuviper.mx\/tienda\/#organization","name":"Compuviper","url":"https:\/\/compuviper.mx\/tienda\/","logo":{"@type":"ImageObject","inLanguage":"es-MX","@id":"https:\/\/compuviper.mx\/tienda\/#\/schema\/logo\/image\/","url":"https:\/\/compuviper.mx\/tienda\/wp-content\/uploads\/2021\/08\/Logo-Compuviper-10.png","contentUrl":"https:\/\/compuviper.mx\/tienda\/wp-content\/uploads\/2021\/08\/Logo-Compuviper-10.png","width":1000,"height":500,"caption":"Compuviper"},"image":{"@id":"https:\/\/compuviper.mx\/tienda\/#\/schema\/logo\/image\/"},"sameAs":["https:\/\/www.facebook.com\/compuviper","https:\/\/www.youtube.com\/channel\/UCf73dERp9Y3cfOq7q8BhLjA?view_as=subscriber"]}]},"product_brand":"Msi Oem","product_price_amount":"1071","product_price_currency":"MXN","og_availability":"instock","product_availability":"instock","product_retailer_item_id":"SPATIUM S270 SATA 2.5\u00c2\u0094 480GB","product_condition":"new"},"_links":{"self":[{"href":"https:\/\/compuviper.mx\/tienda\/wp-json\/wp\/v2\/product\/267636"}],"collection":[{"href":"https:\/\/compuviper.mx\/tienda\/wp-json\/wp\/v2\/product"}],"about":[{"href":"https:\/\/compuviper.mx\/tienda\/wp-json\/wp\/v2\/types\/product"}],"replies":[{"embeddable":true,"href":"https:\/\/compuviper.mx\/tienda\/wp-json\/wp\/v2\/comments?post=267636"}],"wp:featuredmedia":[{"embeddable":true,"href":"https:\/\/compuviper.mx\/tienda\/wp-json\/wp\/v2\/media\/267637"}],"wp:attachment":[{"href":"https:\/\/compuviper.mx\/tienda\/wp-json\/wp\/v2\/media?parent=267636"}],"wp:term":[{"taxonomy":"product_cat","embeddable":true,"href":"https:\/\/compuviper.mx\/tienda\/wp-json\/wp\/v2\/product_cat?post=267636"},{"taxonomy":"product_tag","embeddable":true,"href":"https:\/\/compuviper.mx\/tienda\/wp-json\/wp\/v2\/product_tag?post=267636"}],"curies":[{"name":"wp","href":"https:\/\/api.w.org\/{rel}","templated":true}]}}