{"id":267618,"date":"2026-04-07T00:07:53","date_gmt":"2026-04-07T06:07:53","guid":{"rendered":"https:\/\/compuviper.mx\/tienda\/producto\/cooler-master-mpx-7505-afag-bus-fuente-de-poder-elite-gold-750w-v3-atx-3-1-80-plus-gold-certificada-no-modular-gamer\/"},"modified":"2026-04-07T00:07:53","modified_gmt":"2026-04-07T06:07:53","slug":"cooler-master-mpx-7505-afag-bus-fuente-de-poder-elite-gold-750w-v3-atx-3-1-80-plus-gold-certificada-modular-gamer","status":"publish","type":"product","link":"https:\/\/compuviper.mx\/tienda\/producto\/cooler-master-mpx-7505-afag-bus-fuente-de-poder-elite-gold-750w-v3-atx-3-1-80-plus-gold-certificada-modular-gamer\/","title":{"rendered":"Cooler Master Mpx-7505-afag-bus Fuente De Poder  \/ Elite Gold 750w \/ V3 Atx 3.1 \/ 80 Plus Gold Certificada \/ Modular \/ Gamer"},"content":{"rendered":"<table class=\"descripcion\">\n<tr>\n<td>Nombre del producto: elite gold 750 w<\/td>\n<\/tr>\n<tr>\n<td>Codigo del articulo: mpx-7505-afag-bus<\/td>\n<\/tr>\n<tr>\n<td>Version atx: atx 12v ver.3.1<\/td>\n<\/tr>\n<tr>\n<td>Pfc: pfc activo<\/td>\n<\/tr>\n<tr>\n<td>Tension de entrada: 100-240v<\/td>\n<\/tr>\n<tr>\n<td>Corriente de entrada: 5 \u0096 10a<\/td>\n<\/tr>\n<tr>\n<td>Frecuencia de entrada: 50 \u0096 60hz<\/td>\n<\/tr>\n<tr>\n<td>Dimensiones (l x a x h): 140 x 150 x 86 mm<\/td>\n<\/tr>\n<tr>\n<td>Tama\u00f1o del ventilador: 120 mm<\/td>\n<\/tr>\n<tr>\n<td>Rodamiento del ventilador: rodamiento refile<\/td>\n<\/tr>\n<tr>\n<td>Eficiencia: 90% carga tipica<\/td>\n<\/tr>\n<tr>\n<td>Calificaci\u00f3n 80 plus: 80 plus gold<\/td>\n<\/tr>\n<tr>\n<td>Erp 2014 lot 3: si<\/td>\n<\/tr>\n<tr>\n<td>Temperatura de funcionamiento: 0 &#8211; 40\u00b0c<\/td>\n<\/tr>\n<tr>\n<td>Se\u00f1al power good: 100 \u0096 150ms<\/td>\n<\/tr>\n<tr>\n<td>Tiempo de retencion: 11ms carga 100%<\/td>\n<\/tr>\n<tr>\n<td>Mtbf: 100,000 horas a 25\u00b0c ambiente<\/td>\n<\/tr>\n<tr>\n<td>Protecciones: uvp \/ ovp \/ opp \/ otp \/ scp<\/td>\n<\/tr>\n<tr>\n<td>Normativa: ctvu us, cb, ce, fcc, bsmi, ccc, rcm, ukca, bis, rohs2.0<\/td>\n<\/tr>\n<\/table>\n","protected":false},"excerpt":{"rendered":"<p>Potencia de alta calidad. Presentando el elite gold 750w, atx 3.1, psu gold. Con caracteristicas como eficiencia 80 plus gold, ventilador con cojinete silencioso para refrigeracion, el elite gold 750w ofrece un rendimiento valioso en varias dimensiones. Varios cambios y adiciones mejoran la experiencia general del usuario; en conjunto, estas elecciones de dise\u00f1o ofrecen una psu avanzada que es altamente eficiente y confiable. Con cables reforzados, excepcional resistencia a la temperatura y garant\u00eda de 5 a\u00f1os, el elite gold 750w te brindara una experiencia de alta calidad.<\/p>\n","protected":false},"featured_media":0,"comment_status":"open","ping_status":"open","template":"","meta":[],"product_cat":[1508,1672],"product_tag":[1615],"acf":[],"yoast_head":"<!-- This site is optimized with the Yoast SEO plugin v21.7 - https:\/\/yoast.com\/wordpress\/plugins\/seo\/ -->\n<title>[ Cooler Master ] &#129351; Mpx-7505-afag-bus Fuente De Poder \/ Elite Gold 750w \/ V3 Atx 3.1 \/ 80 Plus Gold Certificada \/ Modular \/ Gamer<\/title>\n<meta name=\"description\" content=\"Compra Mpx-7505-afag-bus Fuente De Poder \/ Elite Gold 750w \/ V3 Atx 3.1 \/ 80 Plus Gold Certificada \/ Modular \/ Gamer + Env\u00edo a domicilio + Pago seguro + Garant\u00eda\" \/>\n<meta name=\"robots\" content=\"index, follow, max-snippet:-1, max-image-preview:large, max-video-preview:-1\" \/>\n<link rel=\"canonical\" href=\"https:\/\/compuviper.mx\/tienda\/producto\/cooler-master-mpx-7505-afag-bus-fuente-de-poder-elite-gold-750w-v3-atx-3-1-80-plus-gold-certificada-modular-gamer\/\" \/>\n<meta property=\"og:locale\" content=\"es_MX\" \/>\n<meta property=\"og:type\" content=\"article\" \/>\n<meta property=\"og:title\" content=\"[ Cooler Master ] &#129351; Mpx-7505-afag-bus Fuente De Poder \/ Elite Gold 750w \/ V3 Atx 3.1 \/ 80 Plus Gold Certificada \/ Modular \/ Gamer\" \/>\n<meta property=\"og:description\" content=\"Compra Mpx-7505-afag-bus Fuente De Poder \/ Elite Gold 750w \/ V3 Atx 3.1 \/ 80 Plus Gold Certificada \/ Modular \/ Gamer + Env\u00edo a domicilio + Pago seguro + Garant\u00eda\" \/>\n<meta property=\"og:url\" content=\"https:\/\/compuviper.mx\/tienda\/producto\/cooler-master-mpx-7505-afag-bus-fuente-de-poder-elite-gold-750w-v3-atx-3-1-80-plus-gold-certificada-modular-gamer\/\" \/>\n<meta property=\"og:site_name\" content=\"Compuviper\" \/>\n<meta property=\"article:publisher\" content=\"https:\/\/www.facebook.com\/compuviper\" \/>\n<meta name=\"twitter:card\" content=\"summary_large_image\" \/>\n<meta name=\"twitter:label1\" content=\"Precio\" \/>\n\t<meta name=\"twitter:data1\" content=\"&#36;1,300 con IVA\" \/>\n\t<meta name=\"twitter:label2\" content=\"Availability\" \/>\n\t<meta name=\"twitter:data2\" content=\"In stock\" \/>\n<script type=\"application\/ld+json\" class=\"yoast-schema-graph\">{\"@context\":\"https:\/\/schema.org\",\"@graph\":[{\"@type\":\"WebPage\",\"@id\":\"https:\/\/compuviper.mx\/tienda\/producto\/cooler-master-mpx-7505-afag-bus-fuente-de-poder-elite-gold-750w-v3-atx-3-1-80-plus-gold-certificada-modular-gamer\/\",\"url\":\"https:\/\/compuviper.mx\/tienda\/producto\/cooler-master-mpx-7505-afag-bus-fuente-de-poder-elite-gold-750w-v3-atx-3-1-80-plus-gold-certificada-modular-gamer\/\",\"name\":\"[ Cooler Master ] &#129351; Mpx-7505-afag-bus Fuente De Poder \/ Elite Gold 750w \/ V3 Atx 3.1 \/ 80 Plus Gold Certificada \/ Modular \/ Gamer\",\"isPartOf\":{\"@id\":\"https:\/\/compuviper.mx\/tienda\/#website\"},\"datePublished\":\"2026-04-07T06:07:53+00:00\",\"dateModified\":\"2026-04-07T06:07:53+00:00\",\"description\":\"Compra Mpx-7505-afag-bus Fuente De Poder \/ Elite Gold 750w \/ V3 Atx 3.1 \/ 80 Plus Gold Certificada \/ Modular \/ Gamer + Env\u00edo a domicilio + Pago seguro + Garant\u00eda\",\"breadcrumb\":{\"@id\":\"https:\/\/compuviper.mx\/tienda\/producto\/cooler-master-mpx-7505-afag-bus-fuente-de-poder-elite-gold-750w-v3-atx-3-1-80-plus-gold-certificada-modular-gamer\/#breadcrumb\"},\"inLanguage\":\"es-MX\",\"potentialAction\":[{\"@type\":\"ReadAction\",\"target\":[\"https:\/\/compuviper.mx\/tienda\/producto\/cooler-master-mpx-7505-afag-bus-fuente-de-poder-elite-gold-750w-v3-atx-3-1-80-plus-gold-certificada-modular-gamer\/\"]}]},{\"@type\":\"BreadcrumbList\",\"@id\":\"https:\/\/compuviper.mx\/tienda\/producto\/cooler-master-mpx-7505-afag-bus-fuente-de-poder-elite-gold-750w-v3-atx-3-1-80-plus-gold-certificada-modular-gamer\/#breadcrumb\",\"itemListElement\":[{\"@type\":\"ListItem\",\"position\":1,\"name\":\"Inicio\",\"item\":\"https:\/\/compuviper.mx\/tienda\/\"},{\"@type\":\"ListItem\",\"position\":2,\"name\":\"Productos\",\"item\":\"https:\/\/compuviper.mx\/tienda\/productos\/\"},{\"@type\":\"ListItem\",\"position\":3,\"name\":\"Energia\",\"item\":\"https:\/\/compuviper.mx\/tienda\/categoria-producto\/energia\/\"},{\"@type\":\"ListItem\",\"position\":4,\"name\":\"Fuentes De Poder\",\"item\":\"https:\/\/compuviper.mx\/tienda\/categoria-producto\/energia\/fuentes-de-poder\/\"},{\"@type\":\"ListItem\",\"position\":5,\"name\":\"Cooler Master Mpx-7505-afag-bus Fuente De Poder \/ Elite Gold 750w \/ V3 Atx 3.1 \/ 80 Plus Gold Certificada \/ Modular \/ Gamer\"}]},{\"@type\":\"WebSite\",\"@id\":\"https:\/\/compuviper.mx\/tienda\/#website\",\"url\":\"https:\/\/compuviper.mx\/tienda\/\",\"name\":\"Compuviper\",\"description\":\"Proveedor de Computadoras, Laptops, Servidores, Monitores, Puntos de Venta, Teclados,   Impresoras, T\u00f3ner, C\u00e1maras de Seguridad y m\u00e1s en tu tienda en l\u00ednea\",\"publisher\":{\"@id\":\"https:\/\/compuviper.mx\/tienda\/#organization\"},\"potentialAction\":[{\"@type\":\"SearchAction\",\"target\":{\"@type\":\"EntryPoint\",\"urlTemplate\":\"https:\/\/compuviper.mx\/tienda\/?s={search_term_string}\"},\"query-input\":\"required name=search_term_string\"}],\"inLanguage\":\"es-MX\"},{\"@type\":\"Organization\",\"@id\":\"https:\/\/compuviper.mx\/tienda\/#organization\",\"name\":\"Compuviper\",\"url\":\"https:\/\/compuviper.mx\/tienda\/\",\"logo\":{\"@type\":\"ImageObject\",\"inLanguage\":\"es-MX\",\"@id\":\"https:\/\/compuviper.mx\/tienda\/#\/schema\/logo\/image\/\",\"url\":\"https:\/\/compuviper.mx\/tienda\/wp-content\/uploads\/2021\/08\/Logo-Compuviper-10.png\",\"contentUrl\":\"https:\/\/compuviper.mx\/tienda\/wp-content\/uploads\/2021\/08\/Logo-Compuviper-10.png\",\"width\":1000,\"height\":500,\"caption\":\"Compuviper\"},\"image\":{\"@id\":\"https:\/\/compuviper.mx\/tienda\/#\/schema\/logo\/image\/\"},\"sameAs\":[\"https:\/\/www.facebook.com\/compuviper\",\"https:\/\/www.youtube.com\/channel\/UCf73dERp9Y3cfOq7q8BhLjA?view_as=subscriber\"]}]}<\/script>\n<meta property=\"product:brand\" content=\"COOLER MASTER\" \/>\n<meta property=\"product:price:amount\" content=\"1300\" \/>\n<meta property=\"product:price:currency\" content=\"MXN\" \/>\n<meta property=\"og:availability\" content=\"instock\" \/>\n<meta property=\"product:availability\" content=\"instock\" \/>\n<meta property=\"product:retailer_item_id\" content=\"MPX-7505-AFAG-BUS\" \/>\n<meta property=\"product:condition\" content=\"new\" \/>\n<!-- \/ Yoast SEO plugin. -->","yoast_head_json":{"title":"[ Cooler Master ] &#129351; Mpx-7505-afag-bus Fuente De Poder \/ Elite Gold 750w \/ V3 Atx 3.1 \/ 80 Plus Gold Certificada \/ Modular \/ Gamer","description":"Compra Mpx-7505-afag-bus Fuente De Poder \/ Elite Gold 750w \/ V3 Atx 3.1 \/ 80 Plus Gold Certificada \/ Modular \/ Gamer + Env\u00edo a domicilio + Pago seguro + Garant\u00eda","robots":{"index":"index","follow":"follow","max-snippet":"max-snippet:-1","max-image-preview":"max-image-preview:large","max-video-preview":"max-video-preview:-1"},"canonical":"https:\/\/compuviper.mx\/tienda\/producto\/cooler-master-mpx-7505-afag-bus-fuente-de-poder-elite-gold-750w-v3-atx-3-1-80-plus-gold-certificada-modular-gamer\/","og_locale":"es_MX","og_type":"article","og_title":"[ Cooler Master ] &#129351; Mpx-7505-afag-bus Fuente De Poder \/ Elite Gold 750w \/ V3 Atx 3.1 \/ 80 Plus Gold Certificada \/ Modular \/ Gamer","og_description":"Compra Mpx-7505-afag-bus Fuente De Poder \/ Elite Gold 750w \/ V3 Atx 3.1 \/ 80 Plus Gold Certificada \/ Modular \/ Gamer + Env\u00edo a domicilio + Pago seguro + Garant\u00eda","og_url":"https:\/\/compuviper.mx\/tienda\/producto\/cooler-master-mpx-7505-afag-bus-fuente-de-poder-elite-gold-750w-v3-atx-3-1-80-plus-gold-certificada-modular-gamer\/","og_site_name":"Compuviper","article_publisher":"https:\/\/www.facebook.com\/compuviper","twitter_card":"summary_large_image","twitter_misc":{"Precio":"&#36;1,300 con IVA","Availability":"In stock"},"schema":{"@context":"https:\/\/schema.org","@graph":[{"@type":"WebPage","@id":"https:\/\/compuviper.mx\/tienda\/producto\/cooler-master-mpx-7505-afag-bus-fuente-de-poder-elite-gold-750w-v3-atx-3-1-80-plus-gold-certificada-modular-gamer\/","url":"https:\/\/compuviper.mx\/tienda\/producto\/cooler-master-mpx-7505-afag-bus-fuente-de-poder-elite-gold-750w-v3-atx-3-1-80-plus-gold-certificada-modular-gamer\/","name":"[ Cooler Master ] &#129351; Mpx-7505-afag-bus Fuente De Poder \/ Elite Gold 750w \/ V3 Atx 3.1 \/ 80 Plus Gold Certificada \/ Modular \/ Gamer","isPartOf":{"@id":"https:\/\/compuviper.mx\/tienda\/#website"},"datePublished":"2026-04-07T06:07:53+00:00","dateModified":"2026-04-07T06:07:53+00:00","description":"Compra Mpx-7505-afag-bus Fuente De Poder \/ Elite Gold 750w \/ V3 Atx 3.1 \/ 80 Plus Gold Certificada \/ Modular \/ Gamer + Env\u00edo a domicilio + Pago seguro + Garant\u00eda","breadcrumb":{"@id":"https:\/\/compuviper.mx\/tienda\/producto\/cooler-master-mpx-7505-afag-bus-fuente-de-poder-elite-gold-750w-v3-atx-3-1-80-plus-gold-certificada-modular-gamer\/#breadcrumb"},"inLanguage":"es-MX","potentialAction":[{"@type":"ReadAction","target":["https:\/\/compuviper.mx\/tienda\/producto\/cooler-master-mpx-7505-afag-bus-fuente-de-poder-elite-gold-750w-v3-atx-3-1-80-plus-gold-certificada-modular-gamer\/"]}]},{"@type":"BreadcrumbList","@id":"https:\/\/compuviper.mx\/tienda\/producto\/cooler-master-mpx-7505-afag-bus-fuente-de-poder-elite-gold-750w-v3-atx-3-1-80-plus-gold-certificada-modular-gamer\/#breadcrumb","itemListElement":[{"@type":"ListItem","position":1,"name":"Inicio","item":"https:\/\/compuviper.mx\/tienda\/"},{"@type":"ListItem","position":2,"name":"Productos","item":"https:\/\/compuviper.mx\/tienda\/productos\/"},{"@type":"ListItem","position":3,"name":"Energia","item":"https:\/\/compuviper.mx\/tienda\/categoria-producto\/energia\/"},{"@type":"ListItem","position":4,"name":"Fuentes De Poder","item":"https:\/\/compuviper.mx\/tienda\/categoria-producto\/energia\/fuentes-de-poder\/"},{"@type":"ListItem","position":5,"name":"Cooler Master Mpx-7505-afag-bus Fuente De Poder \/ Elite Gold 750w \/ V3 Atx 3.1 \/ 80 Plus Gold Certificada \/ Modular \/ Gamer"}]},{"@type":"WebSite","@id":"https:\/\/compuviper.mx\/tienda\/#website","url":"https:\/\/compuviper.mx\/tienda\/","name":"Compuviper","description":"Proveedor de Computadoras, Laptops, Servidores, Monitores, Puntos de Venta, Teclados,   Impresoras, T\u00f3ner, C\u00e1maras de Seguridad y m\u00e1s en tu tienda en l\u00ednea","publisher":{"@id":"https:\/\/compuviper.mx\/tienda\/#organization"},"potentialAction":[{"@type":"SearchAction","target":{"@type":"EntryPoint","urlTemplate":"https:\/\/compuviper.mx\/tienda\/?s={search_term_string}"},"query-input":"required name=search_term_string"}],"inLanguage":"es-MX"},{"@type":"Organization","@id":"https:\/\/compuviper.mx\/tienda\/#organization","name":"Compuviper","url":"https:\/\/compuviper.mx\/tienda\/","logo":{"@type":"ImageObject","inLanguage":"es-MX","@id":"https:\/\/compuviper.mx\/tienda\/#\/schema\/logo\/image\/","url":"https:\/\/compuviper.mx\/tienda\/wp-content\/uploads\/2021\/08\/Logo-Compuviper-10.png","contentUrl":"https:\/\/compuviper.mx\/tienda\/wp-content\/uploads\/2021\/08\/Logo-Compuviper-10.png","width":1000,"height":500,"caption":"Compuviper"},"image":{"@id":"https:\/\/compuviper.mx\/tienda\/#\/schema\/logo\/image\/"},"sameAs":["https:\/\/www.facebook.com\/compuviper","https:\/\/www.youtube.com\/channel\/UCf73dERp9Y3cfOq7q8BhLjA?view_as=subscriber"]}]},"product_brand":"COOLER MASTER","product_price_amount":"1300","product_price_currency":"MXN","og_availability":"instock","product_availability":"instock","product_retailer_item_id":"MPX-7505-AFAG-BUS","product_condition":"new"},"_links":{"self":[{"href":"https:\/\/compuviper.mx\/tienda\/wp-json\/wp\/v2\/product\/267618"}],"collection":[{"href":"https:\/\/compuviper.mx\/tienda\/wp-json\/wp\/v2\/product"}],"about":[{"href":"https:\/\/compuviper.mx\/tienda\/wp-json\/wp\/v2\/types\/product"}],"replies":[{"embeddable":true,"href":"https:\/\/compuviper.mx\/tienda\/wp-json\/wp\/v2\/comments?post=267618"}],"wp:attachment":[{"href":"https:\/\/compuviper.mx\/tienda\/wp-json\/wp\/v2\/media?parent=267618"}],"wp:term":[{"taxonomy":"product_cat","embeddable":true,"href":"https:\/\/compuviper.mx\/tienda\/wp-json\/wp\/v2\/product_cat?post=267618"},{"taxonomy":"product_tag","embeddable":true,"href":"https:\/\/compuviper.mx\/tienda\/wp-json\/wp\/v2\/product_tag?post=267618"}],"curies":[{"name":"wp","href":"https:\/\/api.w.org\/{rel}","templated":true}]}}