{"id":267615,"date":"2026-04-02T00:07:21","date_gmt":"2026-04-02T06:07:21","guid":{"rendered":"https:\/\/compuviper.mx\/tienda\/producto\/cooler-master-mpe-6502-acaag-3bus-fuente-de-poder-650w-mwe-v3-atx-3-1-80plus-gold-certificada-no-modular-gamer\/"},"modified":"2026-04-03T00:00:05","modified_gmt":"2026-04-03T06:00:05","slug":"cooler-master-mpe-6502-acaag-3bus-fuente-de-poder-650w-mwe-v3-atx-3-1-80plus-gold-certificada-no-modular-gamer","status":"publish","type":"product","link":"https:\/\/compuviper.mx\/tienda\/producto\/cooler-master-mpe-6502-acaag-3bus-fuente-de-poder-650w-mwe-v3-atx-3-1-80plus-gold-certificada-no-modular-gamer\/","title":{"rendered":"Cooler Master Mpe-6502-acaag-3bus Fuente De Poder  650w \/ Mwe V3 Atx 3.1 \/ 80plus Gold Certificada \/ No Modular \/ Gamer"},"content":{"rendered":"<table class=\"descripcion\">\n<tr>\n<td>Modelo: mpe-6502-acaag-3b<\/td>\n<\/tr>\n<tr>\n<td>Version atx: atx 12v ver. 3.1<\/td>\n<\/tr>\n<tr>\n<td>Pfcpfc activo<\/td>\n<\/tr>\n<tr>\n<td>Tension de entrada: 100-240v<\/td>\n<\/tr>\n<tr>\n<td>Corriente de entrada:10-5a (650w)<\/td>\n<\/tr>\n<tr>\n<td>Frecuencia de entrada: 50-60hz<\/td>\n<\/tr>\n<tr>\n<td>Dimensiones (l x anla x e): 140 x 150 x 86 mm<\/td>\n<\/tr>\n<tr>\n<td>Tama\u00f1o del abanico: 120mm<\/td>\n<\/tr>\n<tr>\n<td>Rodamiento del ventilador: hdb<\/td>\n<\/tr>\n<tr>\n<td>Velocidad del ventilador: 2400 rpm (850\/750\/650w)<\/td>\n<\/tr>\n<tr>\n<td>Eficiencia:  and #8805;90% @ carga tipica<\/td>\n<\/tr>\n<tr>\n<td>Calificacion plus 80: 80 plus oro<\/td>\n<\/tr>\n<tr>\n<td>Erp 2014 lote 3: s\u00ed<\/td>\n<\/tr>\n<tr>\n<td>Temperatura de funcionamiento: 0-40\u00b0c<\/td>\n<\/tr>\n<tr>\n<td>Alimentacion buena se\u00f1al: 100 &#8211; 150 ms<\/td>\n<\/tr>\n<tr>\n<td>Hora de esperar:  and #8805;16 ms al 80% de carga<\/td>\n<\/tr>\n<tr>\n<td>Mtbf:  100.000 horas (850\/750w),  100.000 horas @ 25\u00b0cambiant (650\/550w)<\/td>\n<\/tr>\n<tr>\n<td>Protecciones: uvp \/ ovp \/ opp \/ otp \/ scp \/ ocp<\/td>\n<\/tr>\n<tr>\n<td>Regulaci\u00f3n: ctuvus, tuv, ce, fcc, bsmi, ccc, eac, rcm, ukca, rohs2.0 \/ bis, kc (segun las solicitudes de la regi\u00f3n).<\/td>\n<\/tr>\n<tr>\n<td>Conectores atx de 24 pines: 1<\/td>\n<\/tr>\n<tr>\n<td>Conectores eps de 8 pines \/ 4+4 pines: 2<\/td>\n<\/tr>\n<tr>\n<td>Conectores pci-e de 6+2 pines: 4 (650w)<\/td>\n<\/tr>\n<tr>\n<td>Conectores sata: 6<\/td>\n<\/tr>\n<tr>\n<td>Conectores perif\u00e9ricos de 4 pines: 3<\/td>\n<\/tr>\n<tr>\n<td>Serie: serie oro de mwe<\/td>\n<\/tr>\n<tr>\n<td>Modular: no modular<\/td>\n<\/tr>\n<tr>\n<td>Factor de forma: atx<\/td>\n<\/tr>\n<tr>\n<td>80 plus eficiencia: oro<\/td>\n<\/tr>\n<\/table>\n","protected":false},"excerpt":{"rendered":"<p>Sube de nivel tu poder. Mwe gold v3 atx 3.1 serie no modular. Disponible en los modelos 850, 750, 650, 550. Soporte para atx 3.1. Un cable nativo duradero de 12v-2&#215;6 (solo 750 \/ 850w. Alta resistencia a las temperaturas. Tecnologia de cc a cc. 2 conectores eps. Garantia de 5 a\u00f1os. Soporte atx 3.1 y un cable nativo duradero 12v-2&#215;6 ( solo 750 \/ 850 . La fuente de alimentacion compatible con atx 3.1 soporta un 200% de la potencia maxima en 200 %, lo que la hace ideal para que las gpus de la siguiente generacion puedan satisfacer facilmente las demandas de futuras tarjetas graficas de alto rendimiento. Incluye un cable de 180 grados 12+4 pines (12v-2&#215;6) que puede soportar el consumo m\u00e1ximo de energia de 450w para tarjetas graficas convencionales. Ventilador hdb silencioso. Un ventilador de rodamientos hidrodinamicos proporciona una refrigeracion duradera, silenciosa y eficaz. Conectores eps trenzados premium. Se incluyen dos conectores eps de 4 pines para compatibilidad universal con placas base de la generacion actual. Los cables cuentan con fundas trenzadas premium para mayor durabilidad, flexibilidad y un aspecto limpio y profesional<\/p>\n","protected":false},"featured_media":0,"comment_status":"open","ping_status":"open","template":"","meta":[],"product_cat":[1508,1672],"product_tag":[1615],"acf":[],"yoast_head":"<!-- This site is optimized with the Yoast SEO plugin v21.7 - https:\/\/yoast.com\/wordpress\/plugins\/seo\/ -->\n<title>[ Cooler Master ] &#129351; Mpe-6502-acaag-3bus Fuente De Poder 650w \/ Mwe V3 Atx 3.1 \/ 80plus Gold Certificada \/ No Modular \/ Gamer<\/title>\n<meta name=\"description\" content=\"Compra Mpe-6502-acaag-3bus Fuente De Poder 650w \/ Mwe V3 Atx 3.1 \/ 80plus Gold Certificada \/ No Modular \/ Gamer + Env\u00edo a domicilio + Pago seguro + Garant\u00eda\" \/>\n<meta name=\"robots\" content=\"index, follow, max-snippet:-1, max-image-preview:large, max-video-preview:-1\" \/>\n<link rel=\"canonical\" href=\"https:\/\/compuviper.mx\/tienda\/producto\/cooler-master-mpe-6502-acaag-3bus-fuente-de-poder-650w-mwe-v3-atx-3-1-80plus-gold-certificada-no-modular-gamer\/\" \/>\n<meta property=\"og:locale\" content=\"es_MX\" \/>\n<meta property=\"og:type\" content=\"article\" \/>\n<meta property=\"og:title\" content=\"[ Cooler Master ] &#129351; Mpe-6502-acaag-3bus Fuente De Poder 650w \/ Mwe V3 Atx 3.1 \/ 80plus Gold Certificada \/ No Modular \/ Gamer\" \/>\n<meta property=\"og:description\" content=\"Compra Mpe-6502-acaag-3bus Fuente De Poder 650w \/ Mwe V3 Atx 3.1 \/ 80plus Gold Certificada \/ No Modular \/ Gamer + Env\u00edo a domicilio + Pago seguro + Garant\u00eda\" \/>\n<meta property=\"og:url\" content=\"https:\/\/compuviper.mx\/tienda\/producto\/cooler-master-mpe-6502-acaag-3bus-fuente-de-poder-650w-mwe-v3-atx-3-1-80plus-gold-certificada-no-modular-gamer\/\" \/>\n<meta property=\"og:site_name\" content=\"Compuviper\" \/>\n<meta property=\"article:publisher\" content=\"https:\/\/www.facebook.com\/compuviper\" \/>\n<meta property=\"article:modified_time\" content=\"2026-04-03T06:00:05+00:00\" \/>\n<meta name=\"twitter:card\" content=\"summary_large_image\" \/>\n<meta name=\"twitter:label1\" content=\"Precio\" \/>\n\t<meta name=\"twitter:data1\" content=\"&#36;922 con IVA\" \/>\n\t<meta name=\"twitter:label2\" content=\"Availability\" \/>\n\t<meta name=\"twitter:data2\" content=\"In stock\" \/>\n<script type=\"application\/ld+json\" class=\"yoast-schema-graph\">{\"@context\":\"https:\/\/schema.org\",\"@graph\":[{\"@type\":\"WebPage\",\"@id\":\"https:\/\/compuviper.mx\/tienda\/producto\/cooler-master-mpe-6502-acaag-3bus-fuente-de-poder-650w-mwe-v3-atx-3-1-80plus-gold-certificada-no-modular-gamer\/\",\"url\":\"https:\/\/compuviper.mx\/tienda\/producto\/cooler-master-mpe-6502-acaag-3bus-fuente-de-poder-650w-mwe-v3-atx-3-1-80plus-gold-certificada-no-modular-gamer\/\",\"name\":\"[ Cooler Master ] &#129351; Mpe-6502-acaag-3bus Fuente De Poder 650w \/ Mwe V3 Atx 3.1 \/ 80plus Gold Certificada \/ No Modular \/ Gamer\",\"isPartOf\":{\"@id\":\"https:\/\/compuviper.mx\/tienda\/#website\"},\"datePublished\":\"2026-04-02T06:07:21+00:00\",\"dateModified\":\"2026-04-03T06:00:05+00:00\",\"description\":\"Compra Mpe-6502-acaag-3bus Fuente De Poder 650w \/ Mwe V3 Atx 3.1 \/ 80plus Gold Certificada \/ No Modular \/ Gamer + Env\u00edo a domicilio + Pago seguro + Garant\u00eda\",\"breadcrumb\":{\"@id\":\"https:\/\/compuviper.mx\/tienda\/producto\/cooler-master-mpe-6502-acaag-3bus-fuente-de-poder-650w-mwe-v3-atx-3-1-80plus-gold-certificada-no-modular-gamer\/#breadcrumb\"},\"inLanguage\":\"es-MX\",\"potentialAction\":[{\"@type\":\"ReadAction\",\"target\":[\"https:\/\/compuviper.mx\/tienda\/producto\/cooler-master-mpe-6502-acaag-3bus-fuente-de-poder-650w-mwe-v3-atx-3-1-80plus-gold-certificada-no-modular-gamer\/\"]}]},{\"@type\":\"BreadcrumbList\",\"@id\":\"https:\/\/compuviper.mx\/tienda\/producto\/cooler-master-mpe-6502-acaag-3bus-fuente-de-poder-650w-mwe-v3-atx-3-1-80plus-gold-certificada-no-modular-gamer\/#breadcrumb\",\"itemListElement\":[{\"@type\":\"ListItem\",\"position\":1,\"name\":\"Inicio\",\"item\":\"https:\/\/compuviper.mx\/tienda\/\"},{\"@type\":\"ListItem\",\"position\":2,\"name\":\"Productos\",\"item\":\"https:\/\/compuviper.mx\/tienda\/productos\/\"},{\"@type\":\"ListItem\",\"position\":3,\"name\":\"Energia\",\"item\":\"https:\/\/compuviper.mx\/tienda\/categoria-producto\/energia\/\"},{\"@type\":\"ListItem\",\"position\":4,\"name\":\"Fuentes De Poder\",\"item\":\"https:\/\/compuviper.mx\/tienda\/categoria-producto\/energia\/fuentes-de-poder\/\"},{\"@type\":\"ListItem\",\"position\":5,\"name\":\"Cooler Master Mpe-6502-acaag-3bus Fuente De Poder 650w \/ Mwe V3 Atx 3.1 \/ 80plus Gold Certificada \/ No Modular \/ Gamer\"}]},{\"@type\":\"WebSite\",\"@id\":\"https:\/\/compuviper.mx\/tienda\/#website\",\"url\":\"https:\/\/compuviper.mx\/tienda\/\",\"name\":\"Compuviper\",\"description\":\"Proveedor de Computadoras, Laptops, Servidores, Monitores, Puntos de Venta, Teclados,   Impresoras, T\u00f3ner, C\u00e1maras de Seguridad y m\u00e1s en tu tienda en l\u00ednea\",\"publisher\":{\"@id\":\"https:\/\/compuviper.mx\/tienda\/#organization\"},\"potentialAction\":[{\"@type\":\"SearchAction\",\"target\":{\"@type\":\"EntryPoint\",\"urlTemplate\":\"https:\/\/compuviper.mx\/tienda\/?s={search_term_string}\"},\"query-input\":\"required name=search_term_string\"}],\"inLanguage\":\"es-MX\"},{\"@type\":\"Organization\",\"@id\":\"https:\/\/compuviper.mx\/tienda\/#organization\",\"name\":\"Compuviper\",\"url\":\"https:\/\/compuviper.mx\/tienda\/\",\"logo\":{\"@type\":\"ImageObject\",\"inLanguage\":\"es-MX\",\"@id\":\"https:\/\/compuviper.mx\/tienda\/#\/schema\/logo\/image\/\",\"url\":\"https:\/\/compuviper.mx\/tienda\/wp-content\/uploads\/2021\/08\/Logo-Compuviper-10.png\",\"contentUrl\":\"https:\/\/compuviper.mx\/tienda\/wp-content\/uploads\/2021\/08\/Logo-Compuviper-10.png\",\"width\":1000,\"height\":500,\"caption\":\"Compuviper\"},\"image\":{\"@id\":\"https:\/\/compuviper.mx\/tienda\/#\/schema\/logo\/image\/\"},\"sameAs\":[\"https:\/\/www.facebook.com\/compuviper\",\"https:\/\/www.youtube.com\/channel\/UCf73dERp9Y3cfOq7q8BhLjA?view_as=subscriber\"]}]}<\/script>\n<meta property=\"product:brand\" content=\"COOLER MASTER\" \/>\n<meta property=\"product:price:amount\" content=\"922\" \/>\n<meta property=\"product:price:currency\" content=\"MXN\" \/>\n<meta property=\"og:availability\" content=\"instock\" \/>\n<meta property=\"product:availability\" content=\"instock\" \/>\n<meta property=\"product:retailer_item_id\" content=\"MPE-6502-ACAAG-3BUS\" \/>\n<meta property=\"product:condition\" content=\"new\" \/>\n<!-- \/ Yoast SEO plugin. -->","yoast_head_json":{"title":"[ Cooler Master ] &#129351; Mpe-6502-acaag-3bus Fuente De Poder 650w \/ Mwe V3 Atx 3.1 \/ 80plus Gold Certificada \/ No Modular \/ Gamer","description":"Compra Mpe-6502-acaag-3bus Fuente De Poder 650w \/ Mwe V3 Atx 3.1 \/ 80plus Gold Certificada \/ No Modular \/ Gamer + Env\u00edo a domicilio + Pago seguro + Garant\u00eda","robots":{"index":"index","follow":"follow","max-snippet":"max-snippet:-1","max-image-preview":"max-image-preview:large","max-video-preview":"max-video-preview:-1"},"canonical":"https:\/\/compuviper.mx\/tienda\/producto\/cooler-master-mpe-6502-acaag-3bus-fuente-de-poder-650w-mwe-v3-atx-3-1-80plus-gold-certificada-no-modular-gamer\/","og_locale":"es_MX","og_type":"article","og_title":"[ Cooler Master ] &#129351; Mpe-6502-acaag-3bus Fuente De Poder 650w \/ Mwe V3 Atx 3.1 \/ 80plus Gold Certificada \/ No Modular \/ Gamer","og_description":"Compra Mpe-6502-acaag-3bus Fuente De Poder 650w \/ Mwe V3 Atx 3.1 \/ 80plus Gold Certificada \/ No Modular \/ Gamer + Env\u00edo a domicilio + Pago seguro + Garant\u00eda","og_url":"https:\/\/compuviper.mx\/tienda\/producto\/cooler-master-mpe-6502-acaag-3bus-fuente-de-poder-650w-mwe-v3-atx-3-1-80plus-gold-certificada-no-modular-gamer\/","og_site_name":"Compuviper","article_publisher":"https:\/\/www.facebook.com\/compuviper","article_modified_time":"2026-04-03T06:00:05+00:00","twitter_card":"summary_large_image","twitter_misc":{"Precio":"&#36;922 con IVA","Availability":"In stock"},"schema":{"@context":"https:\/\/schema.org","@graph":[{"@type":"WebPage","@id":"https:\/\/compuviper.mx\/tienda\/producto\/cooler-master-mpe-6502-acaag-3bus-fuente-de-poder-650w-mwe-v3-atx-3-1-80plus-gold-certificada-no-modular-gamer\/","url":"https:\/\/compuviper.mx\/tienda\/producto\/cooler-master-mpe-6502-acaag-3bus-fuente-de-poder-650w-mwe-v3-atx-3-1-80plus-gold-certificada-no-modular-gamer\/","name":"[ Cooler Master ] &#129351; Mpe-6502-acaag-3bus Fuente De Poder 650w \/ Mwe V3 Atx 3.1 \/ 80plus Gold Certificada \/ No Modular \/ Gamer","isPartOf":{"@id":"https:\/\/compuviper.mx\/tienda\/#website"},"datePublished":"2026-04-02T06:07:21+00:00","dateModified":"2026-04-03T06:00:05+00:00","description":"Compra Mpe-6502-acaag-3bus Fuente De Poder 650w \/ Mwe V3 Atx 3.1 \/ 80plus Gold Certificada \/ No Modular \/ Gamer + Env\u00edo a domicilio + Pago seguro + Garant\u00eda","breadcrumb":{"@id":"https:\/\/compuviper.mx\/tienda\/producto\/cooler-master-mpe-6502-acaag-3bus-fuente-de-poder-650w-mwe-v3-atx-3-1-80plus-gold-certificada-no-modular-gamer\/#breadcrumb"},"inLanguage":"es-MX","potentialAction":[{"@type":"ReadAction","target":["https:\/\/compuviper.mx\/tienda\/producto\/cooler-master-mpe-6502-acaag-3bus-fuente-de-poder-650w-mwe-v3-atx-3-1-80plus-gold-certificada-no-modular-gamer\/"]}]},{"@type":"BreadcrumbList","@id":"https:\/\/compuviper.mx\/tienda\/producto\/cooler-master-mpe-6502-acaag-3bus-fuente-de-poder-650w-mwe-v3-atx-3-1-80plus-gold-certificada-no-modular-gamer\/#breadcrumb","itemListElement":[{"@type":"ListItem","position":1,"name":"Inicio","item":"https:\/\/compuviper.mx\/tienda\/"},{"@type":"ListItem","position":2,"name":"Productos","item":"https:\/\/compuviper.mx\/tienda\/productos\/"},{"@type":"ListItem","position":3,"name":"Energia","item":"https:\/\/compuviper.mx\/tienda\/categoria-producto\/energia\/"},{"@type":"ListItem","position":4,"name":"Fuentes De Poder","item":"https:\/\/compuviper.mx\/tienda\/categoria-producto\/energia\/fuentes-de-poder\/"},{"@type":"ListItem","position":5,"name":"Cooler Master Mpe-6502-acaag-3bus Fuente De Poder 650w \/ Mwe V3 Atx 3.1 \/ 80plus Gold Certificada \/ No Modular \/ Gamer"}]},{"@type":"WebSite","@id":"https:\/\/compuviper.mx\/tienda\/#website","url":"https:\/\/compuviper.mx\/tienda\/","name":"Compuviper","description":"Proveedor de Computadoras, Laptops, Servidores, Monitores, Puntos de Venta, Teclados,   Impresoras, T\u00f3ner, C\u00e1maras de Seguridad y m\u00e1s en tu tienda en l\u00ednea","publisher":{"@id":"https:\/\/compuviper.mx\/tienda\/#organization"},"potentialAction":[{"@type":"SearchAction","target":{"@type":"EntryPoint","urlTemplate":"https:\/\/compuviper.mx\/tienda\/?s={search_term_string}"},"query-input":"required name=search_term_string"}],"inLanguage":"es-MX"},{"@type":"Organization","@id":"https:\/\/compuviper.mx\/tienda\/#organization","name":"Compuviper","url":"https:\/\/compuviper.mx\/tienda\/","logo":{"@type":"ImageObject","inLanguage":"es-MX","@id":"https:\/\/compuviper.mx\/tienda\/#\/schema\/logo\/image\/","url":"https:\/\/compuviper.mx\/tienda\/wp-content\/uploads\/2021\/08\/Logo-Compuviper-10.png","contentUrl":"https:\/\/compuviper.mx\/tienda\/wp-content\/uploads\/2021\/08\/Logo-Compuviper-10.png","width":1000,"height":500,"caption":"Compuviper"},"image":{"@id":"https:\/\/compuviper.mx\/tienda\/#\/schema\/logo\/image\/"},"sameAs":["https:\/\/www.facebook.com\/compuviper","https:\/\/www.youtube.com\/channel\/UCf73dERp9Y3cfOq7q8BhLjA?view_as=subscriber"]}]},"product_brand":"COOLER MASTER","product_price_amount":"922","product_price_currency":"MXN","og_availability":"instock","product_availability":"instock","product_retailer_item_id":"MPE-6502-ACAAG-3BUS","product_condition":"new"},"_links":{"self":[{"href":"https:\/\/compuviper.mx\/tienda\/wp-json\/wp\/v2\/product\/267615"}],"collection":[{"href":"https:\/\/compuviper.mx\/tienda\/wp-json\/wp\/v2\/product"}],"about":[{"href":"https:\/\/compuviper.mx\/tienda\/wp-json\/wp\/v2\/types\/product"}],"replies":[{"embeddable":true,"href":"https:\/\/compuviper.mx\/tienda\/wp-json\/wp\/v2\/comments?post=267615"}],"wp:attachment":[{"href":"https:\/\/compuviper.mx\/tienda\/wp-json\/wp\/v2\/media?parent=267615"}],"wp:term":[{"taxonomy":"product_cat","embeddable":true,"href":"https:\/\/compuviper.mx\/tienda\/wp-json\/wp\/v2\/product_cat?post=267615"},{"taxonomy":"product_tag","embeddable":true,"href":"https:\/\/compuviper.mx\/tienda\/wp-json\/wp\/v2\/product_tag?post=267615"}],"curies":[{"name":"wp","href":"https:\/\/api.w.org\/{rel}","templated":true}]}}