{"id":267605,"date":"2026-05-01T02:22:45","date_gmt":"2026-05-01T08:22:45","guid":{"rendered":"https:\/\/compuviper.mx\/tienda\/producto\/sharp-display-xp-a824u-w-videoproyector-laser-sharp-blanco-3lcd-wuxga-8200-lumenes-cont-30000001-hdmi-hdcp-2-2-hdbaset-rj45-display-port-w-hdcp-20000-hrs-requiere-de-lente\/"},"modified":"2026-05-01T02:22:45","modified_gmt":"2026-05-01T08:22:45","slug":"sharp-display-xp-a824u-w-videoproyector-laser-sharp-blanco-3lcd-wuxga-8200-lumenes-cont-30000001-hdmi-hdcp-2-2-hdbaset-rj45-display-port-w-hdcp-20000-hrs-requiere-de-lente","status":"publish","type":"product","link":"https:\/\/compuviper.mx\/tienda\/producto\/sharp-display-xp-a824u-w-videoproyector-laser-sharp-blanco-3lcd-wuxga-8200-lumenes-cont-30000001-hdmi-hdcp-2-2-hdbaset-rj45-display-port-w-hdcp-20000-hrs-requiere-de-lente\/","title":{"rendered":"Sharp Display Xp-a824u-w Videoproyector Laser Sharp  Blanco 3lcd Wuxga 8,200 Lumenes Cont 3,000,0001 \/hdmi-hdcp 2.2\/hdbaset \/ Rj45, Display Port W\/hdcp 20,000 Hrs Requiere De Lente"},"content":{"rendered":"<table class=\"descripcion\">\n<tr>\n<td>\u00f3ptico<\/td>\n<\/tr>\n<tr>\n<td>Tecnolog\u00eda de proyecci\u00f3n 3lcd tecnolog\u00eda<\/td>\n<\/tr>\n<tr>\n<td>Resoluci\u00f3n nativa<\/td>\n<\/tr>\n<tr>\n<td>1920 x 1200 (wuxga)<\/td>\n<\/tr>\n<tr>\n<td>Relaci\u00f3n de aspecto 16:10<\/td>\n<\/tr>\n<tr>\n<td>Ratio de contraste 3000000:1<\/td>\n<\/tr>\n<tr>\n<td>Brillo 7500 l\u00famenes (80% aprox. en modo eco), con lente est\u00e1ndar opcional; en cumplimiento seg\u00fan iso21118-2012<\/td>\n<\/tr>\n<tr>\n<td>Brillo (modo de impulso) 8200 lumen<\/td>\n<\/tr>\n<tr>\n<td>L\u00e1mpara fuente de luz l\u00e1ser<\/td>\n<\/tr>\n<tr>\n<td>Vida \u00fatil de la fuente de luz [hs] 20000 1<\/td>\n<\/tr>\n<tr>\n<td>Lentes 5 opciones de lente motorizada<\/td>\n<\/tr>\n<tr>\n<td>Ajuste de la lente motorizado<\/td>\n<\/tr>\n<tr>\n<td>Desplazamiento de lente h:\u00b120, v:+10,-50<\/td>\n<\/tr>\n<tr>\n<td>Correcci\u00f3n de la distorsi\u00f3n trapezoidal +\/- 40\u00b0 horizontal manualmente \/ +\/- 40\u00b0 vertical manualmente<\/td>\n<\/tr>\n<tr>\n<td>Factor de proyecci\u00f3n dependiendo de la selecci\u00f3n de la lente (opci\u00f3n est\u00e1ndar xp-41zl, 1,3:3,02:1)<\/td>\n<\/tr>\n<tr>\n<td>Distancia de proyecci\u00f3n [m] 0,7 \u0096 50,9<\/td>\n<\/tr>\n<tr>\n<td>Tama\u00f1o de la pantalla (diagonal) [cm] \/ [pulgadas] m\u00e1ximo: 1.270 \/ 500; m\u00ednimo: 101,6 \/ 40<\/td>\n<\/tr>\n<tr>\n<td>Zoom motorizado y manual (seg\u00fan la lente)<\/td>\n<\/tr>\n<tr>\n<td>Ajuste de enfoque motorizado y manual (seg\u00fan la lente)<\/td>\n<\/tr>\n<tr>\n<td>Resoluciones soportadas<\/td>\n<\/tr>\n<tr>\n<td>1080i\/50\/60;<\/td>\n<\/tr>\n<tr>\n<td>1080p\/24\/25\/30\/50\/60;<\/td>\n<\/tr>\n<tr>\n<td>1920&#215;1200 (wuxga) &#8211; 640&#215;480 (vga);<\/td>\n<\/tr>\n<tr>\n<td>2560 x 1600 (wqxga);<\/td>\n<\/tr>\n<tr>\n<td>2560p\/1080;<\/td>\n<\/tr>\n<tr>\n<td>3840 x 2160 (4kuhd\/60);<\/td>\n<\/tr>\n<tr>\n<td>4096 x 2160 (4k\/60);<\/td>\n<\/tr>\n<tr>\n<td>480i\/60;<\/td>\n<\/tr>\n<tr>\n<td>480p\/60;<\/td>\n<\/tr>\n<tr>\n<td>576i\/50;<\/td>\n<\/tr>\n<tr>\n<td>576p\/50;<\/td>\n<\/tr>\n<tr>\n<td>720p\/50;<\/td>\n<\/tr>\n<tr>\n<td>720p\/60<\/td>\n<\/tr>\n<tr>\n<td>Frecuencia frecuencia digital: horizontal: 15\/24 &#8211; 153 khz; vertical: 24-120 hz<\/td>\n<\/tr>\n<tr>\n<td>Conectividad<\/td>\n<\/tr>\n<tr>\n<td>Digital entrada: 1 x hdbaset; 2 x hdmi\u0099 soporta hdcp 2.2<\/td>\n<\/tr>\n<tr>\n<td>Salida: 1 x hdbaset que soporta hdcp 2.2<\/td>\n<\/tr>\n<tr>\n<td>Audio entrada: 1 x audio support hdbaset; 2 x audio support hdmi<\/td>\n<\/tr>\n<tr>\n<td>Salida: 1 x 3,5 mm mini jack est\u00e9reo (variable)<\/td>\n<\/tr>\n<tr>\n<td>Control entrada: 1 x d-sub de 9 contactos (rs-232), ethernet; 1 x mini jack est\u00e9reo de 3,5 mm (control remoto al\u00e1mbrico)<\/td>\n<\/tr>\n<tr>\n<td>Lan 1 x rj45<\/td>\n<\/tr>\n<tr>\n<td>Usb 1 x tipo a (usb 2.0 r\u00e1pido de gran velocidad)<\/td>\n<\/tr>\n<tr>\n<td>Sincronizaci\u00f3n 3d salida: 1 x mini din 3pin<\/td>\n<\/tr>\n<tr>\n<td>Mando a distancia<\/td>\n<\/tr>\n<tr>\n<td>Mando a distancia alimentaci\u00f3n (on &#8211; off); control de cambio de lentes y de zoom \/ enfoque; correcci\u00f3n geom\u00e9trica; elecci\u00f3n de las fuentes de entrada; funci\u00f3n de obturaci\u00f3n; id set; regulaci\u00f3n de volumen; seleccionar id; selecci\u00f3n (arriba, abajo, izquierda, derecha); test de imagen; zoom digital<\/td>\n<\/tr>\n<tr>\n<td>El\u00e9ctrico<\/td>\n<\/tr>\n<tr>\n<td>Alimentaci\u00f3n 100-240 v ac; 50 &#8211; 60 hz<\/td>\n<\/tr>\n<tr>\n<td>Consumo [w] 615 (normal) \/ 560 (eco) \/ 0.8 (network stand-by) \/ 0.28 (stand-by)<\/td>\n<\/tr>\n<tr>\n<td>Mec\u00e1nico<\/td>\n<\/tr>\n<tr>\n<td>Medidas (an x al x prof) [mm] 599 x 208 x 490 (sin pies ni lente)<\/td>\n<\/tr>\n<tr>\n<td>Peso [kg] 24,1<\/td>\n<\/tr>\n<tr>\n<td>Ruido del ventilador [db (a)] 28 \/ 34 (eco \/ normal)<\/td>\n<\/tr>\n<tr>\n<td>Versiones blanco; negro<\/td>\n<\/tr>\n<tr>\n<td>Condiciones ambientales<\/td>\n<\/tr>\n<tr>\n<td>Temperatura ambiente de funcionamiento [\u00b0c] 0 to 40<\/td>\n<\/tr>\n<tr>\n<td>Humedad ambiental de funcionamiento [%] 20 a 80 sin condensaci\u00f3n<\/td>\n<\/tr>\n<tr>\n<td>Temperatura de almacenamiento [\u00b0c] -10 to 50<\/td>\n<\/tr>\n<tr>\n<td>Humedad de almacenamiento [%] 20 a 80 sin condensaci\u00f3n<\/td>\n<\/tr>\n<tr>\n<td>Ergonom\u00eda<\/td>\n<\/tr>\n<tr>\n<td>Seguridad y ergonom\u00eda ce; eac; erp; rohs; tuev type approved<\/td>\n<\/tr>\n<tr>\n<td>Funciones adicionales<\/td>\n<\/tr>\n<tr>\n<td>Caracter\u00edsticas especiales 3d ready; ajuste de formato vertical; ajuste de fuente de luz; amx beacon; circuito (hollywood quality video) para una mayor calidad de la imagen de video; conexi\u00f3n de se\u00f1al de salida hdbaset; conmutaci\u00f3n perfecta; control de navegador http; control rs-232; control v\u00eda lan; conversi\u00f3n crom\u00e1tica de rec2020 a rec709; correcci\u00f3n geom\u00e9trica; correcci\u00f3n manual del color de la pared; correcci\u00f3n trapezoidal (h=\u00b140\u00b0, v=\u00b140\u00b0); crestron connected; divisor incorporado de display\/pantalla m\u00faltiple; funci\u00f3n de apagado directo; funci\u00f3n de cambio de lente (v +0.5 m\u00e1x\/-0.1 m\u00e1x, h \u00b1 0.3 m\u00e1x.); funci\u00f3n de timer; funci\u00f3n edge blending; hasta 20.000 hs vida \u00fatil de la fuente de luz; hdbaset; inclinaci\u00f3n libre; interfaces 4k\/60hz; ip5x\/ip6x rated; logotipo del usuario, opcional; memoria de la lente; men\u00fa de pantalla en 27 idiomas; modelo de prueba; modo de compensaci\u00f3n multipantalla; modo de gran altitud; naviset administrator 2; pip\/side by side, entrada hdmi; pj link; proceso cinema quality picture (cqp imagen de calidad de cine) para la mejor calidad de imagen; reforma 3d digital\u0099; simulaci\u00f3n dicom; sistema de seguridad con contrase\u00f1a; soporta reproductor uhd; soporte hdr10; stacking function<\/td>\n<\/tr>\n<tr>\n<td>Funciones ecol\u00f3gicas<\/td>\n<\/tr>\n<tr>\n<td>Eficiencia energ\u00e9tica administraci\u00f3n inteligente de energ\u00eda; funci\u00f3n de timer; menos de 0.3w de consumo de energ\u00eda en stand-by; programador eco; software de programaci\u00f3n; vida \u00fatil m\u00e1s larga de la fuente de luz<\/td>\n<\/tr>\n<tr>\n<td>Materiales ecol\u00f3gicos 100% de envases reciclables; manuales para descargar<\/td>\n<\/tr>\n<tr>\n<td>Est\u00e1ndares ecol\u00f3gicos erp compatibile<\/td>\n<\/tr>\n<tr>\n<td>Garant\u00eda<\/td>\n<\/tr>\n<tr>\n<td>Proyectores 5 a\u00f1os<\/td>\n<\/tr>\n<tr>\n<td>Accesorios inclu\u00eddos cable de red; gu\u00eda de instalaci\u00f3n r\u00e1pida; mando a distancia por infrarrojo (rd-480e); proyector<\/td>\n<\/tr>\n<tr>\n<td>Accesorios opcionales<\/td>\n<\/tr>\n<tr>\n<td>Accesorios opcionales cubre cable (xp-13cv-w, xp-13cv-b); lentes bayoneta 5 opcionales; suspensor universal para techos (pj02ucmpf)<\/td>\n<\/tr>\n<tr>\n<td>Lentes &#8211; motorizados xp-40zl\/np40zl (0.79-1.11:1); xp-41zl\/np41zl (1.3-3.02:1); xp-43zl\/np43zl (2.99-5.93:1); xp-44ml-a\/np44ml-pa4 (0.32:1); xp-50zl\/np50zl (0.6-0.75:1)<\/td>\n<\/tr>\n<\/table>\n","protected":false},"excerpt":{"rendered":"<p>La serie a de sharp, logra un rendimiento consistente y fiable adem\u00e1s de un color n\u00edtido y claridad, y fue dise\u00f1ada para instalaciones fijas que necesitan una calidad de imagen confiable y poco mantenimiento. La serie a, con una calibraci\u00f3n de punto blanco precisa y un mayor espacio crom\u00e1tico, utiliza un procesamiento de se\u00f1ales de color de 12 bits para lograr una saturaci\u00f3n intensa y un alto contraste, perfecto para un contenido visual detallado en entornos educativos, pantallas p\u00fablicas y simulaciones. Su funcionamiento supersilencioso hace que sea adecuada para espacios ac\u00fasticamente sensibles como salas de conferencia, museos y salas de control. El motor \u00f3ptico sellado, con calificaci\u00f3n ip5x contra la entrada de polvo, mantiene la calidad de la imagen estable y un brillo constante a lo largo del tiempo. El dise\u00f1o lcd sin filtro combinado con una fuente de luz l\u00e1ser hace que no sea necesario cambiar las bombillas, lo cual reduce el coste del mantenimiento y permite hasta 20 000 horas de funcionamiento. La instalaci\u00f3n se simplifica gracias al software pro assist de sharp, que permite una configuraci\u00f3n y un ajuste remotos incluso aunque no pueda acceder al proyector. El desplazamiento amplio de las lentes, junto con las funciones avanzadas como dbaset-out, mezcla y apilamiento, garantizan una integraci\u00f3n flexible en entornos complejos. Beneficios. Ya no ser\u00e1 necesario reemplazar la l\u00e1mpara \u0096 hasta 20.000 hs de operaci\u00f3n sin mantenimiento gracias a la fuente de luz l\u00e1ser. No requiere servicio para el filtro \u0096 es un motor de l\u00e1ser \u00f3ptico lcd completamente sellado que da lugar a un dise\u00f1o libre de filtro. Mantiene los colores brillantes y ya no necesitar\u00e1 considerar los costes de servicio en su presupuesto. Operaci\u00f3n muy silenciosa \u0096 el motor liviano sellado y patentado, incorpora un dise\u00f1o innovador para la ventilaci\u00f3n, y no solo impide que entre el polvo, tambi\u00e9n reduce dram\u00e1ticamente el ruido. Impresione con colores y contraste v\u00edvidos \u0096 un blanco brillante y un amplio espacio crom\u00e1tico con un contraste altamente din\u00e1mico, soporta hdr10 est\u00e1ndar mediante interfaz hdmi. Capacidades incre\u00edbles de visualizaci\u00f3n \u0096 capacidad impresionante de instalaci\u00f3n de inclinaci\u00f3n libre y posici\u00f3n vertical, ajuste geom\u00e9trico \u00fanico en su clase, imagen en azulejos y ensamblaje desde la c\u00e1mara.<\/p>\n","protected":false},"featured_media":0,"comment_status":"open","ping_status":"open","template":"","meta":[],"product_cat":[1846,1843],"product_tag":[2237],"acf":[],"yoast_head":"<!-- This site is optimized with the Yoast SEO plugin v21.7 - https:\/\/yoast.com\/wordpress\/plugins\/seo\/ -->\n<title>[ Sharp Display ] &#129351; Xp-a824u-w Videoproyector Laser Sharp Blanco 3lcd Wuxga 8,200 Lumenes Cont 3,000,0001 \/hdmi-hdcp 2.2\/hdbaset \/ Rj45, Display Port W\/hdcp 20,000 Hrs Requiere De Lente<\/title>\n<meta name=\"description\" content=\"Compra Xp-a824u-w Videoproyector Laser Sharp Blanco 3lcd Wuxga 8,200 Lumenes Cont 3,000,0001 \/hdmi-hdcp 2.2\/hdbaset \/ Rj45, Display Port W\/hdcp 20,000 Hrs Requiere De Lente + Env\u00edo a domicilio + Pago seguro + Garant\u00eda\" \/>\n<meta name=\"robots\" content=\"index, follow, max-snippet:-1, max-image-preview:large, max-video-preview:-1\" \/>\n<link rel=\"canonical\" href=\"https:\/\/compuviper.mx\/tienda\/producto\/sharp-display-xp-a824u-w-videoproyector-laser-sharp-blanco-3lcd-wuxga-8200-lumenes-cont-30000001-hdmi-hdcp-2-2-hdbaset-rj45-display-port-w-hdcp-20000-hrs-requiere-de-lente\/\" \/>\n<meta property=\"og:locale\" content=\"es_MX\" \/>\n<meta property=\"og:type\" content=\"article\" \/>\n<meta property=\"og:title\" content=\"[ Sharp Display ] &#129351; Xp-a824u-w Videoproyector Laser Sharp Blanco 3lcd Wuxga 8,200 Lumenes Cont 3,000,0001 \/hdmi-hdcp 2.2\/hdbaset \/ Rj45, Display Port W\/hdcp 20,000 Hrs Requiere De Lente\" \/>\n<meta property=\"og:description\" content=\"Compra Xp-a824u-w Videoproyector Laser Sharp Blanco 3lcd Wuxga 8,200 Lumenes Cont 3,000,0001 \/hdmi-hdcp 2.2\/hdbaset \/ Rj45, Display Port W\/hdcp 20,000 Hrs Requiere De Lente + Env\u00edo a domicilio + Pago seguro + Garant\u00eda\" \/>\n<meta property=\"og:url\" content=\"https:\/\/compuviper.mx\/tienda\/producto\/sharp-display-xp-a824u-w-videoproyector-laser-sharp-blanco-3lcd-wuxga-8200-lumenes-cont-30000001-hdmi-hdcp-2-2-hdbaset-rj45-display-port-w-hdcp-20000-hrs-requiere-de-lente\/\" \/>\n<meta property=\"og:site_name\" content=\"Compuviper\" \/>\n<meta property=\"article:publisher\" content=\"https:\/\/www.facebook.com\/compuviper\" \/>\n<meta name=\"twitter:card\" content=\"summary_large_image\" \/>\n<meta name=\"twitter:label1\" content=\"Precio\" \/>\n\t<meta name=\"twitter:data1\" content=\"&#36;153,171 con IVA\" \/>\n\t<meta name=\"twitter:label2\" content=\"Availability\" \/>\n\t<meta name=\"twitter:data2\" content=\"On backorder\" \/>\n<script type=\"application\/ld+json\" class=\"yoast-schema-graph\">{\"@context\":\"https:\/\/schema.org\",\"@graph\":[{\"@type\":\"WebPage\",\"@id\":\"https:\/\/compuviper.mx\/tienda\/producto\/sharp-display-xp-a824u-w-videoproyector-laser-sharp-blanco-3lcd-wuxga-8200-lumenes-cont-30000001-hdmi-hdcp-2-2-hdbaset-rj45-display-port-w-hdcp-20000-hrs-requiere-de-lente\/\",\"url\":\"https:\/\/compuviper.mx\/tienda\/producto\/sharp-display-xp-a824u-w-videoproyector-laser-sharp-blanco-3lcd-wuxga-8200-lumenes-cont-30000001-hdmi-hdcp-2-2-hdbaset-rj45-display-port-w-hdcp-20000-hrs-requiere-de-lente\/\",\"name\":\"[ Sharp Display ] &#129351; Xp-a824u-w Videoproyector Laser Sharp Blanco 3lcd Wuxga 8,200 Lumenes Cont 3,000,0001 \/hdmi-hdcp 2.2\/hdbaset \/ Rj45, Display Port W\/hdcp 20,000 Hrs Requiere De Lente\",\"isPartOf\":{\"@id\":\"https:\/\/compuviper.mx\/tienda\/#website\"},\"datePublished\":\"2026-05-01T08:22:45+00:00\",\"dateModified\":\"2026-05-01T08:22:45+00:00\",\"description\":\"Compra Xp-a824u-w Videoproyector Laser Sharp Blanco 3lcd Wuxga 8,200 Lumenes Cont 3,000,0001 \/hdmi-hdcp 2.2\/hdbaset \/ Rj45, Display Port W\/hdcp 20,000 Hrs Requiere De Lente + Env\u00edo a domicilio + Pago seguro + Garant\u00eda\",\"breadcrumb\":{\"@id\":\"https:\/\/compuviper.mx\/tienda\/producto\/sharp-display-xp-a824u-w-videoproyector-laser-sharp-blanco-3lcd-wuxga-8200-lumenes-cont-30000001-hdmi-hdcp-2-2-hdbaset-rj45-display-port-w-hdcp-20000-hrs-requiere-de-lente\/#breadcrumb\"},\"inLanguage\":\"es-MX\",\"potentialAction\":[{\"@type\":\"ReadAction\",\"target\":[\"https:\/\/compuviper.mx\/tienda\/producto\/sharp-display-xp-a824u-w-videoproyector-laser-sharp-blanco-3lcd-wuxga-8200-lumenes-cont-30000001-hdmi-hdcp-2-2-hdbaset-rj45-display-port-w-hdcp-20000-hrs-requiere-de-lente\/\"]}]},{\"@type\":\"BreadcrumbList\",\"@id\":\"https:\/\/compuviper.mx\/tienda\/producto\/sharp-display-xp-a824u-w-videoproyector-laser-sharp-blanco-3lcd-wuxga-8200-lumenes-cont-30000001-hdmi-hdcp-2-2-hdbaset-rj45-display-port-w-hdcp-20000-hrs-requiere-de-lente\/#breadcrumb\",\"itemListElement\":[{\"@type\":\"ListItem\",\"position\":1,\"name\":\"Inicio\",\"item\":\"https:\/\/compuviper.mx\/tienda\/\"},{\"@type\":\"ListItem\",\"position\":2,\"name\":\"Productos\",\"item\":\"https:\/\/compuviper.mx\/tienda\/productos\/\"},{\"@type\":\"ListItem\",\"position\":3,\"name\":\"Videoproyector\",\"item\":\"https:\/\/compuviper.mx\/tienda\/categoria-producto\/videoproyector\/\"},{\"@type\":\"ListItem\",\"position\":4,\"name\":\"Profesional\",\"item\":\"https:\/\/compuviper.mx\/tienda\/categoria-producto\/videoproyector\/profesional\/\"},{\"@type\":\"ListItem\",\"position\":5,\"name\":\"Sharp Display Xp-a824u-w Videoproyector Laser Sharp Blanco 3lcd Wuxga 8,200 Lumenes Cont 3,000,0001 \/hdmi-hdcp 2.2\/hdbaset \/ Rj45, Display Port W\/hdcp 20,000 Hrs Requiere De Lente\"}]},{\"@type\":\"WebSite\",\"@id\":\"https:\/\/compuviper.mx\/tienda\/#website\",\"url\":\"https:\/\/compuviper.mx\/tienda\/\",\"name\":\"Compuviper\",\"description\":\"Proveedor de Computadoras, Laptops, Servidores, Monitores, Puntos de Venta, Teclados,   Impresoras, T\u00f3ner, C\u00e1maras de Seguridad y m\u00e1s en tu tienda en l\u00ednea\",\"publisher\":{\"@id\":\"https:\/\/compuviper.mx\/tienda\/#organization\"},\"potentialAction\":[{\"@type\":\"SearchAction\",\"target\":{\"@type\":\"EntryPoint\",\"urlTemplate\":\"https:\/\/compuviper.mx\/tienda\/?s={search_term_string}\"},\"query-input\":\"required name=search_term_string\"}],\"inLanguage\":\"es-MX\"},{\"@type\":\"Organization\",\"@id\":\"https:\/\/compuviper.mx\/tienda\/#organization\",\"name\":\"Compuviper\",\"url\":\"https:\/\/compuviper.mx\/tienda\/\",\"logo\":{\"@type\":\"ImageObject\",\"inLanguage\":\"es-MX\",\"@id\":\"https:\/\/compuviper.mx\/tienda\/#\/schema\/logo\/image\/\",\"url\":\"https:\/\/compuviper.mx\/tienda\/wp-content\/uploads\/2021\/08\/Logo-Compuviper-10.png\",\"contentUrl\":\"https:\/\/compuviper.mx\/tienda\/wp-content\/uploads\/2021\/08\/Logo-Compuviper-10.png\",\"width\":1000,\"height\":500,\"caption\":\"Compuviper\"},\"image\":{\"@id\":\"https:\/\/compuviper.mx\/tienda\/#\/schema\/logo\/image\/\"},\"sameAs\":[\"https:\/\/www.facebook.com\/compuviper\",\"https:\/\/www.youtube.com\/channel\/UCf73dERp9Y3cfOq7q8BhLjA?view_as=subscriber\"]}]}<\/script>\n<meta property=\"product:brand\" content=\"Sharp Display\" \/>\n<meta property=\"product:price:amount\" content=\"153171\" \/>\n<meta property=\"product:price:currency\" content=\"MXN\" \/>\n<meta property=\"og:availability\" content=\"backorder\" \/>\n<meta property=\"product:availability\" content=\"available for order\" \/>\n<meta property=\"product:retailer_item_id\" content=\"XP-A824U-W\" \/>\n<meta property=\"product:condition\" content=\"new\" \/>\n<!-- \/ Yoast SEO plugin. -->","yoast_head_json":{"title":"[ Sharp Display ] &#129351; Xp-a824u-w Videoproyector Laser Sharp Blanco 3lcd Wuxga 8,200 Lumenes Cont 3,000,0001 \/hdmi-hdcp 2.2\/hdbaset \/ Rj45, Display Port W\/hdcp 20,000 Hrs Requiere De Lente","description":"Compra Xp-a824u-w Videoproyector Laser Sharp Blanco 3lcd Wuxga 8,200 Lumenes Cont 3,000,0001 \/hdmi-hdcp 2.2\/hdbaset \/ Rj45, Display Port W\/hdcp 20,000 Hrs Requiere De Lente + Env\u00edo a domicilio + Pago seguro + Garant\u00eda","robots":{"index":"index","follow":"follow","max-snippet":"max-snippet:-1","max-image-preview":"max-image-preview:large","max-video-preview":"max-video-preview:-1"},"canonical":"https:\/\/compuviper.mx\/tienda\/producto\/sharp-display-xp-a824u-w-videoproyector-laser-sharp-blanco-3lcd-wuxga-8200-lumenes-cont-30000001-hdmi-hdcp-2-2-hdbaset-rj45-display-port-w-hdcp-20000-hrs-requiere-de-lente\/","og_locale":"es_MX","og_type":"article","og_title":"[ Sharp Display ] &#129351; Xp-a824u-w Videoproyector Laser Sharp Blanco 3lcd Wuxga 8,200 Lumenes Cont 3,000,0001 \/hdmi-hdcp 2.2\/hdbaset \/ Rj45, Display Port W\/hdcp 20,000 Hrs Requiere De Lente","og_description":"Compra Xp-a824u-w Videoproyector Laser Sharp Blanco 3lcd Wuxga 8,200 Lumenes Cont 3,000,0001 \/hdmi-hdcp 2.2\/hdbaset \/ Rj45, Display Port W\/hdcp 20,000 Hrs Requiere De Lente + Env\u00edo a domicilio + Pago seguro + Garant\u00eda","og_url":"https:\/\/compuviper.mx\/tienda\/producto\/sharp-display-xp-a824u-w-videoproyector-laser-sharp-blanco-3lcd-wuxga-8200-lumenes-cont-30000001-hdmi-hdcp-2-2-hdbaset-rj45-display-port-w-hdcp-20000-hrs-requiere-de-lente\/","og_site_name":"Compuviper","article_publisher":"https:\/\/www.facebook.com\/compuviper","twitter_card":"summary_large_image","twitter_misc":{"Precio":"&#36;153,171 con IVA","Availability":"On backorder"},"schema":{"@context":"https:\/\/schema.org","@graph":[{"@type":"WebPage","@id":"https:\/\/compuviper.mx\/tienda\/producto\/sharp-display-xp-a824u-w-videoproyector-laser-sharp-blanco-3lcd-wuxga-8200-lumenes-cont-30000001-hdmi-hdcp-2-2-hdbaset-rj45-display-port-w-hdcp-20000-hrs-requiere-de-lente\/","url":"https:\/\/compuviper.mx\/tienda\/producto\/sharp-display-xp-a824u-w-videoproyector-laser-sharp-blanco-3lcd-wuxga-8200-lumenes-cont-30000001-hdmi-hdcp-2-2-hdbaset-rj45-display-port-w-hdcp-20000-hrs-requiere-de-lente\/","name":"[ Sharp Display ] &#129351; Xp-a824u-w Videoproyector Laser Sharp Blanco 3lcd Wuxga 8,200 Lumenes Cont 3,000,0001 \/hdmi-hdcp 2.2\/hdbaset \/ Rj45, Display Port W\/hdcp 20,000 Hrs Requiere De Lente","isPartOf":{"@id":"https:\/\/compuviper.mx\/tienda\/#website"},"datePublished":"2026-05-01T08:22:45+00:00","dateModified":"2026-05-01T08:22:45+00:00","description":"Compra Xp-a824u-w Videoproyector Laser Sharp Blanco 3lcd Wuxga 8,200 Lumenes Cont 3,000,0001 \/hdmi-hdcp 2.2\/hdbaset \/ Rj45, Display Port W\/hdcp 20,000 Hrs Requiere De Lente + Env\u00edo a domicilio + Pago seguro + Garant\u00eda","breadcrumb":{"@id":"https:\/\/compuviper.mx\/tienda\/producto\/sharp-display-xp-a824u-w-videoproyector-laser-sharp-blanco-3lcd-wuxga-8200-lumenes-cont-30000001-hdmi-hdcp-2-2-hdbaset-rj45-display-port-w-hdcp-20000-hrs-requiere-de-lente\/#breadcrumb"},"inLanguage":"es-MX","potentialAction":[{"@type":"ReadAction","target":["https:\/\/compuviper.mx\/tienda\/producto\/sharp-display-xp-a824u-w-videoproyector-laser-sharp-blanco-3lcd-wuxga-8200-lumenes-cont-30000001-hdmi-hdcp-2-2-hdbaset-rj45-display-port-w-hdcp-20000-hrs-requiere-de-lente\/"]}]},{"@type":"BreadcrumbList","@id":"https:\/\/compuviper.mx\/tienda\/producto\/sharp-display-xp-a824u-w-videoproyector-laser-sharp-blanco-3lcd-wuxga-8200-lumenes-cont-30000001-hdmi-hdcp-2-2-hdbaset-rj45-display-port-w-hdcp-20000-hrs-requiere-de-lente\/#breadcrumb","itemListElement":[{"@type":"ListItem","position":1,"name":"Inicio","item":"https:\/\/compuviper.mx\/tienda\/"},{"@type":"ListItem","position":2,"name":"Productos","item":"https:\/\/compuviper.mx\/tienda\/productos\/"},{"@type":"ListItem","position":3,"name":"Videoproyector","item":"https:\/\/compuviper.mx\/tienda\/categoria-producto\/videoproyector\/"},{"@type":"ListItem","position":4,"name":"Profesional","item":"https:\/\/compuviper.mx\/tienda\/categoria-producto\/videoproyector\/profesional\/"},{"@type":"ListItem","position":5,"name":"Sharp Display Xp-a824u-w Videoproyector Laser Sharp Blanco 3lcd Wuxga 8,200 Lumenes Cont 3,000,0001 \/hdmi-hdcp 2.2\/hdbaset \/ Rj45, Display Port W\/hdcp 20,000 Hrs Requiere De Lente"}]},{"@type":"WebSite","@id":"https:\/\/compuviper.mx\/tienda\/#website","url":"https:\/\/compuviper.mx\/tienda\/","name":"Compuviper","description":"Proveedor de Computadoras, Laptops, Servidores, Monitores, Puntos de Venta, Teclados,   Impresoras, T\u00f3ner, C\u00e1maras de Seguridad y m\u00e1s en tu tienda en l\u00ednea","publisher":{"@id":"https:\/\/compuviper.mx\/tienda\/#organization"},"potentialAction":[{"@type":"SearchAction","target":{"@type":"EntryPoint","urlTemplate":"https:\/\/compuviper.mx\/tienda\/?s={search_term_string}"},"query-input":"required name=search_term_string"}],"inLanguage":"es-MX"},{"@type":"Organization","@id":"https:\/\/compuviper.mx\/tienda\/#organization","name":"Compuviper","url":"https:\/\/compuviper.mx\/tienda\/","logo":{"@type":"ImageObject","inLanguage":"es-MX","@id":"https:\/\/compuviper.mx\/tienda\/#\/schema\/logo\/image\/","url":"https:\/\/compuviper.mx\/tienda\/wp-content\/uploads\/2021\/08\/Logo-Compuviper-10.png","contentUrl":"https:\/\/compuviper.mx\/tienda\/wp-content\/uploads\/2021\/08\/Logo-Compuviper-10.png","width":1000,"height":500,"caption":"Compuviper"},"image":{"@id":"https:\/\/compuviper.mx\/tienda\/#\/schema\/logo\/image\/"},"sameAs":["https:\/\/www.facebook.com\/compuviper","https:\/\/www.youtube.com\/channel\/UCf73dERp9Y3cfOq7q8BhLjA?view_as=subscriber"]}]},"product_brand":"Sharp Display","product_price_amount":"153171","product_price_currency":"MXN","og_availability":"backorder","product_availability":"available for order","product_retailer_item_id":"XP-A824U-W","product_condition":"new"},"_links":{"self":[{"href":"https:\/\/compuviper.mx\/tienda\/wp-json\/wp\/v2\/product\/267605"}],"collection":[{"href":"https:\/\/compuviper.mx\/tienda\/wp-json\/wp\/v2\/product"}],"about":[{"href":"https:\/\/compuviper.mx\/tienda\/wp-json\/wp\/v2\/types\/product"}],"replies":[{"embeddable":true,"href":"https:\/\/compuviper.mx\/tienda\/wp-json\/wp\/v2\/comments?post=267605"}],"wp:attachment":[{"href":"https:\/\/compuviper.mx\/tienda\/wp-json\/wp\/v2\/media?parent=267605"}],"wp:term":[{"taxonomy":"product_cat","embeddable":true,"href":"https:\/\/compuviper.mx\/tienda\/wp-json\/wp\/v2\/product_cat?post=267605"},{"taxonomy":"product_tag","embeddable":true,"href":"https:\/\/compuviper.mx\/tienda\/wp-json\/wp\/v2\/product_tag?post=267605"}],"curies":[{"name":"wp","href":"https:\/\/api.w.org\/{rel}","templated":true}]}}