{"id":267604,"date":"2026-04-07T01:58:36","date_gmt":"2026-04-07T07:58:36","guid":{"rendered":"https:\/\/compuviper.mx\/tienda\/producto\/dell-3000193337924-6-bocina-speakerphone-pro-sp3022-con-microfono-de-sobremesa\/"},"modified":"2026-04-07T01:58:37","modified_gmt":"2026-04-07T07:58:37","slug":"dell-3000193337924-6-bocina-speakerphone-pro-sp3022-con-microfono-de-sobremesa","status":"publish","type":"product","link":"https:\/\/compuviper.mx\/tienda\/producto\/dell-3000193337924-6-bocina-speakerphone-pro-sp3022-con-microfono-de-sobremesa\/","title":{"rendered":"Dell 3000193337924.6 Bocina Speakerphone  Pro Sp3022 Con Microfono De Sobremesa"},"content":{"rendered":"<table class=\"descripcion\">\n<tr>\n<td>Ipo de producto<\/td>\n<\/tr>\n<tr>\n<td>Altavoz de escritorio voip &#8211; cableado &#8211; usb-c, usb-a<\/td>\n<\/tr>\n<tr>\n<td>Compatibilidad<\/td>\n<\/tr>\n<tr>\n<td>Windows<\/td>\n<\/tr>\n<tr>\n<td>Tecnologa de conectividad<\/td>\n<\/tr>\n<tr>\n<td>Cableado<\/td>\n<\/tr>\n<tr>\n<td>Modo de salida del sonido<\/td>\n<\/tr>\n<tr>\n<td>Estreo<\/td>\n<\/tr>\n<tr>\n<td>Respuesta de frecuencia<\/td>\n<\/tr>\n<tr>\n<td>90 &#8211; 20000 hz<\/td>\n<\/tr>\n<tr>\n<td>Presin de sonido mx.<\/td>\n<\/tr>\n<tr>\n<td>90 db<\/td>\n<\/tr>\n<tr>\n<td>Caractersticas<\/td>\n<\/tr>\n<tr>\n<td>Procesamiento digital de seales, audio dplex completo, cancelacin del eco<\/td>\n<\/tr>\n<tr>\n<td>Tecnologa de cancelacin del ruido<\/td>\n<\/tr>\n<tr>\n<td>Artificial intelligence noise cancellation<\/td>\n<\/tr>\n<tr>\n<td>Modo de operacin del micrfono<\/td>\n<\/tr>\n<tr>\n<td>Omnidireccional<\/td>\n<\/tr>\n<tr>\n<td>Respuesta de frecuencia<\/td>\n<\/tr>\n<tr>\n<td>120 &#8211; 7000 hz<\/td>\n<\/tr>\n<tr>\n<td>Relacin seal a ruido<\/td>\n<\/tr>\n<tr>\n<td>72 db<\/td>\n<\/tr>\n<tr>\n<td>Cancelacin de ruido<\/td>\n<\/tr>\n<tr>\n<td>S<\/td>\n<\/tr>\n<tr>\n<td>Controles<\/td>\n<\/tr>\n<tr>\n<td>Volumen, conmutador micrfono encendido\/silencio, indicador de estado, responder\/finalizar, indicador led de encendido\/transmisin, rechazar llamada, volumen del micrfono, botn para microsoft teams, contestar llamada<\/td>\n<\/tr>\n<tr>\n<td>Detalles de cables<\/td>\n<\/tr>\n<tr>\n<td>Adaptador de usb-a a usb-c &#8211; 85 cm<\/td>\n<\/tr>\n<tr>\n<td>So host device platform<\/td>\n<\/tr>\n<tr>\n<td>Windows 10 64-bit, windows 11 64-bit<\/td>\n<\/tr>\n<tr>\n<td>Certificacin de software<\/td>\n<\/tr>\n<tr>\n<td>Con certificacin para microsoft teams y zoom y optimizado y probado para comunicaciones unificadas<\/td>\n<\/tr>\n<\/table>\n","protected":false},"excerpt":{"rendered":"<p>Disfrute de un sonido ntido y lleno de matices con el dispositivo manos libres ms inteligente certificado para microsoft teams. Con certificacin para microsoft teams y zoom y optimizado y probado para comunicaciones unificadas<\/p>\n","protected":false},"featured_media":0,"comment_status":"open","ping_status":"open","template":"","meta":[],"product_cat":[2226,1817],"product_tag":[1537],"acf":[],"yoast_head":"<!-- This site is optimized with the Yoast SEO plugin v21.7 - https:\/\/yoast.com\/wordpress\/plugins\/seo\/ -->\n<title>[ Dell ] &#129351; 3000193337924.6 Bocina Speakerphone Pro Sp3022 Con Microfono De Sobremesa<\/title>\n<meta name=\"description\" content=\"Compra 3000193337924.6 Bocina Speakerphone Pro Sp3022 Con Microfono De Sobremesa + Env\u00edo a domicilio + Pago seguro + Garant\u00eda\" \/>\n<meta name=\"robots\" content=\"index, follow, max-snippet:-1, max-image-preview:large, max-video-preview:-1\" \/>\n<link rel=\"canonical\" href=\"https:\/\/compuviper.mx\/tienda\/producto\/dell-3000193337924-6-bocina-speakerphone-pro-sp3022-con-microfono-de-sobremesa\/\" \/>\n<meta property=\"og:locale\" content=\"es_MX\" \/>\n<meta property=\"og:type\" content=\"article\" \/>\n<meta property=\"og:title\" content=\"[ Dell ] &#129351; 3000193337924.6 Bocina Speakerphone Pro Sp3022 Con Microfono De Sobremesa\" \/>\n<meta property=\"og:description\" content=\"Compra 3000193337924.6 Bocina Speakerphone Pro Sp3022 Con Microfono De Sobremesa + Env\u00edo a domicilio + Pago seguro + Garant\u00eda\" \/>\n<meta property=\"og:url\" content=\"https:\/\/compuviper.mx\/tienda\/producto\/dell-3000193337924-6-bocina-speakerphone-pro-sp3022-con-microfono-de-sobremesa\/\" \/>\n<meta property=\"og:site_name\" content=\"Compuviper\" \/>\n<meta property=\"article:publisher\" content=\"https:\/\/www.facebook.com\/compuviper\" \/>\n<meta property=\"article:modified_time\" content=\"2026-04-07T07:58:37+00:00\" \/>\n<meta name=\"twitter:card\" content=\"summary_large_image\" \/>\n<meta name=\"twitter:label1\" content=\"Precio\" \/>\n\t<meta name=\"twitter:data1\" content=\"&#36;1,512 con IVA\" \/>\n\t<meta name=\"twitter:label2\" content=\"Availability\" \/>\n\t<meta name=\"twitter:data2\" content=\"Out of stock\" \/>\n<script type=\"application\/ld+json\" class=\"yoast-schema-graph\">{\"@context\":\"https:\/\/schema.org\",\"@graph\":[{\"@type\":\"WebPage\",\"@id\":\"https:\/\/compuviper.mx\/tienda\/producto\/dell-3000193337924-6-bocina-speakerphone-pro-sp3022-con-microfono-de-sobremesa\/\",\"url\":\"https:\/\/compuviper.mx\/tienda\/producto\/dell-3000193337924-6-bocina-speakerphone-pro-sp3022-con-microfono-de-sobremesa\/\",\"name\":\"[ Dell ] &#129351; 3000193337924.6 Bocina Speakerphone Pro Sp3022 Con Microfono De Sobremesa\",\"isPartOf\":{\"@id\":\"https:\/\/compuviper.mx\/tienda\/#website\"},\"datePublished\":\"2026-04-07T07:58:36+00:00\",\"dateModified\":\"2026-04-07T07:58:37+00:00\",\"description\":\"Compra 3000193337924.6 Bocina Speakerphone Pro Sp3022 Con Microfono De Sobremesa + Env\u00edo a domicilio + Pago seguro + Garant\u00eda\",\"breadcrumb\":{\"@id\":\"https:\/\/compuviper.mx\/tienda\/producto\/dell-3000193337924-6-bocina-speakerphone-pro-sp3022-con-microfono-de-sobremesa\/#breadcrumb\"},\"inLanguage\":\"es-MX\",\"potentialAction\":[{\"@type\":\"ReadAction\",\"target\":[\"https:\/\/compuviper.mx\/tienda\/producto\/dell-3000193337924-6-bocina-speakerphone-pro-sp3022-con-microfono-de-sobremesa\/\"]}]},{\"@type\":\"BreadcrumbList\",\"@id\":\"https:\/\/compuviper.mx\/tienda\/producto\/dell-3000193337924-6-bocina-speakerphone-pro-sp3022-con-microfono-de-sobremesa\/#breadcrumb\",\"itemListElement\":[{\"@type\":\"ListItem\",\"position\":1,\"name\":\"Inicio\",\"item\":\"https:\/\/compuviper.mx\/tienda\/\"},{\"@type\":\"ListItem\",\"position\":2,\"name\":\"Productos\",\"item\":\"https:\/\/compuviper.mx\/tienda\/productos\/\"},{\"@type\":\"ListItem\",\"position\":3,\"name\":\"Bocinas\",\"item\":\"https:\/\/compuviper.mx\/tienda\/categoria-producto\/bocinas\/\"},{\"@type\":\"ListItem\",\"position\":4,\"name\":\"Bocina Videoconferencia\",\"item\":\"https:\/\/compuviper.mx\/tienda\/categoria-producto\/bocinas\/bocina-videoconferencia\/\"},{\"@type\":\"ListItem\",\"position\":5,\"name\":\"Dell 3000193337924.6 Bocina Speakerphone Pro Sp3022 Con Microfono De Sobremesa\"}]},{\"@type\":\"WebSite\",\"@id\":\"https:\/\/compuviper.mx\/tienda\/#website\",\"url\":\"https:\/\/compuviper.mx\/tienda\/\",\"name\":\"Compuviper\",\"description\":\"Proveedor de Computadoras, Laptops, Servidores, Monitores, Puntos de Venta, Teclados,   Impresoras, T\u00f3ner, C\u00e1maras de Seguridad y m\u00e1s en tu tienda en l\u00ednea\",\"publisher\":{\"@id\":\"https:\/\/compuviper.mx\/tienda\/#organization\"},\"potentialAction\":[{\"@type\":\"SearchAction\",\"target\":{\"@type\":\"EntryPoint\",\"urlTemplate\":\"https:\/\/compuviper.mx\/tienda\/?s={search_term_string}\"},\"query-input\":\"required name=search_term_string\"}],\"inLanguage\":\"es-MX\"},{\"@type\":\"Organization\",\"@id\":\"https:\/\/compuviper.mx\/tienda\/#organization\",\"name\":\"Compuviper\",\"url\":\"https:\/\/compuviper.mx\/tienda\/\",\"logo\":{\"@type\":\"ImageObject\",\"inLanguage\":\"es-MX\",\"@id\":\"https:\/\/compuviper.mx\/tienda\/#\/schema\/logo\/image\/\",\"url\":\"https:\/\/compuviper.mx\/tienda\/wp-content\/uploads\/2021\/08\/Logo-Compuviper-10.png\",\"contentUrl\":\"https:\/\/compuviper.mx\/tienda\/wp-content\/uploads\/2021\/08\/Logo-Compuviper-10.png\",\"width\":1000,\"height\":500,\"caption\":\"Compuviper\"},\"image\":{\"@id\":\"https:\/\/compuviper.mx\/tienda\/#\/schema\/logo\/image\/\"},\"sameAs\":[\"https:\/\/www.facebook.com\/compuviper\",\"https:\/\/www.youtube.com\/channel\/UCf73dERp9Y3cfOq7q8BhLjA?view_as=subscriber\"]}]}<\/script>\n<meta property=\"product:brand\" content=\"DELL\" \/>\n<meta property=\"product:price:amount\" content=\"1512\" \/>\n<meta property=\"product:price:currency\" content=\"MXN\" \/>\n<meta property=\"og:availability\" content=\"out of stock\" \/>\n<meta property=\"product:availability\" content=\"out of stock\" \/>\n<meta property=\"product:retailer_item_id\" content=\"3000193337924.6\" \/>\n<meta property=\"product:condition\" content=\"new\" \/>\n<!-- \/ Yoast SEO plugin. -->","yoast_head_json":{"title":"[ Dell ] &#129351; 3000193337924.6 Bocina Speakerphone Pro Sp3022 Con Microfono De Sobremesa","description":"Compra 3000193337924.6 Bocina Speakerphone Pro Sp3022 Con Microfono De Sobremesa + Env\u00edo a domicilio + Pago seguro + Garant\u00eda","robots":{"index":"index","follow":"follow","max-snippet":"max-snippet:-1","max-image-preview":"max-image-preview:large","max-video-preview":"max-video-preview:-1"},"canonical":"https:\/\/compuviper.mx\/tienda\/producto\/dell-3000193337924-6-bocina-speakerphone-pro-sp3022-con-microfono-de-sobremesa\/","og_locale":"es_MX","og_type":"article","og_title":"[ Dell ] &#129351; 3000193337924.6 Bocina Speakerphone Pro Sp3022 Con Microfono De Sobremesa","og_description":"Compra 3000193337924.6 Bocina Speakerphone Pro Sp3022 Con Microfono De Sobremesa + Env\u00edo a domicilio + Pago seguro + Garant\u00eda","og_url":"https:\/\/compuviper.mx\/tienda\/producto\/dell-3000193337924-6-bocina-speakerphone-pro-sp3022-con-microfono-de-sobremesa\/","og_site_name":"Compuviper","article_publisher":"https:\/\/www.facebook.com\/compuviper","article_modified_time":"2026-04-07T07:58:37+00:00","twitter_card":"summary_large_image","twitter_misc":{"Precio":"&#36;1,512 con IVA","Availability":"Out of stock"},"schema":{"@context":"https:\/\/schema.org","@graph":[{"@type":"WebPage","@id":"https:\/\/compuviper.mx\/tienda\/producto\/dell-3000193337924-6-bocina-speakerphone-pro-sp3022-con-microfono-de-sobremesa\/","url":"https:\/\/compuviper.mx\/tienda\/producto\/dell-3000193337924-6-bocina-speakerphone-pro-sp3022-con-microfono-de-sobremesa\/","name":"[ Dell ] &#129351; 3000193337924.6 Bocina Speakerphone Pro Sp3022 Con Microfono De Sobremesa","isPartOf":{"@id":"https:\/\/compuviper.mx\/tienda\/#website"},"datePublished":"2026-04-07T07:58:36+00:00","dateModified":"2026-04-07T07:58:37+00:00","description":"Compra 3000193337924.6 Bocina Speakerphone Pro Sp3022 Con Microfono De Sobremesa + Env\u00edo a domicilio + Pago seguro + Garant\u00eda","breadcrumb":{"@id":"https:\/\/compuviper.mx\/tienda\/producto\/dell-3000193337924-6-bocina-speakerphone-pro-sp3022-con-microfono-de-sobremesa\/#breadcrumb"},"inLanguage":"es-MX","potentialAction":[{"@type":"ReadAction","target":["https:\/\/compuviper.mx\/tienda\/producto\/dell-3000193337924-6-bocina-speakerphone-pro-sp3022-con-microfono-de-sobremesa\/"]}]},{"@type":"BreadcrumbList","@id":"https:\/\/compuviper.mx\/tienda\/producto\/dell-3000193337924-6-bocina-speakerphone-pro-sp3022-con-microfono-de-sobremesa\/#breadcrumb","itemListElement":[{"@type":"ListItem","position":1,"name":"Inicio","item":"https:\/\/compuviper.mx\/tienda\/"},{"@type":"ListItem","position":2,"name":"Productos","item":"https:\/\/compuviper.mx\/tienda\/productos\/"},{"@type":"ListItem","position":3,"name":"Bocinas","item":"https:\/\/compuviper.mx\/tienda\/categoria-producto\/bocinas\/"},{"@type":"ListItem","position":4,"name":"Bocina Videoconferencia","item":"https:\/\/compuviper.mx\/tienda\/categoria-producto\/bocinas\/bocina-videoconferencia\/"},{"@type":"ListItem","position":5,"name":"Dell 3000193337924.6 Bocina Speakerphone Pro Sp3022 Con Microfono De Sobremesa"}]},{"@type":"WebSite","@id":"https:\/\/compuviper.mx\/tienda\/#website","url":"https:\/\/compuviper.mx\/tienda\/","name":"Compuviper","description":"Proveedor de Computadoras, Laptops, Servidores, Monitores, Puntos de Venta, Teclados,   Impresoras, T\u00f3ner, C\u00e1maras de Seguridad y m\u00e1s en tu tienda en l\u00ednea","publisher":{"@id":"https:\/\/compuviper.mx\/tienda\/#organization"},"potentialAction":[{"@type":"SearchAction","target":{"@type":"EntryPoint","urlTemplate":"https:\/\/compuviper.mx\/tienda\/?s={search_term_string}"},"query-input":"required name=search_term_string"}],"inLanguage":"es-MX"},{"@type":"Organization","@id":"https:\/\/compuviper.mx\/tienda\/#organization","name":"Compuviper","url":"https:\/\/compuviper.mx\/tienda\/","logo":{"@type":"ImageObject","inLanguage":"es-MX","@id":"https:\/\/compuviper.mx\/tienda\/#\/schema\/logo\/image\/","url":"https:\/\/compuviper.mx\/tienda\/wp-content\/uploads\/2021\/08\/Logo-Compuviper-10.png","contentUrl":"https:\/\/compuviper.mx\/tienda\/wp-content\/uploads\/2021\/08\/Logo-Compuviper-10.png","width":1000,"height":500,"caption":"Compuviper"},"image":{"@id":"https:\/\/compuviper.mx\/tienda\/#\/schema\/logo\/image\/"},"sameAs":["https:\/\/www.facebook.com\/compuviper","https:\/\/www.youtube.com\/channel\/UCf73dERp9Y3cfOq7q8BhLjA?view_as=subscriber"]}]},"product_brand":"DELL","product_price_amount":"1512","product_price_currency":"MXN","og_availability":"out of stock","product_availability":"out of stock","product_retailer_item_id":"3000193337924.6","product_condition":"new"},"_links":{"self":[{"href":"https:\/\/compuviper.mx\/tienda\/wp-json\/wp\/v2\/product\/267604"}],"collection":[{"href":"https:\/\/compuviper.mx\/tienda\/wp-json\/wp\/v2\/product"}],"about":[{"href":"https:\/\/compuviper.mx\/tienda\/wp-json\/wp\/v2\/types\/product"}],"replies":[{"embeddable":true,"href":"https:\/\/compuviper.mx\/tienda\/wp-json\/wp\/v2\/comments?post=267604"}],"wp:attachment":[{"href":"https:\/\/compuviper.mx\/tienda\/wp-json\/wp\/v2\/media?parent=267604"}],"wp:term":[{"taxonomy":"product_cat","embeddable":true,"href":"https:\/\/compuviper.mx\/tienda\/wp-json\/wp\/v2\/product_cat?post=267604"},{"taxonomy":"product_tag","embeddable":true,"href":"https:\/\/compuviper.mx\/tienda\/wp-json\/wp\/v2\/product_tag?post=267604"}],"curies":[{"name":"wp","href":"https:\/\/api.w.org\/{rel}","templated":true}]}}