{"id":267599,"date":"2026-04-02T23:18:31","date_gmt":"2026-04-03T05:18:31","guid":{"rendered":"https:\/\/compuviper.mx\/tienda\/producto\/dell-4cfww-pc-pro-micro-ai-pc-intel-core-ultra-5-235t-13-tops-16-gb-1x16-gb-512-gb-ssd-wi-fi-win-11-pro-3-aios-de-garantia-negro-rm6yp\/"},"modified":"2026-04-02T23:18:31","modified_gmt":"2026-04-03T05:18:31","slug":"dell-4cfww-pc-pro-micro-ai-pc-intel-core-ultra-5-235t-13-tops-16-gb-1x16-gb-512-gb-ssd-wi-fi-win-11-pro-3-aios-de-garantia-negro","status":"publish","type":"product","link":"https:\/\/compuviper.mx\/tienda\/producto\/dell-4cfww-pc-pro-micro-ai-pc-intel-core-ultra-5-235t-13-tops-16-gb-1x16-gb-512-gb-ssd-wi-fi-win-11-pro-3-aios-de-garantia-negro\/","title":{"rendered":"Dell 4cfww Pc  Pro Micro | Ai Pc | Intel Core Ultra 5 235t (13 Tops) | 16 Gb (1&#215;16 Gb) | 512 Gb Ssd | Wi-fi | Win 11 Pro | 3 A?ios De Garantia | Negro"},"content":{"rendered":"<table class=\"descripcion\">\n<tr>\n<td>Base: dell pro micro qcm1250<\/td>\n<\/tr>\n<tr>\n<td>Procesador: intel core ultra 5 235t (npu de 13 tops, 14 n\u00facleos, hasta 5,0 ghz)<\/td>\n<\/tr>\n<tr>\n<td>Sistema operativo: windows 11 pro<\/td>\n<\/tr>\n<tr>\n<td>Memoria ram: 8 gb ddr5 hasta 5600 mt\/s<\/td>\n<\/tr>\n<tr>\n<td>Almacenamiento: ssd de 512 gb<\/td>\n<\/tr>\n<tr>\n<td>Dise\u00f1o: formato micro (ultra compacto)<\/td>\n<\/tr>\n<tr>\n<td>Gr\u00e1ficos: gr\u00e1ficos integrados<\/td>\n<\/tr>\n<tr>\n<td>Conectividad: wi-fi 6e ax211 y bluetooth con antena interna<\/td>\n<\/tr>\n<tr>\n<td>Teclado y mouse: teclado con cable (espa\u00f1ol) y mouse con cable negro<\/td>\n<\/tr>\n<tr>\n<td>Energ\u00eda: adaptador de ca de 90 w<\/td>\n<\/tr>\n<tr>\n<td>Garant\u00eda y soporte: 3 a\u00f1os de servicio de hardware en el sitio<\/td>\n<\/tr>\n<\/table>\n","protected":false},"excerpt":{"rendered":"<p>Dell pro micro: potencia inteligente y eficiencia en un dise\u00f1o ultra compacto con 3 a\u00f1os de soporte. Esta computadora de escritorio en formato micro es la soluci\u00f3n perfecta para entornos profesionales que buscan despejar el espacio de trabajo sin comprometer el rendimiento. Equipada con el procesador intel core ultra 5, esta unidad incorpora una npu (unidad de procesamiento neural) dedicada, lo que le permite ejecutar tareas de inteligencia artificial con mayor fluidez y menor consumo energ\u00e9tico. Su arquitectura de 14 n\u00facleos y memoria ddr5 aseguran una respuesta \u00e1gil en aplicaciones de productividad. Gracias a su tama\u00f1o reducido, puede ser instalada f\u00e1cilmente detr\u00e1s de un monitor o bajo un escritorio, manteniendo una conectividad total con wi-fi 6e. Adem\u00e1s, cuenta con la tranquilidad de 3 a\u00f1os de garant\u00eda con atenci\u00f3n en el sitio, asegurando la continuidad de tu negocio.<\/p>\n","protected":false},"featured_media":0,"comment_status":"open","ping_status":"open","template":"","meta":[],"product_cat":[1971,1972],"product_tag":[1537],"acf":[],"yoast_head":"<!-- This site is optimized with the Yoast SEO plugin v21.7 - https:\/\/yoast.com\/wordpress\/plugins\/seo\/ -->\n<title>[ Dell ] &#129351; 4cfww Pc Pro Micro | Ai Pc | Intel Core Ultra 5 235t (13 Tops) | 16 Gb (1x16 Gb) | 512 Gb Ssd | Wi-fi | Win 11 Pro | 3 A\u00f1ios De Garantia | Negro<\/title>\n<meta name=\"description\" content=\"Compra 4cfww Pc Pro Micro | Ai Pc | Intel Core Ultra 5 235t (13 Tops) | 16 Gb (1x16 Gb) | 512 Gb Ssd | Wi-fi | Win 11 Pro | 3 A\u00f1ios De Garantia | Negro + Env\u00edo a domicilio + Pago seguro + Garant\u00eda\" \/>\n<meta name=\"robots\" content=\"index, follow, max-snippet:-1, max-image-preview:large, max-video-preview:-1\" \/>\n<link rel=\"canonical\" href=\"https:\/\/compuviper.mx\/tienda\/producto\/dell-4cfww-pc-pro-micro-ai-pc-intel-core-ultra-5-235t-13-tops-16-gb-1x16-gb-512-gb-ssd-wi-fi-win-11-pro-3-aios-de-garantia-negro\/\" \/>\n<meta property=\"og:locale\" content=\"es_MX\" \/>\n<meta property=\"og:type\" content=\"article\" \/>\n<meta property=\"og:title\" content=\"[ Dell ] &#129351; 4cfww Pc Pro Micro | Ai Pc | Intel Core Ultra 5 235t (13 Tops) | 16 Gb (1x16 Gb) | 512 Gb Ssd | Wi-fi | Win 11 Pro | 3 A\u00f1ios De Garantia | Negro\" \/>\n<meta property=\"og:description\" content=\"Compra 4cfww Pc Pro Micro | Ai Pc | Intel Core Ultra 5 235t (13 Tops) | 16 Gb (1x16 Gb) | 512 Gb Ssd | Wi-fi | Win 11 Pro | 3 A\u00f1ios De Garantia | Negro + Env\u00edo a domicilio + Pago seguro + Garant\u00eda\" \/>\n<meta property=\"og:url\" content=\"https:\/\/compuviper.mx\/tienda\/producto\/dell-4cfww-pc-pro-micro-ai-pc-intel-core-ultra-5-235t-13-tops-16-gb-1x16-gb-512-gb-ssd-wi-fi-win-11-pro-3-aios-de-garantia-negro\/\" \/>\n<meta property=\"og:site_name\" content=\"Compuviper\" \/>\n<meta property=\"article:publisher\" content=\"https:\/\/www.facebook.com\/compuviper\" \/>\n<meta name=\"twitter:card\" content=\"summary_large_image\" \/>\n<meta name=\"twitter:label1\" content=\"Precio\" \/>\n\t<meta name=\"twitter:data1\" content=\"&#36;20,352 &#36;17,426 con IVA\" \/>\n\t<meta name=\"twitter:label2\" content=\"Availability\" \/>\n\t<meta name=\"twitter:data2\" content=\"In stock\" \/>\n<script type=\"application\/ld+json\" class=\"yoast-schema-graph\">{\"@context\":\"https:\/\/schema.org\",\"@graph\":[{\"@type\":\"WebPage\",\"@id\":\"https:\/\/compuviper.mx\/tienda\/producto\/dell-4cfww-pc-pro-micro-ai-pc-intel-core-ultra-5-235t-13-tops-16-gb-1x16-gb-512-gb-ssd-wi-fi-win-11-pro-3-aios-de-garantia-negro\/\",\"url\":\"https:\/\/compuviper.mx\/tienda\/producto\/dell-4cfww-pc-pro-micro-ai-pc-intel-core-ultra-5-235t-13-tops-16-gb-1x16-gb-512-gb-ssd-wi-fi-win-11-pro-3-aios-de-garantia-negro\/\",\"name\":\"[ Dell ] &#129351; 4cfww Pc Pro Micro | Ai Pc | Intel Core Ultra 5 235t (13 Tops) | 16 Gb (1x16 Gb) | 512 Gb Ssd | Wi-fi | Win 11 Pro | 3 A\u00f1ios De Garantia | Negro\",\"isPartOf\":{\"@id\":\"https:\/\/compuviper.mx\/tienda\/#website\"},\"datePublished\":\"2026-04-03T05:18:31+00:00\",\"dateModified\":\"2026-04-03T05:18:31+00:00\",\"description\":\"Compra 4cfww Pc Pro Micro | Ai Pc | Intel Core Ultra 5 235t (13 Tops) | 16 Gb (1x16 Gb) | 512 Gb Ssd | Wi-fi | Win 11 Pro | 3 A\u00f1ios De Garantia | Negro + Env\u00edo a domicilio + Pago seguro + Garant\u00eda\",\"breadcrumb\":{\"@id\":\"https:\/\/compuviper.mx\/tienda\/producto\/dell-4cfww-pc-pro-micro-ai-pc-intel-core-ultra-5-235t-13-tops-16-gb-1x16-gb-512-gb-ssd-wi-fi-win-11-pro-3-aios-de-garantia-negro\/#breadcrumb\"},\"inLanguage\":\"es-MX\",\"potentialAction\":[{\"@type\":\"ReadAction\",\"target\":[\"https:\/\/compuviper.mx\/tienda\/producto\/dell-4cfww-pc-pro-micro-ai-pc-intel-core-ultra-5-235t-13-tops-16-gb-1x16-gb-512-gb-ssd-wi-fi-win-11-pro-3-aios-de-garantia-negro\/\"]}]},{\"@type\":\"BreadcrumbList\",\"@id\":\"https:\/\/compuviper.mx\/tienda\/producto\/dell-4cfww-pc-pro-micro-ai-pc-intel-core-ultra-5-235t-13-tops-16-gb-1x16-gb-512-gb-ssd-wi-fi-win-11-pro-3-aios-de-garantia-negro\/#breadcrumb\",\"itemListElement\":[{\"@type\":\"ListItem\",\"position\":1,\"name\":\"Inicio\",\"item\":\"https:\/\/compuviper.mx\/tienda\/\"},{\"@type\":\"ListItem\",\"position\":2,\"name\":\"Productos\",\"item\":\"https:\/\/compuviper.mx\/tienda\/productos\/\"},{\"@type\":\"ListItem\",\"position\":3,\"name\":\"Computadoras\",\"item\":\"https:\/\/compuviper.mx\/tienda\/categoria-producto\/computadoras\/\"},{\"@type\":\"ListItem\",\"position\":4,\"name\":\"Desktop\",\"item\":\"https:\/\/compuviper.mx\/tienda\/categoria-producto\/computadoras\/desktop-computadoras\/\"},{\"@type\":\"ListItem\",\"position\":5,\"name\":\"Dell 4cfww Pc Pro Micro | Ai Pc | Intel Core Ultra 5 235t (13 Tops) | 16 Gb (1&#215;16 Gb) | 512 Gb Ssd | Wi-fi | Win 11 Pro | 3 A?ios De Garantia | Negro\"}]},{\"@type\":\"WebSite\",\"@id\":\"https:\/\/compuviper.mx\/tienda\/#website\",\"url\":\"https:\/\/compuviper.mx\/tienda\/\",\"name\":\"Compuviper\",\"description\":\"Proveedor de Computadoras, Laptops, Servidores, Monitores, Puntos de Venta, Teclados,   Impresoras, T\u00f3ner, C\u00e1maras de Seguridad y m\u00e1s en tu tienda en l\u00ednea\",\"publisher\":{\"@id\":\"https:\/\/compuviper.mx\/tienda\/#organization\"},\"potentialAction\":[{\"@type\":\"SearchAction\",\"target\":{\"@type\":\"EntryPoint\",\"urlTemplate\":\"https:\/\/compuviper.mx\/tienda\/?s={search_term_string}\"},\"query-input\":\"required name=search_term_string\"}],\"inLanguage\":\"es-MX\"},{\"@type\":\"Organization\",\"@id\":\"https:\/\/compuviper.mx\/tienda\/#organization\",\"name\":\"Compuviper\",\"url\":\"https:\/\/compuviper.mx\/tienda\/\",\"logo\":{\"@type\":\"ImageObject\",\"inLanguage\":\"es-MX\",\"@id\":\"https:\/\/compuviper.mx\/tienda\/#\/schema\/logo\/image\/\",\"url\":\"https:\/\/compuviper.mx\/tienda\/wp-content\/uploads\/2021\/08\/Logo-Compuviper-10.png\",\"contentUrl\":\"https:\/\/compuviper.mx\/tienda\/wp-content\/uploads\/2021\/08\/Logo-Compuviper-10.png\",\"width\":1000,\"height\":500,\"caption\":\"Compuviper\"},\"image\":{\"@id\":\"https:\/\/compuviper.mx\/tienda\/#\/schema\/logo\/image\/\"},\"sameAs\":[\"https:\/\/www.facebook.com\/compuviper\",\"https:\/\/www.youtube.com\/channel\/UCf73dERp9Y3cfOq7q8BhLjA?view_as=subscriber\"]}]}<\/script>\n<meta property=\"product:brand\" content=\"DELL\" \/>\n<meta property=\"product:price:amount\" content=\"17426\" \/>\n<meta property=\"product:price:currency\" content=\"MXN\" \/>\n<meta property=\"og:availability\" content=\"instock\" \/>\n<meta property=\"product:availability\" content=\"instock\" \/>\n<meta property=\"product:retailer_item_id\" content=\"4CFWW\" \/>\n<meta property=\"product:condition\" content=\"new\" \/>\n<!-- \/ Yoast SEO plugin. -->","yoast_head_json":{"title":"[ Dell ] &#129351; 4cfww Pc Pro Micro | Ai Pc | Intel Core Ultra 5 235t (13 Tops) | 16 Gb (1x16 Gb) | 512 Gb Ssd | Wi-fi | Win 11 Pro | 3 A\u00f1ios De Garantia | Negro","description":"Compra 4cfww Pc Pro Micro | Ai Pc | Intel Core Ultra 5 235t (13 Tops) | 16 Gb (1x16 Gb) | 512 Gb Ssd | Wi-fi | Win 11 Pro | 3 A\u00f1ios De Garantia | Negro + Env\u00edo a domicilio + Pago seguro + Garant\u00eda","robots":{"index":"index","follow":"follow","max-snippet":"max-snippet:-1","max-image-preview":"max-image-preview:large","max-video-preview":"max-video-preview:-1"},"canonical":"https:\/\/compuviper.mx\/tienda\/producto\/dell-4cfww-pc-pro-micro-ai-pc-intel-core-ultra-5-235t-13-tops-16-gb-1x16-gb-512-gb-ssd-wi-fi-win-11-pro-3-aios-de-garantia-negro\/","og_locale":"es_MX","og_type":"article","og_title":"[ Dell ] &#129351; 4cfww Pc Pro Micro | Ai Pc | Intel Core Ultra 5 235t (13 Tops) | 16 Gb (1x16 Gb) | 512 Gb Ssd | Wi-fi | Win 11 Pro | 3 A\u00f1ios De Garantia | Negro","og_description":"Compra 4cfww Pc Pro Micro | Ai Pc | Intel Core Ultra 5 235t (13 Tops) | 16 Gb (1x16 Gb) | 512 Gb Ssd | Wi-fi | Win 11 Pro | 3 A\u00f1ios De Garantia | Negro + Env\u00edo a domicilio + Pago seguro + Garant\u00eda","og_url":"https:\/\/compuviper.mx\/tienda\/producto\/dell-4cfww-pc-pro-micro-ai-pc-intel-core-ultra-5-235t-13-tops-16-gb-1x16-gb-512-gb-ssd-wi-fi-win-11-pro-3-aios-de-garantia-negro\/","og_site_name":"Compuviper","article_publisher":"https:\/\/www.facebook.com\/compuviper","twitter_card":"summary_large_image","twitter_misc":{"Precio":"&#36;20,352 &#36;17,426 con IVA","Availability":"In stock"},"schema":{"@context":"https:\/\/schema.org","@graph":[{"@type":"WebPage","@id":"https:\/\/compuviper.mx\/tienda\/producto\/dell-4cfww-pc-pro-micro-ai-pc-intel-core-ultra-5-235t-13-tops-16-gb-1x16-gb-512-gb-ssd-wi-fi-win-11-pro-3-aios-de-garantia-negro\/","url":"https:\/\/compuviper.mx\/tienda\/producto\/dell-4cfww-pc-pro-micro-ai-pc-intel-core-ultra-5-235t-13-tops-16-gb-1x16-gb-512-gb-ssd-wi-fi-win-11-pro-3-aios-de-garantia-negro\/","name":"[ Dell ] &#129351; 4cfww Pc Pro Micro | Ai Pc | Intel Core Ultra 5 235t (13 Tops) | 16 Gb (1x16 Gb) | 512 Gb Ssd | Wi-fi | Win 11 Pro | 3 A\u00f1ios De Garantia | Negro","isPartOf":{"@id":"https:\/\/compuviper.mx\/tienda\/#website"},"datePublished":"2026-04-03T05:18:31+00:00","dateModified":"2026-04-03T05:18:31+00:00","description":"Compra 4cfww Pc Pro Micro | Ai Pc | Intel Core Ultra 5 235t (13 Tops) | 16 Gb (1x16 Gb) | 512 Gb Ssd | Wi-fi | Win 11 Pro | 3 A\u00f1ios De Garantia | Negro + Env\u00edo a domicilio + Pago seguro + Garant\u00eda","breadcrumb":{"@id":"https:\/\/compuviper.mx\/tienda\/producto\/dell-4cfww-pc-pro-micro-ai-pc-intel-core-ultra-5-235t-13-tops-16-gb-1x16-gb-512-gb-ssd-wi-fi-win-11-pro-3-aios-de-garantia-negro\/#breadcrumb"},"inLanguage":"es-MX","potentialAction":[{"@type":"ReadAction","target":["https:\/\/compuviper.mx\/tienda\/producto\/dell-4cfww-pc-pro-micro-ai-pc-intel-core-ultra-5-235t-13-tops-16-gb-1x16-gb-512-gb-ssd-wi-fi-win-11-pro-3-aios-de-garantia-negro\/"]}]},{"@type":"BreadcrumbList","@id":"https:\/\/compuviper.mx\/tienda\/producto\/dell-4cfww-pc-pro-micro-ai-pc-intel-core-ultra-5-235t-13-tops-16-gb-1x16-gb-512-gb-ssd-wi-fi-win-11-pro-3-aios-de-garantia-negro\/#breadcrumb","itemListElement":[{"@type":"ListItem","position":1,"name":"Inicio","item":"https:\/\/compuviper.mx\/tienda\/"},{"@type":"ListItem","position":2,"name":"Productos","item":"https:\/\/compuviper.mx\/tienda\/productos\/"},{"@type":"ListItem","position":3,"name":"Computadoras","item":"https:\/\/compuviper.mx\/tienda\/categoria-producto\/computadoras\/"},{"@type":"ListItem","position":4,"name":"Desktop","item":"https:\/\/compuviper.mx\/tienda\/categoria-producto\/computadoras\/desktop-computadoras\/"},{"@type":"ListItem","position":5,"name":"Dell 4cfww Pc Pro Micro | Ai Pc | Intel Core Ultra 5 235t (13 Tops) | 16 Gb (1&#215;16 Gb) | 512 Gb Ssd | Wi-fi | Win 11 Pro | 3 A?ios De Garantia | Negro"}]},{"@type":"WebSite","@id":"https:\/\/compuviper.mx\/tienda\/#website","url":"https:\/\/compuviper.mx\/tienda\/","name":"Compuviper","description":"Proveedor de Computadoras, Laptops, Servidores, Monitores, Puntos de Venta, Teclados,   Impresoras, T\u00f3ner, C\u00e1maras de Seguridad y m\u00e1s en tu tienda en l\u00ednea","publisher":{"@id":"https:\/\/compuviper.mx\/tienda\/#organization"},"potentialAction":[{"@type":"SearchAction","target":{"@type":"EntryPoint","urlTemplate":"https:\/\/compuviper.mx\/tienda\/?s={search_term_string}"},"query-input":"required name=search_term_string"}],"inLanguage":"es-MX"},{"@type":"Organization","@id":"https:\/\/compuviper.mx\/tienda\/#organization","name":"Compuviper","url":"https:\/\/compuviper.mx\/tienda\/","logo":{"@type":"ImageObject","inLanguage":"es-MX","@id":"https:\/\/compuviper.mx\/tienda\/#\/schema\/logo\/image\/","url":"https:\/\/compuviper.mx\/tienda\/wp-content\/uploads\/2021\/08\/Logo-Compuviper-10.png","contentUrl":"https:\/\/compuviper.mx\/tienda\/wp-content\/uploads\/2021\/08\/Logo-Compuviper-10.png","width":1000,"height":500,"caption":"Compuviper"},"image":{"@id":"https:\/\/compuviper.mx\/tienda\/#\/schema\/logo\/image\/"},"sameAs":["https:\/\/www.facebook.com\/compuviper","https:\/\/www.youtube.com\/channel\/UCf73dERp9Y3cfOq7q8BhLjA?view_as=subscriber"]}]},"product_brand":"DELL","product_price_amount":"17426","product_price_currency":"MXN","og_availability":"instock","product_availability":"instock","product_retailer_item_id":"4CFWW","product_condition":"new"},"_links":{"self":[{"href":"https:\/\/compuviper.mx\/tienda\/wp-json\/wp\/v2\/product\/267599"}],"collection":[{"href":"https:\/\/compuviper.mx\/tienda\/wp-json\/wp\/v2\/product"}],"about":[{"href":"https:\/\/compuviper.mx\/tienda\/wp-json\/wp\/v2\/types\/product"}],"replies":[{"embeddable":true,"href":"https:\/\/compuviper.mx\/tienda\/wp-json\/wp\/v2\/comments?post=267599"}],"wp:attachment":[{"href":"https:\/\/compuviper.mx\/tienda\/wp-json\/wp\/v2\/media?parent=267599"}],"wp:term":[{"taxonomy":"product_cat","embeddable":true,"href":"https:\/\/compuviper.mx\/tienda\/wp-json\/wp\/v2\/product_cat?post=267599"},{"taxonomy":"product_tag","embeddable":true,"href":"https:\/\/compuviper.mx\/tienda\/wp-json\/wp\/v2\/product_tag?post=267599"}],"curies":[{"name":"wp","href":"https:\/\/api.w.org\/{rel}","templated":true}]}}