{"id":267594,"date":"2026-04-02T23:18:18","date_gmt":"2026-04-03T05:18:18","guid":{"rendered":"https:\/\/compuviper.mx\/tienda\/producto\/dell-3000193285969-6-pc-pro-slim-intel-core-i5-14600-16gb-ram-1x16-1tb-ssd-amd-radeo-rx-6300-gddr6-de-2gb-win-11-pro-4-aos-prosupport-plus\/"},"modified":"2026-04-03T00:00:38","modified_gmt":"2026-04-03T06:00:38","slug":"dell-3000193285969-6-pc-pro-slim-intel-core-i5-14600-16gb-ram-1x16-1tb-ssd-amd-radeo-rx-6300-gddr6-de-2gb-win-11-pro-4-aos-prosupport-plus","status":"publish","type":"product","link":"https:\/\/compuviper.mx\/tienda\/producto\/dell-3000193285969-6-pc-pro-slim-intel-core-i5-14600-16gb-ram-1x16-1tb-ssd-amd-radeo-rx-6300-gddr6-de-2gb-win-11-pro-4-aos-prosupport-plus\/","title":{"rendered":"Dell 3000193285969.6 Pc  Pro Slim Intel Core I5 14600 16gb Ram 1&#215;16 1tb Ssd Amd Radeo Rx 6300, Gddr6 De 2gb Win 11 Pro 4 A?os Prosupport Plus"},"content":{"rendered":"<table class=\"descripcion\">\n<tr>\n<td>Base: dell pro slim qcs1250 (chasis de formato peque\u00f1o).<\/td>\n<\/tr>\n<tr>\n<td>Procesador: intel\u00ae core\u00bf i5-14600 vpro\u00ae (14 n\u00facleos, hasta 5,2 ghz).<\/td>\n<\/tr>\n<tr>\n<td>Sistema operativo: windows 11 pro.<\/td>\n<\/tr>\n<tr>\n<td>Memoria ram: 16 gb ddr5 (1 de 16 gb) hasta 5600 mt\/s.<\/td>\n<\/tr>\n<tr>\n<td>Almacenamiento: ssd de 1 tb (1000 gb).<\/td>\n<\/tr>\n<tr>\n<td>Gr\u00e1ficos: amd radeon\u00bf rx 6300 (dedicada, gddr6 de 2 gb, perfil bajo, 2 puertos displayport).<\/td>\n<\/tr>\n<tr>\n<td>Unidad \u00f3ptica: dvd+\/-rw de 9,5 mm (lector y quemador de discos).<\/td>\n<\/tr>\n<tr>\n<td>Conectividad inal\u00e1mbrica: tarjeta intel\u00ae wi-fi 6e ax211 (2&#215;2, 802.11ax) y bluetooth<\/td>\n<\/tr>\n<tr>\n<td>Seguridad: tpm discreto habilitado e interruptor de cable de intrusi\u00f3n (alerta de apertura de chasis).<\/td>\n<\/tr>\n<tr>\n<td>Fuente de poder: psu de 360 w con etiqueta de registro fsj.<\/td>\n<\/tr>\n<tr>\n<td>Perif\u00e9ricos: teclado con cable dell kb216 (espa\u00f1ol) y mouse ms116 (negro).<\/td>\n<\/tr>\n<tr>\n<td>Certificaciones: epeat gold y energy star.<\/td>\n<\/tr>\n<tr>\n<td>Garant\u00eda y soporte: 4 a\u00f1os de prosupport plus.<\/td>\n<\/tr>\n<tr>\n<td>Incluye:<\/td>\n<\/tr>\n<tr>\n<td>Ad (accidental damage): cobertura contra da\u00f1os accidentales.<\/td>\n<\/tr>\n<\/table>\n","protected":false},"excerpt":{"rendered":"<p>Dell pro slim qcs1250: potencia de 14 n\u00facleos con gr\u00e1ficos dedicados amd, 1 tb de ssd y 4 a\u00f1os de protecci\u00f3n total prosupport plus. Esta computadora de escritorio en formato peque\u00f1o (sff) es una soluci\u00f3n de alto rendimiento dise\u00f1ada para optimizar el espacio sin comprometer la capacidad de trabajo. Equipada con el procesador core i5 de 14.\u00aa generaci\u00f3n y una tarjeta gr\u00e1fica amd radeon\u0099 dedicada [cite: rx 6300], es capaz de manejar tareas gr\u00e1ficas y multitarea exigente con una fluidez superior a los equipos con gr\u00e1ficos integrados. Su configuraci\u00f3n es excepcionalmente completa al incluir un ssd de 1 tb, wi-fi 6e y hasta una unidad \u00f3ptica (dvd) para quienes a\u00fan manejan formatos f\u00edsicos. El valor agregado m\u00e1s grande es su paquete de servicios: incluye prodeploy para que el equipo llegue listo para usar y 4 a\u00f1os de prosupport plus, el soporte m\u00e1s alto de dell que protege tu inversi\u00f3n incluso contra ca\u00eddas o derrames accidentales.<\/p>\n","protected":false},"featured_media":0,"comment_status":"open","ping_status":"open","template":"","meta":[],"product_cat":[1971,1972],"product_tag":[1537],"acf":[],"yoast_head":"<!-- This site is optimized with the Yoast SEO plugin v21.7 - https:\/\/yoast.com\/wordpress\/plugins\/seo\/ -->\n<title>[ Dell ] &#129351; 3000193285969.6 Pc Pro Slim Intel Core I5 14600 16gb Ram 1x16 1tb Ssd Amd Radeo Rx 6300, Gddr6 De 2gb Win 11 Pro 4 A\u00f1os Prosupport Plus<\/title>\n<meta name=\"description\" content=\"Compra 3000193285969.6 Pc Pro Slim Intel Core I5 14600 16gb Ram 1x16 1tb Ssd Amd Radeo Rx 6300, Gddr6 De 2gb Win 11 Pro 4 A\u00f1os Prosupport Plus + Env\u00edo a domicilio + Pago seguro + Garant\u00eda\" \/>\n<meta name=\"robots\" content=\"index, follow, max-snippet:-1, max-image-preview:large, max-video-preview:-1\" \/>\n<link rel=\"canonical\" href=\"https:\/\/compuviper.mx\/tienda\/producto\/dell-3000193285969-6-pc-pro-slim-intel-core-i5-14600-16gb-ram-1x16-1tb-ssd-amd-radeo-rx-6300-gddr6-de-2gb-win-11-pro-4-aos-prosupport-plus\/\" \/>\n<meta property=\"og:locale\" content=\"es_MX\" \/>\n<meta property=\"og:type\" content=\"article\" \/>\n<meta property=\"og:title\" content=\"[ Dell ] &#129351; 3000193285969.6 Pc Pro Slim Intel Core I5 14600 16gb Ram 1x16 1tb Ssd Amd Radeo Rx 6300, Gddr6 De 2gb Win 11 Pro 4 A\u00f1os Prosupport Plus\" \/>\n<meta property=\"og:description\" content=\"Compra 3000193285969.6 Pc Pro Slim Intel Core I5 14600 16gb Ram 1x16 1tb Ssd Amd Radeo Rx 6300, Gddr6 De 2gb Win 11 Pro 4 A\u00f1os Prosupport Plus + Env\u00edo a domicilio + Pago seguro + Garant\u00eda\" \/>\n<meta property=\"og:url\" content=\"https:\/\/compuviper.mx\/tienda\/producto\/dell-3000193285969-6-pc-pro-slim-intel-core-i5-14600-16gb-ram-1x16-1tb-ssd-amd-radeo-rx-6300-gddr6-de-2gb-win-11-pro-4-aos-prosupport-plus\/\" \/>\n<meta property=\"og:site_name\" content=\"Compuviper\" \/>\n<meta property=\"article:publisher\" content=\"https:\/\/www.facebook.com\/compuviper\" \/>\n<meta property=\"article:modified_time\" content=\"2026-04-03T06:00:38+00:00\" \/>\n<meta name=\"twitter:card\" content=\"summary_large_image\" \/>\n<meta name=\"twitter:label1\" content=\"Precio\" \/>\n\t<meta name=\"twitter:data1\" content=\"&#36;16,639 con IVA\" \/>\n\t<meta name=\"twitter:label2\" content=\"Availability\" \/>\n\t<meta name=\"twitter:data2\" content=\"Out of stock\" \/>\n<script type=\"application\/ld+json\" class=\"yoast-schema-graph\">{\"@context\":\"https:\/\/schema.org\",\"@graph\":[{\"@type\":\"WebPage\",\"@id\":\"https:\/\/compuviper.mx\/tienda\/producto\/dell-3000193285969-6-pc-pro-slim-intel-core-i5-14600-16gb-ram-1x16-1tb-ssd-amd-radeo-rx-6300-gddr6-de-2gb-win-11-pro-4-aos-prosupport-plus\/\",\"url\":\"https:\/\/compuviper.mx\/tienda\/producto\/dell-3000193285969-6-pc-pro-slim-intel-core-i5-14600-16gb-ram-1x16-1tb-ssd-amd-radeo-rx-6300-gddr6-de-2gb-win-11-pro-4-aos-prosupport-plus\/\",\"name\":\"[ Dell ] &#129351; 3000193285969.6 Pc Pro Slim Intel Core I5 14600 16gb Ram 1x16 1tb Ssd Amd Radeo Rx 6300, Gddr6 De 2gb Win 11 Pro 4 A\u00f1os Prosupport Plus\",\"isPartOf\":{\"@id\":\"https:\/\/compuviper.mx\/tienda\/#website\"},\"datePublished\":\"2026-04-03T05:18:18+00:00\",\"dateModified\":\"2026-04-03T06:00:38+00:00\",\"description\":\"Compra 3000193285969.6 Pc Pro Slim Intel Core I5 14600 16gb Ram 1x16 1tb Ssd Amd Radeo Rx 6300, Gddr6 De 2gb Win 11 Pro 4 A\u00f1os Prosupport Plus + Env\u00edo a domicilio + Pago seguro + Garant\u00eda\",\"breadcrumb\":{\"@id\":\"https:\/\/compuviper.mx\/tienda\/producto\/dell-3000193285969-6-pc-pro-slim-intel-core-i5-14600-16gb-ram-1x16-1tb-ssd-amd-radeo-rx-6300-gddr6-de-2gb-win-11-pro-4-aos-prosupport-plus\/#breadcrumb\"},\"inLanguage\":\"es-MX\",\"potentialAction\":[{\"@type\":\"ReadAction\",\"target\":[\"https:\/\/compuviper.mx\/tienda\/producto\/dell-3000193285969-6-pc-pro-slim-intel-core-i5-14600-16gb-ram-1x16-1tb-ssd-amd-radeo-rx-6300-gddr6-de-2gb-win-11-pro-4-aos-prosupport-plus\/\"]}]},{\"@type\":\"BreadcrumbList\",\"@id\":\"https:\/\/compuviper.mx\/tienda\/producto\/dell-3000193285969-6-pc-pro-slim-intel-core-i5-14600-16gb-ram-1x16-1tb-ssd-amd-radeo-rx-6300-gddr6-de-2gb-win-11-pro-4-aos-prosupport-plus\/#breadcrumb\",\"itemListElement\":[{\"@type\":\"ListItem\",\"position\":1,\"name\":\"Inicio\",\"item\":\"https:\/\/compuviper.mx\/tienda\/\"},{\"@type\":\"ListItem\",\"position\":2,\"name\":\"Productos\",\"item\":\"https:\/\/compuviper.mx\/tienda\/productos\/\"},{\"@type\":\"ListItem\",\"position\":3,\"name\":\"Computadoras\",\"item\":\"https:\/\/compuviper.mx\/tienda\/categoria-producto\/computadoras\/\"},{\"@type\":\"ListItem\",\"position\":4,\"name\":\"Desktop\",\"item\":\"https:\/\/compuviper.mx\/tienda\/categoria-producto\/computadoras\/desktop-computadoras\/\"},{\"@type\":\"ListItem\",\"position\":5,\"name\":\"Dell 3000193285969.6 Pc Pro Slim Intel Core I5 14600 16gb Ram 1&#215;16 1tb Ssd Amd Radeo Rx 6300, Gddr6 De 2gb Win 11 Pro 4 A?os Prosupport Plus\"}]},{\"@type\":\"WebSite\",\"@id\":\"https:\/\/compuviper.mx\/tienda\/#website\",\"url\":\"https:\/\/compuviper.mx\/tienda\/\",\"name\":\"Compuviper\",\"description\":\"Proveedor de Computadoras, Laptops, Servidores, Monitores, Puntos de Venta, Teclados,   Impresoras, T\u00f3ner, C\u00e1maras de Seguridad y m\u00e1s en tu tienda en l\u00ednea\",\"publisher\":{\"@id\":\"https:\/\/compuviper.mx\/tienda\/#organization\"},\"potentialAction\":[{\"@type\":\"SearchAction\",\"target\":{\"@type\":\"EntryPoint\",\"urlTemplate\":\"https:\/\/compuviper.mx\/tienda\/?s={search_term_string}\"},\"query-input\":\"required name=search_term_string\"}],\"inLanguage\":\"es-MX\"},{\"@type\":\"Organization\",\"@id\":\"https:\/\/compuviper.mx\/tienda\/#organization\",\"name\":\"Compuviper\",\"url\":\"https:\/\/compuviper.mx\/tienda\/\",\"logo\":{\"@type\":\"ImageObject\",\"inLanguage\":\"es-MX\",\"@id\":\"https:\/\/compuviper.mx\/tienda\/#\/schema\/logo\/image\/\",\"url\":\"https:\/\/compuviper.mx\/tienda\/wp-content\/uploads\/2021\/08\/Logo-Compuviper-10.png\",\"contentUrl\":\"https:\/\/compuviper.mx\/tienda\/wp-content\/uploads\/2021\/08\/Logo-Compuviper-10.png\",\"width\":1000,\"height\":500,\"caption\":\"Compuviper\"},\"image\":{\"@id\":\"https:\/\/compuviper.mx\/tienda\/#\/schema\/logo\/image\/\"},\"sameAs\":[\"https:\/\/www.facebook.com\/compuviper\",\"https:\/\/www.youtube.com\/channel\/UCf73dERp9Y3cfOq7q8BhLjA?view_as=subscriber\"]}]}<\/script>\n<meta property=\"product:brand\" content=\"DELL\" \/>\n<meta property=\"product:price:amount\" content=\"16639\" \/>\n<meta property=\"product:price:currency\" content=\"MXN\" \/>\n<meta property=\"og:availability\" content=\"out of stock\" \/>\n<meta property=\"product:availability\" content=\"out of stock\" \/>\n<meta property=\"product:retailer_item_id\" content=\"3000193285969.6\" \/>\n<meta property=\"product:condition\" content=\"new\" \/>\n<!-- \/ Yoast SEO plugin. -->","yoast_head_json":{"title":"[ Dell ] &#129351; 3000193285969.6 Pc Pro Slim Intel Core I5 14600 16gb Ram 1x16 1tb Ssd Amd Radeo Rx 6300, Gddr6 De 2gb Win 11 Pro 4 A\u00f1os Prosupport Plus","description":"Compra 3000193285969.6 Pc Pro Slim Intel Core I5 14600 16gb Ram 1x16 1tb Ssd Amd Radeo Rx 6300, Gddr6 De 2gb Win 11 Pro 4 A\u00f1os Prosupport Plus + Env\u00edo a domicilio + Pago seguro + Garant\u00eda","robots":{"index":"index","follow":"follow","max-snippet":"max-snippet:-1","max-image-preview":"max-image-preview:large","max-video-preview":"max-video-preview:-1"},"canonical":"https:\/\/compuviper.mx\/tienda\/producto\/dell-3000193285969-6-pc-pro-slim-intel-core-i5-14600-16gb-ram-1x16-1tb-ssd-amd-radeo-rx-6300-gddr6-de-2gb-win-11-pro-4-aos-prosupport-plus\/","og_locale":"es_MX","og_type":"article","og_title":"[ Dell ] &#129351; 3000193285969.6 Pc Pro Slim Intel Core I5 14600 16gb Ram 1x16 1tb Ssd Amd Radeo Rx 6300, Gddr6 De 2gb Win 11 Pro 4 A\u00f1os Prosupport Plus","og_description":"Compra 3000193285969.6 Pc Pro Slim Intel Core I5 14600 16gb Ram 1x16 1tb Ssd Amd Radeo Rx 6300, Gddr6 De 2gb Win 11 Pro 4 A\u00f1os Prosupport Plus + Env\u00edo a domicilio + Pago seguro + Garant\u00eda","og_url":"https:\/\/compuviper.mx\/tienda\/producto\/dell-3000193285969-6-pc-pro-slim-intel-core-i5-14600-16gb-ram-1x16-1tb-ssd-amd-radeo-rx-6300-gddr6-de-2gb-win-11-pro-4-aos-prosupport-plus\/","og_site_name":"Compuviper","article_publisher":"https:\/\/www.facebook.com\/compuviper","article_modified_time":"2026-04-03T06:00:38+00:00","twitter_card":"summary_large_image","twitter_misc":{"Precio":"&#36;16,639 con IVA","Availability":"Out of stock"},"schema":{"@context":"https:\/\/schema.org","@graph":[{"@type":"WebPage","@id":"https:\/\/compuviper.mx\/tienda\/producto\/dell-3000193285969-6-pc-pro-slim-intel-core-i5-14600-16gb-ram-1x16-1tb-ssd-amd-radeo-rx-6300-gddr6-de-2gb-win-11-pro-4-aos-prosupport-plus\/","url":"https:\/\/compuviper.mx\/tienda\/producto\/dell-3000193285969-6-pc-pro-slim-intel-core-i5-14600-16gb-ram-1x16-1tb-ssd-amd-radeo-rx-6300-gddr6-de-2gb-win-11-pro-4-aos-prosupport-plus\/","name":"[ Dell ] &#129351; 3000193285969.6 Pc Pro Slim Intel Core I5 14600 16gb Ram 1x16 1tb Ssd Amd Radeo Rx 6300, Gddr6 De 2gb Win 11 Pro 4 A\u00f1os Prosupport Plus","isPartOf":{"@id":"https:\/\/compuviper.mx\/tienda\/#website"},"datePublished":"2026-04-03T05:18:18+00:00","dateModified":"2026-04-03T06:00:38+00:00","description":"Compra 3000193285969.6 Pc Pro Slim Intel Core I5 14600 16gb Ram 1x16 1tb Ssd Amd Radeo Rx 6300, Gddr6 De 2gb Win 11 Pro 4 A\u00f1os Prosupport Plus + Env\u00edo a domicilio + Pago seguro + Garant\u00eda","breadcrumb":{"@id":"https:\/\/compuviper.mx\/tienda\/producto\/dell-3000193285969-6-pc-pro-slim-intel-core-i5-14600-16gb-ram-1x16-1tb-ssd-amd-radeo-rx-6300-gddr6-de-2gb-win-11-pro-4-aos-prosupport-plus\/#breadcrumb"},"inLanguage":"es-MX","potentialAction":[{"@type":"ReadAction","target":["https:\/\/compuviper.mx\/tienda\/producto\/dell-3000193285969-6-pc-pro-slim-intel-core-i5-14600-16gb-ram-1x16-1tb-ssd-amd-radeo-rx-6300-gddr6-de-2gb-win-11-pro-4-aos-prosupport-plus\/"]}]},{"@type":"BreadcrumbList","@id":"https:\/\/compuviper.mx\/tienda\/producto\/dell-3000193285969-6-pc-pro-slim-intel-core-i5-14600-16gb-ram-1x16-1tb-ssd-amd-radeo-rx-6300-gddr6-de-2gb-win-11-pro-4-aos-prosupport-plus\/#breadcrumb","itemListElement":[{"@type":"ListItem","position":1,"name":"Inicio","item":"https:\/\/compuviper.mx\/tienda\/"},{"@type":"ListItem","position":2,"name":"Productos","item":"https:\/\/compuviper.mx\/tienda\/productos\/"},{"@type":"ListItem","position":3,"name":"Computadoras","item":"https:\/\/compuviper.mx\/tienda\/categoria-producto\/computadoras\/"},{"@type":"ListItem","position":4,"name":"Desktop","item":"https:\/\/compuviper.mx\/tienda\/categoria-producto\/computadoras\/desktop-computadoras\/"},{"@type":"ListItem","position":5,"name":"Dell 3000193285969.6 Pc Pro Slim Intel Core I5 14600 16gb Ram 1&#215;16 1tb Ssd Amd Radeo Rx 6300, Gddr6 De 2gb Win 11 Pro 4 A?os Prosupport Plus"}]},{"@type":"WebSite","@id":"https:\/\/compuviper.mx\/tienda\/#website","url":"https:\/\/compuviper.mx\/tienda\/","name":"Compuviper","description":"Proveedor de Computadoras, Laptops, Servidores, Monitores, Puntos de Venta, Teclados,   Impresoras, T\u00f3ner, C\u00e1maras de Seguridad y m\u00e1s en tu tienda en l\u00ednea","publisher":{"@id":"https:\/\/compuviper.mx\/tienda\/#organization"},"potentialAction":[{"@type":"SearchAction","target":{"@type":"EntryPoint","urlTemplate":"https:\/\/compuviper.mx\/tienda\/?s={search_term_string}"},"query-input":"required name=search_term_string"}],"inLanguage":"es-MX"},{"@type":"Organization","@id":"https:\/\/compuviper.mx\/tienda\/#organization","name":"Compuviper","url":"https:\/\/compuviper.mx\/tienda\/","logo":{"@type":"ImageObject","inLanguage":"es-MX","@id":"https:\/\/compuviper.mx\/tienda\/#\/schema\/logo\/image\/","url":"https:\/\/compuviper.mx\/tienda\/wp-content\/uploads\/2021\/08\/Logo-Compuviper-10.png","contentUrl":"https:\/\/compuviper.mx\/tienda\/wp-content\/uploads\/2021\/08\/Logo-Compuviper-10.png","width":1000,"height":500,"caption":"Compuviper"},"image":{"@id":"https:\/\/compuviper.mx\/tienda\/#\/schema\/logo\/image\/"},"sameAs":["https:\/\/www.facebook.com\/compuviper","https:\/\/www.youtube.com\/channel\/UCf73dERp9Y3cfOq7q8BhLjA?view_as=subscriber"]}]},"product_brand":"DELL","product_price_amount":"16639","product_price_currency":"MXN","og_availability":"out of stock","product_availability":"out of stock","product_retailer_item_id":"3000193285969.6","product_condition":"new"},"_links":{"self":[{"href":"https:\/\/compuviper.mx\/tienda\/wp-json\/wp\/v2\/product\/267594"}],"collection":[{"href":"https:\/\/compuviper.mx\/tienda\/wp-json\/wp\/v2\/product"}],"about":[{"href":"https:\/\/compuviper.mx\/tienda\/wp-json\/wp\/v2\/types\/product"}],"replies":[{"embeddable":true,"href":"https:\/\/compuviper.mx\/tienda\/wp-json\/wp\/v2\/comments?post=267594"}],"wp:attachment":[{"href":"https:\/\/compuviper.mx\/tienda\/wp-json\/wp\/v2\/media?parent=267594"}],"wp:term":[{"taxonomy":"product_cat","embeddable":true,"href":"https:\/\/compuviper.mx\/tienda\/wp-json\/wp\/v2\/product_cat?post=267594"},{"taxonomy":"product_tag","embeddable":true,"href":"https:\/\/compuviper.mx\/tienda\/wp-json\/wp\/v2\/product_tag?post=267594"}],"curies":[{"name":"wp","href":"https:\/\/api.w.org\/{rel}","templated":true}]}}