{"id":267588,"date":"2026-04-25T01:09:24","date_gmt":"2026-04-25T07:09:24","guid":{"rendered":"https:\/\/compuviper.mx\/tienda\/producto\/dell-3000193293193-4-workstation-movil-pro-max-18-mb18250-dvd-rw-externo-dw316-core-ultra-9-285hx-rtx-pro-2000-8gb-32gb-ram-2tb-ssd-win-11-pro-4y-prosupport-plus\/"},"modified":"2026-04-25T01:09:24","modified_gmt":"2026-04-25T07:09:24","slug":"dell-3000193293193-4-workstation-movil-pro-max-18-mb18250-dvd-rw-externo-dw316-core-ultra-9-285hx-rtx-pro-2000-8gb-32gb-ram-2tb-ssd-win-11-pro-4y-prosupport-plus","status":"publish","type":"product","link":"https:\/\/compuviper.mx\/tienda\/producto\/dell-3000193293193-4-workstation-movil-pro-max-18-mb18250-dvd-rw-externo-dw316-core-ultra-9-285hx-rtx-pro-2000-8gb-32gb-ram-2tb-ssd-win-11-pro-4y-prosupport-plus\/","title":{"rendered":"Dell 3000193293193.4 Workstation Movil  Pro Max 18 Mb18250 Dvd-rw Externo Dw316 \/ Core Ultra 9 285hx \/ Rtx Pro 2000 8gb \/ 32gb Ram \/ 2tb Ssd \/ Win 11 Pro \/ 4y Prosupport Plus"},"content":{"rendered":"<table class=\"descripcion\">\n<tr>\n<td>Dell pro max 18 plus (mb18250) xcto base<\/td>\n<\/tr>\n<tr>\n<td>Procesador intel\u00ae core\u0099 ultra 9 285hx, vpro de 55\u00a0w<\/td>\n<\/tr>\n<tr>\n<td>Windows\u00a011\u00a0pro<\/td>\n<\/tr>\n<tr>\n<td>Active microsoft 365 para una prueba de 30\u00a0d\u00edas<\/td>\n<\/tr>\n<tr>\n<td>Nvidia rtx pro 2000 blackwell con gddr7 de 8\u00a0gb<\/td>\n<\/tr>\n<tr>\n<td>32\u00a0gb: 2 ddr5 de 16\u00a0gb a 6400\u00a0mt\/s, csodimm, sin ecc<\/td>\n<\/tr>\n<tr>\n<td>Ssd de rendimiento de 2\u00a0tb de 4.\u00aa generaci\u00f3n, lista para sed<\/td>\n<\/tr>\n<tr>\n<td>Lcd qhd+ de 18\u00a0in de 2560\u00a0x\u00a01600 con 500\u00a0nits, dci-p3 al 100\u00a0%, sin funci\u00f3n t\u00e1ctil, wlan, c\u00e1mara rgb, micr\u00f3fono<\/td>\n<\/tr>\n<tr>\n<td>Ingl\u00e9s, franc\u00e9s, espa\u00f1ol, portugu\u00e9s brasile\u00f1o<\/td>\n<\/tr>\n<tr>\n<td>Puerta inferior de dell pro max 18 plus<\/td>\n<\/tr>\n<tr>\n<td>Intel\u00ae core\u0099 ultra 9 285hx<\/td>\n<\/tr>\n<tr>\n<td>Administraci\u00f3n de intel vpro deshabilitada<\/td>\n<\/tr>\n<tr>\n<td>Controlador de intel(r) rapid storage technology<\/td>\n<\/tr>\n<tr>\n<td>Controlador wlan intel be200 con bluetooth<\/td>\n<\/tr>\n<tr>\n<td>Tarjeta inal\u00e1mbrica intel wi-fi 7 be200<\/td>\n<\/tr>\n<tr>\n<td>Teclado iluminado con tecla copilot y teclado num\u00e9rico, espa\u00f1ol de latinoam\u00e9rica<\/td>\n<\/tr>\n<tr>\n<td>C\u00e1mara rgb fhd, hdr, tnr4<\/td>\n<\/tr>\n<tr>\n<td>Reposamanos, sin seguridad<\/td>\n<\/tr>\n<tr>\n<td>Bater\u00eda est\u00e1ndar, 6\u00a0celdas, 96\u00a0wh, compatible con expresscharge\u0099<\/td>\n<\/tr>\n<tr>\n<td>Adaptador de ca usb type-c de 280\u00a0w<\/td>\n<\/tr>\n<tr>\n<td>Sem raid<\/td>\n<\/tr>\n<tr>\n<td>Con calificaci\u00f3n energy star<\/td>\n<\/tr>\n<tr>\n<td>Registrado como epeat 2018 (gold)<\/td>\n<\/tr>\n<tr>\n<td>Sin mouse<\/td>\n<\/tr>\n<tr>\n<td>Etiqueta de procesador intel\u00ae core\u0099 ultra\u00a09<\/td>\n<\/tr>\n<tr>\n<td>Cable de alimentaci\u00f3n e5 de 1\u00a0m para estados unidos<\/td>\n<\/tr>\n<tr>\n<td>Documentos sobre normativas y seguridad en ingl\u00e9s y espa\u00f1ol, contenido para latinoam\u00e9rica<\/td>\n<\/tr>\n<tr>\n<td>Gu\u00eda de configuraci\u00f3n r\u00e1pida para dell pro max 18 plus<\/td>\n<\/tr>\n<tr>\n<td>Sin etiqueta upc\/ean<\/td>\n<\/tr>\n<tr>\n<td>Embalaje de laptops dell pro max<\/td>\n<\/tr>\n<tr>\n<td>Sin intel\u00ae connectivity performance suite<\/td>\n<\/tr>\n<tr>\n<td>Sin disco duro adicional<\/td>\n<\/tr>\n<tr>\n<td>Sin disco duro adicional<\/td>\n<\/tr>\n<tr>\n<td>Sin disco duro adicional<\/td>\n<\/tr>\n<tr>\n<td>Env\u00edo est\u00e1ndar (el)<\/td>\n<\/tr>\n<tr>\n<td>No fga<\/td>\n<\/tr>\n<tr>\n<td>4\u00a0a\u00f1os de prosupportplus con prosupport, ad y kyhd con technical customer success manager externo; distribuidores, sns, latinoam\u00e9rica<\/td>\n<\/tr>\n<tr>\n<td>Sin tarjeta de banda ancha m\u00f3vil<\/td>\n<\/tr>\n<tr>\n<td>Prodeploy for client, latinoam\u00e9rica<\/td>\n<\/tr>\n<tr>\n<td>Complemento de creaci\u00f3n de im\u00e1genes de prodeploy for client suite, latinoam\u00e9rica<\/td>\n<\/tr>\n<tr>\n<td>Soporte para operaciones de partners, latinoam\u00e9rica<\/td>\n<\/tr>\n<tr>\n<td>Dell\u00a0pro\u00a0max\u00a018\u00a0plus\u00a0mb18250<\/td>\n<\/tr>\n<tr>\n<td>Sin software antivirus<\/td>\n<\/tr>\n<tr>\n<td>Medios de so de windows no incluidos<\/td>\n<\/tr>\n<tr>\n<td>Sin autopilot<\/td>\n<\/tr>\n<tr>\n<td>Cs fee at lbl chl rtl<\/td>\n<\/tr>\n<tr>\n<td>Cfi,information,mexico\/mexican,2t direct,only,factory install<\/td>\n<\/tr>\n<\/table>\n","protected":false},"excerpt":{"rendered":"<p>Dell pro max 18 plus (mb18250) xcto base Procesador intel\u00ae core\u0099 ultra 9 285hx, vpro de 55\u00a0w Windows\u00a011\u00a0pro Active microsoft 365 para una prueba de 30\u00a0d\u00edas Nvidia rtx pro 2000 blackwell con gddr7 de 8\u00a0gb 32\u00a0gb: 2 ddr5 de 16\u00a0gb a 6400\u00a0mt\/s, csodimm, sin ecc Ssd de rendimiento de 2\u00a0tb de 4.\u00aa generaci\u00f3n, lista para [&hellip;]<\/p>\n","protected":false},"featured_media":0,"comment_status":"open","ping_status":"open","template":"","meta":[],"product_cat":[1886,1889],"product_tag":[1537],"acf":[],"yoast_head":"<!-- This site is optimized with the Yoast SEO plugin v21.7 - https:\/\/yoast.com\/wordpress\/plugins\/seo\/ -->\n<title>[ Dell ] &#129351; 3000193293193.4 Workstation Movil Pro Max 18 Mb18250 Dvd-rw Externo Dw316 \/ Core Ultra 9 285hx \/ Rtx Pro 2000 8gb \/ 32gb Ram \/ 2tb Ssd \/ Win 11 Pro \/ 4y Prosupport Plus<\/title>\n<meta name=\"description\" content=\"Compra 3000193293193.4 Workstation Movil Pro Max 18 Mb18250 Dvd-rw Externo Dw316 \/ Core Ultra 9 285hx \/ Rtx Pro 2000 8gb \/ 32gb Ram \/ 2tb Ssd \/ Win 11 Pro \/ 4y Prosupport Plus + Env\u00edo a domicilio + Pago seguro + Garant\u00eda\" \/>\n<meta name=\"robots\" content=\"index, follow, max-snippet:-1, max-image-preview:large, max-video-preview:-1\" \/>\n<link rel=\"canonical\" href=\"https:\/\/compuviper.mx\/tienda\/producto\/dell-3000193293193-4-workstation-movil-pro-max-18-mb18250-dvd-rw-externo-dw316-core-ultra-9-285hx-rtx-pro-2000-8gb-32gb-ram-2tb-ssd-win-11-pro-4y-prosupport-plus\/\" \/>\n<meta property=\"og:locale\" content=\"es_MX\" \/>\n<meta property=\"og:type\" content=\"article\" \/>\n<meta property=\"og:title\" content=\"[ Dell ] &#129351; 3000193293193.4 Workstation Movil Pro Max 18 Mb18250 Dvd-rw Externo Dw316 \/ Core Ultra 9 285hx \/ Rtx Pro 2000 8gb \/ 32gb Ram \/ 2tb Ssd \/ Win 11 Pro \/ 4y Prosupport Plus\" \/>\n<meta property=\"og:description\" content=\"Compra 3000193293193.4 Workstation Movil Pro Max 18 Mb18250 Dvd-rw Externo Dw316 \/ Core Ultra 9 285hx \/ Rtx Pro 2000 8gb \/ 32gb Ram \/ 2tb Ssd \/ Win 11 Pro \/ 4y Prosupport Plus + Env\u00edo a domicilio + Pago seguro + Garant\u00eda\" \/>\n<meta property=\"og:url\" content=\"https:\/\/compuviper.mx\/tienda\/producto\/dell-3000193293193-4-workstation-movil-pro-max-18-mb18250-dvd-rw-externo-dw316-core-ultra-9-285hx-rtx-pro-2000-8gb-32gb-ram-2tb-ssd-win-11-pro-4y-prosupport-plus\/\" \/>\n<meta property=\"og:site_name\" content=\"Compuviper\" \/>\n<meta property=\"article:publisher\" content=\"https:\/\/www.facebook.com\/compuviper\" \/>\n<meta name=\"twitter:card\" content=\"summary_large_image\" \/>\n<meta name=\"twitter:label1\" content=\"Precio\" \/>\n\t<meta name=\"twitter:data1\" content=\"&#36;65,558 &#36;63,075 con IVA\" \/>\n\t<meta name=\"twitter:label2\" content=\"Availability\" \/>\n\t<meta name=\"twitter:data2\" content=\"In stock\" \/>\n<script type=\"application\/ld+json\" class=\"yoast-schema-graph\">{\"@context\":\"https:\/\/schema.org\",\"@graph\":[{\"@type\":\"WebPage\",\"@id\":\"https:\/\/compuviper.mx\/tienda\/producto\/dell-3000193293193-4-workstation-movil-pro-max-18-mb18250-dvd-rw-externo-dw316-core-ultra-9-285hx-rtx-pro-2000-8gb-32gb-ram-2tb-ssd-win-11-pro-4y-prosupport-plus\/\",\"url\":\"https:\/\/compuviper.mx\/tienda\/producto\/dell-3000193293193-4-workstation-movil-pro-max-18-mb18250-dvd-rw-externo-dw316-core-ultra-9-285hx-rtx-pro-2000-8gb-32gb-ram-2tb-ssd-win-11-pro-4y-prosupport-plus\/\",\"name\":\"[ Dell ] &#129351; 3000193293193.4 Workstation Movil Pro Max 18 Mb18250 Dvd-rw Externo Dw316 \/ Core Ultra 9 285hx \/ Rtx Pro 2000 8gb \/ 32gb Ram \/ 2tb Ssd \/ Win 11 Pro \/ 4y Prosupport Plus\",\"isPartOf\":{\"@id\":\"https:\/\/compuviper.mx\/tienda\/#website\"},\"datePublished\":\"2026-04-25T07:09:24+00:00\",\"dateModified\":\"2026-04-25T07:09:24+00:00\",\"description\":\"Compra 3000193293193.4 Workstation Movil Pro Max 18 Mb18250 Dvd-rw Externo Dw316 \/ Core Ultra 9 285hx \/ Rtx Pro 2000 8gb \/ 32gb Ram \/ 2tb Ssd \/ Win 11 Pro \/ 4y Prosupport Plus + Env\u00edo a domicilio + Pago seguro + Garant\u00eda\",\"breadcrumb\":{\"@id\":\"https:\/\/compuviper.mx\/tienda\/producto\/dell-3000193293193-4-workstation-movil-pro-max-18-mb18250-dvd-rw-externo-dw316-core-ultra-9-285hx-rtx-pro-2000-8gb-32gb-ram-2tb-ssd-win-11-pro-4y-prosupport-plus\/#breadcrumb\"},\"inLanguage\":\"es-MX\",\"potentialAction\":[{\"@type\":\"ReadAction\",\"target\":[\"https:\/\/compuviper.mx\/tienda\/producto\/dell-3000193293193-4-workstation-movil-pro-max-18-mb18250-dvd-rw-externo-dw316-core-ultra-9-285hx-rtx-pro-2000-8gb-32gb-ram-2tb-ssd-win-11-pro-4y-prosupport-plus\/\"]}]},{\"@type\":\"BreadcrumbList\",\"@id\":\"https:\/\/compuviper.mx\/tienda\/producto\/dell-3000193293193-4-workstation-movil-pro-max-18-mb18250-dvd-rw-externo-dw316-core-ultra-9-285hx-rtx-pro-2000-8gb-32gb-ram-2tb-ssd-win-11-pro-4y-prosupport-plus\/#breadcrumb\",\"itemListElement\":[{\"@type\":\"ListItem\",\"position\":1,\"name\":\"Inicio\",\"item\":\"https:\/\/compuviper.mx\/tienda\/\"},{\"@type\":\"ListItem\",\"position\":2,\"name\":\"Productos\",\"item\":\"https:\/\/compuviper.mx\/tienda\/productos\/\"},{\"@type\":\"ListItem\",\"position\":3,\"name\":\"Laptops\",\"item\":\"https:\/\/compuviper.mx\/tienda\/categoria-producto\/laptops\/\"},{\"@type\":\"ListItem\",\"position\":4,\"name\":\"Workstation\",\"item\":\"https:\/\/compuviper.mx\/tienda\/categoria-producto\/laptops\/workstation-laptops\/\"},{\"@type\":\"ListItem\",\"position\":5,\"name\":\"Dell 3000193293193.4 Workstation Movil Pro Max 18 Mb18250 Dvd-rw Externo Dw316 \/ Core Ultra 9 285hx \/ Rtx Pro 2000 8gb \/ 32gb Ram \/ 2tb Ssd \/ Win 11 Pro \/ 4y Prosupport Plus\"}]},{\"@type\":\"WebSite\",\"@id\":\"https:\/\/compuviper.mx\/tienda\/#website\",\"url\":\"https:\/\/compuviper.mx\/tienda\/\",\"name\":\"Compuviper\",\"description\":\"Proveedor de Computadoras, Laptops, Servidores, Monitores, Puntos de Venta, Teclados,   Impresoras, T\u00f3ner, C\u00e1maras de Seguridad y m\u00e1s en tu tienda en l\u00ednea\",\"publisher\":{\"@id\":\"https:\/\/compuviper.mx\/tienda\/#organization\"},\"potentialAction\":[{\"@type\":\"SearchAction\",\"target\":{\"@type\":\"EntryPoint\",\"urlTemplate\":\"https:\/\/compuviper.mx\/tienda\/?s={search_term_string}\"},\"query-input\":\"required name=search_term_string\"}],\"inLanguage\":\"es-MX\"},{\"@type\":\"Organization\",\"@id\":\"https:\/\/compuviper.mx\/tienda\/#organization\",\"name\":\"Compuviper\",\"url\":\"https:\/\/compuviper.mx\/tienda\/\",\"logo\":{\"@type\":\"ImageObject\",\"inLanguage\":\"es-MX\",\"@id\":\"https:\/\/compuviper.mx\/tienda\/#\/schema\/logo\/image\/\",\"url\":\"https:\/\/compuviper.mx\/tienda\/wp-content\/uploads\/2021\/08\/Logo-Compuviper-10.png\",\"contentUrl\":\"https:\/\/compuviper.mx\/tienda\/wp-content\/uploads\/2021\/08\/Logo-Compuviper-10.png\",\"width\":1000,\"height\":500,\"caption\":\"Compuviper\"},\"image\":{\"@id\":\"https:\/\/compuviper.mx\/tienda\/#\/schema\/logo\/image\/\"},\"sameAs\":[\"https:\/\/www.facebook.com\/compuviper\",\"https:\/\/www.youtube.com\/channel\/UCf73dERp9Y3cfOq7q8BhLjA?view_as=subscriber\"]}]}<\/script>\n<meta property=\"product:brand\" content=\"DELL\" \/>\n<meta property=\"product:price:amount\" content=\"63075\" \/>\n<meta property=\"product:price:currency\" content=\"MXN\" \/>\n<meta property=\"og:availability\" content=\"instock\" \/>\n<meta property=\"product:availability\" content=\"instock\" \/>\n<meta property=\"product:retailer_item_id\" content=\"3000193293193.4\" \/>\n<meta property=\"product:condition\" content=\"new\" \/>\n<!-- \/ Yoast SEO plugin. -->","yoast_head_json":{"title":"[ Dell ] &#129351; 3000193293193.4 Workstation Movil Pro Max 18 Mb18250 Dvd-rw Externo Dw316 \/ Core Ultra 9 285hx \/ Rtx Pro 2000 8gb \/ 32gb Ram \/ 2tb Ssd \/ Win 11 Pro \/ 4y Prosupport Plus","description":"Compra 3000193293193.4 Workstation Movil Pro Max 18 Mb18250 Dvd-rw Externo Dw316 \/ Core Ultra 9 285hx \/ Rtx Pro 2000 8gb \/ 32gb Ram \/ 2tb Ssd \/ Win 11 Pro \/ 4y Prosupport Plus + Env\u00edo a domicilio + Pago seguro + Garant\u00eda","robots":{"index":"index","follow":"follow","max-snippet":"max-snippet:-1","max-image-preview":"max-image-preview:large","max-video-preview":"max-video-preview:-1"},"canonical":"https:\/\/compuviper.mx\/tienda\/producto\/dell-3000193293193-4-workstation-movil-pro-max-18-mb18250-dvd-rw-externo-dw316-core-ultra-9-285hx-rtx-pro-2000-8gb-32gb-ram-2tb-ssd-win-11-pro-4y-prosupport-plus\/","og_locale":"es_MX","og_type":"article","og_title":"[ Dell ] &#129351; 3000193293193.4 Workstation Movil Pro Max 18 Mb18250 Dvd-rw Externo Dw316 \/ Core Ultra 9 285hx \/ Rtx Pro 2000 8gb \/ 32gb Ram \/ 2tb Ssd \/ Win 11 Pro \/ 4y Prosupport Plus","og_description":"Compra 3000193293193.4 Workstation Movil Pro Max 18 Mb18250 Dvd-rw Externo Dw316 \/ Core Ultra 9 285hx \/ Rtx Pro 2000 8gb \/ 32gb Ram \/ 2tb Ssd \/ Win 11 Pro \/ 4y Prosupport Plus + Env\u00edo a domicilio + Pago seguro + Garant\u00eda","og_url":"https:\/\/compuviper.mx\/tienda\/producto\/dell-3000193293193-4-workstation-movil-pro-max-18-mb18250-dvd-rw-externo-dw316-core-ultra-9-285hx-rtx-pro-2000-8gb-32gb-ram-2tb-ssd-win-11-pro-4y-prosupport-plus\/","og_site_name":"Compuviper","article_publisher":"https:\/\/www.facebook.com\/compuviper","twitter_card":"summary_large_image","twitter_misc":{"Precio":"&#36;65,558 &#36;63,075 con IVA","Availability":"In stock"},"schema":{"@context":"https:\/\/schema.org","@graph":[{"@type":"WebPage","@id":"https:\/\/compuviper.mx\/tienda\/producto\/dell-3000193293193-4-workstation-movil-pro-max-18-mb18250-dvd-rw-externo-dw316-core-ultra-9-285hx-rtx-pro-2000-8gb-32gb-ram-2tb-ssd-win-11-pro-4y-prosupport-plus\/","url":"https:\/\/compuviper.mx\/tienda\/producto\/dell-3000193293193-4-workstation-movil-pro-max-18-mb18250-dvd-rw-externo-dw316-core-ultra-9-285hx-rtx-pro-2000-8gb-32gb-ram-2tb-ssd-win-11-pro-4y-prosupport-plus\/","name":"[ Dell ] &#129351; 3000193293193.4 Workstation Movil Pro Max 18 Mb18250 Dvd-rw Externo Dw316 \/ Core Ultra 9 285hx \/ Rtx Pro 2000 8gb \/ 32gb Ram \/ 2tb Ssd \/ Win 11 Pro \/ 4y Prosupport Plus","isPartOf":{"@id":"https:\/\/compuviper.mx\/tienda\/#website"},"datePublished":"2026-04-25T07:09:24+00:00","dateModified":"2026-04-25T07:09:24+00:00","description":"Compra 3000193293193.4 Workstation Movil Pro Max 18 Mb18250 Dvd-rw Externo Dw316 \/ Core Ultra 9 285hx \/ Rtx Pro 2000 8gb \/ 32gb Ram \/ 2tb Ssd \/ Win 11 Pro \/ 4y Prosupport Plus + Env\u00edo a domicilio + Pago seguro + Garant\u00eda","breadcrumb":{"@id":"https:\/\/compuviper.mx\/tienda\/producto\/dell-3000193293193-4-workstation-movil-pro-max-18-mb18250-dvd-rw-externo-dw316-core-ultra-9-285hx-rtx-pro-2000-8gb-32gb-ram-2tb-ssd-win-11-pro-4y-prosupport-plus\/#breadcrumb"},"inLanguage":"es-MX","potentialAction":[{"@type":"ReadAction","target":["https:\/\/compuviper.mx\/tienda\/producto\/dell-3000193293193-4-workstation-movil-pro-max-18-mb18250-dvd-rw-externo-dw316-core-ultra-9-285hx-rtx-pro-2000-8gb-32gb-ram-2tb-ssd-win-11-pro-4y-prosupport-plus\/"]}]},{"@type":"BreadcrumbList","@id":"https:\/\/compuviper.mx\/tienda\/producto\/dell-3000193293193-4-workstation-movil-pro-max-18-mb18250-dvd-rw-externo-dw316-core-ultra-9-285hx-rtx-pro-2000-8gb-32gb-ram-2tb-ssd-win-11-pro-4y-prosupport-plus\/#breadcrumb","itemListElement":[{"@type":"ListItem","position":1,"name":"Inicio","item":"https:\/\/compuviper.mx\/tienda\/"},{"@type":"ListItem","position":2,"name":"Productos","item":"https:\/\/compuviper.mx\/tienda\/productos\/"},{"@type":"ListItem","position":3,"name":"Laptops","item":"https:\/\/compuviper.mx\/tienda\/categoria-producto\/laptops\/"},{"@type":"ListItem","position":4,"name":"Workstation","item":"https:\/\/compuviper.mx\/tienda\/categoria-producto\/laptops\/workstation-laptops\/"},{"@type":"ListItem","position":5,"name":"Dell 3000193293193.4 Workstation Movil Pro Max 18 Mb18250 Dvd-rw Externo Dw316 \/ Core Ultra 9 285hx \/ Rtx Pro 2000 8gb \/ 32gb Ram \/ 2tb Ssd \/ Win 11 Pro \/ 4y Prosupport Plus"}]},{"@type":"WebSite","@id":"https:\/\/compuviper.mx\/tienda\/#website","url":"https:\/\/compuviper.mx\/tienda\/","name":"Compuviper","description":"Proveedor de Computadoras, Laptops, Servidores, Monitores, Puntos de Venta, Teclados,   Impresoras, T\u00f3ner, C\u00e1maras de Seguridad y m\u00e1s en tu tienda en l\u00ednea","publisher":{"@id":"https:\/\/compuviper.mx\/tienda\/#organization"},"potentialAction":[{"@type":"SearchAction","target":{"@type":"EntryPoint","urlTemplate":"https:\/\/compuviper.mx\/tienda\/?s={search_term_string}"},"query-input":"required name=search_term_string"}],"inLanguage":"es-MX"},{"@type":"Organization","@id":"https:\/\/compuviper.mx\/tienda\/#organization","name":"Compuviper","url":"https:\/\/compuviper.mx\/tienda\/","logo":{"@type":"ImageObject","inLanguage":"es-MX","@id":"https:\/\/compuviper.mx\/tienda\/#\/schema\/logo\/image\/","url":"https:\/\/compuviper.mx\/tienda\/wp-content\/uploads\/2021\/08\/Logo-Compuviper-10.png","contentUrl":"https:\/\/compuviper.mx\/tienda\/wp-content\/uploads\/2021\/08\/Logo-Compuviper-10.png","width":1000,"height":500,"caption":"Compuviper"},"image":{"@id":"https:\/\/compuviper.mx\/tienda\/#\/schema\/logo\/image\/"},"sameAs":["https:\/\/www.facebook.com\/compuviper","https:\/\/www.youtube.com\/channel\/UCf73dERp9Y3cfOq7q8BhLjA?view_as=subscriber"]}]},"product_brand":"DELL","product_price_amount":"63075","product_price_currency":"MXN","og_availability":"instock","product_availability":"instock","product_retailer_item_id":"3000193293193.4","product_condition":"new"},"_links":{"self":[{"href":"https:\/\/compuviper.mx\/tienda\/wp-json\/wp\/v2\/product\/267588"}],"collection":[{"href":"https:\/\/compuviper.mx\/tienda\/wp-json\/wp\/v2\/product"}],"about":[{"href":"https:\/\/compuviper.mx\/tienda\/wp-json\/wp\/v2\/types\/product"}],"replies":[{"embeddable":true,"href":"https:\/\/compuviper.mx\/tienda\/wp-json\/wp\/v2\/comments?post=267588"}],"wp:attachment":[{"href":"https:\/\/compuviper.mx\/tienda\/wp-json\/wp\/v2\/media?parent=267588"}],"wp:term":[{"taxonomy":"product_cat","embeddable":true,"href":"https:\/\/compuviper.mx\/tienda\/wp-json\/wp\/v2\/product_cat?post=267588"},{"taxonomy":"product_tag","embeddable":true,"href":"https:\/\/compuviper.mx\/tienda\/wp-json\/wp\/v2\/product_tag?post=267588"}],"curies":[{"name":"wp","href":"https:\/\/api.w.org\/{rel}","templated":true}]}}