{"id":267587,"date":"2026-04-18T01:02:06","date_gmt":"2026-04-18T07:02:06","guid":{"rendered":"https:\/\/compuviper.mx\/tienda\/producto\/benq-9h-lpalm-mba-monitor-consumo-gw2291-21-5-1920x1080-panel-ips-vga-hdmix2-bocinas-1wx2-tecnologia-eye-care-bisel-delgado-negro-3y-garantia\/"},"modified":"2026-04-18T01:02:07","modified_gmt":"2026-04-18T07:02:07","slug":"benq-9h-lpalm-mba-monitor-consumo-gw2291-21-5-1920x1080-panel-ips-vga-hdmix2-bocinas-1wx2-tecnologia-eye-care-bisel-delgado-negro-3y-garantia","status":"publish","type":"product","link":"https:\/\/compuviper.mx\/tienda\/producto\/benq-9h-lpalm-mba-monitor-consumo-gw2291-21-5-1920x1080-panel-ips-vga-hdmix2-bocinas-1wx2-tecnologia-eye-care-bisel-delgado-negro-3y-garantia\/","title":{"rendered":"Benq 9h.lpalm.mba Monitor  Consumo Gw2291 21.5 1920&#215;1080 Panel Ips Vga Hdmix2 Bocinas 1wx2 Tecnologia Eye Care Bisel Delgado Negro 3y Garantia"},"content":{"rendered":"<table class=\"descripcion\">\n<tr>\n<td>Benq monitores<\/td>\n<\/tr>\n<tr>\n<td>Corporativo casa<\/td>\n<\/tr>\n<tr>\n<td>Ideal para un estilo minimalista con conectividad versatil para casa o trabajo<\/td>\n<\/tr>\n<tr>\n<td>Gw2291 ideal para corporativos y casa<\/td>\n<\/tr>\n<tr>\n<td>Especificaciones<\/td>\n<\/tr>\n<tr>\n<td>Color gris oscuro<\/td>\n<\/tr>\n<tr>\n<td>Tamano de pantalla 21.5 pulgadas<\/td>\n<\/tr>\n<tr>\n<td>Tipo de iluminacion retroiluminacion led<\/td>\n<\/tr>\n<tr>\n<td>Tipo de panel ips anti glare<\/td>\n<\/tr>\n<tr>\n<td>Relacion de aspecto 16 a 9 nativo<\/td>\n<\/tr>\n<tr>\n<td>Resolucion full hd 1920&#215;1080 pixeles<\/td>\n<\/tr>\n<tr>\n<td>Dot pitch 0.248<\/td>\n<\/tr>\n<tr>\n<td>Brillo 250 nits<\/td>\n<\/tr>\n<tr>\n<td>Contraste 1300 a 1<\/td>\n<\/tr>\n<tr>\n<td>Angulo de vision 178 vertical 178 horizontal<\/td>\n<\/tr>\n<tr>\n<td>Tiempo de repuesta 5 ms gtg<\/td>\n<\/tr>\n<tr>\n<td>Cantidad de colores 16.7 millones<\/td>\n<\/tr>\n<tr>\n<td>Gama de color 72 porciento ntsc<\/td>\n<\/tr>\n<tr>\n<td>Modo de color estandar juego care mode cine<\/td>\n<\/tr>\n<tr>\n<td>Temperatura de color rojizo azulado normal usuario<\/td>\n<\/tr>\n<tr>\n<td>Frecuencia de actualizacion 100 hz<\/td>\n<\/tr>\n<tr>\n<td>Frecuencia horizontal 24k 86khz vga 24k 120khz hdmi<\/td>\n<\/tr>\n<tr>\n<td>Frecuencia vertical 49 75hz vga 48 100hz hdmi<\/td>\n<\/tr>\n<tr>\n<td>Frecuencia de video 180mhz vga 234mhz hdmi<\/td>\n<\/tr>\n<tr>\n<td>Entradas y salidas hdmi in v1.4 x1 vga in x1 audifonos in bocinas 2w x2<\/td>\n<\/tr>\n<tr>\n<td>Fuente de poder integrada 100 a 240v ac<\/td>\n<\/tr>\n<tr>\n<td>Consumo de energia y en espera 15w normal 24w maximo menor a 0.5w standby<\/td>\n<\/tr>\n<tr>\n<td>Pedo 2.56 kg<\/td>\n<\/tr>\n<tr>\n<td>Dimensiones 379.5 x 489 x 191.4 mm al x an x pr<\/td>\n<\/tr>\n<tr>\n<td>Idiomas 21 idiomas<\/td>\n<\/tr>\n<tr>\n<td>Caracteristicas especiales<\/td>\n<\/tr>\n<tr>\n<td>Tenologia eye care para el cuidado de los ojos con eye reminder low blue light y flicker free<\/td>\n<\/tr>\n<tr>\n<td>Tecnologia ama<\/td>\n<\/tr>\n<tr>\n<td>Certificacion tuv rheinland con eye comfort 2.0 flicker free y low blue light<\/td>\n<\/tr>\n<tr>\n<td>Certificacion energy star 8.0<\/td>\n<\/tr>\n<tr>\n<td>Software eye care u<\/td>\n<\/tr>\n<tr>\n<td>Inclinacion de menos 5 a menos 20 grados<\/td>\n<\/tr>\n<tr>\n<td>Vesa 100 x 100 mm k locker<\/td>\n<\/tr>\n<tr>\n<td>Accesorios incluidos cables poder 1.5 mt y hdmi 1.4 guia de inicio rapido tarjeta de garantia<\/td>\n<\/tr>\n<\/table>\n","protected":false},"excerpt":{"rendered":"<p>Cuidado diario y comodidad ocular constante. Con el  gw2291 no deberias de tener que ajustar configuracion tras configuracion solo para proteger tus ojos. Los monitores benq con solo para proteger tus ojos. Los monitores benq con cuidado ocular. Los monitores benq con cuidado ocular vienen equipados con tecnologia de baja luz azul y sin parpadeo para ofrecer una comodidad ocular sin esfuerzo<\/p>\n","protected":false},"featured_media":0,"comment_status":"open","ping_status":"open","template":"","meta":[],"product_cat":[1740,1741],"product_tag":[1744],"acf":[],"yoast_head":"<!-- This site is optimized with the Yoast SEO plugin v21.7 - https:\/\/yoast.com\/wordpress\/plugins\/seo\/ -->\n<title>[ Benq ] &#129351; 9h.lpalm.mba Monitor Consumo Gw2291 21.5 1920x1080 Panel Ips Vga Hdmix2 Bocinas 1wx2 Tecnologia Eye Care Bisel Delgado Negro 3y Garantia<\/title>\n<meta name=\"description\" content=\"Compra 9h.lpalm.mba Monitor Consumo Gw2291 21.5 1920x1080 Panel Ips Vga Hdmix2 Bocinas 1wx2 Tecnologia Eye Care Bisel Delgado Negro 3y Garantia + Env\u00edo a domicilio + Pago seguro + Garant\u00eda\" \/>\n<meta name=\"robots\" content=\"index, follow, max-snippet:-1, max-image-preview:large, max-video-preview:-1\" \/>\n<link rel=\"canonical\" href=\"https:\/\/compuviper.mx\/tienda\/producto\/benq-9h-lpalm-mba-monitor-consumo-gw2291-21-5-1920x1080-panel-ips-vga-hdmix2-bocinas-1wx2-tecnologia-eye-care-bisel-delgado-negro-3y-garantia\/\" \/>\n<meta property=\"og:locale\" content=\"es_MX\" \/>\n<meta property=\"og:type\" content=\"article\" \/>\n<meta property=\"og:title\" content=\"[ Benq ] &#129351; 9h.lpalm.mba Monitor Consumo Gw2291 21.5 1920x1080 Panel Ips Vga Hdmix2 Bocinas 1wx2 Tecnologia Eye Care Bisel Delgado Negro 3y Garantia\" \/>\n<meta property=\"og:description\" content=\"Compra 9h.lpalm.mba Monitor Consumo Gw2291 21.5 1920x1080 Panel Ips Vga Hdmix2 Bocinas 1wx2 Tecnologia Eye Care Bisel Delgado Negro 3y Garantia + Env\u00edo a domicilio + Pago seguro + Garant\u00eda\" \/>\n<meta property=\"og:url\" content=\"https:\/\/compuviper.mx\/tienda\/producto\/benq-9h-lpalm-mba-monitor-consumo-gw2291-21-5-1920x1080-panel-ips-vga-hdmix2-bocinas-1wx2-tecnologia-eye-care-bisel-delgado-negro-3y-garantia\/\" \/>\n<meta property=\"og:site_name\" content=\"Compuviper\" \/>\n<meta property=\"article:publisher\" content=\"https:\/\/www.facebook.com\/compuviper\" \/>\n<meta property=\"article:modified_time\" content=\"2026-04-18T07:02:07+00:00\" \/>\n<meta name=\"twitter:card\" content=\"summary_large_image\" \/>\n<meta name=\"twitter:label1\" content=\"Precio\" \/>\n\t<meta name=\"twitter:data1\" content=\"&#36;1,657 con IVA\" \/>\n\t<meta name=\"twitter:label2\" content=\"Availability\" \/>\n\t<meta name=\"twitter:data2\" content=\"Out of stock\" \/>\n<script type=\"application\/ld+json\" class=\"yoast-schema-graph\">{\"@context\":\"https:\/\/schema.org\",\"@graph\":[{\"@type\":\"WebPage\",\"@id\":\"https:\/\/compuviper.mx\/tienda\/producto\/benq-9h-lpalm-mba-monitor-consumo-gw2291-21-5-1920x1080-panel-ips-vga-hdmix2-bocinas-1wx2-tecnologia-eye-care-bisel-delgado-negro-3y-garantia\/\",\"url\":\"https:\/\/compuviper.mx\/tienda\/producto\/benq-9h-lpalm-mba-monitor-consumo-gw2291-21-5-1920x1080-panel-ips-vga-hdmix2-bocinas-1wx2-tecnologia-eye-care-bisel-delgado-negro-3y-garantia\/\",\"name\":\"[ Benq ] &#129351; 9h.lpalm.mba Monitor Consumo Gw2291 21.5 1920x1080 Panel Ips Vga Hdmix2 Bocinas 1wx2 Tecnologia Eye Care Bisel Delgado Negro 3y Garantia\",\"isPartOf\":{\"@id\":\"https:\/\/compuviper.mx\/tienda\/#website\"},\"datePublished\":\"2026-04-18T07:02:06+00:00\",\"dateModified\":\"2026-04-18T07:02:07+00:00\",\"description\":\"Compra 9h.lpalm.mba Monitor Consumo Gw2291 21.5 1920x1080 Panel Ips Vga Hdmix2 Bocinas 1wx2 Tecnologia Eye Care Bisel Delgado Negro 3y Garantia + Env\u00edo a domicilio + Pago seguro + Garant\u00eda\",\"breadcrumb\":{\"@id\":\"https:\/\/compuviper.mx\/tienda\/producto\/benq-9h-lpalm-mba-monitor-consumo-gw2291-21-5-1920x1080-panel-ips-vga-hdmix2-bocinas-1wx2-tecnologia-eye-care-bisel-delgado-negro-3y-garantia\/#breadcrumb\"},\"inLanguage\":\"es-MX\",\"potentialAction\":[{\"@type\":\"ReadAction\",\"target\":[\"https:\/\/compuviper.mx\/tienda\/producto\/benq-9h-lpalm-mba-monitor-consumo-gw2291-21-5-1920x1080-panel-ips-vga-hdmix2-bocinas-1wx2-tecnologia-eye-care-bisel-delgado-negro-3y-garantia\/\"]}]},{\"@type\":\"BreadcrumbList\",\"@id\":\"https:\/\/compuviper.mx\/tienda\/producto\/benq-9h-lpalm-mba-monitor-consumo-gw2291-21-5-1920x1080-panel-ips-vga-hdmix2-bocinas-1wx2-tecnologia-eye-care-bisel-delgado-negro-3y-garantia\/#breadcrumb\",\"itemListElement\":[{\"@type\":\"ListItem\",\"position\":1,\"name\":\"Inicio\",\"item\":\"https:\/\/compuviper.mx\/tienda\/\"},{\"@type\":\"ListItem\",\"position\":2,\"name\":\"Productos\",\"item\":\"https:\/\/compuviper.mx\/tienda\/productos\/\"},{\"@type\":\"ListItem\",\"position\":3,\"name\":\"Monitores\",\"item\":\"https:\/\/compuviper.mx\/tienda\/categoria-producto\/monitores\/\"},{\"@type\":\"ListItem\",\"position\":4,\"name\":\"Led\",\"item\":\"https:\/\/compuviper.mx\/tienda\/categoria-producto\/monitores\/led\/\"},{\"@type\":\"ListItem\",\"position\":5,\"name\":\"Benq 9h.lpalm.mba Monitor Consumo Gw2291 21.5 1920&#215;1080 Panel Ips Vga Hdmix2 Bocinas 1wx2 Tecnologia Eye Care Bisel Delgado Negro 3y Garantia\"}]},{\"@type\":\"WebSite\",\"@id\":\"https:\/\/compuviper.mx\/tienda\/#website\",\"url\":\"https:\/\/compuviper.mx\/tienda\/\",\"name\":\"Compuviper\",\"description\":\"Proveedor de Computadoras, Laptops, Servidores, Monitores, Puntos de Venta, Teclados,   Impresoras, T\u00f3ner, C\u00e1maras de Seguridad y m\u00e1s en tu tienda en l\u00ednea\",\"publisher\":{\"@id\":\"https:\/\/compuviper.mx\/tienda\/#organization\"},\"potentialAction\":[{\"@type\":\"SearchAction\",\"target\":{\"@type\":\"EntryPoint\",\"urlTemplate\":\"https:\/\/compuviper.mx\/tienda\/?s={search_term_string}\"},\"query-input\":\"required name=search_term_string\"}],\"inLanguage\":\"es-MX\"},{\"@type\":\"Organization\",\"@id\":\"https:\/\/compuviper.mx\/tienda\/#organization\",\"name\":\"Compuviper\",\"url\":\"https:\/\/compuviper.mx\/tienda\/\",\"logo\":{\"@type\":\"ImageObject\",\"inLanguage\":\"es-MX\",\"@id\":\"https:\/\/compuviper.mx\/tienda\/#\/schema\/logo\/image\/\",\"url\":\"https:\/\/compuviper.mx\/tienda\/wp-content\/uploads\/2021\/08\/Logo-Compuviper-10.png\",\"contentUrl\":\"https:\/\/compuviper.mx\/tienda\/wp-content\/uploads\/2021\/08\/Logo-Compuviper-10.png\",\"width\":1000,\"height\":500,\"caption\":\"Compuviper\"},\"image\":{\"@id\":\"https:\/\/compuviper.mx\/tienda\/#\/schema\/logo\/image\/\"},\"sameAs\":[\"https:\/\/www.facebook.com\/compuviper\",\"https:\/\/www.youtube.com\/channel\/UCf73dERp9Y3cfOq7q8BhLjA?view_as=subscriber\"]}]}<\/script>\n<meta property=\"product:brand\" content=\"BENQ\" \/>\n<meta property=\"product:price:amount\" content=\"1657\" \/>\n<meta property=\"product:price:currency\" content=\"MXN\" \/>\n<meta property=\"og:availability\" content=\"out of stock\" \/>\n<meta property=\"product:availability\" content=\"out of stock\" \/>\n<meta property=\"product:retailer_item_id\" content=\"9H.LPALM.MBA\" \/>\n<meta property=\"product:condition\" content=\"new\" \/>\n<!-- \/ Yoast SEO plugin. -->","yoast_head_json":{"title":"[ Benq ] &#129351; 9h.lpalm.mba Monitor Consumo Gw2291 21.5 1920x1080 Panel Ips Vga Hdmix2 Bocinas 1wx2 Tecnologia Eye Care Bisel Delgado Negro 3y Garantia","description":"Compra 9h.lpalm.mba Monitor Consumo Gw2291 21.5 1920x1080 Panel Ips Vga Hdmix2 Bocinas 1wx2 Tecnologia Eye Care Bisel Delgado Negro 3y Garantia + Env\u00edo a domicilio + Pago seguro + Garant\u00eda","robots":{"index":"index","follow":"follow","max-snippet":"max-snippet:-1","max-image-preview":"max-image-preview:large","max-video-preview":"max-video-preview:-1"},"canonical":"https:\/\/compuviper.mx\/tienda\/producto\/benq-9h-lpalm-mba-monitor-consumo-gw2291-21-5-1920x1080-panel-ips-vga-hdmix2-bocinas-1wx2-tecnologia-eye-care-bisel-delgado-negro-3y-garantia\/","og_locale":"es_MX","og_type":"article","og_title":"[ Benq ] &#129351; 9h.lpalm.mba Monitor Consumo Gw2291 21.5 1920x1080 Panel Ips Vga Hdmix2 Bocinas 1wx2 Tecnologia Eye Care Bisel Delgado Negro 3y Garantia","og_description":"Compra 9h.lpalm.mba Monitor Consumo Gw2291 21.5 1920x1080 Panel Ips Vga Hdmix2 Bocinas 1wx2 Tecnologia Eye Care Bisel Delgado Negro 3y Garantia + Env\u00edo a domicilio + Pago seguro + Garant\u00eda","og_url":"https:\/\/compuviper.mx\/tienda\/producto\/benq-9h-lpalm-mba-monitor-consumo-gw2291-21-5-1920x1080-panel-ips-vga-hdmix2-bocinas-1wx2-tecnologia-eye-care-bisel-delgado-negro-3y-garantia\/","og_site_name":"Compuviper","article_publisher":"https:\/\/www.facebook.com\/compuviper","article_modified_time":"2026-04-18T07:02:07+00:00","twitter_card":"summary_large_image","twitter_misc":{"Precio":"&#36;1,657 con IVA","Availability":"Out of stock"},"schema":{"@context":"https:\/\/schema.org","@graph":[{"@type":"WebPage","@id":"https:\/\/compuviper.mx\/tienda\/producto\/benq-9h-lpalm-mba-monitor-consumo-gw2291-21-5-1920x1080-panel-ips-vga-hdmix2-bocinas-1wx2-tecnologia-eye-care-bisel-delgado-negro-3y-garantia\/","url":"https:\/\/compuviper.mx\/tienda\/producto\/benq-9h-lpalm-mba-monitor-consumo-gw2291-21-5-1920x1080-panel-ips-vga-hdmix2-bocinas-1wx2-tecnologia-eye-care-bisel-delgado-negro-3y-garantia\/","name":"[ Benq ] &#129351; 9h.lpalm.mba Monitor Consumo Gw2291 21.5 1920x1080 Panel Ips Vga Hdmix2 Bocinas 1wx2 Tecnologia Eye Care Bisel Delgado Negro 3y Garantia","isPartOf":{"@id":"https:\/\/compuviper.mx\/tienda\/#website"},"datePublished":"2026-04-18T07:02:06+00:00","dateModified":"2026-04-18T07:02:07+00:00","description":"Compra 9h.lpalm.mba Monitor Consumo Gw2291 21.5 1920x1080 Panel Ips Vga Hdmix2 Bocinas 1wx2 Tecnologia Eye Care Bisel Delgado Negro 3y Garantia + Env\u00edo a domicilio + Pago seguro + Garant\u00eda","breadcrumb":{"@id":"https:\/\/compuviper.mx\/tienda\/producto\/benq-9h-lpalm-mba-monitor-consumo-gw2291-21-5-1920x1080-panel-ips-vga-hdmix2-bocinas-1wx2-tecnologia-eye-care-bisel-delgado-negro-3y-garantia\/#breadcrumb"},"inLanguage":"es-MX","potentialAction":[{"@type":"ReadAction","target":["https:\/\/compuviper.mx\/tienda\/producto\/benq-9h-lpalm-mba-monitor-consumo-gw2291-21-5-1920x1080-panel-ips-vga-hdmix2-bocinas-1wx2-tecnologia-eye-care-bisel-delgado-negro-3y-garantia\/"]}]},{"@type":"BreadcrumbList","@id":"https:\/\/compuviper.mx\/tienda\/producto\/benq-9h-lpalm-mba-monitor-consumo-gw2291-21-5-1920x1080-panel-ips-vga-hdmix2-bocinas-1wx2-tecnologia-eye-care-bisel-delgado-negro-3y-garantia\/#breadcrumb","itemListElement":[{"@type":"ListItem","position":1,"name":"Inicio","item":"https:\/\/compuviper.mx\/tienda\/"},{"@type":"ListItem","position":2,"name":"Productos","item":"https:\/\/compuviper.mx\/tienda\/productos\/"},{"@type":"ListItem","position":3,"name":"Monitores","item":"https:\/\/compuviper.mx\/tienda\/categoria-producto\/monitores\/"},{"@type":"ListItem","position":4,"name":"Led","item":"https:\/\/compuviper.mx\/tienda\/categoria-producto\/monitores\/led\/"},{"@type":"ListItem","position":5,"name":"Benq 9h.lpalm.mba Monitor Consumo Gw2291 21.5 1920&#215;1080 Panel Ips Vga Hdmix2 Bocinas 1wx2 Tecnologia Eye Care Bisel Delgado Negro 3y Garantia"}]},{"@type":"WebSite","@id":"https:\/\/compuviper.mx\/tienda\/#website","url":"https:\/\/compuviper.mx\/tienda\/","name":"Compuviper","description":"Proveedor de Computadoras, Laptops, Servidores, Monitores, Puntos de Venta, Teclados,   Impresoras, T\u00f3ner, C\u00e1maras de Seguridad y m\u00e1s en tu tienda en l\u00ednea","publisher":{"@id":"https:\/\/compuviper.mx\/tienda\/#organization"},"potentialAction":[{"@type":"SearchAction","target":{"@type":"EntryPoint","urlTemplate":"https:\/\/compuviper.mx\/tienda\/?s={search_term_string}"},"query-input":"required name=search_term_string"}],"inLanguage":"es-MX"},{"@type":"Organization","@id":"https:\/\/compuviper.mx\/tienda\/#organization","name":"Compuviper","url":"https:\/\/compuviper.mx\/tienda\/","logo":{"@type":"ImageObject","inLanguage":"es-MX","@id":"https:\/\/compuviper.mx\/tienda\/#\/schema\/logo\/image\/","url":"https:\/\/compuviper.mx\/tienda\/wp-content\/uploads\/2021\/08\/Logo-Compuviper-10.png","contentUrl":"https:\/\/compuviper.mx\/tienda\/wp-content\/uploads\/2021\/08\/Logo-Compuviper-10.png","width":1000,"height":500,"caption":"Compuviper"},"image":{"@id":"https:\/\/compuviper.mx\/tienda\/#\/schema\/logo\/image\/"},"sameAs":["https:\/\/www.facebook.com\/compuviper","https:\/\/www.youtube.com\/channel\/UCf73dERp9Y3cfOq7q8BhLjA?view_as=subscriber"]}]},"product_brand":"BENQ","product_price_amount":"1657","product_price_currency":"MXN","og_availability":"out of stock","product_availability":"out of stock","product_retailer_item_id":"9H.LPALM.MBA","product_condition":"new"},"_links":{"self":[{"href":"https:\/\/compuviper.mx\/tienda\/wp-json\/wp\/v2\/product\/267587"}],"collection":[{"href":"https:\/\/compuviper.mx\/tienda\/wp-json\/wp\/v2\/product"}],"about":[{"href":"https:\/\/compuviper.mx\/tienda\/wp-json\/wp\/v2\/types\/product"}],"replies":[{"embeddable":true,"href":"https:\/\/compuviper.mx\/tienda\/wp-json\/wp\/v2\/comments?post=267587"}],"wp:attachment":[{"href":"https:\/\/compuviper.mx\/tienda\/wp-json\/wp\/v2\/media?parent=267587"}],"wp:term":[{"taxonomy":"product_cat","embeddable":true,"href":"https:\/\/compuviper.mx\/tienda\/wp-json\/wp\/v2\/product_cat?post=267587"},{"taxonomy":"product_tag","embeddable":true,"href":"https:\/\/compuviper.mx\/tienda\/wp-json\/wp\/v2\/product_tag?post=267587"}],"curies":[{"name":"wp","href":"https:\/\/api.w.org\/{rel}","templated":true}]}}