{"id":267562,"date":"2026-04-09T23:44:49","date_gmt":"2026-04-10T05:44:49","guid":{"rendered":"https:\/\/compuviper.mx\/tienda\/producto\/cooler-master-rr-s4na-17pa-r1-disipador-de-aire-hyper-212-spectrum-v3-plata-argb-gamer\/"},"modified":"2026-04-09T23:44:49","modified_gmt":"2026-04-10T05:44:49","slug":"cooler-master-rr-s4na-17pa-r1-disipador-de-aire-hyper-212-spectrum-v3-plata-argb-gamer","status":"publish","type":"product","link":"https:\/\/compuviper.mx\/tienda\/producto\/cooler-master-rr-s4na-17pa-r1-disipador-de-aire-hyper-212-spectrum-v3-plata-argb-gamer\/","title":{"rendered":"Cooler Master Rr-s4na-17pa-r1 Disipador De Aire  \/ Hyper 212 Spectrum V3 \/ Plata \/ Argb \/ Gamer"},"content":{"rendered":"<table class=\"descripcion\">\n<tr>\n<td>Numero de producto: rr-s4na-17pa-r1<\/td>\n<\/tr>\n<tr>\n<td>Exterior color: plata<\/td>\n<\/tr>\n<tr>\n<td>Cpu socket: intel lga 1851 \/ 1700 \/ 1200 \/ 1151 \/ 1150 \/ 1155 \/ 1156<\/td>\n<\/tr>\n<tr>\n<td>Cpu socket: socket amd am5 \/ am4<\/td>\n<\/tr>\n<tr>\n<td>Dimensiones: (l x anla x e)124 x 73 x 152 mm \/ 4,8 x 2,8 x 5,9 pulgadas<\/td>\n<\/tr>\n<tr>\n<td>Material del disipador de calor: 4 tubos de calor \/ aletas de aluminio<\/td>\n<\/tr>\n<tr>\n<td>Dimensiones del ventilador: (l x anla x e)120 x 120 x 25mm<\/td>\n<\/tr>\n<tr>\n<td>Perfiles de fans: rgb direccionable<\/td>\n<\/tr>\n<tr>\n<td>Cantidad de aficionados: 1 pc<\/td>\n<\/tr>\n<tr>\n<td>Velocidad del ventilador: 650-1750 rpm \u00b1 10%<\/td>\n<\/tr>\n<tr>\n<td>Flujo de aire del ventilador: 71,93 cfm (maximo)<\/td>\n<\/tr>\n<tr>\n<td>Presion del aire del ventilador: 1,86 mmh and #8322;o (max)<\/td>\n<\/tr>\n<tr>\n<td>Fan mttf:  160.000 horas<\/td>\n<\/tr>\n<tr>\n<td>Nivel de ruido del ventilador: 27,2 dba (maximo)<\/td>\n<\/tr>\n<tr>\n<td>Tipo de rodamiento de abanico: rumbo del fusil<\/td>\n<\/tr>\n<tr>\n<td>Conector de alimentaci\u00f3n del ventilador: 4-pines (pwm)<\/td>\n<\/tr>\n<tr>\n<td>Voltaje nominal para ventiladores: 12 vdc<\/td>\n<\/tr>\n<tr>\n<td>Corriente nominal para ventiladores: 0,26a<\/td>\n<\/tr>\n<tr>\n<td>Corriente de seguridad del ventilador: 0,37a<\/td>\n<\/tr>\n<tr>\n<td>Consumo de potencia del ventilador: 3,12w<\/td>\n<\/tr>\n<tr>\n<td>Garantia: 2 a\u00f1os<\/td>\n<\/tr>\n<tr>\n<td>Tipo refrigerador: enfriador de aire<\/td>\n<\/tr>\n<tr>\n<td>Serie: hiper<\/td>\n<\/tr>\n<tr>\n<td>Heatpipes: 4<\/td>\n<\/tr>\n<\/table>\n","protected":false},"excerpt":{"rendered":"<p>Hyper 212 spectrum v3. Tecnologia de contacto directo. Tuberias de calor niqueladas. Compatibilidad de amplio rango. Soportes de instalaci\u00f3n mejorados. Ventilador de espectro de alto rendimiento con compatibilidad argb con placas base asus aura, asrock rgb, gigabyte y msi rgb. Los soportes redise\u00f1ados simplifican la instalacion en las plataformas m\u00e1s recientes disponibles<\/p>\n","protected":false},"featured_media":267563,"comment_status":"open","ping_status":"open","template":"","meta":[],"product_cat":[1859,1612],"product_tag":[1615],"acf":[],"yoast_head":"<!-- This site is optimized with the Yoast SEO plugin v21.7 - https:\/\/yoast.com\/wordpress\/plugins\/seo\/ -->\n<title>[ Cooler Master ] &#129351; Rr-s4na-17pa-r1 Disipador De Aire \/ Hyper 212 Spectrum V3 \/ Plata \/ Argb \/ Gamer<\/title>\n<meta name=\"description\" content=\"Compra Rr-s4na-17pa-r1 Disipador De Aire \/ Hyper 212 Spectrum V3 \/ Plata \/ Argb \/ Gamer + Env\u00edo a domicilio + Pago seguro + Garant\u00eda\" \/>\n<meta name=\"robots\" content=\"index, follow, max-snippet:-1, max-image-preview:large, max-video-preview:-1\" \/>\n<link rel=\"canonical\" href=\"https:\/\/compuviper.mx\/tienda\/producto\/cooler-master-rr-s4na-17pa-r1-disipador-de-aire-hyper-212-spectrum-v3-plata-argb-gamer\/\" \/>\n<meta property=\"og:locale\" content=\"es_MX\" \/>\n<meta property=\"og:type\" content=\"article\" \/>\n<meta property=\"og:title\" content=\"[ Cooler Master ] &#129351; Rr-s4na-17pa-r1 Disipador De Aire \/ Hyper 212 Spectrum V3 \/ Plata \/ Argb \/ Gamer\" \/>\n<meta property=\"og:description\" content=\"Compra Rr-s4na-17pa-r1 Disipador De Aire \/ Hyper 212 Spectrum V3 \/ Plata \/ Argb \/ Gamer + Env\u00edo a domicilio + Pago seguro + Garant\u00eda\" \/>\n<meta property=\"og:url\" content=\"https:\/\/compuviper.mx\/tienda\/producto\/cooler-master-rr-s4na-17pa-r1-disipador-de-aire-hyper-212-spectrum-v3-plata-argb-gamer\/\" \/>\n<meta property=\"og:site_name\" content=\"Compuviper\" \/>\n<meta property=\"article:publisher\" content=\"https:\/\/www.facebook.com\/compuviper\" \/>\n<meta property=\"og:image\" content=\"https:\/\/compuviper.mx\/tienda\/wp-content\/uploads\/2026\/03\/Disipador-de-aire-cooler-master-hyper-212-spectrum-v3-plata-argb-gamer.jpg\" \/>\n\t<meta property=\"og:image:width\" content=\"200\" \/>\n\t<meta property=\"og:image:height\" content=\"200\" \/>\n\t<meta property=\"og:image:type\" content=\"image\/jpeg\" \/>\n<meta name=\"twitter:card\" content=\"summary_large_image\" \/>\n<meta name=\"twitter:label1\" content=\"Precio\" \/>\n\t<meta name=\"twitter:data1\" content=\"&#36;205 &#36;204 con IVA\" \/>\n\t<meta name=\"twitter:label2\" content=\"Availability\" \/>\n\t<meta name=\"twitter:data2\" content=\"In stock\" \/>\n<script type=\"application\/ld+json\" class=\"yoast-schema-graph\">{\"@context\":\"https:\/\/schema.org\",\"@graph\":[{\"@type\":\"WebPage\",\"@id\":\"https:\/\/compuviper.mx\/tienda\/producto\/cooler-master-rr-s4na-17pa-r1-disipador-de-aire-hyper-212-spectrum-v3-plata-argb-gamer\/\",\"url\":\"https:\/\/compuviper.mx\/tienda\/producto\/cooler-master-rr-s4na-17pa-r1-disipador-de-aire-hyper-212-spectrum-v3-plata-argb-gamer\/\",\"name\":\"[ Cooler Master ] &#129351; Rr-s4na-17pa-r1 Disipador De Aire \/ Hyper 212 Spectrum V3 \/ Plata \/ Argb \/ Gamer\",\"isPartOf\":{\"@id\":\"https:\/\/compuviper.mx\/tienda\/#website\"},\"datePublished\":\"2026-04-10T05:44:49+00:00\",\"dateModified\":\"2026-04-10T05:44:49+00:00\",\"description\":\"Compra Rr-s4na-17pa-r1 Disipador De Aire \/ Hyper 212 Spectrum V3 \/ Plata \/ Argb \/ Gamer + Env\u00edo a domicilio + Pago seguro + Garant\u00eda\",\"breadcrumb\":{\"@id\":\"https:\/\/compuviper.mx\/tienda\/producto\/cooler-master-rr-s4na-17pa-r1-disipador-de-aire-hyper-212-spectrum-v3-plata-argb-gamer\/#breadcrumb\"},\"inLanguage\":\"es-MX\",\"potentialAction\":[{\"@type\":\"ReadAction\",\"target\":[\"https:\/\/compuviper.mx\/tienda\/producto\/cooler-master-rr-s4na-17pa-r1-disipador-de-aire-hyper-212-spectrum-v3-plata-argb-gamer\/\"]}]},{\"@type\":\"BreadcrumbList\",\"@id\":\"https:\/\/compuviper.mx\/tienda\/producto\/cooler-master-rr-s4na-17pa-r1-disipador-de-aire-hyper-212-spectrum-v3-plata-argb-gamer\/#breadcrumb\",\"itemListElement\":[{\"@type\":\"ListItem\",\"position\":1,\"name\":\"Inicio\",\"item\":\"https:\/\/compuviper.mx\/tienda\/\"},{\"@type\":\"ListItem\",\"position\":2,\"name\":\"Productos\",\"item\":\"https:\/\/compuviper.mx\/tienda\/productos\/\"},{\"@type\":\"ListItem\",\"position\":3,\"name\":\"Ventiladores\",\"item\":\"https:\/\/compuviper.mx\/tienda\/categoria-producto\/ventiladores\/\"},{\"@type\":\"ListItem\",\"position\":4,\"name\":\"Disipador\",\"item\":\"https:\/\/compuviper.mx\/tienda\/categoria-producto\/ventiladores\/disipador\/\"},{\"@type\":\"ListItem\",\"position\":5,\"name\":\"Cooler Master Rr-s4na-17pa-r1 Disipador De Aire \/ Hyper 212 Spectrum V3 \/ Plata \/ Argb \/ Gamer\"}]},{\"@type\":\"WebSite\",\"@id\":\"https:\/\/compuviper.mx\/tienda\/#website\",\"url\":\"https:\/\/compuviper.mx\/tienda\/\",\"name\":\"Compuviper\",\"description\":\"Proveedor de Computadoras, Laptops, Servidores, Monitores, Puntos de Venta, Teclados,   Impresoras, T\u00f3ner, C\u00e1maras de Seguridad y m\u00e1s en tu tienda en l\u00ednea\",\"publisher\":{\"@id\":\"https:\/\/compuviper.mx\/tienda\/#organization\"},\"potentialAction\":[{\"@type\":\"SearchAction\",\"target\":{\"@type\":\"EntryPoint\",\"urlTemplate\":\"https:\/\/compuviper.mx\/tienda\/?s={search_term_string}\"},\"query-input\":\"required name=search_term_string\"}],\"inLanguage\":\"es-MX\"},{\"@type\":\"Organization\",\"@id\":\"https:\/\/compuviper.mx\/tienda\/#organization\",\"name\":\"Compuviper\",\"url\":\"https:\/\/compuviper.mx\/tienda\/\",\"logo\":{\"@type\":\"ImageObject\",\"inLanguage\":\"es-MX\",\"@id\":\"https:\/\/compuviper.mx\/tienda\/#\/schema\/logo\/image\/\",\"url\":\"https:\/\/compuviper.mx\/tienda\/wp-content\/uploads\/2021\/08\/Logo-Compuviper-10.png\",\"contentUrl\":\"https:\/\/compuviper.mx\/tienda\/wp-content\/uploads\/2021\/08\/Logo-Compuviper-10.png\",\"width\":1000,\"height\":500,\"caption\":\"Compuviper\"},\"image\":{\"@id\":\"https:\/\/compuviper.mx\/tienda\/#\/schema\/logo\/image\/\"},\"sameAs\":[\"https:\/\/www.facebook.com\/compuviper\",\"https:\/\/www.youtube.com\/channel\/UCf73dERp9Y3cfOq7q8BhLjA?view_as=subscriber\"]}]}<\/script>\n<meta property=\"product:brand\" content=\"COOLER MASTER\" \/>\n<meta property=\"product:price:amount\" content=\"204\" \/>\n<meta property=\"product:price:currency\" content=\"MXN\" \/>\n<meta property=\"og:availability\" content=\"instock\" \/>\n<meta property=\"product:availability\" content=\"instock\" \/>\n<meta property=\"product:retailer_item_id\" content=\"RR-S4NA-17PA-R1\" \/>\n<meta property=\"product:condition\" content=\"new\" \/>\n<!-- \/ Yoast SEO plugin. -->","yoast_head_json":{"title":"[ Cooler Master ] &#129351; Rr-s4na-17pa-r1 Disipador De Aire \/ Hyper 212 Spectrum V3 \/ Plata \/ Argb \/ Gamer","description":"Compra Rr-s4na-17pa-r1 Disipador De Aire \/ Hyper 212 Spectrum V3 \/ Plata \/ Argb \/ Gamer + Env\u00edo a domicilio + Pago seguro + Garant\u00eda","robots":{"index":"index","follow":"follow","max-snippet":"max-snippet:-1","max-image-preview":"max-image-preview:large","max-video-preview":"max-video-preview:-1"},"canonical":"https:\/\/compuviper.mx\/tienda\/producto\/cooler-master-rr-s4na-17pa-r1-disipador-de-aire-hyper-212-spectrum-v3-plata-argb-gamer\/","og_locale":"es_MX","og_type":"article","og_title":"[ Cooler Master ] &#129351; Rr-s4na-17pa-r1 Disipador De Aire \/ Hyper 212 Spectrum V3 \/ Plata \/ Argb \/ Gamer","og_description":"Compra Rr-s4na-17pa-r1 Disipador De Aire \/ Hyper 212 Spectrum V3 \/ Plata \/ Argb \/ Gamer + Env\u00edo a domicilio + Pago seguro + Garant\u00eda","og_url":"https:\/\/compuviper.mx\/tienda\/producto\/cooler-master-rr-s4na-17pa-r1-disipador-de-aire-hyper-212-spectrum-v3-plata-argb-gamer\/","og_site_name":"Compuviper","article_publisher":"https:\/\/www.facebook.com\/compuviper","og_image":[{"width":200,"height":200,"url":"https:\/\/compuviper.mx\/tienda\/wp-content\/uploads\/2026\/03\/Disipador-de-aire-cooler-master-hyper-212-spectrum-v3-plata-argb-gamer.jpg","type":"image\/jpeg"}],"twitter_card":"summary_large_image","twitter_misc":{"Precio":"&#36;205 &#36;204 con IVA","Availability":"In stock"},"schema":{"@context":"https:\/\/schema.org","@graph":[{"@type":"WebPage","@id":"https:\/\/compuviper.mx\/tienda\/producto\/cooler-master-rr-s4na-17pa-r1-disipador-de-aire-hyper-212-spectrum-v3-plata-argb-gamer\/","url":"https:\/\/compuviper.mx\/tienda\/producto\/cooler-master-rr-s4na-17pa-r1-disipador-de-aire-hyper-212-spectrum-v3-plata-argb-gamer\/","name":"[ Cooler Master ] &#129351; Rr-s4na-17pa-r1 Disipador De Aire \/ Hyper 212 Spectrum V3 \/ Plata \/ Argb \/ Gamer","isPartOf":{"@id":"https:\/\/compuviper.mx\/tienda\/#website"},"datePublished":"2026-04-10T05:44:49+00:00","dateModified":"2026-04-10T05:44:49+00:00","description":"Compra Rr-s4na-17pa-r1 Disipador De Aire \/ Hyper 212 Spectrum V3 \/ Plata \/ Argb \/ Gamer + Env\u00edo a domicilio + Pago seguro + Garant\u00eda","breadcrumb":{"@id":"https:\/\/compuviper.mx\/tienda\/producto\/cooler-master-rr-s4na-17pa-r1-disipador-de-aire-hyper-212-spectrum-v3-plata-argb-gamer\/#breadcrumb"},"inLanguage":"es-MX","potentialAction":[{"@type":"ReadAction","target":["https:\/\/compuviper.mx\/tienda\/producto\/cooler-master-rr-s4na-17pa-r1-disipador-de-aire-hyper-212-spectrum-v3-plata-argb-gamer\/"]}]},{"@type":"BreadcrumbList","@id":"https:\/\/compuviper.mx\/tienda\/producto\/cooler-master-rr-s4na-17pa-r1-disipador-de-aire-hyper-212-spectrum-v3-plata-argb-gamer\/#breadcrumb","itemListElement":[{"@type":"ListItem","position":1,"name":"Inicio","item":"https:\/\/compuviper.mx\/tienda\/"},{"@type":"ListItem","position":2,"name":"Productos","item":"https:\/\/compuviper.mx\/tienda\/productos\/"},{"@type":"ListItem","position":3,"name":"Ventiladores","item":"https:\/\/compuviper.mx\/tienda\/categoria-producto\/ventiladores\/"},{"@type":"ListItem","position":4,"name":"Disipador","item":"https:\/\/compuviper.mx\/tienda\/categoria-producto\/ventiladores\/disipador\/"},{"@type":"ListItem","position":5,"name":"Cooler Master Rr-s4na-17pa-r1 Disipador De Aire \/ Hyper 212 Spectrum V3 \/ Plata \/ Argb \/ Gamer"}]},{"@type":"WebSite","@id":"https:\/\/compuviper.mx\/tienda\/#website","url":"https:\/\/compuviper.mx\/tienda\/","name":"Compuviper","description":"Proveedor de Computadoras, Laptops, Servidores, Monitores, Puntos de Venta, Teclados,   Impresoras, T\u00f3ner, C\u00e1maras de Seguridad y m\u00e1s en tu tienda en l\u00ednea","publisher":{"@id":"https:\/\/compuviper.mx\/tienda\/#organization"},"potentialAction":[{"@type":"SearchAction","target":{"@type":"EntryPoint","urlTemplate":"https:\/\/compuviper.mx\/tienda\/?s={search_term_string}"},"query-input":"required name=search_term_string"}],"inLanguage":"es-MX"},{"@type":"Organization","@id":"https:\/\/compuviper.mx\/tienda\/#organization","name":"Compuviper","url":"https:\/\/compuviper.mx\/tienda\/","logo":{"@type":"ImageObject","inLanguage":"es-MX","@id":"https:\/\/compuviper.mx\/tienda\/#\/schema\/logo\/image\/","url":"https:\/\/compuviper.mx\/tienda\/wp-content\/uploads\/2021\/08\/Logo-Compuviper-10.png","contentUrl":"https:\/\/compuviper.mx\/tienda\/wp-content\/uploads\/2021\/08\/Logo-Compuviper-10.png","width":1000,"height":500,"caption":"Compuviper"},"image":{"@id":"https:\/\/compuviper.mx\/tienda\/#\/schema\/logo\/image\/"},"sameAs":["https:\/\/www.facebook.com\/compuviper","https:\/\/www.youtube.com\/channel\/UCf73dERp9Y3cfOq7q8BhLjA?view_as=subscriber"]}]},"product_brand":"COOLER MASTER","product_price_amount":"204","product_price_currency":"MXN","og_availability":"instock","product_availability":"instock","product_retailer_item_id":"RR-S4NA-17PA-R1","product_condition":"new"},"_links":{"self":[{"href":"https:\/\/compuviper.mx\/tienda\/wp-json\/wp\/v2\/product\/267562"}],"collection":[{"href":"https:\/\/compuviper.mx\/tienda\/wp-json\/wp\/v2\/product"}],"about":[{"href":"https:\/\/compuviper.mx\/tienda\/wp-json\/wp\/v2\/types\/product"}],"replies":[{"embeddable":true,"href":"https:\/\/compuviper.mx\/tienda\/wp-json\/wp\/v2\/comments?post=267562"}],"wp:featuredmedia":[{"embeddable":true,"href":"https:\/\/compuviper.mx\/tienda\/wp-json\/wp\/v2\/media\/267563"}],"wp:attachment":[{"href":"https:\/\/compuviper.mx\/tienda\/wp-json\/wp\/v2\/media?parent=267562"}],"wp:term":[{"taxonomy":"product_cat","embeddable":true,"href":"https:\/\/compuviper.mx\/tienda\/wp-json\/wp\/v2\/product_cat?post=267562"},{"taxonomy":"product_tag","embeddable":true,"href":"https:\/\/compuviper.mx\/tienda\/wp-json\/wp\/v2\/product_tag?post=267562"}],"curies":[{"name":"wp","href":"https:\/\/api.w.org\/{rel}","templated":true}]}}