{"id":267551,"date":"2026-04-16T00:48:31","date_gmt":"2026-04-16T06:48:31","guid":{"rendered":"https:\/\/compuviper.mx\/tienda\/producto\/msi-h510m-plus-ii-mb-h510m-intel-s-1200-10a-gen-11a-gen-2xddr4-2933-2133-mhz-pcie-3-0-hdmi-vga-4xusb-3-1-m-2-micro-atx-gama-basica\/"},"modified":"2026-04-16T00:48:32","modified_gmt":"2026-04-16T06:48:32","slug":"msi-oem-h510m-plus-ii-mb-msi-h510m-intel-s-1200-10a-gen-11a-gen-2xddr4-2933-2133-mhz-pcie-3-0-hdmi-vga-4xusb-3-1-m-2-micro-atx-gama-basica","status":"publish","type":"product","link":"https:\/\/compuviper.mx\/tienda\/producto\/msi-oem-h510m-plus-ii-mb-msi-h510m-intel-s-1200-10a-gen-11a-gen-2xddr4-2933-2133-mhz-pcie-3-0-hdmi-vga-4xusb-3-1-m-2-micro-atx-gama-basica\/","title":{"rendered":"Msi Oem H510m Plus Ii Mb Msi H510m Intel S-1200 10a Gen\/11a Gen \/2xddr4 2933 \/ 2133 Mhz\/pcie 3.0\/hdmi\/vga\/4xusb 3.1\/m.2\/micro Atx\/gama Basica"},"content":{"rendered":"<table class=\"descripcion\">\n<tr>\n<td>Conjunto de chips intel z490<\/td>\n<\/tr>\n<tr>\n<td>Upc compatible con procesadores intel core\u0099 de 10.\u00aa generaci\u00f3n, intel core\u0099 de 11.\u00aa generaci\u00f3n, pentium gold y celeron<\/td>\n<\/tr>\n<tr>\n<td>Memoria 2x ddr4, capacidad m\u00e1xima de memoria 64 gb<\/td>\n<\/tr>\n<tr>\n<td>Soporte de memoria 2933\/2666\/2400\/2133 mhz<\/td>\n<\/tr>\n<tr>\n<td>Admite 1r 2133\/2666\/2933 mhz para cpu intel  core\u0099 i9\/ core\u0099 i7<\/td>\n<\/tr>\n<tr>\n<td>Admite 1r 2133\/2666 mhz para cpu intel  core\u0099 i5\/ core\u0099 i3\/ pentium  gold y celeron  admite<\/td>\n<\/tr>\n<tr>\n<td>Modo de doble canal<\/td>\n<\/tr>\n<tr>\n<td>Admite memoria sin b\u00fafer y sin ecc<\/td>\n<\/tr>\n<tr>\n<td>Admite intel extreme memory profile (xmp)<\/td>\n<\/tr>\n<tr>\n<td>Gr\u00e1ficos integrados 1 hdmi\u0099<\/td>\n<\/tr>\n<tr>\n<td>Compatible con hdmi\u0099 1.4, resoluci\u00f3n m\u00e1xima de 4k a 30 hz*<\/td>\n<\/tr>\n<tr>\n<td>1 vga<\/td>\n<\/tr>\n<tr>\n<td>Compatible con vga, resoluci\u00f3n m\u00e1xima de 2048 x 1536 a 50 hz, 1920 x 1200 a 60 hz<\/td>\n<\/tr>\n<tr>\n<td>*disponible solo en procesadores con gr\u00e1ficos integrados. las especificaciones gr\u00e1ficas pueden variar seg\u00fan la cpu instalada.<\/td>\n<\/tr>\n<tr>\n<td>Ranura 1 ranura pci-e x16<\/td>\n<\/tr>\n<tr>\n<td>1 ranura pci-e x1<\/td>\n<\/tr>\n<tr>\n<td>Pci_e1 gen pcie 3.0 admite hasta x16 (desde la cpu)<\/td>\n<\/tr>\n<tr>\n<td>Pci_e2 gen pcie 3.0 admite hasta x1 (desde el chipset)<\/td>\n<\/tr>\n<tr>\n<td>Audio c\u00f3dec realtek\u00ae alc897<\/td>\n<\/tr>\n<tr>\n<td>Audio de alta definici\u00f3n de 7.1 canales<\/td>\n<\/tr>\n<tr>\n<td>Almacenamiento 1x m.2<\/td>\n<\/tr>\n<tr>\n<td>M.2_1 fuente (desde el chipset) admite hasta modo pcie 3.0 x4 \/ sata, admite dispositivos 2280\/2260\/2242<\/td>\n<\/tr>\n<tr>\n<td>4x sata 6g<\/td>\n<\/tr>\n<tr>\n<td>Usb 4x usb 2.0 (trasero)<\/td>\n<\/tr>\n<tr>\n<td>4x usb 2.0 (frontal)<\/td>\n<\/tr>\n<tr>\n<td>2x usb 5 gbps tipo a (trasero)<\/td>\n<\/tr>\n<tr>\n<td>2x usb 5 gbps tipo a (frontal)<\/td>\n<\/tr>\n<tr>\n<td>Lan lan gigabit realtek 8111h<\/td>\n<\/tr>\n<tr>\n<td>E\/s interna 1x conector de alimentaci\u00f3n (atx_pwr)<\/td>\n<\/tr>\n<tr>\n<td>1x conector de alimentaci\u00f3n (cpu_pwr)<\/td>\n<\/tr>\n<tr>\n<td>1x ventilador de cpu<\/td>\n<\/tr>\n<tr>\n<td>2x ventilador del sistema<\/td>\n<\/tr>\n<tr>\n<td>2x panel frontal (jfp)<\/td>\n<\/tr>\n<tr>\n<td>1x intrusi\u00f3n de chasis (jci)<\/td>\n<\/tr>\n<tr>\n<td>1x audio frontal (jaud)<\/td>\n<\/tr>\n<tr>\n<td>1x puerto com (jcom)<\/td>\n<\/tr>\n<tr>\n<td>1x conector led rgb (jrgb)<\/td>\n<\/tr>\n<tr>\n<td>1x cabezal de pines tpm (compatible con tpm 2.0)<\/td>\n<\/tr>\n<tr>\n<td>4x puertos usb 2.0<\/td>\n<\/tr>\n<tr>\n<td>2x puertos usb 5 gbps tipo a<\/td>\n<\/tr>\n<tr>\n<td>Funci\u00f3n led 4 led de depuraci\u00f3n ez<\/td>\n<\/tr>\n<tr>\n<td>Puertos del panel trasero<\/td>\n<\/tr>\n<tr>\n<td>Hdmi\u0099<\/td>\n<\/tr>\n<tr>\n<td>Vga<\/td>\n<\/tr>\n<tr>\n<td>Teclado \/ rat\u00f3n<\/td>\n<\/tr>\n<tr>\n<td>Usb 5 gbps tipo a<\/td>\n<\/tr>\n<tr>\n<td>Puerto lan<\/td>\n<\/tr>\n<tr>\n<td>Conectores de audio<\/td>\n<\/tr>\n<tr>\n<td>Usb 2.0<\/td>\n<\/tr>\n<tr>\n<td>Usb 2.0<\/td>\n<\/tr>\n<tr>\n<td>Sistema operativo compatibilidad con windows\u00ae 11 de 64 bits, windows10 de 64 bits<\/td>\n<\/tr>\n<tr>\n<td>Contenido de la caja<\/td>\n<\/tr>\n<tr>\n<td>Informaci\u00f3n de pcb matx<\/td>\n<\/tr>\n<tr>\n<td>202 mm x 236 mm<\/td>\n<\/tr>\n<\/table>\n","protected":false},"excerpt":{"rendered":"<p>H510m plus ii. Admite procesadores intel  core\u0099 de 10.\u00aa generaci\u00f3n, procesadores intel  core\u0099 de 11.\u00aa generaci\u00f3n, procesadores pentium  gold y celeron  para z\u00f3calo lga 1200. Admite memoria ddr4 de 2933 mt\/s (m\u00e1x.. Core boost: con dise\u00f1o premium y dise\u00f1o de energ\u00eda digital para admitir m\u00e1s n\u00facleos y brindar un mejor rendimiento. Memory boost: tecnolog\u00eda avanzada para entregar se\u00f1ales de datos puras para el mejor rendimiento, estabilidad y compatibilidad. Audio boost: premia tus o\u00eddos con una calidad de sonido de estudio. Armadura de acero: protege las tarjetas vga contra dobleces y emi para un mejor rendimiento, estabilidad y resistencia.<\/p>\n","protected":false},"featured_media":267552,"comment_status":"open","ping_status":"open","template":"","meta":[],"product_cat":[2016,1727],"product_tag":[2322],"acf":[],"yoast_head":"<!-- This site is optimized with the Yoast SEO plugin v21.7 - https:\/\/yoast.com\/wordpress\/plugins\/seo\/ -->\n<title>[ Msi Oem ] &#129351; H510m Plus Ii Mb Msi H510m Intel S-1200 10a Gen\/11a Gen \/2xddr4 2933 \/ 2133 Mhz\/pcie 3.0\/hdmi\/vga\/4xusb 3.1\/m.2\/micro Atx\/gama Basica<\/title>\n<meta name=\"description\" content=\"Compra H510m Plus Ii Mb Msi H510m Intel S-1200 10a Gen\/11a Gen \/2xddr4 2933 \/ 2133 Mhz\/pcie 3.0\/hdmi\/vga\/4xusb 3.1\/m.2\/micro Atx\/gama Basica + Env\u00edo a domicilio + Pago seguro + Garant\u00eda\" \/>\n<meta name=\"robots\" content=\"index, follow, max-snippet:-1, max-image-preview:large, max-video-preview:-1\" \/>\n<link rel=\"canonical\" href=\"https:\/\/compuviper.mx\/tienda\/producto\/msi-oem-h510m-plus-ii-mb-msi-h510m-intel-s-1200-10a-gen-11a-gen-2xddr4-2933-2133-mhz-pcie-3-0-hdmi-vga-4xusb-3-1-m-2-micro-atx-gama-basica\/\" \/>\n<meta property=\"og:locale\" content=\"es_MX\" \/>\n<meta property=\"og:type\" content=\"article\" \/>\n<meta property=\"og:title\" content=\"[ Msi Oem ] &#129351; H510m Plus Ii Mb Msi H510m Intel S-1200 10a Gen\/11a Gen \/2xddr4 2933 \/ 2133 Mhz\/pcie 3.0\/hdmi\/vga\/4xusb 3.1\/m.2\/micro Atx\/gama Basica\" \/>\n<meta property=\"og:description\" content=\"Compra H510m Plus Ii Mb Msi H510m Intel S-1200 10a Gen\/11a Gen \/2xddr4 2933 \/ 2133 Mhz\/pcie 3.0\/hdmi\/vga\/4xusb 3.1\/m.2\/micro Atx\/gama Basica + Env\u00edo a domicilio + Pago seguro + Garant\u00eda\" \/>\n<meta property=\"og:url\" content=\"https:\/\/compuviper.mx\/tienda\/producto\/msi-oem-h510m-plus-ii-mb-msi-h510m-intel-s-1200-10a-gen-11a-gen-2xddr4-2933-2133-mhz-pcie-3-0-hdmi-vga-4xusb-3-1-m-2-micro-atx-gama-basica\/\" \/>\n<meta property=\"og:site_name\" content=\"Compuviper\" \/>\n<meta property=\"article:publisher\" content=\"https:\/\/www.facebook.com\/compuviper\" \/>\n<meta property=\"article:modified_time\" content=\"2026-04-16T06:48:32+00:00\" \/>\n<meta property=\"og:image\" content=\"https:\/\/compuviper.mx\/tienda\/wp-content\/uploads\/2026\/02\/Mb-msi-h510m-intel-s-1200-10a-gen11a-gen-2xddr4-2933-2133-mhzpcie-3.0hdmivga4xusb-3.1m.2micro-atxgama-basica.jpg\" \/>\n\t<meta property=\"og:image:width\" content=\"200\" \/>\n\t<meta property=\"og:image:height\" content=\"200\" \/>\n\t<meta property=\"og:image:type\" content=\"image\/jpeg\" \/>\n<meta name=\"twitter:card\" content=\"summary_large_image\" \/>\n<meta name=\"twitter:label1\" content=\"Precio\" \/>\n\t<meta name=\"twitter:data1\" content=\"&#36;989 con IVA\" \/>\n\t<meta name=\"twitter:label2\" content=\"Availability\" \/>\n\t<meta name=\"twitter:data2\" content=\"In stock\" \/>\n<script type=\"application\/ld+json\" class=\"yoast-schema-graph\">{\"@context\":\"https:\/\/schema.org\",\"@graph\":[{\"@type\":\"WebPage\",\"@id\":\"https:\/\/compuviper.mx\/tienda\/producto\/msi-oem-h510m-plus-ii-mb-msi-h510m-intel-s-1200-10a-gen-11a-gen-2xddr4-2933-2133-mhz-pcie-3-0-hdmi-vga-4xusb-3-1-m-2-micro-atx-gama-basica\/\",\"url\":\"https:\/\/compuviper.mx\/tienda\/producto\/msi-oem-h510m-plus-ii-mb-msi-h510m-intel-s-1200-10a-gen-11a-gen-2xddr4-2933-2133-mhz-pcie-3-0-hdmi-vga-4xusb-3-1-m-2-micro-atx-gama-basica\/\",\"name\":\"[ Msi Oem ] &#129351; H510m Plus Ii Mb Msi H510m Intel S-1200 10a Gen\/11a Gen \/2xddr4 2933 \/ 2133 Mhz\/pcie 3.0\/hdmi\/vga\/4xusb 3.1\/m.2\/micro Atx\/gama Basica\",\"isPartOf\":{\"@id\":\"https:\/\/compuviper.mx\/tienda\/#website\"},\"datePublished\":\"2026-04-16T06:48:31+00:00\",\"dateModified\":\"2026-04-16T06:48:32+00:00\",\"description\":\"Compra H510m Plus Ii Mb Msi H510m Intel S-1200 10a Gen\/11a Gen \/2xddr4 2933 \/ 2133 Mhz\/pcie 3.0\/hdmi\/vga\/4xusb 3.1\/m.2\/micro Atx\/gama Basica + Env\u00edo a domicilio + Pago seguro + Garant\u00eda\",\"breadcrumb\":{\"@id\":\"https:\/\/compuviper.mx\/tienda\/producto\/msi-oem-h510m-plus-ii-mb-msi-h510m-intel-s-1200-10a-gen-11a-gen-2xddr4-2933-2133-mhz-pcie-3-0-hdmi-vga-4xusb-3-1-m-2-micro-atx-gama-basica\/#breadcrumb\"},\"inLanguage\":\"es-MX\",\"potentialAction\":[{\"@type\":\"ReadAction\",\"target\":[\"https:\/\/compuviper.mx\/tienda\/producto\/msi-oem-h510m-plus-ii-mb-msi-h510m-intel-s-1200-10a-gen-11a-gen-2xddr4-2933-2133-mhz-pcie-3-0-hdmi-vga-4xusb-3-1-m-2-micro-atx-gama-basica\/\"]}]},{\"@type\":\"BreadcrumbList\",\"@id\":\"https:\/\/compuviper.mx\/tienda\/producto\/msi-oem-h510m-plus-ii-mb-msi-h510m-intel-s-1200-10a-gen-11a-gen-2xddr4-2933-2133-mhz-pcie-3-0-hdmi-vga-4xusb-3-1-m-2-micro-atx-gama-basica\/#breadcrumb\",\"itemListElement\":[{\"@type\":\"ListItem\",\"position\":1,\"name\":\"Inicio\",\"item\":\"https:\/\/compuviper.mx\/tienda\/\"},{\"@type\":\"ListItem\",\"position\":2,\"name\":\"Productos\",\"item\":\"https:\/\/compuviper.mx\/tienda\/productos\/\"},{\"@type\":\"ListItem\",\"position\":3,\"name\":\"Tarjeta Madre\",\"item\":\"https:\/\/compuviper.mx\/tienda\/categoria-producto\/tarjeta-madre\/\"},{\"@type\":\"ListItem\",\"position\":4,\"name\":\"Socket 1200\",\"item\":\"https:\/\/compuviper.mx\/tienda\/categoria-producto\/tarjeta-madre\/socket-1200\/\"},{\"@type\":\"ListItem\",\"position\":5,\"name\":\"Msi Oem H510m Plus Ii Mb Msi H510m Intel S-1200 10a Gen\/11a Gen \/2xddr4 2933 \/ 2133 Mhz\/pcie 3.0\/hdmi\/vga\/4xusb 3.1\/m.2\/micro Atx\/gama Basica\"}]},{\"@type\":\"WebSite\",\"@id\":\"https:\/\/compuviper.mx\/tienda\/#website\",\"url\":\"https:\/\/compuviper.mx\/tienda\/\",\"name\":\"Compuviper\",\"description\":\"Proveedor de Computadoras, Laptops, Servidores, Monitores, Puntos de Venta, Teclados,   Impresoras, T\u00f3ner, C\u00e1maras de Seguridad y m\u00e1s en tu tienda en l\u00ednea\",\"publisher\":{\"@id\":\"https:\/\/compuviper.mx\/tienda\/#organization\"},\"potentialAction\":[{\"@type\":\"SearchAction\",\"target\":{\"@type\":\"EntryPoint\",\"urlTemplate\":\"https:\/\/compuviper.mx\/tienda\/?s={search_term_string}\"},\"query-input\":\"required name=search_term_string\"}],\"inLanguage\":\"es-MX\"},{\"@type\":\"Organization\",\"@id\":\"https:\/\/compuviper.mx\/tienda\/#organization\",\"name\":\"Compuviper\",\"url\":\"https:\/\/compuviper.mx\/tienda\/\",\"logo\":{\"@type\":\"ImageObject\",\"inLanguage\":\"es-MX\",\"@id\":\"https:\/\/compuviper.mx\/tienda\/#\/schema\/logo\/image\/\",\"url\":\"https:\/\/compuviper.mx\/tienda\/wp-content\/uploads\/2021\/08\/Logo-Compuviper-10.png\",\"contentUrl\":\"https:\/\/compuviper.mx\/tienda\/wp-content\/uploads\/2021\/08\/Logo-Compuviper-10.png\",\"width\":1000,\"height\":500,\"caption\":\"Compuviper\"},\"image\":{\"@id\":\"https:\/\/compuviper.mx\/tienda\/#\/schema\/logo\/image\/\"},\"sameAs\":[\"https:\/\/www.facebook.com\/compuviper\",\"https:\/\/www.youtube.com\/channel\/UCf73dERp9Y3cfOq7q8BhLjA?view_as=subscriber\"]}]}<\/script>\n<meta property=\"product:brand\" content=\"Msi Oem\" \/>\n<meta property=\"product:price:amount\" content=\"989\" \/>\n<meta property=\"product:price:currency\" content=\"MXN\" \/>\n<meta property=\"og:availability\" content=\"instock\" \/>\n<meta property=\"product:availability\" content=\"instock\" \/>\n<meta property=\"product:retailer_item_id\" content=\"H510M PLUS II\" \/>\n<meta property=\"product:condition\" content=\"new\" \/>\n<!-- \/ Yoast SEO plugin. -->","yoast_head_json":{"title":"[ Msi Oem ] &#129351; H510m Plus Ii Mb Msi H510m Intel S-1200 10a Gen\/11a Gen \/2xddr4 2933 \/ 2133 Mhz\/pcie 3.0\/hdmi\/vga\/4xusb 3.1\/m.2\/micro Atx\/gama Basica","description":"Compra H510m Plus Ii Mb Msi H510m Intel S-1200 10a Gen\/11a Gen \/2xddr4 2933 \/ 2133 Mhz\/pcie 3.0\/hdmi\/vga\/4xusb 3.1\/m.2\/micro Atx\/gama Basica + Env\u00edo a domicilio + Pago seguro + Garant\u00eda","robots":{"index":"index","follow":"follow","max-snippet":"max-snippet:-1","max-image-preview":"max-image-preview:large","max-video-preview":"max-video-preview:-1"},"canonical":"https:\/\/compuviper.mx\/tienda\/producto\/msi-oem-h510m-plus-ii-mb-msi-h510m-intel-s-1200-10a-gen-11a-gen-2xddr4-2933-2133-mhz-pcie-3-0-hdmi-vga-4xusb-3-1-m-2-micro-atx-gama-basica\/","og_locale":"es_MX","og_type":"article","og_title":"[ Msi Oem ] &#129351; H510m Plus Ii Mb Msi H510m Intel S-1200 10a Gen\/11a Gen \/2xddr4 2933 \/ 2133 Mhz\/pcie 3.0\/hdmi\/vga\/4xusb 3.1\/m.2\/micro Atx\/gama Basica","og_description":"Compra H510m Plus Ii Mb Msi H510m Intel S-1200 10a Gen\/11a Gen \/2xddr4 2933 \/ 2133 Mhz\/pcie 3.0\/hdmi\/vga\/4xusb 3.1\/m.2\/micro Atx\/gama Basica + Env\u00edo a domicilio + Pago seguro + Garant\u00eda","og_url":"https:\/\/compuviper.mx\/tienda\/producto\/msi-oem-h510m-plus-ii-mb-msi-h510m-intel-s-1200-10a-gen-11a-gen-2xddr4-2933-2133-mhz-pcie-3-0-hdmi-vga-4xusb-3-1-m-2-micro-atx-gama-basica\/","og_site_name":"Compuviper","article_publisher":"https:\/\/www.facebook.com\/compuviper","article_modified_time":"2026-04-16T06:48:32+00:00","og_image":[{"width":200,"height":200,"url":"https:\/\/compuviper.mx\/tienda\/wp-content\/uploads\/2026\/02\/Mb-msi-h510m-intel-s-1200-10a-gen11a-gen-2xddr4-2933-2133-mhzpcie-3.0hdmivga4xusb-3.1m.2micro-atxgama-basica.jpg","type":"image\/jpeg"}],"twitter_card":"summary_large_image","twitter_misc":{"Precio":"&#36;989 con IVA","Availability":"In stock"},"schema":{"@context":"https:\/\/schema.org","@graph":[{"@type":"WebPage","@id":"https:\/\/compuviper.mx\/tienda\/producto\/msi-oem-h510m-plus-ii-mb-msi-h510m-intel-s-1200-10a-gen-11a-gen-2xddr4-2933-2133-mhz-pcie-3-0-hdmi-vga-4xusb-3-1-m-2-micro-atx-gama-basica\/","url":"https:\/\/compuviper.mx\/tienda\/producto\/msi-oem-h510m-plus-ii-mb-msi-h510m-intel-s-1200-10a-gen-11a-gen-2xddr4-2933-2133-mhz-pcie-3-0-hdmi-vga-4xusb-3-1-m-2-micro-atx-gama-basica\/","name":"[ Msi Oem ] &#129351; H510m Plus Ii Mb Msi H510m Intel S-1200 10a Gen\/11a Gen \/2xddr4 2933 \/ 2133 Mhz\/pcie 3.0\/hdmi\/vga\/4xusb 3.1\/m.2\/micro Atx\/gama Basica","isPartOf":{"@id":"https:\/\/compuviper.mx\/tienda\/#website"},"datePublished":"2026-04-16T06:48:31+00:00","dateModified":"2026-04-16T06:48:32+00:00","description":"Compra H510m Plus Ii Mb Msi H510m Intel S-1200 10a Gen\/11a Gen \/2xddr4 2933 \/ 2133 Mhz\/pcie 3.0\/hdmi\/vga\/4xusb 3.1\/m.2\/micro Atx\/gama Basica + Env\u00edo a domicilio + Pago seguro + Garant\u00eda","breadcrumb":{"@id":"https:\/\/compuviper.mx\/tienda\/producto\/msi-oem-h510m-plus-ii-mb-msi-h510m-intel-s-1200-10a-gen-11a-gen-2xddr4-2933-2133-mhz-pcie-3-0-hdmi-vga-4xusb-3-1-m-2-micro-atx-gama-basica\/#breadcrumb"},"inLanguage":"es-MX","potentialAction":[{"@type":"ReadAction","target":["https:\/\/compuviper.mx\/tienda\/producto\/msi-oem-h510m-plus-ii-mb-msi-h510m-intel-s-1200-10a-gen-11a-gen-2xddr4-2933-2133-mhz-pcie-3-0-hdmi-vga-4xusb-3-1-m-2-micro-atx-gama-basica\/"]}]},{"@type":"BreadcrumbList","@id":"https:\/\/compuviper.mx\/tienda\/producto\/msi-oem-h510m-plus-ii-mb-msi-h510m-intel-s-1200-10a-gen-11a-gen-2xddr4-2933-2133-mhz-pcie-3-0-hdmi-vga-4xusb-3-1-m-2-micro-atx-gama-basica\/#breadcrumb","itemListElement":[{"@type":"ListItem","position":1,"name":"Inicio","item":"https:\/\/compuviper.mx\/tienda\/"},{"@type":"ListItem","position":2,"name":"Productos","item":"https:\/\/compuviper.mx\/tienda\/productos\/"},{"@type":"ListItem","position":3,"name":"Tarjeta Madre","item":"https:\/\/compuviper.mx\/tienda\/categoria-producto\/tarjeta-madre\/"},{"@type":"ListItem","position":4,"name":"Socket 1200","item":"https:\/\/compuviper.mx\/tienda\/categoria-producto\/tarjeta-madre\/socket-1200\/"},{"@type":"ListItem","position":5,"name":"Msi Oem H510m Plus Ii Mb Msi H510m Intel S-1200 10a Gen\/11a Gen \/2xddr4 2933 \/ 2133 Mhz\/pcie 3.0\/hdmi\/vga\/4xusb 3.1\/m.2\/micro Atx\/gama Basica"}]},{"@type":"WebSite","@id":"https:\/\/compuviper.mx\/tienda\/#website","url":"https:\/\/compuviper.mx\/tienda\/","name":"Compuviper","description":"Proveedor de Computadoras, Laptops, Servidores, Monitores, Puntos de Venta, Teclados,   Impresoras, T\u00f3ner, C\u00e1maras de Seguridad y m\u00e1s en tu tienda en l\u00ednea","publisher":{"@id":"https:\/\/compuviper.mx\/tienda\/#organization"},"potentialAction":[{"@type":"SearchAction","target":{"@type":"EntryPoint","urlTemplate":"https:\/\/compuviper.mx\/tienda\/?s={search_term_string}"},"query-input":"required name=search_term_string"}],"inLanguage":"es-MX"},{"@type":"Organization","@id":"https:\/\/compuviper.mx\/tienda\/#organization","name":"Compuviper","url":"https:\/\/compuviper.mx\/tienda\/","logo":{"@type":"ImageObject","inLanguage":"es-MX","@id":"https:\/\/compuviper.mx\/tienda\/#\/schema\/logo\/image\/","url":"https:\/\/compuviper.mx\/tienda\/wp-content\/uploads\/2021\/08\/Logo-Compuviper-10.png","contentUrl":"https:\/\/compuviper.mx\/tienda\/wp-content\/uploads\/2021\/08\/Logo-Compuviper-10.png","width":1000,"height":500,"caption":"Compuviper"},"image":{"@id":"https:\/\/compuviper.mx\/tienda\/#\/schema\/logo\/image\/"},"sameAs":["https:\/\/www.facebook.com\/compuviper","https:\/\/www.youtube.com\/channel\/UCf73dERp9Y3cfOq7q8BhLjA?view_as=subscriber"]}]},"product_brand":"Msi Oem","product_price_amount":"989","product_price_currency":"MXN","og_availability":"instock","product_availability":"instock","product_retailer_item_id":"H510M PLUS II","product_condition":"new"},"_links":{"self":[{"href":"https:\/\/compuviper.mx\/tienda\/wp-json\/wp\/v2\/product\/267551"}],"collection":[{"href":"https:\/\/compuviper.mx\/tienda\/wp-json\/wp\/v2\/product"}],"about":[{"href":"https:\/\/compuviper.mx\/tienda\/wp-json\/wp\/v2\/types\/product"}],"replies":[{"embeddable":true,"href":"https:\/\/compuviper.mx\/tienda\/wp-json\/wp\/v2\/comments?post=267551"}],"wp:featuredmedia":[{"embeddable":true,"href":"https:\/\/compuviper.mx\/tienda\/wp-json\/wp\/v2\/media\/267552"}],"wp:attachment":[{"href":"https:\/\/compuviper.mx\/tienda\/wp-json\/wp\/v2\/media?parent=267551"}],"wp:term":[{"taxonomy":"product_cat","embeddable":true,"href":"https:\/\/compuviper.mx\/tienda\/wp-json\/wp\/v2\/product_cat?post=267551"},{"taxonomy":"product_tag","embeddable":true,"href":"https:\/\/compuviper.mx\/tienda\/wp-json\/wp\/v2\/product_tag?post=267551"}],"curies":[{"name":"wp","href":"https:\/\/api.w.org\/{rel}","templated":true}]}}