{"id":267543,"date":"2026-04-09T00:43:01","date_gmt":"2026-04-09T06:43:01","guid":{"rendered":"https:\/\/compuviper.mx\/tienda\/producto\/seagate-st2000dm008-disco-duro-interno-barracuda-2tb-3-5-escritorio-sata3-6gb-s-256mb-7200rpm-pc\/"},"modified":"2026-04-09T00:43:01","modified_gmt":"2026-04-09T06:43:01","slug":"seagate-st2000dm008-disco-duro-interno-barracuda-2tb-3-5-escritorio-sata3-6gb-s-256mb-7200rpm-pc","status":"publish","type":"product","link":"https:\/\/compuviper.mx\/tienda\/producto\/seagate-st2000dm008-disco-duro-interno-barracuda-2tb-3-5-escritorio-sata3-6gb-s-256mb-7200rpm-pc\/","title":{"rendered":"Seagate St2000dm008 Disco Duro Interno  Barracuda 2tb 3.5 Escritorio Sata3 6gb\/s 256mb 7200rpm Pc"},"content":{"rendered":"<table class=\"descripcion\">\n<tr>\n<td>Especificaciones<\/td>\n<\/tr>\n<tr>\n<td>2 tb<\/td>\n<\/tr>\n<tr>\n<td>N\u00famero de n\u00famero de modelo est\u00e1ndar<\/td>\n<\/tr>\n<tr>\n<td>St2000dm008<\/td>\n<\/tr>\n<tr>\n<td>Bytes por sector<\/td>\n<\/tr>\n<tr>\n<td>4.096<\/td>\n<\/tr>\n<tr>\n<td>Rendimiento<\/td>\n<\/tr>\n<tr>\n<td>Interfaz<\/td>\n<\/tr>\n<tr>\n<td>Sata de 6 gb\/s<\/td>\n<\/tr>\n<tr>\n<td>Compatible con transferencias de datos sata (gb\/s)<\/td>\n<\/tr>\n<tr>\n<td>6,0\/3,0\/1,5<\/td>\n<\/tr>\n<tr>\n<td>M\u00e1x. velocidad de transferencia continua od (mb\/s)<\/td>\n<\/tr>\n<tr>\n<td>220mb\/s<\/td>\n<\/tr>\n<tr>\n<td>Cach\u00e9, multisegmentada (mb)<\/td>\n<\/tr>\n<tr>\n<td>256<\/td>\n<\/tr>\n<tr>\n<td>Velocidad de giro (rpm)<\/td>\n<\/tr>\n<tr>\n<td>7.200<\/td>\n<\/tr>\n<tr>\n<td>Fiabilidad\/integridad de los datos<\/td>\n<\/tr>\n<tr>\n<td>Ciclos de carga\/descarga<\/td>\n<\/tr>\n<tr>\n<td>600.000<\/td>\n<\/tr>\n<tr>\n<td>Errores de lectura no recuperables por bits le\u00eddos, m\u00e1x.<\/td>\n<\/tr>\n<tr>\n<td>1 por 10e14<\/td>\n<\/tr>\n<tr>\n<td>Horas de encendido por a\u00f1o (24 horas, 7 d\u00edas)<\/td>\n<\/tr>\n<tr>\n<td>2.400<\/td>\n<\/tr>\n<tr>\n<td>L\u00edmite de carga operativa (tb\/a\u00f1o)<\/td>\n<\/tr>\n<tr>\n<td>55<\/td>\n<\/tr>\n<tr>\n<td>Administraci\u00f3n de energ\u00eda<\/td>\n<\/tr>\n<tr>\n<td>Corriente de arranque (a)<\/td>\n<\/tr>\n<tr>\n<td>2<\/td>\n<\/tr>\n<tr>\n<td>Modo operativo, t\u00edpico (w)<\/td>\n<\/tr>\n<tr>\n<td>5,1<\/td>\n<\/tr>\n<tr>\n<td>Inactividad promedio (w)<\/td>\n<\/tr>\n<tr>\n<td>3,9 w<\/td>\n<\/tr>\n<tr>\n<td>Modo en espera\/modo descanso, t\u00edpico (w)<\/td>\n<\/tr>\n<tr>\n<td>0,3\/0,3<\/td>\n<\/tr>\n<tr>\n<td>Tolerancia de voltaje, ruido incluido (5 v)<\/td>\n<\/tr>\n<tr>\n<td>\u00b15 %<\/td>\n<\/tr>\n<tr>\n<td>Tolerancia de voltaje, ruido incluido (12 v)<\/td>\n<\/tr>\n<tr>\n<td>\u00b110 %<\/td>\n<\/tr>\n<tr>\n<td>Ambiental\/temperatura<\/td>\n<\/tr>\n<tr>\n<td>En funcionamiento (ambiente, m\u00edn.)<\/td>\n<\/tr>\n<tr>\n<td>0 \u00b0c<\/td>\n<\/tr>\n<tr>\n<td>En funcionamiento (caja de la unidad, m\u00e1x.)<\/td>\n<\/tr>\n<tr>\n<td>60 \u00b0c<\/td>\n<\/tr>\n<tr>\n<td>No en funcionamiento (ambiente)<\/td>\n<\/tr>\n<tr>\n<td>-40 \u00b0c \u0096 70 \u00b0c<\/td>\n<\/tr>\n<tr>\n<td>Sin hal\u00f3geno<\/td>\n<\/tr>\n<tr>\n<td>S\u00ed<\/td>\n<\/tr>\n<tr>\n<td>Cumplimiento con rohs<\/td>\n<\/tr>\n<tr>\n<td>S\u00ed<\/td>\n<\/tr>\n<tr>\n<td>Datos f\u00edsicos<\/td>\n<\/tr>\n<tr>\n<td>Altura (mm\/pulg., m\u00e1x.)<\/td>\n<\/tr>\n<tr>\n<td>20,2 mm\/0,795 pulg.<\/td>\n<\/tr>\n<tr>\n<td>Ancho (mm\/pulg., m\u00e1x.)<\/td>\n<\/tr>\n<tr>\n<td>101,85 mm\/4,01 pulg.<\/td>\n<\/tr>\n<tr>\n<td>Profundidad (mm\/pulg., m\u00e1x.)<\/td>\n<\/tr>\n<tr>\n<td>146,99 mm\/5,787 pulg.<\/td>\n<\/tr>\n<tr>\n<td>Peso (g\/lb)<\/td>\n<\/tr>\n<tr>\n<td>490 g\/1,08 lb<\/td>\n<\/tr>\n<\/table>\n","protected":false},"excerpt":{"rendered":"<p>Unidades hdd para todas sus necesidades de pc le traen excelencia l\u00edder en la industria de computaci\u00f3n personal. La familia de productos barracuda ha proporcionado almacenamiento sumamente fiable para la industria de los discos duros. Usos id\u00f3neos. Pc de sobremesa o todo en uno. Servidores dom\u00e9sticos. Dispositivos de almacenamiento con conexi\u00f3n directa (das) de gama b\u00e1sica<\/p>\n","protected":false},"featured_media":267544,"comment_status":"open","ping_status":"open","template":"","meta":[],"product_cat":[1703,1706],"product_tag":[1710],"acf":[],"yoast_head":"<!-- This site is optimized with the Yoast SEO plugin v21.7 - https:\/\/yoast.com\/wordpress\/plugins\/seo\/ -->\n<title>[ Seagate ] &#129351; St2000dm008 Disco Duro Interno Barracuda 2tb 3.5 Escritorio Sata3 6gb\/s 256mb 7200rpm Pc<\/title>\n<meta name=\"description\" content=\"Compra St2000dm008 Disco Duro Interno Barracuda 2tb 3.5 Escritorio Sata3 6gb\/s 256mb 7200rpm Pc + Env\u00edo a domicilio + Pago seguro + Garant\u00eda\" \/>\n<meta name=\"robots\" content=\"index, follow, max-snippet:-1, max-image-preview:large, max-video-preview:-1\" \/>\n<link rel=\"canonical\" href=\"https:\/\/compuviper.mx\/tienda\/producto\/seagate-st2000dm008-disco-duro-interno-barracuda-2tb-3-5-escritorio-sata3-6gb-s-256mb-7200rpm-pc\/\" \/>\n<meta property=\"og:locale\" content=\"es_MX\" \/>\n<meta property=\"og:type\" content=\"article\" \/>\n<meta property=\"og:title\" content=\"[ Seagate ] &#129351; St2000dm008 Disco Duro Interno Barracuda 2tb 3.5 Escritorio Sata3 6gb\/s 256mb 7200rpm Pc\" \/>\n<meta property=\"og:description\" content=\"Compra St2000dm008 Disco Duro Interno Barracuda 2tb 3.5 Escritorio Sata3 6gb\/s 256mb 7200rpm Pc + Env\u00edo a domicilio + Pago seguro + Garant\u00eda\" \/>\n<meta property=\"og:url\" content=\"https:\/\/compuviper.mx\/tienda\/producto\/seagate-st2000dm008-disco-duro-interno-barracuda-2tb-3-5-escritorio-sata3-6gb-s-256mb-7200rpm-pc\/\" \/>\n<meta property=\"og:site_name\" content=\"Compuviper\" \/>\n<meta property=\"article:publisher\" content=\"https:\/\/www.facebook.com\/compuviper\" \/>\n<meta property=\"og:image\" content=\"https:\/\/compuviper.mx\/tienda\/wp-content\/uploads\/2026\/02\/Disco-duro-interno-seagate-barracuda-2tb-3.5-escritorio-sata3-6gbs-256mb-7200rpm-pc.jpg\" \/>\n\t<meta property=\"og:image:width\" content=\"200\" \/>\n\t<meta property=\"og:image:height\" content=\"200\" \/>\n\t<meta property=\"og:image:type\" content=\"image\/jpeg\" \/>\n<meta name=\"twitter:card\" content=\"summary_large_image\" \/>\n<meta name=\"twitter:label1\" content=\"Precio\" \/>\n\t<meta name=\"twitter:data1\" content=\"&#36;1,114 con IVA\" \/>\n\t<meta name=\"twitter:label2\" content=\"Availability\" \/>\n\t<meta name=\"twitter:data2\" content=\"Out of stock\" \/>\n<script type=\"application\/ld+json\" class=\"yoast-schema-graph\">{\"@context\":\"https:\/\/schema.org\",\"@graph\":[{\"@type\":\"WebPage\",\"@id\":\"https:\/\/compuviper.mx\/tienda\/producto\/seagate-st2000dm008-disco-duro-interno-barracuda-2tb-3-5-escritorio-sata3-6gb-s-256mb-7200rpm-pc\/\",\"url\":\"https:\/\/compuviper.mx\/tienda\/producto\/seagate-st2000dm008-disco-duro-interno-barracuda-2tb-3-5-escritorio-sata3-6gb-s-256mb-7200rpm-pc\/\",\"name\":\"[ Seagate ] &#129351; St2000dm008 Disco Duro Interno Barracuda 2tb 3.5 Escritorio Sata3 6gb\/s 256mb 7200rpm Pc\",\"isPartOf\":{\"@id\":\"https:\/\/compuviper.mx\/tienda\/#website\"},\"datePublished\":\"2026-04-09T06:43:01+00:00\",\"dateModified\":\"2026-04-09T06:43:01+00:00\",\"description\":\"Compra St2000dm008 Disco Duro Interno Barracuda 2tb 3.5 Escritorio Sata3 6gb\/s 256mb 7200rpm Pc + Env\u00edo a domicilio + Pago seguro + Garant\u00eda\",\"breadcrumb\":{\"@id\":\"https:\/\/compuviper.mx\/tienda\/producto\/seagate-st2000dm008-disco-duro-interno-barracuda-2tb-3-5-escritorio-sata3-6gb-s-256mb-7200rpm-pc\/#breadcrumb\"},\"inLanguage\":\"es-MX\",\"potentialAction\":[{\"@type\":\"ReadAction\",\"target\":[\"https:\/\/compuviper.mx\/tienda\/producto\/seagate-st2000dm008-disco-duro-interno-barracuda-2tb-3-5-escritorio-sata3-6gb-s-256mb-7200rpm-pc\/\"]}]},{\"@type\":\"BreadcrumbList\",\"@id\":\"https:\/\/compuviper.mx\/tienda\/producto\/seagate-st2000dm008-disco-duro-interno-barracuda-2tb-3-5-escritorio-sata3-6gb-s-256mb-7200rpm-pc\/#breadcrumb\",\"itemListElement\":[{\"@type\":\"ListItem\",\"position\":1,\"name\":\"Inicio\",\"item\":\"https:\/\/compuviper.mx\/tienda\/\"},{\"@type\":\"ListItem\",\"position\":2,\"name\":\"Productos\",\"item\":\"https:\/\/compuviper.mx\/tienda\/productos\/\"},{\"@type\":\"ListItem\",\"position\":3,\"name\":\"Discos Duros\",\"item\":\"https:\/\/compuviper.mx\/tienda\/categoria-producto\/discos-duros\/\"},{\"@type\":\"ListItem\",\"position\":4,\"name\":\"Disco Duro\",\"item\":\"https:\/\/compuviper.mx\/tienda\/categoria-producto\/discos-duros\/disco-duro\/\"},{\"@type\":\"ListItem\",\"position\":5,\"name\":\"Seagate St2000dm008 Disco Duro Interno Barracuda 2tb 3.5 Escritorio Sata3 6gb\/s 256mb 7200rpm Pc\"}]},{\"@type\":\"WebSite\",\"@id\":\"https:\/\/compuviper.mx\/tienda\/#website\",\"url\":\"https:\/\/compuviper.mx\/tienda\/\",\"name\":\"Compuviper\",\"description\":\"Proveedor de Computadoras, Laptops, Servidores, Monitores, Puntos de Venta, Teclados,   Impresoras, T\u00f3ner, C\u00e1maras de Seguridad y m\u00e1s en tu tienda en l\u00ednea\",\"publisher\":{\"@id\":\"https:\/\/compuviper.mx\/tienda\/#organization\"},\"potentialAction\":[{\"@type\":\"SearchAction\",\"target\":{\"@type\":\"EntryPoint\",\"urlTemplate\":\"https:\/\/compuviper.mx\/tienda\/?s={search_term_string}\"},\"query-input\":\"required name=search_term_string\"}],\"inLanguage\":\"es-MX\"},{\"@type\":\"Organization\",\"@id\":\"https:\/\/compuviper.mx\/tienda\/#organization\",\"name\":\"Compuviper\",\"url\":\"https:\/\/compuviper.mx\/tienda\/\",\"logo\":{\"@type\":\"ImageObject\",\"inLanguage\":\"es-MX\",\"@id\":\"https:\/\/compuviper.mx\/tienda\/#\/schema\/logo\/image\/\",\"url\":\"https:\/\/compuviper.mx\/tienda\/wp-content\/uploads\/2021\/08\/Logo-Compuviper-10.png\",\"contentUrl\":\"https:\/\/compuviper.mx\/tienda\/wp-content\/uploads\/2021\/08\/Logo-Compuviper-10.png\",\"width\":1000,\"height\":500,\"caption\":\"Compuviper\"},\"image\":{\"@id\":\"https:\/\/compuviper.mx\/tienda\/#\/schema\/logo\/image\/\"},\"sameAs\":[\"https:\/\/www.facebook.com\/compuviper\",\"https:\/\/www.youtube.com\/channel\/UCf73dERp9Y3cfOq7q8BhLjA?view_as=subscriber\"]}]}<\/script>\n<meta property=\"product:brand\" content=\"SEAGATE\" \/>\n<meta property=\"product:price:amount\" content=\"1114\" \/>\n<meta property=\"product:price:currency\" content=\"MXN\" \/>\n<meta property=\"og:availability\" content=\"out of stock\" \/>\n<meta property=\"product:availability\" content=\"out of stock\" \/>\n<meta property=\"product:retailer_item_id\" content=\"ST2000DM008\" \/>\n<meta property=\"product:condition\" content=\"new\" \/>\n<!-- \/ Yoast SEO plugin. -->","yoast_head_json":{"title":"[ Seagate ] &#129351; St2000dm008 Disco Duro Interno Barracuda 2tb 3.5 Escritorio Sata3 6gb\/s 256mb 7200rpm Pc","description":"Compra St2000dm008 Disco Duro Interno Barracuda 2tb 3.5 Escritorio Sata3 6gb\/s 256mb 7200rpm Pc + Env\u00edo a domicilio + Pago seguro + Garant\u00eda","robots":{"index":"index","follow":"follow","max-snippet":"max-snippet:-1","max-image-preview":"max-image-preview:large","max-video-preview":"max-video-preview:-1"},"canonical":"https:\/\/compuviper.mx\/tienda\/producto\/seagate-st2000dm008-disco-duro-interno-barracuda-2tb-3-5-escritorio-sata3-6gb-s-256mb-7200rpm-pc\/","og_locale":"es_MX","og_type":"article","og_title":"[ Seagate ] &#129351; St2000dm008 Disco Duro Interno Barracuda 2tb 3.5 Escritorio Sata3 6gb\/s 256mb 7200rpm Pc","og_description":"Compra St2000dm008 Disco Duro Interno Barracuda 2tb 3.5 Escritorio Sata3 6gb\/s 256mb 7200rpm Pc + Env\u00edo a domicilio + Pago seguro + Garant\u00eda","og_url":"https:\/\/compuviper.mx\/tienda\/producto\/seagate-st2000dm008-disco-duro-interno-barracuda-2tb-3-5-escritorio-sata3-6gb-s-256mb-7200rpm-pc\/","og_site_name":"Compuviper","article_publisher":"https:\/\/www.facebook.com\/compuviper","og_image":[{"width":200,"height":200,"url":"https:\/\/compuviper.mx\/tienda\/wp-content\/uploads\/2026\/02\/Disco-duro-interno-seagate-barracuda-2tb-3.5-escritorio-sata3-6gbs-256mb-7200rpm-pc.jpg","type":"image\/jpeg"}],"twitter_card":"summary_large_image","twitter_misc":{"Precio":"&#36;1,114 con IVA","Availability":"Out of stock"},"schema":{"@context":"https:\/\/schema.org","@graph":[{"@type":"WebPage","@id":"https:\/\/compuviper.mx\/tienda\/producto\/seagate-st2000dm008-disco-duro-interno-barracuda-2tb-3-5-escritorio-sata3-6gb-s-256mb-7200rpm-pc\/","url":"https:\/\/compuviper.mx\/tienda\/producto\/seagate-st2000dm008-disco-duro-interno-barracuda-2tb-3-5-escritorio-sata3-6gb-s-256mb-7200rpm-pc\/","name":"[ Seagate ] &#129351; St2000dm008 Disco Duro Interno Barracuda 2tb 3.5 Escritorio Sata3 6gb\/s 256mb 7200rpm Pc","isPartOf":{"@id":"https:\/\/compuviper.mx\/tienda\/#website"},"datePublished":"2026-04-09T06:43:01+00:00","dateModified":"2026-04-09T06:43:01+00:00","description":"Compra St2000dm008 Disco Duro Interno Barracuda 2tb 3.5 Escritorio Sata3 6gb\/s 256mb 7200rpm Pc + Env\u00edo a domicilio + Pago seguro + Garant\u00eda","breadcrumb":{"@id":"https:\/\/compuviper.mx\/tienda\/producto\/seagate-st2000dm008-disco-duro-interno-barracuda-2tb-3-5-escritorio-sata3-6gb-s-256mb-7200rpm-pc\/#breadcrumb"},"inLanguage":"es-MX","potentialAction":[{"@type":"ReadAction","target":["https:\/\/compuviper.mx\/tienda\/producto\/seagate-st2000dm008-disco-duro-interno-barracuda-2tb-3-5-escritorio-sata3-6gb-s-256mb-7200rpm-pc\/"]}]},{"@type":"BreadcrumbList","@id":"https:\/\/compuviper.mx\/tienda\/producto\/seagate-st2000dm008-disco-duro-interno-barracuda-2tb-3-5-escritorio-sata3-6gb-s-256mb-7200rpm-pc\/#breadcrumb","itemListElement":[{"@type":"ListItem","position":1,"name":"Inicio","item":"https:\/\/compuviper.mx\/tienda\/"},{"@type":"ListItem","position":2,"name":"Productos","item":"https:\/\/compuviper.mx\/tienda\/productos\/"},{"@type":"ListItem","position":3,"name":"Discos Duros","item":"https:\/\/compuviper.mx\/tienda\/categoria-producto\/discos-duros\/"},{"@type":"ListItem","position":4,"name":"Disco Duro","item":"https:\/\/compuviper.mx\/tienda\/categoria-producto\/discos-duros\/disco-duro\/"},{"@type":"ListItem","position":5,"name":"Seagate St2000dm008 Disco Duro Interno Barracuda 2tb 3.5 Escritorio Sata3 6gb\/s 256mb 7200rpm Pc"}]},{"@type":"WebSite","@id":"https:\/\/compuviper.mx\/tienda\/#website","url":"https:\/\/compuviper.mx\/tienda\/","name":"Compuviper","description":"Proveedor de Computadoras, Laptops, Servidores, Monitores, Puntos de Venta, Teclados,   Impresoras, T\u00f3ner, C\u00e1maras de Seguridad y m\u00e1s en tu tienda en l\u00ednea","publisher":{"@id":"https:\/\/compuviper.mx\/tienda\/#organization"},"potentialAction":[{"@type":"SearchAction","target":{"@type":"EntryPoint","urlTemplate":"https:\/\/compuviper.mx\/tienda\/?s={search_term_string}"},"query-input":"required name=search_term_string"}],"inLanguage":"es-MX"},{"@type":"Organization","@id":"https:\/\/compuviper.mx\/tienda\/#organization","name":"Compuviper","url":"https:\/\/compuviper.mx\/tienda\/","logo":{"@type":"ImageObject","inLanguage":"es-MX","@id":"https:\/\/compuviper.mx\/tienda\/#\/schema\/logo\/image\/","url":"https:\/\/compuviper.mx\/tienda\/wp-content\/uploads\/2021\/08\/Logo-Compuviper-10.png","contentUrl":"https:\/\/compuviper.mx\/tienda\/wp-content\/uploads\/2021\/08\/Logo-Compuviper-10.png","width":1000,"height":500,"caption":"Compuviper"},"image":{"@id":"https:\/\/compuviper.mx\/tienda\/#\/schema\/logo\/image\/"},"sameAs":["https:\/\/www.facebook.com\/compuviper","https:\/\/www.youtube.com\/channel\/UCf73dERp9Y3cfOq7q8BhLjA?view_as=subscriber"]}]},"product_brand":"SEAGATE","product_price_amount":"1114","product_price_currency":"MXN","og_availability":"out of stock","product_availability":"out of stock","product_retailer_item_id":"ST2000DM008","product_condition":"new"},"_links":{"self":[{"href":"https:\/\/compuviper.mx\/tienda\/wp-json\/wp\/v2\/product\/267543"}],"collection":[{"href":"https:\/\/compuviper.mx\/tienda\/wp-json\/wp\/v2\/product"}],"about":[{"href":"https:\/\/compuviper.mx\/tienda\/wp-json\/wp\/v2\/types\/product"}],"replies":[{"embeddable":true,"href":"https:\/\/compuviper.mx\/tienda\/wp-json\/wp\/v2\/comments?post=267543"}],"wp:featuredmedia":[{"embeddable":true,"href":"https:\/\/compuviper.mx\/tienda\/wp-json\/wp\/v2\/media\/267544"}],"wp:attachment":[{"href":"https:\/\/compuviper.mx\/tienda\/wp-json\/wp\/v2\/media?parent=267543"}],"wp:term":[{"taxonomy":"product_cat","embeddable":true,"href":"https:\/\/compuviper.mx\/tienda\/wp-json\/wp\/v2\/product_cat?post=267543"},{"taxonomy":"product_tag","embeddable":true,"href":"https:\/\/compuviper.mx\/tienda\/wp-json\/wp\/v2\/product_tag?post=267543"}],"curies":[{"name":"wp","href":"https:\/\/api.w.org\/{rel}","templated":true}]}}