{"id":267536,"date":"2026-05-07T00:06:35","date_gmt":"2026-05-07T06:06:35","guid":{"rendered":"https:\/\/compuviper.mx\/tienda\/producto\/cooler-master-e302-wgnn-saz-gabinete-elite-302-argb-fan-4-blanco-mini-torre-mini-itx-micro-atx-ventana\/"},"modified":"2026-05-07T00:06:35","modified_gmt":"2026-05-07T06:06:35","slug":"cooler-master-e302-wgnn-saz-gabinete-elite-302-argb-fan-3-blanco-mini-torre-mini-itx-micro-atx-ventana","status":"publish","type":"product","link":"https:\/\/compuviper.mx\/tienda\/producto\/cooler-master-e302-wgnn-saz-gabinete-elite-302-argb-fan-3-blanco-mini-torre-mini-itx-micro-atx-ventana\/","title":{"rendered":"Cooler Master E302-wgnn-saz Gabinete  Elite 302 \/ Argb Fan 3 \/ Blanco \/ Mini Torre \/ Mini Itx \/ Micro Atx \/ Ventana"},"content":{"rendered":"<table class=\"descripcion\">\n<tr>\n<td>Numero de modelo: elite 302: e302-wgnn-saz<\/td>\n<\/tr>\n<tr>\n<td>Exterior color: blanco<\/td>\n<\/tr>\n<tr>\n<td>Materiales \u0096 exterior: acero<\/td>\n<\/tr>\n<tr>\n<td>Materiales &#8211; panel lateral (derecho \/ izquierdo): tg \/ acero<\/td>\n<\/tr>\n<tr>\n<td>Dimensiones (l x anla x e): 390 x 203,5 x 430 mm (incluyendo protuberancias), 377 x 203,5 x 410 mm (excluyendo protuberancias)<\/td>\n<\/tr>\n<tr>\n<td>Volumen (incluyendo protuberancias): 34,13l<\/td>\n<\/tr>\n<tr>\n<td>Soporte para placas base: mini-itx, micro-atx<\/td>\n<\/tr>\n<tr>\n<td>Ranuras de expansion: 4<\/td>\n<\/tr>\n<tr>\n<td>Bahias de transmision de 5,25: n\/a<\/td>\n<\/tr>\n<tr>\n<td>Bahias de transmision de 3,5: 1<\/td>\n<\/tr>\n<tr>\n<td>Bahias de transmision de 2,5: 1 (max. 2)<\/td>\n<\/tr>\n<tr>\n<td>Panel de e\/s &#8211; puertos usb: 1x usb 3.2 gen1 tipo a, 1x usb 3.2 gen1 tipo c<\/td>\n<\/tr>\n<tr>\n<td>Panel de e\/s &#8211; entrada \/ salida de audio: 1x combo de 3,5 mm (audio + microfono)<\/td>\n<\/tr>\n<tr>\n<td>Apoyo de los aficionados \u0096 frente: 3x 120mm<\/td>\n<\/tr>\n<tr>\n<td>Apoyo de los fans \u0096 top: 2x 120mm \/ 2x 140mm<\/td>\n<\/tr>\n<tr>\n<td>Apoyo de los aficionados &#8211; parte trasera: 1x 120mm<\/td>\n<\/tr>\n<tr>\n<td>Ventiladores preinstalados \u0096 frontales: negro: 3x 120mm argb blanco<\/td>\n<\/tr>\n<tr>\n<td>Ventiladores preinstalados \u0096 arriba: n\/a<\/td>\n<\/tr>\n<tr>\n<td>Ventiladores preinstalados \u0096 trasero: n\/a<\/td>\n<\/tr>\n<tr>\n<td>Soporte del radiador \u0096 delantero: 120 \/ 240 \/ *360 mm (*soporte dentro de 60 mm de grosor)<\/td>\n<\/tr>\n<tr>\n<td>Soporte del radiador \u0096 arriba: 120 \/ 140 \/ 240 \/ 280mm<\/td>\n<\/tr>\n<tr>\n<td>Soporte del radiador \u0096 trasero: 120mm<\/td>\n<\/tr>\n<tr>\n<td>Espacio libre &#8211; disipador de cpu: 163,5mm<\/td>\n<\/tr>\n<tr>\n<td>Autorizacion &#8211; psu: 160mm<\/td>\n<\/tr>\n<tr>\n<td>Espacio al aire \u0096 gfx: 365mm (sin ventiladores delanteros ni radiador)<\/td>\n<\/tr>\n<tr>\n<td>Enrutamiento de cables: 18,5mm<\/td>\n<\/tr>\n<tr>\n<td>Filtros de polvo: arriba \/ abajo \/ delantera<\/td>\n<\/tr>\n<tr>\n<td>Soporte de suministro electrico: atx<\/td>\n<\/tr>\n<tr>\n<td>Garantia: 2 a\u00f1os<\/td>\n<\/tr>\n<tr>\n<td>Tama\u00f1o: mini torre<\/td>\n<\/tr>\n<tr>\n<td>Serie: serie elite<\/td>\n<\/tr>\n<\/table>\n","protected":false},"excerpt":{"rendered":"<p>Eficiencia sin esfuerzo elite 302. De alto valor y atencion al detalle, cooler masters elite 302 ofrece a los usuarios una solucion economica y eficiente en espacio para las necesidades de juego e informatica. El elite 302 cuenta con una gran rejilla de admision y 3 ventiladores argb de 120 mm para garantizar un funcionamiento fluido y eficiente. El recubrimiento completamente negro y la tapa de la fuente de alimentacion incluida permiten montajes limpios que resultan visualmente atractivos y funcionales. Panel frontal magnetico sin herramientas. Mantenimiento rapido y sencillo con un panel frontal de malla magntica sin herramientas, dise\u00f1ado para el flujo de aire y un acceso sin esfuerzo. Listo para refrigeracion de alto rendimiento. Aloja hasta 6 ventiladores y soporta radiadores de 280 mm o 360 mm para mantener tu sistema funcionando al maximo.<\/p>\n","protected":false},"featured_media":0,"comment_status":"open","ping_status":"open","template":"","meta":[],"product_cat":[1674,1945],"product_tag":[1615],"acf":[],"yoast_head":"<!-- This site is optimized with the Yoast SEO plugin v21.7 - https:\/\/yoast.com\/wordpress\/plugins\/seo\/ -->\n<title>[ Cooler Master ] &#129351; E302-wgnn-saz Gabinete Elite 302 \/ Argb Fan 3 \/ Blanco \/ Mini Torre \/ Mini Itx \/ Micro Atx \/ Ventana<\/title>\n<meta name=\"description\" content=\"Compra E302-wgnn-saz Gabinete Elite 302 \/ Argb Fan 3 \/ Blanco \/ Mini Torre \/ Mini Itx \/ Micro Atx \/ Ventana + Env\u00edo a domicilio + Pago seguro + Garant\u00eda\" \/>\n<meta name=\"robots\" content=\"index, follow, max-snippet:-1, max-image-preview:large, max-video-preview:-1\" \/>\n<link rel=\"canonical\" href=\"https:\/\/compuviper.mx\/tienda\/producto\/cooler-master-e302-wgnn-saz-gabinete-elite-302-argb-fan-3-blanco-mini-torre-mini-itx-micro-atx-ventana\/\" \/>\n<meta property=\"og:locale\" content=\"es_MX\" \/>\n<meta property=\"og:type\" content=\"article\" \/>\n<meta property=\"og:title\" content=\"[ Cooler Master ] &#129351; E302-wgnn-saz Gabinete Elite 302 \/ Argb Fan 3 \/ Blanco \/ Mini Torre \/ Mini Itx \/ Micro Atx \/ Ventana\" \/>\n<meta property=\"og:description\" content=\"Compra E302-wgnn-saz Gabinete Elite 302 \/ Argb Fan 3 \/ Blanco \/ Mini Torre \/ Mini Itx \/ Micro Atx \/ Ventana + Env\u00edo a domicilio + Pago seguro + Garant\u00eda\" \/>\n<meta property=\"og:url\" content=\"https:\/\/compuviper.mx\/tienda\/producto\/cooler-master-e302-wgnn-saz-gabinete-elite-302-argb-fan-3-blanco-mini-torre-mini-itx-micro-atx-ventana\/\" \/>\n<meta property=\"og:site_name\" content=\"Compuviper\" \/>\n<meta property=\"article:publisher\" content=\"https:\/\/www.facebook.com\/compuviper\" \/>\n<meta name=\"twitter:card\" content=\"summary_large_image\" \/>\n<meta name=\"twitter:label1\" content=\"Precio\" \/>\n\t<meta name=\"twitter:data1\" content=\"&#36;1,009 con IVA\" \/>\n\t<meta name=\"twitter:label2\" content=\"Availability\" \/>\n\t<meta name=\"twitter:data2\" content=\"In stock\" \/>\n<script type=\"application\/ld+json\" class=\"yoast-schema-graph\">{\"@context\":\"https:\/\/schema.org\",\"@graph\":[{\"@type\":\"WebPage\",\"@id\":\"https:\/\/compuviper.mx\/tienda\/producto\/cooler-master-e302-wgnn-saz-gabinete-elite-302-argb-fan-3-blanco-mini-torre-mini-itx-micro-atx-ventana\/\",\"url\":\"https:\/\/compuviper.mx\/tienda\/producto\/cooler-master-e302-wgnn-saz-gabinete-elite-302-argb-fan-3-blanco-mini-torre-mini-itx-micro-atx-ventana\/\",\"name\":\"[ Cooler Master ] &#129351; E302-wgnn-saz Gabinete Elite 302 \/ Argb Fan 3 \/ Blanco \/ Mini Torre \/ Mini Itx \/ Micro Atx \/ Ventana\",\"isPartOf\":{\"@id\":\"https:\/\/compuviper.mx\/tienda\/#website\"},\"datePublished\":\"2026-05-07T06:06:35+00:00\",\"dateModified\":\"2026-05-07T06:06:35+00:00\",\"description\":\"Compra E302-wgnn-saz Gabinete Elite 302 \/ Argb Fan 3 \/ Blanco \/ Mini Torre \/ Mini Itx \/ Micro Atx \/ Ventana + Env\u00edo a domicilio + Pago seguro + Garant\u00eda\",\"breadcrumb\":{\"@id\":\"https:\/\/compuviper.mx\/tienda\/producto\/cooler-master-e302-wgnn-saz-gabinete-elite-302-argb-fan-3-blanco-mini-torre-mini-itx-micro-atx-ventana\/#breadcrumb\"},\"inLanguage\":\"es-MX\",\"potentialAction\":[{\"@type\":\"ReadAction\",\"target\":[\"https:\/\/compuviper.mx\/tienda\/producto\/cooler-master-e302-wgnn-saz-gabinete-elite-302-argb-fan-3-blanco-mini-torre-mini-itx-micro-atx-ventana\/\"]}]},{\"@type\":\"BreadcrumbList\",\"@id\":\"https:\/\/compuviper.mx\/tienda\/producto\/cooler-master-e302-wgnn-saz-gabinete-elite-302-argb-fan-3-blanco-mini-torre-mini-itx-micro-atx-ventana\/#breadcrumb\",\"itemListElement\":[{\"@type\":\"ListItem\",\"position\":1,\"name\":\"Inicio\",\"item\":\"https:\/\/compuviper.mx\/tienda\/\"},{\"@type\":\"ListItem\",\"position\":2,\"name\":\"Productos\",\"item\":\"https:\/\/compuviper.mx\/tienda\/productos\/\"},{\"@type\":\"ListItem\",\"position\":3,\"name\":\"Gabinetes\",\"item\":\"https:\/\/compuviper.mx\/tienda\/categoria-producto\/gabinetes\/\"},{\"@type\":\"ListItem\",\"position\":4,\"name\":\"Mini Torre\",\"item\":\"https:\/\/compuviper.mx\/tienda\/categoria-producto\/gabinetes\/mini-torre\/\"},{\"@type\":\"ListItem\",\"position\":5,\"name\":\"Cooler Master E302-wgnn-saz Gabinete Elite 302 \/ Argb Fan 3 \/ Blanco \/ Mini Torre \/ Mini Itx \/ Micro Atx \/ Ventana\"}]},{\"@type\":\"WebSite\",\"@id\":\"https:\/\/compuviper.mx\/tienda\/#website\",\"url\":\"https:\/\/compuviper.mx\/tienda\/\",\"name\":\"Compuviper\",\"description\":\"Proveedor de Computadoras, Laptops, Servidores, Monitores, Puntos de Venta, Teclados,   Impresoras, T\u00f3ner, C\u00e1maras de Seguridad y m\u00e1s en tu tienda en l\u00ednea\",\"publisher\":{\"@id\":\"https:\/\/compuviper.mx\/tienda\/#organization\"},\"potentialAction\":[{\"@type\":\"SearchAction\",\"target\":{\"@type\":\"EntryPoint\",\"urlTemplate\":\"https:\/\/compuviper.mx\/tienda\/?s={search_term_string}\"},\"query-input\":\"required name=search_term_string\"}],\"inLanguage\":\"es-MX\"},{\"@type\":\"Organization\",\"@id\":\"https:\/\/compuviper.mx\/tienda\/#organization\",\"name\":\"Compuviper\",\"url\":\"https:\/\/compuviper.mx\/tienda\/\",\"logo\":{\"@type\":\"ImageObject\",\"inLanguage\":\"es-MX\",\"@id\":\"https:\/\/compuviper.mx\/tienda\/#\/schema\/logo\/image\/\",\"url\":\"https:\/\/compuviper.mx\/tienda\/wp-content\/uploads\/2021\/08\/Logo-Compuviper-10.png\",\"contentUrl\":\"https:\/\/compuviper.mx\/tienda\/wp-content\/uploads\/2021\/08\/Logo-Compuviper-10.png\",\"width\":1000,\"height\":500,\"caption\":\"Compuviper\"},\"image\":{\"@id\":\"https:\/\/compuviper.mx\/tienda\/#\/schema\/logo\/image\/\"},\"sameAs\":[\"https:\/\/www.facebook.com\/compuviper\",\"https:\/\/www.youtube.com\/channel\/UCf73dERp9Y3cfOq7q8BhLjA?view_as=subscriber\"]}]}<\/script>\n<meta property=\"product:brand\" content=\"COOLER MASTER\" \/>\n<meta property=\"product:price:amount\" content=\"1009\" \/>\n<meta property=\"product:price:currency\" content=\"MXN\" \/>\n<meta property=\"og:availability\" content=\"instock\" \/>\n<meta property=\"product:availability\" content=\"instock\" \/>\n<meta property=\"product:retailer_item_id\" content=\"E302-WGNN-SAZ\" \/>\n<meta property=\"product:condition\" content=\"new\" \/>\n<!-- \/ Yoast SEO plugin. -->","yoast_head_json":{"title":"[ Cooler Master ] &#129351; E302-wgnn-saz Gabinete Elite 302 \/ Argb Fan 3 \/ Blanco \/ Mini Torre \/ Mini Itx \/ Micro Atx \/ Ventana","description":"Compra E302-wgnn-saz Gabinete Elite 302 \/ Argb Fan 3 \/ Blanco \/ Mini Torre \/ Mini Itx \/ Micro Atx \/ Ventana + Env\u00edo a domicilio + Pago seguro + Garant\u00eda","robots":{"index":"index","follow":"follow","max-snippet":"max-snippet:-1","max-image-preview":"max-image-preview:large","max-video-preview":"max-video-preview:-1"},"canonical":"https:\/\/compuviper.mx\/tienda\/producto\/cooler-master-e302-wgnn-saz-gabinete-elite-302-argb-fan-3-blanco-mini-torre-mini-itx-micro-atx-ventana\/","og_locale":"es_MX","og_type":"article","og_title":"[ Cooler Master ] &#129351; E302-wgnn-saz Gabinete Elite 302 \/ Argb Fan 3 \/ Blanco \/ Mini Torre \/ Mini Itx \/ Micro Atx \/ Ventana","og_description":"Compra E302-wgnn-saz Gabinete Elite 302 \/ Argb Fan 3 \/ Blanco \/ Mini Torre \/ Mini Itx \/ Micro Atx \/ Ventana + Env\u00edo a domicilio + Pago seguro + Garant\u00eda","og_url":"https:\/\/compuviper.mx\/tienda\/producto\/cooler-master-e302-wgnn-saz-gabinete-elite-302-argb-fan-3-blanco-mini-torre-mini-itx-micro-atx-ventana\/","og_site_name":"Compuviper","article_publisher":"https:\/\/www.facebook.com\/compuviper","twitter_card":"summary_large_image","twitter_misc":{"Precio":"&#36;1,009 con IVA","Availability":"In stock"},"schema":{"@context":"https:\/\/schema.org","@graph":[{"@type":"WebPage","@id":"https:\/\/compuviper.mx\/tienda\/producto\/cooler-master-e302-wgnn-saz-gabinete-elite-302-argb-fan-3-blanco-mini-torre-mini-itx-micro-atx-ventana\/","url":"https:\/\/compuviper.mx\/tienda\/producto\/cooler-master-e302-wgnn-saz-gabinete-elite-302-argb-fan-3-blanco-mini-torre-mini-itx-micro-atx-ventana\/","name":"[ Cooler Master ] &#129351; E302-wgnn-saz Gabinete Elite 302 \/ Argb Fan 3 \/ Blanco \/ Mini Torre \/ Mini Itx \/ Micro Atx \/ Ventana","isPartOf":{"@id":"https:\/\/compuviper.mx\/tienda\/#website"},"datePublished":"2026-05-07T06:06:35+00:00","dateModified":"2026-05-07T06:06:35+00:00","description":"Compra E302-wgnn-saz Gabinete Elite 302 \/ Argb Fan 3 \/ Blanco \/ Mini Torre \/ Mini Itx \/ Micro Atx \/ Ventana + Env\u00edo a domicilio + Pago seguro + Garant\u00eda","breadcrumb":{"@id":"https:\/\/compuviper.mx\/tienda\/producto\/cooler-master-e302-wgnn-saz-gabinete-elite-302-argb-fan-3-blanco-mini-torre-mini-itx-micro-atx-ventana\/#breadcrumb"},"inLanguage":"es-MX","potentialAction":[{"@type":"ReadAction","target":["https:\/\/compuviper.mx\/tienda\/producto\/cooler-master-e302-wgnn-saz-gabinete-elite-302-argb-fan-3-blanco-mini-torre-mini-itx-micro-atx-ventana\/"]}]},{"@type":"BreadcrumbList","@id":"https:\/\/compuviper.mx\/tienda\/producto\/cooler-master-e302-wgnn-saz-gabinete-elite-302-argb-fan-3-blanco-mini-torre-mini-itx-micro-atx-ventana\/#breadcrumb","itemListElement":[{"@type":"ListItem","position":1,"name":"Inicio","item":"https:\/\/compuviper.mx\/tienda\/"},{"@type":"ListItem","position":2,"name":"Productos","item":"https:\/\/compuviper.mx\/tienda\/productos\/"},{"@type":"ListItem","position":3,"name":"Gabinetes","item":"https:\/\/compuviper.mx\/tienda\/categoria-producto\/gabinetes\/"},{"@type":"ListItem","position":4,"name":"Mini Torre","item":"https:\/\/compuviper.mx\/tienda\/categoria-producto\/gabinetes\/mini-torre\/"},{"@type":"ListItem","position":5,"name":"Cooler Master E302-wgnn-saz Gabinete Elite 302 \/ Argb Fan 3 \/ Blanco \/ Mini Torre \/ Mini Itx \/ Micro Atx \/ Ventana"}]},{"@type":"WebSite","@id":"https:\/\/compuviper.mx\/tienda\/#website","url":"https:\/\/compuviper.mx\/tienda\/","name":"Compuviper","description":"Proveedor de Computadoras, Laptops, Servidores, Monitores, Puntos de Venta, Teclados,   Impresoras, T\u00f3ner, C\u00e1maras de Seguridad y m\u00e1s en tu tienda en l\u00ednea","publisher":{"@id":"https:\/\/compuviper.mx\/tienda\/#organization"},"potentialAction":[{"@type":"SearchAction","target":{"@type":"EntryPoint","urlTemplate":"https:\/\/compuviper.mx\/tienda\/?s={search_term_string}"},"query-input":"required name=search_term_string"}],"inLanguage":"es-MX"},{"@type":"Organization","@id":"https:\/\/compuviper.mx\/tienda\/#organization","name":"Compuviper","url":"https:\/\/compuviper.mx\/tienda\/","logo":{"@type":"ImageObject","inLanguage":"es-MX","@id":"https:\/\/compuviper.mx\/tienda\/#\/schema\/logo\/image\/","url":"https:\/\/compuviper.mx\/tienda\/wp-content\/uploads\/2021\/08\/Logo-Compuviper-10.png","contentUrl":"https:\/\/compuviper.mx\/tienda\/wp-content\/uploads\/2021\/08\/Logo-Compuviper-10.png","width":1000,"height":500,"caption":"Compuviper"},"image":{"@id":"https:\/\/compuviper.mx\/tienda\/#\/schema\/logo\/image\/"},"sameAs":["https:\/\/www.facebook.com\/compuviper","https:\/\/www.youtube.com\/channel\/UCf73dERp9Y3cfOq7q8BhLjA?view_as=subscriber"]}]},"product_brand":"COOLER MASTER","product_price_amount":"1009","product_price_currency":"MXN","og_availability":"instock","product_availability":"instock","product_retailer_item_id":"E302-WGNN-SAZ","product_condition":"new"},"_links":{"self":[{"href":"https:\/\/compuviper.mx\/tienda\/wp-json\/wp\/v2\/product\/267536"}],"collection":[{"href":"https:\/\/compuviper.mx\/tienda\/wp-json\/wp\/v2\/product"}],"about":[{"href":"https:\/\/compuviper.mx\/tienda\/wp-json\/wp\/v2\/types\/product"}],"replies":[{"embeddable":true,"href":"https:\/\/compuviper.mx\/tienda\/wp-json\/wp\/v2\/comments?post=267536"}],"wp:attachment":[{"href":"https:\/\/compuviper.mx\/tienda\/wp-json\/wp\/v2\/media?parent=267536"}],"wp:term":[{"taxonomy":"product_cat","embeddable":true,"href":"https:\/\/compuviper.mx\/tienda\/wp-json\/wp\/v2\/product_cat?post=267536"},{"taxonomy":"product_tag","embeddable":true,"href":"https:\/\/compuviper.mx\/tienda\/wp-json\/wp\/v2\/product_tag?post=267536"}],"curies":[{"name":"wp","href":"https:\/\/api.w.org\/{rel}","templated":true}]}}