{"id":267530,"date":"2026-04-16T00:11:32","date_gmt":"2026-04-16T06:11:32","guid":{"rendered":"https:\/\/compuviper.mx\/tienda\/producto\/cooler-master-mf500m-shnn-s00-gabinete-master-frame-500-plata-mini-itx-mini-dtx-micro-atx-atx-e-atx-ssi-ceb-soporte-condicional\/"},"modified":"2026-04-16T00:11:32","modified_gmt":"2026-04-16T06:11:32","slug":"cooler-master-mf500m-shnn-s00-gabinete-master-frame-500-plata-mini-itx-mini-dtx-micro-atx-atx-e-atx-ssi-ceb-soporte-condicional","status":"publish","type":"product","link":"https:\/\/compuviper.mx\/tienda\/producto\/cooler-master-mf500m-shnn-s00-gabinete-master-frame-500-plata-mini-itx-mini-dtx-micro-atx-atx-e-atx-ssi-ceb-soporte-condicional\/","title":{"rendered":"Cooler Master Mf500m-shnn-s00 Gabinete  Master Frame 500 \/ Plata \/ Mini-itx \/ Mini-dtx \/ Micro-atx, \/ Atx \/ E-atx*\/ Ssi-ceb* (*soporte Condicional)"},"content":{"rendered":"<table class=\"descripcion\">\n<tr>\n<td>Numero de modelo: mf500m-shnn-s00 (no argb)<\/td>\n<\/tr>\n<tr>\n<td>Color(es): plata<\/td>\n<\/tr>\n<tr>\n<td>Materiales \u0096 exterior: sgcc acero, aluminio<\/td>\n<\/tr>\n<tr>\n<td>Materiales &#8211; panel lateral (derecho \/ izquierdo): vidrio templado<\/td>\n<\/tr>\n<tr>\n<td>Dimensiones (l x anla x e): 471 x 261 x 544 mm (incluyendo protuberancias), 471 x 261 x 531 mm (excluyendo protuberancias)<\/td>\n<\/tr>\n<tr>\n<td>Volumen: 60,9 l (exclas. protuberancias)<\/td>\n<\/tr>\n<tr>\n<td>Soporte para placas base: mini-itx, mini-dtx, micro-atx, atx, e-atx*, ssi-ceb* (*soporte condicional)<\/td>\n<\/tr>\n<tr>\n<td>Soporte de suministro electrico: atx<\/td>\n<\/tr>\n<tr>\n<td>Ranuras de expansion pci: 8<\/td>\n<\/tr>\n<tr>\n<td>Bahias de transmision de 3,5: 0<\/td>\n<\/tr>\n<tr>\n<td>Bahias de unidad (o ssd) de 2,5 \/ 3,5: 1 (abajo)<\/td>\n<\/tr>\n<tr>\n<td>Bahias de unidad preinstaladas &#8211; bahia de 3,5 \/ 2,5 (o ssd): 1x 2,5 o 1x 3,5<\/td>\n<\/tr>\n<tr>\n<td>Panel de e\/s &#8211; puertos usb: 2x usb 3.2 gen 1 tipo a, 1x usb 3.2 gen 2&#215;2 tipo c<\/td>\n<\/tr>\n<tr>\n<td>Panel de e\/s &#8211; entrada \/ salida de audio: 1x jackjack-auricular de 3,5 mm (audio+microfono)<\/td>\n<\/tr>\n<tr>\n<td>Ventiladores preinstalados \u0096 frontales: no argb: 2x sickleflow 200mm<\/td>\n<\/tr>\n<tr>\n<td>Ventiladores preinstalados \u0096 trasero: no argb: 1x 120mm<\/td>\n<\/tr>\n<tr>\n<td>Apoyo de los aficionados \u0096 frente: 3x 120mm, 2x 140mm, 2x 180mm, 2x 200mm<\/td>\n<\/tr>\n<tr>\n<td>Apoyo de los fans \u0096 top: 3x 120mm, 2x 140mm, 2x 180mm, 2x 200mm<\/td>\n<\/tr>\n<tr>\n<td>Apoyo de los aficionados &#8211; parte trasera: 1x 120mm<\/td>\n<\/tr>\n<tr>\n<td>Apoyo de los aficionados \u0096 abajo: 1x 120mm<\/td>\n<\/tr>\n<tr>\n<td>Soporte del radiador \u0096 delantero: 120 \/ 140 \/ 240 \/ 280 \/ 360mm<\/td>\n<\/tr>\n<tr>\n<td>Soporte del radiador \u0096 arriba: 120 \/ 140 \/ 240 \/ 280 \/ 360mm<\/td>\n<\/tr>\n<tr>\n<td>Soporte del radiador \u0096 trasero: 120 mm<\/td>\n<\/tr>\n<tr>\n<td>Filtros de polvo: solo malla (filtros extraibles)<\/td>\n<\/tr>\n<tr>\n<td>Espacio libre &#8211; disipador de cpu: 190 mm<\/td>\n<\/tr>\n<tr>\n<td>Autorizacion &#8211; psu: 235 mm<\/td>\n<\/tr>\n<tr>\n<td>Autorizacion &#8211; tarjeta grafica: 390 mm<\/td>\n<\/tr>\n<tr>\n<td>Accesorios incluidos: soporte para gpu<\/td>\n<\/tr>\n<tr>\n<td>Enrutamiento de cables &#8211; detr\u00e1s de la bandeja de la placa base: 43 mm<\/td>\n<\/tr>\n<tr>\n<td>Garant\u00eda: 2 a\u00f1os<\/td>\n<\/tr>\n<tr>\n<td>Tama\u00f1o: torre intermedia<\/td>\n<\/tr>\n<tr>\n<td>Serie: serie masterframe<\/td>\n<\/tr>\n<\/table>\n","protected":false},"excerpt":{"rendered":"<p>Carcasa modular atx premium. Malla masterframe 500. El masterframe 500 mesh es un chasis premium de torre central de chasis abierto dise\u00f1ado para componentes de alto rendimiento, sistemas avanzados de refrigeraci\u00f3n y personalizacion ilimitada. Adoptando la filosofia de dise\u00f1o de freeform 2.0, soporta placas base atx a e-atx y proporciona acceso completo a archivos de dise\u00f1o modular. Con paneles de malla mejorados para mejorar la circulacion de aire, permite a constructores, modders y creadores llevar al limite el dise\u00f1o de pc. Ventiladores preinstalados. No argb: ventiladores pwm frontales dual sickleflow 200 sin argb, 120 ventiladores pwm sin argb traseros, soporte doble de radiador de 360mm, lado de vidrio templado, usb 3.1 tipo-c. Versatil y impulsado por el maker. Su dise\u00f1o de codigo abierto y paneles intercambiables ofrecen infinitas posibilidades de personalizacion, transformando tu chasis en una expresion unica de estilo.<\/p>\n","protected":false},"featured_media":0,"comment_status":"open","ping_status":"open","template":"","meta":[],"product_cat":[1674,1676],"product_tag":[1615],"acf":[],"yoast_head":"<!-- This site is optimized with the Yoast SEO plugin v21.7 - https:\/\/yoast.com\/wordpress\/plugins\/seo\/ -->\n<title>[ Cooler Master ] &#129351; Mf500m-shnn-s00 Gabinete Master Frame 500 \/ Plata \/ Mini-itx \/ Mini-dtx \/ Micro-atx, \/ Atx \/ E-atx*\/ Ssi-ceb* (*soporte Condicional)<\/title>\n<meta name=\"description\" content=\"Compra Mf500m-shnn-s00 Gabinete Master Frame 500 \/ Plata \/ Mini-itx \/ Mini-dtx \/ Micro-atx, \/ Atx \/ E-atx*\/ Ssi-ceb* (*soporte Condicional) + Env\u00edo a domicilio + Pago seguro + Garant\u00eda\" \/>\n<meta name=\"robots\" content=\"index, follow, max-snippet:-1, max-image-preview:large, max-video-preview:-1\" \/>\n<link rel=\"canonical\" href=\"https:\/\/compuviper.mx\/tienda\/producto\/cooler-master-mf500m-shnn-s00-gabinete-master-frame-500-plata-mini-itx-mini-dtx-micro-atx-atx-e-atx-ssi-ceb-soporte-condicional\/\" \/>\n<meta property=\"og:locale\" content=\"es_MX\" \/>\n<meta property=\"og:type\" content=\"article\" \/>\n<meta property=\"og:title\" content=\"[ Cooler Master ] &#129351; Mf500m-shnn-s00 Gabinete Master Frame 500 \/ Plata \/ Mini-itx \/ Mini-dtx \/ Micro-atx, \/ Atx \/ E-atx*\/ Ssi-ceb* (*soporte Condicional)\" \/>\n<meta property=\"og:description\" content=\"Compra Mf500m-shnn-s00 Gabinete Master Frame 500 \/ Plata \/ Mini-itx \/ Mini-dtx \/ Micro-atx, \/ Atx \/ E-atx*\/ Ssi-ceb* (*soporte Condicional) + Env\u00edo a domicilio + Pago seguro + Garant\u00eda\" \/>\n<meta property=\"og:url\" content=\"https:\/\/compuviper.mx\/tienda\/producto\/cooler-master-mf500m-shnn-s00-gabinete-master-frame-500-plata-mini-itx-mini-dtx-micro-atx-atx-e-atx-ssi-ceb-soporte-condicional\/\" \/>\n<meta property=\"og:site_name\" content=\"Compuviper\" \/>\n<meta property=\"article:publisher\" content=\"https:\/\/www.facebook.com\/compuviper\" \/>\n<meta name=\"twitter:card\" content=\"summary_large_image\" \/>\n<meta name=\"twitter:label1\" content=\"Precio\" \/>\n\t<meta name=\"twitter:data1\" content=\"&#36;2,533 con IVA\" \/>\n\t<meta name=\"twitter:label2\" content=\"Availability\" \/>\n\t<meta name=\"twitter:data2\" content=\"In stock\" \/>\n<script type=\"application\/ld+json\" class=\"yoast-schema-graph\">{\"@context\":\"https:\/\/schema.org\",\"@graph\":[{\"@type\":\"WebPage\",\"@id\":\"https:\/\/compuviper.mx\/tienda\/producto\/cooler-master-mf500m-shnn-s00-gabinete-master-frame-500-plata-mini-itx-mini-dtx-micro-atx-atx-e-atx-ssi-ceb-soporte-condicional\/\",\"url\":\"https:\/\/compuviper.mx\/tienda\/producto\/cooler-master-mf500m-shnn-s00-gabinete-master-frame-500-plata-mini-itx-mini-dtx-micro-atx-atx-e-atx-ssi-ceb-soporte-condicional\/\",\"name\":\"[ Cooler Master ] &#129351; Mf500m-shnn-s00 Gabinete Master Frame 500 \/ Plata \/ Mini-itx \/ Mini-dtx \/ Micro-atx, \/ Atx \/ E-atx*\/ Ssi-ceb* (*soporte Condicional)\",\"isPartOf\":{\"@id\":\"https:\/\/compuviper.mx\/tienda\/#website\"},\"datePublished\":\"2026-04-16T06:11:32+00:00\",\"dateModified\":\"2026-04-16T06:11:32+00:00\",\"description\":\"Compra Mf500m-shnn-s00 Gabinete Master Frame 500 \/ Plata \/ Mini-itx \/ Mini-dtx \/ Micro-atx, \/ Atx \/ E-atx*\/ Ssi-ceb* (*soporte Condicional) + Env\u00edo a domicilio + Pago seguro + Garant\u00eda\",\"breadcrumb\":{\"@id\":\"https:\/\/compuviper.mx\/tienda\/producto\/cooler-master-mf500m-shnn-s00-gabinete-master-frame-500-plata-mini-itx-mini-dtx-micro-atx-atx-e-atx-ssi-ceb-soporte-condicional\/#breadcrumb\"},\"inLanguage\":\"es-MX\",\"potentialAction\":[{\"@type\":\"ReadAction\",\"target\":[\"https:\/\/compuviper.mx\/tienda\/producto\/cooler-master-mf500m-shnn-s00-gabinete-master-frame-500-plata-mini-itx-mini-dtx-micro-atx-atx-e-atx-ssi-ceb-soporte-condicional\/\"]}]},{\"@type\":\"BreadcrumbList\",\"@id\":\"https:\/\/compuviper.mx\/tienda\/producto\/cooler-master-mf500m-shnn-s00-gabinete-master-frame-500-plata-mini-itx-mini-dtx-micro-atx-atx-e-atx-ssi-ceb-soporte-condicional\/#breadcrumb\",\"itemListElement\":[{\"@type\":\"ListItem\",\"position\":1,\"name\":\"Inicio\",\"item\":\"https:\/\/compuviper.mx\/tienda\/\"},{\"@type\":\"ListItem\",\"position\":2,\"name\":\"Productos\",\"item\":\"https:\/\/compuviper.mx\/tienda\/productos\/\"},{\"@type\":\"ListItem\",\"position\":3,\"name\":\"Gabinetes\",\"item\":\"https:\/\/compuviper.mx\/tienda\/categoria-producto\/gabinetes\/\"},{\"@type\":\"ListItem\",\"position\":4,\"name\":\"Media Torre\",\"item\":\"https:\/\/compuviper.mx\/tienda\/categoria-producto\/gabinetes\/media-torre\/\"},{\"@type\":\"ListItem\",\"position\":5,\"name\":\"Cooler Master Mf500m-shnn-s00 Gabinete Master Frame 500 \/ Plata \/ Mini-itx \/ Mini-dtx \/ Micro-atx, \/ Atx \/ E-atx*\/ Ssi-ceb* (*soporte Condicional)\"}]},{\"@type\":\"WebSite\",\"@id\":\"https:\/\/compuviper.mx\/tienda\/#website\",\"url\":\"https:\/\/compuviper.mx\/tienda\/\",\"name\":\"Compuviper\",\"description\":\"Proveedor de Computadoras, Laptops, Servidores, Monitores, Puntos de Venta, Teclados,   Impresoras, T\u00f3ner, C\u00e1maras de Seguridad y m\u00e1s en tu tienda en l\u00ednea\",\"publisher\":{\"@id\":\"https:\/\/compuviper.mx\/tienda\/#organization\"},\"potentialAction\":[{\"@type\":\"SearchAction\",\"target\":{\"@type\":\"EntryPoint\",\"urlTemplate\":\"https:\/\/compuviper.mx\/tienda\/?s={search_term_string}\"},\"query-input\":\"required name=search_term_string\"}],\"inLanguage\":\"es-MX\"},{\"@type\":\"Organization\",\"@id\":\"https:\/\/compuviper.mx\/tienda\/#organization\",\"name\":\"Compuviper\",\"url\":\"https:\/\/compuviper.mx\/tienda\/\",\"logo\":{\"@type\":\"ImageObject\",\"inLanguage\":\"es-MX\",\"@id\":\"https:\/\/compuviper.mx\/tienda\/#\/schema\/logo\/image\/\",\"url\":\"https:\/\/compuviper.mx\/tienda\/wp-content\/uploads\/2021\/08\/Logo-Compuviper-10.png\",\"contentUrl\":\"https:\/\/compuviper.mx\/tienda\/wp-content\/uploads\/2021\/08\/Logo-Compuviper-10.png\",\"width\":1000,\"height\":500,\"caption\":\"Compuviper\"},\"image\":{\"@id\":\"https:\/\/compuviper.mx\/tienda\/#\/schema\/logo\/image\/\"},\"sameAs\":[\"https:\/\/www.facebook.com\/compuviper\",\"https:\/\/www.youtube.com\/channel\/UCf73dERp9Y3cfOq7q8BhLjA?view_as=subscriber\"]}]}<\/script>\n<meta property=\"product:brand\" content=\"COOLER MASTER\" \/>\n<meta property=\"product:price:amount\" content=\"2533\" \/>\n<meta property=\"product:price:currency\" content=\"MXN\" \/>\n<meta property=\"og:availability\" content=\"instock\" \/>\n<meta property=\"product:availability\" content=\"instock\" \/>\n<meta property=\"product:retailer_item_id\" content=\"MF500M-SHNN-S00\" \/>\n<meta property=\"product:condition\" content=\"new\" \/>\n<!-- \/ Yoast SEO plugin. -->","yoast_head_json":{"title":"[ Cooler Master ] &#129351; Mf500m-shnn-s00 Gabinete Master Frame 500 \/ Plata \/ Mini-itx \/ Mini-dtx \/ Micro-atx, \/ Atx \/ E-atx*\/ Ssi-ceb* (*soporte Condicional)","description":"Compra Mf500m-shnn-s00 Gabinete Master Frame 500 \/ Plata \/ Mini-itx \/ Mini-dtx \/ Micro-atx, \/ Atx \/ E-atx*\/ Ssi-ceb* (*soporte Condicional) + Env\u00edo a domicilio + Pago seguro + Garant\u00eda","robots":{"index":"index","follow":"follow","max-snippet":"max-snippet:-1","max-image-preview":"max-image-preview:large","max-video-preview":"max-video-preview:-1"},"canonical":"https:\/\/compuviper.mx\/tienda\/producto\/cooler-master-mf500m-shnn-s00-gabinete-master-frame-500-plata-mini-itx-mini-dtx-micro-atx-atx-e-atx-ssi-ceb-soporte-condicional\/","og_locale":"es_MX","og_type":"article","og_title":"[ Cooler Master ] &#129351; Mf500m-shnn-s00 Gabinete Master Frame 500 \/ Plata \/ Mini-itx \/ Mini-dtx \/ Micro-atx, \/ Atx \/ E-atx*\/ Ssi-ceb* (*soporte Condicional)","og_description":"Compra Mf500m-shnn-s00 Gabinete Master Frame 500 \/ Plata \/ Mini-itx \/ Mini-dtx \/ Micro-atx, \/ Atx \/ E-atx*\/ Ssi-ceb* (*soporte Condicional) + Env\u00edo a domicilio + Pago seguro + Garant\u00eda","og_url":"https:\/\/compuviper.mx\/tienda\/producto\/cooler-master-mf500m-shnn-s00-gabinete-master-frame-500-plata-mini-itx-mini-dtx-micro-atx-atx-e-atx-ssi-ceb-soporte-condicional\/","og_site_name":"Compuviper","article_publisher":"https:\/\/www.facebook.com\/compuviper","twitter_card":"summary_large_image","twitter_misc":{"Precio":"&#36;2,533 con IVA","Availability":"In stock"},"schema":{"@context":"https:\/\/schema.org","@graph":[{"@type":"WebPage","@id":"https:\/\/compuviper.mx\/tienda\/producto\/cooler-master-mf500m-shnn-s00-gabinete-master-frame-500-plata-mini-itx-mini-dtx-micro-atx-atx-e-atx-ssi-ceb-soporte-condicional\/","url":"https:\/\/compuviper.mx\/tienda\/producto\/cooler-master-mf500m-shnn-s00-gabinete-master-frame-500-plata-mini-itx-mini-dtx-micro-atx-atx-e-atx-ssi-ceb-soporte-condicional\/","name":"[ Cooler Master ] &#129351; Mf500m-shnn-s00 Gabinete Master Frame 500 \/ Plata \/ Mini-itx \/ Mini-dtx \/ Micro-atx, \/ Atx \/ E-atx*\/ Ssi-ceb* (*soporte Condicional)","isPartOf":{"@id":"https:\/\/compuviper.mx\/tienda\/#website"},"datePublished":"2026-04-16T06:11:32+00:00","dateModified":"2026-04-16T06:11:32+00:00","description":"Compra Mf500m-shnn-s00 Gabinete Master Frame 500 \/ Plata \/ Mini-itx \/ Mini-dtx \/ Micro-atx, \/ Atx \/ E-atx*\/ Ssi-ceb* (*soporte Condicional) + Env\u00edo a domicilio + Pago seguro + Garant\u00eda","breadcrumb":{"@id":"https:\/\/compuviper.mx\/tienda\/producto\/cooler-master-mf500m-shnn-s00-gabinete-master-frame-500-plata-mini-itx-mini-dtx-micro-atx-atx-e-atx-ssi-ceb-soporte-condicional\/#breadcrumb"},"inLanguage":"es-MX","potentialAction":[{"@type":"ReadAction","target":["https:\/\/compuviper.mx\/tienda\/producto\/cooler-master-mf500m-shnn-s00-gabinete-master-frame-500-plata-mini-itx-mini-dtx-micro-atx-atx-e-atx-ssi-ceb-soporte-condicional\/"]}]},{"@type":"BreadcrumbList","@id":"https:\/\/compuviper.mx\/tienda\/producto\/cooler-master-mf500m-shnn-s00-gabinete-master-frame-500-plata-mini-itx-mini-dtx-micro-atx-atx-e-atx-ssi-ceb-soporte-condicional\/#breadcrumb","itemListElement":[{"@type":"ListItem","position":1,"name":"Inicio","item":"https:\/\/compuviper.mx\/tienda\/"},{"@type":"ListItem","position":2,"name":"Productos","item":"https:\/\/compuviper.mx\/tienda\/productos\/"},{"@type":"ListItem","position":3,"name":"Gabinetes","item":"https:\/\/compuviper.mx\/tienda\/categoria-producto\/gabinetes\/"},{"@type":"ListItem","position":4,"name":"Media Torre","item":"https:\/\/compuviper.mx\/tienda\/categoria-producto\/gabinetes\/media-torre\/"},{"@type":"ListItem","position":5,"name":"Cooler Master Mf500m-shnn-s00 Gabinete Master Frame 500 \/ Plata \/ Mini-itx \/ Mini-dtx \/ Micro-atx, \/ Atx \/ E-atx*\/ Ssi-ceb* (*soporte Condicional)"}]},{"@type":"WebSite","@id":"https:\/\/compuviper.mx\/tienda\/#website","url":"https:\/\/compuviper.mx\/tienda\/","name":"Compuviper","description":"Proveedor de Computadoras, Laptops, Servidores, Monitores, Puntos de Venta, Teclados,   Impresoras, T\u00f3ner, C\u00e1maras de Seguridad y m\u00e1s en tu tienda en l\u00ednea","publisher":{"@id":"https:\/\/compuviper.mx\/tienda\/#organization"},"potentialAction":[{"@type":"SearchAction","target":{"@type":"EntryPoint","urlTemplate":"https:\/\/compuviper.mx\/tienda\/?s={search_term_string}"},"query-input":"required name=search_term_string"}],"inLanguage":"es-MX"},{"@type":"Organization","@id":"https:\/\/compuviper.mx\/tienda\/#organization","name":"Compuviper","url":"https:\/\/compuviper.mx\/tienda\/","logo":{"@type":"ImageObject","inLanguage":"es-MX","@id":"https:\/\/compuviper.mx\/tienda\/#\/schema\/logo\/image\/","url":"https:\/\/compuviper.mx\/tienda\/wp-content\/uploads\/2021\/08\/Logo-Compuviper-10.png","contentUrl":"https:\/\/compuviper.mx\/tienda\/wp-content\/uploads\/2021\/08\/Logo-Compuviper-10.png","width":1000,"height":500,"caption":"Compuviper"},"image":{"@id":"https:\/\/compuviper.mx\/tienda\/#\/schema\/logo\/image\/"},"sameAs":["https:\/\/www.facebook.com\/compuviper","https:\/\/www.youtube.com\/channel\/UCf73dERp9Y3cfOq7q8BhLjA?view_as=subscriber"]}]},"product_brand":"COOLER MASTER","product_price_amount":"2533","product_price_currency":"MXN","og_availability":"instock","product_availability":"instock","product_retailer_item_id":"MF500M-SHNN-S00","product_condition":"new"},"_links":{"self":[{"href":"https:\/\/compuviper.mx\/tienda\/wp-json\/wp\/v2\/product\/267530"}],"collection":[{"href":"https:\/\/compuviper.mx\/tienda\/wp-json\/wp\/v2\/product"}],"about":[{"href":"https:\/\/compuviper.mx\/tienda\/wp-json\/wp\/v2\/types\/product"}],"replies":[{"embeddable":true,"href":"https:\/\/compuviper.mx\/tienda\/wp-json\/wp\/v2\/comments?post=267530"}],"wp:attachment":[{"href":"https:\/\/compuviper.mx\/tienda\/wp-json\/wp\/v2\/media?parent=267530"}],"wp:term":[{"taxonomy":"product_cat","embeddable":true,"href":"https:\/\/compuviper.mx\/tienda\/wp-json\/wp\/v2\/product_cat?post=267530"},{"taxonomy":"product_tag","embeddable":true,"href":"https:\/\/compuviper.mx\/tienda\/wp-json\/wp\/v2\/product_tag?post=267530"}],"curies":[{"name":"wp","href":"https:\/\/api.w.org\/{rel}","templated":true}]}}