{"id":267529,"date":"2026-04-10T00:05:25","date_gmt":"2026-04-10T06:05:25","guid":{"rendered":"https:\/\/compuviper.mx\/tienda\/producto\/cooler-master-q540-mgnn-s00-gabinete-qube-540-modular-stardust-iron-itx-m-atx-atx-e-atx-hasta-280-mm\/"},"modified":"2026-04-10T00:05:25","modified_gmt":"2026-04-10T06:05:25","slug":"cooler-master-q540-mgnn-s00-gabinete-qube-540-modular-stardust-iron-itx-m-atx-atx-e-atx-hasta-280-mm","status":"publish","type":"product","link":"https:\/\/compuviper.mx\/tienda\/producto\/cooler-master-q540-mgnn-s00-gabinete-qube-540-modular-stardust-iron-itx-m-atx-atx-e-atx-hasta-280-mm\/","title":{"rendered":"Cooler Master Q540-mgnn-s00 Gabinete  Qube 540 \/ Modular \/ Stardust Iron \/ Itx \/ M-atx \/ Atx \/ *e-atx Hasta 280 Mm"},"content":{"rendered":"<table class=\"descripcion\">\n<tr>\n<td>Nombre del producto: qube 540<\/td>\n<\/tr>\n<tr>\n<td>Numero de modelo: hierro polvo estelar q540-mgnn-s00<\/td>\n<\/tr>\n<tr>\n<td>Color(es): hierro polvo estelar<\/td>\n<\/tr>\n<tr>\n<td>Materiales \u0096 exterior: acero<\/td>\n<\/tr>\n<tr>\n<td>Material &#8211; panel lateral (derecha): acero<\/td>\n<\/tr>\n<tr>\n<td>Material &#8211; panel lateral (izquierda): tg<\/td>\n<\/tr>\n<tr>\n<td>Dimensiones (l x anla x e): incluyendo protuberancias 438,5 x 225 x 492,1 mm<\/td>\n<\/tr>\n<tr>\n<td>Volumen (sin protuberancias): 40,64 l<\/td>\n<\/tr>\n<tr>\n<td>Volumen (con panel, protuberancias y pies):48,55 l<\/td>\n<\/tr>\n<tr>\n<td>Soporte para placas base: itx \/ m-atx \/ atx \/ *e-atx (*hasta 280 mm)<\/td>\n<\/tr>\n<tr>\n<td>Ranuras de expansion: 7<\/td>\n<\/tr>\n<tr>\n<td>Bahias de transmision &#8211; 5,25 odd: n\/a<\/td>\n<\/tr>\n<tr>\n<td>Bahias de unidad &#8211; hdd de 3,5: 1 (montaje compartido de 3,5 y 2,5 en el soporte de la fuente de alimentacion)<\/td>\n<\/tr>\n<tr>\n<td>Bahias de discos &#8211; ssd de 2,5: 2 (max. 5)<\/td>\n<\/tr>\n<tr>\n<td>Panel de e\/s &#8211; puertos usb: 2 x usb 3.2 gen 1 tipo a \/ 1 x usb 3.2 gen 2 x 2 tipo c<\/td>\n<\/tr>\n<tr>\n<td>Panel de e\/s &#8211; entrada \/ salida de audio: 1 x conector combo de microfono \/ audio 3.5<\/td>\n<\/tr>\n<tr>\n<td>Apoyo de los aficionados \u0096 frente: 3 x 120 mm (sin panel de e\/s) \/ 2 x 140 mm<\/td>\n<\/tr>\n<tr>\n<td>Apoyo de los fans \u0096 top: 3 x 120 mm (sin panel de e\/s) \/ 2 x 140 mm<\/td>\n<\/tr>\n<tr>\n<td>Apoyo de los aficionados &#8211; parte trasera: 1x 120mm<\/td>\n<\/tr>\n<tr>\n<td>Apoyo de los aficionados \u0096 abajo: 3 x 120 mm \/ 2 x 140 mm<\/td>\n<\/tr>\n<tr>\n<td>Ventilador(es) preinstalado(s) &#8211; frontal: n\/a<\/td>\n<\/tr>\n<tr>\n<td>Ventilador(es) preinstalado(s) &#8211; arriba: n\/a<\/td>\n<\/tr>\n<tr>\n<td>Ventiladores preinstalados \u0096 trasero: 1x ventilador negro de 120mm<\/td>\n<\/tr>\n<tr>\n<td>Soporte del radiador \u0096 delantero: 140 \/ 280 \/ 360 mm (sin panel de e\/s)<\/td>\n<\/tr>\n<tr>\n<td>Soporte del radiador \u0096 arriba: 140 \/ 280 \/ 360 mm (sin panel de e\/s)<\/td>\n<\/tr>\n<tr>\n<td>Soporte del radiador \u0096 trasero: 120 mm<\/td>\n<\/tr>\n<tr>\n<td>Soporte del radiador &#8211; parte inferior: 140 \/ 280 \/ 360mm (sin panel de e\/s)<\/td>\n<\/tr>\n<tr>\n<td>Espacios &#8211; disipador de cpu: 172 mm<\/td>\n<\/tr>\n<tr>\n<td>Espacios libres &#8211; fuente de alimentacion: 200 mm<\/td>\n<\/tr>\n<tr>\n<td>Espacios libres &#8211; tarjeta grafica: 415 mm (sin ventilador frontal)<\/td>\n<\/tr>\n<tr>\n<td>Enrutamiento de cables &#8211; detras de la bandeja de la placa base: 27 mm<\/td>\n<\/tr>\n<tr>\n<td>Filtros de polvo: arriba \/ abajo \/ delantera<\/td>\n<\/tr>\n<tr>\n<td>Soporte de suministro electrico: atx \/ sfx<\/td>\n<\/tr>\n<tr>\n<td>Garantia: 2 a\u00f1os<\/td>\n<\/tr>\n<tr>\n<td>Serie: serie qube<\/td>\n<\/tr>\n<tr>\n<td>Tama\u00f1o: torre intermedia<\/td>\n<\/tr>\n<\/table>\n","protected":false},"excerpt":{"rendered":"<p>Caja compacta, creatividad ilimitada. Qube 540. Dise\u00f1ado para creadores, jugadores y creadores diy. Perfecto para apartamentos peque\u00f1os, habitaciones de residencia y creadores en movimiento, el qube 540 se adapta tanto a tu vida como a tu pc. Compacto pero capaz. Tama\u00f1o peque\u00f1o, gran rendimiento. El qube 540 soporta gpus de hasta 415 mm, refrigeradores liquidos de 360 mm y componentes de alta gama. Dise\u00f1o de orientacion flexible. Vertical u horizontal, el qube 540 se adapta a tu espacio y estilo. Encaja perfectamente donde la coloques. Crea tu propio dise\u00f1o. Un interior modular dise\u00f1ado para la creatividad infinita, desde sistemas de refrigeraci\u00f3n liquida hasta estaciones de trabajo compactas. Personalizalo a tu manera. Panel de e\/s reposicionable y manillas m\u00f3viles. Monta el panel de entrada\/salida y los mangos en la parte superior, inferior, izquierda o derecha para mantener los puertos y agarres donde los necesites. Distribucion modular versatil. Caso oce, innumerables posibilidades. Redefine tu construccion en cualquier momento con componentes intercambiables y distribuciones flexibles.<\/p>\n","protected":false},"featured_media":0,"comment_status":"open","ping_status":"open","template":"","meta":[],"product_cat":[1674,1676],"product_tag":[1615],"acf":[],"yoast_head":"<!-- This site is optimized with the Yoast SEO plugin v21.7 - https:\/\/yoast.com\/wordpress\/plugins\/seo\/ -->\n<title>[ Cooler Master ] &#129351; Q540-mgnn-s00 Gabinete Qube 540 \/ Modular \/ Stardust Iron \/ Itx \/ M-atx \/ Atx \/ *e-atx Hasta 280 Mm<\/title>\n<meta name=\"description\" content=\"Compra Q540-mgnn-s00 Gabinete Qube 540 \/ Modular \/ Stardust Iron \/ Itx \/ M-atx \/ Atx \/ *e-atx Hasta 280 Mm + Env\u00edo a domicilio + Pago seguro + Garant\u00eda\" \/>\n<meta name=\"robots\" content=\"index, follow, max-snippet:-1, max-image-preview:large, max-video-preview:-1\" \/>\n<link rel=\"canonical\" href=\"https:\/\/compuviper.mx\/tienda\/producto\/cooler-master-q540-mgnn-s00-gabinete-qube-540-modular-stardust-iron-itx-m-atx-atx-e-atx-hasta-280-mm\/\" \/>\n<meta property=\"og:locale\" content=\"es_MX\" \/>\n<meta property=\"og:type\" content=\"article\" \/>\n<meta property=\"og:title\" content=\"[ Cooler Master ] &#129351; Q540-mgnn-s00 Gabinete Qube 540 \/ Modular \/ Stardust Iron \/ Itx \/ M-atx \/ Atx \/ *e-atx Hasta 280 Mm\" \/>\n<meta property=\"og:description\" content=\"Compra Q540-mgnn-s00 Gabinete Qube 540 \/ Modular \/ Stardust Iron \/ Itx \/ M-atx \/ Atx \/ *e-atx Hasta 280 Mm + Env\u00edo a domicilio + Pago seguro + Garant\u00eda\" \/>\n<meta property=\"og:url\" content=\"https:\/\/compuviper.mx\/tienda\/producto\/cooler-master-q540-mgnn-s00-gabinete-qube-540-modular-stardust-iron-itx-m-atx-atx-e-atx-hasta-280-mm\/\" \/>\n<meta property=\"og:site_name\" content=\"Compuviper\" \/>\n<meta property=\"article:publisher\" content=\"https:\/\/www.facebook.com\/compuviper\" \/>\n<meta name=\"twitter:card\" content=\"summary_large_image\" \/>\n<meta name=\"twitter:label1\" content=\"Precio\" \/>\n\t<meta name=\"twitter:data1\" content=\"&#36;964 con IVA\" \/>\n\t<meta name=\"twitter:label2\" content=\"Availability\" \/>\n\t<meta name=\"twitter:data2\" content=\"In stock\" \/>\n<script type=\"application\/ld+json\" class=\"yoast-schema-graph\">{\"@context\":\"https:\/\/schema.org\",\"@graph\":[{\"@type\":\"WebPage\",\"@id\":\"https:\/\/compuviper.mx\/tienda\/producto\/cooler-master-q540-mgnn-s00-gabinete-qube-540-modular-stardust-iron-itx-m-atx-atx-e-atx-hasta-280-mm\/\",\"url\":\"https:\/\/compuviper.mx\/tienda\/producto\/cooler-master-q540-mgnn-s00-gabinete-qube-540-modular-stardust-iron-itx-m-atx-atx-e-atx-hasta-280-mm\/\",\"name\":\"[ Cooler Master ] &#129351; Q540-mgnn-s00 Gabinete Qube 540 \/ Modular \/ Stardust Iron \/ Itx \/ M-atx \/ Atx \/ *e-atx Hasta 280 Mm\",\"isPartOf\":{\"@id\":\"https:\/\/compuviper.mx\/tienda\/#website\"},\"datePublished\":\"2026-04-10T06:05:25+00:00\",\"dateModified\":\"2026-04-10T06:05:25+00:00\",\"description\":\"Compra Q540-mgnn-s00 Gabinete Qube 540 \/ Modular \/ Stardust Iron \/ Itx \/ M-atx \/ Atx \/ *e-atx Hasta 280 Mm + Env\u00edo a domicilio + Pago seguro + Garant\u00eda\",\"breadcrumb\":{\"@id\":\"https:\/\/compuviper.mx\/tienda\/producto\/cooler-master-q540-mgnn-s00-gabinete-qube-540-modular-stardust-iron-itx-m-atx-atx-e-atx-hasta-280-mm\/#breadcrumb\"},\"inLanguage\":\"es-MX\",\"potentialAction\":[{\"@type\":\"ReadAction\",\"target\":[\"https:\/\/compuviper.mx\/tienda\/producto\/cooler-master-q540-mgnn-s00-gabinete-qube-540-modular-stardust-iron-itx-m-atx-atx-e-atx-hasta-280-mm\/\"]}]},{\"@type\":\"BreadcrumbList\",\"@id\":\"https:\/\/compuviper.mx\/tienda\/producto\/cooler-master-q540-mgnn-s00-gabinete-qube-540-modular-stardust-iron-itx-m-atx-atx-e-atx-hasta-280-mm\/#breadcrumb\",\"itemListElement\":[{\"@type\":\"ListItem\",\"position\":1,\"name\":\"Inicio\",\"item\":\"https:\/\/compuviper.mx\/tienda\/\"},{\"@type\":\"ListItem\",\"position\":2,\"name\":\"Productos\",\"item\":\"https:\/\/compuviper.mx\/tienda\/productos\/\"},{\"@type\":\"ListItem\",\"position\":3,\"name\":\"Gabinetes\",\"item\":\"https:\/\/compuviper.mx\/tienda\/categoria-producto\/gabinetes\/\"},{\"@type\":\"ListItem\",\"position\":4,\"name\":\"Media Torre\",\"item\":\"https:\/\/compuviper.mx\/tienda\/categoria-producto\/gabinetes\/media-torre\/\"},{\"@type\":\"ListItem\",\"position\":5,\"name\":\"Cooler Master Q540-mgnn-s00 Gabinete Qube 540 \/ Modular \/ Stardust Iron \/ Itx \/ M-atx \/ Atx \/ *e-atx Hasta 280 Mm\"}]},{\"@type\":\"WebSite\",\"@id\":\"https:\/\/compuviper.mx\/tienda\/#website\",\"url\":\"https:\/\/compuviper.mx\/tienda\/\",\"name\":\"Compuviper\",\"description\":\"Proveedor de Computadoras, Laptops, Servidores, Monitores, Puntos de Venta, Teclados,   Impresoras, T\u00f3ner, C\u00e1maras de Seguridad y m\u00e1s en tu tienda en l\u00ednea\",\"publisher\":{\"@id\":\"https:\/\/compuviper.mx\/tienda\/#organization\"},\"potentialAction\":[{\"@type\":\"SearchAction\",\"target\":{\"@type\":\"EntryPoint\",\"urlTemplate\":\"https:\/\/compuviper.mx\/tienda\/?s={search_term_string}\"},\"query-input\":\"required name=search_term_string\"}],\"inLanguage\":\"es-MX\"},{\"@type\":\"Organization\",\"@id\":\"https:\/\/compuviper.mx\/tienda\/#organization\",\"name\":\"Compuviper\",\"url\":\"https:\/\/compuviper.mx\/tienda\/\",\"logo\":{\"@type\":\"ImageObject\",\"inLanguage\":\"es-MX\",\"@id\":\"https:\/\/compuviper.mx\/tienda\/#\/schema\/logo\/image\/\",\"url\":\"https:\/\/compuviper.mx\/tienda\/wp-content\/uploads\/2021\/08\/Logo-Compuviper-10.png\",\"contentUrl\":\"https:\/\/compuviper.mx\/tienda\/wp-content\/uploads\/2021\/08\/Logo-Compuviper-10.png\",\"width\":1000,\"height\":500,\"caption\":\"Compuviper\"},\"image\":{\"@id\":\"https:\/\/compuviper.mx\/tienda\/#\/schema\/logo\/image\/\"},\"sameAs\":[\"https:\/\/www.facebook.com\/compuviper\",\"https:\/\/www.youtube.com\/channel\/UCf73dERp9Y3cfOq7q8BhLjA?view_as=subscriber\"]}]}<\/script>\n<meta property=\"product:brand\" content=\"COOLER MASTER\" \/>\n<meta property=\"product:price:amount\" content=\"964\" \/>\n<meta property=\"product:price:currency\" content=\"MXN\" \/>\n<meta property=\"og:availability\" content=\"instock\" \/>\n<meta property=\"product:availability\" content=\"instock\" \/>\n<meta property=\"product:retailer_item_id\" content=\"Q540-MGNN-S00\" \/>\n<meta property=\"product:condition\" content=\"new\" \/>\n<!-- \/ Yoast SEO plugin. -->","yoast_head_json":{"title":"[ Cooler Master ] &#129351; Q540-mgnn-s00 Gabinete Qube 540 \/ Modular \/ Stardust Iron \/ Itx \/ M-atx \/ Atx \/ *e-atx Hasta 280 Mm","description":"Compra Q540-mgnn-s00 Gabinete Qube 540 \/ Modular \/ Stardust Iron \/ Itx \/ M-atx \/ Atx \/ *e-atx Hasta 280 Mm + Env\u00edo a domicilio + Pago seguro + Garant\u00eda","robots":{"index":"index","follow":"follow","max-snippet":"max-snippet:-1","max-image-preview":"max-image-preview:large","max-video-preview":"max-video-preview:-1"},"canonical":"https:\/\/compuviper.mx\/tienda\/producto\/cooler-master-q540-mgnn-s00-gabinete-qube-540-modular-stardust-iron-itx-m-atx-atx-e-atx-hasta-280-mm\/","og_locale":"es_MX","og_type":"article","og_title":"[ Cooler Master ] &#129351; Q540-mgnn-s00 Gabinete Qube 540 \/ Modular \/ Stardust Iron \/ Itx \/ M-atx \/ Atx \/ *e-atx Hasta 280 Mm","og_description":"Compra Q540-mgnn-s00 Gabinete Qube 540 \/ Modular \/ Stardust Iron \/ Itx \/ M-atx \/ Atx \/ *e-atx Hasta 280 Mm + Env\u00edo a domicilio + Pago seguro + Garant\u00eda","og_url":"https:\/\/compuviper.mx\/tienda\/producto\/cooler-master-q540-mgnn-s00-gabinete-qube-540-modular-stardust-iron-itx-m-atx-atx-e-atx-hasta-280-mm\/","og_site_name":"Compuviper","article_publisher":"https:\/\/www.facebook.com\/compuviper","twitter_card":"summary_large_image","twitter_misc":{"Precio":"&#36;964 con IVA","Availability":"In stock"},"schema":{"@context":"https:\/\/schema.org","@graph":[{"@type":"WebPage","@id":"https:\/\/compuviper.mx\/tienda\/producto\/cooler-master-q540-mgnn-s00-gabinete-qube-540-modular-stardust-iron-itx-m-atx-atx-e-atx-hasta-280-mm\/","url":"https:\/\/compuviper.mx\/tienda\/producto\/cooler-master-q540-mgnn-s00-gabinete-qube-540-modular-stardust-iron-itx-m-atx-atx-e-atx-hasta-280-mm\/","name":"[ Cooler Master ] &#129351; Q540-mgnn-s00 Gabinete Qube 540 \/ Modular \/ Stardust Iron \/ Itx \/ M-atx \/ Atx \/ *e-atx Hasta 280 Mm","isPartOf":{"@id":"https:\/\/compuviper.mx\/tienda\/#website"},"datePublished":"2026-04-10T06:05:25+00:00","dateModified":"2026-04-10T06:05:25+00:00","description":"Compra Q540-mgnn-s00 Gabinete Qube 540 \/ Modular \/ Stardust Iron \/ Itx \/ M-atx \/ Atx \/ *e-atx Hasta 280 Mm + Env\u00edo a domicilio + Pago seguro + Garant\u00eda","breadcrumb":{"@id":"https:\/\/compuviper.mx\/tienda\/producto\/cooler-master-q540-mgnn-s00-gabinete-qube-540-modular-stardust-iron-itx-m-atx-atx-e-atx-hasta-280-mm\/#breadcrumb"},"inLanguage":"es-MX","potentialAction":[{"@type":"ReadAction","target":["https:\/\/compuviper.mx\/tienda\/producto\/cooler-master-q540-mgnn-s00-gabinete-qube-540-modular-stardust-iron-itx-m-atx-atx-e-atx-hasta-280-mm\/"]}]},{"@type":"BreadcrumbList","@id":"https:\/\/compuviper.mx\/tienda\/producto\/cooler-master-q540-mgnn-s00-gabinete-qube-540-modular-stardust-iron-itx-m-atx-atx-e-atx-hasta-280-mm\/#breadcrumb","itemListElement":[{"@type":"ListItem","position":1,"name":"Inicio","item":"https:\/\/compuviper.mx\/tienda\/"},{"@type":"ListItem","position":2,"name":"Productos","item":"https:\/\/compuviper.mx\/tienda\/productos\/"},{"@type":"ListItem","position":3,"name":"Gabinetes","item":"https:\/\/compuviper.mx\/tienda\/categoria-producto\/gabinetes\/"},{"@type":"ListItem","position":4,"name":"Media Torre","item":"https:\/\/compuviper.mx\/tienda\/categoria-producto\/gabinetes\/media-torre\/"},{"@type":"ListItem","position":5,"name":"Cooler Master Q540-mgnn-s00 Gabinete Qube 540 \/ Modular \/ Stardust Iron \/ Itx \/ M-atx \/ Atx \/ *e-atx Hasta 280 Mm"}]},{"@type":"WebSite","@id":"https:\/\/compuviper.mx\/tienda\/#website","url":"https:\/\/compuviper.mx\/tienda\/","name":"Compuviper","description":"Proveedor de Computadoras, Laptops, Servidores, Monitores, Puntos de Venta, Teclados,   Impresoras, T\u00f3ner, C\u00e1maras de Seguridad y m\u00e1s en tu tienda en l\u00ednea","publisher":{"@id":"https:\/\/compuviper.mx\/tienda\/#organization"},"potentialAction":[{"@type":"SearchAction","target":{"@type":"EntryPoint","urlTemplate":"https:\/\/compuviper.mx\/tienda\/?s={search_term_string}"},"query-input":"required name=search_term_string"}],"inLanguage":"es-MX"},{"@type":"Organization","@id":"https:\/\/compuviper.mx\/tienda\/#organization","name":"Compuviper","url":"https:\/\/compuviper.mx\/tienda\/","logo":{"@type":"ImageObject","inLanguage":"es-MX","@id":"https:\/\/compuviper.mx\/tienda\/#\/schema\/logo\/image\/","url":"https:\/\/compuviper.mx\/tienda\/wp-content\/uploads\/2021\/08\/Logo-Compuviper-10.png","contentUrl":"https:\/\/compuviper.mx\/tienda\/wp-content\/uploads\/2021\/08\/Logo-Compuviper-10.png","width":1000,"height":500,"caption":"Compuviper"},"image":{"@id":"https:\/\/compuviper.mx\/tienda\/#\/schema\/logo\/image\/"},"sameAs":["https:\/\/www.facebook.com\/compuviper","https:\/\/www.youtube.com\/channel\/UCf73dERp9Y3cfOq7q8BhLjA?view_as=subscriber"]}]},"product_brand":"COOLER MASTER","product_price_amount":"964","product_price_currency":"MXN","og_availability":"instock","product_availability":"instock","product_retailer_item_id":"Q540-MGNN-S00","product_condition":"new"},"_links":{"self":[{"href":"https:\/\/compuviper.mx\/tienda\/wp-json\/wp\/v2\/product\/267529"}],"collection":[{"href":"https:\/\/compuviper.mx\/tienda\/wp-json\/wp\/v2\/product"}],"about":[{"href":"https:\/\/compuviper.mx\/tienda\/wp-json\/wp\/v2\/types\/product"}],"replies":[{"embeddable":true,"href":"https:\/\/compuviper.mx\/tienda\/wp-json\/wp\/v2\/comments?post=267529"}],"wp:attachment":[{"href":"https:\/\/compuviper.mx\/tienda\/wp-json\/wp\/v2\/media?parent=267529"}],"wp:term":[{"taxonomy":"product_cat","embeddable":true,"href":"https:\/\/compuviper.mx\/tienda\/wp-json\/wp\/v2\/product_cat?post=267529"},{"taxonomy":"product_tag","embeddable":true,"href":"https:\/\/compuviper.mx\/tienda\/wp-json\/wp\/v2\/product_tag?post=267529"}],"curies":[{"name":"wp","href":"https:\/\/api.w.org\/{rel}","templated":true}]}}