{"id":267518,"date":"2026-04-02T00:07:29","date_gmt":"2026-04-02T06:07:29","guid":{"rendered":"https:\/\/compuviper.mx\/tienda\/producto\/cooler-master-mpz-b002-afap-bus-fuente-de-poder-1100w-v-platinum-v2-atx-12v-modular-gamer\/"},"modified":"2026-04-03T00:00:05","modified_gmt":"2026-04-03T06:00:05","slug":"cooler-master-mpz-b002-afap-bus-fuente-de-poder-1100w-v-platinum-v2-atx-12v-modular-gamer","status":"publish","type":"product","link":"https:\/\/compuviper.mx\/tienda\/producto\/cooler-master-mpz-b002-afap-bus-fuente-de-poder-1100w-v-platinum-v2-atx-12v-modular-gamer\/","title":{"rendered":"Cooler Master Mpz-b002-afap-bus Fuente De Poder  1100w V Platinum  V2 \/ Atx 12v \/ Modular \/gamer"},"content":{"rendered":"<table class=\"descripcion\">\n<tr>\n<td>Modelo: mpz-b002-afap-bus<\/td>\n<\/tr>\n<tr>\n<td>Version atx: atx 12v ver. 3.1<\/td>\n<\/tr>\n<tr>\n<td>Pfc: pfc activo<\/td>\n<\/tr>\n<tr>\n<td>Tension de entrada: 100-240v<\/td>\n<\/tr>\n<tr>\n<td>Corriente de entrada: 13-7a<\/td>\n<\/tr>\n<tr>\n<td>Frecuencia de entrada: 50-60hz<\/td>\n<\/tr>\n<tr>\n<td>Dimensiones (l x anla x e): 160 x 150 x 86 mm<\/td>\n<\/tr>\n<tr>\n<td>Tama\u00f1o del abanico: 135mm<\/td>\n<\/tr>\n<tr>\n<td>Rodamiento del ventilador: ldb<\/td>\n<\/tr>\n<tr>\n<td>Velocidad del ventilador: 2400\u00b110% rpm<\/td>\n<\/tr>\n<tr>\n<td>Eficiencia:  and #8805; 92% @ carga tipica<\/td>\n<\/tr>\n<tr>\n<td>Calificacion plus 80: 80 plus platino<\/td>\n<\/tr>\n<tr>\n<td>Erp 2014 lote 3: si<\/td>\n<\/tr>\n<tr>\n<td>Temperatura de funcionamiento: 0-50\u00b0c<\/td>\n<\/tr>\n<tr>\n<td>Alimentacion buena se\u00f1al: 100 &#8211; 150 ms<\/td>\n<\/tr>\n<tr>\n<td>Hora de esperar:  and #8805; 16 ms<\/td>\n<\/tr>\n<tr>\n<td>Mtbf:  100.000 horas<\/td>\n<\/tr>\n<tr>\n<td>Protecciones: opp\/ ovp\/ otp\/ ocp\/ scp\/ uvp\/ protecci\u00f3n contra sobretensiones y entrada<\/td>\n<\/tr>\n<tr>\n<td>Regulacion: ctuvus, tuv, ce, fcc, bsmi, ccc, eac, rcm, ukca, rohs2.0 \/ bis, kc (seg\u00fan las solicitudes de la regi\u00f3n).<\/td>\n<\/tr>\n<tr>\n<td>Conectores atx de 24 pines: 1<\/td>\n<\/tr>\n<tr>\n<td>Conectores eps de 4+4 pines: 1<\/td>\n<\/tr>\n<tr>\n<td>Conector eps de 8 pines: 1<\/td>\n<\/tr>\n<tr>\n<td>Conectores sata: 16<\/td>\n<\/tr>\n<tr>\n<td>Conectores perif\u00e9ricos de 4 pines: 4<\/td>\n<\/tr>\n<tr>\n<td>Conectores pci-e de 6+2 pines: 5<\/td>\n<\/tr>\n<tr>\n<td>Conectores 12v-2&#215;6: 1<\/td>\n<\/tr>\n<tr>\n<td>Serie: serie v platino<\/td>\n<\/tr>\n<tr>\n<td>80 plus eficiencia: platino<\/td>\n<\/tr>\n<tr>\n<td>Modular: totalmente modular<\/td>\n<\/tr>\n<tr>\n<td>Categoria: por encima de 750w<\/td>\n<\/tr>\n<tr>\n<td>Factor de forma: atx<\/td>\n<\/tr>\n<tr>\n<td>Watts: 1100w<\/td>\n<\/tr>\n<\/table>\n","protected":false},"excerpt":{"rendered":"<p>Silenciosamente supremo. V platinum 1100 v2. Presentamos el v platinum v2, que cuenta con un ventilador mobius ultra silencioso, eficiencia 80 plus platinum y soporte atx 3.1 con un cable duradero de 12v-2&#215;6. El v platinum v2 ofrece un funcionamiento silencioso, con un ventilador mobius ultra silencioso, un disipador protector de recubrimiento conforme, control termico inteligente, modo ventilador a cero rpm, cableado totalmente modular y eficiencia 80 plus platinum, respaldados por una garantia de 12 a\u00f1os. El ventilador mobius mejora el rendimiento termico y una vida util mas larga. Un ventilador mobius ultra-silencioso con reflujo de aceite de alto rendimiento (reflujo de aceite), un innovador dise\u00f1o de aspas anulares y salidas de aire a presion acelerada proporcionan niveles de ruido mejorados y un rendimiento termico avanzado. Disipacion avanzada de calor. El disipador de calor recubierto de color anodico purpura con corte en bisel baja las temperaturas medias en comparacion con los disipadores tradicionales. Los cortes biselado extraen la fuente de calor de forma mas eficaz y, tras concentrar el campo de flujo, benefician la disipacion de calor<\/p>\n","protected":false},"featured_media":0,"comment_status":"open","ping_status":"open","template":"","meta":[],"product_cat":[1508,1672],"product_tag":[1615],"acf":[],"yoast_head":"<!-- This site is optimized with the Yoast SEO plugin v21.7 - https:\/\/yoast.com\/wordpress\/plugins\/seo\/ -->\n<title>[ Cooler Master ] &#129351; Mpz-b002-afap-bus Fuente De Poder 1100w V Platinum V2 \/ Atx 12v \/ Modular \/gamer<\/title>\n<meta name=\"description\" content=\"Compra Mpz-b002-afap-bus Fuente De Poder 1100w V Platinum V2 \/ Atx 12v \/ Modular \/gamer + Env\u00edo a domicilio + Pago seguro + Garant\u00eda\" \/>\n<meta name=\"robots\" content=\"index, follow, max-snippet:-1, max-image-preview:large, max-video-preview:-1\" \/>\n<link rel=\"canonical\" href=\"https:\/\/compuviper.mx\/tienda\/producto\/cooler-master-mpz-b002-afap-bus-fuente-de-poder-1100w-v-platinum-v2-atx-12v-modular-gamer\/\" \/>\n<meta property=\"og:locale\" content=\"es_MX\" \/>\n<meta property=\"og:type\" content=\"article\" \/>\n<meta property=\"og:title\" content=\"[ Cooler Master ] &#129351; Mpz-b002-afap-bus Fuente De Poder 1100w V Platinum V2 \/ Atx 12v \/ Modular \/gamer\" \/>\n<meta property=\"og:description\" content=\"Compra Mpz-b002-afap-bus Fuente De Poder 1100w V Platinum V2 \/ Atx 12v \/ Modular \/gamer + Env\u00edo a domicilio + Pago seguro + Garant\u00eda\" \/>\n<meta property=\"og:url\" content=\"https:\/\/compuviper.mx\/tienda\/producto\/cooler-master-mpz-b002-afap-bus-fuente-de-poder-1100w-v-platinum-v2-atx-12v-modular-gamer\/\" \/>\n<meta property=\"og:site_name\" content=\"Compuviper\" \/>\n<meta property=\"article:publisher\" content=\"https:\/\/www.facebook.com\/compuviper\" \/>\n<meta property=\"article:modified_time\" content=\"2026-04-03T06:00:05+00:00\" \/>\n<meta name=\"twitter:card\" content=\"summary_large_image\" \/>\n<meta name=\"twitter:label1\" content=\"Precio\" \/>\n\t<meta name=\"twitter:data1\" content=\"&#36;3,558 con IVA\" \/>\n\t<meta name=\"twitter:label2\" content=\"Availability\" \/>\n\t<meta name=\"twitter:data2\" content=\"In stock\" \/>\n<script type=\"application\/ld+json\" class=\"yoast-schema-graph\">{\"@context\":\"https:\/\/schema.org\",\"@graph\":[{\"@type\":\"WebPage\",\"@id\":\"https:\/\/compuviper.mx\/tienda\/producto\/cooler-master-mpz-b002-afap-bus-fuente-de-poder-1100w-v-platinum-v2-atx-12v-modular-gamer\/\",\"url\":\"https:\/\/compuviper.mx\/tienda\/producto\/cooler-master-mpz-b002-afap-bus-fuente-de-poder-1100w-v-platinum-v2-atx-12v-modular-gamer\/\",\"name\":\"[ Cooler Master ] &#129351; Mpz-b002-afap-bus Fuente De Poder 1100w V Platinum V2 \/ Atx 12v \/ Modular \/gamer\",\"isPartOf\":{\"@id\":\"https:\/\/compuviper.mx\/tienda\/#website\"},\"datePublished\":\"2026-04-02T06:07:29+00:00\",\"dateModified\":\"2026-04-03T06:00:05+00:00\",\"description\":\"Compra Mpz-b002-afap-bus Fuente De Poder 1100w V Platinum V2 \/ Atx 12v \/ Modular \/gamer + Env\u00edo a domicilio + Pago seguro + Garant\u00eda\",\"breadcrumb\":{\"@id\":\"https:\/\/compuviper.mx\/tienda\/producto\/cooler-master-mpz-b002-afap-bus-fuente-de-poder-1100w-v-platinum-v2-atx-12v-modular-gamer\/#breadcrumb\"},\"inLanguage\":\"es-MX\",\"potentialAction\":[{\"@type\":\"ReadAction\",\"target\":[\"https:\/\/compuviper.mx\/tienda\/producto\/cooler-master-mpz-b002-afap-bus-fuente-de-poder-1100w-v-platinum-v2-atx-12v-modular-gamer\/\"]}]},{\"@type\":\"BreadcrumbList\",\"@id\":\"https:\/\/compuviper.mx\/tienda\/producto\/cooler-master-mpz-b002-afap-bus-fuente-de-poder-1100w-v-platinum-v2-atx-12v-modular-gamer\/#breadcrumb\",\"itemListElement\":[{\"@type\":\"ListItem\",\"position\":1,\"name\":\"Inicio\",\"item\":\"https:\/\/compuviper.mx\/tienda\/\"},{\"@type\":\"ListItem\",\"position\":2,\"name\":\"Productos\",\"item\":\"https:\/\/compuviper.mx\/tienda\/productos\/\"},{\"@type\":\"ListItem\",\"position\":3,\"name\":\"Energia\",\"item\":\"https:\/\/compuviper.mx\/tienda\/categoria-producto\/energia\/\"},{\"@type\":\"ListItem\",\"position\":4,\"name\":\"Fuentes De Poder\",\"item\":\"https:\/\/compuviper.mx\/tienda\/categoria-producto\/energia\/fuentes-de-poder\/\"},{\"@type\":\"ListItem\",\"position\":5,\"name\":\"Cooler Master Mpz-b002-afap-bus Fuente De Poder 1100w V Platinum V2 \/ Atx 12v \/ Modular \/gamer\"}]},{\"@type\":\"WebSite\",\"@id\":\"https:\/\/compuviper.mx\/tienda\/#website\",\"url\":\"https:\/\/compuviper.mx\/tienda\/\",\"name\":\"Compuviper\",\"description\":\"Proveedor de Computadoras, Laptops, Servidores, Monitores, Puntos de Venta, Teclados,   Impresoras, T\u00f3ner, C\u00e1maras de Seguridad y m\u00e1s en tu tienda en l\u00ednea\",\"publisher\":{\"@id\":\"https:\/\/compuviper.mx\/tienda\/#organization\"},\"potentialAction\":[{\"@type\":\"SearchAction\",\"target\":{\"@type\":\"EntryPoint\",\"urlTemplate\":\"https:\/\/compuviper.mx\/tienda\/?s={search_term_string}\"},\"query-input\":\"required name=search_term_string\"}],\"inLanguage\":\"es-MX\"},{\"@type\":\"Organization\",\"@id\":\"https:\/\/compuviper.mx\/tienda\/#organization\",\"name\":\"Compuviper\",\"url\":\"https:\/\/compuviper.mx\/tienda\/\",\"logo\":{\"@type\":\"ImageObject\",\"inLanguage\":\"es-MX\",\"@id\":\"https:\/\/compuviper.mx\/tienda\/#\/schema\/logo\/image\/\",\"url\":\"https:\/\/compuviper.mx\/tienda\/wp-content\/uploads\/2021\/08\/Logo-Compuviper-10.png\",\"contentUrl\":\"https:\/\/compuviper.mx\/tienda\/wp-content\/uploads\/2021\/08\/Logo-Compuviper-10.png\",\"width\":1000,\"height\":500,\"caption\":\"Compuviper\"},\"image\":{\"@id\":\"https:\/\/compuviper.mx\/tienda\/#\/schema\/logo\/image\/\"},\"sameAs\":[\"https:\/\/www.facebook.com\/compuviper\",\"https:\/\/www.youtube.com\/channel\/UCf73dERp9Y3cfOq7q8BhLjA?view_as=subscriber\"]}]}<\/script>\n<meta property=\"product:brand\" content=\"COOLER MASTER\" \/>\n<meta property=\"product:price:amount\" content=\"3558\" \/>\n<meta property=\"product:price:currency\" content=\"MXN\" \/>\n<meta property=\"og:availability\" content=\"instock\" \/>\n<meta property=\"product:availability\" content=\"instock\" \/>\n<meta property=\"product:retailer_item_id\" content=\"MPZ-B002-AFAP-BUS\" \/>\n<meta property=\"product:condition\" content=\"new\" \/>\n<!-- \/ Yoast SEO plugin. -->","yoast_head_json":{"title":"[ Cooler Master ] &#129351; Mpz-b002-afap-bus Fuente De Poder 1100w V Platinum V2 \/ Atx 12v \/ Modular \/gamer","description":"Compra Mpz-b002-afap-bus Fuente De Poder 1100w V Platinum V2 \/ Atx 12v \/ Modular \/gamer + Env\u00edo a domicilio + Pago seguro + Garant\u00eda","robots":{"index":"index","follow":"follow","max-snippet":"max-snippet:-1","max-image-preview":"max-image-preview:large","max-video-preview":"max-video-preview:-1"},"canonical":"https:\/\/compuviper.mx\/tienda\/producto\/cooler-master-mpz-b002-afap-bus-fuente-de-poder-1100w-v-platinum-v2-atx-12v-modular-gamer\/","og_locale":"es_MX","og_type":"article","og_title":"[ Cooler Master ] &#129351; Mpz-b002-afap-bus Fuente De Poder 1100w V Platinum V2 \/ Atx 12v \/ Modular \/gamer","og_description":"Compra Mpz-b002-afap-bus Fuente De Poder 1100w V Platinum V2 \/ Atx 12v \/ Modular \/gamer + Env\u00edo a domicilio + Pago seguro + Garant\u00eda","og_url":"https:\/\/compuviper.mx\/tienda\/producto\/cooler-master-mpz-b002-afap-bus-fuente-de-poder-1100w-v-platinum-v2-atx-12v-modular-gamer\/","og_site_name":"Compuviper","article_publisher":"https:\/\/www.facebook.com\/compuviper","article_modified_time":"2026-04-03T06:00:05+00:00","twitter_card":"summary_large_image","twitter_misc":{"Precio":"&#36;3,558 con IVA","Availability":"In stock"},"schema":{"@context":"https:\/\/schema.org","@graph":[{"@type":"WebPage","@id":"https:\/\/compuviper.mx\/tienda\/producto\/cooler-master-mpz-b002-afap-bus-fuente-de-poder-1100w-v-platinum-v2-atx-12v-modular-gamer\/","url":"https:\/\/compuviper.mx\/tienda\/producto\/cooler-master-mpz-b002-afap-bus-fuente-de-poder-1100w-v-platinum-v2-atx-12v-modular-gamer\/","name":"[ Cooler Master ] &#129351; Mpz-b002-afap-bus Fuente De Poder 1100w V Platinum V2 \/ Atx 12v \/ Modular \/gamer","isPartOf":{"@id":"https:\/\/compuviper.mx\/tienda\/#website"},"datePublished":"2026-04-02T06:07:29+00:00","dateModified":"2026-04-03T06:00:05+00:00","description":"Compra Mpz-b002-afap-bus Fuente De Poder 1100w V Platinum V2 \/ Atx 12v \/ Modular \/gamer + Env\u00edo a domicilio + Pago seguro + Garant\u00eda","breadcrumb":{"@id":"https:\/\/compuviper.mx\/tienda\/producto\/cooler-master-mpz-b002-afap-bus-fuente-de-poder-1100w-v-platinum-v2-atx-12v-modular-gamer\/#breadcrumb"},"inLanguage":"es-MX","potentialAction":[{"@type":"ReadAction","target":["https:\/\/compuviper.mx\/tienda\/producto\/cooler-master-mpz-b002-afap-bus-fuente-de-poder-1100w-v-platinum-v2-atx-12v-modular-gamer\/"]}]},{"@type":"BreadcrumbList","@id":"https:\/\/compuviper.mx\/tienda\/producto\/cooler-master-mpz-b002-afap-bus-fuente-de-poder-1100w-v-platinum-v2-atx-12v-modular-gamer\/#breadcrumb","itemListElement":[{"@type":"ListItem","position":1,"name":"Inicio","item":"https:\/\/compuviper.mx\/tienda\/"},{"@type":"ListItem","position":2,"name":"Productos","item":"https:\/\/compuviper.mx\/tienda\/productos\/"},{"@type":"ListItem","position":3,"name":"Energia","item":"https:\/\/compuviper.mx\/tienda\/categoria-producto\/energia\/"},{"@type":"ListItem","position":4,"name":"Fuentes De Poder","item":"https:\/\/compuviper.mx\/tienda\/categoria-producto\/energia\/fuentes-de-poder\/"},{"@type":"ListItem","position":5,"name":"Cooler Master Mpz-b002-afap-bus Fuente De Poder 1100w V Platinum V2 \/ Atx 12v \/ Modular \/gamer"}]},{"@type":"WebSite","@id":"https:\/\/compuviper.mx\/tienda\/#website","url":"https:\/\/compuviper.mx\/tienda\/","name":"Compuviper","description":"Proveedor de Computadoras, Laptops, Servidores, Monitores, Puntos de Venta, Teclados,   Impresoras, T\u00f3ner, C\u00e1maras de Seguridad y m\u00e1s en tu tienda en l\u00ednea","publisher":{"@id":"https:\/\/compuviper.mx\/tienda\/#organization"},"potentialAction":[{"@type":"SearchAction","target":{"@type":"EntryPoint","urlTemplate":"https:\/\/compuviper.mx\/tienda\/?s={search_term_string}"},"query-input":"required name=search_term_string"}],"inLanguage":"es-MX"},{"@type":"Organization","@id":"https:\/\/compuviper.mx\/tienda\/#organization","name":"Compuviper","url":"https:\/\/compuviper.mx\/tienda\/","logo":{"@type":"ImageObject","inLanguage":"es-MX","@id":"https:\/\/compuviper.mx\/tienda\/#\/schema\/logo\/image\/","url":"https:\/\/compuviper.mx\/tienda\/wp-content\/uploads\/2021\/08\/Logo-Compuviper-10.png","contentUrl":"https:\/\/compuviper.mx\/tienda\/wp-content\/uploads\/2021\/08\/Logo-Compuviper-10.png","width":1000,"height":500,"caption":"Compuviper"},"image":{"@id":"https:\/\/compuviper.mx\/tienda\/#\/schema\/logo\/image\/"},"sameAs":["https:\/\/www.facebook.com\/compuviper","https:\/\/www.youtube.com\/channel\/UCf73dERp9Y3cfOq7q8BhLjA?view_as=subscriber"]}]},"product_brand":"COOLER MASTER","product_price_amount":"3558","product_price_currency":"MXN","og_availability":"instock","product_availability":"instock","product_retailer_item_id":"MPZ-B002-AFAP-BUS","product_condition":"new"},"_links":{"self":[{"href":"https:\/\/compuviper.mx\/tienda\/wp-json\/wp\/v2\/product\/267518"}],"collection":[{"href":"https:\/\/compuviper.mx\/tienda\/wp-json\/wp\/v2\/product"}],"about":[{"href":"https:\/\/compuviper.mx\/tienda\/wp-json\/wp\/v2\/types\/product"}],"replies":[{"embeddable":true,"href":"https:\/\/compuviper.mx\/tienda\/wp-json\/wp\/v2\/comments?post=267518"}],"wp:attachment":[{"href":"https:\/\/compuviper.mx\/tienda\/wp-json\/wp\/v2\/media?parent=267518"}],"wp:term":[{"taxonomy":"product_cat","embeddable":true,"href":"https:\/\/compuviper.mx\/tienda\/wp-json\/wp\/v2\/product_cat?post=267518"},{"taxonomy":"product_tag","embeddable":true,"href":"https:\/\/compuviper.mx\/tienda\/wp-json\/wp\/v2\/product_tag?post=267518"}],"curies":[{"name":"wp","href":"https:\/\/api.w.org\/{rel}","templated":true}]}}