{"id":267515,"date":"2026-04-09T23:45:44","date_gmt":"2026-04-10T05:45:44","guid":{"rendered":"https:\/\/compuviper.mx\/tienda\/producto\/cooler-master-mlx-d24m-a18pa-r1-disipador-de-enfriamiento-liquido-masterliquid-serie-core-nex-240-argb-negro-gamer\/"},"modified":"2026-04-10T00:00:42","modified_gmt":"2026-04-10T06:00:42","slug":"cooler-master-mlx-d24m-a18pa-r1-disipador-de-enfriamiento-liquido-masterliquid-serie-core-nex-240-argb-negro-gamer","status":"publish","type":"product","link":"https:\/\/compuviper.mx\/tienda\/producto\/cooler-master-mlx-d24m-a18pa-r1-disipador-de-enfriamiento-liquido-masterliquid-serie-core-nex-240-argb-negro-gamer\/","title":{"rendered":"Cooler Master Mlx-d24m-a18pa-r1 Disipador De Enfriamiento Liquido  Masterliquid Serie Core Nex 240 \/ Argb \/ Negro \/ Gamer"},"content":{"rendered":"<table class=\"descripcion\">\n<tr>\n<td>Nombre del producto: serie nex de masterliquid core<\/td>\n<\/tr>\n<tr>\n<td>Numero de producto: 240 negro mlx-d24m-a18pa-r1<\/td>\n<\/tr>\n<tr>\n<td>Cpu socket: intel  lga 1851 \/ 1700 \/ 1200 \/ 1150 \/ 1151 \/ 1155 \/ 1156<\/td>\n<\/tr>\n<tr>\n<td>Cpu socket: amd am5 \/ am4<\/td>\n<\/tr>\n<tr>\n<td>Material del radiador: aluminio<\/td>\n<\/tr>\n<tr>\n<td>Dimensiones del radiador: 240: 277 x 119,6 x 27,2 mm (10,9 x 4,71 x 1,1 pulgadas)<\/td>\n<\/tr>\n<tr>\n<td>Dimensiones de la bomba: 83,6 x 78,5 x 62,9 mm (3,3 x 3,1 x 2,5 pulgadas)<\/td>\n<\/tr>\n<tr>\n<td>Perfiles de bombas: rgb direccionable<\/td>\n<\/tr>\n<tr>\n<td>Velocidad de la bomba: 2800 \u00b110% rpm<\/td>\n<\/tr>\n<tr>\n<td>Bombear mttf:  35.000 horas<\/td>\n<\/tr>\n<tr>\n<td>Nivel de ruido de la bomba: 25 dba (maximo)<\/td>\n<\/tr>\n<tr>\n<td>Voltaje nominal de la bomba: 12 vdc<\/td>\n<\/tr>\n<tr>\n<td>Consumo de potencia del ventilador: 7,2 w<\/td>\n<\/tr>\n<tr>\n<td>Conector de bomba: argb de 3 pines + pwm de 4 pines<\/td>\n<\/tr>\n<tr>\n<td>Longitud del tubo: 400 mm<\/td>\n<\/tr>\n<tr>\n<td>Dimensiones del ventilador (l x anla x e): 120 x 120 x 25 mm (4,7 x 4,7 x 1 pulgada)<\/td>\n<\/tr>\n<tr>\n<td>Led del ventilador: rgb direccionable<\/td>\n<\/tr>\n<tr>\n<td>Cantidad de aficionados: 240: 2 pcs<\/td>\n<\/tr>\n<tr>\n<td>Cantidad de aficionados: 360: 3 pcs<\/td>\n<\/tr>\n<tr>\n<td>Velocidad del ventilador: 650 ~ 1750 rpm \u00b110%<\/td>\n<\/tr>\n<tr>\n<td>Flujo de aire del ventilador: 122,4 m\u00b3\/h (71,9 cfm) (max)<\/td>\n<\/tr>\n<tr>\n<td>Presion del aire del ventilador: 1,86 mmh and #8322;o (max)<\/td>\n<\/tr>\n<tr>\n<td>Fan mttf:  40.000 horas<\/td>\n<\/tr>\n<tr>\n<td>Nivel de ruido del ventilador: 27,2 dba (maximo)<\/td>\n<\/tr>\n<tr>\n<td>Tipo de rodamiento de abanico: rumbo del fusil<\/td>\n<\/tr>\n<tr>\n<td>Conector de ventilador: pwm de 7 pines + argb<\/td>\n<\/tr>\n<tr>\n<td>Voltaje nominal para ventiladores: 12 vdc<\/td>\n<\/tr>\n<tr>\n<td>Corriente nominal para ventiladores: 0,26 a<\/td>\n<\/tr>\n<tr>\n<td>Corriente de seguridad del ventilador: 0,37 a<\/td>\n<\/tr>\n<tr>\n<td>Consumo de potencia del ventilador: 3,12w<\/td>\n<\/tr>\n<tr>\n<td>Garantia: 5 a\u00f1os<\/td>\n<\/tr>\n<\/table>\n","protected":false},"excerpt":{"rendered":"<p>360 grados de frescura. Serie nex de masterliquid core. Presentamos la serie masterliquid core nex redise\u00f1ada de cooler master. Construido sobre la base confiable de la serie masterliquid, el core nex ofrece un mejor rendimiento de refrigeracion gracias a su bomba de doble camara mejorada y una mayor compatibilidad con cpu para montajes flexibles de pc. Con el dise\u00f1o de la tapa de la bomba de espejo infinito, ventiladores mejorados y tubos optimizados para facilitar su instalacion, la serie masterliquid core nex es una solucion de refrigeracion inteligente y elegante para usuarios generales que buscan mejorar su configuracion. Dise\u00f1o innovador. Un dise\u00f1o de tapa de bomba de espejo infinito aporta una iluminacion elegante y un toque moderno a tu construcci\u00f3n. Orientacion flexible de la bomba. Cuenta con una tapa giratoria para la bomba que permite personalizar la orientacion para lograr un aspecto perfecto. Longitud \u00f3ptima de tuberia. Un tubo de 400 mm permite una instalaci\u00f3n sin esfuerzo de la camara fria en cualquier orientacion. Instalacion sencilla. Con ventiladores preinstalados, cableado aerodinamico, pasta termica preaplicada y soportes premontados, la instalaci\u00f3n es rapida, limpia y sencilla<\/p>\n","protected":false},"featured_media":0,"comment_status":"open","ping_status":"open","template":"","meta":[],"product_cat":[1612,1859],"product_tag":[1615],"acf":[],"yoast_head":"<!-- This site is optimized with the Yoast SEO plugin v21.7 - https:\/\/yoast.com\/wordpress\/plugins\/seo\/ -->\n<title>[ Cooler Master ] &#129351; Mlx-d24m-a18pa-r1 Disipador De Enfriamiento Liquido Masterliquid Serie Core Nex 240 \/ Argb \/ Negro \/ Gamer<\/title>\n<meta name=\"description\" content=\"Compra Mlx-d24m-a18pa-r1 Disipador De Enfriamiento Liquido Masterliquid Serie Core Nex 240 \/ Argb \/ Negro \/ Gamer + Env\u00edo a domicilio + Pago seguro + Garant\u00eda\" \/>\n<meta name=\"robots\" content=\"index, follow, max-snippet:-1, max-image-preview:large, max-video-preview:-1\" \/>\n<link rel=\"canonical\" href=\"https:\/\/compuviper.mx\/tienda\/producto\/cooler-master-mlx-d24m-a18pa-r1-disipador-de-enfriamiento-liquido-masterliquid-serie-core-nex-240-argb-negro-gamer\/\" \/>\n<meta property=\"og:locale\" content=\"es_MX\" \/>\n<meta property=\"og:type\" content=\"article\" \/>\n<meta property=\"og:title\" content=\"[ Cooler Master ] &#129351; Mlx-d24m-a18pa-r1 Disipador De Enfriamiento Liquido Masterliquid Serie Core Nex 240 \/ Argb \/ Negro \/ Gamer\" \/>\n<meta property=\"og:description\" content=\"Compra Mlx-d24m-a18pa-r1 Disipador De Enfriamiento Liquido Masterliquid Serie Core Nex 240 \/ Argb \/ Negro \/ Gamer + Env\u00edo a domicilio + Pago seguro + Garant\u00eda\" \/>\n<meta property=\"og:url\" content=\"https:\/\/compuviper.mx\/tienda\/producto\/cooler-master-mlx-d24m-a18pa-r1-disipador-de-enfriamiento-liquido-masterliquid-serie-core-nex-240-argb-negro-gamer\/\" \/>\n<meta property=\"og:site_name\" content=\"Compuviper\" \/>\n<meta property=\"article:publisher\" content=\"https:\/\/www.facebook.com\/compuviper\" \/>\n<meta property=\"article:modified_time\" content=\"2026-04-10T06:00:42+00:00\" \/>\n<meta name=\"twitter:card\" content=\"summary_large_image\" \/>\n<meta name=\"twitter:label1\" content=\"Precio\" \/>\n\t<meta name=\"twitter:data1\" content=\"&#36;1,011 con IVA\" \/>\n\t<meta name=\"twitter:label2\" content=\"Availability\" \/>\n\t<meta name=\"twitter:data2\" content=\"In stock\" \/>\n<script type=\"application\/ld+json\" class=\"yoast-schema-graph\">{\"@context\":\"https:\/\/schema.org\",\"@graph\":[{\"@type\":\"WebPage\",\"@id\":\"https:\/\/compuviper.mx\/tienda\/producto\/cooler-master-mlx-d24m-a18pa-r1-disipador-de-enfriamiento-liquido-masterliquid-serie-core-nex-240-argb-negro-gamer\/\",\"url\":\"https:\/\/compuviper.mx\/tienda\/producto\/cooler-master-mlx-d24m-a18pa-r1-disipador-de-enfriamiento-liquido-masterliquid-serie-core-nex-240-argb-negro-gamer\/\",\"name\":\"[ Cooler Master ] &#129351; Mlx-d24m-a18pa-r1 Disipador De Enfriamiento Liquido Masterliquid Serie Core Nex 240 \/ Argb \/ Negro \/ Gamer\",\"isPartOf\":{\"@id\":\"https:\/\/compuviper.mx\/tienda\/#website\"},\"datePublished\":\"2026-04-10T05:45:44+00:00\",\"dateModified\":\"2026-04-10T06:00:42+00:00\",\"description\":\"Compra Mlx-d24m-a18pa-r1 Disipador De Enfriamiento Liquido Masterliquid Serie Core Nex 240 \/ Argb \/ Negro \/ Gamer + Env\u00edo a domicilio + Pago seguro + Garant\u00eda\",\"breadcrumb\":{\"@id\":\"https:\/\/compuviper.mx\/tienda\/producto\/cooler-master-mlx-d24m-a18pa-r1-disipador-de-enfriamiento-liquido-masterliquid-serie-core-nex-240-argb-negro-gamer\/#breadcrumb\"},\"inLanguage\":\"es-MX\",\"potentialAction\":[{\"@type\":\"ReadAction\",\"target\":[\"https:\/\/compuviper.mx\/tienda\/producto\/cooler-master-mlx-d24m-a18pa-r1-disipador-de-enfriamiento-liquido-masterliquid-serie-core-nex-240-argb-negro-gamer\/\"]}]},{\"@type\":\"BreadcrumbList\",\"@id\":\"https:\/\/compuviper.mx\/tienda\/producto\/cooler-master-mlx-d24m-a18pa-r1-disipador-de-enfriamiento-liquido-masterliquid-serie-core-nex-240-argb-negro-gamer\/#breadcrumb\",\"itemListElement\":[{\"@type\":\"ListItem\",\"position\":1,\"name\":\"Inicio\",\"item\":\"https:\/\/compuviper.mx\/tienda\/\"},{\"@type\":\"ListItem\",\"position\":2,\"name\":\"Productos\",\"item\":\"https:\/\/compuviper.mx\/tienda\/productos\/\"},{\"@type\":\"ListItem\",\"position\":3,\"name\":\"Ventiladores\",\"item\":\"https:\/\/compuviper.mx\/tienda\/categoria-producto\/ventiladores\/\"},{\"@type\":\"ListItem\",\"position\":4,\"name\":\"Disipador\",\"item\":\"https:\/\/compuviper.mx\/tienda\/categoria-producto\/ventiladores\/disipador\/\"},{\"@type\":\"ListItem\",\"position\":5,\"name\":\"Cooler Master Mlx-d24m-a18pa-r1 Disipador De Enfriamiento Liquido Masterliquid Serie Core Nex 240 \/ Argb \/ Negro \/ Gamer\"}]},{\"@type\":\"WebSite\",\"@id\":\"https:\/\/compuviper.mx\/tienda\/#website\",\"url\":\"https:\/\/compuviper.mx\/tienda\/\",\"name\":\"Compuviper\",\"description\":\"Proveedor de Computadoras, Laptops, Servidores, Monitores, Puntos de Venta, Teclados,   Impresoras, T\u00f3ner, C\u00e1maras de Seguridad y m\u00e1s en tu tienda en l\u00ednea\",\"publisher\":{\"@id\":\"https:\/\/compuviper.mx\/tienda\/#organization\"},\"potentialAction\":[{\"@type\":\"SearchAction\",\"target\":{\"@type\":\"EntryPoint\",\"urlTemplate\":\"https:\/\/compuviper.mx\/tienda\/?s={search_term_string}\"},\"query-input\":\"required name=search_term_string\"}],\"inLanguage\":\"es-MX\"},{\"@type\":\"Organization\",\"@id\":\"https:\/\/compuviper.mx\/tienda\/#organization\",\"name\":\"Compuviper\",\"url\":\"https:\/\/compuviper.mx\/tienda\/\",\"logo\":{\"@type\":\"ImageObject\",\"inLanguage\":\"es-MX\",\"@id\":\"https:\/\/compuviper.mx\/tienda\/#\/schema\/logo\/image\/\",\"url\":\"https:\/\/compuviper.mx\/tienda\/wp-content\/uploads\/2021\/08\/Logo-Compuviper-10.png\",\"contentUrl\":\"https:\/\/compuviper.mx\/tienda\/wp-content\/uploads\/2021\/08\/Logo-Compuviper-10.png\",\"width\":1000,\"height\":500,\"caption\":\"Compuviper\"},\"image\":{\"@id\":\"https:\/\/compuviper.mx\/tienda\/#\/schema\/logo\/image\/\"},\"sameAs\":[\"https:\/\/www.facebook.com\/compuviper\",\"https:\/\/www.youtube.com\/channel\/UCf73dERp9Y3cfOq7q8BhLjA?view_as=subscriber\"]}]}<\/script>\n<meta property=\"product:brand\" content=\"COOLER MASTER\" \/>\n<meta property=\"product:price:amount\" content=\"1011\" \/>\n<meta property=\"product:price:currency\" content=\"MXN\" \/>\n<meta property=\"og:availability\" content=\"instock\" \/>\n<meta property=\"product:availability\" content=\"instock\" \/>\n<meta property=\"product:retailer_item_id\" content=\"MLX-D24M-A18PA-R1\" \/>\n<meta property=\"product:condition\" content=\"new\" \/>\n<!-- \/ Yoast SEO plugin. -->","yoast_head_json":{"title":"[ Cooler Master ] &#129351; Mlx-d24m-a18pa-r1 Disipador De Enfriamiento Liquido Masterliquid Serie Core Nex 240 \/ Argb \/ Negro \/ Gamer","description":"Compra Mlx-d24m-a18pa-r1 Disipador De Enfriamiento Liquido Masterliquid Serie Core Nex 240 \/ Argb \/ Negro \/ Gamer + Env\u00edo a domicilio + Pago seguro + Garant\u00eda","robots":{"index":"index","follow":"follow","max-snippet":"max-snippet:-1","max-image-preview":"max-image-preview:large","max-video-preview":"max-video-preview:-1"},"canonical":"https:\/\/compuviper.mx\/tienda\/producto\/cooler-master-mlx-d24m-a18pa-r1-disipador-de-enfriamiento-liquido-masterliquid-serie-core-nex-240-argb-negro-gamer\/","og_locale":"es_MX","og_type":"article","og_title":"[ Cooler Master ] &#129351; Mlx-d24m-a18pa-r1 Disipador De Enfriamiento Liquido Masterliquid Serie Core Nex 240 \/ Argb \/ Negro \/ Gamer","og_description":"Compra Mlx-d24m-a18pa-r1 Disipador De Enfriamiento Liquido Masterliquid Serie Core Nex 240 \/ Argb \/ Negro \/ Gamer + Env\u00edo a domicilio + Pago seguro + Garant\u00eda","og_url":"https:\/\/compuviper.mx\/tienda\/producto\/cooler-master-mlx-d24m-a18pa-r1-disipador-de-enfriamiento-liquido-masterliquid-serie-core-nex-240-argb-negro-gamer\/","og_site_name":"Compuviper","article_publisher":"https:\/\/www.facebook.com\/compuviper","article_modified_time":"2026-04-10T06:00:42+00:00","twitter_card":"summary_large_image","twitter_misc":{"Precio":"&#36;1,011 con IVA","Availability":"In stock"},"schema":{"@context":"https:\/\/schema.org","@graph":[{"@type":"WebPage","@id":"https:\/\/compuviper.mx\/tienda\/producto\/cooler-master-mlx-d24m-a18pa-r1-disipador-de-enfriamiento-liquido-masterliquid-serie-core-nex-240-argb-negro-gamer\/","url":"https:\/\/compuviper.mx\/tienda\/producto\/cooler-master-mlx-d24m-a18pa-r1-disipador-de-enfriamiento-liquido-masterliquid-serie-core-nex-240-argb-negro-gamer\/","name":"[ Cooler Master ] &#129351; Mlx-d24m-a18pa-r1 Disipador De Enfriamiento Liquido Masterliquid Serie Core Nex 240 \/ Argb \/ Negro \/ Gamer","isPartOf":{"@id":"https:\/\/compuviper.mx\/tienda\/#website"},"datePublished":"2026-04-10T05:45:44+00:00","dateModified":"2026-04-10T06:00:42+00:00","description":"Compra Mlx-d24m-a18pa-r1 Disipador De Enfriamiento Liquido Masterliquid Serie Core Nex 240 \/ Argb \/ Negro \/ Gamer + Env\u00edo a domicilio + Pago seguro + Garant\u00eda","breadcrumb":{"@id":"https:\/\/compuviper.mx\/tienda\/producto\/cooler-master-mlx-d24m-a18pa-r1-disipador-de-enfriamiento-liquido-masterliquid-serie-core-nex-240-argb-negro-gamer\/#breadcrumb"},"inLanguage":"es-MX","potentialAction":[{"@type":"ReadAction","target":["https:\/\/compuviper.mx\/tienda\/producto\/cooler-master-mlx-d24m-a18pa-r1-disipador-de-enfriamiento-liquido-masterliquid-serie-core-nex-240-argb-negro-gamer\/"]}]},{"@type":"BreadcrumbList","@id":"https:\/\/compuviper.mx\/tienda\/producto\/cooler-master-mlx-d24m-a18pa-r1-disipador-de-enfriamiento-liquido-masterliquid-serie-core-nex-240-argb-negro-gamer\/#breadcrumb","itemListElement":[{"@type":"ListItem","position":1,"name":"Inicio","item":"https:\/\/compuviper.mx\/tienda\/"},{"@type":"ListItem","position":2,"name":"Productos","item":"https:\/\/compuviper.mx\/tienda\/productos\/"},{"@type":"ListItem","position":3,"name":"Ventiladores","item":"https:\/\/compuviper.mx\/tienda\/categoria-producto\/ventiladores\/"},{"@type":"ListItem","position":4,"name":"Disipador","item":"https:\/\/compuviper.mx\/tienda\/categoria-producto\/ventiladores\/disipador\/"},{"@type":"ListItem","position":5,"name":"Cooler Master Mlx-d24m-a18pa-r1 Disipador De Enfriamiento Liquido Masterliquid Serie Core Nex 240 \/ Argb \/ Negro \/ Gamer"}]},{"@type":"WebSite","@id":"https:\/\/compuviper.mx\/tienda\/#website","url":"https:\/\/compuviper.mx\/tienda\/","name":"Compuviper","description":"Proveedor de Computadoras, Laptops, Servidores, Monitores, Puntos de Venta, Teclados,   Impresoras, T\u00f3ner, C\u00e1maras de Seguridad y m\u00e1s en tu tienda en l\u00ednea","publisher":{"@id":"https:\/\/compuviper.mx\/tienda\/#organization"},"potentialAction":[{"@type":"SearchAction","target":{"@type":"EntryPoint","urlTemplate":"https:\/\/compuviper.mx\/tienda\/?s={search_term_string}"},"query-input":"required name=search_term_string"}],"inLanguage":"es-MX"},{"@type":"Organization","@id":"https:\/\/compuviper.mx\/tienda\/#organization","name":"Compuviper","url":"https:\/\/compuviper.mx\/tienda\/","logo":{"@type":"ImageObject","inLanguage":"es-MX","@id":"https:\/\/compuviper.mx\/tienda\/#\/schema\/logo\/image\/","url":"https:\/\/compuviper.mx\/tienda\/wp-content\/uploads\/2021\/08\/Logo-Compuviper-10.png","contentUrl":"https:\/\/compuviper.mx\/tienda\/wp-content\/uploads\/2021\/08\/Logo-Compuviper-10.png","width":1000,"height":500,"caption":"Compuviper"},"image":{"@id":"https:\/\/compuviper.mx\/tienda\/#\/schema\/logo\/image\/"},"sameAs":["https:\/\/www.facebook.com\/compuviper","https:\/\/www.youtube.com\/channel\/UCf73dERp9Y3cfOq7q8BhLjA?view_as=subscriber"]}]},"product_brand":"COOLER MASTER","product_price_amount":"1011","product_price_currency":"MXN","og_availability":"instock","product_availability":"instock","product_retailer_item_id":"MLX-D24M-A18PA-R1","product_condition":"new"},"_links":{"self":[{"href":"https:\/\/compuviper.mx\/tienda\/wp-json\/wp\/v2\/product\/267515"}],"collection":[{"href":"https:\/\/compuviper.mx\/tienda\/wp-json\/wp\/v2\/product"}],"about":[{"href":"https:\/\/compuviper.mx\/tienda\/wp-json\/wp\/v2\/types\/product"}],"replies":[{"embeddable":true,"href":"https:\/\/compuviper.mx\/tienda\/wp-json\/wp\/v2\/comments?post=267515"}],"wp:attachment":[{"href":"https:\/\/compuviper.mx\/tienda\/wp-json\/wp\/v2\/media?parent=267515"}],"wp:term":[{"taxonomy":"product_cat","embeddable":true,"href":"https:\/\/compuviper.mx\/tienda\/wp-json\/wp\/v2\/product_cat?post=267515"},{"taxonomy":"product_tag","embeddable":true,"href":"https:\/\/compuviper.mx\/tienda\/wp-json\/wp\/v2\/product_tag?post=267515"}],"curies":[{"name":"wp","href":"https:\/\/api.w.org\/{rel}","templated":true}]}}