{"id":267492,"date":"2026-04-18T01:18:09","date_gmt":"2026-04-18T07:18:09","guid":{"rendered":"https:\/\/compuviper.mx\/tienda\/producto\/tp-link-eap650-d30-outdoor-access-point-wifi-6-ax3000-doble-banda-para-interior-y-exterior\/"},"modified":"2026-04-18T01:18:10","modified_gmt":"2026-04-18T07:18:10","slug":"tp-link-eap650-d30-outdoor-access-point-wifi-6-ax3000-doble-banda-para-interior-y-exterior","status":"publish","type":"product","link":"https:\/\/compuviper.mx\/tienda\/producto\/tp-link-eap650-d30-outdoor-access-point-wifi-6-ax3000-doble-banda-para-interior-y-exterior\/","title":{"rendered":"Tp Link Eap650 D30-outdoor  Access Point  Wifi 6 Ax3000 Doble Banda Para Interior Y Exterior"},"content":{"rendered":"<table class=\"descripcion\">\n<tr>\n<td>Punto de acceso wi-fi 6 ax3000 de doble banda para interior y exterior<\/td>\n<\/tr>\n<tr>\n<td>Puerto: 1\u00d7 puerto rj45 gigabit<\/td>\n<\/tr>\n<tr>\n<td>Velocidad: 574 mbps en 2.4 ghz + 2402 mbps en 5 ghz<\/td>\n<\/tr>\n<tr>\n<td>Caracter\u00edsticas: poe 802.3at y poe pasivo, resistente a la intemperie con certificaci\u00f3n ip68, antena direccional integrada de 30\u00b0, mesh, roaming sin interrupciones, mu-mimo, band steering, beamforming, balanceo de carga, airtime fairness, administraci\u00f3n centralizada mediante controlador omada sdn, app omada<\/td>\n<\/tr>\n<\/table>\n","protected":false},"excerpt":{"rendered":"<p>Punto de acceso wi-fi 6 ax3000 de doble banda para interior y exterior. Puerto: 1\u00d7 puerto rj45 gigabit. Velocidad: 574 mbps en 2.4 ghz + 2402 mbps en 5 ghz. Caracter\u00edsticas: poe 802.3at y poe pasivo, resistente a la intemperie con certificaci\u00f3n ip68, antena direccional integrada de 30\u00b0, mesh, roaming sin interrupciones, mu-mimo, band steering, beamforming, balanceo de carga, airtime fairness, administraci\u00f3n centralizada mediante controlador omada sdn, app omada<\/p>\n","protected":false},"featured_media":0,"comment_status":"open","ping_status":"open","template":"","meta":[],"product_cat":[1754,1563],"product_tag":[1562],"acf":[],"yoast_head":"<!-- This site is optimized with the Yoast SEO plugin v21.7 - https:\/\/yoast.com\/wordpress\/plugins\/seo\/ -->\n<title>[ Tp Link ] &#129351; Eap650 D30-outdoor Access Point Wifi 6 Ax3000 Doble Banda Para Interior Y Exterior<\/title>\n<meta name=\"description\" content=\"Compra Eap650 D30-outdoor Access Point Wifi 6 Ax3000 Doble Banda Para Interior Y Exterior + Env\u00edo a domicilio + Pago seguro + Garant\u00eda\" \/>\n<meta name=\"robots\" content=\"index, follow, max-snippet:-1, max-image-preview:large, max-video-preview:-1\" \/>\n<link rel=\"canonical\" href=\"https:\/\/compuviper.mx\/tienda\/producto\/tp-link-eap650-d30-outdoor-access-point-wifi-6-ax3000-doble-banda-para-interior-y-exterior\/\" \/>\n<meta property=\"og:locale\" content=\"es_MX\" \/>\n<meta property=\"og:type\" content=\"article\" \/>\n<meta property=\"og:title\" content=\"[ Tp Link ] &#129351; Eap650 D30-outdoor Access Point Wifi 6 Ax3000 Doble Banda Para Interior Y Exterior\" \/>\n<meta property=\"og:description\" content=\"Compra Eap650 D30-outdoor Access Point Wifi 6 Ax3000 Doble Banda Para Interior Y Exterior + Env\u00edo a domicilio + Pago seguro + Garant\u00eda\" \/>\n<meta property=\"og:url\" content=\"https:\/\/compuviper.mx\/tienda\/producto\/tp-link-eap650-d30-outdoor-access-point-wifi-6-ax3000-doble-banda-para-interior-y-exterior\/\" \/>\n<meta property=\"og:site_name\" content=\"Compuviper\" \/>\n<meta property=\"article:publisher\" content=\"https:\/\/www.facebook.com\/compuviper\" \/>\n<meta property=\"article:modified_time\" content=\"2026-04-18T07:18:10+00:00\" \/>\n<meta name=\"twitter:card\" content=\"summary_large_image\" \/>\n<meta name=\"twitter:label1\" content=\"Precio\" \/>\n\t<meta name=\"twitter:data1\" content=\"&#36;2,698 con IVA\" \/>\n\t<meta name=\"twitter:label2\" content=\"Availability\" \/>\n\t<meta name=\"twitter:data2\" content=\"On backorder\" \/>\n<script type=\"application\/ld+json\" class=\"yoast-schema-graph\">{\"@context\":\"https:\/\/schema.org\",\"@graph\":[{\"@type\":\"WebPage\",\"@id\":\"https:\/\/compuviper.mx\/tienda\/producto\/tp-link-eap650-d30-outdoor-access-point-wifi-6-ax3000-doble-banda-para-interior-y-exterior\/\",\"url\":\"https:\/\/compuviper.mx\/tienda\/producto\/tp-link-eap650-d30-outdoor-access-point-wifi-6-ax3000-doble-banda-para-interior-y-exterior\/\",\"name\":\"[ Tp Link ] &#129351; Eap650 D30-outdoor Access Point Wifi 6 Ax3000 Doble Banda Para Interior Y Exterior\",\"isPartOf\":{\"@id\":\"https:\/\/compuviper.mx\/tienda\/#website\"},\"datePublished\":\"2026-04-18T07:18:09+00:00\",\"dateModified\":\"2026-04-18T07:18:10+00:00\",\"description\":\"Compra Eap650 D30-outdoor Access Point Wifi 6 Ax3000 Doble Banda Para Interior Y Exterior + Env\u00edo a domicilio + Pago seguro + Garant\u00eda\",\"breadcrumb\":{\"@id\":\"https:\/\/compuviper.mx\/tienda\/producto\/tp-link-eap650-d30-outdoor-access-point-wifi-6-ax3000-doble-banda-para-interior-y-exterior\/#breadcrumb\"},\"inLanguage\":\"es-MX\",\"potentialAction\":[{\"@type\":\"ReadAction\",\"target\":[\"https:\/\/compuviper.mx\/tienda\/producto\/tp-link-eap650-d30-outdoor-access-point-wifi-6-ax3000-doble-banda-para-interior-y-exterior\/\"]}]},{\"@type\":\"BreadcrumbList\",\"@id\":\"https:\/\/compuviper.mx\/tienda\/producto\/tp-link-eap650-d30-outdoor-access-point-wifi-6-ax3000-doble-banda-para-interior-y-exterior\/#breadcrumb\",\"itemListElement\":[{\"@type\":\"ListItem\",\"position\":1,\"name\":\"Inicio\",\"item\":\"https:\/\/compuviper.mx\/tienda\/\"},{\"@type\":\"ListItem\",\"position\":2,\"name\":\"Productos\",\"item\":\"https:\/\/compuviper.mx\/tienda\/productos\/\"},{\"@type\":\"ListItem\",\"position\":3,\"name\":\"Redes\",\"item\":\"https:\/\/compuviper.mx\/tienda\/categoria-producto\/redes\/\"},{\"@type\":\"ListItem\",\"position\":4,\"name\":\"Access Point\",\"item\":\"https:\/\/compuviper.mx\/tienda\/categoria-producto\/redes\/access-point\/\"},{\"@type\":\"ListItem\",\"position\":5,\"name\":\"Tp Link Eap650 D30-outdoor Access Point Wifi 6 Ax3000 Doble Banda Para Interior Y Exterior\"}]},{\"@type\":\"WebSite\",\"@id\":\"https:\/\/compuviper.mx\/tienda\/#website\",\"url\":\"https:\/\/compuviper.mx\/tienda\/\",\"name\":\"Compuviper\",\"description\":\"Proveedor de Computadoras, Laptops, Servidores, Monitores, Puntos de Venta, Teclados,   Impresoras, T\u00f3ner, C\u00e1maras de Seguridad y m\u00e1s en tu tienda en l\u00ednea\",\"publisher\":{\"@id\":\"https:\/\/compuviper.mx\/tienda\/#organization\"},\"potentialAction\":[{\"@type\":\"SearchAction\",\"target\":{\"@type\":\"EntryPoint\",\"urlTemplate\":\"https:\/\/compuviper.mx\/tienda\/?s={search_term_string}\"},\"query-input\":\"required name=search_term_string\"}],\"inLanguage\":\"es-MX\"},{\"@type\":\"Organization\",\"@id\":\"https:\/\/compuviper.mx\/tienda\/#organization\",\"name\":\"Compuviper\",\"url\":\"https:\/\/compuviper.mx\/tienda\/\",\"logo\":{\"@type\":\"ImageObject\",\"inLanguage\":\"es-MX\",\"@id\":\"https:\/\/compuviper.mx\/tienda\/#\/schema\/logo\/image\/\",\"url\":\"https:\/\/compuviper.mx\/tienda\/wp-content\/uploads\/2021\/08\/Logo-Compuviper-10.png\",\"contentUrl\":\"https:\/\/compuviper.mx\/tienda\/wp-content\/uploads\/2021\/08\/Logo-Compuviper-10.png\",\"width\":1000,\"height\":500,\"caption\":\"Compuviper\"},\"image\":{\"@id\":\"https:\/\/compuviper.mx\/tienda\/#\/schema\/logo\/image\/\"},\"sameAs\":[\"https:\/\/www.facebook.com\/compuviper\",\"https:\/\/www.youtube.com\/channel\/UCf73dERp9Y3cfOq7q8BhLjA?view_as=subscriber\"]}]}<\/script>\n<meta property=\"product:brand\" content=\"TP LINK\" \/>\n<meta property=\"product:price:amount\" content=\"2698\" \/>\n<meta property=\"product:price:currency\" content=\"MXN\" \/>\n<meta property=\"og:availability\" content=\"backorder\" \/>\n<meta property=\"product:availability\" content=\"available for order\" \/>\n<meta property=\"product:retailer_item_id\" content=\"EAP650 D30-OUTDOOR\" \/>\n<meta property=\"product:condition\" content=\"new\" \/>\n<!-- \/ Yoast SEO plugin. -->","yoast_head_json":{"title":"[ Tp Link ] &#129351; Eap650 D30-outdoor Access Point Wifi 6 Ax3000 Doble Banda Para Interior Y Exterior","description":"Compra Eap650 D30-outdoor Access Point Wifi 6 Ax3000 Doble Banda Para Interior Y Exterior + Env\u00edo a domicilio + Pago seguro + Garant\u00eda","robots":{"index":"index","follow":"follow","max-snippet":"max-snippet:-1","max-image-preview":"max-image-preview:large","max-video-preview":"max-video-preview:-1"},"canonical":"https:\/\/compuviper.mx\/tienda\/producto\/tp-link-eap650-d30-outdoor-access-point-wifi-6-ax3000-doble-banda-para-interior-y-exterior\/","og_locale":"es_MX","og_type":"article","og_title":"[ Tp Link ] &#129351; Eap650 D30-outdoor Access Point Wifi 6 Ax3000 Doble Banda Para Interior Y Exterior","og_description":"Compra Eap650 D30-outdoor Access Point Wifi 6 Ax3000 Doble Banda Para Interior Y Exterior + Env\u00edo a domicilio + Pago seguro + Garant\u00eda","og_url":"https:\/\/compuviper.mx\/tienda\/producto\/tp-link-eap650-d30-outdoor-access-point-wifi-6-ax3000-doble-banda-para-interior-y-exterior\/","og_site_name":"Compuviper","article_publisher":"https:\/\/www.facebook.com\/compuviper","article_modified_time":"2026-04-18T07:18:10+00:00","twitter_card":"summary_large_image","twitter_misc":{"Precio":"&#36;2,698 con IVA","Availability":"On backorder"},"schema":{"@context":"https:\/\/schema.org","@graph":[{"@type":"WebPage","@id":"https:\/\/compuviper.mx\/tienda\/producto\/tp-link-eap650-d30-outdoor-access-point-wifi-6-ax3000-doble-banda-para-interior-y-exterior\/","url":"https:\/\/compuviper.mx\/tienda\/producto\/tp-link-eap650-d30-outdoor-access-point-wifi-6-ax3000-doble-banda-para-interior-y-exterior\/","name":"[ Tp Link ] &#129351; Eap650 D30-outdoor Access Point Wifi 6 Ax3000 Doble Banda Para Interior Y Exterior","isPartOf":{"@id":"https:\/\/compuviper.mx\/tienda\/#website"},"datePublished":"2026-04-18T07:18:09+00:00","dateModified":"2026-04-18T07:18:10+00:00","description":"Compra Eap650 D30-outdoor Access Point Wifi 6 Ax3000 Doble Banda Para Interior Y Exterior + Env\u00edo a domicilio + Pago seguro + Garant\u00eda","breadcrumb":{"@id":"https:\/\/compuviper.mx\/tienda\/producto\/tp-link-eap650-d30-outdoor-access-point-wifi-6-ax3000-doble-banda-para-interior-y-exterior\/#breadcrumb"},"inLanguage":"es-MX","potentialAction":[{"@type":"ReadAction","target":["https:\/\/compuviper.mx\/tienda\/producto\/tp-link-eap650-d30-outdoor-access-point-wifi-6-ax3000-doble-banda-para-interior-y-exterior\/"]}]},{"@type":"BreadcrumbList","@id":"https:\/\/compuviper.mx\/tienda\/producto\/tp-link-eap650-d30-outdoor-access-point-wifi-6-ax3000-doble-banda-para-interior-y-exterior\/#breadcrumb","itemListElement":[{"@type":"ListItem","position":1,"name":"Inicio","item":"https:\/\/compuviper.mx\/tienda\/"},{"@type":"ListItem","position":2,"name":"Productos","item":"https:\/\/compuviper.mx\/tienda\/productos\/"},{"@type":"ListItem","position":3,"name":"Redes","item":"https:\/\/compuviper.mx\/tienda\/categoria-producto\/redes\/"},{"@type":"ListItem","position":4,"name":"Access Point","item":"https:\/\/compuviper.mx\/tienda\/categoria-producto\/redes\/access-point\/"},{"@type":"ListItem","position":5,"name":"Tp Link Eap650 D30-outdoor Access Point Wifi 6 Ax3000 Doble Banda Para Interior Y Exterior"}]},{"@type":"WebSite","@id":"https:\/\/compuviper.mx\/tienda\/#website","url":"https:\/\/compuviper.mx\/tienda\/","name":"Compuviper","description":"Proveedor de Computadoras, Laptops, Servidores, Monitores, Puntos de Venta, Teclados,   Impresoras, T\u00f3ner, C\u00e1maras de Seguridad y m\u00e1s en tu tienda en l\u00ednea","publisher":{"@id":"https:\/\/compuviper.mx\/tienda\/#organization"},"potentialAction":[{"@type":"SearchAction","target":{"@type":"EntryPoint","urlTemplate":"https:\/\/compuviper.mx\/tienda\/?s={search_term_string}"},"query-input":"required name=search_term_string"}],"inLanguage":"es-MX"},{"@type":"Organization","@id":"https:\/\/compuviper.mx\/tienda\/#organization","name":"Compuviper","url":"https:\/\/compuviper.mx\/tienda\/","logo":{"@type":"ImageObject","inLanguage":"es-MX","@id":"https:\/\/compuviper.mx\/tienda\/#\/schema\/logo\/image\/","url":"https:\/\/compuviper.mx\/tienda\/wp-content\/uploads\/2021\/08\/Logo-Compuviper-10.png","contentUrl":"https:\/\/compuviper.mx\/tienda\/wp-content\/uploads\/2021\/08\/Logo-Compuviper-10.png","width":1000,"height":500,"caption":"Compuviper"},"image":{"@id":"https:\/\/compuviper.mx\/tienda\/#\/schema\/logo\/image\/"},"sameAs":["https:\/\/www.facebook.com\/compuviper","https:\/\/www.youtube.com\/channel\/UCf73dERp9Y3cfOq7q8BhLjA?view_as=subscriber"]}]},"product_brand":"TP LINK","product_price_amount":"2698","product_price_currency":"MXN","og_availability":"backorder","product_availability":"available for order","product_retailer_item_id":"EAP650 D30-OUTDOOR","product_condition":"new"},"_links":{"self":[{"href":"https:\/\/compuviper.mx\/tienda\/wp-json\/wp\/v2\/product\/267492"}],"collection":[{"href":"https:\/\/compuviper.mx\/tienda\/wp-json\/wp\/v2\/product"}],"about":[{"href":"https:\/\/compuviper.mx\/tienda\/wp-json\/wp\/v2\/types\/product"}],"replies":[{"embeddable":true,"href":"https:\/\/compuviper.mx\/tienda\/wp-json\/wp\/v2\/comments?post=267492"}],"wp:attachment":[{"href":"https:\/\/compuviper.mx\/tienda\/wp-json\/wp\/v2\/media?parent=267492"}],"wp:term":[{"taxonomy":"product_cat","embeddable":true,"href":"https:\/\/compuviper.mx\/tienda\/wp-json\/wp\/v2\/product_cat?post=267492"},{"taxonomy":"product_tag","embeddable":true,"href":"https:\/\/compuviper.mx\/tienda\/wp-json\/wp\/v2\/product_tag?post=267492"}],"curies":[{"name":"wp","href":"https:\/\/api.w.org\/{rel}","templated":true}]}}