{"id":267491,"date":"2026-04-18T01:18:08","date_gmt":"2026-04-18T07:18:08","guid":{"rendered":"https:\/\/compuviper.mx\/tienda\/producto\/tp-link-eap787-access-point-omada-be1500-wifi-7-triple-banda-montaje-techo\/"},"modified":"2026-04-18T01:18:08","modified_gmt":"2026-04-18T07:18:08","slug":"tp-link-eap787-access-point-omada-be1500-wifi-7-triple-banda-montaje-techo","status":"publish","type":"product","link":"https:\/\/compuviper.mx\/tienda\/producto\/tp-link-eap787-access-point-omada-be1500-wifi-7-triple-banda-montaje-techo\/","title":{"rendered":"Tp Link Eap787  Access Point Omada  Be1500 Wifi 7 Triple Banda Montaje Techo"},"content":{"rendered":"<table class=\"descripcion\">\n<tr>\n<td>Escaneo rf dedicado: ofrece monitoreo del espectro en tiempo real y evitacion dinamica de interferencias para un rendimiento inalambrico robusto.<\/td>\n<\/tr>\n<tr>\n<td>Cobertura maximizada en 6 ghz con afc: permite senales mas potentes y un mayor alcance en la banda de 6 ghz (afc habilitado mediante actualizacion de firmware, prevista para abril de 2026).<\/td>\n<\/tr>\n<tr>\n<td>Wi-fi 7 de triple banda con 8 flujos: 5765 mbps en 6 ghz, 8648 mbps en 5 ghz y 688 mbps en 2.4 ghz.<\/td>\n<\/tr>\n<tr>\n<td>1\u00d7 puerto 10g: garantiza conectividad de alta velocidad en toda la red.<\/td>\n<\/tr>\n<tr>\n<td>Baja latencia y menor interferencia: el ancho de banda de 320 mhz, multi-link operation, multi-ru y 4k-qam aseguran un alto desempeno de red.<\/td>\n<\/tr>\n<tr>\n<td>Despliegue flexible y configuracion sencilla: compatible con poe 802.3bt y alimentacion dc para una instalacion flexible, con omada sdn para configuracion con un solo clic.<\/td>\n<\/tr>\n<tr>\n<td>Funciones avanzadas: soporta administracion centralizada, mesh y roaming sin interrupciones.<\/td>\n<\/tr>\n<tr>\n<td>Mayor capacidad y cobertura mas amplia: admite m\u00e1s de 510 clientes concurrentes y cubre hasta 2050 ft (190 m\u00b2) para una conectividad inalambrica confiable y de gran alcance.<\/td>\n<\/tr>\n<\/table>\n","protected":false},"excerpt":{"rendered":"<p>Punto de acceso omada be15000 wi-fi 7 de triple banda para montaje en techo. Puerto: 1\u00d7 puerto rj45 de 10g. Velocidad: 688 mbps en 2.4 ghz + 8640 mbps en 5 ghz + 5760 mbps en 6 ghz. Caracteristicas: poe++ 802.3bt y alimentacion 12 v dc (adaptador de corriente no incluido), 6\u00d7 antenas internas, 8 flujos espaciales, escaneo rf dedicado, mu-mimo, soporte para 320 mhz, roaming sin interrupciones, band steering, beamforming, balanceo de carga, airtime fairness, mlo, 4k-qam, administracion centralizada mediante controlador omada sdn, app omada<\/p>\n","protected":false},"featured_media":0,"comment_status":"open","ping_status":"open","template":"","meta":[],"product_cat":[1754,1563],"product_tag":[1562],"acf":[],"yoast_head":"<!-- This site is optimized with the Yoast SEO plugin v21.7 - https:\/\/yoast.com\/wordpress\/plugins\/seo\/ -->\n<title>[ Tp Link ] &#129351; Eap787 Access Point Omada Be1500 Wifi 7 Triple Banda Montaje Techo<\/title>\n<meta name=\"description\" content=\"Compra Eap787 Access Point Omada Be1500 Wifi 7 Triple Banda Montaje Techo + Env\u00edo a domicilio + Pago seguro + Garant\u00eda\" \/>\n<meta name=\"robots\" content=\"index, follow, max-snippet:-1, max-image-preview:large, max-video-preview:-1\" \/>\n<link rel=\"canonical\" href=\"https:\/\/compuviper.mx\/tienda\/producto\/tp-link-eap787-access-point-omada-be1500-wifi-7-triple-banda-montaje-techo\/\" \/>\n<meta property=\"og:locale\" content=\"es_MX\" \/>\n<meta property=\"og:type\" content=\"article\" \/>\n<meta property=\"og:title\" content=\"[ Tp Link ] &#129351; Eap787 Access Point Omada Be1500 Wifi 7 Triple Banda Montaje Techo\" \/>\n<meta property=\"og:description\" content=\"Compra Eap787 Access Point Omada Be1500 Wifi 7 Triple Banda Montaje Techo + Env\u00edo a domicilio + Pago seguro + Garant\u00eda\" \/>\n<meta property=\"og:url\" content=\"https:\/\/compuviper.mx\/tienda\/producto\/tp-link-eap787-access-point-omada-be1500-wifi-7-triple-banda-montaje-techo\/\" \/>\n<meta property=\"og:site_name\" content=\"Compuviper\" \/>\n<meta property=\"article:publisher\" content=\"https:\/\/www.facebook.com\/compuviper\" \/>\n<meta name=\"twitter:card\" content=\"summary_large_image\" \/>\n<meta name=\"twitter:label1\" content=\"Precio\" \/>\n\t<meta name=\"twitter:data1\" content=\"&#36;4,524 con IVA\" \/>\n\t<meta name=\"twitter:label2\" content=\"Availability\" \/>\n\t<meta name=\"twitter:data2\" content=\"On backorder\" \/>\n<script type=\"application\/ld+json\" class=\"yoast-schema-graph\">{\"@context\":\"https:\/\/schema.org\",\"@graph\":[{\"@type\":\"WebPage\",\"@id\":\"https:\/\/compuviper.mx\/tienda\/producto\/tp-link-eap787-access-point-omada-be1500-wifi-7-triple-banda-montaje-techo\/\",\"url\":\"https:\/\/compuviper.mx\/tienda\/producto\/tp-link-eap787-access-point-omada-be1500-wifi-7-triple-banda-montaje-techo\/\",\"name\":\"[ Tp Link ] &#129351; Eap787 Access Point Omada Be1500 Wifi 7 Triple Banda Montaje Techo\",\"isPartOf\":{\"@id\":\"https:\/\/compuviper.mx\/tienda\/#website\"},\"datePublished\":\"2026-04-18T07:18:08+00:00\",\"dateModified\":\"2026-04-18T07:18:08+00:00\",\"description\":\"Compra Eap787 Access Point Omada Be1500 Wifi 7 Triple Banda Montaje Techo + Env\u00edo a domicilio + Pago seguro + Garant\u00eda\",\"breadcrumb\":{\"@id\":\"https:\/\/compuviper.mx\/tienda\/producto\/tp-link-eap787-access-point-omada-be1500-wifi-7-triple-banda-montaje-techo\/#breadcrumb\"},\"inLanguage\":\"es-MX\",\"potentialAction\":[{\"@type\":\"ReadAction\",\"target\":[\"https:\/\/compuviper.mx\/tienda\/producto\/tp-link-eap787-access-point-omada-be1500-wifi-7-triple-banda-montaje-techo\/\"]}]},{\"@type\":\"BreadcrumbList\",\"@id\":\"https:\/\/compuviper.mx\/tienda\/producto\/tp-link-eap787-access-point-omada-be1500-wifi-7-triple-banda-montaje-techo\/#breadcrumb\",\"itemListElement\":[{\"@type\":\"ListItem\",\"position\":1,\"name\":\"Inicio\",\"item\":\"https:\/\/compuviper.mx\/tienda\/\"},{\"@type\":\"ListItem\",\"position\":2,\"name\":\"Productos\",\"item\":\"https:\/\/compuviper.mx\/tienda\/productos\/\"},{\"@type\":\"ListItem\",\"position\":3,\"name\":\"Redes\",\"item\":\"https:\/\/compuviper.mx\/tienda\/categoria-producto\/redes\/\"},{\"@type\":\"ListItem\",\"position\":4,\"name\":\"Access Point\",\"item\":\"https:\/\/compuviper.mx\/tienda\/categoria-producto\/redes\/access-point\/\"},{\"@type\":\"ListItem\",\"position\":5,\"name\":\"Tp Link Eap787 Access Point Omada Be1500 Wifi 7 Triple Banda Montaje Techo\"}]},{\"@type\":\"WebSite\",\"@id\":\"https:\/\/compuviper.mx\/tienda\/#website\",\"url\":\"https:\/\/compuviper.mx\/tienda\/\",\"name\":\"Compuviper\",\"description\":\"Proveedor de Computadoras, Laptops, Servidores, Monitores, Puntos de Venta, Teclados,   Impresoras, T\u00f3ner, C\u00e1maras de Seguridad y m\u00e1s en tu tienda en l\u00ednea\",\"publisher\":{\"@id\":\"https:\/\/compuviper.mx\/tienda\/#organization\"},\"potentialAction\":[{\"@type\":\"SearchAction\",\"target\":{\"@type\":\"EntryPoint\",\"urlTemplate\":\"https:\/\/compuviper.mx\/tienda\/?s={search_term_string}\"},\"query-input\":\"required name=search_term_string\"}],\"inLanguage\":\"es-MX\"},{\"@type\":\"Organization\",\"@id\":\"https:\/\/compuviper.mx\/tienda\/#organization\",\"name\":\"Compuviper\",\"url\":\"https:\/\/compuviper.mx\/tienda\/\",\"logo\":{\"@type\":\"ImageObject\",\"inLanguage\":\"es-MX\",\"@id\":\"https:\/\/compuviper.mx\/tienda\/#\/schema\/logo\/image\/\",\"url\":\"https:\/\/compuviper.mx\/tienda\/wp-content\/uploads\/2021\/08\/Logo-Compuviper-10.png\",\"contentUrl\":\"https:\/\/compuviper.mx\/tienda\/wp-content\/uploads\/2021\/08\/Logo-Compuviper-10.png\",\"width\":1000,\"height\":500,\"caption\":\"Compuviper\"},\"image\":{\"@id\":\"https:\/\/compuviper.mx\/tienda\/#\/schema\/logo\/image\/\"},\"sameAs\":[\"https:\/\/www.facebook.com\/compuviper\",\"https:\/\/www.youtube.com\/channel\/UCf73dERp9Y3cfOq7q8BhLjA?view_as=subscriber\"]}]}<\/script>\n<meta property=\"product:brand\" content=\"TP LINK\" \/>\n<meta property=\"product:price:amount\" content=\"4524\" \/>\n<meta property=\"product:price:currency\" content=\"MXN\" \/>\n<meta property=\"og:availability\" content=\"backorder\" \/>\n<meta property=\"product:availability\" content=\"available for order\" \/>\n<meta property=\"product:retailer_item_id\" content=\"EAP787\" \/>\n<meta property=\"product:condition\" content=\"new\" \/>\n<!-- \/ Yoast SEO plugin. -->","yoast_head_json":{"title":"[ Tp Link ] &#129351; Eap787 Access Point Omada Be1500 Wifi 7 Triple Banda Montaje Techo","description":"Compra Eap787 Access Point Omada Be1500 Wifi 7 Triple Banda Montaje Techo + Env\u00edo a domicilio + Pago seguro + Garant\u00eda","robots":{"index":"index","follow":"follow","max-snippet":"max-snippet:-1","max-image-preview":"max-image-preview:large","max-video-preview":"max-video-preview:-1"},"canonical":"https:\/\/compuviper.mx\/tienda\/producto\/tp-link-eap787-access-point-omada-be1500-wifi-7-triple-banda-montaje-techo\/","og_locale":"es_MX","og_type":"article","og_title":"[ Tp Link ] &#129351; Eap787 Access Point Omada Be1500 Wifi 7 Triple Banda Montaje Techo","og_description":"Compra Eap787 Access Point Omada Be1500 Wifi 7 Triple Banda Montaje Techo + Env\u00edo a domicilio + Pago seguro + Garant\u00eda","og_url":"https:\/\/compuviper.mx\/tienda\/producto\/tp-link-eap787-access-point-omada-be1500-wifi-7-triple-banda-montaje-techo\/","og_site_name":"Compuviper","article_publisher":"https:\/\/www.facebook.com\/compuviper","twitter_card":"summary_large_image","twitter_misc":{"Precio":"&#36;4,524 con IVA","Availability":"On backorder"},"schema":{"@context":"https:\/\/schema.org","@graph":[{"@type":"WebPage","@id":"https:\/\/compuviper.mx\/tienda\/producto\/tp-link-eap787-access-point-omada-be1500-wifi-7-triple-banda-montaje-techo\/","url":"https:\/\/compuviper.mx\/tienda\/producto\/tp-link-eap787-access-point-omada-be1500-wifi-7-triple-banda-montaje-techo\/","name":"[ Tp Link ] &#129351; Eap787 Access Point Omada Be1500 Wifi 7 Triple Banda Montaje Techo","isPartOf":{"@id":"https:\/\/compuviper.mx\/tienda\/#website"},"datePublished":"2026-04-18T07:18:08+00:00","dateModified":"2026-04-18T07:18:08+00:00","description":"Compra Eap787 Access Point Omada Be1500 Wifi 7 Triple Banda Montaje Techo + Env\u00edo a domicilio + Pago seguro + Garant\u00eda","breadcrumb":{"@id":"https:\/\/compuviper.mx\/tienda\/producto\/tp-link-eap787-access-point-omada-be1500-wifi-7-triple-banda-montaje-techo\/#breadcrumb"},"inLanguage":"es-MX","potentialAction":[{"@type":"ReadAction","target":["https:\/\/compuviper.mx\/tienda\/producto\/tp-link-eap787-access-point-omada-be1500-wifi-7-triple-banda-montaje-techo\/"]}]},{"@type":"BreadcrumbList","@id":"https:\/\/compuviper.mx\/tienda\/producto\/tp-link-eap787-access-point-omada-be1500-wifi-7-triple-banda-montaje-techo\/#breadcrumb","itemListElement":[{"@type":"ListItem","position":1,"name":"Inicio","item":"https:\/\/compuviper.mx\/tienda\/"},{"@type":"ListItem","position":2,"name":"Productos","item":"https:\/\/compuviper.mx\/tienda\/productos\/"},{"@type":"ListItem","position":3,"name":"Redes","item":"https:\/\/compuviper.mx\/tienda\/categoria-producto\/redes\/"},{"@type":"ListItem","position":4,"name":"Access Point","item":"https:\/\/compuviper.mx\/tienda\/categoria-producto\/redes\/access-point\/"},{"@type":"ListItem","position":5,"name":"Tp Link Eap787 Access Point Omada Be1500 Wifi 7 Triple Banda Montaje Techo"}]},{"@type":"WebSite","@id":"https:\/\/compuviper.mx\/tienda\/#website","url":"https:\/\/compuviper.mx\/tienda\/","name":"Compuviper","description":"Proveedor de Computadoras, Laptops, Servidores, Monitores, Puntos de Venta, Teclados,   Impresoras, T\u00f3ner, C\u00e1maras de Seguridad y m\u00e1s en tu tienda en l\u00ednea","publisher":{"@id":"https:\/\/compuviper.mx\/tienda\/#organization"},"potentialAction":[{"@type":"SearchAction","target":{"@type":"EntryPoint","urlTemplate":"https:\/\/compuviper.mx\/tienda\/?s={search_term_string}"},"query-input":"required name=search_term_string"}],"inLanguage":"es-MX"},{"@type":"Organization","@id":"https:\/\/compuviper.mx\/tienda\/#organization","name":"Compuviper","url":"https:\/\/compuviper.mx\/tienda\/","logo":{"@type":"ImageObject","inLanguage":"es-MX","@id":"https:\/\/compuviper.mx\/tienda\/#\/schema\/logo\/image\/","url":"https:\/\/compuviper.mx\/tienda\/wp-content\/uploads\/2021\/08\/Logo-Compuviper-10.png","contentUrl":"https:\/\/compuviper.mx\/tienda\/wp-content\/uploads\/2021\/08\/Logo-Compuviper-10.png","width":1000,"height":500,"caption":"Compuviper"},"image":{"@id":"https:\/\/compuviper.mx\/tienda\/#\/schema\/logo\/image\/"},"sameAs":["https:\/\/www.facebook.com\/compuviper","https:\/\/www.youtube.com\/channel\/UCf73dERp9Y3cfOq7q8BhLjA?view_as=subscriber"]}]},"product_brand":"TP LINK","product_price_amount":"4524","product_price_currency":"MXN","og_availability":"backorder","product_availability":"available for order","product_retailer_item_id":"EAP787","product_condition":"new"},"_links":{"self":[{"href":"https:\/\/compuviper.mx\/tienda\/wp-json\/wp\/v2\/product\/267491"}],"collection":[{"href":"https:\/\/compuviper.mx\/tienda\/wp-json\/wp\/v2\/product"}],"about":[{"href":"https:\/\/compuviper.mx\/tienda\/wp-json\/wp\/v2\/types\/product"}],"replies":[{"embeddable":true,"href":"https:\/\/compuviper.mx\/tienda\/wp-json\/wp\/v2\/comments?post=267491"}],"wp:attachment":[{"href":"https:\/\/compuviper.mx\/tienda\/wp-json\/wp\/v2\/media?parent=267491"}],"wp:term":[{"taxonomy":"product_cat","embeddable":true,"href":"https:\/\/compuviper.mx\/tienda\/wp-json\/wp\/v2\/product_cat?post=267491"},{"taxonomy":"product_tag","embeddable":true,"href":"https:\/\/compuviper.mx\/tienda\/wp-json\/wp\/v2\/product_tag?post=267491"}],"curies":[{"name":"wp","href":"https:\/\/api.w.org\/{rel}","templated":true}]}}