{"id":267490,"date":"2026-04-18T01:18:06","date_gmt":"2026-04-18T07:18:06","guid":{"rendered":"https:\/\/compuviper.mx\/tienda\/producto\/tp-link-er605w-router-vpn-gigabit-ac1200\/"},"modified":"2026-04-18T01:18:07","modified_gmt":"2026-04-18T07:18:07","slug":"tp-link-er605w-router-vpn-gigabit-ac1200","status":"publish","type":"product","link":"https:\/\/compuviper.mx\/tienda\/producto\/tp-link-er605w-router-vpn-gigabit-ac1200\/","title":{"rendered":"Tp Link Er605w  Router  Vpn Gigabit Ac1200"},"content":{"rendered":"<table class=\"descripcion\">\n<tr>\n<td>Gateway vpn gigabit omada ac1200<\/td>\n<\/tr>\n<tr>\n<td>Puertos:<\/td>\n<\/tr>\n<tr>\n<td>1 puerto wan gigabit rj45<\/td>\n<\/tr>\n<tr>\n<td>2 puertos gigabit rj45 wan\/lan<\/td>\n<\/tr>\n<tr>\n<td>2 puertos lan gigabit rj45<\/td>\n<\/tr>\n<tr>\n<td>Velocidad:<\/td>\n<\/tr>\n<tr>\n<td>300 mbps en 2.4 ghz  867 mbps en 5 ghz<\/td>\n<\/tr>\n<tr>\n<td>Caracteristicas:<\/td>\n<\/tr>\n<tr>\n<td>Administracion centralizada mediante omada sdn controller<\/td>\n<\/tr>\n<tr>\n<td>Gestion desde la aplicacion omada<\/td>\n<\/tr>\n<tr>\n<td>Soporte para vpn openvpn e ipsec \/ pptp \/ l2tp \/ l2tp sobre ipsec<\/td>\n<\/tr>\n<tr>\n<td>Vpn wireguard \/ gre<\/td>\n<\/tr>\n<tr>\n<td>4 antenas externas<\/td>\n<\/tr>\n<tr>\n<td>Mu-mimo<\/td>\n<\/tr>\n<tr>\n<td>Beamforming<\/td>\n<\/tr>\n<tr>\n<td>Balanceo de carga<\/td>\n<\/tr>\n<tr>\n<td>Respaldo de enlace link backup<\/td>\n<\/tr>\n<tr>\n<td>Firewall basado en polticas<\/td>\n<\/tr>\n<tr>\n<td>Enrutamiento estatico<\/td>\n<\/tr>\n<tr>\n<td>Dhcp multinetwork<\/td>\n<\/tr>\n<tr>\n<td>Vlan<\/td>\n<\/tr>\n<\/table>\n","protected":false},"excerpt":{"rendered":"<p>Er605w es un router empresarial de seguridad con wi-fi integrado que combina conectividad de alto rendimiento, manejo de trafico inteligente y funciones avanzadas de seguridad. Disenado para oficinas, sucursales y pymes, ofrece una solucin todo-en-uno para conectar redes cableadas e inalambricas con alto nivel de control y fiabilidad.<\/p>\n","protected":false},"featured_media":0,"comment_status":"open","ping_status":"open","template":"","meta":[],"product_cat":[1563,1564],"product_tag":[1562],"acf":[],"yoast_head":"<!-- This site is optimized with the Yoast SEO plugin v21.7 - https:\/\/yoast.com\/wordpress\/plugins\/seo\/ -->\n<title>[ Tp Link ] &#129351; Er605w Router Vpn Gigabit Ac1200<\/title>\n<meta name=\"description\" content=\"Compra Er605w Router Vpn Gigabit Ac1200 + Env\u00edo a domicilio + Pago seguro + Garant\u00eda\" \/>\n<meta name=\"robots\" content=\"index, follow, max-snippet:-1, max-image-preview:large, max-video-preview:-1\" \/>\n<link rel=\"canonical\" href=\"https:\/\/compuviper.mx\/tienda\/producto\/tp-link-er605w-router-vpn-gigabit-ac1200\/\" \/>\n<meta property=\"og:locale\" content=\"es_MX\" \/>\n<meta property=\"og:type\" content=\"article\" \/>\n<meta property=\"og:title\" content=\"[ Tp Link ] &#129351; Er605w Router Vpn Gigabit Ac1200\" \/>\n<meta property=\"og:description\" content=\"Compra Er605w Router Vpn Gigabit Ac1200 + Env\u00edo a domicilio + Pago seguro + Garant\u00eda\" \/>\n<meta property=\"og:url\" content=\"https:\/\/compuviper.mx\/tienda\/producto\/tp-link-er605w-router-vpn-gigabit-ac1200\/\" \/>\n<meta property=\"og:site_name\" content=\"Compuviper\" \/>\n<meta property=\"article:publisher\" content=\"https:\/\/www.facebook.com\/compuviper\" \/>\n<meta property=\"article:modified_time\" content=\"2026-04-18T07:18:07+00:00\" \/>\n<meta name=\"twitter:card\" content=\"summary_large_image\" \/>\n<meta name=\"twitter:label1\" content=\"Precio\" \/>\n\t<meta name=\"twitter:data1\" content=\"&#36;779 con IVA\" \/>\n\t<meta name=\"twitter:label2\" content=\"Availability\" \/>\n\t<meta name=\"twitter:data2\" content=\"On backorder\" \/>\n<script type=\"application\/ld+json\" class=\"yoast-schema-graph\">{\"@context\":\"https:\/\/schema.org\",\"@graph\":[{\"@type\":\"WebPage\",\"@id\":\"https:\/\/compuviper.mx\/tienda\/producto\/tp-link-er605w-router-vpn-gigabit-ac1200\/\",\"url\":\"https:\/\/compuviper.mx\/tienda\/producto\/tp-link-er605w-router-vpn-gigabit-ac1200\/\",\"name\":\"[ Tp Link ] &#129351; Er605w Router Vpn Gigabit Ac1200\",\"isPartOf\":{\"@id\":\"https:\/\/compuviper.mx\/tienda\/#website\"},\"datePublished\":\"2026-04-18T07:18:06+00:00\",\"dateModified\":\"2026-04-18T07:18:07+00:00\",\"description\":\"Compra Er605w Router Vpn Gigabit Ac1200 + Env\u00edo a domicilio + Pago seguro + Garant\u00eda\",\"breadcrumb\":{\"@id\":\"https:\/\/compuviper.mx\/tienda\/producto\/tp-link-er605w-router-vpn-gigabit-ac1200\/#breadcrumb\"},\"inLanguage\":\"es-MX\",\"potentialAction\":[{\"@type\":\"ReadAction\",\"target\":[\"https:\/\/compuviper.mx\/tienda\/producto\/tp-link-er605w-router-vpn-gigabit-ac1200\/\"]}]},{\"@type\":\"BreadcrumbList\",\"@id\":\"https:\/\/compuviper.mx\/tienda\/producto\/tp-link-er605w-router-vpn-gigabit-ac1200\/#breadcrumb\",\"itemListElement\":[{\"@type\":\"ListItem\",\"position\":1,\"name\":\"Inicio\",\"item\":\"https:\/\/compuviper.mx\/tienda\/\"},{\"@type\":\"ListItem\",\"position\":2,\"name\":\"Productos\",\"item\":\"https:\/\/compuviper.mx\/tienda\/productos\/\"},{\"@type\":\"ListItem\",\"position\":3,\"name\":\"Redes\",\"item\":\"https:\/\/compuviper.mx\/tienda\/categoria-producto\/redes\/\"},{\"@type\":\"ListItem\",\"position\":4,\"name\":\"Switch\",\"item\":\"https:\/\/compuviper.mx\/tienda\/categoria-producto\/redes\/switch\/\"},{\"@type\":\"ListItem\",\"position\":5,\"name\":\"Tp Link Er605w Router Vpn Gigabit Ac1200\"}]},{\"@type\":\"WebSite\",\"@id\":\"https:\/\/compuviper.mx\/tienda\/#website\",\"url\":\"https:\/\/compuviper.mx\/tienda\/\",\"name\":\"Compuviper\",\"description\":\"Proveedor de Computadoras, Laptops, Servidores, Monitores, Puntos de Venta, Teclados,   Impresoras, T\u00f3ner, C\u00e1maras de Seguridad y m\u00e1s en tu tienda en l\u00ednea\",\"publisher\":{\"@id\":\"https:\/\/compuviper.mx\/tienda\/#organization\"},\"potentialAction\":[{\"@type\":\"SearchAction\",\"target\":{\"@type\":\"EntryPoint\",\"urlTemplate\":\"https:\/\/compuviper.mx\/tienda\/?s={search_term_string}\"},\"query-input\":\"required name=search_term_string\"}],\"inLanguage\":\"es-MX\"},{\"@type\":\"Organization\",\"@id\":\"https:\/\/compuviper.mx\/tienda\/#organization\",\"name\":\"Compuviper\",\"url\":\"https:\/\/compuviper.mx\/tienda\/\",\"logo\":{\"@type\":\"ImageObject\",\"inLanguage\":\"es-MX\",\"@id\":\"https:\/\/compuviper.mx\/tienda\/#\/schema\/logo\/image\/\",\"url\":\"https:\/\/compuviper.mx\/tienda\/wp-content\/uploads\/2021\/08\/Logo-Compuviper-10.png\",\"contentUrl\":\"https:\/\/compuviper.mx\/tienda\/wp-content\/uploads\/2021\/08\/Logo-Compuviper-10.png\",\"width\":1000,\"height\":500,\"caption\":\"Compuviper\"},\"image\":{\"@id\":\"https:\/\/compuviper.mx\/tienda\/#\/schema\/logo\/image\/\"},\"sameAs\":[\"https:\/\/www.facebook.com\/compuviper\",\"https:\/\/www.youtube.com\/channel\/UCf73dERp9Y3cfOq7q8BhLjA?view_as=subscriber\"]}]}<\/script>\n<meta property=\"product:brand\" content=\"TP LINK\" \/>\n<meta property=\"product:price:amount\" content=\"779\" \/>\n<meta property=\"product:price:currency\" content=\"MXN\" \/>\n<meta property=\"og:availability\" content=\"backorder\" \/>\n<meta property=\"product:availability\" content=\"available for order\" \/>\n<meta property=\"product:retailer_item_id\" content=\"ER605W\" \/>\n<meta property=\"product:condition\" content=\"new\" \/>\n<!-- \/ Yoast SEO plugin. -->","yoast_head_json":{"title":"[ Tp Link ] &#129351; Er605w Router Vpn Gigabit Ac1200","description":"Compra Er605w Router Vpn Gigabit Ac1200 + Env\u00edo a domicilio + Pago seguro + Garant\u00eda","robots":{"index":"index","follow":"follow","max-snippet":"max-snippet:-1","max-image-preview":"max-image-preview:large","max-video-preview":"max-video-preview:-1"},"canonical":"https:\/\/compuviper.mx\/tienda\/producto\/tp-link-er605w-router-vpn-gigabit-ac1200\/","og_locale":"es_MX","og_type":"article","og_title":"[ Tp Link ] &#129351; Er605w Router Vpn Gigabit Ac1200","og_description":"Compra Er605w Router Vpn Gigabit Ac1200 + Env\u00edo a domicilio + Pago seguro + Garant\u00eda","og_url":"https:\/\/compuviper.mx\/tienda\/producto\/tp-link-er605w-router-vpn-gigabit-ac1200\/","og_site_name":"Compuviper","article_publisher":"https:\/\/www.facebook.com\/compuviper","article_modified_time":"2026-04-18T07:18:07+00:00","twitter_card":"summary_large_image","twitter_misc":{"Precio":"&#36;779 con IVA","Availability":"On backorder"},"schema":{"@context":"https:\/\/schema.org","@graph":[{"@type":"WebPage","@id":"https:\/\/compuviper.mx\/tienda\/producto\/tp-link-er605w-router-vpn-gigabit-ac1200\/","url":"https:\/\/compuviper.mx\/tienda\/producto\/tp-link-er605w-router-vpn-gigabit-ac1200\/","name":"[ Tp Link ] &#129351; Er605w Router Vpn Gigabit Ac1200","isPartOf":{"@id":"https:\/\/compuviper.mx\/tienda\/#website"},"datePublished":"2026-04-18T07:18:06+00:00","dateModified":"2026-04-18T07:18:07+00:00","description":"Compra Er605w Router Vpn Gigabit Ac1200 + Env\u00edo a domicilio + Pago seguro + Garant\u00eda","breadcrumb":{"@id":"https:\/\/compuviper.mx\/tienda\/producto\/tp-link-er605w-router-vpn-gigabit-ac1200\/#breadcrumb"},"inLanguage":"es-MX","potentialAction":[{"@type":"ReadAction","target":["https:\/\/compuviper.mx\/tienda\/producto\/tp-link-er605w-router-vpn-gigabit-ac1200\/"]}]},{"@type":"BreadcrumbList","@id":"https:\/\/compuviper.mx\/tienda\/producto\/tp-link-er605w-router-vpn-gigabit-ac1200\/#breadcrumb","itemListElement":[{"@type":"ListItem","position":1,"name":"Inicio","item":"https:\/\/compuviper.mx\/tienda\/"},{"@type":"ListItem","position":2,"name":"Productos","item":"https:\/\/compuviper.mx\/tienda\/productos\/"},{"@type":"ListItem","position":3,"name":"Redes","item":"https:\/\/compuviper.mx\/tienda\/categoria-producto\/redes\/"},{"@type":"ListItem","position":4,"name":"Switch","item":"https:\/\/compuviper.mx\/tienda\/categoria-producto\/redes\/switch\/"},{"@type":"ListItem","position":5,"name":"Tp Link Er605w Router Vpn Gigabit Ac1200"}]},{"@type":"WebSite","@id":"https:\/\/compuviper.mx\/tienda\/#website","url":"https:\/\/compuviper.mx\/tienda\/","name":"Compuviper","description":"Proveedor de Computadoras, Laptops, Servidores, Monitores, Puntos de Venta, Teclados,   Impresoras, T\u00f3ner, C\u00e1maras de Seguridad y m\u00e1s en tu tienda en l\u00ednea","publisher":{"@id":"https:\/\/compuviper.mx\/tienda\/#organization"},"potentialAction":[{"@type":"SearchAction","target":{"@type":"EntryPoint","urlTemplate":"https:\/\/compuviper.mx\/tienda\/?s={search_term_string}"},"query-input":"required name=search_term_string"}],"inLanguage":"es-MX"},{"@type":"Organization","@id":"https:\/\/compuviper.mx\/tienda\/#organization","name":"Compuviper","url":"https:\/\/compuviper.mx\/tienda\/","logo":{"@type":"ImageObject","inLanguage":"es-MX","@id":"https:\/\/compuviper.mx\/tienda\/#\/schema\/logo\/image\/","url":"https:\/\/compuviper.mx\/tienda\/wp-content\/uploads\/2021\/08\/Logo-Compuviper-10.png","contentUrl":"https:\/\/compuviper.mx\/tienda\/wp-content\/uploads\/2021\/08\/Logo-Compuviper-10.png","width":1000,"height":500,"caption":"Compuviper"},"image":{"@id":"https:\/\/compuviper.mx\/tienda\/#\/schema\/logo\/image\/"},"sameAs":["https:\/\/www.facebook.com\/compuviper","https:\/\/www.youtube.com\/channel\/UCf73dERp9Y3cfOq7q8BhLjA?view_as=subscriber"]}]},"product_brand":"TP LINK","product_price_amount":"779","product_price_currency":"MXN","og_availability":"backorder","product_availability":"available for order","product_retailer_item_id":"ER605W","product_condition":"new"},"_links":{"self":[{"href":"https:\/\/compuviper.mx\/tienda\/wp-json\/wp\/v2\/product\/267490"}],"collection":[{"href":"https:\/\/compuviper.mx\/tienda\/wp-json\/wp\/v2\/product"}],"about":[{"href":"https:\/\/compuviper.mx\/tienda\/wp-json\/wp\/v2\/types\/product"}],"replies":[{"embeddable":true,"href":"https:\/\/compuviper.mx\/tienda\/wp-json\/wp\/v2\/comments?post=267490"}],"wp:attachment":[{"href":"https:\/\/compuviper.mx\/tienda\/wp-json\/wp\/v2\/media?parent=267490"}],"wp:term":[{"taxonomy":"product_cat","embeddable":true,"href":"https:\/\/compuviper.mx\/tienda\/wp-json\/wp\/v2\/product_cat?post=267490"},{"taxonomy":"product_tag","embeddable":true,"href":"https:\/\/compuviper.mx\/tienda\/wp-json\/wp\/v2\/product_tag?post=267490"}],"curies":[{"name":"wp","href":"https:\/\/api.w.org\/{rel}","templated":true}]}}