{"id":267477,"date":"2026-04-02T00:55:58","date_gmt":"2026-04-02T06:55:58","guid":{"rendered":"https:\/\/compuviper.mx\/tienda\/producto\/lenovo-64bekar1la-monitor-thinkvision-s27-4e-23-8-fhd-hdmi-vga-3-yr-garantia-en-centro-de-servicio\/"},"modified":"2026-04-02T00:55:58","modified_gmt":"2026-04-02T06:55:58","slug":"lenovo-64bekar1la-monitor-thinkvision-s27-4e-23-8-fhd-hdmi-vga-3-yr-garantia-en-centro-de-servicio","status":"publish","type":"product","link":"https:\/\/compuviper.mx\/tienda\/producto\/lenovo-64bekar1la-monitor-thinkvision-s27-4e-23-8-fhd-hdmi-vga-3-yr-garantia-en-centro-de-servicio\/","title":{"rendered":"Lenovo 64bekar1la Monitor Thinkvision S27-4e \/ 23.8 Fhd \/ Hdmi \/ Vga\/ 3 Yr Garantia  En Centro De Servicio"},"content":{"rendered":"<table class=\"descripcion\">\n<tr>\n<td>Configuraciones del modelo<\/td>\n<\/tr>\n<tr>\n<td>Actuacin<\/td>\n<\/tr>\n<tr>\n<td>Tamao de la pantalla<\/td>\n<\/tr>\n<tr>\n<td>27<\/td>\n<\/tr>\n<tr>\n<td>\u00e1rea de visualizacin<\/td>\n<\/tr>\n<tr>\n<td>597,9 x 336,3 mm<\/td>\n<\/tr>\n<tr>\n<td>Panel<\/td>\n<\/tr>\n<tr>\n<td>Conmutacin en el plano<\/td>\n<\/tr>\n<tr>\n<td>Iluminar desde el fondo<\/td>\n<\/tr>\n<tr>\n<td>Led<\/td>\n<\/tr>\n<tr>\n<td>Relacin de aspecto<\/td>\n<\/tr>\n<tr>\n<td>16:9<\/td>\n<\/tr>\n<tr>\n<td>Resolucin<\/td>\n<\/tr>\n<tr>\n<td>1920&#215;1080<\/td>\n<\/tr>\n<tr>\n<td>Paso de pxeles<\/td>\n<\/tr>\n<tr>\n<td>0,3114 x 0,3114 mm<\/td>\n<\/tr>\n<tr>\n<td>Puntos\/pxeles por pulgada<\/td>\n<\/tr>\n<tr>\n<td>82 ppp<\/td>\n<\/tr>\n<tr>\n<td>\u00e1ngulo de visin h\/v<\/td>\n<\/tr>\n<tr>\n<td>178\u00b0 \/ 178\u00b0<\/td>\n<\/tr>\n<tr>\n<td>Tiempo de respuesta<\/td>\n<\/tr>\n<tr>\n<td>4 ms gtg modo extremo \/ 6 ms gtg modo tpico<\/td>\n<\/tr>\n<tr>\n<td>Soporte de color<\/td>\n<\/tr>\n<tr>\n<td>16,7 millones<\/td>\n<\/tr>\n<tr>\n<td>Frecuencia de actualizacin<\/td>\n<\/tr>\n<tr>\n<td>100 hz<\/td>\n<\/tr>\n<tr>\n<td>Brillo<\/td>\n<\/tr>\n<tr>\n<td>300 cd\/m\u00b2<\/td>\n<\/tr>\n<tr>\n<td>Relacin de contraste<\/td>\n<\/tr>\n<tr>\n<td>1500:1<\/td>\n<\/tr>\n<tr>\n<td>Gama de colores<\/td>\n<\/tr>\n<tr>\n<td>99 srgb<\/td>\n<\/tr>\n<tr>\n<td>Tratamiento de la superficie de la pantalla<\/td>\n<\/tr>\n<tr>\n<td>Antideslumbrante<\/td>\n<\/tr>\n<tr>\n<td>Curvatura<\/td>\n<\/tr>\n<tr>\n<td>Panel plano<\/td>\n<\/tr>\n<tr>\n<td>Cmara<\/td>\n<\/tr>\n<tr>\n<td>Ninguno<\/td>\n<\/tr>\n<tr>\n<td>Micrfono<\/td>\n<\/tr>\n<tr>\n<td>Ninguno<\/td>\n<\/tr>\n<tr>\n<td>Oradores<\/td>\n<\/tr>\n<tr>\n<td>Ninguno<\/td>\n<\/tr>\n<tr>\n<td>Consumo de energa tpico\/mximo<\/td>\n<\/tr>\n<tr>\n<td>17,3 w \/ 19,8 w<\/td>\n<\/tr>\n<tr>\n<td>Adaptador de corriente<\/td>\n<\/tr>\n<tr>\n<td>Integrado<\/td>\n<\/tr>\n<tr>\n<td>Diseo<\/td>\n<\/tr>\n<tr>\n<td>Pararse<\/td>\n<\/tr>\n<tr>\n<td>Soporte de inclinacin<\/td>\n<\/tr>\n<tr>\n<td>Color de la caja<\/td>\n<\/tr>\n<tr>\n<td>Cuervo negro<\/td>\n<\/tr>\n<tr>\n<td>Ancho del bisel lateral<\/td>\n<\/tr>\n<tr>\n<td>2,0 milmetros<\/td>\n<\/tr>\n<tr>\n<td>Montaje<\/td>\n<\/tr>\n<tr>\n<td>Admite montaje vesa 100 x 100 mm<\/td>\n<\/tr>\n<tr>\n<td>Soporte para thinkcentre serie m<\/td>\n<\/tr>\n<tr>\n<td>Pequeo soporte<\/td>\n<\/tr>\n<tr>\n<td>Dimensiones an x pr x al<\/td>\n<\/tr>\n<tr>\n<td>Desembalado con soporte | 611,9 x 210,0 x 443,5 mm 24,09 x 8,27 x 17,46 pulgadas<\/td>\n<\/tr>\n<tr>\n<td>Cabezal solamente | 611,9 x 44,4 x 366,5 mm 24,09 x 1,75 x 14,43 pulgadas<\/td>\n<\/tr>\n<tr>\n<td>Dimensiones del embalaje an x pr x al<\/td>\n<\/tr>\n<tr>\n<td>690,0 x 111,0 x 525,0 mm 27,17 x 4,37 x 20,67 pulgadas<\/td>\n<\/tr>\n<tr>\n<td>Peso<\/td>\n<\/tr>\n<tr>\n<td>Monitor con soporte | 4,1 kg 9,0 lbs<\/td>\n<\/tr>\n<tr>\n<td>Solo cabezal del monitor | 3,7 kg 8,2 lbs<\/td>\n<\/tr>\n<tr>\n<td>Peso del embalaje<\/td>\n<\/tr>\n<tr>\n<td>Eps: 5,8 kg 12,8 libras<\/td>\n<\/tr>\n<tr>\n<td>Pulpa: 6,4 kg 14,1 lbs<\/td>\n<\/tr>\n<tr>\n<td>Conectividad<\/td>\n<\/tr>\n<tr>\n<td>Puerto usb<\/td>\n<\/tr>\n<tr>\n<td>Ninguno<\/td>\n<\/tr>\n<tr>\n<td>Conector de vdeo<\/td>\n<\/tr>\n<tr>\n<td>1 hdmi\u00ae 1.4, 1 vga<\/td>\n<\/tr>\n<tr>\n<td>Conectividad de red<\/td>\n<\/tr>\n<tr>\n<td>Ninguno<\/td>\n<\/tr>\n<tr>\n<td>Servicio<\/td>\n<\/tr>\n<tr>\n<td>Garanta bsica<\/td>\n<\/tr>\n<tr>\n<td>3 aos<\/td>\n<\/tr>\n<tr>\n<td>Certificaciones<\/td>\n<\/tr>\n<tr>\n<td>Certificacin ambiental<\/td>\n<\/tr>\n<tr>\n<td>Certificacin energy star, epeat\u0099 gold, nivel de eficiencia energtica de la ue nivel d, rohs, certificacin de compuestos orgnicos voltiles<\/td>\n<\/tr>\n<tr>\n<td>Certificacin ergonmica<\/td>\n<\/tr>\n<tr>\n<td>Tv low blue light solucin de hardware, tv rheinland\u00ae flicker free<\/td>\n<\/tr>\n<tr>\n<td>Tecnologa de sincronizacin<\/td>\n<\/tr>\n<tr>\n<td>Ninguno<\/td>\n<\/tr>\n<tr>\n<td>Software<\/td>\n<\/tr>\n<tr>\n<td>Sistema operativo<\/td>\n<\/tr>\n<tr>\n<td>Compatible con windows\u00ae 10, windows\u00ae 11<\/td>\n<\/tr>\n<tr>\n<td>Accesorios<\/td>\n<\/tr>\n<tr>\n<td>En la caja<\/td>\n<\/tr>\n<tr>\n<td>Monitor con soporte<\/td>\n<\/tr>\n<tr>\n<td>1 cable hdmi\u00ae 1.4 1,8 m<\/td>\n<\/tr>\n<tr>\n<td>1x cable de alimentacin 1,8 m<\/td>\n<\/tr>\n<tr>\n<td>Gua de configuracin rpida<\/td>\n<\/tr>\n<tr>\n<td>Informacin del modelo<\/td>\n<\/tr>\n<tr>\n<td>Modelo<\/td>\n<\/tr>\n<tr>\n<td>64bekar1la<\/td>\n<\/tr>\n<tr>\n<td>Tipo de mquina<\/td>\n<\/tr>\n<tr>\n<td>64be<\/td>\n<\/tr>\n<tr>\n<td>Regin<\/td>\n<\/tr>\n<tr>\n<td>La<\/td>\n<\/tr>\n<tr>\n<td>Ean \/ upc \/ ene<\/td>\n<\/tr>\n<tr>\n<td>0198157472433 \/ 198157472433 \/ ninguno<\/td>\n<\/tr>\n<tr>\n<td>Anunciar fecha<\/td>\n<\/tr>\n<tr>\n<td>02-07-2025<\/td>\n<\/tr>\n<\/table>\n","protected":false},"excerpt":{"rendered":"<p>Monitor thinkvision s27-4e<\/p>\n","protected":false},"featured_media":0,"comment_status":"open","ping_status":"open","template":"","meta":[],"product_cat":[1741,1740],"product_tag":[1578],"acf":[],"yoast_head":"<!-- This site is optimized with the Yoast SEO plugin v21.7 - https:\/\/yoast.com\/wordpress\/plugins\/seo\/ -->\n<title>[ Lenovo ] &#129351; 64bekar1la Monitor Thinkvision S27-4e \/ 23.8 Fhd \/ Hdmi \/ Vga\/ 3 Yr Garantia En Centro De Servicio<\/title>\n<meta name=\"description\" content=\"Compra 64bekar1la Monitor Thinkvision S27-4e \/ 23.8 Fhd \/ Hdmi \/ Vga\/ 3 Yr Garantia En Centro De Servicio + Env\u00edo a domicilio + Pago seguro + Garant\u00eda\" \/>\n<meta name=\"robots\" content=\"index, follow, max-snippet:-1, max-image-preview:large, max-video-preview:-1\" \/>\n<link rel=\"canonical\" href=\"https:\/\/compuviper.mx\/tienda\/producto\/lenovo-64bekar1la-monitor-thinkvision-s27-4e-23-8-fhd-hdmi-vga-3-yr-garantia-en-centro-de-servicio\/\" \/>\n<meta property=\"og:locale\" content=\"es_MX\" \/>\n<meta property=\"og:type\" content=\"article\" \/>\n<meta property=\"og:title\" content=\"[ Lenovo ] &#129351; 64bekar1la Monitor Thinkvision S27-4e \/ 23.8 Fhd \/ Hdmi \/ Vga\/ 3 Yr Garantia En Centro De Servicio\" \/>\n<meta property=\"og:description\" content=\"Compra 64bekar1la Monitor Thinkvision S27-4e \/ 23.8 Fhd \/ Hdmi \/ Vga\/ 3 Yr Garantia En Centro De Servicio + Env\u00edo a domicilio + Pago seguro + Garant\u00eda\" \/>\n<meta property=\"og:url\" content=\"https:\/\/compuviper.mx\/tienda\/producto\/lenovo-64bekar1la-monitor-thinkvision-s27-4e-23-8-fhd-hdmi-vga-3-yr-garantia-en-centro-de-servicio\/\" \/>\n<meta property=\"og:site_name\" content=\"Compuviper\" \/>\n<meta property=\"article:publisher\" content=\"https:\/\/www.facebook.com\/compuviper\" \/>\n<meta name=\"twitter:card\" content=\"summary_large_image\" \/>\n<meta name=\"twitter:label1\" content=\"Precio\" \/>\n\t<meta name=\"twitter:data1\" content=\"&#36;3,606 con IVA\" \/>\n\t<meta name=\"twitter:label2\" content=\"Availability\" \/>\n\t<meta name=\"twitter:data2\" content=\"On backorder\" \/>\n<script type=\"application\/ld+json\" class=\"yoast-schema-graph\">{\"@context\":\"https:\/\/schema.org\",\"@graph\":[{\"@type\":\"WebPage\",\"@id\":\"https:\/\/compuviper.mx\/tienda\/producto\/lenovo-64bekar1la-monitor-thinkvision-s27-4e-23-8-fhd-hdmi-vga-3-yr-garantia-en-centro-de-servicio\/\",\"url\":\"https:\/\/compuviper.mx\/tienda\/producto\/lenovo-64bekar1la-monitor-thinkvision-s27-4e-23-8-fhd-hdmi-vga-3-yr-garantia-en-centro-de-servicio\/\",\"name\":\"[ Lenovo ] &#129351; 64bekar1la Monitor Thinkvision S27-4e \/ 23.8 Fhd \/ Hdmi \/ Vga\/ 3 Yr Garantia En Centro De Servicio\",\"isPartOf\":{\"@id\":\"https:\/\/compuviper.mx\/tienda\/#website\"},\"datePublished\":\"2026-04-02T06:55:58+00:00\",\"dateModified\":\"2026-04-02T06:55:58+00:00\",\"description\":\"Compra 64bekar1la Monitor Thinkvision S27-4e \/ 23.8 Fhd \/ Hdmi \/ Vga\/ 3 Yr Garantia En Centro De Servicio + Env\u00edo a domicilio + Pago seguro + Garant\u00eda\",\"breadcrumb\":{\"@id\":\"https:\/\/compuviper.mx\/tienda\/producto\/lenovo-64bekar1la-monitor-thinkvision-s27-4e-23-8-fhd-hdmi-vga-3-yr-garantia-en-centro-de-servicio\/#breadcrumb\"},\"inLanguage\":\"es-MX\",\"potentialAction\":[{\"@type\":\"ReadAction\",\"target\":[\"https:\/\/compuviper.mx\/tienda\/producto\/lenovo-64bekar1la-monitor-thinkvision-s27-4e-23-8-fhd-hdmi-vga-3-yr-garantia-en-centro-de-servicio\/\"]}]},{\"@type\":\"BreadcrumbList\",\"@id\":\"https:\/\/compuviper.mx\/tienda\/producto\/lenovo-64bekar1la-monitor-thinkvision-s27-4e-23-8-fhd-hdmi-vga-3-yr-garantia-en-centro-de-servicio\/#breadcrumb\",\"itemListElement\":[{\"@type\":\"ListItem\",\"position\":1,\"name\":\"Inicio\",\"item\":\"https:\/\/compuviper.mx\/tienda\/\"},{\"@type\":\"ListItem\",\"position\":2,\"name\":\"Productos\",\"item\":\"https:\/\/compuviper.mx\/tienda\/productos\/\"},{\"@type\":\"ListItem\",\"position\":3,\"name\":\"Monitores\",\"item\":\"https:\/\/compuviper.mx\/tienda\/categoria-producto\/monitores\/\"},{\"@type\":\"ListItem\",\"position\":4,\"name\":\"Led\",\"item\":\"https:\/\/compuviper.mx\/tienda\/categoria-producto\/monitores\/led\/\"},{\"@type\":\"ListItem\",\"position\":5,\"name\":\"Lenovo 64bekar1la Monitor Thinkvision S27-4e \/ 23.8 Fhd \/ Hdmi \/ Vga\/ 3 Yr Garantia En Centro De Servicio\"}]},{\"@type\":\"WebSite\",\"@id\":\"https:\/\/compuviper.mx\/tienda\/#website\",\"url\":\"https:\/\/compuviper.mx\/tienda\/\",\"name\":\"Compuviper\",\"description\":\"Proveedor de Computadoras, Laptops, Servidores, Monitores, Puntos de Venta, Teclados,   Impresoras, T\u00f3ner, C\u00e1maras de Seguridad y m\u00e1s en tu tienda en l\u00ednea\",\"publisher\":{\"@id\":\"https:\/\/compuviper.mx\/tienda\/#organization\"},\"potentialAction\":[{\"@type\":\"SearchAction\",\"target\":{\"@type\":\"EntryPoint\",\"urlTemplate\":\"https:\/\/compuviper.mx\/tienda\/?s={search_term_string}\"},\"query-input\":\"required name=search_term_string\"}],\"inLanguage\":\"es-MX\"},{\"@type\":\"Organization\",\"@id\":\"https:\/\/compuviper.mx\/tienda\/#organization\",\"name\":\"Compuviper\",\"url\":\"https:\/\/compuviper.mx\/tienda\/\",\"logo\":{\"@type\":\"ImageObject\",\"inLanguage\":\"es-MX\",\"@id\":\"https:\/\/compuviper.mx\/tienda\/#\/schema\/logo\/image\/\",\"url\":\"https:\/\/compuviper.mx\/tienda\/wp-content\/uploads\/2021\/08\/Logo-Compuviper-10.png\",\"contentUrl\":\"https:\/\/compuviper.mx\/tienda\/wp-content\/uploads\/2021\/08\/Logo-Compuviper-10.png\",\"width\":1000,\"height\":500,\"caption\":\"Compuviper\"},\"image\":{\"@id\":\"https:\/\/compuviper.mx\/tienda\/#\/schema\/logo\/image\/\"},\"sameAs\":[\"https:\/\/www.facebook.com\/compuviper\",\"https:\/\/www.youtube.com\/channel\/UCf73dERp9Y3cfOq7q8BhLjA?view_as=subscriber\"]}]}<\/script>\n<meta property=\"product:brand\" content=\"LENOVO\" \/>\n<meta property=\"product:price:amount\" content=\"3606\" \/>\n<meta property=\"product:price:currency\" content=\"MXN\" \/>\n<meta property=\"og:availability\" content=\"backorder\" \/>\n<meta property=\"product:availability\" content=\"available for order\" \/>\n<meta property=\"product:retailer_item_id\" content=\"64BEKAR1LA\" \/>\n<meta property=\"product:condition\" content=\"new\" \/>\n<!-- \/ Yoast SEO plugin. -->","yoast_head_json":{"title":"[ Lenovo ] &#129351; 64bekar1la Monitor Thinkvision S27-4e \/ 23.8 Fhd \/ Hdmi \/ Vga\/ 3 Yr Garantia En Centro De Servicio","description":"Compra 64bekar1la Monitor Thinkvision S27-4e \/ 23.8 Fhd \/ Hdmi \/ Vga\/ 3 Yr Garantia En Centro De Servicio + Env\u00edo a domicilio + Pago seguro + Garant\u00eda","robots":{"index":"index","follow":"follow","max-snippet":"max-snippet:-1","max-image-preview":"max-image-preview:large","max-video-preview":"max-video-preview:-1"},"canonical":"https:\/\/compuviper.mx\/tienda\/producto\/lenovo-64bekar1la-monitor-thinkvision-s27-4e-23-8-fhd-hdmi-vga-3-yr-garantia-en-centro-de-servicio\/","og_locale":"es_MX","og_type":"article","og_title":"[ Lenovo ] &#129351; 64bekar1la Monitor Thinkvision S27-4e \/ 23.8 Fhd \/ Hdmi \/ Vga\/ 3 Yr Garantia En Centro De Servicio","og_description":"Compra 64bekar1la Monitor Thinkvision S27-4e \/ 23.8 Fhd \/ Hdmi \/ Vga\/ 3 Yr Garantia En Centro De Servicio + Env\u00edo a domicilio + Pago seguro + Garant\u00eda","og_url":"https:\/\/compuviper.mx\/tienda\/producto\/lenovo-64bekar1la-monitor-thinkvision-s27-4e-23-8-fhd-hdmi-vga-3-yr-garantia-en-centro-de-servicio\/","og_site_name":"Compuviper","article_publisher":"https:\/\/www.facebook.com\/compuviper","twitter_card":"summary_large_image","twitter_misc":{"Precio":"&#36;3,606 con IVA","Availability":"On backorder"},"schema":{"@context":"https:\/\/schema.org","@graph":[{"@type":"WebPage","@id":"https:\/\/compuviper.mx\/tienda\/producto\/lenovo-64bekar1la-monitor-thinkvision-s27-4e-23-8-fhd-hdmi-vga-3-yr-garantia-en-centro-de-servicio\/","url":"https:\/\/compuviper.mx\/tienda\/producto\/lenovo-64bekar1la-monitor-thinkvision-s27-4e-23-8-fhd-hdmi-vga-3-yr-garantia-en-centro-de-servicio\/","name":"[ Lenovo ] &#129351; 64bekar1la Monitor Thinkvision S27-4e \/ 23.8 Fhd \/ Hdmi \/ Vga\/ 3 Yr Garantia En Centro De Servicio","isPartOf":{"@id":"https:\/\/compuviper.mx\/tienda\/#website"},"datePublished":"2026-04-02T06:55:58+00:00","dateModified":"2026-04-02T06:55:58+00:00","description":"Compra 64bekar1la Monitor Thinkvision S27-4e \/ 23.8 Fhd \/ Hdmi \/ Vga\/ 3 Yr Garantia En Centro De Servicio + Env\u00edo a domicilio + Pago seguro + Garant\u00eda","breadcrumb":{"@id":"https:\/\/compuviper.mx\/tienda\/producto\/lenovo-64bekar1la-monitor-thinkvision-s27-4e-23-8-fhd-hdmi-vga-3-yr-garantia-en-centro-de-servicio\/#breadcrumb"},"inLanguage":"es-MX","potentialAction":[{"@type":"ReadAction","target":["https:\/\/compuviper.mx\/tienda\/producto\/lenovo-64bekar1la-monitor-thinkvision-s27-4e-23-8-fhd-hdmi-vga-3-yr-garantia-en-centro-de-servicio\/"]}]},{"@type":"BreadcrumbList","@id":"https:\/\/compuviper.mx\/tienda\/producto\/lenovo-64bekar1la-monitor-thinkvision-s27-4e-23-8-fhd-hdmi-vga-3-yr-garantia-en-centro-de-servicio\/#breadcrumb","itemListElement":[{"@type":"ListItem","position":1,"name":"Inicio","item":"https:\/\/compuviper.mx\/tienda\/"},{"@type":"ListItem","position":2,"name":"Productos","item":"https:\/\/compuviper.mx\/tienda\/productos\/"},{"@type":"ListItem","position":3,"name":"Monitores","item":"https:\/\/compuviper.mx\/tienda\/categoria-producto\/monitores\/"},{"@type":"ListItem","position":4,"name":"Led","item":"https:\/\/compuviper.mx\/tienda\/categoria-producto\/monitores\/led\/"},{"@type":"ListItem","position":5,"name":"Lenovo 64bekar1la Monitor Thinkvision S27-4e \/ 23.8 Fhd \/ Hdmi \/ Vga\/ 3 Yr Garantia En Centro De Servicio"}]},{"@type":"WebSite","@id":"https:\/\/compuviper.mx\/tienda\/#website","url":"https:\/\/compuviper.mx\/tienda\/","name":"Compuviper","description":"Proveedor de Computadoras, Laptops, Servidores, Monitores, Puntos de Venta, Teclados,   Impresoras, T\u00f3ner, C\u00e1maras de Seguridad y m\u00e1s en tu tienda en l\u00ednea","publisher":{"@id":"https:\/\/compuviper.mx\/tienda\/#organization"},"potentialAction":[{"@type":"SearchAction","target":{"@type":"EntryPoint","urlTemplate":"https:\/\/compuviper.mx\/tienda\/?s={search_term_string}"},"query-input":"required name=search_term_string"}],"inLanguage":"es-MX"},{"@type":"Organization","@id":"https:\/\/compuviper.mx\/tienda\/#organization","name":"Compuviper","url":"https:\/\/compuviper.mx\/tienda\/","logo":{"@type":"ImageObject","inLanguage":"es-MX","@id":"https:\/\/compuviper.mx\/tienda\/#\/schema\/logo\/image\/","url":"https:\/\/compuviper.mx\/tienda\/wp-content\/uploads\/2021\/08\/Logo-Compuviper-10.png","contentUrl":"https:\/\/compuviper.mx\/tienda\/wp-content\/uploads\/2021\/08\/Logo-Compuviper-10.png","width":1000,"height":500,"caption":"Compuviper"},"image":{"@id":"https:\/\/compuviper.mx\/tienda\/#\/schema\/logo\/image\/"},"sameAs":["https:\/\/www.facebook.com\/compuviper","https:\/\/www.youtube.com\/channel\/UCf73dERp9Y3cfOq7q8BhLjA?view_as=subscriber"]}]},"product_brand":"LENOVO","product_price_amount":"3606","product_price_currency":"MXN","og_availability":"backorder","product_availability":"available for order","product_retailer_item_id":"64BEKAR1LA","product_condition":"new"},"_links":{"self":[{"href":"https:\/\/compuviper.mx\/tienda\/wp-json\/wp\/v2\/product\/267477"}],"collection":[{"href":"https:\/\/compuviper.mx\/tienda\/wp-json\/wp\/v2\/product"}],"about":[{"href":"https:\/\/compuviper.mx\/tienda\/wp-json\/wp\/v2\/types\/product"}],"replies":[{"embeddable":true,"href":"https:\/\/compuviper.mx\/tienda\/wp-json\/wp\/v2\/comments?post=267477"}],"wp:attachment":[{"href":"https:\/\/compuviper.mx\/tienda\/wp-json\/wp\/v2\/media?parent=267477"}],"wp:term":[{"taxonomy":"product_cat","embeddable":true,"href":"https:\/\/compuviper.mx\/tienda\/wp-json\/wp\/v2\/product_cat?post=267477"},{"taxonomy":"product_tag","embeddable":true,"href":"https:\/\/compuviper.mx\/tienda\/wp-json\/wp\/v2\/product_tag?post=267477"}],"curies":[{"name":"wp","href":"https:\/\/api.w.org\/{rel}","templated":true}]}}