{"id":267473,"date":"2026-04-09T00:47:37","date_gmt":"2026-04-09T06:47:37","guid":{"rendered":"https:\/\/compuviper.mx\/tienda\/producto\/wd-western-digital-wd44purz-disco-duro-interno-wd-purple-4tb-3-5-escritorio-sata3-6gb-s-128mb-24x7-dvr-nvr-hasta-64-camaras\/"},"modified":"2026-04-09T00:47:37","modified_gmt":"2026-04-09T06:47:37","slug":"wd-western-digital-wd44purz-disco-duro-interno-wd-purple-4tb-3-5-escritorio-sata3-6gb-s-128mb-24x7-dvr-nvr-hasta-64-camaras","status":"publish","type":"product","link":"https:\/\/compuviper.mx\/tienda\/producto\/wd-western-digital-wd44purz-disco-duro-interno-wd-purple-4tb-3-5-escritorio-sata3-6gb-s-128mb-24x7-dvr-nvr-hasta-64-camaras\/","title":{"rendered":"Wd &#8211; Western Digital Wd44purz Disco Duro Interno Wd Purple 4tb 3.5 Escritorio Sata3 6gb\/s 128mb 24&#215;7 Dvr Nvr Hasta 64 Camaras"},"content":{"rendered":"<table class=\"descripcion\">\n<tr>\n<td>Capacidad  4 tb<\/td>\n<\/tr>\n<tr>\n<td>Formato  3.5-inch<\/td>\n<\/tr>\n<tr>\n<td>Conector  sata<\/td>\n<\/tr>\n<tr>\n<td>Interfaz sata<\/td>\n<\/tr>\n<tr>\n<td>Velocidad de transferencia  up to 175mb\/s<\/td>\n<\/tr>\n<tr>\n<td>Disk speed (rpm)<\/td>\n<\/tr>\n<tr>\n<td>Recording technology  cmr<\/td>\n<\/tr>\n<tr>\n<td>Cache size  256mb<\/td>\n<\/tr>\n<tr>\n<td>Garantia limitada de 3 a\u00f1os<\/td>\n<\/tr>\n<tr>\n<td>Dimensiones (largo, ancho y alto)  5.79 x 4 x 1.03<\/td>\n<\/tr>\n<tr>\n<td>Peso  1.21lbs<\/td>\n<\/tr>\n<tr>\n<td>Numero de modelo  wd44purz<\/td>\n<\/tr>\n<tr>\n<td>Temp. operativa  0\u00b0c to 65\u00b0c<\/td>\n<\/tr>\n<tr>\n<td>Non-operating temperature  -40\u00b0c to 70\u00b0c<\/td>\n<\/tr>\n<tr>\n<td>Certificaciones :<\/td>\n<\/tr>\n<tr>\n<td>\u0095bsmi, ices-003\/nmb-003, ce, fcc, kc, maghreb, rcm, ukca, vcci, cb-scheme, tuv, ul<\/td>\n<\/tr>\n<tr>\n<td>Caracteristicas del producto :<\/td>\n<\/tr>\n<tr>\n<td>\u0095amplie su vision con hasta 64 camaras hd de secuencia unica<\/td>\n<\/tr>\n<tr>\n<td>\u0095gestion proactiva del almacenamiento con wdda<\/td>\n<\/tr>\n<tr>\n<td>\u0095indices de carga de trabajo mejorados que llegan hasta 180 tb por a\u00f1o<\/td>\n<\/tr>\n<tr>\n<td>Compatibilidad :<\/td>\n<\/tr>\n<tr>\n<td>\u0095conecte hasta 64 camaras por disco para los sistemas de seguridad con videovigilancia gracias a sus mas de ocho ranuras.<\/td>\n<\/tr>\n<\/table>\n","protected":false},"excerpt":{"rendered":"<p>Almacenamiento implacable para vigilancia. Los discos wd purple estan dise\u00f1ados para enfrentar los desafios que supone la grabacion para videovigilancia las 24 horas del dia, los 7 dias de la semana. Estos discos estan dise\u00f1ados especificamente para la videovigilancia, con el objetivo de soportar las variaciones elevadas en la temperatura y las vibraciones en el equipo dentro de un entorno de nvr. Un disco de escritorio promedio esta creado para funcionar solo en intervalos cortos y no en el entorno severo de funcionamiento continuo las 24 horas, los 7 dias de la semana de un sistema de videovigilancia de alta definicion. Con los discos wd purple, obtiene almacenamiento confiable, especifico para videovigilancia y compatible con una amplia variedad de sistemas de seguridad. La exclusiva tecnologia allframe ayuda a reducir la perdida de cuadros y a mejorar la reproduccion general de los videos. Almacenamiento lider en el sector. Vigilancia en la que puede confiar. Western digital ofrece almacenamiento para videovigilancia desde hace mas de una decada. Con el almacenamiento para videovigilancia de wd purple, usted cuenta con discos dise\u00f1ados para sistemas de vigilancia continua de alta temperatura, por lo que puede confiar en la reproduccion de video de calidad cuando m\u00e1s lo necesita. Wd purple ofrece un almacenamiento inteligente de video en el que puede confiar y que, ademas, esta respaldado por una garantia limitada de 3 a\u00f1os. Tecnologia exclusiva allframe de western digital. Todos los discos wd purple estan equipados con la tecnologia allframe, que ayuda a reducir las caidas de cuadros de video y mejora su grabacion y reproduccion. Indices de carga de trabajo mejorados. Los discos wd purple ofrecen un indice de carga de trabajo de hasta 180 tb por a\u00f1o (es decir, hasta tres veces mas que el indice de los discos de escritorio) para satisfacer las exigencias unicas de los sistemas dvr y nvr de videovigilancia tradicionales. Multiples camaras, multiples flujos. Las grabadoras modernas ahora admiten multiples secuencias de video por camara. Los discos wd purple admiten hasta 64 camaras hd de secuencia \u00fanica. Con tantas opciones, cuenta con la flexibilidad para actualizar o expandir sus aplicaciones de seguridad en el futuro. Dise\u00f1ado para soluciones de videovigilancia. Los discos wd purple, con hasta 1 millon de horas de tiempo medio entre fallos (mtbf), estan dise\u00f1ados para los sistemas dvr y nvr de videovigilancia tradicionales que funcionan de forma permanente. Con componentes resistentes a los da\u00f1os y soporte en los sistemas de almacenamiento, ademas de mas de ocho ranuras, los discos wd purple ofrecen funcionamiento confiable incluso en entornos exigentes. Amplia compatibilidad. Integracion sin inconvenientes. Los discos duros wd purple se crean considerando la compatibilidad, por lo que puede agregar capacidad a su sistema de vigilancia de manera rapida y sin inconvenientes. Gracias a la amplia variedad de gabinetes y chipsets compatibles lideres del sector, seguro encontrara la configuracion dvr o nvr indicada para usted. Garantia limitada de tres a\u00f1os. Como fabricante lider del sector de discos duros, western digital garantiza sus soluciones de almacenamiento para videovigilancia con una garantia limitada de 3 a\u00f1os, que viene incluida con cada disco wd purple.<\/p>\n","protected":false},"featured_media":0,"comment_status":"open","ping_status":"open","template":"","meta":[],"product_cat":[1703,1706],"product_tag":[1705],"acf":[],"yoast_head":"<!-- This site is optimized with the Yoast SEO plugin v21.7 - https:\/\/yoast.com\/wordpress\/plugins\/seo\/ -->\n<title>[ Wd - Western Digital ] &#129351; Wd44purz Disco Duro Interno Wd Purple 4tb 3.5 Escritorio Sata3 6gb\/s 128mb 24x7 Dvr Nvr Hasta 64 Camaras<\/title>\n<meta name=\"description\" content=\"Compra Wd44purz Disco Duro Interno Wd Purple 4tb 3.5 Escritorio Sata3 6gb\/s 128mb 24x7 Dvr Nvr Hasta 64 Camaras + Env\u00edo a domicilio + Pago seguro + Garant\u00eda\" \/>\n<meta name=\"robots\" content=\"index, follow, max-snippet:-1, max-image-preview:large, max-video-preview:-1\" \/>\n<link rel=\"canonical\" href=\"https:\/\/compuviper.mx\/tienda\/producto\/wd-western-digital-wd44purz-disco-duro-interno-wd-purple-4tb-3-5-escritorio-sata3-6gb-s-128mb-24x7-dvr-nvr-hasta-64-camaras\/\" \/>\n<meta property=\"og:locale\" content=\"es_MX\" \/>\n<meta property=\"og:type\" content=\"article\" \/>\n<meta property=\"og:title\" content=\"[ Wd - Western Digital ] &#129351; Wd44purz Disco Duro Interno Wd Purple 4tb 3.5 Escritorio Sata3 6gb\/s 128mb 24x7 Dvr Nvr Hasta 64 Camaras\" \/>\n<meta property=\"og:description\" content=\"Compra Wd44purz Disco Duro Interno Wd Purple 4tb 3.5 Escritorio Sata3 6gb\/s 128mb 24x7 Dvr Nvr Hasta 64 Camaras + Env\u00edo a domicilio + Pago seguro + Garant\u00eda\" \/>\n<meta property=\"og:url\" content=\"https:\/\/compuviper.mx\/tienda\/producto\/wd-western-digital-wd44purz-disco-duro-interno-wd-purple-4tb-3-5-escritorio-sata3-6gb-s-128mb-24x7-dvr-nvr-hasta-64-camaras\/\" \/>\n<meta property=\"og:site_name\" content=\"Compuviper\" \/>\n<meta property=\"article:publisher\" content=\"https:\/\/www.facebook.com\/compuviper\" \/>\n<meta name=\"twitter:card\" content=\"summary_large_image\" \/>\n<meta name=\"twitter:label1\" content=\"Precio\" \/>\n\t<meta name=\"twitter:data1\" content=\"&#36;2,021 con IVA\" \/>\n\t<meta name=\"twitter:label2\" content=\"Availability\" \/>\n\t<meta name=\"twitter:data2\" content=\"In stock\" \/>\n<script type=\"application\/ld+json\" class=\"yoast-schema-graph\">{\"@context\":\"https:\/\/schema.org\",\"@graph\":[{\"@type\":\"WebPage\",\"@id\":\"https:\/\/compuviper.mx\/tienda\/producto\/wd-western-digital-wd44purz-disco-duro-interno-wd-purple-4tb-3-5-escritorio-sata3-6gb-s-128mb-24x7-dvr-nvr-hasta-64-camaras\/\",\"url\":\"https:\/\/compuviper.mx\/tienda\/producto\/wd-western-digital-wd44purz-disco-duro-interno-wd-purple-4tb-3-5-escritorio-sata3-6gb-s-128mb-24x7-dvr-nvr-hasta-64-camaras\/\",\"name\":\"[ Wd - Western Digital ] &#129351; Wd44purz Disco Duro Interno Wd Purple 4tb 3.5 Escritorio Sata3 6gb\/s 128mb 24x7 Dvr Nvr Hasta 64 Camaras\",\"isPartOf\":{\"@id\":\"https:\/\/compuviper.mx\/tienda\/#website\"},\"datePublished\":\"2026-04-09T06:47:37+00:00\",\"dateModified\":\"2026-04-09T06:47:37+00:00\",\"description\":\"Compra Wd44purz Disco Duro Interno Wd Purple 4tb 3.5 Escritorio Sata3 6gb\/s 128mb 24x7 Dvr Nvr Hasta 64 Camaras + Env\u00edo a domicilio + Pago seguro + Garant\u00eda\",\"breadcrumb\":{\"@id\":\"https:\/\/compuviper.mx\/tienda\/producto\/wd-western-digital-wd44purz-disco-duro-interno-wd-purple-4tb-3-5-escritorio-sata3-6gb-s-128mb-24x7-dvr-nvr-hasta-64-camaras\/#breadcrumb\"},\"inLanguage\":\"es-MX\",\"potentialAction\":[{\"@type\":\"ReadAction\",\"target\":[\"https:\/\/compuviper.mx\/tienda\/producto\/wd-western-digital-wd44purz-disco-duro-interno-wd-purple-4tb-3-5-escritorio-sata3-6gb-s-128mb-24x7-dvr-nvr-hasta-64-camaras\/\"]}]},{\"@type\":\"BreadcrumbList\",\"@id\":\"https:\/\/compuviper.mx\/tienda\/producto\/wd-western-digital-wd44purz-disco-duro-interno-wd-purple-4tb-3-5-escritorio-sata3-6gb-s-128mb-24x7-dvr-nvr-hasta-64-camaras\/#breadcrumb\",\"itemListElement\":[{\"@type\":\"ListItem\",\"position\":1,\"name\":\"Inicio\",\"item\":\"https:\/\/compuviper.mx\/tienda\/\"},{\"@type\":\"ListItem\",\"position\":2,\"name\":\"Productos\",\"item\":\"https:\/\/compuviper.mx\/tienda\/productos\/\"},{\"@type\":\"ListItem\",\"position\":3,\"name\":\"Discos Duros\",\"item\":\"https:\/\/compuviper.mx\/tienda\/categoria-producto\/discos-duros\/\"},{\"@type\":\"ListItem\",\"position\":4,\"name\":\"Disco Duro\",\"item\":\"https:\/\/compuviper.mx\/tienda\/categoria-producto\/discos-duros\/disco-duro\/\"},{\"@type\":\"ListItem\",\"position\":5,\"name\":\"Wd &#8211; Western Digital Wd44purz Disco Duro Interno Wd Purple 4tb 3.5 Escritorio Sata3 6gb\/s 128mb 24&#215;7 Dvr Nvr Hasta 64 Camaras\"}]},{\"@type\":\"WebSite\",\"@id\":\"https:\/\/compuviper.mx\/tienda\/#website\",\"url\":\"https:\/\/compuviper.mx\/tienda\/\",\"name\":\"Compuviper\",\"description\":\"Proveedor de Computadoras, Laptops, Servidores, Monitores, Puntos de Venta, Teclados,   Impresoras, T\u00f3ner, C\u00e1maras de Seguridad y m\u00e1s en tu tienda en l\u00ednea\",\"publisher\":{\"@id\":\"https:\/\/compuviper.mx\/tienda\/#organization\"},\"potentialAction\":[{\"@type\":\"SearchAction\",\"target\":{\"@type\":\"EntryPoint\",\"urlTemplate\":\"https:\/\/compuviper.mx\/tienda\/?s={search_term_string}\"},\"query-input\":\"required name=search_term_string\"}],\"inLanguage\":\"es-MX\"},{\"@type\":\"Organization\",\"@id\":\"https:\/\/compuviper.mx\/tienda\/#organization\",\"name\":\"Compuviper\",\"url\":\"https:\/\/compuviper.mx\/tienda\/\",\"logo\":{\"@type\":\"ImageObject\",\"inLanguage\":\"es-MX\",\"@id\":\"https:\/\/compuviper.mx\/tienda\/#\/schema\/logo\/image\/\",\"url\":\"https:\/\/compuviper.mx\/tienda\/wp-content\/uploads\/2021\/08\/Logo-Compuviper-10.png\",\"contentUrl\":\"https:\/\/compuviper.mx\/tienda\/wp-content\/uploads\/2021\/08\/Logo-Compuviper-10.png\",\"width\":1000,\"height\":500,\"caption\":\"Compuviper\"},\"image\":{\"@id\":\"https:\/\/compuviper.mx\/tienda\/#\/schema\/logo\/image\/\"},\"sameAs\":[\"https:\/\/www.facebook.com\/compuviper\",\"https:\/\/www.youtube.com\/channel\/UCf73dERp9Y3cfOq7q8BhLjA?view_as=subscriber\"]}]}<\/script>\n<meta property=\"product:brand\" content=\"WD - WESTERN DIGITAL\" \/>\n<meta property=\"product:price:amount\" content=\"2021\" \/>\n<meta property=\"product:price:currency\" content=\"MXN\" \/>\n<meta property=\"og:availability\" content=\"instock\" \/>\n<meta property=\"product:availability\" content=\"instock\" \/>\n<meta property=\"product:retailer_item_id\" content=\"WD44PURZ\" \/>\n<meta property=\"product:condition\" content=\"new\" \/>\n<!-- \/ Yoast SEO plugin. -->","yoast_head_json":{"title":"[ Wd - Western Digital ] &#129351; Wd44purz Disco Duro Interno Wd Purple 4tb 3.5 Escritorio Sata3 6gb\/s 128mb 24x7 Dvr Nvr Hasta 64 Camaras","description":"Compra Wd44purz Disco Duro Interno Wd Purple 4tb 3.5 Escritorio Sata3 6gb\/s 128mb 24x7 Dvr Nvr Hasta 64 Camaras + Env\u00edo a domicilio + Pago seguro + Garant\u00eda","robots":{"index":"index","follow":"follow","max-snippet":"max-snippet:-1","max-image-preview":"max-image-preview:large","max-video-preview":"max-video-preview:-1"},"canonical":"https:\/\/compuviper.mx\/tienda\/producto\/wd-western-digital-wd44purz-disco-duro-interno-wd-purple-4tb-3-5-escritorio-sata3-6gb-s-128mb-24x7-dvr-nvr-hasta-64-camaras\/","og_locale":"es_MX","og_type":"article","og_title":"[ Wd - Western Digital ] &#129351; Wd44purz Disco Duro Interno Wd Purple 4tb 3.5 Escritorio Sata3 6gb\/s 128mb 24x7 Dvr Nvr Hasta 64 Camaras","og_description":"Compra Wd44purz Disco Duro Interno Wd Purple 4tb 3.5 Escritorio Sata3 6gb\/s 128mb 24x7 Dvr Nvr Hasta 64 Camaras + Env\u00edo a domicilio + Pago seguro + Garant\u00eda","og_url":"https:\/\/compuviper.mx\/tienda\/producto\/wd-western-digital-wd44purz-disco-duro-interno-wd-purple-4tb-3-5-escritorio-sata3-6gb-s-128mb-24x7-dvr-nvr-hasta-64-camaras\/","og_site_name":"Compuviper","article_publisher":"https:\/\/www.facebook.com\/compuviper","twitter_card":"summary_large_image","twitter_misc":{"Precio":"&#36;2,021 con IVA","Availability":"In stock"},"schema":{"@context":"https:\/\/schema.org","@graph":[{"@type":"WebPage","@id":"https:\/\/compuviper.mx\/tienda\/producto\/wd-western-digital-wd44purz-disco-duro-interno-wd-purple-4tb-3-5-escritorio-sata3-6gb-s-128mb-24x7-dvr-nvr-hasta-64-camaras\/","url":"https:\/\/compuviper.mx\/tienda\/producto\/wd-western-digital-wd44purz-disco-duro-interno-wd-purple-4tb-3-5-escritorio-sata3-6gb-s-128mb-24x7-dvr-nvr-hasta-64-camaras\/","name":"[ Wd - Western Digital ] &#129351; Wd44purz Disco Duro Interno Wd Purple 4tb 3.5 Escritorio Sata3 6gb\/s 128mb 24x7 Dvr Nvr Hasta 64 Camaras","isPartOf":{"@id":"https:\/\/compuviper.mx\/tienda\/#website"},"datePublished":"2026-04-09T06:47:37+00:00","dateModified":"2026-04-09T06:47:37+00:00","description":"Compra Wd44purz Disco Duro Interno Wd Purple 4tb 3.5 Escritorio Sata3 6gb\/s 128mb 24x7 Dvr Nvr Hasta 64 Camaras + Env\u00edo a domicilio + Pago seguro + Garant\u00eda","breadcrumb":{"@id":"https:\/\/compuviper.mx\/tienda\/producto\/wd-western-digital-wd44purz-disco-duro-interno-wd-purple-4tb-3-5-escritorio-sata3-6gb-s-128mb-24x7-dvr-nvr-hasta-64-camaras\/#breadcrumb"},"inLanguage":"es-MX","potentialAction":[{"@type":"ReadAction","target":["https:\/\/compuviper.mx\/tienda\/producto\/wd-western-digital-wd44purz-disco-duro-interno-wd-purple-4tb-3-5-escritorio-sata3-6gb-s-128mb-24x7-dvr-nvr-hasta-64-camaras\/"]}]},{"@type":"BreadcrumbList","@id":"https:\/\/compuviper.mx\/tienda\/producto\/wd-western-digital-wd44purz-disco-duro-interno-wd-purple-4tb-3-5-escritorio-sata3-6gb-s-128mb-24x7-dvr-nvr-hasta-64-camaras\/#breadcrumb","itemListElement":[{"@type":"ListItem","position":1,"name":"Inicio","item":"https:\/\/compuviper.mx\/tienda\/"},{"@type":"ListItem","position":2,"name":"Productos","item":"https:\/\/compuviper.mx\/tienda\/productos\/"},{"@type":"ListItem","position":3,"name":"Discos Duros","item":"https:\/\/compuviper.mx\/tienda\/categoria-producto\/discos-duros\/"},{"@type":"ListItem","position":4,"name":"Disco Duro","item":"https:\/\/compuviper.mx\/tienda\/categoria-producto\/discos-duros\/disco-duro\/"},{"@type":"ListItem","position":5,"name":"Wd &#8211; Western Digital Wd44purz Disco Duro Interno Wd Purple 4tb 3.5 Escritorio Sata3 6gb\/s 128mb 24&#215;7 Dvr Nvr Hasta 64 Camaras"}]},{"@type":"WebSite","@id":"https:\/\/compuviper.mx\/tienda\/#website","url":"https:\/\/compuviper.mx\/tienda\/","name":"Compuviper","description":"Proveedor de Computadoras, Laptops, Servidores, Monitores, Puntos de Venta, Teclados,   Impresoras, T\u00f3ner, C\u00e1maras de Seguridad y m\u00e1s en tu tienda en l\u00ednea","publisher":{"@id":"https:\/\/compuviper.mx\/tienda\/#organization"},"potentialAction":[{"@type":"SearchAction","target":{"@type":"EntryPoint","urlTemplate":"https:\/\/compuviper.mx\/tienda\/?s={search_term_string}"},"query-input":"required name=search_term_string"}],"inLanguage":"es-MX"},{"@type":"Organization","@id":"https:\/\/compuviper.mx\/tienda\/#organization","name":"Compuviper","url":"https:\/\/compuviper.mx\/tienda\/","logo":{"@type":"ImageObject","inLanguage":"es-MX","@id":"https:\/\/compuviper.mx\/tienda\/#\/schema\/logo\/image\/","url":"https:\/\/compuviper.mx\/tienda\/wp-content\/uploads\/2021\/08\/Logo-Compuviper-10.png","contentUrl":"https:\/\/compuviper.mx\/tienda\/wp-content\/uploads\/2021\/08\/Logo-Compuviper-10.png","width":1000,"height":500,"caption":"Compuviper"},"image":{"@id":"https:\/\/compuviper.mx\/tienda\/#\/schema\/logo\/image\/"},"sameAs":["https:\/\/www.facebook.com\/compuviper","https:\/\/www.youtube.com\/channel\/UCf73dERp9Y3cfOq7q8BhLjA?view_as=subscriber"]}]},"product_brand":"WD - WESTERN DIGITAL","product_price_amount":"2021","product_price_currency":"MXN","og_availability":"instock","product_availability":"instock","product_retailer_item_id":"WD44PURZ","product_condition":"new"},"_links":{"self":[{"href":"https:\/\/compuviper.mx\/tienda\/wp-json\/wp\/v2\/product\/267473"}],"collection":[{"href":"https:\/\/compuviper.mx\/tienda\/wp-json\/wp\/v2\/product"}],"about":[{"href":"https:\/\/compuviper.mx\/tienda\/wp-json\/wp\/v2\/types\/product"}],"replies":[{"embeddable":true,"href":"https:\/\/compuviper.mx\/tienda\/wp-json\/wp\/v2\/comments?post=267473"}],"wp:attachment":[{"href":"https:\/\/compuviper.mx\/tienda\/wp-json\/wp\/v2\/media?parent=267473"}],"wp:term":[{"taxonomy":"product_cat","embeddable":true,"href":"https:\/\/compuviper.mx\/tienda\/wp-json\/wp\/v2\/product_cat?post=267473"},{"taxonomy":"product_tag","embeddable":true,"href":"https:\/\/compuviper.mx\/tienda\/wp-json\/wp\/v2\/product_tag?post=267473"}],"curies":[{"name":"wp","href":"https:\/\/api.w.org\/{rel}","templated":true}]}}