{"id":267468,"date":"2026-04-23T00:19:19","date_gmt":"2026-04-23T06:19:19","guid":{"rendered":"https:\/\/compuviper.mx\/tienda\/producto\/tp-link-tapo-c220-camara-de-seguridad-wifi-para-hogar-con-ia-y-pan-tilt\/"},"modified":"2026-04-23T00:19:19","modified_gmt":"2026-04-23T06:19:19","slug":"tp-link-tapo-c220-camara-de-seguridad-wifi-para-hogar-con-ia-y-pan-tilt","status":"publish","type":"product","link":"https:\/\/compuviper.mx\/tienda\/producto\/tp-link-tapo-c220-camara-de-seguridad-wifi-para-hogar-con-ia-y-pan-tilt\/","title":{"rendered":"Tp Link Tapo C220  Camara De Seguridad Wifi  Para Hogar Con Ia Y Pan\/tilt"},"content":{"rendered":"<table class=\"descripcion\">\n<tr>\n<td>Grabacion de v\u00eddeo de alta calidad: captura cada detalle con una claridad excepcional en resolucion qhd 2k de 4mp.<\/td>\n<\/tr>\n<tr>\n<td>Amplio rango de movimiento: disfruta de un rango completo de 360\u00ba en horizontal y 114\u00ba en vertical para la funcion pan\/tilt, lo que te permite cubrir mas area.<\/td>\n<\/tr>\n<tr>\n<td>Vision nocturna mejorada: ve con claridad incluso en condiciones de poca luz con vision nocturna avanzada que proporciona visibilidad hasta 12 metros (40 pies).<\/td>\n<\/tr>\n<tr>\n<td>Deteccion inteligente por ia y notificaciones: beneficiate de la tecnolog\u00eda de ia inteligente que detecta eventos relevantes y te envia notificaciones instantaneas.<\/td>\n<\/tr>\n<tr>\n<td>Alarma de luz y sonido: ahuyenta a los visitantes no deseados usando una alarma de luz y sonido que activa efectos para llamar la atencion.<\/td>\n<\/tr>\n<tr>\n<td>Audio bidireccional: permite la comunicacion a traves de un microfono y altavoz integrados<\/td>\n<\/tr>\n<tr>\n<td>Almacenamiento seguro: almacena las grabaciones directamente en una tarjeta microsd con una capacidad de hasta 512 gb, garantizando un almacenamiento seguro y comodo.(la tarjeta microsd se compra por separado.)<\/td>\n<\/tr>\n<tr>\n<td>Funcionamiento manos libres: controla el dispositivo usando tu voz gracias a la compatibilidad con google assistant y amazon alexa, liberando tus manos para otras tareas. (la disponibilidad de google assistant y amazon alexa puede variar seg\u00fan el idioma y el pais)<\/td>\n<\/tr>\n<\/table>\n","protected":false},"excerpt":{"rendered":"<p>Camara de seguridad wi-fi para el hogar con ia y pan\/tilt. Especificaciones: 2k qhd (2560 \u00d7 1440), 2.4 ghz, rotacion horizontal de 360 grados. Caracter\u00edsticas: pan\/tilt, deteccion inteligente con ia y notificaciones (movimiento, personas, mascotas, vehiculos, llanto de bebe y sonidos anormales), seguimiento de movimiento, alarma sonora y luminosa, control remoto, audio bidireccional, control por voz (compatible con google assistant y alexa), almacenamiento local mediante tarjeta microsd (hasta 512 gb), app tapo, vision nocturna (hasta 9 m), configuracion sin complicaciones (ffs)<\/p>\n","protected":false},"featured_media":0,"comment_status":"open","ping_status":"open","template":"","meta":[],"product_cat":[1683,1608],"product_tag":[1562],"acf":[],"yoast_head":"<!-- This site is optimized with the Yoast SEO plugin v21.7 - https:\/\/yoast.com\/wordpress\/plugins\/seo\/ -->\n<title>[ Tp Link ] &#129351; Tapo C220 Camara De Seguridad Wifi Para Hogar Con Ia Y Pan\/tilt<\/title>\n<meta name=\"description\" content=\"Compra Tapo C220 Camara De Seguridad Wifi Para Hogar Con Ia Y Pan\/tilt + Env\u00edo a domicilio + Pago seguro + Garant\u00eda\" \/>\n<meta name=\"robots\" content=\"index, follow, max-snippet:-1, max-image-preview:large, max-video-preview:-1\" \/>\n<link rel=\"canonical\" href=\"https:\/\/compuviper.mx\/tienda\/producto\/tp-link-tapo-c220-camara-de-seguridad-wifi-para-hogar-con-ia-y-pan-tilt\/\" \/>\n<meta property=\"og:locale\" content=\"es_MX\" \/>\n<meta property=\"og:type\" content=\"article\" \/>\n<meta property=\"og:title\" content=\"[ Tp Link ] &#129351; Tapo C220 Camara De Seguridad Wifi Para Hogar Con Ia Y Pan\/tilt\" \/>\n<meta property=\"og:description\" content=\"Compra Tapo C220 Camara De Seguridad Wifi Para Hogar Con Ia Y Pan\/tilt + Env\u00edo a domicilio + Pago seguro + Garant\u00eda\" \/>\n<meta property=\"og:url\" content=\"https:\/\/compuviper.mx\/tienda\/producto\/tp-link-tapo-c220-camara-de-seguridad-wifi-para-hogar-con-ia-y-pan-tilt\/\" \/>\n<meta property=\"og:site_name\" content=\"Compuviper\" \/>\n<meta property=\"article:publisher\" content=\"https:\/\/www.facebook.com\/compuviper\" \/>\n<meta name=\"twitter:card\" content=\"summary_large_image\" \/>\n<meta name=\"twitter:label1\" content=\"Precio\" \/>\n\t<meta name=\"twitter:data1\" content=\"&#36;646 con IVA\" \/>\n\t<meta name=\"twitter:label2\" content=\"Availability\" \/>\n\t<meta name=\"twitter:data2\" content=\"On backorder\" \/>\n<script type=\"application\/ld+json\" class=\"yoast-schema-graph\">{\"@context\":\"https:\/\/schema.org\",\"@graph\":[{\"@type\":\"WebPage\",\"@id\":\"https:\/\/compuviper.mx\/tienda\/producto\/tp-link-tapo-c220-camara-de-seguridad-wifi-para-hogar-con-ia-y-pan-tilt\/\",\"url\":\"https:\/\/compuviper.mx\/tienda\/producto\/tp-link-tapo-c220-camara-de-seguridad-wifi-para-hogar-con-ia-y-pan-tilt\/\",\"name\":\"[ Tp Link ] &#129351; Tapo C220 Camara De Seguridad Wifi Para Hogar Con Ia Y Pan\/tilt\",\"isPartOf\":{\"@id\":\"https:\/\/compuviper.mx\/tienda\/#website\"},\"datePublished\":\"2026-04-23T06:19:19+00:00\",\"dateModified\":\"2026-04-23T06:19:19+00:00\",\"description\":\"Compra Tapo C220 Camara De Seguridad Wifi Para Hogar Con Ia Y Pan\/tilt + Env\u00edo a domicilio + Pago seguro + Garant\u00eda\",\"breadcrumb\":{\"@id\":\"https:\/\/compuviper.mx\/tienda\/producto\/tp-link-tapo-c220-camara-de-seguridad-wifi-para-hogar-con-ia-y-pan-tilt\/#breadcrumb\"},\"inLanguage\":\"es-MX\",\"potentialAction\":[{\"@type\":\"ReadAction\",\"target\":[\"https:\/\/compuviper.mx\/tienda\/producto\/tp-link-tapo-c220-camara-de-seguridad-wifi-para-hogar-con-ia-y-pan-tilt\/\"]}]},{\"@type\":\"BreadcrumbList\",\"@id\":\"https:\/\/compuviper.mx\/tienda\/producto\/tp-link-tapo-c220-camara-de-seguridad-wifi-para-hogar-con-ia-y-pan-tilt\/#breadcrumb\",\"itemListElement\":[{\"@type\":\"ListItem\",\"position\":1,\"name\":\"Inicio\",\"item\":\"https:\/\/compuviper.mx\/tienda\/\"},{\"@type\":\"ListItem\",\"position\":2,\"name\":\"Productos\",\"item\":\"https:\/\/compuviper.mx\/tienda\/productos\/\"},{\"@type\":\"ListItem\",\"position\":3,\"name\":\"Camaras\",\"item\":\"https:\/\/compuviper.mx\/tienda\/categoria-producto\/camaras-2\/\"},{\"@type\":\"ListItem\",\"position\":4,\"name\":\"Camara Inteligente P\/smart Home\",\"item\":\"https:\/\/compuviper.mx\/tienda\/categoria-producto\/camaras-2\/camara-inteligente-p-smart-home\/\"},{\"@type\":\"ListItem\",\"position\":5,\"name\":\"Tp Link Tapo C220 Camara De Seguridad Wifi Para Hogar Con Ia Y Pan\/tilt\"}]},{\"@type\":\"WebSite\",\"@id\":\"https:\/\/compuviper.mx\/tienda\/#website\",\"url\":\"https:\/\/compuviper.mx\/tienda\/\",\"name\":\"Compuviper\",\"description\":\"Proveedor de Computadoras, Laptops, Servidores, Monitores, Puntos de Venta, Teclados,   Impresoras, T\u00f3ner, C\u00e1maras de Seguridad y m\u00e1s en tu tienda en l\u00ednea\",\"publisher\":{\"@id\":\"https:\/\/compuviper.mx\/tienda\/#organization\"},\"potentialAction\":[{\"@type\":\"SearchAction\",\"target\":{\"@type\":\"EntryPoint\",\"urlTemplate\":\"https:\/\/compuviper.mx\/tienda\/?s={search_term_string}\"},\"query-input\":\"required name=search_term_string\"}],\"inLanguage\":\"es-MX\"},{\"@type\":\"Organization\",\"@id\":\"https:\/\/compuviper.mx\/tienda\/#organization\",\"name\":\"Compuviper\",\"url\":\"https:\/\/compuviper.mx\/tienda\/\",\"logo\":{\"@type\":\"ImageObject\",\"inLanguage\":\"es-MX\",\"@id\":\"https:\/\/compuviper.mx\/tienda\/#\/schema\/logo\/image\/\",\"url\":\"https:\/\/compuviper.mx\/tienda\/wp-content\/uploads\/2021\/08\/Logo-Compuviper-10.png\",\"contentUrl\":\"https:\/\/compuviper.mx\/tienda\/wp-content\/uploads\/2021\/08\/Logo-Compuviper-10.png\",\"width\":1000,\"height\":500,\"caption\":\"Compuviper\"},\"image\":{\"@id\":\"https:\/\/compuviper.mx\/tienda\/#\/schema\/logo\/image\/\"},\"sameAs\":[\"https:\/\/www.facebook.com\/compuviper\",\"https:\/\/www.youtube.com\/channel\/UCf73dERp9Y3cfOq7q8BhLjA?view_as=subscriber\"]}]}<\/script>\n<meta property=\"product:brand\" content=\"TP LINK\" \/>\n<meta property=\"product:price:amount\" content=\"646\" \/>\n<meta property=\"product:price:currency\" content=\"MXN\" \/>\n<meta property=\"og:availability\" content=\"backorder\" \/>\n<meta property=\"product:availability\" content=\"available for order\" \/>\n<meta property=\"product:retailer_item_id\" content=\"TAPO C220\" \/>\n<meta property=\"product:condition\" content=\"new\" \/>\n<!-- \/ Yoast SEO plugin. -->","yoast_head_json":{"title":"[ Tp Link ] &#129351; Tapo C220 Camara De Seguridad Wifi Para Hogar Con Ia Y Pan\/tilt","description":"Compra Tapo C220 Camara De Seguridad Wifi Para Hogar Con Ia Y Pan\/tilt + Env\u00edo a domicilio + Pago seguro + Garant\u00eda","robots":{"index":"index","follow":"follow","max-snippet":"max-snippet:-1","max-image-preview":"max-image-preview:large","max-video-preview":"max-video-preview:-1"},"canonical":"https:\/\/compuviper.mx\/tienda\/producto\/tp-link-tapo-c220-camara-de-seguridad-wifi-para-hogar-con-ia-y-pan-tilt\/","og_locale":"es_MX","og_type":"article","og_title":"[ Tp Link ] &#129351; Tapo C220 Camara De Seguridad Wifi Para Hogar Con Ia Y Pan\/tilt","og_description":"Compra Tapo C220 Camara De Seguridad Wifi Para Hogar Con Ia Y Pan\/tilt + Env\u00edo a domicilio + Pago seguro + Garant\u00eda","og_url":"https:\/\/compuviper.mx\/tienda\/producto\/tp-link-tapo-c220-camara-de-seguridad-wifi-para-hogar-con-ia-y-pan-tilt\/","og_site_name":"Compuviper","article_publisher":"https:\/\/www.facebook.com\/compuviper","twitter_card":"summary_large_image","twitter_misc":{"Precio":"&#36;646 con IVA","Availability":"On backorder"},"schema":{"@context":"https:\/\/schema.org","@graph":[{"@type":"WebPage","@id":"https:\/\/compuviper.mx\/tienda\/producto\/tp-link-tapo-c220-camara-de-seguridad-wifi-para-hogar-con-ia-y-pan-tilt\/","url":"https:\/\/compuviper.mx\/tienda\/producto\/tp-link-tapo-c220-camara-de-seguridad-wifi-para-hogar-con-ia-y-pan-tilt\/","name":"[ Tp Link ] &#129351; Tapo C220 Camara De Seguridad Wifi Para Hogar Con Ia Y Pan\/tilt","isPartOf":{"@id":"https:\/\/compuviper.mx\/tienda\/#website"},"datePublished":"2026-04-23T06:19:19+00:00","dateModified":"2026-04-23T06:19:19+00:00","description":"Compra Tapo C220 Camara De Seguridad Wifi Para Hogar Con Ia Y Pan\/tilt + Env\u00edo a domicilio + Pago seguro + Garant\u00eda","breadcrumb":{"@id":"https:\/\/compuviper.mx\/tienda\/producto\/tp-link-tapo-c220-camara-de-seguridad-wifi-para-hogar-con-ia-y-pan-tilt\/#breadcrumb"},"inLanguage":"es-MX","potentialAction":[{"@type":"ReadAction","target":["https:\/\/compuviper.mx\/tienda\/producto\/tp-link-tapo-c220-camara-de-seguridad-wifi-para-hogar-con-ia-y-pan-tilt\/"]}]},{"@type":"BreadcrumbList","@id":"https:\/\/compuviper.mx\/tienda\/producto\/tp-link-tapo-c220-camara-de-seguridad-wifi-para-hogar-con-ia-y-pan-tilt\/#breadcrumb","itemListElement":[{"@type":"ListItem","position":1,"name":"Inicio","item":"https:\/\/compuviper.mx\/tienda\/"},{"@type":"ListItem","position":2,"name":"Productos","item":"https:\/\/compuviper.mx\/tienda\/productos\/"},{"@type":"ListItem","position":3,"name":"Camaras","item":"https:\/\/compuviper.mx\/tienda\/categoria-producto\/camaras-2\/"},{"@type":"ListItem","position":4,"name":"Camara Inteligente P\/smart Home","item":"https:\/\/compuviper.mx\/tienda\/categoria-producto\/camaras-2\/camara-inteligente-p-smart-home\/"},{"@type":"ListItem","position":5,"name":"Tp Link Tapo C220 Camara De Seguridad Wifi Para Hogar Con Ia Y Pan\/tilt"}]},{"@type":"WebSite","@id":"https:\/\/compuviper.mx\/tienda\/#website","url":"https:\/\/compuviper.mx\/tienda\/","name":"Compuviper","description":"Proveedor de Computadoras, Laptops, Servidores, Monitores, Puntos de Venta, Teclados,   Impresoras, T\u00f3ner, C\u00e1maras de Seguridad y m\u00e1s en tu tienda en l\u00ednea","publisher":{"@id":"https:\/\/compuviper.mx\/tienda\/#organization"},"potentialAction":[{"@type":"SearchAction","target":{"@type":"EntryPoint","urlTemplate":"https:\/\/compuviper.mx\/tienda\/?s={search_term_string}"},"query-input":"required name=search_term_string"}],"inLanguage":"es-MX"},{"@type":"Organization","@id":"https:\/\/compuviper.mx\/tienda\/#organization","name":"Compuviper","url":"https:\/\/compuviper.mx\/tienda\/","logo":{"@type":"ImageObject","inLanguage":"es-MX","@id":"https:\/\/compuviper.mx\/tienda\/#\/schema\/logo\/image\/","url":"https:\/\/compuviper.mx\/tienda\/wp-content\/uploads\/2021\/08\/Logo-Compuviper-10.png","contentUrl":"https:\/\/compuviper.mx\/tienda\/wp-content\/uploads\/2021\/08\/Logo-Compuviper-10.png","width":1000,"height":500,"caption":"Compuviper"},"image":{"@id":"https:\/\/compuviper.mx\/tienda\/#\/schema\/logo\/image\/"},"sameAs":["https:\/\/www.facebook.com\/compuviper","https:\/\/www.youtube.com\/channel\/UCf73dERp9Y3cfOq7q8BhLjA?view_as=subscriber"]}]},"product_brand":"TP LINK","product_price_amount":"646","product_price_currency":"MXN","og_availability":"backorder","product_availability":"available for order","product_retailer_item_id":"TAPO C220","product_condition":"new"},"_links":{"self":[{"href":"https:\/\/compuviper.mx\/tienda\/wp-json\/wp\/v2\/product\/267468"}],"collection":[{"href":"https:\/\/compuviper.mx\/tienda\/wp-json\/wp\/v2\/product"}],"about":[{"href":"https:\/\/compuviper.mx\/tienda\/wp-json\/wp\/v2\/types\/product"}],"replies":[{"embeddable":true,"href":"https:\/\/compuviper.mx\/tienda\/wp-json\/wp\/v2\/comments?post=267468"}],"wp:attachment":[{"href":"https:\/\/compuviper.mx\/tienda\/wp-json\/wp\/v2\/media?parent=267468"}],"wp:term":[{"taxonomy":"product_cat","embeddable":true,"href":"https:\/\/compuviper.mx\/tienda\/wp-json\/wp\/v2\/product_cat?post=267468"},{"taxonomy":"product_tag","embeddable":true,"href":"https:\/\/compuviper.mx\/tienda\/wp-json\/wp\/v2\/product_tag?post=267468"}],"curies":[{"name":"wp","href":"https:\/\/api.w.org\/{rel}","templated":true}]}}