{"id":267466,"date":"2026-04-17T00:21:43","date_gmt":"2026-04-17T06:21:43","guid":{"rendered":"https:\/\/compuviper.mx\/tienda\/producto\/logitech-960-001529-webcam-mx-brio-705-for-business-4k-30-fps-zoom-4x-enfoque-automatico-sensor-sony-starvis-de-85-mp\/"},"modified":"2026-04-17T00:21:44","modified_gmt":"2026-04-17T06:21:44","slug":"logitech-960-001529-webcam-mx-brio-705-for-business-4k-30-fps-zoom-4x-enfoque-automatico-sensor-sony-starvis-de-85-mp","status":"publish","type":"product","link":"https:\/\/compuviper.mx\/tienda\/producto\/logitech-960-001529-webcam-mx-brio-705-for-business-4k-30-fps-zoom-4x-enfoque-automatico-sensor-sony-starvis-de-85-mp\/","title":{"rendered":"Logitech 960-001529 Webcam  Mx Brio 705 For Business 4k\/30 Fps Zoom 4x Enfoque Automatico Sensor Sony Starvis De 8,5 Mp"},"content":{"rendered":"<table class=\"descripcion\">\n<tr>\n<td>Camara web<\/td>\n<\/tr>\n<tr>\n<td>Altura: 43,6 mm<\/td>\n<\/tr>\n<tr>\n<td>Ancho: 98,0 mm<\/td>\n<\/tr>\n<tr>\n<td>Profundidad: 36,2 mm<\/td>\n<\/tr>\n<tr>\n<td>Peso: 137 g<\/td>\n<\/tr>\n<tr>\n<td>Camara web  pieza de montaje<\/td>\n<\/tr>\n<tr>\n<td>Altura: 61,6 mm<\/td>\n<\/tr>\n<tr>\n<td>Ancho: 98,0 mm<\/td>\n<\/tr>\n<tr>\n<td>Profundidad: 52,2 mm<\/td>\n<\/tr>\n<tr>\n<td>Peso: 176 g, incluido clip de montaje<\/td>\n<\/tr>\n<tr>\n<td>Longitud del cable: 1,5 m<\/td>\n<\/tr>\n<tr>\n<td>Clip de montaje<\/td>\n<\/tr>\n<tr>\n<td>Altura: 20 mm<\/td>\n<\/tr>\n<tr>\n<td>Ancho: 38 mm<\/td>\n<\/tr>\n<tr>\n<td>Profundidad: 45 mm<\/td>\n<\/tr>\n<tr>\n<td>Peso: 40 g<\/td>\n<\/tr>\n<tr>\n<td>Empaque<\/td>\n<\/tr>\n<tr>\n<td>Altura: 141 mm<\/td>\n<\/tr>\n<tr>\n<td>Ancho: 136 mm<\/td>\n<\/tr>\n<tr>\n<td>Profundidad: 68 mm<\/td>\n<\/tr>\n<tr>\n<td>Peso total con producto: 362 g<\/td>\n<\/tr>\n<tr>\n<td>Especificaciones tecnicas<\/td>\n<\/tr>\n<tr>\n<td>Video<\/td>\n<\/tr>\n<tr>\n<td>Multiples resoluciones: 4k\/30 fps hasta 3840 x 2160 pixeles, 1080p\/30 o 60 fps hasta 1920 x 1080 pixeles, 720p\/30 o 60 fps hasta 1280 x 720 pixeles<\/td>\n<\/tr>\n<tr>\n<td>Sensor de imagen: sony starvis de 8,5 mp<\/td>\n<\/tr>\n<tr>\n<td>Campo visual diagonal dfov: 90\u00b0\/78\u00b0\/65\u00b0<\/td>\n<\/tr>\n<tr>\n<td>Zoom de hardware: zoom digital 4x<\/td>\n<\/tr>\n<tr>\n<td>Tipo de enfoque: enfoque automatico<\/td>\n<\/tr>\n<tr>\n<td>Tipo de lente: cristal<\/td>\n<\/tr>\n<tr>\n<td>La correccin de iluminacion automatica rightlight 5 con hdr y mejora de imagen basada en la cara representa los tonos de piel con mayor precision y garantiza que la cara del usuario este bien iluminada en diversas condiciones de iluminacion.<\/td>\n<\/tr>\n<tr>\n<td>Audio<\/td>\n<\/tr>\n<tr>\n<td>Dos microfonos integrados con formacin de haces con un radio de accion de hasta 1,2 m<\/td>\n<\/tr>\n<tr>\n<td>Conectividad: plug and play usb-c<\/td>\n<\/tr>\n<tr>\n<td>Tapa de privacidad: integrada<\/td>\n<\/tr>\n<tr>\n<td>Opciones de montaje: el clip universal extraible es apto para laptops, pantallas lcd o monitores<\/td>\n<\/tr>\n<tr>\n<td>Ajustes de imagen: descarga logi tune desde www.logitech.com\/tune para ajustar el color y el brillo solo disponible en windows y macos.<\/td>\n<\/tr>\n<tr>\n<td>Implementacin y gestion: logitech sync admite implementaciones a escala en toda la empresa. puedes monitorear y administrar los dispositivos de colaboracion personal desde una sola plataforma con sync<\/td>\n<\/tr>\n<tr>\n<td>Sostenibilidad<\/td>\n<\/tr>\n<tr>\n<td>Plasticos: minimo 82 de material reciclado posconsumo excluye pwa, cables y embalaje.<\/td>\n<\/tr>\n<tr>\n<td>Carcasa de camara: aluminio con baja huella de carbono<\/td>\n<\/tr>\n<tr>\n<td>Empacado de papel: con certificacin fsc\u0099<\/td>\n<\/tr>\n<tr>\n<td>Informacion de garantia<\/td>\n<\/tr>\n<tr>\n<td>Tres aos de garantia limitada del hardware<\/td>\n<\/tr>\n<\/table>\n","protected":false},"excerpt":{"rendered":"<p>Mx brio 705 for business ofrece una experiencia de video 4k superior con una estetica llamativa. Perfecta para profesionales y ejecutivos calificados y disenada para la sostenibilidad, esta camara web ofrece excelencia visual en un producto con el que ti se puede sentir bien. Certificacin empresarial. Mx brio 705 for business es compatible con los principales sistemas operativos, como windows y macos.11consulta especificaciones tecnicas   compatibilidad para obtener mas informacion. Tiene certificacion para microsoft teams, zoom, google meet funciona con chromebook, y es compatible con la mayoria de las plataformas de videoconferencia.<\/p>\n","protected":false},"featured_media":0,"comment_status":"open","ping_status":"open","template":"","meta":[],"product_cat":[2012,2011],"product_tag":[1500],"acf":[],"yoast_head":"<!-- This site is optimized with the Yoast SEO plugin v21.7 - https:\/\/yoast.com\/wordpress\/plugins\/seo\/ -->\n<title>[ Logitech ] &#129351; 960-001529 Webcam Mx Brio 705 For Business 4k\/30 Fps Zoom 4x Enfoque Automatico Sensor Sony Starvis De 8,5 Mp<\/title>\n<meta name=\"description\" content=\"Compra 960-001529 Webcam Mx Brio 705 For Business 4k\/30 Fps Zoom 4x Enfoque Automatico Sensor Sony Starvis De 8,5 Mp + Env\u00edo a domicilio + Pago seguro + Garant\u00eda\" \/>\n<meta name=\"robots\" content=\"index, follow, max-snippet:-1, max-image-preview:large, max-video-preview:-1\" \/>\n<link rel=\"canonical\" href=\"https:\/\/compuviper.mx\/tienda\/producto\/logitech-960-001529-webcam-mx-brio-705-for-business-4k-30-fps-zoom-4x-enfoque-automatico-sensor-sony-starvis-de-85-mp\/\" \/>\n<meta property=\"og:locale\" content=\"es_MX\" \/>\n<meta property=\"og:type\" content=\"article\" \/>\n<meta property=\"og:title\" content=\"[ Logitech ] &#129351; 960-001529 Webcam Mx Brio 705 For Business 4k\/30 Fps Zoom 4x Enfoque Automatico Sensor Sony Starvis De 8,5 Mp\" \/>\n<meta property=\"og:description\" content=\"Compra 960-001529 Webcam Mx Brio 705 For Business 4k\/30 Fps Zoom 4x Enfoque Automatico Sensor Sony Starvis De 8,5 Mp + Env\u00edo a domicilio + Pago seguro + Garant\u00eda\" \/>\n<meta property=\"og:url\" content=\"https:\/\/compuviper.mx\/tienda\/producto\/logitech-960-001529-webcam-mx-brio-705-for-business-4k-30-fps-zoom-4x-enfoque-automatico-sensor-sony-starvis-de-85-mp\/\" \/>\n<meta property=\"og:site_name\" content=\"Compuviper\" \/>\n<meta property=\"article:publisher\" content=\"https:\/\/www.facebook.com\/compuviper\" \/>\n<meta property=\"article:modified_time\" content=\"2026-04-17T06:21:44+00:00\" \/>\n<meta name=\"twitter:card\" content=\"summary_large_image\" \/>\n<meta name=\"twitter:label1\" content=\"Precio\" \/>\n\t<meta name=\"twitter:data1\" content=\"&#36;4,471 con IVA\" \/>\n\t<meta name=\"twitter:label2\" content=\"Availability\" \/>\n\t<meta name=\"twitter:data2\" content=\"Out of stock\" \/>\n<script type=\"application\/ld+json\" class=\"yoast-schema-graph\">{\"@context\":\"https:\/\/schema.org\",\"@graph\":[{\"@type\":\"WebPage\",\"@id\":\"https:\/\/compuviper.mx\/tienda\/producto\/logitech-960-001529-webcam-mx-brio-705-for-business-4k-30-fps-zoom-4x-enfoque-automatico-sensor-sony-starvis-de-85-mp\/\",\"url\":\"https:\/\/compuviper.mx\/tienda\/producto\/logitech-960-001529-webcam-mx-brio-705-for-business-4k-30-fps-zoom-4x-enfoque-automatico-sensor-sony-starvis-de-85-mp\/\",\"name\":\"[ Logitech ] &#129351; 960-001529 Webcam Mx Brio 705 For Business 4k\/30 Fps Zoom 4x Enfoque Automatico Sensor Sony Starvis De 8,5 Mp\",\"isPartOf\":{\"@id\":\"https:\/\/compuviper.mx\/tienda\/#website\"},\"datePublished\":\"2026-04-17T06:21:43+00:00\",\"dateModified\":\"2026-04-17T06:21:44+00:00\",\"description\":\"Compra 960-001529 Webcam Mx Brio 705 For Business 4k\/30 Fps Zoom 4x Enfoque Automatico Sensor Sony Starvis De 8,5 Mp + Env\u00edo a domicilio + Pago seguro + Garant\u00eda\",\"breadcrumb\":{\"@id\":\"https:\/\/compuviper.mx\/tienda\/producto\/logitech-960-001529-webcam-mx-brio-705-for-business-4k-30-fps-zoom-4x-enfoque-automatico-sensor-sony-starvis-de-85-mp\/#breadcrumb\"},\"inLanguage\":\"es-MX\",\"potentialAction\":[{\"@type\":\"ReadAction\",\"target\":[\"https:\/\/compuviper.mx\/tienda\/producto\/logitech-960-001529-webcam-mx-brio-705-for-business-4k-30-fps-zoom-4x-enfoque-automatico-sensor-sony-starvis-de-85-mp\/\"]}]},{\"@type\":\"BreadcrumbList\",\"@id\":\"https:\/\/compuviper.mx\/tienda\/producto\/logitech-960-001529-webcam-mx-brio-705-for-business-4k-30-fps-zoom-4x-enfoque-automatico-sensor-sony-starvis-de-85-mp\/#breadcrumb\",\"itemListElement\":[{\"@type\":\"ListItem\",\"position\":1,\"name\":\"Inicio\",\"item\":\"https:\/\/compuviper.mx\/tienda\/\"},{\"@type\":\"ListItem\",\"position\":2,\"name\":\"Productos\",\"item\":\"https:\/\/compuviper.mx\/tienda\/productos\/\"},{\"@type\":\"ListItem\",\"position\":3,\"name\":\"Videoconferencia\",\"item\":\"https:\/\/compuviper.mx\/tienda\/categoria-producto\/videoconferencia\/\"},{\"@type\":\"ListItem\",\"position\":4,\"name\":\"Sin Categor\u00eda\",\"item\":\"https:\/\/compuviper.mx\/tienda\/categoria-producto\/videoconferencia\/sin-categoria-videoconferencia\/\"},{\"@type\":\"ListItem\",\"position\":5,\"name\":\"Logitech 960-001529 Webcam Mx Brio 705 For Business 4k\/30 Fps Zoom 4x Enfoque Automatico Sensor Sony Starvis De 8,5 Mp\"}]},{\"@type\":\"WebSite\",\"@id\":\"https:\/\/compuviper.mx\/tienda\/#website\",\"url\":\"https:\/\/compuviper.mx\/tienda\/\",\"name\":\"Compuviper\",\"description\":\"Proveedor de Computadoras, Laptops, Servidores, Monitores, Puntos de Venta, Teclados,   Impresoras, T\u00f3ner, C\u00e1maras de Seguridad y m\u00e1s en tu tienda en l\u00ednea\",\"publisher\":{\"@id\":\"https:\/\/compuviper.mx\/tienda\/#organization\"},\"potentialAction\":[{\"@type\":\"SearchAction\",\"target\":{\"@type\":\"EntryPoint\",\"urlTemplate\":\"https:\/\/compuviper.mx\/tienda\/?s={search_term_string}\"},\"query-input\":\"required name=search_term_string\"}],\"inLanguage\":\"es-MX\"},{\"@type\":\"Organization\",\"@id\":\"https:\/\/compuviper.mx\/tienda\/#organization\",\"name\":\"Compuviper\",\"url\":\"https:\/\/compuviper.mx\/tienda\/\",\"logo\":{\"@type\":\"ImageObject\",\"inLanguage\":\"es-MX\",\"@id\":\"https:\/\/compuviper.mx\/tienda\/#\/schema\/logo\/image\/\",\"url\":\"https:\/\/compuviper.mx\/tienda\/wp-content\/uploads\/2021\/08\/Logo-Compuviper-10.png\",\"contentUrl\":\"https:\/\/compuviper.mx\/tienda\/wp-content\/uploads\/2021\/08\/Logo-Compuviper-10.png\",\"width\":1000,\"height\":500,\"caption\":\"Compuviper\"},\"image\":{\"@id\":\"https:\/\/compuviper.mx\/tienda\/#\/schema\/logo\/image\/\"},\"sameAs\":[\"https:\/\/www.facebook.com\/compuviper\",\"https:\/\/www.youtube.com\/channel\/UCf73dERp9Y3cfOq7q8BhLjA?view_as=subscriber\"]}]}<\/script>\n<meta property=\"product:brand\" content=\"LOGITECH\" \/>\n<meta property=\"product:price:amount\" content=\"4471\" \/>\n<meta property=\"product:price:currency\" content=\"MXN\" \/>\n<meta property=\"og:availability\" content=\"out of stock\" \/>\n<meta property=\"product:availability\" content=\"out of stock\" \/>\n<meta property=\"product:retailer_item_id\" content=\"960-001529\" \/>\n<meta property=\"product:condition\" content=\"new\" \/>\n<!-- \/ Yoast SEO plugin. -->","yoast_head_json":{"title":"[ Logitech ] &#129351; 960-001529 Webcam Mx Brio 705 For Business 4k\/30 Fps Zoom 4x Enfoque Automatico Sensor Sony Starvis De 8,5 Mp","description":"Compra 960-001529 Webcam Mx Brio 705 For Business 4k\/30 Fps Zoom 4x Enfoque Automatico Sensor Sony Starvis De 8,5 Mp + Env\u00edo a domicilio + Pago seguro + Garant\u00eda","robots":{"index":"index","follow":"follow","max-snippet":"max-snippet:-1","max-image-preview":"max-image-preview:large","max-video-preview":"max-video-preview:-1"},"canonical":"https:\/\/compuviper.mx\/tienda\/producto\/logitech-960-001529-webcam-mx-brio-705-for-business-4k-30-fps-zoom-4x-enfoque-automatico-sensor-sony-starvis-de-85-mp\/","og_locale":"es_MX","og_type":"article","og_title":"[ Logitech ] &#129351; 960-001529 Webcam Mx Brio 705 For Business 4k\/30 Fps Zoom 4x Enfoque Automatico Sensor Sony Starvis De 8,5 Mp","og_description":"Compra 960-001529 Webcam Mx Brio 705 For Business 4k\/30 Fps Zoom 4x Enfoque Automatico Sensor Sony Starvis De 8,5 Mp + Env\u00edo a domicilio + Pago seguro + Garant\u00eda","og_url":"https:\/\/compuviper.mx\/tienda\/producto\/logitech-960-001529-webcam-mx-brio-705-for-business-4k-30-fps-zoom-4x-enfoque-automatico-sensor-sony-starvis-de-85-mp\/","og_site_name":"Compuviper","article_publisher":"https:\/\/www.facebook.com\/compuviper","article_modified_time":"2026-04-17T06:21:44+00:00","twitter_card":"summary_large_image","twitter_misc":{"Precio":"&#36;4,471 con IVA","Availability":"Out of stock"},"schema":{"@context":"https:\/\/schema.org","@graph":[{"@type":"WebPage","@id":"https:\/\/compuviper.mx\/tienda\/producto\/logitech-960-001529-webcam-mx-brio-705-for-business-4k-30-fps-zoom-4x-enfoque-automatico-sensor-sony-starvis-de-85-mp\/","url":"https:\/\/compuviper.mx\/tienda\/producto\/logitech-960-001529-webcam-mx-brio-705-for-business-4k-30-fps-zoom-4x-enfoque-automatico-sensor-sony-starvis-de-85-mp\/","name":"[ Logitech ] &#129351; 960-001529 Webcam Mx Brio 705 For Business 4k\/30 Fps Zoom 4x Enfoque Automatico Sensor Sony Starvis De 8,5 Mp","isPartOf":{"@id":"https:\/\/compuviper.mx\/tienda\/#website"},"datePublished":"2026-04-17T06:21:43+00:00","dateModified":"2026-04-17T06:21:44+00:00","description":"Compra 960-001529 Webcam Mx Brio 705 For Business 4k\/30 Fps Zoom 4x Enfoque Automatico Sensor Sony Starvis De 8,5 Mp + Env\u00edo a domicilio + Pago seguro + Garant\u00eda","breadcrumb":{"@id":"https:\/\/compuviper.mx\/tienda\/producto\/logitech-960-001529-webcam-mx-brio-705-for-business-4k-30-fps-zoom-4x-enfoque-automatico-sensor-sony-starvis-de-85-mp\/#breadcrumb"},"inLanguage":"es-MX","potentialAction":[{"@type":"ReadAction","target":["https:\/\/compuviper.mx\/tienda\/producto\/logitech-960-001529-webcam-mx-brio-705-for-business-4k-30-fps-zoom-4x-enfoque-automatico-sensor-sony-starvis-de-85-mp\/"]}]},{"@type":"BreadcrumbList","@id":"https:\/\/compuviper.mx\/tienda\/producto\/logitech-960-001529-webcam-mx-brio-705-for-business-4k-30-fps-zoom-4x-enfoque-automatico-sensor-sony-starvis-de-85-mp\/#breadcrumb","itemListElement":[{"@type":"ListItem","position":1,"name":"Inicio","item":"https:\/\/compuviper.mx\/tienda\/"},{"@type":"ListItem","position":2,"name":"Productos","item":"https:\/\/compuviper.mx\/tienda\/productos\/"},{"@type":"ListItem","position":3,"name":"Videoconferencia","item":"https:\/\/compuviper.mx\/tienda\/categoria-producto\/videoconferencia\/"},{"@type":"ListItem","position":4,"name":"Sin Categor\u00eda","item":"https:\/\/compuviper.mx\/tienda\/categoria-producto\/videoconferencia\/sin-categoria-videoconferencia\/"},{"@type":"ListItem","position":5,"name":"Logitech 960-001529 Webcam Mx Brio 705 For Business 4k\/30 Fps Zoom 4x Enfoque Automatico Sensor Sony Starvis De 8,5 Mp"}]},{"@type":"WebSite","@id":"https:\/\/compuviper.mx\/tienda\/#website","url":"https:\/\/compuviper.mx\/tienda\/","name":"Compuviper","description":"Proveedor de Computadoras, Laptops, Servidores, Monitores, Puntos de Venta, Teclados,   Impresoras, T\u00f3ner, C\u00e1maras de Seguridad y m\u00e1s en tu tienda en l\u00ednea","publisher":{"@id":"https:\/\/compuviper.mx\/tienda\/#organization"},"potentialAction":[{"@type":"SearchAction","target":{"@type":"EntryPoint","urlTemplate":"https:\/\/compuviper.mx\/tienda\/?s={search_term_string}"},"query-input":"required name=search_term_string"}],"inLanguage":"es-MX"},{"@type":"Organization","@id":"https:\/\/compuviper.mx\/tienda\/#organization","name":"Compuviper","url":"https:\/\/compuviper.mx\/tienda\/","logo":{"@type":"ImageObject","inLanguage":"es-MX","@id":"https:\/\/compuviper.mx\/tienda\/#\/schema\/logo\/image\/","url":"https:\/\/compuviper.mx\/tienda\/wp-content\/uploads\/2021\/08\/Logo-Compuviper-10.png","contentUrl":"https:\/\/compuviper.mx\/tienda\/wp-content\/uploads\/2021\/08\/Logo-Compuviper-10.png","width":1000,"height":500,"caption":"Compuviper"},"image":{"@id":"https:\/\/compuviper.mx\/tienda\/#\/schema\/logo\/image\/"},"sameAs":["https:\/\/www.facebook.com\/compuviper","https:\/\/www.youtube.com\/channel\/UCf73dERp9Y3cfOq7q8BhLjA?view_as=subscriber"]}]},"product_brand":"LOGITECH","product_price_amount":"4471","product_price_currency":"MXN","og_availability":"out of stock","product_availability":"out of stock","product_retailer_item_id":"960-001529","product_condition":"new"},"_links":{"self":[{"href":"https:\/\/compuviper.mx\/tienda\/wp-json\/wp\/v2\/product\/267466"}],"collection":[{"href":"https:\/\/compuviper.mx\/tienda\/wp-json\/wp\/v2\/product"}],"about":[{"href":"https:\/\/compuviper.mx\/tienda\/wp-json\/wp\/v2\/types\/product"}],"replies":[{"embeddable":true,"href":"https:\/\/compuviper.mx\/tienda\/wp-json\/wp\/v2\/comments?post=267466"}],"wp:attachment":[{"href":"https:\/\/compuviper.mx\/tienda\/wp-json\/wp\/v2\/media?parent=267466"}],"wp:term":[{"taxonomy":"product_cat","embeddable":true,"href":"https:\/\/compuviper.mx\/tienda\/wp-json\/wp\/v2\/product_cat?post=267466"},{"taxonomy":"product_tag","embeddable":true,"href":"https:\/\/compuviper.mx\/tienda\/wp-json\/wp\/v2\/product_tag?post=267466"}],"curies":[{"name":"wp","href":"https:\/\/api.w.org\/{rel}","templated":true}]}}