{"id":267464,"date":"2026-04-10T00:04:28","date_gmt":"2026-04-10T06:04:28","guid":{"rendered":"https:\/\/compuviper.mx\/tienda\/producto\/cooler-master-mpx-7503-afag-2buv-fuente-de-poder-750w-negro-mwe-v3-atx-3-1-80plus-gold-certificada-modular-gamer\/"},"modified":"2026-04-10T00:04:29","modified_gmt":"2026-04-10T06:04:29","slug":"cooler-master-mpx-7503-afag-2buv-fuente-de-poder-750w-negro-mwe-v3-atx-3-1-80plus-gold-certificada-modular-gamer","status":"publish","type":"product","link":"https:\/\/compuviper.mx\/tienda\/producto\/cooler-master-mpx-7503-afag-2buv-fuente-de-poder-750w-negro-mwe-v3-atx-3-1-80plus-gold-certificada-modular-gamer\/","title":{"rendered":"Cooler Master Mpx-7503-afag-2buv Fuente De Poder  750w \/ Negro \/ Mwe V3 Atx 3.1\/80plus Gold Certificada\/ Modular \/gamer"},"content":{"rendered":"<table class=\"descripcion\">\n<tr>\n<td>Modelo: mpx-7503-afag-2buv<\/td>\n<\/tr>\n<tr>\n<td>Version atx: atx 12v ver. 3.1<\/td>\n<\/tr>\n<tr>\n<td>Pfc: pfc activo<\/td>\n<\/tr>\n<tr>\n<td>Tension de entrada: 100-240v<\/td>\n<\/tr>\n<tr>\n<td>Corriente de entrada: 10-5a<\/td>\n<\/tr>\n<tr>\n<td>Frecuencia de entrada: 50-60hz<\/td>\n<\/tr>\n<tr>\n<td>Dimensiones (l x anla x e): 160 x 150 x 86 mm<\/td>\n<\/tr>\n<tr>\n<td>Tama\u00f1o del abanico: 120mm<\/td>\n<\/tr>\n<tr>\n<td>Rodamiento del ventilador: hdb<\/td>\n<\/tr>\n<tr>\n<td>Velocidad del ventilador: 2500 rpm<\/td>\n<\/tr>\n<tr>\n<td>Eficiencia:  and #8805;90% @ carga tipica<\/td>\n<\/tr>\n<tr>\n<td>Calificacion plus 80: 80 plus oro<\/td>\n<\/tr>\n<tr>\n<td>Erp 2014 lote 3: si<\/td>\n<\/tr>\n<tr>\n<td>Temperatura de funcionamiento: 0-40\u00b0c<\/td>\n<\/tr>\n<tr>\n<td>Alimentacion buena se\u00f1al: 100 &#8211; 150 ms<\/td>\n<\/tr>\n<tr>\n<td>Hora de esperar:  and #8805;16 ms al 80% de carga<\/td>\n<\/tr>\n<tr>\n<td>Mtbf:  100.000 horas<\/td>\n<\/tr>\n<tr>\n<td>Protecciones: opp\/ ovp\/ otp\/ ocp\/ scp\/ uvp\/ protecci\u00f3n contra sobretensiones y entrada<\/td>\n<\/tr>\n<tr>\n<td>Regulacion: ctuvus, tuv, ce, fcc, bsmi, ccc, eac, rcm, ukca, rohs2.0 \/ bis, kc (seg\u00fan las solicitudes de la regi\u00f3n).<\/td>\n<\/tr>\n<tr>\n<td>Conectores atx de 24 pines: 1<\/td>\n<\/tr>\n<tr>\n<td>Conectores eps de 4+4 pines: 1<\/td>\n<\/tr>\n<tr>\n<td>Conector eps de 8 pines: 1<\/td>\n<\/tr>\n<tr>\n<td>Sata y conectores perifericos de 4 pines: 6 (sata) \/ 2 (periferico)<\/td>\n<\/tr>\n<tr>\n<td>Conectores pci-e de 6+2 pines: 4<\/td>\n<\/tr>\n<tr>\n<td>Conectores 12v-2&#215;6: 1<\/td>\n<\/tr>\n<tr>\n<td>Serie: serie oro de mwe<\/td>\n<\/tr>\n<tr>\n<td>Categoria: por encima de 750w<\/td>\n<\/tr>\n<tr>\n<td>Modular: totalmente modular<\/td>\n<\/tr>\n<tr>\n<td>80 plus eficiencia: oro<\/td>\n<\/tr>\n<tr>\n<td>Factor de forma: atx<\/td>\n<\/tr>\n<tr>\n<td>Watts: 750w<\/td>\n<\/tr>\n<\/table>\n","protected":false},"excerpt":{"rendered":"<p>Construido para durar. Mwe gold 750 v3 atx 3.1. El mwe gold v3 aporta un nuevo estandar de durabilidad y eficiencia a la gama de fuentes de alimentaci\u00f3n de cooler master combinadas con soporte atx 3.1. Soporte atx 3.1 y un cable duradero de 12v-2&#215;6. Incluye soporte atx 3.1 y un conector pcie 5.1 de 90 grados 12+4 pines (12v-2&#215;6) que ofrece mayor durabilidad electrica, temperaturas mas bajas y mayor seguridad. Rendimiento silencioso de ventiladores con modo de cero rpm. Un modo predeterminado de cero rpm enciende automaticamente el ventilador cuando tu pc alcanza una temperatura espec\u00edfica. Tecnologias termicas separadas. Las tecnologias termicas separadas ofrecen un mejor rendimiento termico y un condensador japones grande y de alta calidad ofrece menos ruido de ondas y una mayor fiabilidad. Cableado totalmente modular. El cableado modular reduce el desorden, aumenta el flujo de aire y mejora el rendimiento t\u00e9rmico general.<\/p>\n","protected":false},"featured_media":0,"comment_status":"open","ping_status":"open","template":"","meta":[],"product_cat":[1508,1672],"product_tag":[1615],"acf":[],"yoast_head":"<!-- This site is optimized with the Yoast SEO plugin v21.7 - https:\/\/yoast.com\/wordpress\/plugins\/seo\/ -->\n<title>[ Cooler Master ] &#129351; Mpx-7503-afag-2buv Fuente De Poder 750w \/ Negro \/ Mwe V3 Atx 3.1\/80plus Gold Certificada\/ Modular \/gamer<\/title>\n<meta name=\"description\" content=\"Compra Mpx-7503-afag-2buv Fuente De Poder 750w \/ Negro \/ Mwe V3 Atx 3.1\/80plus Gold Certificada\/ Modular \/gamer + Env\u00edo a domicilio + Pago seguro + Garant\u00eda\" \/>\n<meta name=\"robots\" content=\"index, follow, max-snippet:-1, max-image-preview:large, max-video-preview:-1\" \/>\n<link rel=\"canonical\" href=\"https:\/\/compuviper.mx\/tienda\/producto\/cooler-master-mpx-7503-afag-2buv-fuente-de-poder-750w-negro-mwe-v3-atx-3-1-80plus-gold-certificada-modular-gamer\/\" \/>\n<meta property=\"og:locale\" content=\"es_MX\" \/>\n<meta property=\"og:type\" content=\"article\" \/>\n<meta property=\"og:title\" content=\"[ Cooler Master ] &#129351; Mpx-7503-afag-2buv Fuente De Poder 750w \/ Negro \/ Mwe V3 Atx 3.1\/80plus Gold Certificada\/ Modular \/gamer\" \/>\n<meta property=\"og:description\" content=\"Compra Mpx-7503-afag-2buv Fuente De Poder 750w \/ Negro \/ Mwe V3 Atx 3.1\/80plus Gold Certificada\/ Modular \/gamer + Env\u00edo a domicilio + Pago seguro + Garant\u00eda\" \/>\n<meta property=\"og:url\" content=\"https:\/\/compuviper.mx\/tienda\/producto\/cooler-master-mpx-7503-afag-2buv-fuente-de-poder-750w-negro-mwe-v3-atx-3-1-80plus-gold-certificada-modular-gamer\/\" \/>\n<meta property=\"og:site_name\" content=\"Compuviper\" \/>\n<meta property=\"article:publisher\" content=\"https:\/\/www.facebook.com\/compuviper\" \/>\n<meta property=\"article:modified_time\" content=\"2026-04-10T06:04:29+00:00\" \/>\n<meta name=\"twitter:card\" content=\"summary_large_image\" \/>\n<meta name=\"twitter:label1\" content=\"Precio\" \/>\n\t<meta name=\"twitter:data1\" content=\"&#36;1,207 con IVA\" \/>\n\t<meta name=\"twitter:label2\" content=\"Availability\" \/>\n\t<meta name=\"twitter:data2\" content=\"In stock\" \/>\n<script type=\"application\/ld+json\" class=\"yoast-schema-graph\">{\"@context\":\"https:\/\/schema.org\",\"@graph\":[{\"@type\":\"WebPage\",\"@id\":\"https:\/\/compuviper.mx\/tienda\/producto\/cooler-master-mpx-7503-afag-2buv-fuente-de-poder-750w-negro-mwe-v3-atx-3-1-80plus-gold-certificada-modular-gamer\/\",\"url\":\"https:\/\/compuviper.mx\/tienda\/producto\/cooler-master-mpx-7503-afag-2buv-fuente-de-poder-750w-negro-mwe-v3-atx-3-1-80plus-gold-certificada-modular-gamer\/\",\"name\":\"[ Cooler Master ] &#129351; Mpx-7503-afag-2buv Fuente De Poder 750w \/ Negro \/ Mwe V3 Atx 3.1\/80plus Gold Certificada\/ Modular \/gamer\",\"isPartOf\":{\"@id\":\"https:\/\/compuviper.mx\/tienda\/#website\"},\"datePublished\":\"2026-04-10T06:04:28+00:00\",\"dateModified\":\"2026-04-10T06:04:29+00:00\",\"description\":\"Compra Mpx-7503-afag-2buv Fuente De Poder 750w \/ Negro \/ Mwe V3 Atx 3.1\/80plus Gold Certificada\/ Modular \/gamer + Env\u00edo a domicilio + Pago seguro + Garant\u00eda\",\"breadcrumb\":{\"@id\":\"https:\/\/compuviper.mx\/tienda\/producto\/cooler-master-mpx-7503-afag-2buv-fuente-de-poder-750w-negro-mwe-v3-atx-3-1-80plus-gold-certificada-modular-gamer\/#breadcrumb\"},\"inLanguage\":\"es-MX\",\"potentialAction\":[{\"@type\":\"ReadAction\",\"target\":[\"https:\/\/compuviper.mx\/tienda\/producto\/cooler-master-mpx-7503-afag-2buv-fuente-de-poder-750w-negro-mwe-v3-atx-3-1-80plus-gold-certificada-modular-gamer\/\"]}]},{\"@type\":\"BreadcrumbList\",\"@id\":\"https:\/\/compuviper.mx\/tienda\/producto\/cooler-master-mpx-7503-afag-2buv-fuente-de-poder-750w-negro-mwe-v3-atx-3-1-80plus-gold-certificada-modular-gamer\/#breadcrumb\",\"itemListElement\":[{\"@type\":\"ListItem\",\"position\":1,\"name\":\"Inicio\",\"item\":\"https:\/\/compuviper.mx\/tienda\/\"},{\"@type\":\"ListItem\",\"position\":2,\"name\":\"Productos\",\"item\":\"https:\/\/compuviper.mx\/tienda\/productos\/\"},{\"@type\":\"ListItem\",\"position\":3,\"name\":\"Energia\",\"item\":\"https:\/\/compuviper.mx\/tienda\/categoria-producto\/energia\/\"},{\"@type\":\"ListItem\",\"position\":4,\"name\":\"Fuentes De Poder\",\"item\":\"https:\/\/compuviper.mx\/tienda\/categoria-producto\/energia\/fuentes-de-poder\/\"},{\"@type\":\"ListItem\",\"position\":5,\"name\":\"Cooler Master Mpx-7503-afag-2buv Fuente De Poder 750w \/ Negro \/ Mwe V3 Atx 3.1\/80plus Gold Certificada\/ Modular \/gamer\"}]},{\"@type\":\"WebSite\",\"@id\":\"https:\/\/compuviper.mx\/tienda\/#website\",\"url\":\"https:\/\/compuviper.mx\/tienda\/\",\"name\":\"Compuviper\",\"description\":\"Proveedor de Computadoras, Laptops, Servidores, Monitores, Puntos de Venta, Teclados,   Impresoras, T\u00f3ner, C\u00e1maras de Seguridad y m\u00e1s en tu tienda en l\u00ednea\",\"publisher\":{\"@id\":\"https:\/\/compuviper.mx\/tienda\/#organization\"},\"potentialAction\":[{\"@type\":\"SearchAction\",\"target\":{\"@type\":\"EntryPoint\",\"urlTemplate\":\"https:\/\/compuviper.mx\/tienda\/?s={search_term_string}\"},\"query-input\":\"required name=search_term_string\"}],\"inLanguage\":\"es-MX\"},{\"@type\":\"Organization\",\"@id\":\"https:\/\/compuviper.mx\/tienda\/#organization\",\"name\":\"Compuviper\",\"url\":\"https:\/\/compuviper.mx\/tienda\/\",\"logo\":{\"@type\":\"ImageObject\",\"inLanguage\":\"es-MX\",\"@id\":\"https:\/\/compuviper.mx\/tienda\/#\/schema\/logo\/image\/\",\"url\":\"https:\/\/compuviper.mx\/tienda\/wp-content\/uploads\/2021\/08\/Logo-Compuviper-10.png\",\"contentUrl\":\"https:\/\/compuviper.mx\/tienda\/wp-content\/uploads\/2021\/08\/Logo-Compuviper-10.png\",\"width\":1000,\"height\":500,\"caption\":\"Compuviper\"},\"image\":{\"@id\":\"https:\/\/compuviper.mx\/tienda\/#\/schema\/logo\/image\/\"},\"sameAs\":[\"https:\/\/www.facebook.com\/compuviper\",\"https:\/\/www.youtube.com\/channel\/UCf73dERp9Y3cfOq7q8BhLjA?view_as=subscriber\"]}]}<\/script>\n<meta property=\"product:brand\" content=\"COOLER MASTER\" \/>\n<meta property=\"product:price:amount\" content=\"1207\" \/>\n<meta property=\"product:price:currency\" content=\"MXN\" \/>\n<meta property=\"og:availability\" content=\"instock\" \/>\n<meta property=\"product:availability\" content=\"instock\" \/>\n<meta property=\"product:retailer_item_id\" content=\"MPX-7503-AFAG-2BUV\" \/>\n<meta property=\"product:condition\" content=\"new\" \/>\n<!-- \/ Yoast SEO plugin. -->","yoast_head_json":{"title":"[ Cooler Master ] &#129351; Mpx-7503-afag-2buv Fuente De Poder 750w \/ Negro \/ Mwe V3 Atx 3.1\/80plus Gold Certificada\/ Modular \/gamer","description":"Compra Mpx-7503-afag-2buv Fuente De Poder 750w \/ Negro \/ Mwe V3 Atx 3.1\/80plus Gold Certificada\/ Modular \/gamer + Env\u00edo a domicilio + Pago seguro + Garant\u00eda","robots":{"index":"index","follow":"follow","max-snippet":"max-snippet:-1","max-image-preview":"max-image-preview:large","max-video-preview":"max-video-preview:-1"},"canonical":"https:\/\/compuviper.mx\/tienda\/producto\/cooler-master-mpx-7503-afag-2buv-fuente-de-poder-750w-negro-mwe-v3-atx-3-1-80plus-gold-certificada-modular-gamer\/","og_locale":"es_MX","og_type":"article","og_title":"[ Cooler Master ] &#129351; Mpx-7503-afag-2buv Fuente De Poder 750w \/ Negro \/ Mwe V3 Atx 3.1\/80plus Gold Certificada\/ Modular \/gamer","og_description":"Compra Mpx-7503-afag-2buv Fuente De Poder 750w \/ Negro \/ Mwe V3 Atx 3.1\/80plus Gold Certificada\/ Modular \/gamer + Env\u00edo a domicilio + Pago seguro + Garant\u00eda","og_url":"https:\/\/compuviper.mx\/tienda\/producto\/cooler-master-mpx-7503-afag-2buv-fuente-de-poder-750w-negro-mwe-v3-atx-3-1-80plus-gold-certificada-modular-gamer\/","og_site_name":"Compuviper","article_publisher":"https:\/\/www.facebook.com\/compuviper","article_modified_time":"2026-04-10T06:04:29+00:00","twitter_card":"summary_large_image","twitter_misc":{"Precio":"&#36;1,207 con IVA","Availability":"In stock"},"schema":{"@context":"https:\/\/schema.org","@graph":[{"@type":"WebPage","@id":"https:\/\/compuviper.mx\/tienda\/producto\/cooler-master-mpx-7503-afag-2buv-fuente-de-poder-750w-negro-mwe-v3-atx-3-1-80plus-gold-certificada-modular-gamer\/","url":"https:\/\/compuviper.mx\/tienda\/producto\/cooler-master-mpx-7503-afag-2buv-fuente-de-poder-750w-negro-mwe-v3-atx-3-1-80plus-gold-certificada-modular-gamer\/","name":"[ Cooler Master ] &#129351; Mpx-7503-afag-2buv Fuente De Poder 750w \/ Negro \/ Mwe V3 Atx 3.1\/80plus Gold Certificada\/ Modular \/gamer","isPartOf":{"@id":"https:\/\/compuviper.mx\/tienda\/#website"},"datePublished":"2026-04-10T06:04:28+00:00","dateModified":"2026-04-10T06:04:29+00:00","description":"Compra Mpx-7503-afag-2buv Fuente De Poder 750w \/ Negro \/ Mwe V3 Atx 3.1\/80plus Gold Certificada\/ Modular \/gamer + Env\u00edo a domicilio + Pago seguro + Garant\u00eda","breadcrumb":{"@id":"https:\/\/compuviper.mx\/tienda\/producto\/cooler-master-mpx-7503-afag-2buv-fuente-de-poder-750w-negro-mwe-v3-atx-3-1-80plus-gold-certificada-modular-gamer\/#breadcrumb"},"inLanguage":"es-MX","potentialAction":[{"@type":"ReadAction","target":["https:\/\/compuviper.mx\/tienda\/producto\/cooler-master-mpx-7503-afag-2buv-fuente-de-poder-750w-negro-mwe-v3-atx-3-1-80plus-gold-certificada-modular-gamer\/"]}]},{"@type":"BreadcrumbList","@id":"https:\/\/compuviper.mx\/tienda\/producto\/cooler-master-mpx-7503-afag-2buv-fuente-de-poder-750w-negro-mwe-v3-atx-3-1-80plus-gold-certificada-modular-gamer\/#breadcrumb","itemListElement":[{"@type":"ListItem","position":1,"name":"Inicio","item":"https:\/\/compuviper.mx\/tienda\/"},{"@type":"ListItem","position":2,"name":"Productos","item":"https:\/\/compuviper.mx\/tienda\/productos\/"},{"@type":"ListItem","position":3,"name":"Energia","item":"https:\/\/compuviper.mx\/tienda\/categoria-producto\/energia\/"},{"@type":"ListItem","position":4,"name":"Fuentes De Poder","item":"https:\/\/compuviper.mx\/tienda\/categoria-producto\/energia\/fuentes-de-poder\/"},{"@type":"ListItem","position":5,"name":"Cooler Master Mpx-7503-afag-2buv Fuente De Poder 750w \/ Negro \/ Mwe V3 Atx 3.1\/80plus Gold Certificada\/ Modular \/gamer"}]},{"@type":"WebSite","@id":"https:\/\/compuviper.mx\/tienda\/#website","url":"https:\/\/compuviper.mx\/tienda\/","name":"Compuviper","description":"Proveedor de Computadoras, Laptops, Servidores, Monitores, Puntos de Venta, Teclados,   Impresoras, T\u00f3ner, C\u00e1maras de Seguridad y m\u00e1s en tu tienda en l\u00ednea","publisher":{"@id":"https:\/\/compuviper.mx\/tienda\/#organization"},"potentialAction":[{"@type":"SearchAction","target":{"@type":"EntryPoint","urlTemplate":"https:\/\/compuviper.mx\/tienda\/?s={search_term_string}"},"query-input":"required name=search_term_string"}],"inLanguage":"es-MX"},{"@type":"Organization","@id":"https:\/\/compuviper.mx\/tienda\/#organization","name":"Compuviper","url":"https:\/\/compuviper.mx\/tienda\/","logo":{"@type":"ImageObject","inLanguage":"es-MX","@id":"https:\/\/compuviper.mx\/tienda\/#\/schema\/logo\/image\/","url":"https:\/\/compuviper.mx\/tienda\/wp-content\/uploads\/2021\/08\/Logo-Compuviper-10.png","contentUrl":"https:\/\/compuviper.mx\/tienda\/wp-content\/uploads\/2021\/08\/Logo-Compuviper-10.png","width":1000,"height":500,"caption":"Compuviper"},"image":{"@id":"https:\/\/compuviper.mx\/tienda\/#\/schema\/logo\/image\/"},"sameAs":["https:\/\/www.facebook.com\/compuviper","https:\/\/www.youtube.com\/channel\/UCf73dERp9Y3cfOq7q8BhLjA?view_as=subscriber"]}]},"product_brand":"COOLER MASTER","product_price_amount":"1207","product_price_currency":"MXN","og_availability":"instock","product_availability":"instock","product_retailer_item_id":"MPX-7503-AFAG-2BUV","product_condition":"new"},"_links":{"self":[{"href":"https:\/\/compuviper.mx\/tienda\/wp-json\/wp\/v2\/product\/267464"}],"collection":[{"href":"https:\/\/compuviper.mx\/tienda\/wp-json\/wp\/v2\/product"}],"about":[{"href":"https:\/\/compuviper.mx\/tienda\/wp-json\/wp\/v2\/types\/product"}],"replies":[{"embeddable":true,"href":"https:\/\/compuviper.mx\/tienda\/wp-json\/wp\/v2\/comments?post=267464"}],"wp:attachment":[{"href":"https:\/\/compuviper.mx\/tienda\/wp-json\/wp\/v2\/media?parent=267464"}],"wp:term":[{"taxonomy":"product_cat","embeddable":true,"href":"https:\/\/compuviper.mx\/tienda\/wp-json\/wp\/v2\/product_cat?post=267464"},{"taxonomy":"product_tag","embeddable":true,"href":"https:\/\/compuviper.mx\/tienda\/wp-json\/wp\/v2\/product_tag?post=267464"}],"curies":[{"name":"wp","href":"https:\/\/api.w.org\/{rel}","templated":true}]}}