{"id":267410,"date":"2026-04-02T01:31:07","date_gmt":"2026-04-02T07:31:07","guid":{"rendered":"https:\/\/compuviper.mx\/tienda\/producto\/vorago-sba-i7-12700-tr-9-computadora-slimbay-a-core-i7-12700-16gb-512gb-m-2-nodvd-win-trial-kms-104\/"},"modified":"2026-04-02T01:31:07","modified_gmt":"2026-04-02T07:31:07","slug":"vorago-sba-i7-12700-tr-9-computadora-slimbay-a-core-i7-12700-16gb-512gb-m-2-nodvd-win-trial-kms-104","status":"publish","type":"product","link":"https:\/\/compuviper.mx\/tienda\/producto\/vorago-sba-i7-12700-tr-9-computadora-slimbay-a-core-i7-12700-16gb-512gb-m-2-nodvd-win-trial-kms-104\/","title":{"rendered":"Vorago Sba I7 12700-tr-9 Computadora  Slimbay A Core I7 12700 16gb 512gb M.2 Nodvd Win Trial Kms-104"},"content":{"rendered":"<table class=\"descripcion\">\n<tr>\n<td>Datos t\u00e9cnicos * estos datos podr\u00edan cambiar por disponibilidad<\/td>\n<\/tr>\n<tr>\n<td>Gabinete slimbay a<\/td>\n<\/tr>\n<tr>\n<td>Procesador core i7 12700(12th generacion)<\/td>\n<\/tr>\n<tr>\n<td>Frecuencia base 1.6ghz &#8211; 4.90 ghz<\/td>\n<\/tr>\n<tr>\n<td>N\u00facleos 12<\/td>\n<\/tr>\n<tr>\n<td>Cache 12 mb<\/td>\n<\/tr>\n<tr>\n<td>Chipset intel\u00ae h610<\/td>\n<\/tr>\n<tr>\n<td>Gr\u00e1ficos integrados gr\u00e1ficos uhd intel\u00ae 770<\/td>\n<\/tr>\n<tr>\n<td>Memoria ram 16gb ddr4 3200 mhz<\/td>\n<\/tr>\n<tr>\n<td>Almacenamiento 512gb ssd m.2<\/td>\n<\/tr>\n<tr>\n<td>Red realtek 1gb ethernet<\/td>\n<\/tr>\n<tr>\n<td>Usb frontales 1x usb-c, 1 x usb 3.0, 2 x usb 2.0, posteriores 2 x usb 3.2, 4 x usb 2.0`<\/td>\n<\/tr>\n<tr>\n<td>Audio frontal salida de audio, micr\u00f3fono, posterior<\/td>\n<\/tr>\n<tr>\n<td>Salida de video 1 x hdmi, 1 x vga<\/td>\n<\/tr>\n<tr>\n<td>Sistema operativo windows 11 trial<\/td>\n<\/tr>\n<\/table>\n","protected":false},"excerpt":{"rendered":"<p>Para casa, oficina o escuela. Deja de adaptarte a tu computadora y haz que ella se adapte a ti. Configura tu equipo con el gabinete slimbay5 de vorago que te ofrece todo lo que necesitas para trabajar o estudiar.<\/p>\n","protected":false},"featured_media":0,"comment_status":"open","ping_status":"open","template":"","meta":[],"product_cat":[1971,1972],"product_tag":[2294],"acf":[],"yoast_head":"<!-- This site is optimized with the Yoast SEO plugin v21.7 - https:\/\/yoast.com\/wordpress\/plugins\/seo\/ -->\n<title>[ Vorago ] &#129351; Sba I7 12700-tr-9 Computadora Slimbay A Core I7 12700 16gb 512gb M.2 Nodvd Win Trial Kms-104<\/title>\n<meta name=\"description\" content=\"Compra Sba I7 12700-tr-9 Computadora Slimbay A Core I7 12700 16gb 512gb M.2 Nodvd Win Trial Kms-104 + Env\u00edo a domicilio + Pago seguro + Garant\u00eda\" \/>\n<meta name=\"robots\" content=\"index, follow, max-snippet:-1, max-image-preview:large, max-video-preview:-1\" \/>\n<link rel=\"canonical\" href=\"https:\/\/compuviper.mx\/tienda\/producto\/vorago-sba-i7-12700-tr-9-computadora-slimbay-a-core-i7-12700-16gb-512gb-m-2-nodvd-win-trial-kms-104\/\" \/>\n<meta property=\"og:locale\" content=\"es_MX\" \/>\n<meta property=\"og:type\" content=\"article\" \/>\n<meta property=\"og:title\" content=\"[ Vorago ] &#129351; Sba I7 12700-tr-9 Computadora Slimbay A Core I7 12700 16gb 512gb M.2 Nodvd Win Trial Kms-104\" \/>\n<meta property=\"og:description\" content=\"Compra Sba I7 12700-tr-9 Computadora Slimbay A Core I7 12700 16gb 512gb M.2 Nodvd Win Trial Kms-104 + Env\u00edo a domicilio + Pago seguro + Garant\u00eda\" \/>\n<meta property=\"og:url\" content=\"https:\/\/compuviper.mx\/tienda\/producto\/vorago-sba-i7-12700-tr-9-computadora-slimbay-a-core-i7-12700-16gb-512gb-m-2-nodvd-win-trial-kms-104\/\" \/>\n<meta property=\"og:site_name\" content=\"Compuviper\" \/>\n<meta property=\"article:publisher\" content=\"https:\/\/www.facebook.com\/compuviper\" \/>\n<meta name=\"twitter:card\" content=\"summary_large_image\" \/>\n<meta name=\"twitter:label1\" content=\"Precio\" \/>\n\t<meta name=\"twitter:data1\" content=\"&#36;13,812 con IVA\" \/>\n\t<meta name=\"twitter:label2\" content=\"Availability\" \/>\n\t<meta name=\"twitter:data2\" content=\"In stock\" \/>\n<script type=\"application\/ld+json\" class=\"yoast-schema-graph\">{\"@context\":\"https:\/\/schema.org\",\"@graph\":[{\"@type\":\"WebPage\",\"@id\":\"https:\/\/compuviper.mx\/tienda\/producto\/vorago-sba-i7-12700-tr-9-computadora-slimbay-a-core-i7-12700-16gb-512gb-m-2-nodvd-win-trial-kms-104\/\",\"url\":\"https:\/\/compuviper.mx\/tienda\/producto\/vorago-sba-i7-12700-tr-9-computadora-slimbay-a-core-i7-12700-16gb-512gb-m-2-nodvd-win-trial-kms-104\/\",\"name\":\"[ Vorago ] &#129351; Sba I7 12700-tr-9 Computadora Slimbay A Core I7 12700 16gb 512gb M.2 Nodvd Win Trial Kms-104\",\"isPartOf\":{\"@id\":\"https:\/\/compuviper.mx\/tienda\/#website\"},\"datePublished\":\"2026-04-02T07:31:07+00:00\",\"dateModified\":\"2026-04-02T07:31:07+00:00\",\"description\":\"Compra Sba I7 12700-tr-9 Computadora Slimbay A Core I7 12700 16gb 512gb M.2 Nodvd Win Trial Kms-104 + Env\u00edo a domicilio + Pago seguro + Garant\u00eda\",\"breadcrumb\":{\"@id\":\"https:\/\/compuviper.mx\/tienda\/producto\/vorago-sba-i7-12700-tr-9-computadora-slimbay-a-core-i7-12700-16gb-512gb-m-2-nodvd-win-trial-kms-104\/#breadcrumb\"},\"inLanguage\":\"es-MX\",\"potentialAction\":[{\"@type\":\"ReadAction\",\"target\":[\"https:\/\/compuviper.mx\/tienda\/producto\/vorago-sba-i7-12700-tr-9-computadora-slimbay-a-core-i7-12700-16gb-512gb-m-2-nodvd-win-trial-kms-104\/\"]}]},{\"@type\":\"BreadcrumbList\",\"@id\":\"https:\/\/compuviper.mx\/tienda\/producto\/vorago-sba-i7-12700-tr-9-computadora-slimbay-a-core-i7-12700-16gb-512gb-m-2-nodvd-win-trial-kms-104\/#breadcrumb\",\"itemListElement\":[{\"@type\":\"ListItem\",\"position\":1,\"name\":\"Inicio\",\"item\":\"https:\/\/compuviper.mx\/tienda\/\"},{\"@type\":\"ListItem\",\"position\":2,\"name\":\"Productos\",\"item\":\"https:\/\/compuviper.mx\/tienda\/productos\/\"},{\"@type\":\"ListItem\",\"position\":3,\"name\":\"Computadoras\",\"item\":\"https:\/\/compuviper.mx\/tienda\/categoria-producto\/computadoras\/\"},{\"@type\":\"ListItem\",\"position\":4,\"name\":\"Desktop\",\"item\":\"https:\/\/compuviper.mx\/tienda\/categoria-producto\/computadoras\/desktop-computadoras\/\"},{\"@type\":\"ListItem\",\"position\":5,\"name\":\"Vorago Sba I7 12700-tr-9 Computadora Slimbay A Core I7 12700 16gb 512gb M.2 Nodvd Win Trial Kms-104\"}]},{\"@type\":\"WebSite\",\"@id\":\"https:\/\/compuviper.mx\/tienda\/#website\",\"url\":\"https:\/\/compuviper.mx\/tienda\/\",\"name\":\"Compuviper\",\"description\":\"Proveedor de Computadoras, Laptops, Servidores, Monitores, Puntos de Venta, Teclados,   Impresoras, T\u00f3ner, C\u00e1maras de Seguridad y m\u00e1s en tu tienda en l\u00ednea\",\"publisher\":{\"@id\":\"https:\/\/compuviper.mx\/tienda\/#organization\"},\"potentialAction\":[{\"@type\":\"SearchAction\",\"target\":{\"@type\":\"EntryPoint\",\"urlTemplate\":\"https:\/\/compuviper.mx\/tienda\/?s={search_term_string}\"},\"query-input\":\"required name=search_term_string\"}],\"inLanguage\":\"es-MX\"},{\"@type\":\"Organization\",\"@id\":\"https:\/\/compuviper.mx\/tienda\/#organization\",\"name\":\"Compuviper\",\"url\":\"https:\/\/compuviper.mx\/tienda\/\",\"logo\":{\"@type\":\"ImageObject\",\"inLanguage\":\"es-MX\",\"@id\":\"https:\/\/compuviper.mx\/tienda\/#\/schema\/logo\/image\/\",\"url\":\"https:\/\/compuviper.mx\/tienda\/wp-content\/uploads\/2021\/08\/Logo-Compuviper-10.png\",\"contentUrl\":\"https:\/\/compuviper.mx\/tienda\/wp-content\/uploads\/2021\/08\/Logo-Compuviper-10.png\",\"width\":1000,\"height\":500,\"caption\":\"Compuviper\"},\"image\":{\"@id\":\"https:\/\/compuviper.mx\/tienda\/#\/schema\/logo\/image\/\"},\"sameAs\":[\"https:\/\/www.facebook.com\/compuviper\",\"https:\/\/www.youtube.com\/channel\/UCf73dERp9Y3cfOq7q8BhLjA?view_as=subscriber\"]}]}<\/script>\n<meta property=\"product:brand\" content=\"Vorago\" \/>\n<meta property=\"product:price:amount\" content=\"13812\" \/>\n<meta property=\"product:price:currency\" content=\"MXN\" \/>\n<meta property=\"og:availability\" content=\"instock\" \/>\n<meta property=\"product:availability\" content=\"instock\" \/>\n<meta property=\"product:retailer_item_id\" content=\"SBA I7 12700-TR-9\" \/>\n<meta property=\"product:condition\" content=\"new\" \/>\n<!-- \/ Yoast SEO plugin. -->","yoast_head_json":{"title":"[ Vorago ] &#129351; Sba I7 12700-tr-9 Computadora Slimbay A Core I7 12700 16gb 512gb M.2 Nodvd Win Trial Kms-104","description":"Compra Sba I7 12700-tr-9 Computadora Slimbay A Core I7 12700 16gb 512gb M.2 Nodvd Win Trial Kms-104 + Env\u00edo a domicilio + Pago seguro + Garant\u00eda","robots":{"index":"index","follow":"follow","max-snippet":"max-snippet:-1","max-image-preview":"max-image-preview:large","max-video-preview":"max-video-preview:-1"},"canonical":"https:\/\/compuviper.mx\/tienda\/producto\/vorago-sba-i7-12700-tr-9-computadora-slimbay-a-core-i7-12700-16gb-512gb-m-2-nodvd-win-trial-kms-104\/","og_locale":"es_MX","og_type":"article","og_title":"[ Vorago ] &#129351; Sba I7 12700-tr-9 Computadora Slimbay A Core I7 12700 16gb 512gb M.2 Nodvd Win Trial Kms-104","og_description":"Compra Sba I7 12700-tr-9 Computadora Slimbay A Core I7 12700 16gb 512gb M.2 Nodvd Win Trial Kms-104 + Env\u00edo a domicilio + Pago seguro + Garant\u00eda","og_url":"https:\/\/compuviper.mx\/tienda\/producto\/vorago-sba-i7-12700-tr-9-computadora-slimbay-a-core-i7-12700-16gb-512gb-m-2-nodvd-win-trial-kms-104\/","og_site_name":"Compuviper","article_publisher":"https:\/\/www.facebook.com\/compuviper","twitter_card":"summary_large_image","twitter_misc":{"Precio":"&#36;13,812 con IVA","Availability":"In stock"},"schema":{"@context":"https:\/\/schema.org","@graph":[{"@type":"WebPage","@id":"https:\/\/compuviper.mx\/tienda\/producto\/vorago-sba-i7-12700-tr-9-computadora-slimbay-a-core-i7-12700-16gb-512gb-m-2-nodvd-win-trial-kms-104\/","url":"https:\/\/compuviper.mx\/tienda\/producto\/vorago-sba-i7-12700-tr-9-computadora-slimbay-a-core-i7-12700-16gb-512gb-m-2-nodvd-win-trial-kms-104\/","name":"[ Vorago ] &#129351; Sba I7 12700-tr-9 Computadora Slimbay A Core I7 12700 16gb 512gb M.2 Nodvd Win Trial Kms-104","isPartOf":{"@id":"https:\/\/compuviper.mx\/tienda\/#website"},"datePublished":"2026-04-02T07:31:07+00:00","dateModified":"2026-04-02T07:31:07+00:00","description":"Compra Sba I7 12700-tr-9 Computadora Slimbay A Core I7 12700 16gb 512gb M.2 Nodvd Win Trial Kms-104 + Env\u00edo a domicilio + Pago seguro + Garant\u00eda","breadcrumb":{"@id":"https:\/\/compuviper.mx\/tienda\/producto\/vorago-sba-i7-12700-tr-9-computadora-slimbay-a-core-i7-12700-16gb-512gb-m-2-nodvd-win-trial-kms-104\/#breadcrumb"},"inLanguage":"es-MX","potentialAction":[{"@type":"ReadAction","target":["https:\/\/compuviper.mx\/tienda\/producto\/vorago-sba-i7-12700-tr-9-computadora-slimbay-a-core-i7-12700-16gb-512gb-m-2-nodvd-win-trial-kms-104\/"]}]},{"@type":"BreadcrumbList","@id":"https:\/\/compuviper.mx\/tienda\/producto\/vorago-sba-i7-12700-tr-9-computadora-slimbay-a-core-i7-12700-16gb-512gb-m-2-nodvd-win-trial-kms-104\/#breadcrumb","itemListElement":[{"@type":"ListItem","position":1,"name":"Inicio","item":"https:\/\/compuviper.mx\/tienda\/"},{"@type":"ListItem","position":2,"name":"Productos","item":"https:\/\/compuviper.mx\/tienda\/productos\/"},{"@type":"ListItem","position":3,"name":"Computadoras","item":"https:\/\/compuviper.mx\/tienda\/categoria-producto\/computadoras\/"},{"@type":"ListItem","position":4,"name":"Desktop","item":"https:\/\/compuviper.mx\/tienda\/categoria-producto\/computadoras\/desktop-computadoras\/"},{"@type":"ListItem","position":5,"name":"Vorago Sba I7 12700-tr-9 Computadora Slimbay A Core I7 12700 16gb 512gb M.2 Nodvd Win Trial Kms-104"}]},{"@type":"WebSite","@id":"https:\/\/compuviper.mx\/tienda\/#website","url":"https:\/\/compuviper.mx\/tienda\/","name":"Compuviper","description":"Proveedor de Computadoras, Laptops, Servidores, Monitores, Puntos de Venta, Teclados,   Impresoras, T\u00f3ner, C\u00e1maras de Seguridad y m\u00e1s en tu tienda en l\u00ednea","publisher":{"@id":"https:\/\/compuviper.mx\/tienda\/#organization"},"potentialAction":[{"@type":"SearchAction","target":{"@type":"EntryPoint","urlTemplate":"https:\/\/compuviper.mx\/tienda\/?s={search_term_string}"},"query-input":"required name=search_term_string"}],"inLanguage":"es-MX"},{"@type":"Organization","@id":"https:\/\/compuviper.mx\/tienda\/#organization","name":"Compuviper","url":"https:\/\/compuviper.mx\/tienda\/","logo":{"@type":"ImageObject","inLanguage":"es-MX","@id":"https:\/\/compuviper.mx\/tienda\/#\/schema\/logo\/image\/","url":"https:\/\/compuviper.mx\/tienda\/wp-content\/uploads\/2021\/08\/Logo-Compuviper-10.png","contentUrl":"https:\/\/compuviper.mx\/tienda\/wp-content\/uploads\/2021\/08\/Logo-Compuviper-10.png","width":1000,"height":500,"caption":"Compuviper"},"image":{"@id":"https:\/\/compuviper.mx\/tienda\/#\/schema\/logo\/image\/"},"sameAs":["https:\/\/www.facebook.com\/compuviper","https:\/\/www.youtube.com\/channel\/UCf73dERp9Y3cfOq7q8BhLjA?view_as=subscriber"]}]},"product_brand":"Vorago","product_price_amount":"13812","product_price_currency":"MXN","og_availability":"instock","product_availability":"instock","product_retailer_item_id":"SBA I7 12700-TR-9","product_condition":"new"},"_links":{"self":[{"href":"https:\/\/compuviper.mx\/tienda\/wp-json\/wp\/v2\/product\/267410"}],"collection":[{"href":"https:\/\/compuviper.mx\/tienda\/wp-json\/wp\/v2\/product"}],"about":[{"href":"https:\/\/compuviper.mx\/tienda\/wp-json\/wp\/v2\/types\/product"}],"replies":[{"embeddable":true,"href":"https:\/\/compuviper.mx\/tienda\/wp-json\/wp\/v2\/comments?post=267410"}],"wp:attachment":[{"href":"https:\/\/compuviper.mx\/tienda\/wp-json\/wp\/v2\/media?parent=267410"}],"wp:term":[{"taxonomy":"product_cat","embeddable":true,"href":"https:\/\/compuviper.mx\/tienda\/wp-json\/wp\/v2\/product_cat?post=267410"},{"taxonomy":"product_tag","embeddable":true,"href":"https:\/\/compuviper.mx\/tienda\/wp-json\/wp\/v2\/product_tag?post=267410"}],"curies":[{"name":"wp","href":"https:\/\/api.w.org\/{rel}","templated":true}]}}