{"id":267408,"date":"2026-04-02T01:31:05","date_gmt":"2026-04-02T07:31:05","guid":{"rendered":"https:\/\/compuviper.mx\/tienda\/producto\/asus-p470vak-c732g1t-p1-all-in-one-27-pulgadas-fhd-intel-core-7-240h-32gb-1tb-ssd-windows-11-pro-1-ao-de-garanta\/"},"modified":"2026-04-02T01:31:05","modified_gmt":"2026-04-02T07:31:05","slug":"asus-p470vak-c732g1t-p1-all-in-one-27-pulgadas-fhd-intel-core-7-240h-32gb-1tb-ssd-windows-11-pro-1-ao-de-garanta","status":"publish","type":"product","link":"https:\/\/compuviper.mx\/tienda\/producto\/asus-p470vak-c732g1t-p1-all-in-one-27-pulgadas-fhd-intel-core-7-240h-32gb-1tb-ssd-windows-11-pro-1-ao-de-garanta\/","title":{"rendered":"Asus P470vak-c732g1t-p1  All In One  27 Pulgadas, Fhd Intel Core 7 240h, 32gb, 1tb Ssd, Windows 11 Pro, 1 A?o De Garanta."},"content":{"rendered":"<table class=\"descripcion\">\n<tr>\n<td>Equipo all in one de 27 pulgadas con pantalla fhd (1920 x 1080) 16:9, panel lcd antirreflejo, 100hz, 300 nits, cobertura srgb 100% y \u00e1ngulo de visi\u00f3n 178\/178. integra procesador intel\u00ae core\u0099 7 240h hasta 5.2ghz con 10 n\u00facleos y 16 hilos, 32gb ddr5 (2x16gb), 1tb m.2 nvme\u0099 pcie\u00ae 4.0 ssd, gr\u00e1ficos intel\u00ae integrados, wifi 6, bluetooth\u00ae 5.4, lan gigabit, c\u00e1mara 1080p fhd con funci\u00f3n ir para windows hello, tpm 2.0 y windows 11 pro. incluye teclado y mouse inal\u00e1mbricos.<\/td>\n<\/tr>\n<tr>\n<td>Cod fabricante: 90pt03w5-m01tc0<\/td>\n<\/tr>\n<tr>\n<td>Num parte: p470vak-c732g1t-p1<\/td>\n<\/tr>\n<tr>\n<td>Procesador: intel\u00ae core\u0099 7 processor 240h 2.5ghz (24mb cache, hasta 5.2ghz, 10 cores, 16 threads)<\/td>\n<\/tr>\n<tr>\n<td>Gr\u00e1ficos: intel\u00ae graphics integrados<\/td>\n<\/tr>\n<tr>\n<td>Dise\u00f1o: formato todo en uno de 27\u0094, pantalla antiglare con relaci\u00f3n pantalla-cuerpo 93%, soporte est\u00e1ndar, c\u00e1mara fhd con funci\u00f3n ir para autenticaci\u00f3n facial, micr\u00f3fono de arreglo integrado y bocinas integradas<\/td>\n<\/tr>\n<tr>\n<td>Memoria: 32gb ddr5 so-dimm (2x16gb)<\/td>\n<\/tr>\n<tr>\n<td>Almacenamiento: 1tb m.2 nvme\u0099 pcie\u00ae 4.0 ssd<\/td>\n<\/tr>\n<tr>\n<td>Peso: 9.00 kg<\/td>\n<\/tr>\n<tr>\n<td>Dimensiones del equipo: 61.3 x 44.7 x 1.7 ~ 21.0 cm<\/td>\n<\/tr>\n<tr>\n<td>Color: negro<\/td>\n<\/tr>\n<tr>\n<td>Sistema operativo: windows 11 pro<\/td>\n<\/tr>\n<tr>\n<td>Garant\u00eda: 1 a\u00f1o<\/td>\n<\/tr>\n<\/table>\n","protected":false},"excerpt":{"rendered":"<p>Soluci\u00f3n todo en uno de 27\u0094 dise\u00f1ada para entornos corporativos que demandan m\u00e1ximo rendimiento, amplia capacidad de memoria y almacenamiento, as\u00ed como seguridad avanzada con windows hello y tpm 2.0. Ideal para oficinas, \u00e1reas administrativas y espacios de trabajo profesionales.<\/p>\n","protected":false},"featured_media":0,"comment_status":"open","ping_status":"open","template":"","meta":[],"product_cat":[1977,1971],"product_tag":[1729],"acf":[],"yoast_head":"<!-- This site is optimized with the Yoast SEO plugin v21.7 - https:\/\/yoast.com\/wordpress\/plugins\/seo\/ -->\n<title>[ Asus ] &#129351; P470vak-c732g1t-p1 All In One 27 Pulgadas, Fhd Intel Core 7 240h, 32gb, 1tb Ssd, Windows 11 Pro, 1 A\u00f1o De Garanta.<\/title>\n<meta name=\"description\" content=\"Compra P470vak-c732g1t-p1 All In One 27 Pulgadas, Fhd Intel Core 7 240h, 32gb, 1tb Ssd, Windows 11 Pro, 1 A\u00f1o De Garanta. + Env\u00edo a domicilio + Pago seguro + Garant\u00eda\" \/>\n<meta name=\"robots\" content=\"index, follow, max-snippet:-1, max-image-preview:large, max-video-preview:-1\" \/>\n<link rel=\"canonical\" href=\"https:\/\/compuviper.mx\/tienda\/producto\/asus-p470vak-c732g1t-p1-all-in-one-27-pulgadas-fhd-intel-core-7-240h-32gb-1tb-ssd-windows-11-pro-1-ao-de-garanta\/\" \/>\n<meta property=\"og:locale\" content=\"es_MX\" \/>\n<meta property=\"og:type\" content=\"article\" \/>\n<meta property=\"og:title\" content=\"[ Asus ] &#129351; P470vak-c732g1t-p1 All In One 27 Pulgadas, Fhd Intel Core 7 240h, 32gb, 1tb Ssd, Windows 11 Pro, 1 A\u00f1o De Garanta.\" \/>\n<meta property=\"og:description\" content=\"Compra P470vak-c732g1t-p1 All In One 27 Pulgadas, Fhd Intel Core 7 240h, 32gb, 1tb Ssd, Windows 11 Pro, 1 A\u00f1o De Garanta. + Env\u00edo a domicilio + Pago seguro + Garant\u00eda\" \/>\n<meta property=\"og:url\" content=\"https:\/\/compuviper.mx\/tienda\/producto\/asus-p470vak-c732g1t-p1-all-in-one-27-pulgadas-fhd-intel-core-7-240h-32gb-1tb-ssd-windows-11-pro-1-ao-de-garanta\/\" \/>\n<meta property=\"og:site_name\" content=\"Compuviper\" \/>\n<meta property=\"article:publisher\" content=\"https:\/\/www.facebook.com\/compuviper\" \/>\n<meta name=\"twitter:card\" content=\"summary_large_image\" \/>\n<meta name=\"twitter:label1\" content=\"Precio\" \/>\n\t<meta name=\"twitter:data1\" content=\"&#36;24,848 con IVA\" \/>\n\t<meta name=\"twitter:label2\" content=\"Availability\" \/>\n\t<meta name=\"twitter:data2\" content=\"Out of stock\" \/>\n<script type=\"application\/ld+json\" class=\"yoast-schema-graph\">{\"@context\":\"https:\/\/schema.org\",\"@graph\":[{\"@type\":\"WebPage\",\"@id\":\"https:\/\/compuviper.mx\/tienda\/producto\/asus-p470vak-c732g1t-p1-all-in-one-27-pulgadas-fhd-intel-core-7-240h-32gb-1tb-ssd-windows-11-pro-1-ao-de-garanta\/\",\"url\":\"https:\/\/compuviper.mx\/tienda\/producto\/asus-p470vak-c732g1t-p1-all-in-one-27-pulgadas-fhd-intel-core-7-240h-32gb-1tb-ssd-windows-11-pro-1-ao-de-garanta\/\",\"name\":\"[ Asus ] &#129351; P470vak-c732g1t-p1 All In One 27 Pulgadas, Fhd Intel Core 7 240h, 32gb, 1tb Ssd, Windows 11 Pro, 1 A\u00f1o De Garanta.\",\"isPartOf\":{\"@id\":\"https:\/\/compuviper.mx\/tienda\/#website\"},\"datePublished\":\"2026-04-02T07:31:05+00:00\",\"dateModified\":\"2026-04-02T07:31:05+00:00\",\"description\":\"Compra P470vak-c732g1t-p1 All In One 27 Pulgadas, Fhd Intel Core 7 240h, 32gb, 1tb Ssd, Windows 11 Pro, 1 A\u00f1o De Garanta. + Env\u00edo a domicilio + Pago seguro + Garant\u00eda\",\"breadcrumb\":{\"@id\":\"https:\/\/compuviper.mx\/tienda\/producto\/asus-p470vak-c732g1t-p1-all-in-one-27-pulgadas-fhd-intel-core-7-240h-32gb-1tb-ssd-windows-11-pro-1-ao-de-garanta\/#breadcrumb\"},\"inLanguage\":\"es-MX\",\"potentialAction\":[{\"@type\":\"ReadAction\",\"target\":[\"https:\/\/compuviper.mx\/tienda\/producto\/asus-p470vak-c732g1t-p1-all-in-one-27-pulgadas-fhd-intel-core-7-240h-32gb-1tb-ssd-windows-11-pro-1-ao-de-garanta\/\"]}]},{\"@type\":\"BreadcrumbList\",\"@id\":\"https:\/\/compuviper.mx\/tienda\/producto\/asus-p470vak-c732g1t-p1-all-in-one-27-pulgadas-fhd-intel-core-7-240h-32gb-1tb-ssd-windows-11-pro-1-ao-de-garanta\/#breadcrumb\",\"itemListElement\":[{\"@type\":\"ListItem\",\"position\":1,\"name\":\"Inicio\",\"item\":\"https:\/\/compuviper.mx\/tienda\/\"},{\"@type\":\"ListItem\",\"position\":2,\"name\":\"Productos\",\"item\":\"https:\/\/compuviper.mx\/tienda\/productos\/\"},{\"@type\":\"ListItem\",\"position\":3,\"name\":\"Computadoras\",\"item\":\"https:\/\/compuviper.mx\/tienda\/categoria-producto\/computadoras\/\"},{\"@type\":\"ListItem\",\"position\":4,\"name\":\"All In One\",\"item\":\"https:\/\/compuviper.mx\/tienda\/categoria-producto\/computadoras\/all-in-one-computadoras\/\"},{\"@type\":\"ListItem\",\"position\":5,\"name\":\"Asus P470vak-c732g1t-p1 All In One 27 Pulgadas, Fhd Intel Core 7 240h, 32gb, 1tb Ssd, Windows 11 Pro, 1 A?o De Garanta.\"}]},{\"@type\":\"WebSite\",\"@id\":\"https:\/\/compuviper.mx\/tienda\/#website\",\"url\":\"https:\/\/compuviper.mx\/tienda\/\",\"name\":\"Compuviper\",\"description\":\"Proveedor de Computadoras, Laptops, Servidores, Monitores, Puntos de Venta, Teclados,   Impresoras, T\u00f3ner, C\u00e1maras de Seguridad y m\u00e1s en tu tienda en l\u00ednea\",\"publisher\":{\"@id\":\"https:\/\/compuviper.mx\/tienda\/#organization\"},\"potentialAction\":[{\"@type\":\"SearchAction\",\"target\":{\"@type\":\"EntryPoint\",\"urlTemplate\":\"https:\/\/compuviper.mx\/tienda\/?s={search_term_string}\"},\"query-input\":\"required name=search_term_string\"}],\"inLanguage\":\"es-MX\"},{\"@type\":\"Organization\",\"@id\":\"https:\/\/compuviper.mx\/tienda\/#organization\",\"name\":\"Compuviper\",\"url\":\"https:\/\/compuviper.mx\/tienda\/\",\"logo\":{\"@type\":\"ImageObject\",\"inLanguage\":\"es-MX\",\"@id\":\"https:\/\/compuviper.mx\/tienda\/#\/schema\/logo\/image\/\",\"url\":\"https:\/\/compuviper.mx\/tienda\/wp-content\/uploads\/2021\/08\/Logo-Compuviper-10.png\",\"contentUrl\":\"https:\/\/compuviper.mx\/tienda\/wp-content\/uploads\/2021\/08\/Logo-Compuviper-10.png\",\"width\":1000,\"height\":500,\"caption\":\"Compuviper\"},\"image\":{\"@id\":\"https:\/\/compuviper.mx\/tienda\/#\/schema\/logo\/image\/\"},\"sameAs\":[\"https:\/\/www.facebook.com\/compuviper\",\"https:\/\/www.youtube.com\/channel\/UCf73dERp9Y3cfOq7q8BhLjA?view_as=subscriber\"]}]}<\/script>\n<meta property=\"product:brand\" content=\"ASUS\" \/>\n<meta property=\"product:price:amount\" content=\"24848\" \/>\n<meta property=\"product:price:currency\" content=\"MXN\" \/>\n<meta property=\"og:availability\" content=\"out of stock\" \/>\n<meta property=\"product:availability\" content=\"out of stock\" \/>\n<meta property=\"product:retailer_item_id\" content=\"P470VAK-C732G1T-P1\" \/>\n<meta property=\"product:condition\" content=\"new\" \/>\n<!-- \/ Yoast SEO plugin. -->","yoast_head_json":{"title":"[ Asus ] &#129351; P470vak-c732g1t-p1 All In One 27 Pulgadas, Fhd Intel Core 7 240h, 32gb, 1tb Ssd, Windows 11 Pro, 1 A\u00f1o De Garanta.","description":"Compra P470vak-c732g1t-p1 All In One 27 Pulgadas, Fhd Intel Core 7 240h, 32gb, 1tb Ssd, Windows 11 Pro, 1 A\u00f1o De Garanta. + Env\u00edo a domicilio + Pago seguro + Garant\u00eda","robots":{"index":"index","follow":"follow","max-snippet":"max-snippet:-1","max-image-preview":"max-image-preview:large","max-video-preview":"max-video-preview:-1"},"canonical":"https:\/\/compuviper.mx\/tienda\/producto\/asus-p470vak-c732g1t-p1-all-in-one-27-pulgadas-fhd-intel-core-7-240h-32gb-1tb-ssd-windows-11-pro-1-ao-de-garanta\/","og_locale":"es_MX","og_type":"article","og_title":"[ Asus ] &#129351; P470vak-c732g1t-p1 All In One 27 Pulgadas, Fhd Intel Core 7 240h, 32gb, 1tb Ssd, Windows 11 Pro, 1 A\u00f1o De Garanta.","og_description":"Compra P470vak-c732g1t-p1 All In One 27 Pulgadas, Fhd Intel Core 7 240h, 32gb, 1tb Ssd, Windows 11 Pro, 1 A\u00f1o De Garanta. + Env\u00edo a domicilio + Pago seguro + Garant\u00eda","og_url":"https:\/\/compuviper.mx\/tienda\/producto\/asus-p470vak-c732g1t-p1-all-in-one-27-pulgadas-fhd-intel-core-7-240h-32gb-1tb-ssd-windows-11-pro-1-ao-de-garanta\/","og_site_name":"Compuviper","article_publisher":"https:\/\/www.facebook.com\/compuviper","twitter_card":"summary_large_image","twitter_misc":{"Precio":"&#36;24,848 con IVA","Availability":"Out of stock"},"schema":{"@context":"https:\/\/schema.org","@graph":[{"@type":"WebPage","@id":"https:\/\/compuviper.mx\/tienda\/producto\/asus-p470vak-c732g1t-p1-all-in-one-27-pulgadas-fhd-intel-core-7-240h-32gb-1tb-ssd-windows-11-pro-1-ao-de-garanta\/","url":"https:\/\/compuviper.mx\/tienda\/producto\/asus-p470vak-c732g1t-p1-all-in-one-27-pulgadas-fhd-intel-core-7-240h-32gb-1tb-ssd-windows-11-pro-1-ao-de-garanta\/","name":"[ Asus ] &#129351; P470vak-c732g1t-p1 All In One 27 Pulgadas, Fhd Intel Core 7 240h, 32gb, 1tb Ssd, Windows 11 Pro, 1 A\u00f1o De Garanta.","isPartOf":{"@id":"https:\/\/compuviper.mx\/tienda\/#website"},"datePublished":"2026-04-02T07:31:05+00:00","dateModified":"2026-04-02T07:31:05+00:00","description":"Compra P470vak-c732g1t-p1 All In One 27 Pulgadas, Fhd Intel Core 7 240h, 32gb, 1tb Ssd, Windows 11 Pro, 1 A\u00f1o De Garanta. + Env\u00edo a domicilio + Pago seguro + Garant\u00eda","breadcrumb":{"@id":"https:\/\/compuviper.mx\/tienda\/producto\/asus-p470vak-c732g1t-p1-all-in-one-27-pulgadas-fhd-intel-core-7-240h-32gb-1tb-ssd-windows-11-pro-1-ao-de-garanta\/#breadcrumb"},"inLanguage":"es-MX","potentialAction":[{"@type":"ReadAction","target":["https:\/\/compuviper.mx\/tienda\/producto\/asus-p470vak-c732g1t-p1-all-in-one-27-pulgadas-fhd-intel-core-7-240h-32gb-1tb-ssd-windows-11-pro-1-ao-de-garanta\/"]}]},{"@type":"BreadcrumbList","@id":"https:\/\/compuviper.mx\/tienda\/producto\/asus-p470vak-c732g1t-p1-all-in-one-27-pulgadas-fhd-intel-core-7-240h-32gb-1tb-ssd-windows-11-pro-1-ao-de-garanta\/#breadcrumb","itemListElement":[{"@type":"ListItem","position":1,"name":"Inicio","item":"https:\/\/compuviper.mx\/tienda\/"},{"@type":"ListItem","position":2,"name":"Productos","item":"https:\/\/compuviper.mx\/tienda\/productos\/"},{"@type":"ListItem","position":3,"name":"Computadoras","item":"https:\/\/compuviper.mx\/tienda\/categoria-producto\/computadoras\/"},{"@type":"ListItem","position":4,"name":"All In One","item":"https:\/\/compuviper.mx\/tienda\/categoria-producto\/computadoras\/all-in-one-computadoras\/"},{"@type":"ListItem","position":5,"name":"Asus P470vak-c732g1t-p1 All In One 27 Pulgadas, Fhd Intel Core 7 240h, 32gb, 1tb Ssd, Windows 11 Pro, 1 A?o De Garanta."}]},{"@type":"WebSite","@id":"https:\/\/compuviper.mx\/tienda\/#website","url":"https:\/\/compuviper.mx\/tienda\/","name":"Compuviper","description":"Proveedor de Computadoras, Laptops, Servidores, Monitores, Puntos de Venta, Teclados,   Impresoras, T\u00f3ner, C\u00e1maras de Seguridad y m\u00e1s en tu tienda en l\u00ednea","publisher":{"@id":"https:\/\/compuviper.mx\/tienda\/#organization"},"potentialAction":[{"@type":"SearchAction","target":{"@type":"EntryPoint","urlTemplate":"https:\/\/compuviper.mx\/tienda\/?s={search_term_string}"},"query-input":"required name=search_term_string"}],"inLanguage":"es-MX"},{"@type":"Organization","@id":"https:\/\/compuviper.mx\/tienda\/#organization","name":"Compuviper","url":"https:\/\/compuviper.mx\/tienda\/","logo":{"@type":"ImageObject","inLanguage":"es-MX","@id":"https:\/\/compuviper.mx\/tienda\/#\/schema\/logo\/image\/","url":"https:\/\/compuviper.mx\/tienda\/wp-content\/uploads\/2021\/08\/Logo-Compuviper-10.png","contentUrl":"https:\/\/compuviper.mx\/tienda\/wp-content\/uploads\/2021\/08\/Logo-Compuviper-10.png","width":1000,"height":500,"caption":"Compuviper"},"image":{"@id":"https:\/\/compuviper.mx\/tienda\/#\/schema\/logo\/image\/"},"sameAs":["https:\/\/www.facebook.com\/compuviper","https:\/\/www.youtube.com\/channel\/UCf73dERp9Y3cfOq7q8BhLjA?view_as=subscriber"]}]},"product_brand":"ASUS","product_price_amount":"24848","product_price_currency":"MXN","og_availability":"out of stock","product_availability":"out of stock","product_retailer_item_id":"P470VAK-C732G1T-P1","product_condition":"new"},"_links":{"self":[{"href":"https:\/\/compuviper.mx\/tienda\/wp-json\/wp\/v2\/product\/267408"}],"collection":[{"href":"https:\/\/compuviper.mx\/tienda\/wp-json\/wp\/v2\/product"}],"about":[{"href":"https:\/\/compuviper.mx\/tienda\/wp-json\/wp\/v2\/types\/product"}],"replies":[{"embeddable":true,"href":"https:\/\/compuviper.mx\/tienda\/wp-json\/wp\/v2\/comments?post=267408"}],"wp:attachment":[{"href":"https:\/\/compuviper.mx\/tienda\/wp-json\/wp\/v2\/media?parent=267408"}],"wp:term":[{"taxonomy":"product_cat","embeddable":true,"href":"https:\/\/compuviper.mx\/tienda\/wp-json\/wp\/v2\/product_cat?post=267408"},{"taxonomy":"product_tag","embeddable":true,"href":"https:\/\/compuviper.mx\/tienda\/wp-json\/wp\/v2\/product_tag?post=267408"}],"curies":[{"name":"wp","href":"https:\/\/api.w.org\/{rel}","templated":true}]}}