{"id":267405,"date":"2026-04-25T01:16:04","date_gmt":"2026-04-25T07:16:04","guid":{"rendered":"https:\/\/compuviper.mx\/tienda\/producto\/asus-h7606ww-se926w-laptop-proart-p16-16-pulgadas-4k-oled-amd-ryzen-ai-9-hx-370-64gb-2tb-ssd-nvidia-geforce-rtx-5080-16gb-windows-11-home-1-ao-de-garanta\/"},"modified":"2026-04-25T01:16:04","modified_gmt":"2026-04-25T07:16:04","slug":"asus-h7606ww-se926w-laptop-proart-p16-16-pulgadas-4k-oled-amd-ryzen-ai-9-hx-370-64gb-2tb-ssd-nvidia-geforce-rtx-5080-16gb-windows-11-home-1-ao-de-garanta","status":"publish","type":"product","link":"https:\/\/compuviper.mx\/tienda\/producto\/asus-h7606ww-se926w-laptop-proart-p16-16-pulgadas-4k-oled-amd-ryzen-ai-9-hx-370-64gb-2tb-ssd-nvidia-geforce-rtx-5080-16gb-windows-11-home-1-ao-de-garanta\/","title":{"rendered":"Asus H7606ww-se926w Laptop  Proart P16, 16 Pulgadas, 4k Oled, Amd Ryzen Ai 9 Hx 370, 64gb, 2tb Ssd, Nvidia Geforce Rtx 5080 16gb, Windows 11 Home, 1 A?o De Garanta."},"content":{"rendered":"<table class=\"descripcion\">\n<tr>\n<td>Equipo profesional con pantalla 16.0 4k (3840 x 2400) oled 16:10, 120hz, 0.2ms, 1600 nits hdr, 100% dci-p3, vesa displayhdr true black 1000, pantone validated, antirreflejante y compatible con stylus. procesador amd ryzen\u0099 ai 9 hx 370 (12 n\u00facleos, 24 hilos, hasta 5.1ghz, 36mb cache) con npu amd xdna\u0099 hasta 50 tops. gr\u00e1ficos nvidia\u00ae geforce rtx\u0099 5080 laptop gpu con 16gb gddr7. memoria 64gb lpddr5x y almacenamiento 2tb m.2 nvme\u0099 pcie\u00ae 4.0 ssd. wi-fi 7 y bluetooth\u00ae 5.4. bater\u00eda 90whrs. certificaci\u00f3n mil-std 810h.<\/td>\n<\/tr>\n<tr>\n<td>Cod fabricante: 90nb17f1-m001l0<\/td>\n<\/tr>\n<tr>\n<td>Num parte: h7606ww-se926w<\/td>\n<\/tr>\n<tr>\n<td>Procesador: amd ryzen\u0099 ai 9 hx 370 2.0ghz (hasta 5.1ghz, 12 n\u00facleos, 24 threads, 36mb cache) con amd xdna\u0099 npu hasta 50 tops<\/td>\n<\/tr>\n<tr>\n<td>Gr\u00e1ficos: nvidia\u00ae geforce rtx\u0099 5080 laptop gpu 16gb gddr7 + amd radeon\u0099 graphics<\/td>\n<\/tr>\n<tr>\n<td>Dise\u00f1o:<\/td>\n<\/tr>\n<tr>\n<td> chasis de aluminio color nano black (tapa, base y \u00e1rea del teclado), est\u00e1ndar militar us mil-std 810h, teclado retroiluminado tipo chiclet con tecla copilot, precision touchpad con dialpad, pantalla t\u00e1ctil oled antirreflejante, 88% screen-to-body ratio.<\/td>\n<\/tr>\n<tr>\n<td>Memoria: 64gb lpddr5x on board<\/td>\n<\/tr>\n<tr>\n<td>Almacenamiento: 2tb m.2 nvme\u0099 pcie\u00ae 4.0 ssd<\/td>\n<\/tr>\n<tr>\n<td>Peso: 1.95 kg<\/td>\n<\/tr>\n<tr>\n<td>Dimensiones del equipo: 35.49 x 24.69 x 1.49 ~ 1.83 cm<\/td>\n<\/tr>\n<tr>\n<td>Color: nano black<\/td>\n<\/tr>\n<tr>\n<td>Sistema operativo: windows 11 home<\/td>\n<\/tr>\n<tr>\n<td>Garant\u00eda: 1 a\u00f1o<\/td>\n<\/tr>\n<\/table>\n","protected":false},"excerpt":{"rendered":"<p>La asus proart p16 es una estaci\u00f3n de trabajo port\u00e1til de alto rendimiento dise\u00f1ada para creadores de contenido, dise\u00f1adores y profesionales que exigen potencia gr\u00e1fica y precisi\u00f3n de color. Equipada con procesador amd ryzen\u0099 ai, gr\u00e1ficos nvidia\u00ae rtx\u0099 5080 de 16gb, pantalla 4k oled hdr true black 1000 y 64gb de memoria, ofrece rendimiento extremo para edici\u00f3n, modelado 3d, renderizado y flujos de trabajo profesionales basados en ia, todo en un dise\u00f1o premium ultraport\u00e1til.<\/p>\n","protected":false},"featured_media":0,"comment_status":"open","ping_status":"open","template":"","meta":[],"product_cat":[1886,1889],"product_tag":[1729],"acf":[],"yoast_head":"<!-- This site is optimized with the Yoast SEO plugin v21.7 - https:\/\/yoast.com\/wordpress\/plugins\/seo\/ -->\n<title>[ Asus ] &#129351; H7606ww-se926w Laptop Proart P16, 16 Pulgadas, 4k Oled, Amd Ryzen Ai 9 Hx 370, 64gb, 2tb Ssd, Nvidia Geforce Rtx 5080 16gb, Windows 11 Home, 1 A\u00f1o De Garanta.<\/title>\n<meta name=\"description\" content=\"Compra H7606ww-se926w Laptop Proart P16, 16 Pulgadas, 4k Oled, Amd Ryzen Ai 9 Hx 370, 64gb, 2tb Ssd, Nvidia Geforce Rtx 5080 16gb, Windows 11 Home, 1 A\u00f1o De Garanta. + Env\u00edo a domicilio + Pago seguro + Garant\u00eda\" \/>\n<meta name=\"robots\" content=\"index, follow, max-snippet:-1, max-image-preview:large, max-video-preview:-1\" \/>\n<link rel=\"canonical\" href=\"https:\/\/compuviper.mx\/tienda\/producto\/asus-h7606ww-se926w-laptop-proart-p16-16-pulgadas-4k-oled-amd-ryzen-ai-9-hx-370-64gb-2tb-ssd-nvidia-geforce-rtx-5080-16gb-windows-11-home-1-ao-de-garanta\/\" \/>\n<meta property=\"og:locale\" content=\"es_MX\" \/>\n<meta property=\"og:type\" content=\"article\" \/>\n<meta property=\"og:title\" content=\"[ Asus ] &#129351; H7606ww-se926w Laptop Proart P16, 16 Pulgadas, 4k Oled, Amd Ryzen Ai 9 Hx 370, 64gb, 2tb Ssd, Nvidia Geforce Rtx 5080 16gb, Windows 11 Home, 1 A\u00f1o De Garanta.\" \/>\n<meta property=\"og:description\" content=\"Compra H7606ww-se926w Laptop Proart P16, 16 Pulgadas, 4k Oled, Amd Ryzen Ai 9 Hx 370, 64gb, 2tb Ssd, Nvidia Geforce Rtx 5080 16gb, Windows 11 Home, 1 A\u00f1o De Garanta. + Env\u00edo a domicilio + Pago seguro + Garant\u00eda\" \/>\n<meta property=\"og:url\" content=\"https:\/\/compuviper.mx\/tienda\/producto\/asus-h7606ww-se926w-laptop-proart-p16-16-pulgadas-4k-oled-amd-ryzen-ai-9-hx-370-64gb-2tb-ssd-nvidia-geforce-rtx-5080-16gb-windows-11-home-1-ao-de-garanta\/\" \/>\n<meta property=\"og:site_name\" content=\"Compuviper\" \/>\n<meta property=\"article:publisher\" content=\"https:\/\/www.facebook.com\/compuviper\" \/>\n<meta name=\"twitter:card\" content=\"summary_large_image\" \/>\n<meta name=\"twitter:label1\" content=\"Precio\" \/>\n\t<meta name=\"twitter:data1\" content=\"&#36;76,542 con IVA\" \/>\n\t<meta name=\"twitter:label2\" content=\"Availability\" \/>\n\t<meta name=\"twitter:data2\" content=\"Out of stock\" \/>\n<script type=\"application\/ld+json\" class=\"yoast-schema-graph\">{\"@context\":\"https:\/\/schema.org\",\"@graph\":[{\"@type\":\"WebPage\",\"@id\":\"https:\/\/compuviper.mx\/tienda\/producto\/asus-h7606ww-se926w-laptop-proart-p16-16-pulgadas-4k-oled-amd-ryzen-ai-9-hx-370-64gb-2tb-ssd-nvidia-geforce-rtx-5080-16gb-windows-11-home-1-ao-de-garanta\/\",\"url\":\"https:\/\/compuviper.mx\/tienda\/producto\/asus-h7606ww-se926w-laptop-proart-p16-16-pulgadas-4k-oled-amd-ryzen-ai-9-hx-370-64gb-2tb-ssd-nvidia-geforce-rtx-5080-16gb-windows-11-home-1-ao-de-garanta\/\",\"name\":\"[ Asus ] &#129351; H7606ww-se926w Laptop Proart P16, 16 Pulgadas, 4k Oled, Amd Ryzen Ai 9 Hx 370, 64gb, 2tb Ssd, Nvidia Geforce Rtx 5080 16gb, Windows 11 Home, 1 A\u00f1o De Garanta.\",\"isPartOf\":{\"@id\":\"https:\/\/compuviper.mx\/tienda\/#website\"},\"datePublished\":\"2026-04-25T07:16:04+00:00\",\"dateModified\":\"2026-04-25T07:16:04+00:00\",\"description\":\"Compra H7606ww-se926w Laptop Proart P16, 16 Pulgadas, 4k Oled, Amd Ryzen Ai 9 Hx 370, 64gb, 2tb Ssd, Nvidia Geforce Rtx 5080 16gb, Windows 11 Home, 1 A\u00f1o De Garanta. + Env\u00edo a domicilio + Pago seguro + Garant\u00eda\",\"breadcrumb\":{\"@id\":\"https:\/\/compuviper.mx\/tienda\/producto\/asus-h7606ww-se926w-laptop-proart-p16-16-pulgadas-4k-oled-amd-ryzen-ai-9-hx-370-64gb-2tb-ssd-nvidia-geforce-rtx-5080-16gb-windows-11-home-1-ao-de-garanta\/#breadcrumb\"},\"inLanguage\":\"es-MX\",\"potentialAction\":[{\"@type\":\"ReadAction\",\"target\":[\"https:\/\/compuviper.mx\/tienda\/producto\/asus-h7606ww-se926w-laptop-proart-p16-16-pulgadas-4k-oled-amd-ryzen-ai-9-hx-370-64gb-2tb-ssd-nvidia-geforce-rtx-5080-16gb-windows-11-home-1-ao-de-garanta\/\"]}]},{\"@type\":\"BreadcrumbList\",\"@id\":\"https:\/\/compuviper.mx\/tienda\/producto\/asus-h7606ww-se926w-laptop-proart-p16-16-pulgadas-4k-oled-amd-ryzen-ai-9-hx-370-64gb-2tb-ssd-nvidia-geforce-rtx-5080-16gb-windows-11-home-1-ao-de-garanta\/#breadcrumb\",\"itemListElement\":[{\"@type\":\"ListItem\",\"position\":1,\"name\":\"Inicio\",\"item\":\"https:\/\/compuviper.mx\/tienda\/\"},{\"@type\":\"ListItem\",\"position\":2,\"name\":\"Productos\",\"item\":\"https:\/\/compuviper.mx\/tienda\/productos\/\"},{\"@type\":\"ListItem\",\"position\":3,\"name\":\"Laptops\",\"item\":\"https:\/\/compuviper.mx\/tienda\/categoria-producto\/laptops\/\"},{\"@type\":\"ListItem\",\"position\":4,\"name\":\"Workstation\",\"item\":\"https:\/\/compuviper.mx\/tienda\/categoria-producto\/laptops\/workstation-laptops\/\"},{\"@type\":\"ListItem\",\"position\":5,\"name\":\"Asus H7606ww-se926w Laptop Proart P16, 16 Pulgadas, 4k Oled, Amd Ryzen Ai 9 Hx 370, 64gb, 2tb Ssd, Nvidia Geforce Rtx 5080 16gb, Windows 11 Home, 1 A?o De Garanta.\"}]},{\"@type\":\"WebSite\",\"@id\":\"https:\/\/compuviper.mx\/tienda\/#website\",\"url\":\"https:\/\/compuviper.mx\/tienda\/\",\"name\":\"Compuviper\",\"description\":\"Proveedor de Computadoras, Laptops, Servidores, Monitores, Puntos de Venta, Teclados,   Impresoras, T\u00f3ner, C\u00e1maras de Seguridad y m\u00e1s en tu tienda en l\u00ednea\",\"publisher\":{\"@id\":\"https:\/\/compuviper.mx\/tienda\/#organization\"},\"potentialAction\":[{\"@type\":\"SearchAction\",\"target\":{\"@type\":\"EntryPoint\",\"urlTemplate\":\"https:\/\/compuviper.mx\/tienda\/?s={search_term_string}\"},\"query-input\":\"required name=search_term_string\"}],\"inLanguage\":\"es-MX\"},{\"@type\":\"Organization\",\"@id\":\"https:\/\/compuviper.mx\/tienda\/#organization\",\"name\":\"Compuviper\",\"url\":\"https:\/\/compuviper.mx\/tienda\/\",\"logo\":{\"@type\":\"ImageObject\",\"inLanguage\":\"es-MX\",\"@id\":\"https:\/\/compuviper.mx\/tienda\/#\/schema\/logo\/image\/\",\"url\":\"https:\/\/compuviper.mx\/tienda\/wp-content\/uploads\/2021\/08\/Logo-Compuviper-10.png\",\"contentUrl\":\"https:\/\/compuviper.mx\/tienda\/wp-content\/uploads\/2021\/08\/Logo-Compuviper-10.png\",\"width\":1000,\"height\":500,\"caption\":\"Compuviper\"},\"image\":{\"@id\":\"https:\/\/compuviper.mx\/tienda\/#\/schema\/logo\/image\/\"},\"sameAs\":[\"https:\/\/www.facebook.com\/compuviper\",\"https:\/\/www.youtube.com\/channel\/UCf73dERp9Y3cfOq7q8BhLjA?view_as=subscriber\"]}]}<\/script>\n<meta property=\"product:brand\" content=\"ASUS\" \/>\n<meta property=\"product:price:amount\" content=\"76542\" \/>\n<meta property=\"product:price:currency\" content=\"MXN\" \/>\n<meta property=\"og:availability\" content=\"out of stock\" \/>\n<meta property=\"product:availability\" content=\"out of stock\" \/>\n<meta property=\"product:retailer_item_id\" content=\"H7606WW-SE926W\" \/>\n<meta property=\"product:condition\" content=\"new\" \/>\n<!-- \/ Yoast SEO plugin. -->","yoast_head_json":{"title":"[ Asus ] &#129351; H7606ww-se926w Laptop Proart P16, 16 Pulgadas, 4k Oled, Amd Ryzen Ai 9 Hx 370, 64gb, 2tb Ssd, Nvidia Geforce Rtx 5080 16gb, Windows 11 Home, 1 A\u00f1o De Garanta.","description":"Compra H7606ww-se926w Laptop Proart P16, 16 Pulgadas, 4k Oled, Amd Ryzen Ai 9 Hx 370, 64gb, 2tb Ssd, Nvidia Geforce Rtx 5080 16gb, Windows 11 Home, 1 A\u00f1o De Garanta. + Env\u00edo a domicilio + Pago seguro + Garant\u00eda","robots":{"index":"index","follow":"follow","max-snippet":"max-snippet:-1","max-image-preview":"max-image-preview:large","max-video-preview":"max-video-preview:-1"},"canonical":"https:\/\/compuviper.mx\/tienda\/producto\/asus-h7606ww-se926w-laptop-proart-p16-16-pulgadas-4k-oled-amd-ryzen-ai-9-hx-370-64gb-2tb-ssd-nvidia-geforce-rtx-5080-16gb-windows-11-home-1-ao-de-garanta\/","og_locale":"es_MX","og_type":"article","og_title":"[ Asus ] &#129351; H7606ww-se926w Laptop Proart P16, 16 Pulgadas, 4k Oled, Amd Ryzen Ai 9 Hx 370, 64gb, 2tb Ssd, Nvidia Geforce Rtx 5080 16gb, Windows 11 Home, 1 A\u00f1o De Garanta.","og_description":"Compra H7606ww-se926w Laptop Proart P16, 16 Pulgadas, 4k Oled, Amd Ryzen Ai 9 Hx 370, 64gb, 2tb Ssd, Nvidia Geforce Rtx 5080 16gb, Windows 11 Home, 1 A\u00f1o De Garanta. + Env\u00edo a domicilio + Pago seguro + Garant\u00eda","og_url":"https:\/\/compuviper.mx\/tienda\/producto\/asus-h7606ww-se926w-laptop-proart-p16-16-pulgadas-4k-oled-amd-ryzen-ai-9-hx-370-64gb-2tb-ssd-nvidia-geforce-rtx-5080-16gb-windows-11-home-1-ao-de-garanta\/","og_site_name":"Compuviper","article_publisher":"https:\/\/www.facebook.com\/compuviper","twitter_card":"summary_large_image","twitter_misc":{"Precio":"&#36;76,542 con IVA","Availability":"Out of stock"},"schema":{"@context":"https:\/\/schema.org","@graph":[{"@type":"WebPage","@id":"https:\/\/compuviper.mx\/tienda\/producto\/asus-h7606ww-se926w-laptop-proart-p16-16-pulgadas-4k-oled-amd-ryzen-ai-9-hx-370-64gb-2tb-ssd-nvidia-geforce-rtx-5080-16gb-windows-11-home-1-ao-de-garanta\/","url":"https:\/\/compuviper.mx\/tienda\/producto\/asus-h7606ww-se926w-laptop-proart-p16-16-pulgadas-4k-oled-amd-ryzen-ai-9-hx-370-64gb-2tb-ssd-nvidia-geforce-rtx-5080-16gb-windows-11-home-1-ao-de-garanta\/","name":"[ Asus ] &#129351; H7606ww-se926w Laptop Proart P16, 16 Pulgadas, 4k Oled, Amd Ryzen Ai 9 Hx 370, 64gb, 2tb Ssd, Nvidia Geforce Rtx 5080 16gb, Windows 11 Home, 1 A\u00f1o De Garanta.","isPartOf":{"@id":"https:\/\/compuviper.mx\/tienda\/#website"},"datePublished":"2026-04-25T07:16:04+00:00","dateModified":"2026-04-25T07:16:04+00:00","description":"Compra H7606ww-se926w Laptop Proart P16, 16 Pulgadas, 4k Oled, Amd Ryzen Ai 9 Hx 370, 64gb, 2tb Ssd, Nvidia Geforce Rtx 5080 16gb, Windows 11 Home, 1 A\u00f1o De Garanta. + Env\u00edo a domicilio + Pago seguro + Garant\u00eda","breadcrumb":{"@id":"https:\/\/compuviper.mx\/tienda\/producto\/asus-h7606ww-se926w-laptop-proart-p16-16-pulgadas-4k-oled-amd-ryzen-ai-9-hx-370-64gb-2tb-ssd-nvidia-geforce-rtx-5080-16gb-windows-11-home-1-ao-de-garanta\/#breadcrumb"},"inLanguage":"es-MX","potentialAction":[{"@type":"ReadAction","target":["https:\/\/compuviper.mx\/tienda\/producto\/asus-h7606ww-se926w-laptop-proart-p16-16-pulgadas-4k-oled-amd-ryzen-ai-9-hx-370-64gb-2tb-ssd-nvidia-geforce-rtx-5080-16gb-windows-11-home-1-ao-de-garanta\/"]}]},{"@type":"BreadcrumbList","@id":"https:\/\/compuviper.mx\/tienda\/producto\/asus-h7606ww-se926w-laptop-proart-p16-16-pulgadas-4k-oled-amd-ryzen-ai-9-hx-370-64gb-2tb-ssd-nvidia-geforce-rtx-5080-16gb-windows-11-home-1-ao-de-garanta\/#breadcrumb","itemListElement":[{"@type":"ListItem","position":1,"name":"Inicio","item":"https:\/\/compuviper.mx\/tienda\/"},{"@type":"ListItem","position":2,"name":"Productos","item":"https:\/\/compuviper.mx\/tienda\/productos\/"},{"@type":"ListItem","position":3,"name":"Laptops","item":"https:\/\/compuviper.mx\/tienda\/categoria-producto\/laptops\/"},{"@type":"ListItem","position":4,"name":"Workstation","item":"https:\/\/compuviper.mx\/tienda\/categoria-producto\/laptops\/workstation-laptops\/"},{"@type":"ListItem","position":5,"name":"Asus H7606ww-se926w Laptop Proart P16, 16 Pulgadas, 4k Oled, Amd Ryzen Ai 9 Hx 370, 64gb, 2tb Ssd, Nvidia Geforce Rtx 5080 16gb, Windows 11 Home, 1 A?o De Garanta."}]},{"@type":"WebSite","@id":"https:\/\/compuviper.mx\/tienda\/#website","url":"https:\/\/compuviper.mx\/tienda\/","name":"Compuviper","description":"Proveedor de Computadoras, Laptops, Servidores, Monitores, Puntos de Venta, Teclados,   Impresoras, T\u00f3ner, C\u00e1maras de Seguridad y m\u00e1s en tu tienda en l\u00ednea","publisher":{"@id":"https:\/\/compuviper.mx\/tienda\/#organization"},"potentialAction":[{"@type":"SearchAction","target":{"@type":"EntryPoint","urlTemplate":"https:\/\/compuviper.mx\/tienda\/?s={search_term_string}"},"query-input":"required name=search_term_string"}],"inLanguage":"es-MX"},{"@type":"Organization","@id":"https:\/\/compuviper.mx\/tienda\/#organization","name":"Compuviper","url":"https:\/\/compuviper.mx\/tienda\/","logo":{"@type":"ImageObject","inLanguage":"es-MX","@id":"https:\/\/compuviper.mx\/tienda\/#\/schema\/logo\/image\/","url":"https:\/\/compuviper.mx\/tienda\/wp-content\/uploads\/2021\/08\/Logo-Compuviper-10.png","contentUrl":"https:\/\/compuviper.mx\/tienda\/wp-content\/uploads\/2021\/08\/Logo-Compuviper-10.png","width":1000,"height":500,"caption":"Compuviper"},"image":{"@id":"https:\/\/compuviper.mx\/tienda\/#\/schema\/logo\/image\/"},"sameAs":["https:\/\/www.facebook.com\/compuviper","https:\/\/www.youtube.com\/channel\/UCf73dERp9Y3cfOq7q8BhLjA?view_as=subscriber"]}]},"product_brand":"ASUS","product_price_amount":"76542","product_price_currency":"MXN","og_availability":"out of stock","product_availability":"out of stock","product_retailer_item_id":"H7606WW-SE926W","product_condition":"new"},"_links":{"self":[{"href":"https:\/\/compuviper.mx\/tienda\/wp-json\/wp\/v2\/product\/267405"}],"collection":[{"href":"https:\/\/compuviper.mx\/tienda\/wp-json\/wp\/v2\/product"}],"about":[{"href":"https:\/\/compuviper.mx\/tienda\/wp-json\/wp\/v2\/types\/product"}],"replies":[{"embeddable":true,"href":"https:\/\/compuviper.mx\/tienda\/wp-json\/wp\/v2\/comments?post=267405"}],"wp:attachment":[{"href":"https:\/\/compuviper.mx\/tienda\/wp-json\/wp\/v2\/media?parent=267405"}],"wp:term":[{"taxonomy":"product_cat","embeddable":true,"href":"https:\/\/compuviper.mx\/tienda\/wp-json\/wp\/v2\/product_cat?post=267405"},{"taxonomy":"product_tag","embeddable":true,"href":"https:\/\/compuviper.mx\/tienda\/wp-json\/wp\/v2\/product_tag?post=267405"}],"curies":[{"name":"wp","href":"https:\/\/api.w.org\/{rel}","templated":true}]}}