{"id":267403,"date":"2026-04-25T01:14:01","date_gmt":"2026-04-25T07:14:01","guid":{"rendered":"https:\/\/compuviper.mx\/tienda\/producto\/asus-h7606wm-rj085x-laptop-proart-p16-16-pulgadas-3k-oled-120hz-amd-ryzen-ai-9-32gb-1tb-ssd-rtx-5060-8gb-windows-11-pro-1-ao-de-garanta\/"},"modified":"2026-04-25T01:14:01","modified_gmt":"2026-04-25T07:14:01","slug":"asus-h7606wm-rj085x-laptop-proart-p16-16-pulgadas-3k-oled-120hz-amd-ryzen-ai-9-32gb-1tb-ssd-rtx-5060-8gb-windows-11-pro-1-ao-de-garanta","status":"publish","type":"product","link":"https:\/\/compuviper.mx\/tienda\/producto\/asus-h7606wm-rj085x-laptop-proart-p16-16-pulgadas-3k-oled-120hz-amd-ryzen-ai-9-32gb-1tb-ssd-rtx-5060-8gb-windows-11-pro-1-ao-de-garanta\/","title":{"rendered":"Asus H7606wm-rj085x Laptop  Proart P16, 16 Pulgadas, 3k Oled 120hz, Amd Ryzen Ai 9, 32gb, 1tb Ssd, Rtx 5060 8gb, Windows 11 Pro, 1 A?o De Garanta."},"content":{"rendered":"<table class=\"descripcion\">\n<tr>\n<td>Laptop profesional de 16 pulgadas con pantalla 3k (2880 x 1800) oled 16:10 t\u00e1ctil, 120hz, 0.2ms de respuesta, 400 nits (500 nits hdr), contraste 1,000,000:1, 100% dci-p3, pantone validated y vesa displayhdr true black 500. equipada con procesador amd ryzen\u0099 ai 9 hx 370 hasta 5.1ghz (12 n\u00facleos, 24 hilos) con npu amd xdna\u0099 hasta 50 tops para aceleraci\u00f3n de ia, 32gb lpddr5x y 1tb m.2 nvme\u0099 pcie\u00ae 4.0 ssd. incorpora gr\u00e1ficos nvidia\u00ae geforce rtx\u0099 5060 laptop gpu con 8gb gddr7, wifi 7 y c\u00e1mara fhd con ir para windows hello.<\/td>\n<\/tr>\n<tr>\n<td>Procesador: amd ryzen\u0099 ai 9 hx 370 (hasta 5.1ghz, 36mb cache, 12 cores, 24 threads) + amd xdna\u0099 npu 50 tops<\/td>\n<\/tr>\n<tr>\n<td>Gr\u00e1ficos: nvidia\u00ae geforce rtx\u0099 5060 laptop gpu 8gb gddr7 + amd radeon\u0099 graphics<\/td>\n<\/tr>\n<tr>\n<td>Memoria: 32gb lpddr5x (on board)<\/td>\n<\/tr>\n<tr>\n<td>Almacenamiento: 1tb m.2 nvme\u0099 pcie\u00ae 4.0 ssd (soporta 2x m.2 2280)<\/td>\n<\/tr>\n<tr>\n<td>Pantalla: 16\u0094 oled 3k 120hz t\u00e1ctil, 16:10, 100% dci-p3, 1.07 billones de colores, t\u00fcv rheinland, sgs eye care, soporte para stylus<\/td>\n<\/tr>\n<tr>\n<td>Dise\u00f1o: chasis premium de aluminio en color nano black, teclado chiclet retroiluminado, touchpad con dialpad integrado, relaci\u00f3n pantalla-cuerpo 88%, certificaci\u00f3n militar us mil-std 810h<\/td>\n<\/tr>\n<tr>\n<td>Puertos: usb 4.0 type-c (40gbps), usb 3.2 gen 2 type-c, 2x usb 3.2 gen 2 type-a, hdmi 2.1 frl, lector sd express 7.0, jack 3.5mm, dc-in<\/td>\n<\/tr>\n<tr>\n<td>Conectividad: wifi 7 (802.11be) triple banda 2&#215;2 + bluetooth\u00ae 5.4<\/td>\n<\/tr>\n<tr>\n<td>Bater\u00eda: 90whrs, 4-cell li-ion<\/td>\n<\/tr>\n<tr>\n<td>Adaptador: 200w ac<\/td>\n<\/tr>\n<tr>\n<td>Peso: 1.85 kg<\/td>\n<\/tr>\n<tr>\n<td>Dimensiones: 35.49 x 24.69 x 1.49 ~ 1.73 cm<\/td>\n<\/tr>\n<tr>\n<td>Sistema operativo: windows 11 pro<\/td>\n<\/tr>\n<tr>\n<td>Seguridad: c\u00e1mara ir con windows hello, microsoft pluton security processor, firmware tpm<\/td>\n<\/tr>\n<tr>\n<td>Incluye: mochila y adaptador usb-a a rj45 gigabit<\/td>\n<\/tr>\n<tr>\n<td>Beneficios adicionales: 3 meses de adobe creative cloud all apps (redimible hasta 31\/08\/2026) + 6 meses gopro premium+<\/td>\n<\/tr>\n<tr>\n<td>Garant\u00eda: 1 a\u00f1o<\/td>\n<\/tr>\n<\/table>\n","protected":false},"excerpt":{"rendered":"<p>Estaci\u00f3n de trabajo port\u00e1til dise\u00f1ada para creadores, dise\u00f1adores y profesionales que necesitan potencia gr\u00e1fica y aceleraci\u00f3n por ia en un formato delgado y premium. Su pantalla oled 3k con precisi\u00f3n de color profesional y su combinaci\u00f3n de amd ryzen\u0099 ai 9 con nvidia\u00ae rtx\u0099 5060 permiten edici\u00f3n de video, renderizado 3d, dise\u00f1o digital e ia generativa con alto rendimiento y portabilidad.<\/p>\n","protected":false},"featured_media":0,"comment_status":"open","ping_status":"open","template":"","meta":[],"product_cat":[1886,1889],"product_tag":[1729],"acf":[],"yoast_head":"<!-- This site is optimized with the Yoast SEO plugin v21.7 - https:\/\/yoast.com\/wordpress\/plugins\/seo\/ -->\n<title>[ Asus ] &#129351; H7606wm-rj085x Laptop Proart P16, 16 Pulgadas, 3k Oled 120hz, Amd Ryzen Ai 9, 32gb, 1tb Ssd, Rtx 5060 8gb, Windows 11 Pro, 1 A\u00f1o De Garanta.<\/title>\n<meta name=\"description\" content=\"Compra H7606wm-rj085x Laptop Proart P16, 16 Pulgadas, 3k Oled 120hz, Amd Ryzen Ai 9, 32gb, 1tb Ssd, Rtx 5060 8gb, Windows 11 Pro, 1 A\u00f1o De Garanta. + Env\u00edo a domicilio + Pago seguro + Garant\u00eda\" \/>\n<meta name=\"robots\" content=\"index, follow, max-snippet:-1, max-image-preview:large, max-video-preview:-1\" \/>\n<link rel=\"canonical\" href=\"https:\/\/compuviper.mx\/tienda\/producto\/asus-h7606wm-rj085x-laptop-proart-p16-16-pulgadas-3k-oled-120hz-amd-ryzen-ai-9-32gb-1tb-ssd-rtx-5060-8gb-windows-11-pro-1-ao-de-garanta\/\" \/>\n<meta property=\"og:locale\" content=\"es_MX\" \/>\n<meta property=\"og:type\" content=\"article\" \/>\n<meta property=\"og:title\" content=\"[ Asus ] &#129351; H7606wm-rj085x Laptop Proart P16, 16 Pulgadas, 3k Oled 120hz, Amd Ryzen Ai 9, 32gb, 1tb Ssd, Rtx 5060 8gb, Windows 11 Pro, 1 A\u00f1o De Garanta.\" \/>\n<meta property=\"og:description\" content=\"Compra H7606wm-rj085x Laptop Proart P16, 16 Pulgadas, 3k Oled 120hz, Amd Ryzen Ai 9, 32gb, 1tb Ssd, Rtx 5060 8gb, Windows 11 Pro, 1 A\u00f1o De Garanta. + Env\u00edo a domicilio + Pago seguro + Garant\u00eda\" \/>\n<meta property=\"og:url\" content=\"https:\/\/compuviper.mx\/tienda\/producto\/asus-h7606wm-rj085x-laptop-proart-p16-16-pulgadas-3k-oled-120hz-amd-ryzen-ai-9-32gb-1tb-ssd-rtx-5060-8gb-windows-11-pro-1-ao-de-garanta\/\" \/>\n<meta property=\"og:site_name\" content=\"Compuviper\" \/>\n<meta property=\"article:publisher\" content=\"https:\/\/www.facebook.com\/compuviper\" \/>\n<meta name=\"twitter:card\" content=\"summary_large_image\" \/>\n<meta name=\"twitter:label1\" content=\"Precio\" \/>\n\t<meta name=\"twitter:data1\" content=\"&#36;47,684 con IVA\" \/>\n\t<meta name=\"twitter:label2\" content=\"Availability\" \/>\n\t<meta name=\"twitter:data2\" content=\"Out of stock\" \/>\n<script type=\"application\/ld+json\" class=\"yoast-schema-graph\">{\"@context\":\"https:\/\/schema.org\",\"@graph\":[{\"@type\":\"WebPage\",\"@id\":\"https:\/\/compuviper.mx\/tienda\/producto\/asus-h7606wm-rj085x-laptop-proart-p16-16-pulgadas-3k-oled-120hz-amd-ryzen-ai-9-32gb-1tb-ssd-rtx-5060-8gb-windows-11-pro-1-ao-de-garanta\/\",\"url\":\"https:\/\/compuviper.mx\/tienda\/producto\/asus-h7606wm-rj085x-laptop-proart-p16-16-pulgadas-3k-oled-120hz-amd-ryzen-ai-9-32gb-1tb-ssd-rtx-5060-8gb-windows-11-pro-1-ao-de-garanta\/\",\"name\":\"[ Asus ] &#129351; H7606wm-rj085x Laptop Proart P16, 16 Pulgadas, 3k Oled 120hz, Amd Ryzen Ai 9, 32gb, 1tb Ssd, Rtx 5060 8gb, Windows 11 Pro, 1 A\u00f1o De Garanta.\",\"isPartOf\":{\"@id\":\"https:\/\/compuviper.mx\/tienda\/#website\"},\"datePublished\":\"2026-04-25T07:14:01+00:00\",\"dateModified\":\"2026-04-25T07:14:01+00:00\",\"description\":\"Compra H7606wm-rj085x Laptop Proart P16, 16 Pulgadas, 3k Oled 120hz, Amd Ryzen Ai 9, 32gb, 1tb Ssd, Rtx 5060 8gb, Windows 11 Pro, 1 A\u00f1o De Garanta. + Env\u00edo a domicilio + Pago seguro + Garant\u00eda\",\"breadcrumb\":{\"@id\":\"https:\/\/compuviper.mx\/tienda\/producto\/asus-h7606wm-rj085x-laptop-proart-p16-16-pulgadas-3k-oled-120hz-amd-ryzen-ai-9-32gb-1tb-ssd-rtx-5060-8gb-windows-11-pro-1-ao-de-garanta\/#breadcrumb\"},\"inLanguage\":\"es-MX\",\"potentialAction\":[{\"@type\":\"ReadAction\",\"target\":[\"https:\/\/compuviper.mx\/tienda\/producto\/asus-h7606wm-rj085x-laptop-proart-p16-16-pulgadas-3k-oled-120hz-amd-ryzen-ai-9-32gb-1tb-ssd-rtx-5060-8gb-windows-11-pro-1-ao-de-garanta\/\"]}]},{\"@type\":\"BreadcrumbList\",\"@id\":\"https:\/\/compuviper.mx\/tienda\/producto\/asus-h7606wm-rj085x-laptop-proart-p16-16-pulgadas-3k-oled-120hz-amd-ryzen-ai-9-32gb-1tb-ssd-rtx-5060-8gb-windows-11-pro-1-ao-de-garanta\/#breadcrumb\",\"itemListElement\":[{\"@type\":\"ListItem\",\"position\":1,\"name\":\"Inicio\",\"item\":\"https:\/\/compuviper.mx\/tienda\/\"},{\"@type\":\"ListItem\",\"position\":2,\"name\":\"Productos\",\"item\":\"https:\/\/compuviper.mx\/tienda\/productos\/\"},{\"@type\":\"ListItem\",\"position\":3,\"name\":\"Laptops\",\"item\":\"https:\/\/compuviper.mx\/tienda\/categoria-producto\/laptops\/\"},{\"@type\":\"ListItem\",\"position\":4,\"name\":\"Workstation\",\"item\":\"https:\/\/compuviper.mx\/tienda\/categoria-producto\/laptops\/workstation-laptops\/\"},{\"@type\":\"ListItem\",\"position\":5,\"name\":\"Asus H7606wm-rj085x Laptop Proart P16, 16 Pulgadas, 3k Oled 120hz, Amd Ryzen Ai 9, 32gb, 1tb Ssd, Rtx 5060 8gb, Windows 11 Pro, 1 A?o De Garanta.\"}]},{\"@type\":\"WebSite\",\"@id\":\"https:\/\/compuviper.mx\/tienda\/#website\",\"url\":\"https:\/\/compuviper.mx\/tienda\/\",\"name\":\"Compuviper\",\"description\":\"Proveedor de Computadoras, Laptops, Servidores, Monitores, Puntos de Venta, Teclados,   Impresoras, T\u00f3ner, C\u00e1maras de Seguridad y m\u00e1s en tu tienda en l\u00ednea\",\"publisher\":{\"@id\":\"https:\/\/compuviper.mx\/tienda\/#organization\"},\"potentialAction\":[{\"@type\":\"SearchAction\",\"target\":{\"@type\":\"EntryPoint\",\"urlTemplate\":\"https:\/\/compuviper.mx\/tienda\/?s={search_term_string}\"},\"query-input\":\"required name=search_term_string\"}],\"inLanguage\":\"es-MX\"},{\"@type\":\"Organization\",\"@id\":\"https:\/\/compuviper.mx\/tienda\/#organization\",\"name\":\"Compuviper\",\"url\":\"https:\/\/compuviper.mx\/tienda\/\",\"logo\":{\"@type\":\"ImageObject\",\"inLanguage\":\"es-MX\",\"@id\":\"https:\/\/compuviper.mx\/tienda\/#\/schema\/logo\/image\/\",\"url\":\"https:\/\/compuviper.mx\/tienda\/wp-content\/uploads\/2021\/08\/Logo-Compuviper-10.png\",\"contentUrl\":\"https:\/\/compuviper.mx\/tienda\/wp-content\/uploads\/2021\/08\/Logo-Compuviper-10.png\",\"width\":1000,\"height\":500,\"caption\":\"Compuviper\"},\"image\":{\"@id\":\"https:\/\/compuviper.mx\/tienda\/#\/schema\/logo\/image\/\"},\"sameAs\":[\"https:\/\/www.facebook.com\/compuviper\",\"https:\/\/www.youtube.com\/channel\/UCf73dERp9Y3cfOq7q8BhLjA?view_as=subscriber\"]}]}<\/script>\n<meta property=\"product:brand\" content=\"ASUS\" \/>\n<meta property=\"product:price:amount\" content=\"47684\" \/>\n<meta property=\"product:price:currency\" content=\"MXN\" \/>\n<meta property=\"og:availability\" content=\"out of stock\" \/>\n<meta property=\"product:availability\" content=\"out of stock\" \/>\n<meta property=\"product:retailer_item_id\" content=\"H7606WM-RJ085X\" \/>\n<meta property=\"product:condition\" content=\"new\" \/>\n<!-- \/ Yoast SEO plugin. -->","yoast_head_json":{"title":"[ Asus ] &#129351; H7606wm-rj085x Laptop Proart P16, 16 Pulgadas, 3k Oled 120hz, Amd Ryzen Ai 9, 32gb, 1tb Ssd, Rtx 5060 8gb, Windows 11 Pro, 1 A\u00f1o De Garanta.","description":"Compra H7606wm-rj085x Laptop Proart P16, 16 Pulgadas, 3k Oled 120hz, Amd Ryzen Ai 9, 32gb, 1tb Ssd, Rtx 5060 8gb, Windows 11 Pro, 1 A\u00f1o De Garanta. + Env\u00edo a domicilio + Pago seguro + Garant\u00eda","robots":{"index":"index","follow":"follow","max-snippet":"max-snippet:-1","max-image-preview":"max-image-preview:large","max-video-preview":"max-video-preview:-1"},"canonical":"https:\/\/compuviper.mx\/tienda\/producto\/asus-h7606wm-rj085x-laptop-proart-p16-16-pulgadas-3k-oled-120hz-amd-ryzen-ai-9-32gb-1tb-ssd-rtx-5060-8gb-windows-11-pro-1-ao-de-garanta\/","og_locale":"es_MX","og_type":"article","og_title":"[ Asus ] &#129351; H7606wm-rj085x Laptop Proart P16, 16 Pulgadas, 3k Oled 120hz, Amd Ryzen Ai 9, 32gb, 1tb Ssd, Rtx 5060 8gb, Windows 11 Pro, 1 A\u00f1o De Garanta.","og_description":"Compra H7606wm-rj085x Laptop Proart P16, 16 Pulgadas, 3k Oled 120hz, Amd Ryzen Ai 9, 32gb, 1tb Ssd, Rtx 5060 8gb, Windows 11 Pro, 1 A\u00f1o De Garanta. + Env\u00edo a domicilio + Pago seguro + Garant\u00eda","og_url":"https:\/\/compuviper.mx\/tienda\/producto\/asus-h7606wm-rj085x-laptop-proart-p16-16-pulgadas-3k-oled-120hz-amd-ryzen-ai-9-32gb-1tb-ssd-rtx-5060-8gb-windows-11-pro-1-ao-de-garanta\/","og_site_name":"Compuviper","article_publisher":"https:\/\/www.facebook.com\/compuviper","twitter_card":"summary_large_image","twitter_misc":{"Precio":"&#36;47,684 con IVA","Availability":"Out of stock"},"schema":{"@context":"https:\/\/schema.org","@graph":[{"@type":"WebPage","@id":"https:\/\/compuviper.mx\/tienda\/producto\/asus-h7606wm-rj085x-laptop-proart-p16-16-pulgadas-3k-oled-120hz-amd-ryzen-ai-9-32gb-1tb-ssd-rtx-5060-8gb-windows-11-pro-1-ao-de-garanta\/","url":"https:\/\/compuviper.mx\/tienda\/producto\/asus-h7606wm-rj085x-laptop-proart-p16-16-pulgadas-3k-oled-120hz-amd-ryzen-ai-9-32gb-1tb-ssd-rtx-5060-8gb-windows-11-pro-1-ao-de-garanta\/","name":"[ Asus ] &#129351; H7606wm-rj085x Laptop Proart P16, 16 Pulgadas, 3k Oled 120hz, Amd Ryzen Ai 9, 32gb, 1tb Ssd, Rtx 5060 8gb, Windows 11 Pro, 1 A\u00f1o De Garanta.","isPartOf":{"@id":"https:\/\/compuviper.mx\/tienda\/#website"},"datePublished":"2026-04-25T07:14:01+00:00","dateModified":"2026-04-25T07:14:01+00:00","description":"Compra H7606wm-rj085x Laptop Proart P16, 16 Pulgadas, 3k Oled 120hz, Amd Ryzen Ai 9, 32gb, 1tb Ssd, Rtx 5060 8gb, Windows 11 Pro, 1 A\u00f1o De Garanta. + Env\u00edo a domicilio + Pago seguro + Garant\u00eda","breadcrumb":{"@id":"https:\/\/compuviper.mx\/tienda\/producto\/asus-h7606wm-rj085x-laptop-proart-p16-16-pulgadas-3k-oled-120hz-amd-ryzen-ai-9-32gb-1tb-ssd-rtx-5060-8gb-windows-11-pro-1-ao-de-garanta\/#breadcrumb"},"inLanguage":"es-MX","potentialAction":[{"@type":"ReadAction","target":["https:\/\/compuviper.mx\/tienda\/producto\/asus-h7606wm-rj085x-laptop-proart-p16-16-pulgadas-3k-oled-120hz-amd-ryzen-ai-9-32gb-1tb-ssd-rtx-5060-8gb-windows-11-pro-1-ao-de-garanta\/"]}]},{"@type":"BreadcrumbList","@id":"https:\/\/compuviper.mx\/tienda\/producto\/asus-h7606wm-rj085x-laptop-proart-p16-16-pulgadas-3k-oled-120hz-amd-ryzen-ai-9-32gb-1tb-ssd-rtx-5060-8gb-windows-11-pro-1-ao-de-garanta\/#breadcrumb","itemListElement":[{"@type":"ListItem","position":1,"name":"Inicio","item":"https:\/\/compuviper.mx\/tienda\/"},{"@type":"ListItem","position":2,"name":"Productos","item":"https:\/\/compuviper.mx\/tienda\/productos\/"},{"@type":"ListItem","position":3,"name":"Laptops","item":"https:\/\/compuviper.mx\/tienda\/categoria-producto\/laptops\/"},{"@type":"ListItem","position":4,"name":"Workstation","item":"https:\/\/compuviper.mx\/tienda\/categoria-producto\/laptops\/workstation-laptops\/"},{"@type":"ListItem","position":5,"name":"Asus H7606wm-rj085x Laptop Proart P16, 16 Pulgadas, 3k Oled 120hz, Amd Ryzen Ai 9, 32gb, 1tb Ssd, Rtx 5060 8gb, Windows 11 Pro, 1 A?o De Garanta."}]},{"@type":"WebSite","@id":"https:\/\/compuviper.mx\/tienda\/#website","url":"https:\/\/compuviper.mx\/tienda\/","name":"Compuviper","description":"Proveedor de Computadoras, Laptops, Servidores, Monitores, Puntos de Venta, Teclados,   Impresoras, T\u00f3ner, C\u00e1maras de Seguridad y m\u00e1s en tu tienda en l\u00ednea","publisher":{"@id":"https:\/\/compuviper.mx\/tienda\/#organization"},"potentialAction":[{"@type":"SearchAction","target":{"@type":"EntryPoint","urlTemplate":"https:\/\/compuviper.mx\/tienda\/?s={search_term_string}"},"query-input":"required name=search_term_string"}],"inLanguage":"es-MX"},{"@type":"Organization","@id":"https:\/\/compuviper.mx\/tienda\/#organization","name":"Compuviper","url":"https:\/\/compuviper.mx\/tienda\/","logo":{"@type":"ImageObject","inLanguage":"es-MX","@id":"https:\/\/compuviper.mx\/tienda\/#\/schema\/logo\/image\/","url":"https:\/\/compuviper.mx\/tienda\/wp-content\/uploads\/2021\/08\/Logo-Compuviper-10.png","contentUrl":"https:\/\/compuviper.mx\/tienda\/wp-content\/uploads\/2021\/08\/Logo-Compuviper-10.png","width":1000,"height":500,"caption":"Compuviper"},"image":{"@id":"https:\/\/compuviper.mx\/tienda\/#\/schema\/logo\/image\/"},"sameAs":["https:\/\/www.facebook.com\/compuviper","https:\/\/www.youtube.com\/channel\/UCf73dERp9Y3cfOq7q8BhLjA?view_as=subscriber"]}]},"product_brand":"ASUS","product_price_amount":"47684","product_price_currency":"MXN","og_availability":"out of stock","product_availability":"out of stock","product_retailer_item_id":"H7606WM-RJ085X","product_condition":"new"},"_links":{"self":[{"href":"https:\/\/compuviper.mx\/tienda\/wp-json\/wp\/v2\/product\/267403"}],"collection":[{"href":"https:\/\/compuviper.mx\/tienda\/wp-json\/wp\/v2\/product"}],"about":[{"href":"https:\/\/compuviper.mx\/tienda\/wp-json\/wp\/v2\/types\/product"}],"replies":[{"embeddable":true,"href":"https:\/\/compuviper.mx\/tienda\/wp-json\/wp\/v2\/comments?post=267403"}],"wp:attachment":[{"href":"https:\/\/compuviper.mx\/tienda\/wp-json\/wp\/v2\/media?parent=267403"}],"wp:term":[{"taxonomy":"product_cat","embeddable":true,"href":"https:\/\/compuviper.mx\/tienda\/wp-json\/wp\/v2\/product_cat?post=267403"},{"taxonomy":"product_tag","embeddable":true,"href":"https:\/\/compuviper.mx\/tienda\/wp-json\/wp\/v2\/product_tag?post=267403"}],"curies":[{"name":"wp","href":"https:\/\/api.w.org\/{rel}","templated":true}]}}