{"id":267399,"date":"2026-04-14T01:19:30","date_gmt":"2026-04-14T07:19:30","guid":{"rendered":"https:\/\/compuviper.mx\/tienda\/producto\/asus-pm1403cda-r58g512-p1-laptop-expertbook-pm1403cda-14-pulgadas-fhd-amd-ryzen-5150-8gb-512gb-ssd-windows-11-pro-3-aos-de-garanta\/"},"modified":"2026-04-14T01:19:31","modified_gmt":"2026-04-14T07:19:31","slug":"asus-pm1403cda-r58g512-p1-laptop-expertbook-pm1403cda-14-pulgadas-fhd-amd-ryzen-5150-8gb-512gb-ssd-windows-11-pro-3-aos-de-garanta","status":"publish","type":"product","link":"https:\/\/compuviper.mx\/tienda\/producto\/asus-pm1403cda-r58g512-p1-laptop-expertbook-pm1403cda-14-pulgadas-fhd-amd-ryzen-5150-8gb-512gb-ssd-windows-11-pro-3-aos-de-garanta\/","title":{"rendered":"Asus Pm1403cda-r58g512-p1 Laptop  Expertbook, Pm1403cda, 14 Pulgadas, Fhd Amd Ryzen 5150, 8gb, 512gb Ssd, Windows 11 Pro, 3 A?os De Garanta."},"content":{"rendered":"<table class=\"descripcion\">\n<tr>\n<td>Laptop de 14 pulgadas con pantalla fhd (1920 x 1080) 16:9, panel antirreflejo, 300 nits, 60hz, relaci\u00f3n pantalla-cuerpo 87%, \u00e1ngulo de visi\u00f3n 178\/178 y cobertura ntsc 45%. equipada con procesador amd ryzen\u0099 5 150 hasta 4.55ghz con 6 n\u00facleos y 12 hilos, 8gb ddr5 (expandible), 512gb m.2 2280 nvme\u0099 pcie\u00ae 4.0 ssd con opci\u00f3n de expansi\u00f3n, gr\u00e1ficos integrados amd, wifi 6, bluetooth\u00ae 5.4, rj45 gigabit, tpm 2.0 y windows 11 pro. cumple con certificaci\u00f3n militar us mil-std 810h.<\/td>\n<\/tr>\n<tr>\n<td>Cod fabricante: 90nx09c1-m00a90<\/td>\n<\/tr>\n<tr>\n<td>Num parte: pm1403cda-r58g512-p1<\/td>\n<\/tr>\n<tr>\n<td>Procesador: amd ryzen\u0099 5 150 processor 3.3ghz (16mb cache, hasta 4.55ghz, 6 cores, 12 threads)<\/td>\n<\/tr>\n<tr>\n<td>Gr\u00e1ficos: amd integrados<\/td>\n<\/tr>\n<tr>\n<td>Dise\u00f1o: chasis en color misty grey con acabados en pl\u00e1stico (tapa, marco y base), pantalla antiglare, teclado chiclet, sensor de huella, c\u00e1mara hd 720p con privacy shutter y certificaci\u00f3n militar us mil-std 810h<\/td>\n<\/tr>\n<tr>\n<td>Memoria: 8gb ddr5 so-dimm (2x ranuras ddr5, expandible)<\/td>\n<\/tr>\n<tr>\n<td>Almacenamiento: 512gb m.2 2280 nvme\u0099 pcie\u00ae 4.0 ssd + ranura adicional m.2 (2230 y 2280 para expansi\u00f3n)<\/td>\n<\/tr>\n<tr>\n<td>Peso: 1.39 kg<\/td>\n<\/tr>\n<tr>\n<td>Dimensiones del equipo: 32.45 x 21.44 x 1.97 cm<\/td>\n<\/tr>\n<tr>\n<td>Color: misty grey<\/td>\n<\/tr>\n<tr>\n<td>Bater\u00eda: 50whrs, 3-cell li-ion<\/td>\n<\/tr>\n<tr>\n<td>Adaptador: usb-c 65w (soporta carga de 55w a 65w)<\/td>\n<\/tr>\n<tr>\n<td>Puertos: 2x usb 3.2 gen 1 type-a, 2x usb 3.2 gen 2 type-c con soporte display y power delivery, hdmi 1.4, rj45 gigabit, jack 3.5mm combo audio<\/td>\n<\/tr>\n<tr>\n<td>Seguridad: tpm 2.0, ranura kensington nano, protecci\u00f3n de contrase\u00f1a bios, bios self-recovery y soporte absolute persistence 2.0<\/td>\n<\/tr>\n<tr>\n<td>Garant\u00eda: 3 a\u00f1os<\/td>\n<\/tr>\n<\/table>\n","protected":false},"excerpt":{"rendered":"<p>Descripci\u00f3n comercial: laptop empresarial de 14\u0094 dise\u00f1ada para profesionales que buscan portabilidad y seguridad en un equipo compacto. Ofrece rendimiento confiable con procesador amd ryzen\u0099 5, opciones de expansi\u00f3n de memoria y almacenamiento, conectividad completa y certificaciones ambientales como epeat gold y energy star 8.0, ideal para entornos corporativos y de trabajo h\u00edbrido.<\/p>\n","protected":false},"featured_media":0,"comment_status":"open","ping_status":"open","template":"","meta":[],"product_cat":[1886,1887],"product_tag":[1729],"acf":[],"yoast_head":"<!-- This site is optimized with the Yoast SEO plugin v21.7 - https:\/\/yoast.com\/wordpress\/plugins\/seo\/ -->\n<title>[ Asus ] &#129351; Pm1403cda-r58g512-p1 Laptop Expertbook, Pm1403cda, 14 Pulgadas, Fhd Amd Ryzen 5150, 8gb, 512gb Ssd, Windows 11 Pro, 3 A\u00f1os De Garanta.<\/title>\n<meta name=\"description\" content=\"Compra Pm1403cda-r58g512-p1 Laptop Expertbook, Pm1403cda, 14 Pulgadas, Fhd Amd Ryzen 5150, 8gb, 512gb Ssd, Windows 11 Pro, 3 A\u00f1os De Garanta. + Env\u00edo a domicilio + Pago seguro + Garant\u00eda\" \/>\n<meta name=\"robots\" content=\"index, follow, max-snippet:-1, max-image-preview:large, max-video-preview:-1\" \/>\n<link rel=\"canonical\" href=\"https:\/\/compuviper.mx\/tienda\/producto\/asus-pm1403cda-r58g512-p1-laptop-expertbook-pm1403cda-14-pulgadas-fhd-amd-ryzen-5150-8gb-512gb-ssd-windows-11-pro-3-aos-de-garanta\/\" \/>\n<meta property=\"og:locale\" content=\"es_MX\" \/>\n<meta property=\"og:type\" content=\"article\" \/>\n<meta property=\"og:title\" content=\"[ Asus ] &#129351; Pm1403cda-r58g512-p1 Laptop Expertbook, Pm1403cda, 14 Pulgadas, Fhd Amd Ryzen 5150, 8gb, 512gb Ssd, Windows 11 Pro, 3 A\u00f1os De Garanta.\" \/>\n<meta property=\"og:description\" content=\"Compra Pm1403cda-r58g512-p1 Laptop Expertbook, Pm1403cda, 14 Pulgadas, Fhd Amd Ryzen 5150, 8gb, 512gb Ssd, Windows 11 Pro, 3 A\u00f1os De Garanta. + Env\u00edo a domicilio + Pago seguro + Garant\u00eda\" \/>\n<meta property=\"og:url\" content=\"https:\/\/compuviper.mx\/tienda\/producto\/asus-pm1403cda-r58g512-p1-laptop-expertbook-pm1403cda-14-pulgadas-fhd-amd-ryzen-5150-8gb-512gb-ssd-windows-11-pro-3-aos-de-garanta\/\" \/>\n<meta property=\"og:site_name\" content=\"Compuviper\" \/>\n<meta property=\"article:publisher\" content=\"https:\/\/www.facebook.com\/compuviper\" \/>\n<meta property=\"article:modified_time\" content=\"2026-04-14T07:19:31+00:00\" \/>\n<meta name=\"twitter:card\" content=\"summary_large_image\" \/>\n<meta name=\"twitter:label1\" content=\"Precio\" \/>\n\t<meta name=\"twitter:data1\" content=\"&#36;13,573 con IVA\" \/>\n\t<meta name=\"twitter:label2\" content=\"Availability\" \/>\n\t<meta name=\"twitter:data2\" content=\"Out of stock\" \/>\n<script type=\"application\/ld+json\" class=\"yoast-schema-graph\">{\"@context\":\"https:\/\/schema.org\",\"@graph\":[{\"@type\":\"WebPage\",\"@id\":\"https:\/\/compuviper.mx\/tienda\/producto\/asus-pm1403cda-r58g512-p1-laptop-expertbook-pm1403cda-14-pulgadas-fhd-amd-ryzen-5150-8gb-512gb-ssd-windows-11-pro-3-aos-de-garanta\/\",\"url\":\"https:\/\/compuviper.mx\/tienda\/producto\/asus-pm1403cda-r58g512-p1-laptop-expertbook-pm1403cda-14-pulgadas-fhd-amd-ryzen-5150-8gb-512gb-ssd-windows-11-pro-3-aos-de-garanta\/\",\"name\":\"[ Asus ] &#129351; Pm1403cda-r58g512-p1 Laptop Expertbook, Pm1403cda, 14 Pulgadas, Fhd Amd Ryzen 5150, 8gb, 512gb Ssd, Windows 11 Pro, 3 A\u00f1os De Garanta.\",\"isPartOf\":{\"@id\":\"https:\/\/compuviper.mx\/tienda\/#website\"},\"datePublished\":\"2026-04-14T07:19:30+00:00\",\"dateModified\":\"2026-04-14T07:19:31+00:00\",\"description\":\"Compra Pm1403cda-r58g512-p1 Laptop Expertbook, Pm1403cda, 14 Pulgadas, Fhd Amd Ryzen 5150, 8gb, 512gb Ssd, Windows 11 Pro, 3 A\u00f1os De Garanta. + Env\u00edo a domicilio + Pago seguro + Garant\u00eda\",\"breadcrumb\":{\"@id\":\"https:\/\/compuviper.mx\/tienda\/producto\/asus-pm1403cda-r58g512-p1-laptop-expertbook-pm1403cda-14-pulgadas-fhd-amd-ryzen-5150-8gb-512gb-ssd-windows-11-pro-3-aos-de-garanta\/#breadcrumb\"},\"inLanguage\":\"es-MX\",\"potentialAction\":[{\"@type\":\"ReadAction\",\"target\":[\"https:\/\/compuviper.mx\/tienda\/producto\/asus-pm1403cda-r58g512-p1-laptop-expertbook-pm1403cda-14-pulgadas-fhd-amd-ryzen-5150-8gb-512gb-ssd-windows-11-pro-3-aos-de-garanta\/\"]}]},{\"@type\":\"BreadcrumbList\",\"@id\":\"https:\/\/compuviper.mx\/tienda\/producto\/asus-pm1403cda-r58g512-p1-laptop-expertbook-pm1403cda-14-pulgadas-fhd-amd-ryzen-5150-8gb-512gb-ssd-windows-11-pro-3-aos-de-garanta\/#breadcrumb\",\"itemListElement\":[{\"@type\":\"ListItem\",\"position\":1,\"name\":\"Inicio\",\"item\":\"https:\/\/compuviper.mx\/tienda\/\"},{\"@type\":\"ListItem\",\"position\":2,\"name\":\"Productos\",\"item\":\"https:\/\/compuviper.mx\/tienda\/productos\/\"},{\"@type\":\"ListItem\",\"position\":3,\"name\":\"Laptops\",\"item\":\"https:\/\/compuviper.mx\/tienda\/categoria-producto\/laptops\/\"},{\"@type\":\"ListItem\",\"position\":4,\"name\":\"Notebook\",\"item\":\"https:\/\/compuviper.mx\/tienda\/categoria-producto\/laptops\/notebook-laptops\/\"},{\"@type\":\"ListItem\",\"position\":5,\"name\":\"Asus Pm1403cda-r58g512-p1 Laptop Expertbook, Pm1403cda, 14 Pulgadas, Fhd Amd Ryzen 5150, 8gb, 512gb Ssd, Windows 11 Pro, 3 A?os De Garanta.\"}]},{\"@type\":\"WebSite\",\"@id\":\"https:\/\/compuviper.mx\/tienda\/#website\",\"url\":\"https:\/\/compuviper.mx\/tienda\/\",\"name\":\"Compuviper\",\"description\":\"Proveedor de Computadoras, Laptops, Servidores, Monitores, Puntos de Venta, Teclados,   Impresoras, T\u00f3ner, C\u00e1maras de Seguridad y m\u00e1s en tu tienda en l\u00ednea\",\"publisher\":{\"@id\":\"https:\/\/compuviper.mx\/tienda\/#organization\"},\"potentialAction\":[{\"@type\":\"SearchAction\",\"target\":{\"@type\":\"EntryPoint\",\"urlTemplate\":\"https:\/\/compuviper.mx\/tienda\/?s={search_term_string}\"},\"query-input\":\"required name=search_term_string\"}],\"inLanguage\":\"es-MX\"},{\"@type\":\"Organization\",\"@id\":\"https:\/\/compuviper.mx\/tienda\/#organization\",\"name\":\"Compuviper\",\"url\":\"https:\/\/compuviper.mx\/tienda\/\",\"logo\":{\"@type\":\"ImageObject\",\"inLanguage\":\"es-MX\",\"@id\":\"https:\/\/compuviper.mx\/tienda\/#\/schema\/logo\/image\/\",\"url\":\"https:\/\/compuviper.mx\/tienda\/wp-content\/uploads\/2021\/08\/Logo-Compuviper-10.png\",\"contentUrl\":\"https:\/\/compuviper.mx\/tienda\/wp-content\/uploads\/2021\/08\/Logo-Compuviper-10.png\",\"width\":1000,\"height\":500,\"caption\":\"Compuviper\"},\"image\":{\"@id\":\"https:\/\/compuviper.mx\/tienda\/#\/schema\/logo\/image\/\"},\"sameAs\":[\"https:\/\/www.facebook.com\/compuviper\",\"https:\/\/www.youtube.com\/channel\/UCf73dERp9Y3cfOq7q8BhLjA?view_as=subscriber\"]}]}<\/script>\n<meta property=\"product:brand\" content=\"ASUS\" \/>\n<meta property=\"product:price:amount\" content=\"13573\" \/>\n<meta property=\"product:price:currency\" content=\"MXN\" \/>\n<meta property=\"og:availability\" content=\"out of stock\" \/>\n<meta property=\"product:availability\" content=\"out of stock\" \/>\n<meta property=\"product:retailer_item_id\" content=\"PM1403CDA-R58G512-P1\" \/>\n<meta property=\"product:condition\" content=\"new\" \/>\n<!-- \/ Yoast SEO plugin. -->","yoast_head_json":{"title":"[ Asus ] &#129351; Pm1403cda-r58g512-p1 Laptop Expertbook, Pm1403cda, 14 Pulgadas, Fhd Amd Ryzen 5150, 8gb, 512gb Ssd, Windows 11 Pro, 3 A\u00f1os De Garanta.","description":"Compra Pm1403cda-r58g512-p1 Laptop Expertbook, Pm1403cda, 14 Pulgadas, Fhd Amd Ryzen 5150, 8gb, 512gb Ssd, Windows 11 Pro, 3 A\u00f1os De Garanta. + Env\u00edo a domicilio + Pago seguro + Garant\u00eda","robots":{"index":"index","follow":"follow","max-snippet":"max-snippet:-1","max-image-preview":"max-image-preview:large","max-video-preview":"max-video-preview:-1"},"canonical":"https:\/\/compuviper.mx\/tienda\/producto\/asus-pm1403cda-r58g512-p1-laptop-expertbook-pm1403cda-14-pulgadas-fhd-amd-ryzen-5150-8gb-512gb-ssd-windows-11-pro-3-aos-de-garanta\/","og_locale":"es_MX","og_type":"article","og_title":"[ Asus ] &#129351; Pm1403cda-r58g512-p1 Laptop Expertbook, Pm1403cda, 14 Pulgadas, Fhd Amd Ryzen 5150, 8gb, 512gb Ssd, Windows 11 Pro, 3 A\u00f1os De Garanta.","og_description":"Compra Pm1403cda-r58g512-p1 Laptop Expertbook, Pm1403cda, 14 Pulgadas, Fhd Amd Ryzen 5150, 8gb, 512gb Ssd, Windows 11 Pro, 3 A\u00f1os De Garanta. + Env\u00edo a domicilio + Pago seguro + Garant\u00eda","og_url":"https:\/\/compuviper.mx\/tienda\/producto\/asus-pm1403cda-r58g512-p1-laptop-expertbook-pm1403cda-14-pulgadas-fhd-amd-ryzen-5150-8gb-512gb-ssd-windows-11-pro-3-aos-de-garanta\/","og_site_name":"Compuviper","article_publisher":"https:\/\/www.facebook.com\/compuviper","article_modified_time":"2026-04-14T07:19:31+00:00","twitter_card":"summary_large_image","twitter_misc":{"Precio":"&#36;13,573 con IVA","Availability":"Out of stock"},"schema":{"@context":"https:\/\/schema.org","@graph":[{"@type":"WebPage","@id":"https:\/\/compuviper.mx\/tienda\/producto\/asus-pm1403cda-r58g512-p1-laptop-expertbook-pm1403cda-14-pulgadas-fhd-amd-ryzen-5150-8gb-512gb-ssd-windows-11-pro-3-aos-de-garanta\/","url":"https:\/\/compuviper.mx\/tienda\/producto\/asus-pm1403cda-r58g512-p1-laptop-expertbook-pm1403cda-14-pulgadas-fhd-amd-ryzen-5150-8gb-512gb-ssd-windows-11-pro-3-aos-de-garanta\/","name":"[ Asus ] &#129351; Pm1403cda-r58g512-p1 Laptop Expertbook, Pm1403cda, 14 Pulgadas, Fhd Amd Ryzen 5150, 8gb, 512gb Ssd, Windows 11 Pro, 3 A\u00f1os De Garanta.","isPartOf":{"@id":"https:\/\/compuviper.mx\/tienda\/#website"},"datePublished":"2026-04-14T07:19:30+00:00","dateModified":"2026-04-14T07:19:31+00:00","description":"Compra Pm1403cda-r58g512-p1 Laptop Expertbook, Pm1403cda, 14 Pulgadas, Fhd Amd Ryzen 5150, 8gb, 512gb Ssd, Windows 11 Pro, 3 A\u00f1os De Garanta. + Env\u00edo a domicilio + Pago seguro + Garant\u00eda","breadcrumb":{"@id":"https:\/\/compuviper.mx\/tienda\/producto\/asus-pm1403cda-r58g512-p1-laptop-expertbook-pm1403cda-14-pulgadas-fhd-amd-ryzen-5150-8gb-512gb-ssd-windows-11-pro-3-aos-de-garanta\/#breadcrumb"},"inLanguage":"es-MX","potentialAction":[{"@type":"ReadAction","target":["https:\/\/compuviper.mx\/tienda\/producto\/asus-pm1403cda-r58g512-p1-laptop-expertbook-pm1403cda-14-pulgadas-fhd-amd-ryzen-5150-8gb-512gb-ssd-windows-11-pro-3-aos-de-garanta\/"]}]},{"@type":"BreadcrumbList","@id":"https:\/\/compuviper.mx\/tienda\/producto\/asus-pm1403cda-r58g512-p1-laptop-expertbook-pm1403cda-14-pulgadas-fhd-amd-ryzen-5150-8gb-512gb-ssd-windows-11-pro-3-aos-de-garanta\/#breadcrumb","itemListElement":[{"@type":"ListItem","position":1,"name":"Inicio","item":"https:\/\/compuviper.mx\/tienda\/"},{"@type":"ListItem","position":2,"name":"Productos","item":"https:\/\/compuviper.mx\/tienda\/productos\/"},{"@type":"ListItem","position":3,"name":"Laptops","item":"https:\/\/compuviper.mx\/tienda\/categoria-producto\/laptops\/"},{"@type":"ListItem","position":4,"name":"Notebook","item":"https:\/\/compuviper.mx\/tienda\/categoria-producto\/laptops\/notebook-laptops\/"},{"@type":"ListItem","position":5,"name":"Asus Pm1403cda-r58g512-p1 Laptop Expertbook, Pm1403cda, 14 Pulgadas, Fhd Amd Ryzen 5150, 8gb, 512gb Ssd, Windows 11 Pro, 3 A?os De Garanta."}]},{"@type":"WebSite","@id":"https:\/\/compuviper.mx\/tienda\/#website","url":"https:\/\/compuviper.mx\/tienda\/","name":"Compuviper","description":"Proveedor de Computadoras, Laptops, Servidores, Monitores, Puntos de Venta, Teclados,   Impresoras, T\u00f3ner, C\u00e1maras de Seguridad y m\u00e1s en tu tienda en l\u00ednea","publisher":{"@id":"https:\/\/compuviper.mx\/tienda\/#organization"},"potentialAction":[{"@type":"SearchAction","target":{"@type":"EntryPoint","urlTemplate":"https:\/\/compuviper.mx\/tienda\/?s={search_term_string}"},"query-input":"required name=search_term_string"}],"inLanguage":"es-MX"},{"@type":"Organization","@id":"https:\/\/compuviper.mx\/tienda\/#organization","name":"Compuviper","url":"https:\/\/compuviper.mx\/tienda\/","logo":{"@type":"ImageObject","inLanguage":"es-MX","@id":"https:\/\/compuviper.mx\/tienda\/#\/schema\/logo\/image\/","url":"https:\/\/compuviper.mx\/tienda\/wp-content\/uploads\/2021\/08\/Logo-Compuviper-10.png","contentUrl":"https:\/\/compuviper.mx\/tienda\/wp-content\/uploads\/2021\/08\/Logo-Compuviper-10.png","width":1000,"height":500,"caption":"Compuviper"},"image":{"@id":"https:\/\/compuviper.mx\/tienda\/#\/schema\/logo\/image\/"},"sameAs":["https:\/\/www.facebook.com\/compuviper","https:\/\/www.youtube.com\/channel\/UCf73dERp9Y3cfOq7q8BhLjA?view_as=subscriber"]}]},"product_brand":"ASUS","product_price_amount":"13573","product_price_currency":"MXN","og_availability":"out of stock","product_availability":"out of stock","product_retailer_item_id":"PM1403CDA-R58G512-P1","product_condition":"new"},"_links":{"self":[{"href":"https:\/\/compuviper.mx\/tienda\/wp-json\/wp\/v2\/product\/267399"}],"collection":[{"href":"https:\/\/compuviper.mx\/tienda\/wp-json\/wp\/v2\/product"}],"about":[{"href":"https:\/\/compuviper.mx\/tienda\/wp-json\/wp\/v2\/types\/product"}],"replies":[{"embeddable":true,"href":"https:\/\/compuviper.mx\/tienda\/wp-json\/wp\/v2\/comments?post=267399"}],"wp:attachment":[{"href":"https:\/\/compuviper.mx\/tienda\/wp-json\/wp\/v2\/media?parent=267399"}],"wp:term":[{"taxonomy":"product_cat","embeddable":true,"href":"https:\/\/compuviper.mx\/tienda\/wp-json\/wp\/v2\/product_cat?post=267399"},{"taxonomy":"product_tag","embeddable":true,"href":"https:\/\/compuviper.mx\/tienda\/wp-json\/wp\/v2\/product_tag?post=267399"}],"curies":[{"name":"wp","href":"https:\/\/api.w.org\/{rel}","templated":true}]}}