{"id":267386,"date":"2026-04-09T00:42:52","date_gmt":"2026-04-09T06:42:52","guid":{"rendered":"https:\/\/compuviper.mx\/tienda\/producto\/wd-western-digital-wdbpkj0040bbk-wesn-disco-duro-externo-wd-my-passport-4tb-2-5-portatil-usb3-0-negro-windows-backup-encriptacion\/"},"modified":"2026-04-09T00:42:53","modified_gmt":"2026-04-09T06:42:53","slug":"wd-western-digital-wdbpkj0040bbk-wesn-disco-duro-externo-wd-my-passport-4tb-2-5-portatil-usb3-0-negro-windows-backup-encriptacion","status":"publish","type":"product","link":"https:\/\/compuviper.mx\/tienda\/producto\/wd-western-digital-wdbpkj0040bbk-wesn-disco-duro-externo-wd-my-passport-4tb-2-5-portatil-usb3-0-negro-windows-backup-encriptacion\/","title":{"rendered":"Wd &#8211; Western Digital Wdbpkj0040bbk-wesn Disco Duro Externo Wd My Passport 4tb 2.5 Portatil Usb3.0 Negro Windows Backup Encriptacion"},"content":{"rendered":"<table class=\"descripcion\">\n<tr>\n<td>Especificaciones del producto<\/td>\n<\/tr>\n<tr>\n<td>Latencia median. d.<\/td>\n<\/tr>\n<tr>\n<td>Tiempo de lectura medion. d.<\/td>\n<\/tr>\n<tr>\n<td>Baterano<\/td>\n<\/tr>\n<tr>\n<td>Cach\/bfern. d.<\/td>\n<\/tr>\n<tr>\n<td>Velocidad de transferencia de la interfaz<\/td>\n<\/tr>\n<tr>\n<td>Usb 3.0 hasta 5\u00a0gb\/s<\/td>\n<\/tr>\n<tr>\n<td>Usb 2.0 hasta 480 mb\/s<\/td>\n<\/tr>\n<tr>\n<td>Capacidad del disco4\u00a0tb,<\/td>\n<\/tr>\n<tr>\n<td>Compartimentos para discos1<\/td>\n<\/tr>\n<tr>\n<td>Conexionesusb 3.0 compatible con usb 2.0<\/td>\n<\/tr>\n<tr>\n<td>Dimensiones del producto<\/td>\n<\/tr>\n<tr>\n<td>Longitud107,2\u00a0mm 4,22\u00a0in<\/td>\n<\/tr>\n<tr>\n<td>Ancho75\u00a0mm 2,95 in<\/td>\n<\/tr>\n<tr>\n<td>Altura 5\u00a0tb, 4\u00a0tb19,15\u00a0mm 0,75\u00a0in<\/td>\n<\/tr>\n<tr>\n<td>Peso 5\u00a0tb, 4\u00a0tb210\u00a0g 0,46 lb<\/td>\n<\/tr>\n<tr>\n<td>Colores disponiblesnegro,<\/td>\n<\/tr>\n<tr>\n<td>Cdigo de pas\/origen<\/td>\n<\/tr>\n<tr>\n<td>Producto de tailandia o producto de malasia<\/td>\n<\/tr>\n<tr>\n<td>Especificaciones medioambientales<\/td>\n<\/tr>\n<tr>\n<td>Temperatura operativade 5 \u00b0c a 35 \u00b0c<\/td>\n<\/tr>\n<tr>\n<td>Temperatura no operativade \u009620 \u00b0c a 65 \u00b0c<\/td>\n<\/tr>\n<tr>\n<td>Humedad relativa operativa20\u00a0 a 80\u00a0<\/td>\n<\/tr>\n<tr>\n<td>Humedad relativa no operativa5\u00a0 a 90\u00a0<\/td>\n<\/tr>\n<tr>\n<td>Especificaciones de alimentacin<\/td>\n<\/tr>\n<tr>\n<td>Voltaje de entrada de corriente alterna adaptador de can. d.<\/td>\n<\/tr>\n<tr>\n<td>Frecuencia de entrada de corriente alternan. d.<\/td>\n<\/tr>\n<tr>\n<td>Idiomas del software<\/td>\n<\/tr>\n<tr>\n<td>\u0095 ingls<\/td>\n<\/tr>\n<tr>\n<td>\u0095 chino, simplificado<\/td>\n<\/tr>\n<tr>\n<td>\u0095 chino, tradicional<\/td>\n<\/tr>\n<tr>\n<td>\u0095 checo<\/td>\n<\/tr>\n<tr>\n<td>\u0095 holands<\/td>\n<\/tr>\n<tr>\n<td>\u0095 francs<\/td>\n<\/tr>\n<tr>\n<td>\u0095 alemn<\/td>\n<\/tr>\n<tr>\n<td>\u0095 hngaro<\/td>\n<\/tr>\n<tr>\n<td>\u0095 italiano<\/td>\n<\/tr>\n<tr>\n<td>\u0095 japons<\/td>\n<\/tr>\n<tr>\n<td>\u0095 coreano<\/td>\n<\/tr>\n<tr>\n<td>\u0095 noruego<\/td>\n<\/tr>\n<tr>\n<td>\u0095 polaco<\/td>\n<\/tr>\n<tr>\n<td>\u0095 portugus<\/td>\n<\/tr>\n<tr>\n<td>\u0095 ruso<\/td>\n<\/tr>\n<tr>\n<td>\u0095 espaol<\/td>\n<\/tr>\n<tr>\n<td>\u0095 sueco<\/td>\n<\/tr>\n<tr>\n<td>\u0095 turco<\/td>\n<\/tr>\n<tr>\n<td>Garanta limitada<\/td>\n<\/tr>\n<tr>\n<td>Amrica3 aos<\/td>\n<\/tr>\n<tr>\n<td>Modelo anterior del productonombre del productowd my passport<\/td>\n<\/tr>\n<tr>\n<td>Nmero de referencia del pedidowdbynn, wdbs4b, wdbyft<\/td>\n<\/tr>\n<tr>\n<td>Informacin sobre normativasconforme con nrcann\/d<\/td>\n<\/tr>\n<tr>\n<td>Cumple la normativa rohss<\/td>\n<\/tr>\n<tr>\n<td>Software incluidon\/d<\/td>\n<\/tr>\n<\/table>\n","protected":false},"excerpt":{"rendered":"<p>\u0095 diseo compacto. \u0095 copias de seguridad automticas y sencillas. \u0095 proteccin mediante contrasea y cifrado de hardware aes de 256\u00a0bits. \u0095 3 aos de garanta limitada. \u0095 disco duro seguro creado con la fiabilidad de wd?. \u0095 wd discovery\u0099 software para wd backup\u0099, proteccin mediante contrasea y gestin de discos. \u0095 puerto usb superspeed, compatible con usb\u00a02.0<\/p>\n","protected":false},"featured_media":267387,"comment_status":"open","ping_status":"open","template":"","meta":[],"product_cat":[1703,1706],"product_tag":[1705],"acf":[],"yoast_head":"<!-- This site is optimized with the Yoast SEO plugin v21.7 - https:\/\/yoast.com\/wordpress\/plugins\/seo\/ -->\n<title>[ Wd - Western Digital ] &#129351; Wdbpkj0040bbk-wesn Disco Duro Externo Wd My Passport 4tb 2.5 Portatil Usb3.0 Negro Windows Backup Encriptacion<\/title>\n<meta name=\"description\" content=\"Compra Wdbpkj0040bbk-wesn Disco Duro Externo Wd My Passport 4tb 2.5 Portatil Usb3.0 Negro Windows Backup Encriptacion + Env\u00edo a domicilio + Pago seguro + Garant\u00eda\" \/>\n<meta name=\"robots\" content=\"index, follow, max-snippet:-1, max-image-preview:large, max-video-preview:-1\" \/>\n<link rel=\"canonical\" href=\"https:\/\/compuviper.mx\/tienda\/producto\/wd-western-digital-wdbpkj0040bbk-wesn-disco-duro-externo-wd-my-passport-4tb-2-5-portatil-usb3-0-negro-windows-backup-encriptacion\/\" \/>\n<meta property=\"og:locale\" content=\"es_MX\" \/>\n<meta property=\"og:type\" content=\"article\" \/>\n<meta property=\"og:title\" content=\"[ Wd - Western Digital ] &#129351; Wdbpkj0040bbk-wesn Disco Duro Externo Wd My Passport 4tb 2.5 Portatil Usb3.0 Negro Windows Backup Encriptacion\" \/>\n<meta property=\"og:description\" content=\"Compra Wdbpkj0040bbk-wesn Disco Duro Externo Wd My Passport 4tb 2.5 Portatil Usb3.0 Negro Windows Backup Encriptacion + Env\u00edo a domicilio + Pago seguro + Garant\u00eda\" \/>\n<meta property=\"og:url\" content=\"https:\/\/compuviper.mx\/tienda\/producto\/wd-western-digital-wdbpkj0040bbk-wesn-disco-duro-externo-wd-my-passport-4tb-2-5-portatil-usb3-0-negro-windows-backup-encriptacion\/\" \/>\n<meta property=\"og:site_name\" content=\"Compuviper\" \/>\n<meta property=\"article:publisher\" content=\"https:\/\/www.facebook.com\/compuviper\" \/>\n<meta property=\"article:modified_time\" content=\"2026-04-09T06:42:53+00:00\" \/>\n<meta property=\"og:image\" content=\"https:\/\/compuviper.mx\/tienda\/wp-content\/uploads\/2026\/02\/Disco-duro-externo-wd-my-passport-4tb-2.5-portatil-usb3.0-negro-windows-backup-encriptacion-wdbpkj0040bbk-wesn.jpg\" \/>\n\t<meta property=\"og:image:width\" content=\"200\" \/>\n\t<meta property=\"og:image:height\" content=\"200\" \/>\n\t<meta property=\"og:image:type\" content=\"image\/jpeg\" \/>\n<meta name=\"twitter:card\" content=\"summary_large_image\" \/>\n<meta name=\"twitter:label1\" content=\"Precio\" \/>\n\t<meta name=\"twitter:data1\" content=\"&#36;2,867 con IVA\" \/>\n\t<meta name=\"twitter:label2\" content=\"Availability\" \/>\n\t<meta name=\"twitter:data2\" content=\"In stock\" \/>\n<script type=\"application\/ld+json\" class=\"yoast-schema-graph\">{\"@context\":\"https:\/\/schema.org\",\"@graph\":[{\"@type\":\"WebPage\",\"@id\":\"https:\/\/compuviper.mx\/tienda\/producto\/wd-western-digital-wdbpkj0040bbk-wesn-disco-duro-externo-wd-my-passport-4tb-2-5-portatil-usb3-0-negro-windows-backup-encriptacion\/\",\"url\":\"https:\/\/compuviper.mx\/tienda\/producto\/wd-western-digital-wdbpkj0040bbk-wesn-disco-duro-externo-wd-my-passport-4tb-2-5-portatil-usb3-0-negro-windows-backup-encriptacion\/\",\"name\":\"[ Wd - Western Digital ] &#129351; Wdbpkj0040bbk-wesn Disco Duro Externo Wd My Passport 4tb 2.5 Portatil Usb3.0 Negro Windows Backup Encriptacion\",\"isPartOf\":{\"@id\":\"https:\/\/compuviper.mx\/tienda\/#website\"},\"datePublished\":\"2026-04-09T06:42:52+00:00\",\"dateModified\":\"2026-04-09T06:42:53+00:00\",\"description\":\"Compra Wdbpkj0040bbk-wesn Disco Duro Externo Wd My Passport 4tb 2.5 Portatil Usb3.0 Negro Windows Backup Encriptacion + Env\u00edo a domicilio + Pago seguro + Garant\u00eda\",\"breadcrumb\":{\"@id\":\"https:\/\/compuviper.mx\/tienda\/producto\/wd-western-digital-wdbpkj0040bbk-wesn-disco-duro-externo-wd-my-passport-4tb-2-5-portatil-usb3-0-negro-windows-backup-encriptacion\/#breadcrumb\"},\"inLanguage\":\"es-MX\",\"potentialAction\":[{\"@type\":\"ReadAction\",\"target\":[\"https:\/\/compuviper.mx\/tienda\/producto\/wd-western-digital-wdbpkj0040bbk-wesn-disco-duro-externo-wd-my-passport-4tb-2-5-portatil-usb3-0-negro-windows-backup-encriptacion\/\"]}]},{\"@type\":\"BreadcrumbList\",\"@id\":\"https:\/\/compuviper.mx\/tienda\/producto\/wd-western-digital-wdbpkj0040bbk-wesn-disco-duro-externo-wd-my-passport-4tb-2-5-portatil-usb3-0-negro-windows-backup-encriptacion\/#breadcrumb\",\"itemListElement\":[{\"@type\":\"ListItem\",\"position\":1,\"name\":\"Inicio\",\"item\":\"https:\/\/compuviper.mx\/tienda\/\"},{\"@type\":\"ListItem\",\"position\":2,\"name\":\"Productos\",\"item\":\"https:\/\/compuviper.mx\/tienda\/productos\/\"},{\"@type\":\"ListItem\",\"position\":3,\"name\":\"Discos Duros\",\"item\":\"https:\/\/compuviper.mx\/tienda\/categoria-producto\/discos-duros\/\"},{\"@type\":\"ListItem\",\"position\":4,\"name\":\"Disco Duro\",\"item\":\"https:\/\/compuviper.mx\/tienda\/categoria-producto\/discos-duros\/disco-duro\/\"},{\"@type\":\"ListItem\",\"position\":5,\"name\":\"Wd &#8211; Western Digital Wdbpkj0040bbk-wesn Disco Duro Externo Wd My Passport 4tb 2.5 Portatil Usb3.0 Negro Windows Backup Encriptacion\"}]},{\"@type\":\"WebSite\",\"@id\":\"https:\/\/compuviper.mx\/tienda\/#website\",\"url\":\"https:\/\/compuviper.mx\/tienda\/\",\"name\":\"Compuviper\",\"description\":\"Proveedor de Computadoras, Laptops, Servidores, Monitores, Puntos de Venta, Teclados,   Impresoras, T\u00f3ner, C\u00e1maras de Seguridad y m\u00e1s en tu tienda en l\u00ednea\",\"publisher\":{\"@id\":\"https:\/\/compuviper.mx\/tienda\/#organization\"},\"potentialAction\":[{\"@type\":\"SearchAction\",\"target\":{\"@type\":\"EntryPoint\",\"urlTemplate\":\"https:\/\/compuviper.mx\/tienda\/?s={search_term_string}\"},\"query-input\":\"required name=search_term_string\"}],\"inLanguage\":\"es-MX\"},{\"@type\":\"Organization\",\"@id\":\"https:\/\/compuviper.mx\/tienda\/#organization\",\"name\":\"Compuviper\",\"url\":\"https:\/\/compuviper.mx\/tienda\/\",\"logo\":{\"@type\":\"ImageObject\",\"inLanguage\":\"es-MX\",\"@id\":\"https:\/\/compuviper.mx\/tienda\/#\/schema\/logo\/image\/\",\"url\":\"https:\/\/compuviper.mx\/tienda\/wp-content\/uploads\/2021\/08\/Logo-Compuviper-10.png\",\"contentUrl\":\"https:\/\/compuviper.mx\/tienda\/wp-content\/uploads\/2021\/08\/Logo-Compuviper-10.png\",\"width\":1000,\"height\":500,\"caption\":\"Compuviper\"},\"image\":{\"@id\":\"https:\/\/compuviper.mx\/tienda\/#\/schema\/logo\/image\/\"},\"sameAs\":[\"https:\/\/www.facebook.com\/compuviper\",\"https:\/\/www.youtube.com\/channel\/UCf73dERp9Y3cfOq7q8BhLjA?view_as=subscriber\"]}]}<\/script>\n<meta property=\"product:brand\" content=\"WD - WESTERN DIGITAL\" \/>\n<meta property=\"product:price:amount\" content=\"2867\" \/>\n<meta property=\"product:price:currency\" content=\"MXN\" \/>\n<meta property=\"og:availability\" content=\"instock\" \/>\n<meta property=\"product:availability\" content=\"instock\" \/>\n<meta property=\"product:retailer_item_id\" content=\"WDBPKJ0040BBK-WESN\" \/>\n<meta property=\"product:condition\" content=\"new\" \/>\n<!-- \/ Yoast SEO plugin. -->","yoast_head_json":{"title":"[ Wd - Western Digital ] &#129351; Wdbpkj0040bbk-wesn Disco Duro Externo Wd My Passport 4tb 2.5 Portatil Usb3.0 Negro Windows Backup Encriptacion","description":"Compra Wdbpkj0040bbk-wesn Disco Duro Externo Wd My Passport 4tb 2.5 Portatil Usb3.0 Negro Windows Backup Encriptacion + Env\u00edo a domicilio + Pago seguro + Garant\u00eda","robots":{"index":"index","follow":"follow","max-snippet":"max-snippet:-1","max-image-preview":"max-image-preview:large","max-video-preview":"max-video-preview:-1"},"canonical":"https:\/\/compuviper.mx\/tienda\/producto\/wd-western-digital-wdbpkj0040bbk-wesn-disco-duro-externo-wd-my-passport-4tb-2-5-portatil-usb3-0-negro-windows-backup-encriptacion\/","og_locale":"es_MX","og_type":"article","og_title":"[ Wd - Western Digital ] &#129351; Wdbpkj0040bbk-wesn Disco Duro Externo Wd My Passport 4tb 2.5 Portatil Usb3.0 Negro Windows Backup Encriptacion","og_description":"Compra Wdbpkj0040bbk-wesn Disco Duro Externo Wd My Passport 4tb 2.5 Portatil Usb3.0 Negro Windows Backup Encriptacion + Env\u00edo a domicilio + Pago seguro + Garant\u00eda","og_url":"https:\/\/compuviper.mx\/tienda\/producto\/wd-western-digital-wdbpkj0040bbk-wesn-disco-duro-externo-wd-my-passport-4tb-2-5-portatil-usb3-0-negro-windows-backup-encriptacion\/","og_site_name":"Compuviper","article_publisher":"https:\/\/www.facebook.com\/compuviper","article_modified_time":"2026-04-09T06:42:53+00:00","og_image":[{"width":200,"height":200,"url":"https:\/\/compuviper.mx\/tienda\/wp-content\/uploads\/2026\/02\/Disco-duro-externo-wd-my-passport-4tb-2.5-portatil-usb3.0-negro-windows-backup-encriptacion-wdbpkj0040bbk-wesn.jpg","type":"image\/jpeg"}],"twitter_card":"summary_large_image","twitter_misc":{"Precio":"&#36;2,867 con IVA","Availability":"In stock"},"schema":{"@context":"https:\/\/schema.org","@graph":[{"@type":"WebPage","@id":"https:\/\/compuviper.mx\/tienda\/producto\/wd-western-digital-wdbpkj0040bbk-wesn-disco-duro-externo-wd-my-passport-4tb-2-5-portatil-usb3-0-negro-windows-backup-encriptacion\/","url":"https:\/\/compuviper.mx\/tienda\/producto\/wd-western-digital-wdbpkj0040bbk-wesn-disco-duro-externo-wd-my-passport-4tb-2-5-portatil-usb3-0-negro-windows-backup-encriptacion\/","name":"[ Wd - Western Digital ] &#129351; Wdbpkj0040bbk-wesn Disco Duro Externo Wd My Passport 4tb 2.5 Portatil Usb3.0 Negro Windows Backup Encriptacion","isPartOf":{"@id":"https:\/\/compuviper.mx\/tienda\/#website"},"datePublished":"2026-04-09T06:42:52+00:00","dateModified":"2026-04-09T06:42:53+00:00","description":"Compra Wdbpkj0040bbk-wesn Disco Duro Externo Wd My Passport 4tb 2.5 Portatil Usb3.0 Negro Windows Backup Encriptacion + Env\u00edo a domicilio + Pago seguro + Garant\u00eda","breadcrumb":{"@id":"https:\/\/compuviper.mx\/tienda\/producto\/wd-western-digital-wdbpkj0040bbk-wesn-disco-duro-externo-wd-my-passport-4tb-2-5-portatil-usb3-0-negro-windows-backup-encriptacion\/#breadcrumb"},"inLanguage":"es-MX","potentialAction":[{"@type":"ReadAction","target":["https:\/\/compuviper.mx\/tienda\/producto\/wd-western-digital-wdbpkj0040bbk-wesn-disco-duro-externo-wd-my-passport-4tb-2-5-portatil-usb3-0-negro-windows-backup-encriptacion\/"]}]},{"@type":"BreadcrumbList","@id":"https:\/\/compuviper.mx\/tienda\/producto\/wd-western-digital-wdbpkj0040bbk-wesn-disco-duro-externo-wd-my-passport-4tb-2-5-portatil-usb3-0-negro-windows-backup-encriptacion\/#breadcrumb","itemListElement":[{"@type":"ListItem","position":1,"name":"Inicio","item":"https:\/\/compuviper.mx\/tienda\/"},{"@type":"ListItem","position":2,"name":"Productos","item":"https:\/\/compuviper.mx\/tienda\/productos\/"},{"@type":"ListItem","position":3,"name":"Discos Duros","item":"https:\/\/compuviper.mx\/tienda\/categoria-producto\/discos-duros\/"},{"@type":"ListItem","position":4,"name":"Disco Duro","item":"https:\/\/compuviper.mx\/tienda\/categoria-producto\/discos-duros\/disco-duro\/"},{"@type":"ListItem","position":5,"name":"Wd &#8211; Western Digital Wdbpkj0040bbk-wesn Disco Duro Externo Wd My Passport 4tb 2.5 Portatil Usb3.0 Negro Windows Backup Encriptacion"}]},{"@type":"WebSite","@id":"https:\/\/compuviper.mx\/tienda\/#website","url":"https:\/\/compuviper.mx\/tienda\/","name":"Compuviper","description":"Proveedor de Computadoras, Laptops, Servidores, Monitores, Puntos de Venta, Teclados,   Impresoras, T\u00f3ner, C\u00e1maras de Seguridad y m\u00e1s en tu tienda en l\u00ednea","publisher":{"@id":"https:\/\/compuviper.mx\/tienda\/#organization"},"potentialAction":[{"@type":"SearchAction","target":{"@type":"EntryPoint","urlTemplate":"https:\/\/compuviper.mx\/tienda\/?s={search_term_string}"},"query-input":"required name=search_term_string"}],"inLanguage":"es-MX"},{"@type":"Organization","@id":"https:\/\/compuviper.mx\/tienda\/#organization","name":"Compuviper","url":"https:\/\/compuviper.mx\/tienda\/","logo":{"@type":"ImageObject","inLanguage":"es-MX","@id":"https:\/\/compuviper.mx\/tienda\/#\/schema\/logo\/image\/","url":"https:\/\/compuviper.mx\/tienda\/wp-content\/uploads\/2021\/08\/Logo-Compuviper-10.png","contentUrl":"https:\/\/compuviper.mx\/tienda\/wp-content\/uploads\/2021\/08\/Logo-Compuviper-10.png","width":1000,"height":500,"caption":"Compuviper"},"image":{"@id":"https:\/\/compuviper.mx\/tienda\/#\/schema\/logo\/image\/"},"sameAs":["https:\/\/www.facebook.com\/compuviper","https:\/\/www.youtube.com\/channel\/UCf73dERp9Y3cfOq7q8BhLjA?view_as=subscriber"]}]},"product_brand":"WD - WESTERN DIGITAL","product_price_amount":"2867","product_price_currency":"MXN","og_availability":"instock","product_availability":"instock","product_retailer_item_id":"WDBPKJ0040BBK-WESN","product_condition":"new"},"_links":{"self":[{"href":"https:\/\/compuviper.mx\/tienda\/wp-json\/wp\/v2\/product\/267386"}],"collection":[{"href":"https:\/\/compuviper.mx\/tienda\/wp-json\/wp\/v2\/product"}],"about":[{"href":"https:\/\/compuviper.mx\/tienda\/wp-json\/wp\/v2\/types\/product"}],"replies":[{"embeddable":true,"href":"https:\/\/compuviper.mx\/tienda\/wp-json\/wp\/v2\/comments?post=267386"}],"wp:featuredmedia":[{"embeddable":true,"href":"https:\/\/compuviper.mx\/tienda\/wp-json\/wp\/v2\/media\/267387"}],"wp:attachment":[{"href":"https:\/\/compuviper.mx\/tienda\/wp-json\/wp\/v2\/media?parent=267386"}],"wp:term":[{"taxonomy":"product_cat","embeddable":true,"href":"https:\/\/compuviper.mx\/tienda\/wp-json\/wp\/v2\/product_cat?post=267386"},{"taxonomy":"product_tag","embeddable":true,"href":"https:\/\/compuviper.mx\/tienda\/wp-json\/wp\/v2\/product_tag?post=267386"}],"curies":[{"name":"wp","href":"https:\/\/api.w.org\/{rel}","templated":true}]}}