{"id":267372,"date":"2026-04-25T02:16:08","date_gmt":"2026-04-25T08:16:08","guid":{"rendered":"https:\/\/compuviper.mx\/tienda\/producto\/xfx-rx-96tsw16bq-tarjeta-de-video-swift-rx-9060-xt-dual-fan-16gb-gddr6-pcie-5-0-128-bit-gama-alta\/"},"modified":"2026-04-25T02:16:08","modified_gmt":"2026-04-25T08:16:08","slug":"xfx-rx-96tsw16bq-tarjeta-de-video-swift-rx-9060-xt-dual-fan-16gb-gddr6-pcie-5-0-128-bit-gama-alta","status":"publish","type":"product","link":"https:\/\/compuviper.mx\/tienda\/producto\/xfx-rx-96tsw16bq-tarjeta-de-video-swift-rx-9060-xt-dual-fan-16gb-gddr6-pcie-5-0-128-bit-gama-alta\/","title":{"rendered":"Xfx Rx-96tsw16bq Tarjeta De Video  Swift Rx 9060 Xt Dual Fan \/ 16gb\/ Gddr6\/ Pcie 5.0\/128 Bit\/gama Alta"},"content":{"rendered":"<table class=\"descripcion\">\n<tr>\n<td>Tipo de bus: pci-e 5.0<\/td>\n<\/tr>\n<tr>\n<td>Tgp 182 w<\/td>\n<\/tr>\n<tr>\n<td>Reloj base: hasta 1900 mhz<\/td>\n<\/tr>\n<tr>\n<td>Reloj de juego: hasta 2780 mhz<\/td>\n<\/tr>\n<tr>\n<td>Reloj boost: hasta 3320 mhz<\/td>\n<\/tr>\n<tr>\n<td>Procesadores de flujo: 2048<\/td>\n<\/tr>\n<tr>\n<td>Unidades de c\u00f3mputo: 32<\/td>\n<\/tr>\n<tr>\n<td>Bus de memoria: 128 bits<\/td>\n<\/tr>\n<tr>\n<td>Reloj de memoria: 20 gbps<\/td>\n<\/tr>\n<tr>\n<td>Tama\u00f1o de memoria: 16 gb<\/td>\n<\/tr>\n<tr>\n<td>Tipo de memoria: gddr6<\/td>\n<\/tr>\n<tr>\n<td>Perfil de la tarjeta: doble ranura<\/td>\n<\/tr>\n<tr>\n<td>Soluci\u00f3n t\u00e9rmica: 2 ventiladores<\/td>\n<\/tr>\n<tr>\n<td>*reloj de juego es el reloj de la gpu esperado al ejecutar aplicaciones de juego t\u00edpicas, configurado con la tgp (potencia gr\u00e1fica total) t\u00edpica. los resultados reales de la frecuencia de reloj de cada juego pueden variar.<\/td>\n<\/tr>\n<\/table>\n","protected":false},"excerpt":{"rendered":"<p>Prep\u00e1rate para elevar tu experiencia gamer al siguiente nivel con la nueva xfx 9070 xt, la tarjeta gr\u00e1fica dise\u00f1ada para quienes exigen rendimiento extremo, gr\u00e1ficos ultra realistas y m\u00e1xima eficiencia t\u00e9rmica. Impulsada por la arquitectura de \u00faltima generaci\u00f3n, la 9070 xt combina velocidad brutal con tecnolog\u00edas avanzadas como ray tracing de nueva generaci\u00f3n, dlss optimizado y soporte completo para resoluciones 4k y m\u00e1s all\u00e1. Con su sistema de refrigeraci\u00f3n xfx ghost thermal, mant\u00e9n temperaturas fr\u00edas incluso bajo cargas intensas, mientras disfrutas de un dise\u00f1o elegante y robusto<\/p>\n","protected":false},"featured_media":267373,"comment_status":"open","ping_status":"open","template":"","meta":[],"product_cat":[1841,1842],"product_tag":[2232],"acf":[],"yoast_head":"<!-- This site is optimized with the Yoast SEO plugin v21.7 - https:\/\/yoast.com\/wordpress\/plugins\/seo\/ -->\n<title>[ Xfx ] &#129351; Rx-96tsw16bq Tarjeta De Video Swift Rx 9060 Xt Dual Fan \/ 16gb\/ Gddr6\/ Pcie 5.0\/128 Bit\/gama Alta<\/title>\n<meta name=\"description\" content=\"Compra Rx-96tsw16bq Tarjeta De Video Swift Rx 9060 Xt Dual Fan \/ 16gb\/ Gddr6\/ Pcie 5.0\/128 Bit\/gama Alta + Env\u00edo a domicilio + Pago seguro + Garant\u00eda\" \/>\n<meta name=\"robots\" content=\"index, follow, max-snippet:-1, max-image-preview:large, max-video-preview:-1\" \/>\n<link rel=\"canonical\" href=\"https:\/\/compuviper.mx\/tienda\/producto\/xfx-rx-96tsw16bq-tarjeta-de-video-swift-rx-9060-xt-dual-fan-16gb-gddr6-pcie-5-0-128-bit-gama-alta\/\" \/>\n<meta property=\"og:locale\" content=\"es_MX\" \/>\n<meta property=\"og:type\" content=\"article\" \/>\n<meta property=\"og:title\" content=\"[ Xfx ] &#129351; Rx-96tsw16bq Tarjeta De Video Swift Rx 9060 Xt Dual Fan \/ 16gb\/ Gddr6\/ Pcie 5.0\/128 Bit\/gama Alta\" \/>\n<meta property=\"og:description\" content=\"Compra Rx-96tsw16bq Tarjeta De Video Swift Rx 9060 Xt Dual Fan \/ 16gb\/ Gddr6\/ Pcie 5.0\/128 Bit\/gama Alta + Env\u00edo a domicilio + Pago seguro + Garant\u00eda\" \/>\n<meta property=\"og:url\" content=\"https:\/\/compuviper.mx\/tienda\/producto\/xfx-rx-96tsw16bq-tarjeta-de-video-swift-rx-9060-xt-dual-fan-16gb-gddr6-pcie-5-0-128-bit-gama-alta\/\" \/>\n<meta property=\"og:site_name\" content=\"Compuviper\" \/>\n<meta property=\"article:publisher\" content=\"https:\/\/www.facebook.com\/compuviper\" \/>\n<meta property=\"og:image\" content=\"https:\/\/compuviper.mx\/tienda\/wp-content\/uploads\/2026\/02\/Tarjeta-de-video-xfx-swift-rx-9060-xt-dual-fan-16gb-gddr6-pcie-5.0128-bitgama-alta.jpg\" \/>\n\t<meta property=\"og:image:width\" content=\"200\" \/>\n\t<meta property=\"og:image:height\" content=\"200\" \/>\n\t<meta property=\"og:image:type\" content=\"image\/jpeg\" \/>\n<meta name=\"twitter:card\" content=\"summary_large_image\" \/>\n<meta name=\"twitter:label1\" content=\"Precio\" \/>\n\t<meta name=\"twitter:data1\" content=\"&#36;8,123 &#36;7,534 con IVA\" \/>\n\t<meta name=\"twitter:label2\" content=\"Availability\" \/>\n\t<meta name=\"twitter:data2\" content=\"In stock\" \/>\n<script type=\"application\/ld+json\" class=\"yoast-schema-graph\">{\"@context\":\"https:\/\/schema.org\",\"@graph\":[{\"@type\":\"WebPage\",\"@id\":\"https:\/\/compuviper.mx\/tienda\/producto\/xfx-rx-96tsw16bq-tarjeta-de-video-swift-rx-9060-xt-dual-fan-16gb-gddr6-pcie-5-0-128-bit-gama-alta\/\",\"url\":\"https:\/\/compuviper.mx\/tienda\/producto\/xfx-rx-96tsw16bq-tarjeta-de-video-swift-rx-9060-xt-dual-fan-16gb-gddr6-pcie-5-0-128-bit-gama-alta\/\",\"name\":\"[ Xfx ] &#129351; Rx-96tsw16bq Tarjeta De Video Swift Rx 9060 Xt Dual Fan \/ 16gb\/ Gddr6\/ Pcie 5.0\/128 Bit\/gama Alta\",\"isPartOf\":{\"@id\":\"https:\/\/compuviper.mx\/tienda\/#website\"},\"datePublished\":\"2026-04-25T08:16:08+00:00\",\"dateModified\":\"2026-04-25T08:16:08+00:00\",\"description\":\"Compra Rx-96tsw16bq Tarjeta De Video Swift Rx 9060 Xt Dual Fan \/ 16gb\/ Gddr6\/ Pcie 5.0\/128 Bit\/gama Alta + Env\u00edo a domicilio + Pago seguro + Garant\u00eda\",\"breadcrumb\":{\"@id\":\"https:\/\/compuviper.mx\/tienda\/producto\/xfx-rx-96tsw16bq-tarjeta-de-video-swift-rx-9060-xt-dual-fan-16gb-gddr6-pcie-5-0-128-bit-gama-alta\/#breadcrumb\"},\"inLanguage\":\"es-MX\",\"potentialAction\":[{\"@type\":\"ReadAction\",\"target\":[\"https:\/\/compuviper.mx\/tienda\/producto\/xfx-rx-96tsw16bq-tarjeta-de-video-swift-rx-9060-xt-dual-fan-16gb-gddr6-pcie-5-0-128-bit-gama-alta\/\"]}]},{\"@type\":\"BreadcrumbList\",\"@id\":\"https:\/\/compuviper.mx\/tienda\/producto\/xfx-rx-96tsw16bq-tarjeta-de-video-swift-rx-9060-xt-dual-fan-16gb-gddr6-pcie-5-0-128-bit-gama-alta\/#breadcrumb\",\"itemListElement\":[{\"@type\":\"ListItem\",\"position\":1,\"name\":\"Inicio\",\"item\":\"https:\/\/compuviper.mx\/tienda\/\"},{\"@type\":\"ListItem\",\"position\":2,\"name\":\"Productos\",\"item\":\"https:\/\/compuviper.mx\/tienda\/productos\/\"},{\"@type\":\"ListItem\",\"position\":3,\"name\":\"Video\",\"item\":\"https:\/\/compuviper.mx\/tienda\/categoria-producto\/video\/\"},{\"@type\":\"ListItem\",\"position\":4,\"name\":\"Video\",\"item\":\"https:\/\/compuviper.mx\/tienda\/categoria-producto\/video\/video-video\/\"},{\"@type\":\"ListItem\",\"position\":5,\"name\":\"Xfx Rx-96tsw16bq Tarjeta De Video Swift Rx 9060 Xt Dual Fan \/ 16gb\/ Gddr6\/ Pcie 5.0\/128 Bit\/gama Alta\"}]},{\"@type\":\"WebSite\",\"@id\":\"https:\/\/compuviper.mx\/tienda\/#website\",\"url\":\"https:\/\/compuviper.mx\/tienda\/\",\"name\":\"Compuviper\",\"description\":\"Proveedor de Computadoras, Laptops, Servidores, Monitores, Puntos de Venta, Teclados,   Impresoras, T\u00f3ner, C\u00e1maras de Seguridad y m\u00e1s en tu tienda en l\u00ednea\",\"publisher\":{\"@id\":\"https:\/\/compuviper.mx\/tienda\/#organization\"},\"potentialAction\":[{\"@type\":\"SearchAction\",\"target\":{\"@type\":\"EntryPoint\",\"urlTemplate\":\"https:\/\/compuviper.mx\/tienda\/?s={search_term_string}\"},\"query-input\":\"required name=search_term_string\"}],\"inLanguage\":\"es-MX\"},{\"@type\":\"Organization\",\"@id\":\"https:\/\/compuviper.mx\/tienda\/#organization\",\"name\":\"Compuviper\",\"url\":\"https:\/\/compuviper.mx\/tienda\/\",\"logo\":{\"@type\":\"ImageObject\",\"inLanguage\":\"es-MX\",\"@id\":\"https:\/\/compuviper.mx\/tienda\/#\/schema\/logo\/image\/\",\"url\":\"https:\/\/compuviper.mx\/tienda\/wp-content\/uploads\/2021\/08\/Logo-Compuviper-10.png\",\"contentUrl\":\"https:\/\/compuviper.mx\/tienda\/wp-content\/uploads\/2021\/08\/Logo-Compuviper-10.png\",\"width\":1000,\"height\":500,\"caption\":\"Compuviper\"},\"image\":{\"@id\":\"https:\/\/compuviper.mx\/tienda\/#\/schema\/logo\/image\/\"},\"sameAs\":[\"https:\/\/www.facebook.com\/compuviper\",\"https:\/\/www.youtube.com\/channel\/UCf73dERp9Y3cfOq7q8BhLjA?view_as=subscriber\"]}]}<\/script>\n<meta property=\"product:brand\" content=\"Xfx\" \/>\n<meta property=\"product:price:amount\" content=\"7534\" \/>\n<meta property=\"product:price:currency\" content=\"MXN\" \/>\n<meta property=\"og:availability\" content=\"instock\" \/>\n<meta property=\"product:availability\" content=\"instock\" \/>\n<meta property=\"product:retailer_item_id\" content=\"RX-96TSW16BQ\" \/>\n<meta property=\"product:condition\" content=\"new\" \/>\n<!-- \/ Yoast SEO plugin. -->","yoast_head_json":{"title":"[ Xfx ] &#129351; Rx-96tsw16bq Tarjeta De Video Swift Rx 9060 Xt Dual Fan \/ 16gb\/ Gddr6\/ Pcie 5.0\/128 Bit\/gama Alta","description":"Compra Rx-96tsw16bq Tarjeta De Video Swift Rx 9060 Xt Dual Fan \/ 16gb\/ Gddr6\/ Pcie 5.0\/128 Bit\/gama Alta + Env\u00edo a domicilio + Pago seguro + Garant\u00eda","robots":{"index":"index","follow":"follow","max-snippet":"max-snippet:-1","max-image-preview":"max-image-preview:large","max-video-preview":"max-video-preview:-1"},"canonical":"https:\/\/compuviper.mx\/tienda\/producto\/xfx-rx-96tsw16bq-tarjeta-de-video-swift-rx-9060-xt-dual-fan-16gb-gddr6-pcie-5-0-128-bit-gama-alta\/","og_locale":"es_MX","og_type":"article","og_title":"[ Xfx ] &#129351; Rx-96tsw16bq Tarjeta De Video Swift Rx 9060 Xt Dual Fan \/ 16gb\/ Gddr6\/ Pcie 5.0\/128 Bit\/gama Alta","og_description":"Compra Rx-96tsw16bq Tarjeta De Video Swift Rx 9060 Xt Dual Fan \/ 16gb\/ Gddr6\/ Pcie 5.0\/128 Bit\/gama Alta + Env\u00edo a domicilio + Pago seguro + Garant\u00eda","og_url":"https:\/\/compuviper.mx\/tienda\/producto\/xfx-rx-96tsw16bq-tarjeta-de-video-swift-rx-9060-xt-dual-fan-16gb-gddr6-pcie-5-0-128-bit-gama-alta\/","og_site_name":"Compuviper","article_publisher":"https:\/\/www.facebook.com\/compuviper","og_image":[{"width":200,"height":200,"url":"https:\/\/compuviper.mx\/tienda\/wp-content\/uploads\/2026\/02\/Tarjeta-de-video-xfx-swift-rx-9060-xt-dual-fan-16gb-gddr6-pcie-5.0128-bitgama-alta.jpg","type":"image\/jpeg"}],"twitter_card":"summary_large_image","twitter_misc":{"Precio":"&#36;8,123 &#36;7,534 con IVA","Availability":"In stock"},"schema":{"@context":"https:\/\/schema.org","@graph":[{"@type":"WebPage","@id":"https:\/\/compuviper.mx\/tienda\/producto\/xfx-rx-96tsw16bq-tarjeta-de-video-swift-rx-9060-xt-dual-fan-16gb-gddr6-pcie-5-0-128-bit-gama-alta\/","url":"https:\/\/compuviper.mx\/tienda\/producto\/xfx-rx-96tsw16bq-tarjeta-de-video-swift-rx-9060-xt-dual-fan-16gb-gddr6-pcie-5-0-128-bit-gama-alta\/","name":"[ Xfx ] &#129351; Rx-96tsw16bq Tarjeta De Video Swift Rx 9060 Xt Dual Fan \/ 16gb\/ Gddr6\/ Pcie 5.0\/128 Bit\/gama Alta","isPartOf":{"@id":"https:\/\/compuviper.mx\/tienda\/#website"},"datePublished":"2026-04-25T08:16:08+00:00","dateModified":"2026-04-25T08:16:08+00:00","description":"Compra Rx-96tsw16bq Tarjeta De Video Swift Rx 9060 Xt Dual Fan \/ 16gb\/ Gddr6\/ Pcie 5.0\/128 Bit\/gama Alta + Env\u00edo a domicilio + Pago seguro + Garant\u00eda","breadcrumb":{"@id":"https:\/\/compuviper.mx\/tienda\/producto\/xfx-rx-96tsw16bq-tarjeta-de-video-swift-rx-9060-xt-dual-fan-16gb-gddr6-pcie-5-0-128-bit-gama-alta\/#breadcrumb"},"inLanguage":"es-MX","potentialAction":[{"@type":"ReadAction","target":["https:\/\/compuviper.mx\/tienda\/producto\/xfx-rx-96tsw16bq-tarjeta-de-video-swift-rx-9060-xt-dual-fan-16gb-gddr6-pcie-5-0-128-bit-gama-alta\/"]}]},{"@type":"BreadcrumbList","@id":"https:\/\/compuviper.mx\/tienda\/producto\/xfx-rx-96tsw16bq-tarjeta-de-video-swift-rx-9060-xt-dual-fan-16gb-gddr6-pcie-5-0-128-bit-gama-alta\/#breadcrumb","itemListElement":[{"@type":"ListItem","position":1,"name":"Inicio","item":"https:\/\/compuviper.mx\/tienda\/"},{"@type":"ListItem","position":2,"name":"Productos","item":"https:\/\/compuviper.mx\/tienda\/productos\/"},{"@type":"ListItem","position":3,"name":"Video","item":"https:\/\/compuviper.mx\/tienda\/categoria-producto\/video\/"},{"@type":"ListItem","position":4,"name":"Video","item":"https:\/\/compuviper.mx\/tienda\/categoria-producto\/video\/video-video\/"},{"@type":"ListItem","position":5,"name":"Xfx Rx-96tsw16bq Tarjeta De Video Swift Rx 9060 Xt Dual Fan \/ 16gb\/ Gddr6\/ Pcie 5.0\/128 Bit\/gama Alta"}]},{"@type":"WebSite","@id":"https:\/\/compuviper.mx\/tienda\/#website","url":"https:\/\/compuviper.mx\/tienda\/","name":"Compuviper","description":"Proveedor de Computadoras, Laptops, Servidores, Monitores, Puntos de Venta, Teclados,   Impresoras, T\u00f3ner, C\u00e1maras de Seguridad y m\u00e1s en tu tienda en l\u00ednea","publisher":{"@id":"https:\/\/compuviper.mx\/tienda\/#organization"},"potentialAction":[{"@type":"SearchAction","target":{"@type":"EntryPoint","urlTemplate":"https:\/\/compuviper.mx\/tienda\/?s={search_term_string}"},"query-input":"required name=search_term_string"}],"inLanguage":"es-MX"},{"@type":"Organization","@id":"https:\/\/compuviper.mx\/tienda\/#organization","name":"Compuviper","url":"https:\/\/compuviper.mx\/tienda\/","logo":{"@type":"ImageObject","inLanguage":"es-MX","@id":"https:\/\/compuviper.mx\/tienda\/#\/schema\/logo\/image\/","url":"https:\/\/compuviper.mx\/tienda\/wp-content\/uploads\/2021\/08\/Logo-Compuviper-10.png","contentUrl":"https:\/\/compuviper.mx\/tienda\/wp-content\/uploads\/2021\/08\/Logo-Compuviper-10.png","width":1000,"height":500,"caption":"Compuviper"},"image":{"@id":"https:\/\/compuviper.mx\/tienda\/#\/schema\/logo\/image\/"},"sameAs":["https:\/\/www.facebook.com\/compuviper","https:\/\/www.youtube.com\/channel\/UCf73dERp9Y3cfOq7q8BhLjA?view_as=subscriber"]}]},"product_brand":"Xfx","product_price_amount":"7534","product_price_currency":"MXN","og_availability":"instock","product_availability":"instock","product_retailer_item_id":"RX-96TSW16BQ","product_condition":"new"},"_links":{"self":[{"href":"https:\/\/compuviper.mx\/tienda\/wp-json\/wp\/v2\/product\/267372"}],"collection":[{"href":"https:\/\/compuviper.mx\/tienda\/wp-json\/wp\/v2\/product"}],"about":[{"href":"https:\/\/compuviper.mx\/tienda\/wp-json\/wp\/v2\/types\/product"}],"replies":[{"embeddable":true,"href":"https:\/\/compuviper.mx\/tienda\/wp-json\/wp\/v2\/comments?post=267372"}],"wp:featuredmedia":[{"embeddable":true,"href":"https:\/\/compuviper.mx\/tienda\/wp-json\/wp\/v2\/media\/267373"}],"wp:attachment":[{"href":"https:\/\/compuviper.mx\/tienda\/wp-json\/wp\/v2\/media?parent=267372"}],"wp:term":[{"taxonomy":"product_cat","embeddable":true,"href":"https:\/\/compuviper.mx\/tienda\/wp-json\/wp\/v2\/product_cat?post=267372"},{"taxonomy":"product_tag","embeddable":true,"href":"https:\/\/compuviper.mx\/tienda\/wp-json\/wp\/v2\/product_tag?post=267372"}],"curies":[{"name":"wp","href":"https:\/\/api.w.org\/{rel}","templated":true}]}}