{"id":267368,"date":"2026-04-02T01:54:24","date_gmt":"2026-04-02T07:54:24","guid":{"rendered":"https:\/\/compuviper.mx\/tienda\/producto\/patriot-psd48g32002s-memoria-ram-signature-sodimm-ddr4-8gb-3200mts-cl22-pc4-25600-288pin-1-2v-laptop-aio-minipcs\/"},"modified":"2026-04-03T00:00:32","modified_gmt":"2026-04-03T06:00:32","slug":"patriot-psd48g32002s-memoria-ram-signature-sodimm-ddr4-8gb-3200mts-cl22-pc4-25600-288pin-1-2v-laptop-aio-minipcs","status":"publish","type":"product","link":"https:\/\/compuviper.mx\/tienda\/producto\/patriot-psd48g32002s-memoria-ram-signature-sodimm-ddr4-8gb-3200mts-cl22-pc4-25600-288pin-1-2v-laptop-aio-minipcs\/","title":{"rendered":"Patriot Psd48g32002s Memoria Ram  Signature Sodimm Ddr4 8gb 3200mts Cl22 Pc4-25600 288pin 1.2v Laptop Aio Minipcs"},"content":{"rendered":"<table class=\"descripcion\">\n<tr>\n<td>Serie: signature line<\/td>\n<\/tr>\n<tr>\n<td>Factor de forma: doble en l\u00ednea de contorno peque\u00f1o de 260 pines<\/td>\n<\/tr>\n<tr>\n<td>M\u00f3dulo de memoria (sodimm)<\/td>\n<\/tr>\n<tr>\n<td>Tecnolog\u00eda: ddr4 sin ecc sin b\u00fafer<\/td>\n<\/tr>\n<tr>\n<td>Capacidad: 8gb (1x8gb)<\/td>\n<\/tr>\n<tr>\n<td>Frecuencia: 3200 mhz (pc4-25600)<\/td>\n<\/tr>\n<tr>\n<td>Horarios: 22-22-22-52<\/td>\n<\/tr>\n<tr>\n<td>Voltaje: 1.2v<\/td>\n<\/tr>\n<tr>\n<td>(uno) m\u00f3dulo de un solo lado de 1 rango<\/td>\n<\/tr>\n<tr>\n<td>100 % probado<\/td>\n<\/tr>\n<tr>\n<td>Rohs<\/td>\n<\/tr>\n<tr>\n<td>Garantia limitada de por vida<\/td>\n<\/tr>\n<\/table>\n","protected":false},"excerpt":{"rendered":"<p>La memoria signature line de patriot ofrece la calidad, confiabilidad y rendimiento esperados para las necesidades inform\u00e1ticas convencionales de hoy en d\u00eda. Esta dram est\u00e1 dise\u00f1ada para una mejor capacidad de respuesta general del sistema cuando se utilizan aplicaciones exigentes. Construido con componentes de la m\u00e1s alta calidad y probado a mano, patriot garantiza que cada m\u00f3dulo cumpla y supere los est\u00e1ndares de la industria para ofrecerle una actualizaci\u00f3n de memoria plug-and-play sin problemas.<\/p>\n","protected":false},"featured_media":0,"comment_status":"open","ping_status":"open","template":"","meta":[],"product_cat":[1797,1793],"product_tag":[2121],"acf":[],"yoast_head":"<!-- This site is optimized with the Yoast SEO plugin v21.7 - https:\/\/yoast.com\/wordpress\/plugins\/seo\/ -->\n<title>[ Patriot ] &#129351; Psd48g32002s Memoria Ram Signature Sodimm Ddr4 8gb 3200mts Cl22 Pc4-25600 288pin 1.2v Laptop Aio Minipcs<\/title>\n<meta name=\"description\" content=\"Compra Psd48g32002s Memoria Ram Signature Sodimm Ddr4 8gb 3200mts Cl22 Pc4-25600 288pin 1.2v Laptop Aio Minipcs + Env\u00edo a domicilio + Pago seguro + Garant\u00eda\" \/>\n<meta name=\"robots\" content=\"index, follow, max-snippet:-1, max-image-preview:large, max-video-preview:-1\" \/>\n<link rel=\"canonical\" href=\"https:\/\/compuviper.mx\/tienda\/producto\/patriot-psd48g32002s-memoria-ram-signature-sodimm-ddr4-8gb-3200mts-cl22-pc4-25600-288pin-1-2v-laptop-aio-minipcs\/\" \/>\n<meta property=\"og:locale\" content=\"es_MX\" \/>\n<meta property=\"og:type\" content=\"article\" \/>\n<meta property=\"og:title\" content=\"[ Patriot ] &#129351; Psd48g32002s Memoria Ram Signature Sodimm Ddr4 8gb 3200mts Cl22 Pc4-25600 288pin 1.2v Laptop Aio Minipcs\" \/>\n<meta property=\"og:description\" content=\"Compra Psd48g32002s Memoria Ram Signature Sodimm Ddr4 8gb 3200mts Cl22 Pc4-25600 288pin 1.2v Laptop Aio Minipcs + Env\u00edo a domicilio + Pago seguro + Garant\u00eda\" \/>\n<meta property=\"og:url\" content=\"https:\/\/compuviper.mx\/tienda\/producto\/patriot-psd48g32002s-memoria-ram-signature-sodimm-ddr4-8gb-3200mts-cl22-pc4-25600-288pin-1-2v-laptop-aio-minipcs\/\" \/>\n<meta property=\"og:site_name\" content=\"Compuviper\" \/>\n<meta property=\"article:publisher\" content=\"https:\/\/www.facebook.com\/compuviper\" \/>\n<meta property=\"article:modified_time\" content=\"2026-04-03T06:00:32+00:00\" \/>\n<meta name=\"twitter:card\" content=\"summary_large_image\" \/>\n<meta name=\"twitter:label1\" content=\"Precio\" \/>\n\t<meta name=\"twitter:data1\" content=\"&#36;1,103 con IVA\" \/>\n\t<meta name=\"twitter:label2\" content=\"Availability\" \/>\n\t<meta name=\"twitter:data2\" content=\"In stock\" \/>\n<script type=\"application\/ld+json\" class=\"yoast-schema-graph\">{\"@context\":\"https:\/\/schema.org\",\"@graph\":[{\"@type\":\"WebPage\",\"@id\":\"https:\/\/compuviper.mx\/tienda\/producto\/patriot-psd48g32002s-memoria-ram-signature-sodimm-ddr4-8gb-3200mts-cl22-pc4-25600-288pin-1-2v-laptop-aio-minipcs\/\",\"url\":\"https:\/\/compuviper.mx\/tienda\/producto\/patriot-psd48g32002s-memoria-ram-signature-sodimm-ddr4-8gb-3200mts-cl22-pc4-25600-288pin-1-2v-laptop-aio-minipcs\/\",\"name\":\"[ Patriot ] &#129351; Psd48g32002s Memoria Ram Signature Sodimm Ddr4 8gb 3200mts Cl22 Pc4-25600 288pin 1.2v Laptop Aio Minipcs\",\"isPartOf\":{\"@id\":\"https:\/\/compuviper.mx\/tienda\/#website\"},\"datePublished\":\"2026-04-02T07:54:24+00:00\",\"dateModified\":\"2026-04-03T06:00:32+00:00\",\"description\":\"Compra Psd48g32002s Memoria Ram Signature Sodimm Ddr4 8gb 3200mts Cl22 Pc4-25600 288pin 1.2v Laptop Aio Minipcs + Env\u00edo a domicilio + Pago seguro + Garant\u00eda\",\"breadcrumb\":{\"@id\":\"https:\/\/compuviper.mx\/tienda\/producto\/patriot-psd48g32002s-memoria-ram-signature-sodimm-ddr4-8gb-3200mts-cl22-pc4-25600-288pin-1-2v-laptop-aio-minipcs\/#breadcrumb\"},\"inLanguage\":\"es-MX\",\"potentialAction\":[{\"@type\":\"ReadAction\",\"target\":[\"https:\/\/compuviper.mx\/tienda\/producto\/patriot-psd48g32002s-memoria-ram-signature-sodimm-ddr4-8gb-3200mts-cl22-pc4-25600-288pin-1-2v-laptop-aio-minipcs\/\"]}]},{\"@type\":\"BreadcrumbList\",\"@id\":\"https:\/\/compuviper.mx\/tienda\/producto\/patriot-psd48g32002s-memoria-ram-signature-sodimm-ddr4-8gb-3200mts-cl22-pc4-25600-288pin-1-2v-laptop-aio-minipcs\/#breadcrumb\",\"itemListElement\":[{\"@type\":\"ListItem\",\"position\":1,\"name\":\"Inicio\",\"item\":\"https:\/\/compuviper.mx\/tienda\/\"},{\"@type\":\"ListItem\",\"position\":2,\"name\":\"Productos\",\"item\":\"https:\/\/compuviper.mx\/tienda\/productos\/\"},{\"@type\":\"ListItem\",\"position\":3,\"name\":\"Memorias\",\"item\":\"https:\/\/compuviper.mx\/tienda\/categoria-producto\/memorias\/\"},{\"@type\":\"ListItem\",\"position\":4,\"name\":\"Memoria Ram\",\"item\":\"https:\/\/compuviper.mx\/tienda\/categoria-producto\/memorias\/memoria-ram\/\"},{\"@type\":\"ListItem\",\"position\":5,\"name\":\"Patriot Psd48g32002s Memoria Ram Signature Sodimm Ddr4 8gb 3200mts Cl22 Pc4-25600 288pin 1.2v Laptop Aio Minipcs\"}]},{\"@type\":\"WebSite\",\"@id\":\"https:\/\/compuviper.mx\/tienda\/#website\",\"url\":\"https:\/\/compuviper.mx\/tienda\/\",\"name\":\"Compuviper\",\"description\":\"Proveedor de Computadoras, Laptops, Servidores, Monitores, Puntos de Venta, Teclados,   Impresoras, T\u00f3ner, C\u00e1maras de Seguridad y m\u00e1s en tu tienda en l\u00ednea\",\"publisher\":{\"@id\":\"https:\/\/compuviper.mx\/tienda\/#organization\"},\"potentialAction\":[{\"@type\":\"SearchAction\",\"target\":{\"@type\":\"EntryPoint\",\"urlTemplate\":\"https:\/\/compuviper.mx\/tienda\/?s={search_term_string}\"},\"query-input\":\"required name=search_term_string\"}],\"inLanguage\":\"es-MX\"},{\"@type\":\"Organization\",\"@id\":\"https:\/\/compuviper.mx\/tienda\/#organization\",\"name\":\"Compuviper\",\"url\":\"https:\/\/compuviper.mx\/tienda\/\",\"logo\":{\"@type\":\"ImageObject\",\"inLanguage\":\"es-MX\",\"@id\":\"https:\/\/compuviper.mx\/tienda\/#\/schema\/logo\/image\/\",\"url\":\"https:\/\/compuviper.mx\/tienda\/wp-content\/uploads\/2021\/08\/Logo-Compuviper-10.png\",\"contentUrl\":\"https:\/\/compuviper.mx\/tienda\/wp-content\/uploads\/2021\/08\/Logo-Compuviper-10.png\",\"width\":1000,\"height\":500,\"caption\":\"Compuviper\"},\"image\":{\"@id\":\"https:\/\/compuviper.mx\/tienda\/#\/schema\/logo\/image\/\"},\"sameAs\":[\"https:\/\/www.facebook.com\/compuviper\",\"https:\/\/www.youtube.com\/channel\/UCf73dERp9Y3cfOq7q8BhLjA?view_as=subscriber\"]}]}<\/script>\n<meta property=\"product:brand\" content=\"Patriot\" \/>\n<meta property=\"product:price:amount\" content=\"1103\" \/>\n<meta property=\"product:price:currency\" content=\"MXN\" \/>\n<meta property=\"og:availability\" content=\"instock\" \/>\n<meta property=\"product:availability\" content=\"instock\" \/>\n<meta property=\"product:retailer_item_id\" content=\"PSD48G32002S\" \/>\n<meta property=\"product:condition\" content=\"new\" \/>\n<!-- \/ Yoast SEO plugin. -->","yoast_head_json":{"title":"[ Patriot ] &#129351; Psd48g32002s Memoria Ram Signature Sodimm Ddr4 8gb 3200mts Cl22 Pc4-25600 288pin 1.2v Laptop Aio Minipcs","description":"Compra Psd48g32002s Memoria Ram Signature Sodimm Ddr4 8gb 3200mts Cl22 Pc4-25600 288pin 1.2v Laptop Aio Minipcs + Env\u00edo a domicilio + Pago seguro + Garant\u00eda","robots":{"index":"index","follow":"follow","max-snippet":"max-snippet:-1","max-image-preview":"max-image-preview:large","max-video-preview":"max-video-preview:-1"},"canonical":"https:\/\/compuviper.mx\/tienda\/producto\/patriot-psd48g32002s-memoria-ram-signature-sodimm-ddr4-8gb-3200mts-cl22-pc4-25600-288pin-1-2v-laptop-aio-minipcs\/","og_locale":"es_MX","og_type":"article","og_title":"[ Patriot ] &#129351; Psd48g32002s Memoria Ram Signature Sodimm Ddr4 8gb 3200mts Cl22 Pc4-25600 288pin 1.2v Laptop Aio Minipcs","og_description":"Compra Psd48g32002s Memoria Ram Signature Sodimm Ddr4 8gb 3200mts Cl22 Pc4-25600 288pin 1.2v Laptop Aio Minipcs + Env\u00edo a domicilio + Pago seguro + Garant\u00eda","og_url":"https:\/\/compuviper.mx\/tienda\/producto\/patriot-psd48g32002s-memoria-ram-signature-sodimm-ddr4-8gb-3200mts-cl22-pc4-25600-288pin-1-2v-laptop-aio-minipcs\/","og_site_name":"Compuviper","article_publisher":"https:\/\/www.facebook.com\/compuviper","article_modified_time":"2026-04-03T06:00:32+00:00","twitter_card":"summary_large_image","twitter_misc":{"Precio":"&#36;1,103 con IVA","Availability":"In stock"},"schema":{"@context":"https:\/\/schema.org","@graph":[{"@type":"WebPage","@id":"https:\/\/compuviper.mx\/tienda\/producto\/patriot-psd48g32002s-memoria-ram-signature-sodimm-ddr4-8gb-3200mts-cl22-pc4-25600-288pin-1-2v-laptop-aio-minipcs\/","url":"https:\/\/compuviper.mx\/tienda\/producto\/patriot-psd48g32002s-memoria-ram-signature-sodimm-ddr4-8gb-3200mts-cl22-pc4-25600-288pin-1-2v-laptop-aio-minipcs\/","name":"[ Patriot ] &#129351; Psd48g32002s Memoria Ram Signature Sodimm Ddr4 8gb 3200mts Cl22 Pc4-25600 288pin 1.2v Laptop Aio Minipcs","isPartOf":{"@id":"https:\/\/compuviper.mx\/tienda\/#website"},"datePublished":"2026-04-02T07:54:24+00:00","dateModified":"2026-04-03T06:00:32+00:00","description":"Compra Psd48g32002s Memoria Ram Signature Sodimm Ddr4 8gb 3200mts Cl22 Pc4-25600 288pin 1.2v Laptop Aio Minipcs + Env\u00edo a domicilio + Pago seguro + Garant\u00eda","breadcrumb":{"@id":"https:\/\/compuviper.mx\/tienda\/producto\/patriot-psd48g32002s-memoria-ram-signature-sodimm-ddr4-8gb-3200mts-cl22-pc4-25600-288pin-1-2v-laptop-aio-minipcs\/#breadcrumb"},"inLanguage":"es-MX","potentialAction":[{"@type":"ReadAction","target":["https:\/\/compuviper.mx\/tienda\/producto\/patriot-psd48g32002s-memoria-ram-signature-sodimm-ddr4-8gb-3200mts-cl22-pc4-25600-288pin-1-2v-laptop-aio-minipcs\/"]}]},{"@type":"BreadcrumbList","@id":"https:\/\/compuviper.mx\/tienda\/producto\/patriot-psd48g32002s-memoria-ram-signature-sodimm-ddr4-8gb-3200mts-cl22-pc4-25600-288pin-1-2v-laptop-aio-minipcs\/#breadcrumb","itemListElement":[{"@type":"ListItem","position":1,"name":"Inicio","item":"https:\/\/compuviper.mx\/tienda\/"},{"@type":"ListItem","position":2,"name":"Productos","item":"https:\/\/compuviper.mx\/tienda\/productos\/"},{"@type":"ListItem","position":3,"name":"Memorias","item":"https:\/\/compuviper.mx\/tienda\/categoria-producto\/memorias\/"},{"@type":"ListItem","position":4,"name":"Memoria Ram","item":"https:\/\/compuviper.mx\/tienda\/categoria-producto\/memorias\/memoria-ram\/"},{"@type":"ListItem","position":5,"name":"Patriot Psd48g32002s Memoria Ram Signature Sodimm Ddr4 8gb 3200mts Cl22 Pc4-25600 288pin 1.2v Laptop Aio Minipcs"}]},{"@type":"WebSite","@id":"https:\/\/compuviper.mx\/tienda\/#website","url":"https:\/\/compuviper.mx\/tienda\/","name":"Compuviper","description":"Proveedor de Computadoras, Laptops, Servidores, Monitores, Puntos de Venta, Teclados,   Impresoras, T\u00f3ner, C\u00e1maras de Seguridad y m\u00e1s en tu tienda en l\u00ednea","publisher":{"@id":"https:\/\/compuviper.mx\/tienda\/#organization"},"potentialAction":[{"@type":"SearchAction","target":{"@type":"EntryPoint","urlTemplate":"https:\/\/compuviper.mx\/tienda\/?s={search_term_string}"},"query-input":"required name=search_term_string"}],"inLanguage":"es-MX"},{"@type":"Organization","@id":"https:\/\/compuviper.mx\/tienda\/#organization","name":"Compuviper","url":"https:\/\/compuviper.mx\/tienda\/","logo":{"@type":"ImageObject","inLanguage":"es-MX","@id":"https:\/\/compuviper.mx\/tienda\/#\/schema\/logo\/image\/","url":"https:\/\/compuviper.mx\/tienda\/wp-content\/uploads\/2021\/08\/Logo-Compuviper-10.png","contentUrl":"https:\/\/compuviper.mx\/tienda\/wp-content\/uploads\/2021\/08\/Logo-Compuviper-10.png","width":1000,"height":500,"caption":"Compuviper"},"image":{"@id":"https:\/\/compuviper.mx\/tienda\/#\/schema\/logo\/image\/"},"sameAs":["https:\/\/www.facebook.com\/compuviper","https:\/\/www.youtube.com\/channel\/UCf73dERp9Y3cfOq7q8BhLjA?view_as=subscriber"]}]},"product_brand":"Patriot","product_price_amount":"1103","product_price_currency":"MXN","og_availability":"instock","product_availability":"instock","product_retailer_item_id":"PSD48G32002S","product_condition":"new"},"_links":{"self":[{"href":"https:\/\/compuviper.mx\/tienda\/wp-json\/wp\/v2\/product\/267368"}],"collection":[{"href":"https:\/\/compuviper.mx\/tienda\/wp-json\/wp\/v2\/product"}],"about":[{"href":"https:\/\/compuviper.mx\/tienda\/wp-json\/wp\/v2\/types\/product"}],"replies":[{"embeddable":true,"href":"https:\/\/compuviper.mx\/tienda\/wp-json\/wp\/v2\/comments?post=267368"}],"wp:attachment":[{"href":"https:\/\/compuviper.mx\/tienda\/wp-json\/wp\/v2\/media?parent=267368"}],"wp:term":[{"taxonomy":"product_cat","embeddable":true,"href":"https:\/\/compuviper.mx\/tienda\/wp-json\/wp\/v2\/product_cat?post=267368"},{"taxonomy":"product_tag","embeddable":true,"href":"https:\/\/compuviper.mx\/tienda\/wp-json\/wp\/v2\/product_tag?post=267368"}],"curies":[{"name":"wp","href":"https:\/\/api.w.org\/{rel}","templated":true}]}}