{"id":267346,"date":"2026-04-12T23:23:15","date_gmt":"2026-04-13T05:23:15","guid":{"rendered":"https:\/\/compuviper.mx\/tienda\/producto\/patriot-psd48g32002-memoria-ram-signature-udimm-ddr4-8gb-3200mhz-cl22-pc4-25600-288pin-1-2v-pc\/"},"modified":"2026-04-13T00:00:03","modified_gmt":"2026-04-13T06:00:03","slug":"patriot-psd48g32002-memoria-ram-signature-udimm-ddr4-8gb-3200mhz-cl22-pc4-25600-288pin-1-2v-pc","status":"publish","type":"product","link":"https:\/\/compuviper.mx\/tienda\/producto\/patriot-psd48g32002-memoria-ram-signature-udimm-ddr4-8gb-3200mhz-cl22-pc4-25600-288pin-1-2v-pc\/","title":{"rendered":"Patriot Psd48g32002 Memoria Ram  Signature Udimm Ddr4 8gb 3200mhz Cl22 Pc4-25600 288pin 1.2v Pc ()"},"content":{"rendered":"<table class=\"descripcion\">\n<tr>\n<td>Caracter\u00edsticas:<\/td>\n<\/tr>\n<tr>\n<td>\u0095 serie: l\u00ednea signature<\/td>\n<\/tr>\n<tr>\n<td>\u0095 factor de forma: memoria dual en l\u00ednea sin b\u00fafer de 288 pines<\/td>\n<\/tr>\n<tr>\n<td>M\u00f3dulo (udimm)<\/td>\n<\/tr>\n<tr>\n<td>\u0095 tecnolog\u00eda: ddr4 sin ecc sin b\u00fafer<\/td>\n<\/tr>\n<tr>\n<td>\u0095 capacidad: 8 gb (1x 8 gb)<\/td>\n<\/tr>\n<tr>\n<td>\u0095 frecuencia: 3200mt\/s (pc4-25600)<\/td>\n<\/tr>\n<tr>\n<td>\u0095 voltaje vdd: 1,2v<\/td>\n<\/tr>\n<tr>\n<td>\u0095 m\u00f3dulo de doble cara<\/td>\n<\/tr>\n<tr>\n<td>\u0095 rohs<\/td>\n<\/tr>\n<tr>\n<td>\u0095 temperatura de funcionamiento: 0\u00b0c &#8211; 85\u00b0c<\/td>\n<\/tr>\n<tr>\n<td>\u0095 100% probado<\/td>\n<\/tr>\n<tr>\n<td>Serie patriot signature ddr4<\/td>\n<\/tr>\n<tr>\n<td>8 gb (1 x 8 gb) 3200 mt\/s udimm \u00fanico<\/td>\n<\/tr>\n<tr>\n<td>Serie patriot signature ddr4<\/td>\n<\/tr>\n<tr>\n<td>8 gb (1 x 8 gb) 3200 mt\/s udimm \u00fanico<\/td>\n<\/tr>\n<\/table>\n","protected":false},"excerpt":{"rendered":"<p>La memoria sodimm ddr4 signature line de patriot memory. Ofrece la calidad, confiabilidad y rendimiento esperados. Para las necesidades actuales de port\u00e1tiles. Este m\u00f3dulo de 8 gb est\u00e1 dise\u00f1ado. Para ejecutarse a 3200mt\/s (pc4-25600) en tiempos de latencia cas 22.<\/p>\n","protected":false},"featured_media":267347,"comment_status":"open","ping_status":"open","template":"","meta":[],"product_cat":[1793,1797],"product_tag":[2121],"acf":[],"yoast_head":"<!-- This site is optimized with the Yoast SEO plugin v21.7 - https:\/\/yoast.com\/wordpress\/plugins\/seo\/ -->\n<title>[ Patriot ] &#129351; Psd48g32002 Memoria Ram Signature Udimm Ddr4 8gb 3200mhz Cl22 Pc4-25600 288pin 1.2v Pc ()<\/title>\n<meta name=\"description\" content=\"Compra Psd48g32002 Memoria Ram Signature Udimm Ddr4 8gb 3200mhz Cl22 Pc4-25600 288pin 1.2v Pc () + Env\u00edo a domicilio + Pago seguro + Garant\u00eda\" \/>\n<meta name=\"robots\" content=\"index, follow, max-snippet:-1, max-image-preview:large, max-video-preview:-1\" \/>\n<link rel=\"canonical\" href=\"https:\/\/compuviper.mx\/tienda\/producto\/patriot-psd48g32002-memoria-ram-signature-udimm-ddr4-8gb-3200mhz-cl22-pc4-25600-288pin-1-2v-pc\/\" \/>\n<meta property=\"og:locale\" content=\"es_MX\" \/>\n<meta property=\"og:type\" content=\"article\" \/>\n<meta property=\"og:title\" content=\"[ Patriot ] &#129351; Psd48g32002 Memoria Ram Signature Udimm Ddr4 8gb 3200mhz Cl22 Pc4-25600 288pin 1.2v Pc ()\" \/>\n<meta property=\"og:description\" content=\"Compra Psd48g32002 Memoria Ram Signature Udimm Ddr4 8gb 3200mhz Cl22 Pc4-25600 288pin 1.2v Pc () + Env\u00edo a domicilio + Pago seguro + Garant\u00eda\" \/>\n<meta property=\"og:url\" content=\"https:\/\/compuviper.mx\/tienda\/producto\/patriot-psd48g32002-memoria-ram-signature-udimm-ddr4-8gb-3200mhz-cl22-pc4-25600-288pin-1-2v-pc\/\" \/>\n<meta property=\"og:site_name\" content=\"Compuviper\" \/>\n<meta property=\"article:publisher\" content=\"https:\/\/www.facebook.com\/compuviper\" \/>\n<meta property=\"article:modified_time\" content=\"2026-04-13T06:00:03+00:00\" \/>\n<meta property=\"og:image\" content=\"https:\/\/compuviper.mx\/tienda\/wp-content\/uploads\/2026\/02\/Memoria-ram-patriot-signature-udimm-ddr4-8gb-3200mhz-cl22-pc4-25600-288pin-1.2v-pc-psd48g32002.jpg\" \/>\n\t<meta property=\"og:image:width\" content=\"200\" \/>\n\t<meta property=\"og:image:height\" content=\"200\" \/>\n\t<meta property=\"og:image:type\" content=\"image\/jpeg\" \/>\n<meta name=\"twitter:card\" content=\"summary_large_image\" \/>\n<meta name=\"twitter:label1\" content=\"Precio\" \/>\n\t<meta name=\"twitter:data1\" content=\"&#36;1,062 con IVA\" \/>\n\t<meta name=\"twitter:label2\" content=\"Availability\" \/>\n\t<meta name=\"twitter:data2\" content=\"In stock\" \/>\n<script type=\"application\/ld+json\" class=\"yoast-schema-graph\">{\"@context\":\"https:\/\/schema.org\",\"@graph\":[{\"@type\":\"WebPage\",\"@id\":\"https:\/\/compuviper.mx\/tienda\/producto\/patriot-psd48g32002-memoria-ram-signature-udimm-ddr4-8gb-3200mhz-cl22-pc4-25600-288pin-1-2v-pc\/\",\"url\":\"https:\/\/compuviper.mx\/tienda\/producto\/patriot-psd48g32002-memoria-ram-signature-udimm-ddr4-8gb-3200mhz-cl22-pc4-25600-288pin-1-2v-pc\/\",\"name\":\"[ Patriot ] &#129351; Psd48g32002 Memoria Ram Signature Udimm Ddr4 8gb 3200mhz Cl22 Pc4-25600 288pin 1.2v Pc ()\",\"isPartOf\":{\"@id\":\"https:\/\/compuviper.mx\/tienda\/#website\"},\"datePublished\":\"2026-04-13T05:23:15+00:00\",\"dateModified\":\"2026-04-13T06:00:03+00:00\",\"description\":\"Compra Psd48g32002 Memoria Ram Signature Udimm Ddr4 8gb 3200mhz Cl22 Pc4-25600 288pin 1.2v Pc () + Env\u00edo a domicilio + Pago seguro + Garant\u00eda\",\"breadcrumb\":{\"@id\":\"https:\/\/compuviper.mx\/tienda\/producto\/patriot-psd48g32002-memoria-ram-signature-udimm-ddr4-8gb-3200mhz-cl22-pc4-25600-288pin-1-2v-pc\/#breadcrumb\"},\"inLanguage\":\"es-MX\",\"potentialAction\":[{\"@type\":\"ReadAction\",\"target\":[\"https:\/\/compuviper.mx\/tienda\/producto\/patriot-psd48g32002-memoria-ram-signature-udimm-ddr4-8gb-3200mhz-cl22-pc4-25600-288pin-1-2v-pc\/\"]}]},{\"@type\":\"BreadcrumbList\",\"@id\":\"https:\/\/compuviper.mx\/tienda\/producto\/patriot-psd48g32002-memoria-ram-signature-udimm-ddr4-8gb-3200mhz-cl22-pc4-25600-288pin-1-2v-pc\/#breadcrumb\",\"itemListElement\":[{\"@type\":\"ListItem\",\"position\":1,\"name\":\"Inicio\",\"item\":\"https:\/\/compuviper.mx\/tienda\/\"},{\"@type\":\"ListItem\",\"position\":2,\"name\":\"Productos\",\"item\":\"https:\/\/compuviper.mx\/tienda\/productos\/\"},{\"@type\":\"ListItem\",\"position\":3,\"name\":\"Memorias\",\"item\":\"https:\/\/compuviper.mx\/tienda\/categoria-producto\/memorias\/\"},{\"@type\":\"ListItem\",\"position\":4,\"name\":\"Memoria Ram\",\"item\":\"https:\/\/compuviper.mx\/tienda\/categoria-producto\/memorias\/memoria-ram\/\"},{\"@type\":\"ListItem\",\"position\":5,\"name\":\"Patriot Psd48g32002 Memoria Ram Signature Udimm Ddr4 8gb 3200mhz Cl22 Pc4-25600 288pin 1.2v Pc ()\"}]},{\"@type\":\"WebSite\",\"@id\":\"https:\/\/compuviper.mx\/tienda\/#website\",\"url\":\"https:\/\/compuviper.mx\/tienda\/\",\"name\":\"Compuviper\",\"description\":\"Proveedor de Computadoras, Laptops, Servidores, Monitores, Puntos de Venta, Teclados,   Impresoras, T\u00f3ner, C\u00e1maras de Seguridad y m\u00e1s en tu tienda en l\u00ednea\",\"publisher\":{\"@id\":\"https:\/\/compuviper.mx\/tienda\/#organization\"},\"potentialAction\":[{\"@type\":\"SearchAction\",\"target\":{\"@type\":\"EntryPoint\",\"urlTemplate\":\"https:\/\/compuviper.mx\/tienda\/?s={search_term_string}\"},\"query-input\":\"required name=search_term_string\"}],\"inLanguage\":\"es-MX\"},{\"@type\":\"Organization\",\"@id\":\"https:\/\/compuviper.mx\/tienda\/#organization\",\"name\":\"Compuviper\",\"url\":\"https:\/\/compuviper.mx\/tienda\/\",\"logo\":{\"@type\":\"ImageObject\",\"inLanguage\":\"es-MX\",\"@id\":\"https:\/\/compuviper.mx\/tienda\/#\/schema\/logo\/image\/\",\"url\":\"https:\/\/compuviper.mx\/tienda\/wp-content\/uploads\/2021\/08\/Logo-Compuviper-10.png\",\"contentUrl\":\"https:\/\/compuviper.mx\/tienda\/wp-content\/uploads\/2021\/08\/Logo-Compuviper-10.png\",\"width\":1000,\"height\":500,\"caption\":\"Compuviper\"},\"image\":{\"@id\":\"https:\/\/compuviper.mx\/tienda\/#\/schema\/logo\/image\/\"},\"sameAs\":[\"https:\/\/www.facebook.com\/compuviper\",\"https:\/\/www.youtube.com\/channel\/UCf73dERp9Y3cfOq7q8BhLjA?view_as=subscriber\"]}]}<\/script>\n<meta property=\"product:brand\" content=\"Patriot\" \/>\n<meta property=\"product:price:amount\" content=\"1062\" \/>\n<meta property=\"product:price:currency\" content=\"MXN\" \/>\n<meta property=\"og:availability\" content=\"instock\" \/>\n<meta property=\"product:availability\" content=\"instock\" \/>\n<meta property=\"product:retailer_item_id\" content=\"PSD48G32002\" \/>\n<meta property=\"product:condition\" content=\"new\" \/>\n<!-- \/ Yoast SEO plugin. -->","yoast_head_json":{"title":"[ Patriot ] &#129351; Psd48g32002 Memoria Ram Signature Udimm Ddr4 8gb 3200mhz Cl22 Pc4-25600 288pin 1.2v Pc ()","description":"Compra Psd48g32002 Memoria Ram Signature Udimm Ddr4 8gb 3200mhz Cl22 Pc4-25600 288pin 1.2v Pc () + Env\u00edo a domicilio + Pago seguro + Garant\u00eda","robots":{"index":"index","follow":"follow","max-snippet":"max-snippet:-1","max-image-preview":"max-image-preview:large","max-video-preview":"max-video-preview:-1"},"canonical":"https:\/\/compuviper.mx\/tienda\/producto\/patriot-psd48g32002-memoria-ram-signature-udimm-ddr4-8gb-3200mhz-cl22-pc4-25600-288pin-1-2v-pc\/","og_locale":"es_MX","og_type":"article","og_title":"[ Patriot ] &#129351; Psd48g32002 Memoria Ram Signature Udimm Ddr4 8gb 3200mhz Cl22 Pc4-25600 288pin 1.2v Pc ()","og_description":"Compra Psd48g32002 Memoria Ram Signature Udimm Ddr4 8gb 3200mhz Cl22 Pc4-25600 288pin 1.2v Pc () + Env\u00edo a domicilio + Pago seguro + Garant\u00eda","og_url":"https:\/\/compuviper.mx\/tienda\/producto\/patriot-psd48g32002-memoria-ram-signature-udimm-ddr4-8gb-3200mhz-cl22-pc4-25600-288pin-1-2v-pc\/","og_site_name":"Compuviper","article_publisher":"https:\/\/www.facebook.com\/compuviper","article_modified_time":"2026-04-13T06:00:03+00:00","og_image":[{"width":200,"height":200,"url":"https:\/\/compuviper.mx\/tienda\/wp-content\/uploads\/2026\/02\/Memoria-ram-patriot-signature-udimm-ddr4-8gb-3200mhz-cl22-pc4-25600-288pin-1.2v-pc-psd48g32002.jpg","type":"image\/jpeg"}],"twitter_card":"summary_large_image","twitter_misc":{"Precio":"&#36;1,062 con IVA","Availability":"In stock"},"schema":{"@context":"https:\/\/schema.org","@graph":[{"@type":"WebPage","@id":"https:\/\/compuviper.mx\/tienda\/producto\/patriot-psd48g32002-memoria-ram-signature-udimm-ddr4-8gb-3200mhz-cl22-pc4-25600-288pin-1-2v-pc\/","url":"https:\/\/compuviper.mx\/tienda\/producto\/patriot-psd48g32002-memoria-ram-signature-udimm-ddr4-8gb-3200mhz-cl22-pc4-25600-288pin-1-2v-pc\/","name":"[ Patriot ] &#129351; Psd48g32002 Memoria Ram Signature Udimm Ddr4 8gb 3200mhz Cl22 Pc4-25600 288pin 1.2v Pc ()","isPartOf":{"@id":"https:\/\/compuviper.mx\/tienda\/#website"},"datePublished":"2026-04-13T05:23:15+00:00","dateModified":"2026-04-13T06:00:03+00:00","description":"Compra Psd48g32002 Memoria Ram Signature Udimm Ddr4 8gb 3200mhz Cl22 Pc4-25600 288pin 1.2v Pc () + Env\u00edo a domicilio + Pago seguro + Garant\u00eda","breadcrumb":{"@id":"https:\/\/compuviper.mx\/tienda\/producto\/patriot-psd48g32002-memoria-ram-signature-udimm-ddr4-8gb-3200mhz-cl22-pc4-25600-288pin-1-2v-pc\/#breadcrumb"},"inLanguage":"es-MX","potentialAction":[{"@type":"ReadAction","target":["https:\/\/compuviper.mx\/tienda\/producto\/patriot-psd48g32002-memoria-ram-signature-udimm-ddr4-8gb-3200mhz-cl22-pc4-25600-288pin-1-2v-pc\/"]}]},{"@type":"BreadcrumbList","@id":"https:\/\/compuviper.mx\/tienda\/producto\/patriot-psd48g32002-memoria-ram-signature-udimm-ddr4-8gb-3200mhz-cl22-pc4-25600-288pin-1-2v-pc\/#breadcrumb","itemListElement":[{"@type":"ListItem","position":1,"name":"Inicio","item":"https:\/\/compuviper.mx\/tienda\/"},{"@type":"ListItem","position":2,"name":"Productos","item":"https:\/\/compuviper.mx\/tienda\/productos\/"},{"@type":"ListItem","position":3,"name":"Memorias","item":"https:\/\/compuviper.mx\/tienda\/categoria-producto\/memorias\/"},{"@type":"ListItem","position":4,"name":"Memoria Ram","item":"https:\/\/compuviper.mx\/tienda\/categoria-producto\/memorias\/memoria-ram\/"},{"@type":"ListItem","position":5,"name":"Patriot Psd48g32002 Memoria Ram Signature Udimm Ddr4 8gb 3200mhz Cl22 Pc4-25600 288pin 1.2v Pc ()"}]},{"@type":"WebSite","@id":"https:\/\/compuviper.mx\/tienda\/#website","url":"https:\/\/compuviper.mx\/tienda\/","name":"Compuviper","description":"Proveedor de Computadoras, Laptops, Servidores, Monitores, Puntos de Venta, Teclados,   Impresoras, T\u00f3ner, C\u00e1maras de Seguridad y m\u00e1s en tu tienda en l\u00ednea","publisher":{"@id":"https:\/\/compuviper.mx\/tienda\/#organization"},"potentialAction":[{"@type":"SearchAction","target":{"@type":"EntryPoint","urlTemplate":"https:\/\/compuviper.mx\/tienda\/?s={search_term_string}"},"query-input":"required name=search_term_string"}],"inLanguage":"es-MX"},{"@type":"Organization","@id":"https:\/\/compuviper.mx\/tienda\/#organization","name":"Compuviper","url":"https:\/\/compuviper.mx\/tienda\/","logo":{"@type":"ImageObject","inLanguage":"es-MX","@id":"https:\/\/compuviper.mx\/tienda\/#\/schema\/logo\/image\/","url":"https:\/\/compuviper.mx\/tienda\/wp-content\/uploads\/2021\/08\/Logo-Compuviper-10.png","contentUrl":"https:\/\/compuviper.mx\/tienda\/wp-content\/uploads\/2021\/08\/Logo-Compuviper-10.png","width":1000,"height":500,"caption":"Compuviper"},"image":{"@id":"https:\/\/compuviper.mx\/tienda\/#\/schema\/logo\/image\/"},"sameAs":["https:\/\/www.facebook.com\/compuviper","https:\/\/www.youtube.com\/channel\/UCf73dERp9Y3cfOq7q8BhLjA?view_as=subscriber"]}]},"product_brand":"Patriot","product_price_amount":"1062","product_price_currency":"MXN","og_availability":"instock","product_availability":"instock","product_retailer_item_id":"PSD48G32002","product_condition":"new"},"_links":{"self":[{"href":"https:\/\/compuviper.mx\/tienda\/wp-json\/wp\/v2\/product\/267346"}],"collection":[{"href":"https:\/\/compuviper.mx\/tienda\/wp-json\/wp\/v2\/product"}],"about":[{"href":"https:\/\/compuviper.mx\/tienda\/wp-json\/wp\/v2\/types\/product"}],"replies":[{"embeddable":true,"href":"https:\/\/compuviper.mx\/tienda\/wp-json\/wp\/v2\/comments?post=267346"}],"wp:featuredmedia":[{"embeddable":true,"href":"https:\/\/compuviper.mx\/tienda\/wp-json\/wp\/v2\/media\/267347"}],"wp:attachment":[{"href":"https:\/\/compuviper.mx\/tienda\/wp-json\/wp\/v2\/media?parent=267346"}],"wp:term":[{"taxonomy":"product_cat","embeddable":true,"href":"https:\/\/compuviper.mx\/tienda\/wp-json\/wp\/v2\/product_cat?post=267346"},{"taxonomy":"product_tag","embeddable":true,"href":"https:\/\/compuviper.mx\/tienda\/wp-json\/wp\/v2\/product_tag?post=267346"}],"curies":[{"name":"wp","href":"https:\/\/api.w.org\/{rel}","templated":true}]}}