{"id":267340,"date":"2026-04-02T01:51:11","date_gmt":"2026-04-02T07:51:11","guid":{"rendered":"https:\/\/compuviper.mx\/tienda\/producto\/kingston-kcp432nd8-32-memoria-propietaria-dimm-ddr4-32gb-3200mt-s-cl22-288-pin-1-2v-p-pc\/"},"modified":"2026-04-03T00:00:28","modified_gmt":"2026-04-03T06:00:28","slug":"kingston-kcp432nd8-32-memoria-propietaria-dimm-ddr4-32gb-3200mt-s-cl22-288-pin-1-2v-p-pc","status":"publish","type":"product","link":"https:\/\/compuviper.mx\/tienda\/producto\/kingston-kcp432nd8-32-memoria-propietaria-dimm-ddr4-32gb-3200mt-s-cl22-288-pin-1-2v-p-pc\/","title":{"rendered":"Kingston Kcp432nd8\/32 Memoria Propietaria  Dimm Ddr4 32gb 3200mt\/s Cl22 288-pin 1.2v P\/pc"},"content":{"rendered":"<table class=\"descripcion\">\n<tr>\n<td>\u0095 tipo de memoria interna: ddr4<\/td>\n<\/tr>\n<tr>\n<td>\u0095 memoria interna: 32 gb<\/td>\n<\/tr>\n<tr>\n<td>\u0095 dise\u00f1o de memoria: 1 x 32 gb<\/td>\n<\/tr>\n<tr>\n<td>\u0095 velocidad de memoria del reloj: 3200 mhz<\/td>\n<\/tr>\n<tr>\n<td>\u0095 latencia cas: 22<\/td>\n<\/tr>\n<\/table>\n","protected":false},"excerpt":{"rendered":"<p>La memoria ram kingston ddr4, modelo kcp432nd8\/32, es un componente de alta velocidad dise\u00f1ado para su uso en pc y servidores. Con una velocidad de reloj de 3200 mhz, esta memoria ofrece un rendimiento r\u00e1pido y eficiente que permite la ejecuci\u00f3n fluida de m\u00faltiples aplicaciones simult\u00e1neamente. Este m\u00f3dulo cuenta con una clasificaci\u00f3n de memoria 2 y tiene un voltaje nominal bajo de 1.2 v lo cual ayuda a reducir el consumo energ\u00e9tico del sistema. El dise\u00f1o incluye un solo m\u00f3dulo con capacidad total interna de almacenamiento ram equivalente a los 32 gb. Adem\u00e1s, este producto no incorpora ecc (error correction code) pero s\u00ed utiliza tecnolog\u00eda unregistered (unbuffered), lo que significa que puede proporcionar acceso directo al controlador integrado sin necesidad adicional para bufferizaci\u00f3n o registro intermedio.<\/p>\n","protected":false},"featured_media":267341,"comment_status":"open","ping_status":"open","template":"","meta":[],"product_cat":[1798,1793],"product_tag":[1573],"acf":[],"yoast_head":"<!-- This site is optimized with the Yoast SEO plugin v21.7 - https:\/\/yoast.com\/wordpress\/plugins\/seo\/ -->\n<title>[ Kingston ] &#129351; Kcp432nd8\/32 Memoria Propietaria Dimm Ddr4 32gb 3200mt\/s Cl22 288-pin 1.2v P\/pc<\/title>\n<meta name=\"description\" content=\"Compra Kcp432nd8\/32 Memoria Propietaria Dimm Ddr4 32gb 3200mt\/s Cl22 288-pin 1.2v P\/pc + Env\u00edo a domicilio + Pago seguro + Garant\u00eda\" \/>\n<meta name=\"robots\" content=\"index, follow, max-snippet:-1, max-image-preview:large, max-video-preview:-1\" \/>\n<link rel=\"canonical\" href=\"https:\/\/compuviper.mx\/tienda\/producto\/kingston-kcp432nd8-32-memoria-propietaria-dimm-ddr4-32gb-3200mt-s-cl22-288-pin-1-2v-p-pc\/\" \/>\n<meta property=\"og:locale\" content=\"es_MX\" \/>\n<meta property=\"og:type\" content=\"article\" \/>\n<meta property=\"og:title\" content=\"[ Kingston ] &#129351; Kcp432nd8\/32 Memoria Propietaria Dimm Ddr4 32gb 3200mt\/s Cl22 288-pin 1.2v P\/pc\" \/>\n<meta property=\"og:description\" content=\"Compra Kcp432nd8\/32 Memoria Propietaria Dimm Ddr4 32gb 3200mt\/s Cl22 288-pin 1.2v P\/pc + Env\u00edo a domicilio + Pago seguro + Garant\u00eda\" \/>\n<meta property=\"og:url\" content=\"https:\/\/compuviper.mx\/tienda\/producto\/kingston-kcp432nd8-32-memoria-propietaria-dimm-ddr4-32gb-3200mt-s-cl22-288-pin-1-2v-p-pc\/\" \/>\n<meta property=\"og:site_name\" content=\"Compuviper\" \/>\n<meta property=\"article:publisher\" content=\"https:\/\/www.facebook.com\/compuviper\" \/>\n<meta property=\"article:modified_time\" content=\"2026-04-03T06:00:28+00:00\" \/>\n<meta property=\"og:image\" content=\"https:\/\/compuviper.mx\/tienda\/wp-content\/uploads\/2026\/02\/Memoria-propietaria-kingston-dimm-ddr4-32gb-3200mts-cl22-288-pin-1.2v-ppc-kcp432nd832.jpg\" \/>\n\t<meta property=\"og:image:width\" content=\"200\" \/>\n\t<meta property=\"og:image:height\" content=\"200\" \/>\n\t<meta property=\"og:image:type\" content=\"image\/jpeg\" \/>\n<meta name=\"twitter:card\" content=\"summary_large_image\" \/>\n<meta name=\"twitter:label1\" content=\"Precio\" \/>\n\t<meta name=\"twitter:data1\" content=\"&#36;5,662 con IVA\" \/>\n\t<meta name=\"twitter:label2\" content=\"Availability\" \/>\n\t<meta name=\"twitter:data2\" content=\"In stock\" \/>\n<script type=\"application\/ld+json\" class=\"yoast-schema-graph\">{\"@context\":\"https:\/\/schema.org\",\"@graph\":[{\"@type\":\"WebPage\",\"@id\":\"https:\/\/compuviper.mx\/tienda\/producto\/kingston-kcp432nd8-32-memoria-propietaria-dimm-ddr4-32gb-3200mt-s-cl22-288-pin-1-2v-p-pc\/\",\"url\":\"https:\/\/compuviper.mx\/tienda\/producto\/kingston-kcp432nd8-32-memoria-propietaria-dimm-ddr4-32gb-3200mt-s-cl22-288-pin-1-2v-p-pc\/\",\"name\":\"[ Kingston ] &#129351; Kcp432nd8\/32 Memoria Propietaria Dimm Ddr4 32gb 3200mt\/s Cl22 288-pin 1.2v P\/pc\",\"isPartOf\":{\"@id\":\"https:\/\/compuviper.mx\/tienda\/#website\"},\"datePublished\":\"2026-04-02T07:51:11+00:00\",\"dateModified\":\"2026-04-03T06:00:28+00:00\",\"description\":\"Compra Kcp432nd8\/32 Memoria Propietaria Dimm Ddr4 32gb 3200mt\/s Cl22 288-pin 1.2v P\/pc + Env\u00edo a domicilio + Pago seguro + Garant\u00eda\",\"breadcrumb\":{\"@id\":\"https:\/\/compuviper.mx\/tienda\/producto\/kingston-kcp432nd8-32-memoria-propietaria-dimm-ddr4-32gb-3200mt-s-cl22-288-pin-1-2v-p-pc\/#breadcrumb\"},\"inLanguage\":\"es-MX\",\"potentialAction\":[{\"@type\":\"ReadAction\",\"target\":[\"https:\/\/compuviper.mx\/tienda\/producto\/kingston-kcp432nd8-32-memoria-propietaria-dimm-ddr4-32gb-3200mt-s-cl22-288-pin-1-2v-p-pc\/\"]}]},{\"@type\":\"BreadcrumbList\",\"@id\":\"https:\/\/compuviper.mx\/tienda\/producto\/kingston-kcp432nd8-32-memoria-propietaria-dimm-ddr4-32gb-3200mt-s-cl22-288-pin-1-2v-p-pc\/#breadcrumb\",\"itemListElement\":[{\"@type\":\"ListItem\",\"position\":1,\"name\":\"Inicio\",\"item\":\"https:\/\/compuviper.mx\/tienda\/\"},{\"@type\":\"ListItem\",\"position\":2,\"name\":\"Productos\",\"item\":\"https:\/\/compuviper.mx\/tienda\/productos\/\"},{\"@type\":\"ListItem\",\"position\":3,\"name\":\"Memorias\",\"item\":\"https:\/\/compuviper.mx\/tienda\/categoria-producto\/memorias\/\"},{\"@type\":\"ListItem\",\"position\":4,\"name\":\"Memoria Propietaria\",\"item\":\"https:\/\/compuviper.mx\/tienda\/categoria-producto\/memorias\/memoria-propietaria\/\"},{\"@type\":\"ListItem\",\"position\":5,\"name\":\"Kingston Kcp432nd8\/32 Memoria Propietaria Dimm Ddr4 32gb 3200mt\/s Cl22 288-pin 1.2v P\/pc\"}]},{\"@type\":\"WebSite\",\"@id\":\"https:\/\/compuviper.mx\/tienda\/#website\",\"url\":\"https:\/\/compuviper.mx\/tienda\/\",\"name\":\"Compuviper\",\"description\":\"Proveedor de Computadoras, Laptops, Servidores, Monitores, Puntos de Venta, Teclados,   Impresoras, T\u00f3ner, C\u00e1maras de Seguridad y m\u00e1s en tu tienda en l\u00ednea\",\"publisher\":{\"@id\":\"https:\/\/compuviper.mx\/tienda\/#organization\"},\"potentialAction\":[{\"@type\":\"SearchAction\",\"target\":{\"@type\":\"EntryPoint\",\"urlTemplate\":\"https:\/\/compuviper.mx\/tienda\/?s={search_term_string}\"},\"query-input\":\"required name=search_term_string\"}],\"inLanguage\":\"es-MX\"},{\"@type\":\"Organization\",\"@id\":\"https:\/\/compuviper.mx\/tienda\/#organization\",\"name\":\"Compuviper\",\"url\":\"https:\/\/compuviper.mx\/tienda\/\",\"logo\":{\"@type\":\"ImageObject\",\"inLanguage\":\"es-MX\",\"@id\":\"https:\/\/compuviper.mx\/tienda\/#\/schema\/logo\/image\/\",\"url\":\"https:\/\/compuviper.mx\/tienda\/wp-content\/uploads\/2021\/08\/Logo-Compuviper-10.png\",\"contentUrl\":\"https:\/\/compuviper.mx\/tienda\/wp-content\/uploads\/2021\/08\/Logo-Compuviper-10.png\",\"width\":1000,\"height\":500,\"caption\":\"Compuviper\"},\"image\":{\"@id\":\"https:\/\/compuviper.mx\/tienda\/#\/schema\/logo\/image\/\"},\"sameAs\":[\"https:\/\/www.facebook.com\/compuviper\",\"https:\/\/www.youtube.com\/channel\/UCf73dERp9Y3cfOq7q8BhLjA?view_as=subscriber\"]}]}<\/script>\n<meta property=\"product:brand\" content=\"KINGSTON\" \/>\n<meta property=\"product:price:amount\" content=\"5662\" \/>\n<meta property=\"product:price:currency\" content=\"MXN\" \/>\n<meta property=\"og:availability\" content=\"instock\" \/>\n<meta property=\"product:availability\" content=\"instock\" \/>\n<meta property=\"product:retailer_item_id\" content=\"KCP432ND8\/32\" \/>\n<meta property=\"product:condition\" content=\"new\" \/>\n<!-- \/ Yoast SEO plugin. -->","yoast_head_json":{"title":"[ Kingston ] &#129351; Kcp432nd8\/32 Memoria Propietaria Dimm Ddr4 32gb 3200mt\/s Cl22 288-pin 1.2v P\/pc","description":"Compra Kcp432nd8\/32 Memoria Propietaria Dimm Ddr4 32gb 3200mt\/s Cl22 288-pin 1.2v P\/pc + Env\u00edo a domicilio + Pago seguro + Garant\u00eda","robots":{"index":"index","follow":"follow","max-snippet":"max-snippet:-1","max-image-preview":"max-image-preview:large","max-video-preview":"max-video-preview:-1"},"canonical":"https:\/\/compuviper.mx\/tienda\/producto\/kingston-kcp432nd8-32-memoria-propietaria-dimm-ddr4-32gb-3200mt-s-cl22-288-pin-1-2v-p-pc\/","og_locale":"es_MX","og_type":"article","og_title":"[ Kingston ] &#129351; Kcp432nd8\/32 Memoria Propietaria Dimm Ddr4 32gb 3200mt\/s Cl22 288-pin 1.2v P\/pc","og_description":"Compra Kcp432nd8\/32 Memoria Propietaria Dimm Ddr4 32gb 3200mt\/s Cl22 288-pin 1.2v P\/pc + Env\u00edo a domicilio + Pago seguro + Garant\u00eda","og_url":"https:\/\/compuviper.mx\/tienda\/producto\/kingston-kcp432nd8-32-memoria-propietaria-dimm-ddr4-32gb-3200mt-s-cl22-288-pin-1-2v-p-pc\/","og_site_name":"Compuviper","article_publisher":"https:\/\/www.facebook.com\/compuviper","article_modified_time":"2026-04-03T06:00:28+00:00","og_image":[{"width":200,"height":200,"url":"https:\/\/compuviper.mx\/tienda\/wp-content\/uploads\/2026\/02\/Memoria-propietaria-kingston-dimm-ddr4-32gb-3200mts-cl22-288-pin-1.2v-ppc-kcp432nd832.jpg","type":"image\/jpeg"}],"twitter_card":"summary_large_image","twitter_misc":{"Precio":"&#36;5,662 con IVA","Availability":"In stock"},"schema":{"@context":"https:\/\/schema.org","@graph":[{"@type":"WebPage","@id":"https:\/\/compuviper.mx\/tienda\/producto\/kingston-kcp432nd8-32-memoria-propietaria-dimm-ddr4-32gb-3200mt-s-cl22-288-pin-1-2v-p-pc\/","url":"https:\/\/compuviper.mx\/tienda\/producto\/kingston-kcp432nd8-32-memoria-propietaria-dimm-ddr4-32gb-3200mt-s-cl22-288-pin-1-2v-p-pc\/","name":"[ Kingston ] &#129351; Kcp432nd8\/32 Memoria Propietaria Dimm Ddr4 32gb 3200mt\/s Cl22 288-pin 1.2v P\/pc","isPartOf":{"@id":"https:\/\/compuviper.mx\/tienda\/#website"},"datePublished":"2026-04-02T07:51:11+00:00","dateModified":"2026-04-03T06:00:28+00:00","description":"Compra Kcp432nd8\/32 Memoria Propietaria Dimm Ddr4 32gb 3200mt\/s Cl22 288-pin 1.2v P\/pc + Env\u00edo a domicilio + Pago seguro + Garant\u00eda","breadcrumb":{"@id":"https:\/\/compuviper.mx\/tienda\/producto\/kingston-kcp432nd8-32-memoria-propietaria-dimm-ddr4-32gb-3200mt-s-cl22-288-pin-1-2v-p-pc\/#breadcrumb"},"inLanguage":"es-MX","potentialAction":[{"@type":"ReadAction","target":["https:\/\/compuviper.mx\/tienda\/producto\/kingston-kcp432nd8-32-memoria-propietaria-dimm-ddr4-32gb-3200mt-s-cl22-288-pin-1-2v-p-pc\/"]}]},{"@type":"BreadcrumbList","@id":"https:\/\/compuviper.mx\/tienda\/producto\/kingston-kcp432nd8-32-memoria-propietaria-dimm-ddr4-32gb-3200mt-s-cl22-288-pin-1-2v-p-pc\/#breadcrumb","itemListElement":[{"@type":"ListItem","position":1,"name":"Inicio","item":"https:\/\/compuviper.mx\/tienda\/"},{"@type":"ListItem","position":2,"name":"Productos","item":"https:\/\/compuviper.mx\/tienda\/productos\/"},{"@type":"ListItem","position":3,"name":"Memorias","item":"https:\/\/compuviper.mx\/tienda\/categoria-producto\/memorias\/"},{"@type":"ListItem","position":4,"name":"Memoria Propietaria","item":"https:\/\/compuviper.mx\/tienda\/categoria-producto\/memorias\/memoria-propietaria\/"},{"@type":"ListItem","position":5,"name":"Kingston Kcp432nd8\/32 Memoria Propietaria Dimm Ddr4 32gb 3200mt\/s Cl22 288-pin 1.2v P\/pc"}]},{"@type":"WebSite","@id":"https:\/\/compuviper.mx\/tienda\/#website","url":"https:\/\/compuviper.mx\/tienda\/","name":"Compuviper","description":"Proveedor de Computadoras, Laptops, Servidores, Monitores, Puntos de Venta, Teclados,   Impresoras, T\u00f3ner, C\u00e1maras de Seguridad y m\u00e1s en tu tienda en l\u00ednea","publisher":{"@id":"https:\/\/compuviper.mx\/tienda\/#organization"},"potentialAction":[{"@type":"SearchAction","target":{"@type":"EntryPoint","urlTemplate":"https:\/\/compuviper.mx\/tienda\/?s={search_term_string}"},"query-input":"required name=search_term_string"}],"inLanguage":"es-MX"},{"@type":"Organization","@id":"https:\/\/compuviper.mx\/tienda\/#organization","name":"Compuviper","url":"https:\/\/compuviper.mx\/tienda\/","logo":{"@type":"ImageObject","inLanguage":"es-MX","@id":"https:\/\/compuviper.mx\/tienda\/#\/schema\/logo\/image\/","url":"https:\/\/compuviper.mx\/tienda\/wp-content\/uploads\/2021\/08\/Logo-Compuviper-10.png","contentUrl":"https:\/\/compuviper.mx\/tienda\/wp-content\/uploads\/2021\/08\/Logo-Compuviper-10.png","width":1000,"height":500,"caption":"Compuviper"},"image":{"@id":"https:\/\/compuviper.mx\/tienda\/#\/schema\/logo\/image\/"},"sameAs":["https:\/\/www.facebook.com\/compuviper","https:\/\/www.youtube.com\/channel\/UCf73dERp9Y3cfOq7q8BhLjA?view_as=subscriber"]}]},"product_brand":"KINGSTON","product_price_amount":"5662","product_price_currency":"MXN","og_availability":"instock","product_availability":"instock","product_retailer_item_id":"KCP432ND8\/32","product_condition":"new"},"_links":{"self":[{"href":"https:\/\/compuviper.mx\/tienda\/wp-json\/wp\/v2\/product\/267340"}],"collection":[{"href":"https:\/\/compuviper.mx\/tienda\/wp-json\/wp\/v2\/product"}],"about":[{"href":"https:\/\/compuviper.mx\/tienda\/wp-json\/wp\/v2\/types\/product"}],"replies":[{"embeddable":true,"href":"https:\/\/compuviper.mx\/tienda\/wp-json\/wp\/v2\/comments?post=267340"}],"wp:featuredmedia":[{"embeddable":true,"href":"https:\/\/compuviper.mx\/tienda\/wp-json\/wp\/v2\/media\/267341"}],"wp:attachment":[{"href":"https:\/\/compuviper.mx\/tienda\/wp-json\/wp\/v2\/media?parent=267340"}],"wp:term":[{"taxonomy":"product_cat","embeddable":true,"href":"https:\/\/compuviper.mx\/tienda\/wp-json\/wp\/v2\/product_cat?post=267340"},{"taxonomy":"product_tag","embeddable":true,"href":"https:\/\/compuviper.mx\/tienda\/wp-json\/wp\/v2\/product_tag?post=267340"}],"curies":[{"name":"wp","href":"https:\/\/api.w.org\/{rel}","templated":true}]}}